{"id":1002,"date":"2024-01-12T11:54:12","date_gmt":"2024-01-12T10:54:12","guid":{"rendered":"https:\/\/adrianaarronte.com.es\/?page_id=1002"},"modified":"2025-07-14T16:42:48","modified_gmt":"2025-07-14T14:42:48","slug":"filtracion-2","status":"publish","type":"page","link":"https:\/\/adrianaarronte.com.es\/index.php\/obras\/instalaciones\/filtracion-2\/","title":{"rendered":"Filtraci\u00f3n"},"content":{"rendered":"\n<div class=\"wp-block-columns is-layout-flex wp-container-core-columns-is-layout-9d6595d7 wp-block-columns-is-layout-flex\">\n<div class=\"wp-block-column is-layout-flow wp-block-column-is-layout-flow\">\n<figure class=\"wp-block-gallery has-nested-images columns-default is-cropped wp-block-gallery-1 is-layout-flex wp-block-gallery-is-layout-flex\">\n<figure class=\"wp-block-image size-large\"><a href=\"https:\/\/adrianaarronte.com.es\/wp-content\/uploads\/2024\/01\/Filtracion.jpg\"><img loading=\"lazy\" decoding=\"async\" width=\"1024\" height=\"683\" data-id=\"1004\" src=\"https:\/\/adrianaarronte.com.es\/wp-content\/uploads\/2024\/01\/Filtracion-1024x683.jpg\" alt=\"\" class=\"wp-image-1004\" srcset=\"https:\/\/adrianaarronte.com.es\/wp-content\/uploads\/2024\/01\/Filtracion-1024x683.jpg 1024w, https:\/\/adrianaarronte.com.es\/wp-content\/uploads\/2024\/01\/Filtracion-300x200.jpg 300w, https:\/\/adrianaarronte.com.es\/wp-content\/uploads\/2024\/01\/Filtracion-768x512.jpg 768w, https:\/\/adrianaarronte.com.es\/wp-content\/uploads\/2024\/01\/Filtracion.jpg 1260w\" sizes=\"auto, (max-width: 1024px) 100vw, 1024px\" \/><\/a><\/figure>\n<\/figure>\n<\/div>\n\n\n\n<div class=\"wp-block-column is-layout-flow wp-block-column-is-layout-flow\">\n<p class=\"has-small-font-size\"><strong>FILTRACI\u00d3N \/ FILTRATION<\/strong><br>2016<br>Plexigl\u00e1s y resina \/ Plexiglass and resin<br><br>La referencia a procesos de filtraci\u00f3n, es frecuente en Cuba. Sea en construcci\u00f3n civil o en din\u00e1micas de la informaci\u00f3n, lo filtrado revela el deterioro de un sistema.<\/p>\n\n\n\n<p class=\"has-ast-global-color-8-color has-text-color has-link-color has-small-font-size wp-elements-22d5c51f4121c91d62e5bda4c9aa31a8\">La referencia a procesos de filtraci\u00f3n es frecuente en Cuba. Ya sea en la construcci\u00f3n civil o en la din\u00e1mica de la informaci\u00f3n, lo que se filtra revela el deterioro de un sistema.<\/p>\n<\/div>\n<\/div>\n","protected":false},"excerpt":{"rendered":"<p>FILTRACI\u00d3N \/ FILTRATION2016Plexigl\u00e1s y resina \/ Plexiglass and resin La referencia a procesos de filtraci\u00f3n, es frecuente en Cuba. Sea en construcci\u00f3n civil o en din\u00e1micas de la informaci\u00f3n, lo filtrado revela el deterioro de un sistema. La referencia a procesos de filtraci\u00f3n es frecuente en Cuba. Ya sea en la construcci\u00f3n civil o en&hellip;&nbsp;<a href=\"https:\/\/adrianaarronte.com.es\/index.php\/obras\/instalaciones\/filtracion-2\/\" rel=\"bookmark\"><span class=\"screen-reader-text\">Filtraci\u00f3n<\/span><\/a><\/p>\n","protected":false},"author":1,"featured_media":0,"parent":248,"menu_order":8,"comment_status":"closed","ping_status":"closed","template":"","meta":{"neve_meta_sidebar":"","neve_meta_container":"","neve_meta_enable_content_width":"","neve_meta_content_width":0,"neve_meta_title_alignment":"","neve_meta_author_avatar":"","neve_post_elements_order":"","neve_meta_disable_header":"","neve_meta_disable_footer":"","neve_meta_disable_title":"on","footnotes":""},"class_list":["post-1002","page","type-page","status-publish","hentry"],"yoast_head":"<!-- This site is optimized with the Yoast SEO plugin v21.6 - https:\/\/yoast.com\/wordpress\/plugins\/seo\/ -->\n<title>Filtraci\u00f3n - ADRIANA ARRONTE<\/title>\n<meta name=\"description\" content=\"La referencia a procesos de filtraci\u00f3n, es frecuente en Cuba. Sea en construcci\u00f3n civil o en din\u00e1micas de la informaci\u00f3n, lo filtrado revela el deterioro de un sistema.\" \/>\n<meta name=\"robots\" content=\"index, follow, max-snippet:-1, max-image-preview:large, max-video-preview:-1\" \/>\n<link rel=\"canonical\" href=\"https:\/\/adrianaarronte.com.es\/index.php\/obras\/instalaciones\/filtracion-2\/\" \/>\n<meta property=\"og:locale\" content=\"es_ES\" \/>\n<meta property=\"og:type\" content=\"article\" \/>\n<meta property=\"og:title\" content=\"Filtraci\u00f3n - ADRIANA ARRONTE\" \/>\n<meta property=\"og:description\" content=\"La referencia a procesos de filtraci\u00f3n, es frecuente en Cuba. Sea en construcci\u00f3n civil o en din\u00e1micas de la informaci\u00f3n, lo filtrado revela el deterioro de un sistema.\" \/>\n<meta property=\"og:url\" content=\"https:\/\/adrianaarronte.com.es\/index.php\/obras\/instalaciones\/filtracion-2\/\" \/>\n<meta property=\"og:site_name\" content=\"ADRIANA ARRONTE\" \/>\n<meta property=\"article:modified_time\" content=\"2025-07-14T14:42:48+00:00\" \/>\n<meta property=\"og:image\" content=\"https:\/\/adrianaarronte.com.es\/wp-content\/uploads\/2024\/01\/Filtracion-1024x683.jpg\" \/>\n<meta name=\"twitter:card\" content=\"summary_large_image\" \/>\n<meta name=\"twitter:label1\" content=\"Tiempo de lectura\" \/>\n\t<meta name=\"twitter:data1\" content=\"1 minuto\" \/>\n<script type=\"application\/ld+json\" class=\"yoast-schema-graph\">{\"@context\":\"https:\/\/schema.org\",\"@graph\":[{\"@type\":\"WebPage\",\"@id\":\"https:\/\/adrianaarronte.com.es\/index.php\/obras\/instalaciones\/filtracion-2\/\",\"url\":\"https:\/\/adrianaarronte.com.es\/index.php\/obras\/instalaciones\/filtracion-2\/\",\"name\":\"Filtraci\u00f3n - ADRIANA ARRONTE\",\"isPartOf\":{\"@id\":\"https:\/\/adrianaarronte.com.es\/#website\"},\"datePublished\":\"2024-01-12T10:54:12+00:00\",\"dateModified\":\"2025-07-14T14:42:48+00:00\",\"description\":\"La referencia a procesos de filtraci\u00f3n, es frecuente en Cuba. Sea en construcci\u00f3n civil o en din\u00e1micas de la informaci\u00f3n, lo filtrado revela el deterioro de un sistema.\",\"breadcrumb\":{\"@id\":\"https:\/\/adrianaarronte.com.es\/index.php\/obras\/instalaciones\/filtracion-2\/#breadcrumb\"},\"inLanguage\":\"es\",\"potentialAction\":[{\"@type\":\"ReadAction\",\"target\":[\"https:\/\/adrianaarronte.com.es\/index.php\/obras\/instalaciones\/filtracion-2\/\"]}]},{\"@type\":\"BreadcrumbList\",\"@id\":\"https:\/\/adrianaarronte.com.es\/index.php\/obras\/instalaciones\/filtracion-2\/#breadcrumb\",\"itemListElement\":[{\"@type\":\"ListItem\",\"position\":1,\"name\":\"Home\",\"item\":\"https:\/\/adrianaarronte.com.es\/\"},{\"@type\":\"ListItem\",\"position\":2,\"name\":\"OBRAS\",\"item\":\"https:\/\/adrianaarronte.com.es\/index.php\/obras\/\"},{\"@type\":\"ListItem\",\"position\":3,\"name\":\"Instalaciones\",\"item\":\"https:\/\/adrianaarronte.com.es\/index.php\/obras\/instalaciones\/\"},{\"@type\":\"ListItem\",\"position\":4,\"name\":\"Filtraci\u00f3n\"}]},{\"@type\":\"WebSite\",\"@id\":\"https:\/\/adrianaarronte.com.es\/#website\",\"url\":\"https:\/\/adrianaarronte.com.es\/\",\"name\":\"ADRIANA ARRONTE\",\"description\":\"\",\"potentialAction\":[{\"@type\":\"SearchAction\",\"target\":{\"@type\":\"EntryPoint\",\"urlTemplate\":\"https:\/\/adrianaarronte.com.es\/?s={search_term_string}\"},\"query-input\":\"required name=search_term_string\"}],\"inLanguage\":\"es\"}]}<\/script>\n<!-- \/ Yoast SEO plugin. -->","yoast_head_json":{"title":"Filtraci\u00f3n - ADRIANA ARRONTE","description":"La referencia a procesos de filtraci\u00f3n, es frecuente en Cuba. Sea en construcci\u00f3n civil o en din\u00e1micas de la informaci\u00f3n, lo filtrado revela el deterioro de un sistema.","robots":{"index":"index","follow":"follow","max-snippet":"max-snippet:-1","max-image-preview":"max-image-preview:large","max-video-preview":"max-video-preview:-1"},"canonical":"https:\/\/adrianaarronte.com.es\/index.php\/obras\/instalaciones\/filtracion-2\/","og_locale":"es_ES","og_type":"article","og_title":"Filtraci\u00f3n - ADRIANA ARRONTE","og_description":"La referencia a procesos de filtraci\u00f3n, es frecuente en Cuba. Sea en construcci\u00f3n civil o en din\u00e1micas de la informaci\u00f3n, lo filtrado revela el deterioro de un sistema.","og_url":"https:\/\/adrianaarronte.com.es\/index.php\/obras\/instalaciones\/filtracion-2\/","og_site_name":"ADRIANA ARRONTE","article_modified_time":"2025-07-14T14:42:48+00:00","og_image":[{"url":"https:\/\/adrianaarronte.com.es\/wp-content\/uploads\/2024\/01\/Filtracion-1024x683.jpg"}],"twitter_card":"summary_large_image","twitter_misc":{"Tiempo de lectura":"1 minuto"},"schema":{"@context":"https:\/\/schema.org","@graph":[{"@type":"WebPage","@id":"https:\/\/adrianaarronte.com.es\/index.php\/obras\/instalaciones\/filtracion-2\/","url":"https:\/\/adrianaarronte.com.es\/index.php\/obras\/instalaciones\/filtracion-2\/","name":"Filtraci\u00f3n - ADRIANA ARRONTE","isPartOf":{"@id":"https:\/\/adrianaarronte.com.es\/#website"},"datePublished":"2024-01-12T10:54:12+00:00","dateModified":"2025-07-14T14:42:48+00:00","description":"La referencia a procesos de filtraci\u00f3n, es frecuente en Cuba. Sea en construcci\u00f3n civil o en din\u00e1micas de la informaci\u00f3n, lo filtrado revela el deterioro de un sistema.","breadcrumb":{"@id":"https:\/\/adrianaarronte.com.es\/index.php\/obras\/instalaciones\/filtracion-2\/#breadcrumb"},"inLanguage":"es","potentialAction":[{"@type":"ReadAction","target":["https:\/\/adrianaarronte.com.es\/index.php\/obras\/instalaciones\/filtracion-2\/"]}]},{"@type":"BreadcrumbList","@id":"https:\/\/adrianaarronte.com.es\/index.php\/obras\/instalaciones\/filtracion-2\/#breadcrumb","itemListElement":[{"@type":"ListItem","position":1,"name":"Home","item":"https:\/\/adrianaarronte.com.es\/"},{"@type":"ListItem","position":2,"name":"OBRAS","item":"https:\/\/adrianaarronte.com.es\/index.php\/obras\/"},{"@type":"ListItem","position":3,"name":"Instalaciones","item":"https:\/\/adrianaarronte.com.es\/index.php\/obras\/instalaciones\/"},{"@type":"ListItem","position":4,"name":"Filtraci\u00f3n"}]},{"@type":"WebSite","@id":"https:\/\/adrianaarronte.com.es\/#website","url":"https:\/\/adrianaarronte.com.es\/","name":"ADRIANA ARRONTE","description":"","potentialAction":[{"@type":"SearchAction","target":{"@type":"EntryPoint","urlTemplate":"https:\/\/adrianaarronte.com.es\/?s={search_term_string}"},"query-input":"required name=search_term_string"}],"inLanguage":"es"}]}},"_links":{"self":[{"href":"https:\/\/adrianaarronte.com.es\/index.php\/wp-json\/wp\/v2\/pages\/1002","targetHints":{"allow":["GET"]}}],"collection":[{"href":"https:\/\/adrianaarronte.com.es\/index.php\/wp-json\/wp\/v2\/pages"}],"about":[{"href":"https:\/\/adrianaarronte.com.es\/index.php\/wp-json\/wp\/v2\/types\/page"}],"author":[{"embeddable":true,"href":"https:\/\/adrianaarronte.com.es\/index.php\/wp-json\/wp\/v2\/users\/1"}],"replies":[{"embeddable":true,"href":"https:\/\/adrianaarronte.com.es\/index.php\/wp-json\/wp\/v2\/comments?post=1002"}],"version-history":[{"count":1,"href":"https:\/\/adrianaarronte.com.es\/index.php\/wp-json\/wp\/v2\/pages\/1002\/revisions"}],"predecessor-version":[{"id":1005,"href":"https:\/\/adrianaarronte.com.es\/index.php\/wp-json\/wp\/v2\/pages\/1002\/revisions\/1005"}],"up":[{"embeddable":true,"href":"https:\/\/adrianaarronte.com.es\/index.php\/wp-json\/wp\/v2\/pages\/248"}],"wp:attachment":[{"href":"https:\/\/adrianaarronte.com.es\/index.php\/wp-json\/wp\/v2\/media?parent=1002"}],"curies":[{"name":"wp","href":"https:\/\/api.w.org\/{rel}","templated":true}]}}