{"id":1018,"date":"2024-01-15T22:05:32","date_gmt":"2024-01-15T21:05:32","guid":{"rendered":"https:\/\/adrianaarronte.com.es\/?page_id=1018"},"modified":"2025-07-14T19:17:05","modified_gmt":"2025-07-14T17:17:05","slug":"discurso","status":"publish","type":"page","link":"https:\/\/adrianaarronte.com.es\/index.php\/obras\/objetos-objects\/discurso\/","title":{"rendered":"Discurso"},"content":{"rendered":"\n<div class=\"wp-block-columns is-layout-flex wp-container-core-columns-is-layout-9d6595d7 wp-block-columns-is-layout-flex\">\n<div class=\"wp-block-column is-layout-flow wp-block-column-is-layout-flow\">\n<figure class=\"wp-block-gallery has-nested-images columns-default is-cropped wp-block-gallery-1 is-layout-flex wp-block-gallery-is-layout-flex\">\n<figure class=\"wp-block-image size-large\"><img loading=\"lazy\" decoding=\"async\" width=\"778\" height=\"622\" data-id=\"1634\" src=\"https:\/\/adrianaarronte.com.es\/wp-content\/uploads\/2024\/08\/discurso-promesa.jpg\" alt=\"\" class=\"wp-image-1634\" srcset=\"https:\/\/adrianaarronte.com.es\/wp-content\/uploads\/2024\/08\/discurso-promesa.jpg 778w, https:\/\/adrianaarronte.com.es\/wp-content\/uploads\/2024\/08\/discurso-promesa-300x240.jpg 300w, https:\/\/adrianaarronte.com.es\/wp-content\/uploads\/2024\/08\/discurso-promesa-768x614.jpg 768w\" sizes=\"auto, (max-width: 778px) 100vw, 778px\" \/><\/figure>\n<\/figure>\n<\/div>\n\n\n\n<div class=\"wp-block-column is-layout-flow wp-block-column-is-layout-flow\">\n<p class=\"has-small-font-size\"><strong>PROMESA, SERIE DISCURSO | PROMISE, FROM THE SERIE SPEECH<\/strong><br>2020<br>Yeso, metal y pvc | Plaster, metal and pvc<br>80 x 240 x 5 cm<\/p>\n\n\n\n<p class=\"has-small-font-size\">En Discurso me interes\u00f3 contraponer la intenci\u00f3n decorativa y lujosa del grillz (joyer\u00eda aplicada al diente) sobre modelos dentales recolectados en cl\u00ednicas.&nbsp; Son modelos de personas con problemas de ortodoncia y p\u00e9rdida de piezas. Esta imagen encuentra paralelo en la relaci\u00f3n entre apariencia y trasfondo patente en muchos discursos, en diferentes esferas de la comunicaci\u00f3n.<\/p>\n\n\n\n<p class=\"has-nv-c-1-color has-text-color has-link-color has-small-font-size wp-elements-c28e61be129688073c4319ca02bfd016\">Speech, is a work that brings together 1200 dental impressions of people with orthodontic problems. This image contrasts with the grotesque appearance of the dentures and grillz design of bling bling jewelry. It finds parallelism in the demagogic relationship between appearance and background, evident in many speeches, in different spheres of communication.<\/p>\n<\/div>\n<\/div>\n\n\n\n<figure class=\"wp-block-gallery has-nested-images columns-default is-cropped wp-block-gallery-2 is-layout-flex wp-block-gallery-is-layout-flex\">\n<figure class=\"wp-block-image size-large\"><a href=\"https:\/\/adrianaarronte.com.es\/wp-content\/uploads\/2024\/08\/Promesa-serie-Discurso-ArtMiami2017-1.jpg\"><img loading=\"lazy\" decoding=\"async\" width=\"1024\" height=\"768\" data-id=\"1636\" src=\"https:\/\/adrianaarronte.com.es\/wp-content\/uploads\/2024\/08\/Promesa-serie-Discurso-ArtMiami2017-1-1024x768.jpg\" alt=\"\" class=\"wp-image-1636\" srcset=\"https:\/\/adrianaarronte.com.es\/wp-content\/uploads\/2024\/08\/Promesa-serie-Discurso-ArtMiami2017-1-1024x768.jpg 1024w, https:\/\/adrianaarronte.com.es\/wp-content\/uploads\/2024\/08\/Promesa-serie-Discurso-ArtMiami2017-1-300x225.jpg 300w, https:\/\/adrianaarronte.com.es\/wp-content\/uploads\/2024\/08\/Promesa-serie-Discurso-ArtMiami2017-1-768x576.jpg 768w, https:\/\/adrianaarronte.com.es\/wp-content\/uploads\/2024\/08\/Promesa-serie-Discurso-ArtMiami2017-1-1536x1151.jpg 1536w, https:\/\/adrianaarronte.com.es\/wp-content\/uploads\/2024\/08\/Promesa-serie-Discurso-ArtMiami2017-1.jpg 1977w\" sizes=\"auto, (max-width: 1024px) 100vw, 1024px\" \/><\/a><figcaption class=\"wp-element-caption\">Solo Show en Art Miami 2017. Feria de Arte Contempor\u00e1neo de Miami, EU.<\/figcaption><\/figure>\n<\/figure>\n\n\n\n<p><\/p>\n\n\n\n<figure class=\"wp-block-gallery has-nested-images columns-default is-cropped wp-block-gallery-3 is-layout-flex wp-block-gallery-is-layout-flex\">\n<figure class=\"wp-block-image size-full\"><a href=\"https:\/\/adrianaarronte.com.es\/wp-content\/uploads\/2024\/08\/detalle-Promesa-Serie-Discurso.jpg\"><img loading=\"lazy\" decoding=\"async\" width=\"951\" height=\"723\" data-id=\"1644\" src=\"https:\/\/adrianaarronte.com.es\/wp-content\/uploads\/2024\/08\/detalle-Promesa-Serie-Discurso.jpg\" alt=\"\" class=\"wp-image-1644\" srcset=\"https:\/\/adrianaarronte.com.es\/wp-content\/uploads\/2024\/08\/detalle-Promesa-Serie-Discurso.jpg 951w, https:\/\/adrianaarronte.com.es\/wp-content\/uploads\/2024\/08\/detalle-Promesa-Serie-Discurso-300x228.jpg 300w, https:\/\/adrianaarronte.com.es\/wp-content\/uploads\/2024\/08\/detalle-Promesa-Serie-Discurso-768x584.jpg 768w\" sizes=\"auto, (max-width: 951px) 100vw, 951px\" \/><\/a><\/figure>\n<\/figure>\n","protected":false},"excerpt":{"rendered":"<p>PROMESA, SERIE DISCURSO | PROMISE, FROM THE SERIE SPEECH2020Yeso, metal y pvc | Plaster, metal and pvc80 x 240 x 5 cm En Discurso me interes\u00f3 contraponer la intenci\u00f3n decorativa y lujosa del grillz (joyer\u00eda aplicada al diente) sobre modelos dentales recolectados en cl\u00ednicas.&nbsp; Son modelos de personas con problemas de ortodoncia y p\u00e9rdida de&hellip;&nbsp;<a href=\"https:\/\/adrianaarronte.com.es\/index.php\/obras\/objetos-objects\/discurso\/\" rel=\"bookmark\"><span class=\"screen-reader-text\">Discurso<\/span><\/a><\/p>\n","protected":false},"author":1,"featured_media":0,"parent":125,"menu_order":12,"comment_status":"closed","ping_status":"closed","template":"","meta":{"neve_meta_sidebar":"","neve_meta_container":"","neve_meta_enable_content_width":"","neve_meta_content_width":0,"neve_meta_title_alignment":"","neve_meta_author_avatar":"","neve_post_elements_order":"","neve_meta_disable_header":"","neve_meta_disable_footer":"","neve_meta_disable_title":"on","footnotes":""},"class_list":["post-1018","page","type-page","status-publish","hentry"],"yoast_head":"<!-- This site is optimized with the Yoast SEO plugin v21.6 - https:\/\/yoast.com\/wordpress\/plugins\/seo\/ -->\n<title>Discurso - ADRIANA ARRONTE<\/title>\n<meta name=\"description\" content=\"En Discurso me interes\u00f3 contraponer la intenci\u00f3n decorativa y lujosa del grillz (joyer\u00eda aplicada al diente) sobre modelos dentales recolectados en cl\u00ednicas. Son modelos de personas con problemas de ortodoncia y p\u00e9rdida de piezas. Esta imagen encuentra paralelo en la relaci\u00f3n entre apariencia y trasfondo patente en muchos discursos, en diferentes esferas de la comunicaci\u00f3n.\" \/>\n<meta name=\"robots\" content=\"index, follow, max-snippet:-1, max-image-preview:large, max-video-preview:-1\" \/>\n<link rel=\"canonical\" href=\"https:\/\/adrianaarronte.com.es\/index.php\/obras\/objetos-objects\/discurso\/\" \/>\n<meta property=\"og:locale\" content=\"es_ES\" \/>\n<meta property=\"og:type\" content=\"article\" \/>\n<meta property=\"og:title\" content=\"Discurso - ADRIANA ARRONTE\" \/>\n<meta property=\"og:description\" content=\"En Discurso me interes\u00f3 contraponer la intenci\u00f3n decorativa y lujosa del grillz (joyer\u00eda aplicada al diente) sobre modelos dentales recolectados en cl\u00ednicas. Son modelos de personas con problemas de ortodoncia y p\u00e9rdida de piezas. Esta imagen encuentra paralelo en la relaci\u00f3n entre apariencia y trasfondo patente en muchos discursos, en diferentes esferas de la comunicaci\u00f3n.\" \/>\n<meta property=\"og:url\" content=\"https:\/\/adrianaarronte.com.es\/index.php\/obras\/objetos-objects\/discurso\/\" \/>\n<meta property=\"og:site_name\" content=\"ADRIANA ARRONTE\" \/>\n<meta property=\"article:modified_time\" content=\"2025-07-14T17:17:05+00:00\" \/>\n<meta property=\"og:image\" content=\"https:\/\/adrianaarronte.com.es\/wp-content\/uploads\/2024\/08\/discurso-promesa.jpg\" \/>\n<meta name=\"twitter:card\" content=\"summary_large_image\" \/>\n<meta name=\"twitter:label1\" content=\"Tiempo de lectura\" \/>\n\t<meta name=\"twitter:data1\" content=\"2 minutos\" \/>\n<script type=\"application\/ld+json\" class=\"yoast-schema-graph\">{\"@context\":\"https:\/\/schema.org\",\"@graph\":[{\"@type\":\"WebPage\",\"@id\":\"https:\/\/adrianaarronte.com.es\/index.php\/obras\/objetos-objects\/discurso\/\",\"url\":\"https:\/\/adrianaarronte.com.es\/index.php\/obras\/objetos-objects\/discurso\/\",\"name\":\"Discurso - ADRIANA ARRONTE\",\"isPartOf\":{\"@id\":\"https:\/\/adrianaarronte.com.es\/#website\"},\"datePublished\":\"2024-01-15T21:05:32+00:00\",\"dateModified\":\"2025-07-14T17:17:05+00:00\",\"description\":\"En Discurso me interes\u00f3 contraponer la intenci\u00f3n decorativa y lujosa del grillz (joyer\u00eda aplicada al diente) sobre modelos dentales recolectados en cl\u00ednicas. Son modelos de personas con problemas de ortodoncia y p\u00e9rdida de piezas. Esta imagen encuentra paralelo en la relaci\u00f3n entre apariencia y trasfondo patente en muchos discursos, en diferentes esferas de la comunicaci\u00f3n.\",\"breadcrumb\":{\"@id\":\"https:\/\/adrianaarronte.com.es\/index.php\/obras\/objetos-objects\/discurso\/#breadcrumb\"},\"inLanguage\":\"es\",\"potentialAction\":[{\"@type\":\"ReadAction\",\"target\":[\"https:\/\/adrianaarronte.com.es\/index.php\/obras\/objetos-objects\/discurso\/\"]}]},{\"@type\":\"BreadcrumbList\",\"@id\":\"https:\/\/adrianaarronte.com.es\/index.php\/obras\/objetos-objects\/discurso\/#breadcrumb\",\"itemListElement\":[{\"@type\":\"ListItem\",\"position\":1,\"name\":\"Home\",\"item\":\"https:\/\/adrianaarronte.com.es\/\"},{\"@type\":\"ListItem\",\"position\":2,\"name\":\"OBRAS\",\"item\":\"https:\/\/adrianaarronte.com.es\/index.php\/obras\/\"},{\"@type\":\"ListItem\",\"position\":3,\"name\":\"Objetos\",\"item\":\"https:\/\/adrianaarronte.com.es\/index.php\/obras\/objetos-objects\/\"},{\"@type\":\"ListItem\",\"position\":4,\"name\":\"Discurso\"}]},{\"@type\":\"WebSite\",\"@id\":\"https:\/\/adrianaarronte.com.es\/#website\",\"url\":\"https:\/\/adrianaarronte.com.es\/\",\"name\":\"ADRIANA ARRONTE\",\"description\":\"\",\"potentialAction\":[{\"@type\":\"SearchAction\",\"target\":{\"@type\":\"EntryPoint\",\"urlTemplate\":\"https:\/\/adrianaarronte.com.es\/?s={search_term_string}\"},\"query-input\":\"required name=search_term_string\"}],\"inLanguage\":\"es\"}]}<\/script>\n<!-- \/ Yoast SEO plugin. -->","yoast_head_json":{"title":"Discurso - ADRIANA ARRONTE","description":"En Discurso me interes\u00f3 contraponer la intenci\u00f3n decorativa y lujosa del grillz (joyer\u00eda aplicada al diente) sobre modelos dentales recolectados en cl\u00ednicas. Son modelos de personas con problemas de ortodoncia y p\u00e9rdida de piezas. Esta imagen encuentra paralelo en la relaci\u00f3n entre apariencia y trasfondo patente en muchos discursos, en diferentes esferas de la comunicaci\u00f3n.","robots":{"index":"index","follow":"follow","max-snippet":"max-snippet:-1","max-image-preview":"max-image-preview:large","max-video-preview":"max-video-preview:-1"},"canonical":"https:\/\/adrianaarronte.com.es\/index.php\/obras\/objetos-objects\/discurso\/","og_locale":"es_ES","og_type":"article","og_title":"Discurso - ADRIANA ARRONTE","og_description":"En Discurso me interes\u00f3 contraponer la intenci\u00f3n decorativa y lujosa del grillz (joyer\u00eda aplicada al diente) sobre modelos dentales recolectados en cl\u00ednicas. Son modelos de personas con problemas de ortodoncia y p\u00e9rdida de piezas. Esta imagen encuentra paralelo en la relaci\u00f3n entre apariencia y trasfondo patente en muchos discursos, en diferentes esferas de la comunicaci\u00f3n.","og_url":"https:\/\/adrianaarronte.com.es\/index.php\/obras\/objetos-objects\/discurso\/","og_site_name":"ADRIANA ARRONTE","article_modified_time":"2025-07-14T17:17:05+00:00","og_image":[{"url":"https:\/\/adrianaarronte.com.es\/wp-content\/uploads\/2024\/08\/discurso-promesa.jpg"}],"twitter_card":"summary_large_image","twitter_misc":{"Tiempo de lectura":"2 minutos"},"schema":{"@context":"https:\/\/schema.org","@graph":[{"@type":"WebPage","@id":"https:\/\/adrianaarronte.com.es\/index.php\/obras\/objetos-objects\/discurso\/","url":"https:\/\/adrianaarronte.com.es\/index.php\/obras\/objetos-objects\/discurso\/","name":"Discurso - ADRIANA ARRONTE","isPartOf":{"@id":"https:\/\/adrianaarronte.com.es\/#website"},"datePublished":"2024-01-15T21:05:32+00:00","dateModified":"2025-07-14T17:17:05+00:00","description":"En Discurso me interes\u00f3 contraponer la intenci\u00f3n decorativa y lujosa del grillz (joyer\u00eda aplicada al diente) sobre modelos dentales recolectados en cl\u00ednicas. Son modelos de personas con problemas de ortodoncia y p\u00e9rdida de piezas. Esta imagen encuentra paralelo en la relaci\u00f3n entre apariencia y trasfondo patente en muchos discursos, en diferentes esferas de la comunicaci\u00f3n.","breadcrumb":{"@id":"https:\/\/adrianaarronte.com.es\/index.php\/obras\/objetos-objects\/discurso\/#breadcrumb"},"inLanguage":"es","potentialAction":[{"@type":"ReadAction","target":["https:\/\/adrianaarronte.com.es\/index.php\/obras\/objetos-objects\/discurso\/"]}]},{"@type":"BreadcrumbList","@id":"https:\/\/adrianaarronte.com.es\/index.php\/obras\/objetos-objects\/discurso\/#breadcrumb","itemListElement":[{"@type":"ListItem","position":1,"name":"Home","item":"https:\/\/adrianaarronte.com.es\/"},{"@type":"ListItem","position":2,"name":"OBRAS","item":"https:\/\/adrianaarronte.com.es\/index.php\/obras\/"},{"@type":"ListItem","position":3,"name":"Objetos","item":"https:\/\/adrianaarronte.com.es\/index.php\/obras\/objetos-objects\/"},{"@type":"ListItem","position":4,"name":"Discurso"}]},{"@type":"WebSite","@id":"https:\/\/adrianaarronte.com.es\/#website","url":"https:\/\/adrianaarronte.com.es\/","name":"ADRIANA ARRONTE","description":"","potentialAction":[{"@type":"SearchAction","target":{"@type":"EntryPoint","urlTemplate":"https:\/\/adrianaarronte.com.es\/?s={search_term_string}"},"query-input":"required name=search_term_string"}],"inLanguage":"es"}]}},"_links":{"self":[{"href":"https:\/\/adrianaarronte.com.es\/index.php\/wp-json\/wp\/v2\/pages\/1018","targetHints":{"allow":["GET"]}}],"collection":[{"href":"https:\/\/adrianaarronte.com.es\/index.php\/wp-json\/wp\/v2\/pages"}],"about":[{"href":"https:\/\/adrianaarronte.com.es\/index.php\/wp-json\/wp\/v2\/types\/page"}],"author":[{"embeddable":true,"href":"https:\/\/adrianaarronte.com.es\/index.php\/wp-json\/wp\/v2\/users\/1"}],"replies":[{"embeddable":true,"href":"https:\/\/adrianaarronte.com.es\/index.php\/wp-json\/wp\/v2\/comments?post=1018"}],"version-history":[{"count":16,"href":"https:\/\/adrianaarronte.com.es\/index.php\/wp-json\/wp\/v2\/pages\/1018\/revisions"}],"predecessor-version":[{"id":2283,"href":"https:\/\/adrianaarronte.com.es\/index.php\/wp-json\/wp\/v2\/pages\/1018\/revisions\/2283"}],"up":[{"embeddable":true,"href":"https:\/\/adrianaarronte.com.es\/index.php\/wp-json\/wp\/v2\/pages\/125"}],"wp:attachment":[{"href":"https:\/\/adrianaarronte.com.es\/index.php\/wp-json\/wp\/v2\/media?parent=1018"}],"curies":[{"name":"wp","href":"https:\/\/api.w.org\/{rel}","templated":true}]}}