{"id":1022,"date":"2024-01-15T22:14:51","date_gmt":"2024-01-15T21:14:51","guid":{"rendered":"https:\/\/adrianaarronte.com.es\/?page_id=1022"},"modified":"2025-07-14T19:20:09","modified_gmt":"2025-07-14T17:20:09","slug":"transicion-2","status":"publish","type":"page","link":"https:\/\/adrianaarronte.com.es\/index.php\/obras\/objetos-objects\/transicion-2\/","title":{"rendered":"Transici\u00f3n"},"content":{"rendered":"\n<div class=\"wp-block-columns is-layout-flex wp-container-core-columns-is-layout-9d6595d7 wp-block-columns-is-layout-flex\">\n<div class=\"wp-block-column is-layout-flow wp-block-column-is-layout-flow\">\n<figure class=\"wp-block-gallery has-nested-images columns-default is-cropped wp-block-gallery-1 is-layout-flex wp-block-gallery-is-layout-flex\">\n<figure class=\"wp-block-image size-large\"><a href=\"https:\/\/adrianaarronte.com.es\/wp-content\/uploads\/2024\/01\/Transicion.jpg\"><img loading=\"lazy\" decoding=\"async\" width=\"800\" height=\"540\" data-id=\"1024\" src=\"https:\/\/adrianaarronte.com.es\/wp-content\/uploads\/2024\/01\/Transicion.jpg\" alt=\"\" class=\"wp-image-1024\" srcset=\"https:\/\/adrianaarronte.com.es\/wp-content\/uploads\/2024\/01\/Transicion.jpg 800w, https:\/\/adrianaarronte.com.es\/wp-content\/uploads\/2024\/01\/Transicion-300x203.jpg 300w, https:\/\/adrianaarronte.com.es\/wp-content\/uploads\/2024\/01\/Transicion-768x518.jpg 768w\" sizes=\"auto, (max-width: 800px) 100vw, 800px\" \/><\/a><\/figure>\n<\/figure>\n<\/div>\n\n\n\n<div class=\"wp-block-column is-layout-flow wp-block-column-is-layout-flow\">\n<p class=\"has-small-font-size\"><strong>TRANSICI\u00d3N | TRANSITION<\/strong><br>2018<br>Bajorelieve | Low Relief<br>Yeso |Plaster<br>35 x 295 x 7 cm<\/p>\n\n\n\n<p class=\"has-small-font-size\">Transici\u00f3n es un friso que re\u00fane 7 puentes, seleccionados por su importancia hist\u00f3rica, al formar parte de una red de carreteras comerciales o militares, unir pa\u00edses o ciudades de transito significativo y originar leyendas. Abarcan 7 zonas geogr\u00e1ficas relevantes por sus diferencias culturales. Desee acercar los paisajes de estas regiones, acotados de t\u00e9rminos aplicados a la construcci\u00f3n civil que encuentran paralelo en los efectos que experimenta el hombre en transici\u00f3n. En la actualidad coexisten y se debaten varios estados de transici\u00f3n: pol\u00edtica, econ\u00f3mica, social y espiritual, entre otros. Este proceso supone una etapa entre dos estados, es un momento incierto y prometedor. <\/p>\n\n\n\n<p class=\"has-nv-c-1-color has-text-color has-link-color has-small-font-size wp-elements-b88a8ca67bd7aeb2036404f65a83caee\">Transition is a frieze that gathers 7 bridges, selected for their historical importance, to be part of a network of commercial or military roads, to unite countries or cities of significant transit and to originate legends. They cover 7 geographical areas relevant for their cultural differences. Desire to approach the landscapes of these regions, bounded by terms applied to civil construction that find parallel in the effects experienced by man in transition. At present, several states of transition coexist and debate: political, economic, social and spiritual, among others. This process is a stage between two states, it is an uncertain and promising moment.<\/p>\n<\/div>\n<\/div>\n\n\n\n<div class=\"wp-block-columns is-layout-flex wp-container-core-columns-is-layout-9d6595d7 wp-block-columns-is-layout-flex\">\n<div class=\"wp-block-column is-layout-flow wp-block-column-is-layout-flow\">\n<div class=\"wp-block-columns is-layout-flex wp-container-core-columns-is-layout-9d6595d7 wp-block-columns-is-layout-flex\">\n<div class=\"wp-block-column is-layout-flow wp-block-column-is-layout-flow\">\n<figure class=\"wp-block-gallery has-nested-images columns-default is-cropped wp-block-gallery-2 is-layout-flex wp-block-gallery-is-layout-flex\">\n<figure class=\"wp-block-image size-large\"><a href=\"https:\/\/adrianaarronte.com.es\/index.php\/obras\/objetos-objects\/transicion-2\/grecia\/\"><img loading=\"lazy\" decoding=\"async\" width=\"960\" height=\"640\" data-id=\"1571\" src=\"https:\/\/adrianaarronte.com.es\/wp-content\/uploads\/2024\/05\/grecia.jpg\" alt=\"\" class=\"wp-image-1571\" srcset=\"https:\/\/adrianaarronte.com.es\/wp-content\/uploads\/2024\/05\/grecia.jpg 960w, https:\/\/adrianaarronte.com.es\/wp-content\/uploads\/2024\/05\/grecia-300x200.jpg 300w, https:\/\/adrianaarronte.com.es\/wp-content\/uploads\/2024\/05\/grecia-768x512.jpg 768w\" sizes=\"auto, (max-width: 960px) 100vw, 960px\" \/><\/a><\/figure>\n<\/figure>\n<\/div>\n\n\n\n<div class=\"wp-block-column is-layout-flow wp-block-column-is-layout-flow\">\n<figure class=\"wp-block-gallery has-nested-images columns-default is-cropped wp-block-gallery-3 is-layout-flex wp-block-gallery-is-layout-flex\">\n<figure class=\"wp-block-image size-full\"><a href=\"https:\/\/adrianaarronte.com.es\/index.php\/obras\/objetos-objects\/transicion-2\/peru-1\/\"><img loading=\"lazy\" decoding=\"async\" width=\"960\" height=\"640\" data-id=\"1578\" src=\"https:\/\/adrianaarronte.com.es\/wp-content\/uploads\/2024\/05\/peru-1.jpg\" alt=\"\" class=\"wp-image-1578\" srcset=\"https:\/\/adrianaarronte.com.es\/wp-content\/uploads\/2024\/05\/peru-1.jpg 960w, https:\/\/adrianaarronte.com.es\/wp-content\/uploads\/2024\/05\/peru-1-300x200.jpg 300w, https:\/\/adrianaarronte.com.es\/wp-content\/uploads\/2024\/05\/peru-1-768x512.jpg 768w\" sizes=\"auto, (max-width: 960px) 100vw, 960px\" \/><\/a><\/figure>\n<\/figure>\n<\/div>\n<\/div>\n<\/div>\n\n\n\n<div class=\"wp-block-column is-layout-flow wp-block-column-is-layout-flow\">\n<div class=\"wp-block-columns is-layout-flex wp-container-core-columns-is-layout-9d6595d7 wp-block-columns-is-layout-flex\">\n<div class=\"wp-block-column is-layout-flow wp-block-column-is-layout-flow\">\n<figure class=\"wp-block-gallery has-nested-images columns-default is-cropped wp-block-gallery-4 is-layout-flex wp-block-gallery-is-layout-flex\">\n<figure class=\"wp-block-image size-full\"><a href=\"https:\/\/adrianaarronte.com.es\/index.php\/obras\/objetos-objects\/transicion-2\/china\/\"><img loading=\"lazy\" decoding=\"async\" width=\"882\" height=\"588\" data-id=\"1580\" src=\"https:\/\/adrianaarronte.com.es\/wp-content\/uploads\/2024\/05\/china.jpg\" alt=\"\" class=\"wp-image-1580\" srcset=\"https:\/\/adrianaarronte.com.es\/wp-content\/uploads\/2024\/05\/china.jpg 882w, https:\/\/adrianaarronte.com.es\/wp-content\/uploads\/2024\/05\/china-300x200.jpg 300w, https:\/\/adrianaarronte.com.es\/wp-content\/uploads\/2024\/05\/china-768x512.jpg 768w\" sizes=\"auto, (max-width: 882px) 100vw, 882px\" \/><\/a><\/figure>\n<\/figure>\n<\/div>\n\n\n\n<div class=\"wp-block-column is-layout-flow wp-block-column-is-layout-flow\">\n<figure class=\"wp-block-gallery has-nested-images columns-default is-cropped wp-block-gallery-5 is-layout-flex wp-block-gallery-is-layout-flex\">\n<figure class=\"wp-block-image size-full\"><a href=\"https:\/\/adrianaarronte.com.es\/index.php\/obras\/objetos-objects\/transicion-2\/inglaterra-1\/\"><img loading=\"lazy\" decoding=\"async\" width=\"960\" height=\"640\" data-id=\"1581\" src=\"https:\/\/adrianaarronte.com.es\/wp-content\/uploads\/2024\/05\/inglaterra-1.jpg\" alt=\"\" class=\"wp-image-1581\" srcset=\"https:\/\/adrianaarronte.com.es\/wp-content\/uploads\/2024\/05\/inglaterra-1.jpg 960w, https:\/\/adrianaarronte.com.es\/wp-content\/uploads\/2024\/05\/inglaterra-1-300x200.jpg 300w, https:\/\/adrianaarronte.com.es\/wp-content\/uploads\/2024\/05\/inglaterra-1-768x512.jpg 768w\" sizes=\"auto, (max-width: 960px) 100vw, 960px\" \/><\/a><\/figure>\n<\/figure>\n<\/div>\n<\/div>\n<\/div>\n<\/div>\n\n\n\n<div class=\"wp-block-columns is-layout-flex wp-container-core-columns-is-layout-9d6595d7 wp-block-columns-is-layout-flex\">\n<div class=\"wp-block-column is-layout-flow wp-block-column-is-layout-flow\">\n<div class=\"wp-block-columns is-layout-flex wp-container-core-columns-is-layout-9d6595d7 wp-block-columns-is-layout-flex\">\n<div class=\"wp-block-column is-layout-flow wp-block-column-is-layout-flow\">\n<figure class=\"wp-block-gallery has-nested-images columns-default is-cropped wp-block-gallery-6 is-layout-flex wp-block-gallery-is-layout-flex\">\n<figure class=\"wp-block-image size-large\"><a href=\"https:\/\/adrianaarronte.com.es\/index.php\/obras\/objetos-objects\/transicion-2\/san-francisco-1\/\"><img loading=\"lazy\" decoding=\"async\" width=\"1024\" height=\"683\" data-id=\"1582\" src=\"https:\/\/adrianaarronte.com.es\/wp-content\/uploads\/2024\/05\/san-francisco-1-1024x683.jpg\" alt=\"\" class=\"wp-image-1582\" srcset=\"https:\/\/adrianaarronte.com.es\/wp-content\/uploads\/2024\/05\/san-francisco-1-1024x683.jpg 1024w, https:\/\/adrianaarronte.com.es\/wp-content\/uploads\/2024\/05\/san-francisco-1-300x200.jpg 300w, https:\/\/adrianaarronte.com.es\/wp-content\/uploads\/2024\/05\/san-francisco-1-768x512.jpg 768w, https:\/\/adrianaarronte.com.es\/wp-content\/uploads\/2024\/05\/san-francisco-1.jpg 1056w\" sizes=\"auto, (max-width: 1024px) 100vw, 1024px\" \/><\/a><\/figure>\n<\/figure>\n<\/div>\n\n\n\n<div class=\"wp-block-column is-layout-flow wp-block-column-is-layout-flow\">\n<figure class=\"wp-block-gallery has-nested-images columns-default is-cropped wp-block-gallery-7 is-layout-flex wp-block-gallery-is-layout-flex\">\n<figure class=\"wp-block-image size-large\"><a href=\"https:\/\/adrianaarronte.com.es\/index.php\/obras\/objetos-objects\/transicion-2\/paris-1\/\"><img loading=\"lazy\" decoding=\"async\" width=\"960\" height=\"640\" data-id=\"1583\" src=\"https:\/\/adrianaarronte.com.es\/wp-content\/uploads\/2024\/05\/paris-1.jpg\" alt=\"\" class=\"wp-image-1583\" srcset=\"https:\/\/adrianaarronte.com.es\/wp-content\/uploads\/2024\/05\/paris-1.jpg 960w, https:\/\/adrianaarronte.com.es\/wp-content\/uploads\/2024\/05\/paris-1-300x200.jpg 300w, https:\/\/adrianaarronte.com.es\/wp-content\/uploads\/2024\/05\/paris-1-768x512.jpg 768w\" sizes=\"auto, (max-width: 960px) 100vw, 960px\" \/><\/a><\/figure>\n<\/figure>\n<\/div>\n<\/div>\n<\/div>\n\n\n\n<div class=\"wp-block-column is-layout-flow wp-block-column-is-layout-flow\">\n<div class=\"wp-block-columns is-layout-flex wp-container-core-columns-is-layout-9d6595d7 wp-block-columns-is-layout-flex\">\n<div class=\"wp-block-column is-layout-flow wp-block-column-is-layout-flow\">\n<figure class=\"wp-block-gallery has-nested-images columns-default is-cropped wp-block-gallery-8 is-layout-flex wp-block-gallery-is-layout-flex\">\n<figure class=\"wp-block-image size-large\"><a href=\"https:\/\/adrianaarronte.com.es\/index.php\/obras\/objetos-objects\/transicion-2\/iran\/\"><img loading=\"lazy\" decoding=\"async\" width=\"960\" height=\"640\" data-id=\"1584\" src=\"https:\/\/adrianaarronte.com.es\/wp-content\/uploads\/2024\/05\/iran.jpg\" alt=\"\" class=\"wp-image-1584\" srcset=\"https:\/\/adrianaarronte.com.es\/wp-content\/uploads\/2024\/05\/iran.jpg 960w, https:\/\/adrianaarronte.com.es\/wp-content\/uploads\/2024\/05\/iran-300x200.jpg 300w, https:\/\/adrianaarronte.com.es\/wp-content\/uploads\/2024\/05\/iran-768x512.jpg 768w\" sizes=\"auto, (max-width: 960px) 100vw, 960px\" \/><\/a><\/figure>\n<\/figure>\n<\/div>\n\n\n\n<div class=\"wp-block-column is-layout-flow wp-block-column-is-layout-flow\">\n<figure class=\"wp-block-gallery has-nested-images columns-default is-cropped wp-block-gallery-9 is-layout-flex wp-block-gallery-is-layout-flex\"><\/figure>\n<\/div>\n<\/div>\n<\/div>\n<\/div>\n","protected":false},"excerpt":{"rendered":"<p>TRANSICI\u00d3N | TRANSITION2018Bajorelieve | Low ReliefYeso |Plaster35 x 295 x 7 cm Transici\u00f3n es un friso que re\u00fane 7 puentes, seleccionados por su importancia hist\u00f3rica, al formar parte de una red de carreteras comerciales o militares, unir pa\u00edses o ciudades de transito significativo y originar leyendas. Abarcan 7 zonas geogr\u00e1ficas relevantes por sus diferencias culturales.&hellip;&nbsp;<a href=\"https:\/\/adrianaarronte.com.es\/index.php\/obras\/objetos-objects\/transicion-2\/\" rel=\"bookmark\"><span class=\"screen-reader-text\">Transici\u00f3n<\/span><\/a><\/p>\n","protected":false},"author":1,"featured_media":0,"parent":125,"menu_order":13,"comment_status":"closed","ping_status":"closed","template":"","meta":{"neve_meta_sidebar":"","neve_meta_container":"","neve_meta_enable_content_width":"","neve_meta_content_width":0,"neve_meta_title_alignment":"","neve_meta_author_avatar":"","neve_post_elements_order":"","neve_meta_disable_header":"","neve_meta_disable_footer":"","neve_meta_disable_title":"on","footnotes":""},"class_list":["post-1022","page","type-page","status-publish","hentry"],"yoast_head":"<!-- This site is optimized with the Yoast SEO plugin v21.6 - https:\/\/yoast.com\/wordpress\/plugins\/seo\/ -->\n<title>Transici\u00f3n - ADRIANA ARRONTE<\/title>\n<meta name=\"description\" content=\"Transici\u00f3n es un friso que re\u00fane 7 puentes, seleccionados por su importancia hist\u00f3rica, al formar parte de una red de carreteras comerciales o militares, unir pa\u00edses o ciudades de transito significativo y originar leyendas. Abarcan 7 zonas geogr\u00e1ficas relevantes por sus diferencias culturales. Desee acercar los paisajes de estas regiones, acotados de t\u00e9rminos aplicados a la construcci\u00f3n civil que encuentran paralelo en los efectos que experimenta el hombre en transici\u00f3n. En la actualidad coexisten y se debaten varios estados de transici\u00f3n: pol\u00edtica, econ\u00f3mica, social y espiritual, entre otros. Este proceso supone una etapa entre dos estados, es un momento incierto y prometedor.\" \/>\n<meta name=\"robots\" content=\"index, follow, max-snippet:-1, max-image-preview:large, max-video-preview:-1\" \/>\n<link rel=\"canonical\" href=\"https:\/\/adrianaarronte.com.es\/index.php\/obras\/objetos-objects\/transicion-2\/\" \/>\n<meta property=\"og:locale\" content=\"es_ES\" \/>\n<meta property=\"og:type\" content=\"article\" \/>\n<meta property=\"og:title\" content=\"Transici\u00f3n - ADRIANA ARRONTE\" \/>\n<meta property=\"og:description\" content=\"Transici\u00f3n es un friso que re\u00fane 7 puentes, seleccionados por su importancia hist\u00f3rica, al formar parte de una red de carreteras comerciales o militares, unir pa\u00edses o ciudades de transito significativo y originar leyendas. Abarcan 7 zonas geogr\u00e1ficas relevantes por sus diferencias culturales. Desee acercar los paisajes de estas regiones, acotados de t\u00e9rminos aplicados a la construcci\u00f3n civil que encuentran paralelo en los efectos que experimenta el hombre en transici\u00f3n. En la actualidad coexisten y se debaten varios estados de transici\u00f3n: pol\u00edtica, econ\u00f3mica, social y espiritual, entre otros. Este proceso supone una etapa entre dos estados, es un momento incierto y prometedor.\" \/>\n<meta property=\"og:url\" content=\"https:\/\/adrianaarronte.com.es\/index.php\/obras\/objetos-objects\/transicion-2\/\" \/>\n<meta property=\"og:site_name\" content=\"ADRIANA ARRONTE\" \/>\n<meta property=\"article:modified_time\" content=\"2025-07-14T17:20:09+00:00\" \/>\n<meta property=\"og:image\" content=\"https:\/\/adrianaarronte.com.es\/wp-content\/uploads\/2024\/01\/Transicion.jpg\" \/>\n<meta name=\"twitter:card\" content=\"summary_large_image\" \/>\n<meta name=\"twitter:label1\" content=\"Tiempo de lectura\" \/>\n\t<meta name=\"twitter:data1\" content=\"3 minutos\" \/>\n<script type=\"application\/ld+json\" class=\"yoast-schema-graph\">{\"@context\":\"https:\/\/schema.org\",\"@graph\":[{\"@type\":\"WebPage\",\"@id\":\"https:\/\/adrianaarronte.com.es\/index.php\/obras\/objetos-objects\/transicion-2\/\",\"url\":\"https:\/\/adrianaarronte.com.es\/index.php\/obras\/objetos-objects\/transicion-2\/\",\"name\":\"Transici\u00f3n - ADRIANA ARRONTE\",\"isPartOf\":{\"@id\":\"https:\/\/adrianaarronte.com.es\/#website\"},\"datePublished\":\"2024-01-15T21:14:51+00:00\",\"dateModified\":\"2025-07-14T17:20:09+00:00\",\"description\":\"Transici\u00f3n es un friso que re\u00fane 7 puentes, seleccionados por su importancia hist\u00f3rica, al formar parte de una red de carreteras comerciales o militares, unir pa\u00edses o ciudades de transito significativo y originar leyendas. Abarcan 7 zonas geogr\u00e1ficas relevantes por sus diferencias culturales. Desee acercar los paisajes de estas regiones, acotados de t\u00e9rminos aplicados a la construcci\u00f3n civil que encuentran paralelo en los efectos que experimenta el hombre en transici\u00f3n. En la actualidad coexisten y se debaten varios estados de transici\u00f3n: pol\u00edtica, econ\u00f3mica, social y espiritual, entre otros. Este proceso supone una etapa entre dos estados, es un momento incierto y prometedor.\",\"breadcrumb\":{\"@id\":\"https:\/\/adrianaarronte.com.es\/index.php\/obras\/objetos-objects\/transicion-2\/#breadcrumb\"},\"inLanguage\":\"es\",\"potentialAction\":[{\"@type\":\"ReadAction\",\"target\":[\"https:\/\/adrianaarronte.com.es\/index.php\/obras\/objetos-objects\/transicion-2\/\"]}]},{\"@type\":\"BreadcrumbList\",\"@id\":\"https:\/\/adrianaarronte.com.es\/index.php\/obras\/objetos-objects\/transicion-2\/#breadcrumb\",\"itemListElement\":[{\"@type\":\"ListItem\",\"position\":1,\"name\":\"Home\",\"item\":\"https:\/\/adrianaarronte.com.es\/\"},{\"@type\":\"ListItem\",\"position\":2,\"name\":\"OBRAS\",\"item\":\"https:\/\/adrianaarronte.com.es\/index.php\/obras\/\"},{\"@type\":\"ListItem\",\"position\":3,\"name\":\"Objetos\",\"item\":\"https:\/\/adrianaarronte.com.es\/index.php\/obras\/objetos-objects\/\"},{\"@type\":\"ListItem\",\"position\":4,\"name\":\"Transici\u00f3n\"}]},{\"@type\":\"WebSite\",\"@id\":\"https:\/\/adrianaarronte.com.es\/#website\",\"url\":\"https:\/\/adrianaarronte.com.es\/\",\"name\":\"ADRIANA ARRONTE\",\"description\":\"\",\"potentialAction\":[{\"@type\":\"SearchAction\",\"target\":{\"@type\":\"EntryPoint\",\"urlTemplate\":\"https:\/\/adrianaarronte.com.es\/?s={search_term_string}\"},\"query-input\":\"required name=search_term_string\"}],\"inLanguage\":\"es\"}]}<\/script>\n<!-- \/ Yoast SEO plugin. -->","yoast_head_json":{"title":"Transici\u00f3n - ADRIANA ARRONTE","description":"Transici\u00f3n es un friso que re\u00fane 7 puentes, seleccionados por su importancia hist\u00f3rica, al formar parte de una red de carreteras comerciales o militares, unir pa\u00edses o ciudades de transito significativo y originar leyendas. Abarcan 7 zonas geogr\u00e1ficas relevantes por sus diferencias culturales. Desee acercar los paisajes de estas regiones, acotados de t\u00e9rminos aplicados a la construcci\u00f3n civil que encuentran paralelo en los efectos que experimenta el hombre en transici\u00f3n. En la actualidad coexisten y se debaten varios estados de transici\u00f3n: pol\u00edtica, econ\u00f3mica, social y espiritual, entre otros. Este proceso supone una etapa entre dos estados, es un momento incierto y prometedor.","robots":{"index":"index","follow":"follow","max-snippet":"max-snippet:-1","max-image-preview":"max-image-preview:large","max-video-preview":"max-video-preview:-1"},"canonical":"https:\/\/adrianaarronte.com.es\/index.php\/obras\/objetos-objects\/transicion-2\/","og_locale":"es_ES","og_type":"article","og_title":"Transici\u00f3n - ADRIANA ARRONTE","og_description":"Transici\u00f3n es un friso que re\u00fane 7 puentes, seleccionados por su importancia hist\u00f3rica, al formar parte de una red de carreteras comerciales o militares, unir pa\u00edses o ciudades de transito significativo y originar leyendas. Abarcan 7 zonas geogr\u00e1ficas relevantes por sus diferencias culturales. Desee acercar los paisajes de estas regiones, acotados de t\u00e9rminos aplicados a la construcci\u00f3n civil que encuentran paralelo en los efectos que experimenta el hombre en transici\u00f3n. En la actualidad coexisten y se debaten varios estados de transici\u00f3n: pol\u00edtica, econ\u00f3mica, social y espiritual, entre otros. Este proceso supone una etapa entre dos estados, es un momento incierto y prometedor.","og_url":"https:\/\/adrianaarronte.com.es\/index.php\/obras\/objetos-objects\/transicion-2\/","og_site_name":"ADRIANA ARRONTE","article_modified_time":"2025-07-14T17:20:09+00:00","og_image":[{"url":"https:\/\/adrianaarronte.com.es\/wp-content\/uploads\/2024\/01\/Transicion.jpg"}],"twitter_card":"summary_large_image","twitter_misc":{"Tiempo de lectura":"3 minutos"},"schema":{"@context":"https:\/\/schema.org","@graph":[{"@type":"WebPage","@id":"https:\/\/adrianaarronte.com.es\/index.php\/obras\/objetos-objects\/transicion-2\/","url":"https:\/\/adrianaarronte.com.es\/index.php\/obras\/objetos-objects\/transicion-2\/","name":"Transici\u00f3n - ADRIANA ARRONTE","isPartOf":{"@id":"https:\/\/adrianaarronte.com.es\/#website"},"datePublished":"2024-01-15T21:14:51+00:00","dateModified":"2025-07-14T17:20:09+00:00","description":"Transici\u00f3n es un friso que re\u00fane 7 puentes, seleccionados por su importancia hist\u00f3rica, al formar parte de una red de carreteras comerciales o militares, unir pa\u00edses o ciudades de transito significativo y originar leyendas. Abarcan 7 zonas geogr\u00e1ficas relevantes por sus diferencias culturales. Desee acercar los paisajes de estas regiones, acotados de t\u00e9rminos aplicados a la construcci\u00f3n civil que encuentran paralelo en los efectos que experimenta el hombre en transici\u00f3n. En la actualidad coexisten y se debaten varios estados de transici\u00f3n: pol\u00edtica, econ\u00f3mica, social y espiritual, entre otros. Este proceso supone una etapa entre dos estados, es un momento incierto y prometedor.","breadcrumb":{"@id":"https:\/\/adrianaarronte.com.es\/index.php\/obras\/objetos-objects\/transicion-2\/#breadcrumb"},"inLanguage":"es","potentialAction":[{"@type":"ReadAction","target":["https:\/\/adrianaarronte.com.es\/index.php\/obras\/objetos-objects\/transicion-2\/"]}]},{"@type":"BreadcrumbList","@id":"https:\/\/adrianaarronte.com.es\/index.php\/obras\/objetos-objects\/transicion-2\/#breadcrumb","itemListElement":[{"@type":"ListItem","position":1,"name":"Home","item":"https:\/\/adrianaarronte.com.es\/"},{"@type":"ListItem","position":2,"name":"OBRAS","item":"https:\/\/adrianaarronte.com.es\/index.php\/obras\/"},{"@type":"ListItem","position":3,"name":"Objetos","item":"https:\/\/adrianaarronte.com.es\/index.php\/obras\/objetos-objects\/"},{"@type":"ListItem","position":4,"name":"Transici\u00f3n"}]},{"@type":"WebSite","@id":"https:\/\/adrianaarronte.com.es\/#website","url":"https:\/\/adrianaarronte.com.es\/","name":"ADRIANA ARRONTE","description":"","potentialAction":[{"@type":"SearchAction","target":{"@type":"EntryPoint","urlTemplate":"https:\/\/adrianaarronte.com.es\/?s={search_term_string}"},"query-input":"required name=search_term_string"}],"inLanguage":"es"}]}},"_links":{"self":[{"href":"https:\/\/adrianaarronte.com.es\/index.php\/wp-json\/wp\/v2\/pages\/1022","targetHints":{"allow":["GET"]}}],"collection":[{"href":"https:\/\/adrianaarronte.com.es\/index.php\/wp-json\/wp\/v2\/pages"}],"about":[{"href":"https:\/\/adrianaarronte.com.es\/index.php\/wp-json\/wp\/v2\/types\/page"}],"author":[{"embeddable":true,"href":"https:\/\/adrianaarronte.com.es\/index.php\/wp-json\/wp\/v2\/users\/1"}],"replies":[{"embeddable":true,"href":"https:\/\/adrianaarronte.com.es\/index.php\/wp-json\/wp\/v2\/comments?post=1022"}],"version-history":[{"count":8,"href":"https:\/\/adrianaarronte.com.es\/index.php\/wp-json\/wp\/v2\/pages\/1022\/revisions"}],"predecessor-version":[{"id":2285,"href":"https:\/\/adrianaarronte.com.es\/index.php\/wp-json\/wp\/v2\/pages\/1022\/revisions\/2285"}],"up":[{"embeddable":true,"href":"https:\/\/adrianaarronte.com.es\/index.php\/wp-json\/wp\/v2\/pages\/125"}],"wp:attachment":[{"href":"https:\/\/adrianaarronte.com.es\/index.php\/wp-json\/wp\/v2\/media?parent=1022"}],"curies":[{"name":"wp","href":"https:\/\/api.w.org\/{rel}","templated":true}]}}