{"id":103,"date":"2023-07-17T14:34:16","date_gmt":"2023-07-17T17:34:16","guid":{"rendered":"https:\/\/adrianaarronte.com.es\/?page_id=103"},"modified":"2025-09-27T13:00:26","modified_gmt":"2025-09-27T11:00:26","slug":"biografia","status":"publish","type":"page","link":"https:\/\/adrianaarronte.com.es\/index.php\/biografia\/","title":{"rendered":"BIOGRAF\u00cdA"},"content":{"rendered":"\n<p class=\"has-ast-global-color-8-color has-text-color has-medium-font-size\"><\/p>\n\n\n\n<div class=\"wp-block-columns is-layout-flex wp-container-core-columns-is-layout-9d6595d7 wp-block-columns-is-layout-flex\">\n<div class=\"wp-block-column is-layout-flow wp-block-column-is-layout-flow\">\n<p class=\"has-small-font-size\"><strong>Adriana Arronte Rodr\u00edguez <\/strong>(La Habana, 1980) es una artista interdisciplinaria radicada entre Madrid y La Habana. En el 2001 se gradu\u00f3 en la Academia de Bellas Artes de San Alejandro y luego en el 2006 egres\u00f3 del Instituto Superior de Arte (ISA), de La Habana. Desde entonces, su trabajo se ha caracterizado por revaluar tanto el significado de objetos comunes, situaciones cotidianas como de rituales sociales, provocando extra\u00f1amientos sensoriales y alteraciones a niveles simb\u00f3licos. Arronte cuenta con 15 exposiciones individuales y ha participado en m\u00e1s de ochenta exposiciones colectivas, entre las que destacan las realizadas en el Museo Freies de Berl\u00edn; El Museo de Arte de las Am\u00e9ricas en Washington DC; Magnan Metz Galler, Nueva York, La Iberoamericana en la Universidad de Alcal\u00e1; El Museo de arte moderno y contempor\u00e1neo Mohammed VI en Marruecos. Est\u00e1 incluida en la colecci\u00f3n de la Fundaci\u00f3n Cisneros Fontanals Art (CIFO), en la colecci\u00f3n P\u00e9rez Art Museum Miami (PAMM)) y en el Museo del Vidrio de Tacoma, Washington, Estados Unidos; Colecci\u00f3n Diputaci\u00f3n Provincial de M\u00e1laga; Colecci\u00f3n del Fama Museu, Sao Paulo, Brasil; Colecci\u00f3n Consejo Nacional de las Artes Pl\u00e1sticas, Cuba.<\/p>\n\n\n\n<p class=\"has-small-font-size\">Entre los reconocimientos recibidos se encuentra la Beca Creadores 2023 de La T\u00e9rmica, Diputaci\u00f3n Provincial de M\u00e1laga; en 2017 la Residencia art\u00edstica en Centro de Art, Sociedad y Transformaci\u00f3n (CAST). Melbourne, Australia; 2015 Residencia Museo del Vidrio de Tacoma, Washington; el Premio Uni\u00f3n Latina a la Creaci\u00f3n Joven en Artes Pl\u00e1sticas 2005; Premio en el V Sal\u00f3n de Instalaciones Juan Francisco Elso 2006, Galer\u00eda Mariano Rodr\u00edguez, Cuba; Premio en el XI Sal\u00f3n de Arte Er\u00f3tico 2005, Galer\u00eda Fayad Jam\u00eds, Cuba; Premio Especial de Acad\u00e9mica 2001, Galer\u00eda de Luz y Oficios, Cuba.<\/p>\n<\/div>\n<\/div>\n\n\n\n<p class=\"has-small-font-size\"><\/p>\n\n\n\n<p class=\"has-small-font-size\"><br><strong>Estudios profesionales<\/strong><\/p>\n\n\n\n<ol start=\"2006\" class=\"wp-block-list\">\n<li class=\"has-small-font-size\">Licenciatura&nbsp;en Artes Visuales. Universidad de las Artes (ISA). La Habana, Cuba.<\/li>\n\n\n\n<li class=\"has-small-font-size\">Diploma. Academia de Bellas Artes de San Alejandro. La Habana, Cuba.<\/li>\n\n\n\n<li class=\"has-small-font-size\">Estudios en la Escuela de Artes visuales Jos\u00e9 Antonio D\u00edaz Pel\u00e1ez.<br><br><strong>Reconocimientos<\/strong><\/li>\n<\/ol>\n\n\n\n<ul class=\"wp-block-list\">\n<li class=\"has-small-font-size\">Beca Residencia art\u00edstica Creadores 2023 de La T\u00e9rmica, Diputaci\u00f3n Provincial de M\u00e1laga.<\/li>\n\n\n\n<li class=\"has-small-font-size\">2017 Residencia art\u00edstica en Centro de Art, Sociedad y Transformaci\u00f3n (CAST). Melbourne, Australia.<\/li>\n\n\n\n<li class=\"has-small-font-size\">2015 Residencia Museo del Vidrio de Tacoma, Washington.<\/li>\n\n\n\n<li class=\"has-small-font-size\">Premio Nacional Uni\u00f3n Latina a la Creaci\u00f3n Joven en Artes Pl\u00e1sticas. 2005-2006.<\/li>\n\n\n\n<li class=\"has-small-font-size\">Premio en el V Sal\u00f3n de Instalaciones Juan Francisco Elso 2006. Galer\u00eda Mariano Rodr\u00edguez.<\/li>\n\n\n\n<li class=\"has-small-font-size\">Premio en el XI Sal\u00f3n de Arte Er\u00f3tico 2005. Galer\u00eda Fayad Jam\u00eds.<\/li>\n\n\n\n<li class=\"has-small-font-size\">Premio Especial de Acad\u00e9mica 2001. Galer\u00eda de Luz y Oficios.<\/li>\n<\/ul>\n\n\n\n<p class=\"has-small-font-size\"><strong>Principales colecciones<\/strong><\/p>\n\n\n\n<ul class=\"wp-block-list\">\n<li class=\"has-small-font-size\">Colecci\u00f3n Diputaci\u00f3n Provincial de M\u00e1laga.<\/li>\n\n\n\n<li class=\"has-small-font-size\">Colecci\u00f3n Ella Cisneros. Cisneros Fontanals Art Foundation (CIFO), USA.<\/li>\n\n\n\n<li class=\"has-small-font-size\">Colecci\u00f3n P\u00e9rez Art Museum Miami (PAMM), USA.<\/li>\n\n\n\n<li class=\"has-small-font-size\">Colecci\u00f3n Museo del vidrio en Tacoma, Washington, USA.<\/li>\n\n\n\n<li class=\"has-small-font-size\">Colecci\u00f3n Consejo Nacional de las Artes Pl\u00e1sticas, Cuba.<\/li>\n\n\n\n<li class=\"has-small-font-size\">Colecci\u00f3n Museo de Arte Satu-Mare, Rumania.<\/li>\n<\/ul>\n\n\n\n<p class=\"has-small-font-size\"><strong>Exposiciones Personales<\/strong><br>2021 <em>La ilusi\u00f3n de los sistemas<\/em>. Galer\u00eda Servando. La Habana, Cuba.<br>2019 <em>Estado de gracia<\/em>. Galer\u00eda Villa Manuela. La Habana, Cuba.<br>2018 <em>Solo Show en Art Lima<\/em>. Feria de Arte Contempor\u00e1neo de Lima, Per\u00fa.<br>2017 <em>Solo Show en Art Miami.<\/em> Feria de Arte Contempor\u00e1neo de Miami, EU.<br>2016 <em>Desv\u00edo de recursos<\/em>. Galer\u00eda Artist718. La Habana, Cuba.<br>2015 <em>Cambio de estado<\/em>. Galer\u00eda Villa Manuela. La Habana, Cuba.<br>2013 <em>Cena<\/em>. Galer\u00eda Carmelo Gonzales. La Habana, Cuba.<br>2011 <em>Temporada de caza<\/em>. Lloyd\u00b4s Register. La Habana, Cuba.<br>2011 <em>Inventario<\/em>. Fundaci\u00f3n Ludwig de Cuba. La Habana, Cuba.<br>2009 <em>Efectos secundarios<\/em><strong>.<\/strong> Galer\u00eda Luz y Suarez del Villar. Madrid, Espa\u00f1a. <br>2008 Desayuno. Centro de Desarrollo de las Artes Visuales. La Habana, Cuba.<br>2006. <em>Brindis.<\/em> Galer\u00eda del Centro Cultural Cinematogr\u00e1fico ICAIC. La Habana, Cuba.<br>2001. <em>Religiones mixtas<\/em>. Galer\u00eda Servando Cabrera. La Habana, Cuba.<\/p>\n\n\n\n<p class=\"has-small-font-size\"><strong>Principales exposiciones Colectivas<\/strong><\/p>\n\n\n\n<p class=\"has-small-font-size\"><strong>2025<\/strong><br><em>Di\u00e1logos. Artistas mujeres en la colecci\u00f3n Ella Fontanals-Cisneros<\/em>. Museo de Arte Contempor\u00e1neo de Monterrey, MARCO.<br><em>Estudio abierto \u2013 expansi\u00f3n y repetici\u00f3n<\/em>. Late studio-society, Madrid.<br><strong>2024<\/strong><br><em>Al otro lado del Atl\u00e1ntico<\/em>. Museo de arte moderno y contempor\u00e1neo Mohammed VI. Rabat, Marruecos.<br><em>Vamos a nombrar las cosas<\/em>. Galer\u00eda Javier Silva. Valladolid. Espa\u00f1a.<br><em>Atravesar.<\/em> Espacio El puente. Madrid, Espa\u00f1a.<br>Gesto transversal. Centro Cultural Emilia Pardo Baz\u00e1n. Espa\u00f1a.<br><em>Una casa es una casa<\/em>. Galer\u00eda Artis 718. La Habana, Cuba.<br><strong>2023<\/strong><br>Iberoamericana de Alcal\u00e1. Bienal de Arte Contempor\u00e1neo, 2023. Colegio San Jos\u00e9 de Caracciolos &#8211; UAH Facultad de Filosof\u00eda y Letras. Espa\u00f1a.<br>Un estado mental que es un lugar. La T\u00e9rmica, Centro cultural de M\u00e1laga. Espa\u00f1a.<br><strong>2022<\/strong><br>Tempo. Galer\u00eda Artist718. La Habana, Cuba.<br>Agua. Centro Hispanoamericano de la Cultura. Habana, Cuba.<br><strong>2020<\/strong><br>El arte de no estar calladas. Galer\u00eda Taller Gorr\u00eda. La Habana, Cuba.<br><strong>2019<\/strong><br>Art Lima. Feria de Arte Contempor\u00e1neo de Lima, Per\u00fa.<br>HB. Evento de arte cubano contempor\u00e1neo. Teatro Garc\u00eda Lorca. Colateral a la XIII Bienal de La Habana, Cuba.<br>A r\u00edo revuelto. Muestra itinerante. Galer\u00eda Fondo y forma, Chile y Espacio Arte sano, Cuba.<br><strong>2018<\/strong><br>Cuba Australia Video Exchange. Galleria Blindside. Melbourne, Australia.<br>La tierra dada. Pabell\u00f3n cuba. La Habana, Cuba.<br>Olor a lluvia. Centro de Desarrollo de las Artes Visuales. La Habana, Cuba.<br>XXY Humo y espejos, Colecci\u00f3n del Consejo Nacional de Artes Pl\u00e1sticas. Gran Teatro de La Habana Alicia Alonso. Habana, Cuba.<br>La noche boca arriba. Galer\u00eda La Acacia. Habana, Cuba.<br><strong>2017<\/strong><br>Six degrees of separation. Thomas Center Main Gallery, Gainesville. EU.<br>Archivo XX. Galer\u00eda La Acacia. Habana, Cuba.<br>PArC 2017, Per\u00fa Arte Contempor\u00e1neo. Lima, Per\u00fa.<br>Construcci\u00f3n de una historia. Casa de la Cultura de San Isidro, Lima, Per\u00fa<br><strong>2016<\/strong><br>El yuma. Galer\u00eda \u00c1rea. Boston, EU.<br>Cubaahora: the next generation. Museo de Arte de las Am\u00e9ricas AMA. Washington DC, US.<br>SP-Arte 2016. Feria de Arte Contempor\u00e1neo de S\u00e3o Paulo. Brasil.<br>ArtLima 2016. Feria de Internacional de Arte de Lima. Per\u00fa.<br>Inercia. Galer\u00eda Or\u00edgenes. Biblioteca Nacional. Habana, Cuba.<br>Espacio en blanco. Centro Hispanoamericano de la Cultura. Habana, Cuba.<br>Feminine proposal. UNESCO, Par\u00eds; BOSAR, Bruselas, B\u00e9lgica; Parlamento EU.<br>Pintura expandida. Centro de Desarrollo de las Artes Visuales. La Habana, Cuba.<br><strong>2015<\/strong><br>Intersecciones. Galer\u00eda Hoffman de Lewis &amp; Clark College. Oreg\u00f3n, EU.<br>(Art)xiomas. Centro Cultural de Espa\u00f1a en Miami (CCE Miami).<br>1305 Millas, Parte 1 Atemporal. Magnan Metz Gallery. New York, US.<br>ZIP. Galer\u00eda Artist718. La Habana, Cuba.<br>HB. Evento de arte cubano contempor\u00e1neo. PABEXPO. Colateral a la XII Bienal de La Habana, Cuba.<br>SIN OFICIO NI BENEFICIO (Por la izquierda). Galer\u00eda La Moderna. Colateral a la XII Bienal de La Habana, Cuba.<br>PULSO. Galer\u00eda L. Colateral a la XII Bienal de La Habana, Cuba.<br><strong>2014<\/strong><br>PArC 2014, Per\u00fa Arte Contempor\u00e1neo. Lima, Per\u00fa.<br>Femenine voices and poetics. Arte cubano 1990-2013. Oakland Art Murmur. USA.<br>En rosa. Galer\u00eda Collage Habana. La Habana, Cuba.<br>Ahora. Galer\u00eda Artist718. La Habana, Cuba.<br>Cachip\u00fan. F\u00e1brica de Arte Contempor\u00e1neo. La Habana, Cuba.<br><strong>2013<\/strong><br>Femenine voices and poetics. Arte cubano 1990-2013. Cara and Cabezas Contemporary Gallery \/ Mission Cultural Center for Latino Arts. San Francisco, CL. USA<br>Dibujos tontos. Galer\u00eda de la Biblioteca Villena. La Habana, Cuba.<br>Disegno, Respuesta cubana!. Factor\u00eda Habana. La Habana, Cuba.<br>Encuentro nacional de grabado. Centro de Desarrollo de las Artes Visuales. La Habana, Cuba.<br>Terra dell\u00b4arte &#8211; Eventos Paralelos. Centro Estatal de las Artes, Tecate, M\u00e9xico.<br><strong>2012<\/strong><br>Gulliver. Freies Museum Berl\u00edn. Berl\u00edn, Alemania.<br>Circular Motion: Subverting Circumscription. Meridian Gallery, Society for Art publications of the Americas. San Francisco. USA.<br>PopColor. Galer\u00eda G\u00e9nesis. Miramar Trade Center. La Habana, Cuba.<br>En mala forma. Caba\u00f1a, Pabell\u00f3n D-7y9. Colateral a la XXI Bienal de La Habana.<br>Galer\u00eda 79. Caba\u00f1a, Pabell\u00f3n K9. Colateral a la XXI Bienal de La Habana.<br>Sobrevivientes del verano. Galer\u00eda Academia de Bellas Artes San Alejandro. Colateral a la XXI Bienal de La Habana.<br>Miedo. Galer\u00eda 904. M\u00e9rida, M\u00e9xico.<br>Dimensiones variables. Centro de Desarrollo de las Artes Visuales. La Habana, Cuba.<br><strong>2011<\/strong><br>All\u00ed. The cool pack. Colateral a la Feria de Arco. Madrid, Espa\u00f1a.<br>Boomerang. Galer\u00eda de la Academia de Arte San Alejandro. La Habana, Cuba.<br>Recargable. Espacio Vivarte. La Habana, Cuba.<br><strong>2010<\/strong><br>Visiones conjuntas. Casa del Benem\u00e9rito de las Am\u00e9ricas Benito Ju\u00e1rez. La Habana, Cuba.<br>El extremo de la bala. Una d\u00e9cada de arte cubano. Pabell\u00f3n cuba. La Habana, Cuba.<br>Sujeto omitido. C\u00e1tedra Humboldt, Universidad de la Habana, Cuba.<br>European Book Art Biennale. Museo de Arte Satu-Mare, Rumania.<br>XX A\u00f1os \u00abno son nada\u00bb. Homenaje por el XX aniversario del Centro de Desarrollo de las Artes Visuales. La Habana, Cuba.<br><strong>2009<\/strong><br>Feria de Arte de Madrid. Madrid, Espa\u00f1a.<br>Homenaje a Jean Claude Abreu. Medinaceli de Dearte. Medinaceli, Espa\u00f1a<br>Fisuras. Galer\u00eda Luz &amp; Su\u00e1rez del Villar. Madrid, Espa\u00f1a.<br><strong>2008<\/strong><br>IV Feria Internacional de Arte Contempor\u00e1neo de Marbella. Palacio de Congresos de Marbella. Marbella, Espa\u00f1a.<br>Referencias Territoriales. Muelle No 3 Avenida del Puerto. La Habana, Cuba.<br>Hidden. Centro Provincial de Artes Pl\u00e1sticas. La Habana, Cuba.<br>Informaci\u00f3n Desplazada. Parque Villal\u00f3n. Vedado. La Habana, Cuba.<br><strong>2007<\/strong><br>Travellyn, Realidad &amp; Ficci\u00f3n. Evento Internacional de Performance y Audiovisuales. Cine Actualidades. La Habana, Cuba.<br>2006<br>IX en la Carpinter\u00eda. Instituto Superior de Arte. Colateral a la IX Bienal de La Habana, Cuba.<br>V Sal\u00f3n de Instalaciones Juan Francisco Elso. Galer\u00eda Mariano Rodr\u00edguez. La Habana, Cuba.<br><strong>2005<\/strong><br>Box. Evento Internacional de Performance y Audiovisuales. Complejo Deportivo Rafael Trejo. La Habana, Cuba<br>Elemental Watson. Galer\u00eda L. La Habana, Cuba.<br>Selecci\u00f3n Natural. Galer\u00eda Servando Cabrera. La Habana, Cuba.<br>Encuentro Nacional de Grabado. Centro de Arte Contempor\u00e1neo Wilfredo Lam. La Habana, Cuba.<br><strong>2001<\/strong><br>Acad\u00e9mica. Galer\u00eda de Luz y Oficios. La Habana, Cuba.<br><strong>1999<\/strong><br>Joven Estampa. Galer\u00eda Haidee Santamar\u00eda, Casa de las Am\u00e9ricas. La Habana, Cuba.<\/p>\n","protected":false},"excerpt":{"rendered":"<p>Adriana Arronte Rodr\u00edguez (La Habana, 1980) es una artista interdisciplinaria radicada entre Madrid y La Habana. En el 2001 se gradu\u00f3 en la Academia de Bellas Artes de San Alejandro y luego en el 2006 egres\u00f3 del Instituto Superior de Arte (ISA), de La Habana. Desde entonces, su trabajo se ha caracterizado por revaluar tanto&hellip;&nbsp;<a href=\"https:\/\/adrianaarronte.com.es\/index.php\/biografia\/\" rel=\"bookmark\"><span class=\"screen-reader-text\">BIOGRAF\u00cdA<\/span><\/a><\/p>\n","protected":false},"author":1,"featured_media":0,"parent":0,"menu_order":5,"comment_status":"closed","ping_status":"closed","template":"","meta":{"neve_meta_sidebar":"","neve_meta_container":"","neve_meta_enable_content_width":"","neve_meta_content_width":0,"neve_meta_title_alignment":"","neve_meta_author_avatar":"","neve_post_elements_order":"","neve_meta_disable_header":"","neve_meta_disable_footer":"","neve_meta_disable_title":"on","footnotes":""},"class_list":["post-103","page","type-page","status-publish","hentry"],"yoast_head":"<!-- This site is optimized with the Yoast SEO plugin v21.6 - https:\/\/yoast.com\/wordpress\/plugins\/seo\/ -->\n<title>BIOGRAF\u00cdA - ADRIANA ARRONTE<\/title>\n<meta name=\"description\" content=\"Adriana Arronte (La Habana, 1980) es una artista interdisciplinaria radicada entre Madrid y La Habana. Su trabajo se ha caracterizado por revaluar tanto el significado de objetos comunes, situaciones cotidianas como de rituales sociales, provocando extra\u00f1amientos sensoriales y alteraciones a niveles simb\u00f3licos. Su obra est\u00e1 incluida en la colecci\u00f3n de la Fundaci\u00f3n Cisneros Fontanals Art (CIFO), en la colecci\u00f3n P\u00e9rez Art Museum Miami (PAMM)) y en el Museo del Vidrio de Tacoma, Washington, Estados Unidos; Colecci\u00f3n Diputaci\u00f3n Provincial de M\u00e1laga; Colecci\u00f3n del Fama Museu, Sao Paulo, Brasil; Colecci\u00f3n Consejo Nacional de las Artes Pl\u00e1sticas, Cuba.\" \/>\n<meta name=\"robots\" content=\"index, follow, max-snippet:-1, max-image-preview:large, max-video-preview:-1\" \/>\n<link rel=\"canonical\" href=\"https:\/\/adrianaarronte.com.es\/index.php\/biografia\/\" \/>\n<meta property=\"og:locale\" content=\"es_ES\" \/>\n<meta property=\"og:type\" content=\"article\" \/>\n<meta property=\"og:title\" content=\"BIOGRAF\u00cdA - ADRIANA ARRONTE\" \/>\n<meta property=\"og:description\" content=\"Adriana Arronte (La Habana, 1980) es una artista interdisciplinaria radicada entre Madrid y La Habana. Su trabajo se ha caracterizado por revaluar tanto el significado de objetos comunes, situaciones cotidianas como de rituales sociales, provocando extra\u00f1amientos sensoriales y alteraciones a niveles simb\u00f3licos. Su obra est\u00e1 incluida en la colecci\u00f3n de la Fundaci\u00f3n Cisneros Fontanals Art (CIFO), en la colecci\u00f3n P\u00e9rez Art Museum Miami (PAMM)) y en el Museo del Vidrio de Tacoma, Washington, Estados Unidos; Colecci\u00f3n Diputaci\u00f3n Provincial de M\u00e1laga; Colecci\u00f3n del Fama Museu, Sao Paulo, Brasil; Colecci\u00f3n Consejo Nacional de las Artes Pl\u00e1sticas, Cuba.\" \/>\n<meta property=\"og:url\" content=\"https:\/\/adrianaarronte.com.es\/index.php\/biografia\/\" \/>\n<meta property=\"og:site_name\" content=\"ADRIANA ARRONTE\" \/>\n<meta property=\"article:modified_time\" content=\"2025-09-27T11:00:26+00:00\" \/>\n<meta name=\"twitter:card\" content=\"summary_large_image\" \/>\n<meta name=\"twitter:label1\" content=\"Tiempo de lectura\" \/>\n\t<meta name=\"twitter:data1\" content=\"7 minutos\" \/>\n<script type=\"application\/ld+json\" class=\"yoast-schema-graph\">{\"@context\":\"https:\/\/schema.org\",\"@graph\":[{\"@type\":\"WebPage\",\"@id\":\"https:\/\/adrianaarronte.com.es\/index.php\/biografia\/\",\"url\":\"https:\/\/adrianaarronte.com.es\/index.php\/biografia\/\",\"name\":\"BIOGRAF\u00cdA - ADRIANA ARRONTE\",\"isPartOf\":{\"@id\":\"https:\/\/adrianaarronte.com.es\/#website\"},\"datePublished\":\"2023-07-17T17:34:16+00:00\",\"dateModified\":\"2025-09-27T11:00:26+00:00\",\"description\":\"Adriana Arronte (La Habana, 1980) es una artista interdisciplinaria radicada entre Madrid y La Habana. Su trabajo se ha caracterizado por revaluar tanto el significado de objetos comunes, situaciones cotidianas como de rituales sociales, provocando extra\u00f1amientos sensoriales y alteraciones a niveles simb\u00f3licos. Su obra est\u00e1 incluida en la colecci\u00f3n de la Fundaci\u00f3n Cisneros Fontanals Art (CIFO), en la colecci\u00f3n P\u00e9rez Art Museum Miami (PAMM)) y en el Museo del Vidrio de Tacoma, Washington, Estados Unidos; Colecci\u00f3n Diputaci\u00f3n Provincial de M\u00e1laga; Colecci\u00f3n del Fama Museu, Sao Paulo, Brasil; Colecci\u00f3n Consejo Nacional de las Artes Pl\u00e1sticas, Cuba.\",\"breadcrumb\":{\"@id\":\"https:\/\/adrianaarronte.com.es\/index.php\/biografia\/#breadcrumb\"},\"inLanguage\":\"es\",\"potentialAction\":[{\"@type\":\"ReadAction\",\"target\":[\"https:\/\/adrianaarronte.com.es\/index.php\/biografia\/\"]}]},{\"@type\":\"BreadcrumbList\",\"@id\":\"https:\/\/adrianaarronte.com.es\/index.php\/biografia\/#breadcrumb\",\"itemListElement\":[{\"@type\":\"ListItem\",\"position\":1,\"name\":\"Home\",\"item\":\"https:\/\/adrianaarronte.com.es\/\"},{\"@type\":\"ListItem\",\"position\":2,\"name\":\"BIOGRAF\u00cdA\"}]},{\"@type\":\"WebSite\",\"@id\":\"https:\/\/adrianaarronte.com.es\/#website\",\"url\":\"https:\/\/adrianaarronte.com.es\/\",\"name\":\"ADRIANA ARRONTE\",\"description\":\"\",\"potentialAction\":[{\"@type\":\"SearchAction\",\"target\":{\"@type\":\"EntryPoint\",\"urlTemplate\":\"https:\/\/adrianaarronte.com.es\/?s={search_term_string}\"},\"query-input\":\"required name=search_term_string\"}],\"inLanguage\":\"es\"}]}<\/script>\n<!-- \/ Yoast SEO plugin. -->","yoast_head_json":{"title":"BIOGRAF\u00cdA - ADRIANA ARRONTE","description":"Adriana Arronte (La Habana, 1980) es una artista interdisciplinaria radicada entre Madrid y La Habana. Su trabajo se ha caracterizado por revaluar tanto el significado de objetos comunes, situaciones cotidianas como de rituales sociales, provocando extra\u00f1amientos sensoriales y alteraciones a niveles simb\u00f3licos. Su obra est\u00e1 incluida en la colecci\u00f3n de la Fundaci\u00f3n Cisneros Fontanals Art (CIFO), en la colecci\u00f3n P\u00e9rez Art Museum Miami (PAMM)) y en el Museo del Vidrio de Tacoma, Washington, Estados Unidos; Colecci\u00f3n Diputaci\u00f3n Provincial de M\u00e1laga; Colecci\u00f3n del Fama Museu, Sao Paulo, Brasil; Colecci\u00f3n Consejo Nacional de las Artes Pl\u00e1sticas, Cuba.","robots":{"index":"index","follow":"follow","max-snippet":"max-snippet:-1","max-image-preview":"max-image-preview:large","max-video-preview":"max-video-preview:-1"},"canonical":"https:\/\/adrianaarronte.com.es\/index.php\/biografia\/","og_locale":"es_ES","og_type":"article","og_title":"BIOGRAF\u00cdA - ADRIANA ARRONTE","og_description":"Adriana Arronte (La Habana, 1980) es una artista interdisciplinaria radicada entre Madrid y La Habana. Su trabajo se ha caracterizado por revaluar tanto el significado de objetos comunes, situaciones cotidianas como de rituales sociales, provocando extra\u00f1amientos sensoriales y alteraciones a niveles simb\u00f3licos. Su obra est\u00e1 incluida en la colecci\u00f3n de la Fundaci\u00f3n Cisneros Fontanals Art (CIFO), en la colecci\u00f3n P\u00e9rez Art Museum Miami (PAMM)) y en el Museo del Vidrio de Tacoma, Washington, Estados Unidos; Colecci\u00f3n Diputaci\u00f3n Provincial de M\u00e1laga; Colecci\u00f3n del Fama Museu, Sao Paulo, Brasil; Colecci\u00f3n Consejo Nacional de las Artes Pl\u00e1sticas, Cuba.","og_url":"https:\/\/adrianaarronte.com.es\/index.php\/biografia\/","og_site_name":"ADRIANA ARRONTE","article_modified_time":"2025-09-27T11:00:26+00:00","twitter_card":"summary_large_image","twitter_misc":{"Tiempo de lectura":"7 minutos"},"schema":{"@context":"https:\/\/schema.org","@graph":[{"@type":"WebPage","@id":"https:\/\/adrianaarronte.com.es\/index.php\/biografia\/","url":"https:\/\/adrianaarronte.com.es\/index.php\/biografia\/","name":"BIOGRAF\u00cdA - ADRIANA ARRONTE","isPartOf":{"@id":"https:\/\/adrianaarronte.com.es\/#website"},"datePublished":"2023-07-17T17:34:16+00:00","dateModified":"2025-09-27T11:00:26+00:00","description":"Adriana Arronte (La Habana, 1980) es una artista interdisciplinaria radicada entre Madrid y La Habana. Su trabajo se ha caracterizado por revaluar tanto el significado de objetos comunes, situaciones cotidianas como de rituales sociales, provocando extra\u00f1amientos sensoriales y alteraciones a niveles simb\u00f3licos. Su obra est\u00e1 incluida en la colecci\u00f3n de la Fundaci\u00f3n Cisneros Fontanals Art (CIFO), en la colecci\u00f3n P\u00e9rez Art Museum Miami (PAMM)) y en el Museo del Vidrio de Tacoma, Washington, Estados Unidos; Colecci\u00f3n Diputaci\u00f3n Provincial de M\u00e1laga; Colecci\u00f3n del Fama Museu, Sao Paulo, Brasil; Colecci\u00f3n Consejo Nacional de las Artes Pl\u00e1sticas, Cuba.","breadcrumb":{"@id":"https:\/\/adrianaarronte.com.es\/index.php\/biografia\/#breadcrumb"},"inLanguage":"es","potentialAction":[{"@type":"ReadAction","target":["https:\/\/adrianaarronte.com.es\/index.php\/biografia\/"]}]},{"@type":"BreadcrumbList","@id":"https:\/\/adrianaarronte.com.es\/index.php\/biografia\/#breadcrumb","itemListElement":[{"@type":"ListItem","position":1,"name":"Home","item":"https:\/\/adrianaarronte.com.es\/"},{"@type":"ListItem","position":2,"name":"BIOGRAF\u00cdA"}]},{"@type":"WebSite","@id":"https:\/\/adrianaarronte.com.es\/#website","url":"https:\/\/adrianaarronte.com.es\/","name":"ADRIANA ARRONTE","description":"","potentialAction":[{"@type":"SearchAction","target":{"@type":"EntryPoint","urlTemplate":"https:\/\/adrianaarronte.com.es\/?s={search_term_string}"},"query-input":"required name=search_term_string"}],"inLanguage":"es"}]}},"_links":{"self":[{"href":"https:\/\/adrianaarronte.com.es\/index.php\/wp-json\/wp\/v2\/pages\/103","targetHints":{"allow":["GET"]}}],"collection":[{"href":"https:\/\/adrianaarronte.com.es\/index.php\/wp-json\/wp\/v2\/pages"}],"about":[{"href":"https:\/\/adrianaarronte.com.es\/index.php\/wp-json\/wp\/v2\/types\/page"}],"author":[{"embeddable":true,"href":"https:\/\/adrianaarronte.com.es\/index.php\/wp-json\/wp\/v2\/users\/1"}],"replies":[{"embeddable":true,"href":"https:\/\/adrianaarronte.com.es\/index.php\/wp-json\/wp\/v2\/comments?post=103"}],"version-history":[{"count":12,"href":"https:\/\/adrianaarronte.com.es\/index.php\/wp-json\/wp\/v2\/pages\/103\/revisions"}],"predecessor-version":[{"id":2784,"href":"https:\/\/adrianaarronte.com.es\/index.php\/wp-json\/wp\/v2\/pages\/103\/revisions\/2784"}],"wp:attachment":[{"href":"https:\/\/adrianaarronte.com.es\/index.php\/wp-json\/wp\/v2\/media?parent=103"}],"curies":[{"name":"wp","href":"https:\/\/api.w.org\/{rel}","templated":true}]}}