{"id":1115,"date":"2024-04-21T15:58:51","date_gmt":"2024-04-21T13:58:51","guid":{"rendered":"https:\/\/adrianaarronte.com.es\/?page_id=1115"},"modified":"2025-07-14T20:03:58","modified_gmt":"2025-07-14T18:03:58","slug":"superficie-de-revolucion","status":"publish","type":"page","link":"https:\/\/adrianaarronte.com.es\/index.php\/obras\/dibujos-drawings\/superficie-de-revolucion\/","title":{"rendered":"Superficie de revoluci\u00f3n"},"content":{"rendered":"\n<div class=\"wp-block-columns is-layout-flex wp-container-core-columns-is-layout-9d6595d7 wp-block-columns-is-layout-flex\">\n<div class=\"wp-block-column is-layout-flow wp-block-column-is-layout-flow\">\n<figure class=\"wp-block-gallery has-nested-images columns-default is-cropped wp-block-gallery-1 is-layout-flex wp-block-gallery-is-layout-flex\">\n<figure class=\"wp-block-image size-large\"><img loading=\"lazy\" decoding=\"async\" width=\"1024\" height=\"706\" data-id=\"1126\" src=\"https:\/\/adrianaarronte.com.es\/wp-content\/uploads\/2024\/04\/Superficie-de-revolucion-conjunto-4-1024x706.jpg\" alt=\"\" class=\"wp-image-1126\" srcset=\"https:\/\/adrianaarronte.com.es\/wp-content\/uploads\/2024\/04\/Superficie-de-revolucion-conjunto-4-1024x706.jpg 1024w, https:\/\/adrianaarronte.com.es\/wp-content\/uploads\/2024\/04\/Superficie-de-revolucion-conjunto-4-300x207.jpg 300w, https:\/\/adrianaarronte.com.es\/wp-content\/uploads\/2024\/04\/Superficie-de-revolucion-conjunto-4-768x529.jpg 768w, https:\/\/adrianaarronte.com.es\/wp-content\/uploads\/2024\/04\/Superficie-de-revolucion-conjunto-4-1536x1059.jpg 1536w, https:\/\/adrianaarronte.com.es\/wp-content\/uploads\/2024\/04\/Superficie-de-revolucion-conjunto-4.jpg 1567w\" sizes=\"auto, (max-width: 1024px) 100vw, 1024px\" \/><\/figure>\n<\/figure>\n<\/div>\n\n\n\n<div class=\"wp-block-column is-layout-flow wp-block-column-is-layout-flow\">\n<p class=\"has-small-font-size\"><strong>SERIE SUPERFICIE DE REVOLUCI\u00d3N | REVOLUTION SURFACE<\/strong><br>2019<br>Metal grabado y marco de madera<\/p>\n\n\n\n<p class=\"has-small-font-size\">Se denomina\u00a0revoluci\u00f3n a un cambio profundo, generalmente violento, en las estructuras pol\u00edticas y socioecon\u00f3micas de una comunidad. En matem\u00e1ticas, <em>superficie de revoluci\u00f3n<\/em>\u00a0define a toda figura geom\u00e9trica que se forma al hacer girar una recta m\u00f3vil alrededor de otra fija. Las revoluciones (con)decoran y significan su imagen por medio de insignias, medallas, cinturones, alianzas, tocados. Los accesorios, lejos de ser un a\u00f1adido superficial del vestuario, construyen o simulan la identidad y status del individuo. Empleo el metal por ser uno de los soportes m\u00e1s antiguos en la construcci\u00f3n de estos accesorios y el grabado, se aproxima a la t\u00e9cnica y superficie de los objetos citados. \u00a0<\/p>\n<\/div>\n<\/div>\n\n\n\n<div class=\"wp-block-columns is-layout-flex wp-container-core-columns-is-layout-9d6595d7 wp-block-columns-is-layout-flex\">\n<div class=\"wp-block-column is-layout-flow wp-block-column-is-layout-flow\" style=\"flex-basis:33.33%\">\n<figure class=\"wp-block-image size-large\"><a href=\"https:\/\/adrianaarronte.com.es\/index.php\/obras\/dibujos-drawings\/superficie-de-revolucion\/pendientes-4\/\"><img loading=\"lazy\" decoding=\"async\" width=\"1024\" height=\"1024\" src=\"https:\/\/adrianaarronte.com.es\/wp-content\/uploads\/2024\/04\/Pendientes-4-1024x1024.jpg\" alt=\"\" class=\"wp-image-1143\" srcset=\"https:\/\/adrianaarronte.com.es\/wp-content\/uploads\/2024\/04\/Pendientes-4-1024x1024.jpg 1024w, https:\/\/adrianaarronte.com.es\/wp-content\/uploads\/2024\/04\/Pendientes-4-300x300.jpg 300w, https:\/\/adrianaarronte.com.es\/wp-content\/uploads\/2024\/04\/Pendientes-4-150x150.jpg 150w, https:\/\/adrianaarronte.com.es\/wp-content\/uploads\/2024\/04\/Pendientes-4-768x768.jpg 768w, https:\/\/adrianaarronte.com.es\/wp-content\/uploads\/2024\/04\/Pendientes-4.jpg 1080w\" sizes=\"auto, (max-width: 1024px) 100vw, 1024px\" \/><\/a><\/figure>\n<\/div>\n\n\n\n<div class=\"wp-block-column is-layout-flow wp-block-column-is-layout-flow\" style=\"flex-basis:66.66%\">\n<p class=\"has-small-font-size\"><strong>PENDIENTES <\/strong>&nbsp;| <strong>EARRINGS<\/strong><br>Metal grabado y marco de madera<br>50 x 30 cm<br><br>El t\u00e9rmino \u201cpendiente\u201d contiene la expectativa de un suceso. Se refiere adem\u00e1s a la inclinaci\u00f3n descendente, decadencia o declive. La pieza re\u00fane aretes pertenecientes a diferentes personajes hist\u00f3ricos o distintivos de tribus y culturas. La ubicaci\u00f3n de este adorno en \u00f3rganos sensoriales, permite asociar la joya al acto de percepci\u00f3n y escucha. El procedimiento incisivo de la prenda sobre el cuerpo evoca la acci\u00f3n traspaso y perforaci\u00f3n del cuerpo por incorporar un accesorio que proporciona distinci\u00f3n. &nbsp;&nbsp;<\/p>\n<\/div>\n<\/div>\n\n\n\n<div class=\"wp-block-columns is-layout-flex wp-container-core-columns-is-layout-9d6595d7 wp-block-columns-is-layout-flex\">\n<div class=\"wp-block-column is-layout-flow wp-block-column-is-layout-flow\" style=\"flex-basis:33.33%\">\n<figure class=\"wp-block-gallery has-nested-images columns-default is-cropped wp-block-gallery-2 is-layout-flex wp-block-gallery-is-layout-flex\">\n<figure class=\"wp-block-image size-large\"><a href=\"https:\/\/adrianaarronte.com.es\/index.php\/obras\/dibujos-drawings\/superficie-de-revolucion\/dr-5\/\"><img loading=\"lazy\" decoding=\"async\" width=\"1024\" height=\"1017\" data-id=\"1146\" src=\"https:\/\/adrianaarronte.com.es\/wp-content\/uploads\/2024\/04\/Condecorado-2-1024x1017.jpg\" alt=\"\" class=\"wp-image-1146\" srcset=\"https:\/\/adrianaarronte.com.es\/wp-content\/uploads\/2024\/04\/Condecorado-2-1024x1017.jpg 1024w, https:\/\/adrianaarronte.com.es\/wp-content\/uploads\/2024\/04\/Condecorado-2-300x298.jpg 300w, https:\/\/adrianaarronte.com.es\/wp-content\/uploads\/2024\/04\/Condecorado-2-150x150.jpg 150w, https:\/\/adrianaarronte.com.es\/wp-content\/uploads\/2024\/04\/Condecorado-2-768x762.jpg 768w, https:\/\/adrianaarronte.com.es\/wp-content\/uploads\/2024\/04\/Condecorado-2-1536x1525.jpg 1536w, https:\/\/adrianaarronte.com.es\/wp-content\/uploads\/2024\/04\/Condecorado-2-2048x2033.jpg 2048w\" sizes=\"auto, (max-width: 1024px) 100vw, 1024px\" \/><\/a><\/figure>\n<\/figure>\n<\/div>\n\n\n\n<div class=\"wp-block-column is-layout-flow wp-block-column-is-layout-flow\" style=\"flex-basis:66.66%\">\n<p class=\"has-small-font-size\"><strong>CONDECORADO | AWARDS<\/strong><br>Metal grabado y marco de madera<br>50 x 50 cm<\/p>\n\n\n\n<p class=\"has-small-font-size\">Esta pieza agrupa un mont\u00edculo de medallas de condecorativas, que tienen en com\u00fan la presencia de figuras femeninas. Pertenecen a diferentes pa\u00edses y momentos hist\u00f3ricos. Explora jerarqu\u00edas de valor y distinci\u00f3n, establecidas por el hombre en campos diversos y en ocasiones contrarios.&nbsp;<\/p>\n<\/div>\n<\/div>\n\n\n\n<div class=\"wp-block-columns is-layout-flex wp-container-core-columns-is-layout-9d6595d7 wp-block-columns-is-layout-flex\">\n<div class=\"wp-block-column is-layout-flow wp-block-column-is-layout-flow\">\n<figure class=\"wp-block-gallery has-nested-images columns-default is-cropped wp-block-gallery-3 is-layout-flex wp-block-gallery-is-layout-flex\">\n<figure class=\"wp-block-image size-large\"><a href=\"https:\/\/adrianaarronte.com.es\/index.php\/obras\/dibujos-drawings\/superficie-de-revolucion\/alianza-2-2\/\"><img loading=\"lazy\" decoding=\"async\" width=\"1024\" height=\"519\" data-id=\"1154\" src=\"https:\/\/adrianaarronte.com.es\/wp-content\/uploads\/2024\/04\/Alianza-2-1024x519.jpg\" alt=\"\" class=\"wp-image-1154\" srcset=\"https:\/\/adrianaarronte.com.es\/wp-content\/uploads\/2024\/04\/Alianza-2-1024x519.jpg 1024w, https:\/\/adrianaarronte.com.es\/wp-content\/uploads\/2024\/04\/Alianza-2-300x152.jpg 300w, https:\/\/adrianaarronte.com.es\/wp-content\/uploads\/2024\/04\/Alianza-2-768x389.jpg 768w, https:\/\/adrianaarronte.com.es\/wp-content\/uploads\/2024\/04\/Alianza-2-1536x779.jpg 1536w, https:\/\/adrianaarronte.com.es\/wp-content\/uploads\/2024\/04\/Alianza-2.jpg 1973w\" sizes=\"auto, (max-width: 1024px) 100vw, 1024px\" \/><\/a><\/figure>\n<\/figure>\n<\/div>\n\n\n\n<div class=\"wp-block-column is-layout-flow wp-block-column-is-layout-flow\">\n<p class=\"has-small-font-size\"><strong>ALIANZA | ALlIANCE<\/strong>&nbsp;<br>Metal grabado y marco de madera<br>20 x 50 cm<\/p>\n\n\n\n<p class=\"has-small-font-size\">El anillo es s\u00edmbolo de compromiso y poder, ambos estados son paradigmas en las relaciones humanas, siendo motivo de gloria o violentas batallas. Sus dise\u00f1os pueden revelar credos, grupos sociales, lazos familiares\u2026 Al enlazar diferentes estilos de anillos equiparo lo com\u00fan en ellos, se establece un dialogo de identidades.<\/p>\n<\/div>\n<\/div>\n\n\n\n<div class=\"wp-block-columns is-layout-flex wp-container-core-columns-is-layout-9d6595d7 wp-block-columns-is-layout-flex\">\n<div class=\"wp-block-column is-layout-flow wp-block-column-is-layout-flow\" style=\"flex-basis:66.66%\">\n<figure class=\"wp-block-gallery has-nested-images columns-default is-cropped wp-block-gallery-4 is-layout-flex wp-block-gallery-is-layout-flex\">\n<figure class=\"wp-block-image size-large\"><a href=\"https:\/\/adrianaarronte.com.es\/index.php\/obras\/dibujos-drawings\/superficie-de-revolucion\/apretados-1\/\"><img loading=\"lazy\" decoding=\"async\" width=\"1024\" height=\"342\" data-id=\"1158\" src=\"https:\/\/adrianaarronte.com.es\/wp-content\/uploads\/2024\/04\/Apretados-1-1024x342.jpg\" alt=\"\" class=\"wp-image-1158\" srcset=\"https:\/\/adrianaarronte.com.es\/wp-content\/uploads\/2024\/04\/Apretados-1-1024x342.jpg 1024w, https:\/\/adrianaarronte.com.es\/wp-content\/uploads\/2024\/04\/Apretados-1-300x100.jpg 300w, https:\/\/adrianaarronte.com.es\/wp-content\/uploads\/2024\/04\/Apretados-1-768x257.jpg 768w, https:\/\/adrianaarronte.com.es\/wp-content\/uploads\/2024\/04\/Apretados-1-1536x513.jpg 1536w, https:\/\/adrianaarronte.com.es\/wp-content\/uploads\/2024\/04\/Apretados-1-2048x684.jpg 2048w\" sizes=\"auto, (max-width: 1024px) 100vw, 1024px\" \/><\/a><\/figure>\n<\/figure>\n<\/div>\n\n\n\n<div class=\"wp-block-column is-layout-flow wp-block-column-is-layout-flow\" style=\"flex-basis:33.33%\">\n<p class=\"has-small-font-size\"><strong>APRETADOS \u00a0| TIGHT<\/strong><br>Metal grabado y marco de madera<br>30 x 150 cm<br>Constituye una secuencia de hebillas de cinto. La expresi\u00f3n \u201capretarse el cintur\u00f3n\u201d implica prepararse para tiempos dif\u00edciles. \u201cMeter en cintura\u201d por su parte comprende una suerte de contenci\u00f3n y poder opresivo atribuido a la prenda. Este objeto hace cr\u00f3nica de su tiempo, sus dise\u00f1os pueden ser especialmente distintivos del individuo que los porta. La secuencia narra una historia. El enlace de todas las hebillas mediante la correa, refuerza la unidad social y com\u00fan estado de afecci\u00f3n.<\/p>\n<\/div>\n<\/div>\n","protected":false},"excerpt":{"rendered":"<p>SERIE SUPERFICIE DE REVOLUCI\u00d3N | REVOLUTION SURFACE2019Metal grabado y marco de madera Se denomina\u00a0revoluci\u00f3n a un cambio profundo, generalmente violento, en las estructuras pol\u00edticas y socioecon\u00f3micas de una comunidad. En matem\u00e1ticas, superficie de revoluci\u00f3n\u00a0define a toda figura geom\u00e9trica que se forma al hacer girar una recta m\u00f3vil alrededor de otra fija. Las revoluciones (con)decoran y&hellip;&nbsp;<a href=\"https:\/\/adrianaarronte.com.es\/index.php\/obras\/dibujos-drawings\/superficie-de-revolucion\/\" rel=\"bookmark\"><span class=\"screen-reader-text\">Superficie de revoluci\u00f3n<\/span><\/a><\/p>\n","protected":false},"author":1,"featured_media":0,"parent":129,"menu_order":7,"comment_status":"closed","ping_status":"closed","template":"","meta":{"neve_meta_sidebar":"","neve_meta_container":"","neve_meta_enable_content_width":"","neve_meta_content_width":0,"neve_meta_title_alignment":"","neve_meta_author_avatar":"","neve_post_elements_order":"","neve_meta_disable_header":"","neve_meta_disable_footer":"","neve_meta_disable_title":"on","footnotes":""},"class_list":["post-1115","page","type-page","status-publish","hentry"],"yoast_head":"<!-- This site is optimized with the Yoast SEO plugin v21.6 - https:\/\/yoast.com\/wordpress\/plugins\/seo\/ -->\n<title>Superficie de revoluci\u00f3n - ADRIANA ARRONTE<\/title>\n<meta name=\"description\" content=\"Las revoluciones (con)decoran y significan su imagen por medio de insignias, medallas, cinturones, alianzas, tocados. Los accesorios, lejos de ser un a\u00f1adido superficial del vestuario, construyen o simulan la identidad y status del individuo.\" \/>\n<meta name=\"robots\" content=\"index, follow, max-snippet:-1, max-image-preview:large, max-video-preview:-1\" \/>\n<link rel=\"canonical\" href=\"https:\/\/adrianaarronte.com.es\/index.php\/obras\/dibujos-drawings\/superficie-de-revolucion\/\" \/>\n<meta property=\"og:locale\" content=\"es_ES\" \/>\n<meta property=\"og:type\" content=\"article\" \/>\n<meta property=\"og:title\" content=\"Superficie de revoluci\u00f3n - ADRIANA ARRONTE\" \/>\n<meta property=\"og:description\" content=\"Las revoluciones (con)decoran y significan su imagen por medio de insignias, medallas, cinturones, alianzas, tocados. Los accesorios, lejos de ser un a\u00f1adido superficial del vestuario, construyen o simulan la identidad y status del individuo.\" \/>\n<meta property=\"og:url\" content=\"https:\/\/adrianaarronte.com.es\/index.php\/obras\/dibujos-drawings\/superficie-de-revolucion\/\" \/>\n<meta property=\"og:site_name\" content=\"ADRIANA ARRONTE\" \/>\n<meta property=\"article:modified_time\" content=\"2025-07-14T18:03:58+00:00\" \/>\n<meta property=\"og:image\" content=\"https:\/\/adrianaarronte.com.es\/wp-content\/uploads\/2024\/04\/Superficie-de-revolucion-conjunto-4-1024x706.jpg\" \/>\n<meta name=\"twitter:card\" content=\"summary_large_image\" \/>\n<meta name=\"twitter:label1\" content=\"Tiempo de lectura\" \/>\n\t<meta name=\"twitter:data1\" content=\"3 minutos\" \/>\n<script type=\"application\/ld+json\" class=\"yoast-schema-graph\">{\"@context\":\"https:\/\/schema.org\",\"@graph\":[{\"@type\":\"WebPage\",\"@id\":\"https:\/\/adrianaarronte.com.es\/index.php\/obras\/dibujos-drawings\/superficie-de-revolucion\/\",\"url\":\"https:\/\/adrianaarronte.com.es\/index.php\/obras\/dibujos-drawings\/superficie-de-revolucion\/\",\"name\":\"Superficie de revoluci\u00f3n - ADRIANA ARRONTE\",\"isPartOf\":{\"@id\":\"https:\/\/adrianaarronte.com.es\/#website\"},\"datePublished\":\"2024-04-21T13:58:51+00:00\",\"dateModified\":\"2025-07-14T18:03:58+00:00\",\"description\":\"Las revoluciones (con)decoran y significan su imagen por medio de insignias, medallas, cinturones, alianzas, tocados. Los accesorios, lejos de ser un a\u00f1adido superficial del vestuario, construyen o simulan la identidad y status del individuo.\",\"breadcrumb\":{\"@id\":\"https:\/\/adrianaarronte.com.es\/index.php\/obras\/dibujos-drawings\/superficie-de-revolucion\/#breadcrumb\"},\"inLanguage\":\"es\",\"potentialAction\":[{\"@type\":\"ReadAction\",\"target\":[\"https:\/\/adrianaarronte.com.es\/index.php\/obras\/dibujos-drawings\/superficie-de-revolucion\/\"]}]},{\"@type\":\"BreadcrumbList\",\"@id\":\"https:\/\/adrianaarronte.com.es\/index.php\/obras\/dibujos-drawings\/superficie-de-revolucion\/#breadcrumb\",\"itemListElement\":[{\"@type\":\"ListItem\",\"position\":1,\"name\":\"Home\",\"item\":\"https:\/\/adrianaarronte.com.es\/\"},{\"@type\":\"ListItem\",\"position\":2,\"name\":\"OBRAS\",\"item\":\"https:\/\/adrianaarronte.com.es\/index.php\/obras\/\"},{\"@type\":\"ListItem\",\"position\":3,\"name\":\"Dibujos\",\"item\":\"https:\/\/adrianaarronte.com.es\/index.php\/obras\/dibujos-drawings\/\"},{\"@type\":\"ListItem\",\"position\":4,\"name\":\"Superficie de revoluci\u00f3n\"}]},{\"@type\":\"WebSite\",\"@id\":\"https:\/\/adrianaarronte.com.es\/#website\",\"url\":\"https:\/\/adrianaarronte.com.es\/\",\"name\":\"ADRIANA ARRONTE\",\"description\":\"\",\"potentialAction\":[{\"@type\":\"SearchAction\",\"target\":{\"@type\":\"EntryPoint\",\"urlTemplate\":\"https:\/\/adrianaarronte.com.es\/?s={search_term_string}\"},\"query-input\":\"required name=search_term_string\"}],\"inLanguage\":\"es\"}]}<\/script>\n<!-- \/ Yoast SEO plugin. -->","yoast_head_json":{"title":"Superficie de revoluci\u00f3n - ADRIANA ARRONTE","description":"Las revoluciones (con)decoran y significan su imagen por medio de insignias, medallas, cinturones, alianzas, tocados. Los accesorios, lejos de ser un a\u00f1adido superficial del vestuario, construyen o simulan la identidad y status del individuo.","robots":{"index":"index","follow":"follow","max-snippet":"max-snippet:-1","max-image-preview":"max-image-preview:large","max-video-preview":"max-video-preview:-1"},"canonical":"https:\/\/adrianaarronte.com.es\/index.php\/obras\/dibujos-drawings\/superficie-de-revolucion\/","og_locale":"es_ES","og_type":"article","og_title":"Superficie de revoluci\u00f3n - ADRIANA ARRONTE","og_description":"Las revoluciones (con)decoran y significan su imagen por medio de insignias, medallas, cinturones, alianzas, tocados. Los accesorios, lejos de ser un a\u00f1adido superficial del vestuario, construyen o simulan la identidad y status del individuo.","og_url":"https:\/\/adrianaarronte.com.es\/index.php\/obras\/dibujos-drawings\/superficie-de-revolucion\/","og_site_name":"ADRIANA ARRONTE","article_modified_time":"2025-07-14T18:03:58+00:00","og_image":[{"url":"https:\/\/adrianaarronte.com.es\/wp-content\/uploads\/2024\/04\/Superficie-de-revolucion-conjunto-4-1024x706.jpg"}],"twitter_card":"summary_large_image","twitter_misc":{"Tiempo de lectura":"3 minutos"},"schema":{"@context":"https:\/\/schema.org","@graph":[{"@type":"WebPage","@id":"https:\/\/adrianaarronte.com.es\/index.php\/obras\/dibujos-drawings\/superficie-de-revolucion\/","url":"https:\/\/adrianaarronte.com.es\/index.php\/obras\/dibujos-drawings\/superficie-de-revolucion\/","name":"Superficie de revoluci\u00f3n - ADRIANA ARRONTE","isPartOf":{"@id":"https:\/\/adrianaarronte.com.es\/#website"},"datePublished":"2024-04-21T13:58:51+00:00","dateModified":"2025-07-14T18:03:58+00:00","description":"Las revoluciones (con)decoran y significan su imagen por medio de insignias, medallas, cinturones, alianzas, tocados. Los accesorios, lejos de ser un a\u00f1adido superficial del vestuario, construyen o simulan la identidad y status del individuo.","breadcrumb":{"@id":"https:\/\/adrianaarronte.com.es\/index.php\/obras\/dibujos-drawings\/superficie-de-revolucion\/#breadcrumb"},"inLanguage":"es","potentialAction":[{"@type":"ReadAction","target":["https:\/\/adrianaarronte.com.es\/index.php\/obras\/dibujos-drawings\/superficie-de-revolucion\/"]}]},{"@type":"BreadcrumbList","@id":"https:\/\/adrianaarronte.com.es\/index.php\/obras\/dibujos-drawings\/superficie-de-revolucion\/#breadcrumb","itemListElement":[{"@type":"ListItem","position":1,"name":"Home","item":"https:\/\/adrianaarronte.com.es\/"},{"@type":"ListItem","position":2,"name":"OBRAS","item":"https:\/\/adrianaarronte.com.es\/index.php\/obras\/"},{"@type":"ListItem","position":3,"name":"Dibujos","item":"https:\/\/adrianaarronte.com.es\/index.php\/obras\/dibujos-drawings\/"},{"@type":"ListItem","position":4,"name":"Superficie de revoluci\u00f3n"}]},{"@type":"WebSite","@id":"https:\/\/adrianaarronte.com.es\/#website","url":"https:\/\/adrianaarronte.com.es\/","name":"ADRIANA ARRONTE","description":"","potentialAction":[{"@type":"SearchAction","target":{"@type":"EntryPoint","urlTemplate":"https:\/\/adrianaarronte.com.es\/?s={search_term_string}"},"query-input":"required name=search_term_string"}],"inLanguage":"es"}]}},"_links":{"self":[{"href":"https:\/\/adrianaarronte.com.es\/index.php\/wp-json\/wp\/v2\/pages\/1115","targetHints":{"allow":["GET"]}}],"collection":[{"href":"https:\/\/adrianaarronte.com.es\/index.php\/wp-json\/wp\/v2\/pages"}],"about":[{"href":"https:\/\/adrianaarronte.com.es\/index.php\/wp-json\/wp\/v2\/types\/page"}],"author":[{"embeddable":true,"href":"https:\/\/adrianaarronte.com.es\/index.php\/wp-json\/wp\/v2\/users\/1"}],"replies":[{"embeddable":true,"href":"https:\/\/adrianaarronte.com.es\/index.php\/wp-json\/wp\/v2\/comments?post=1115"}],"version-history":[{"count":19,"href":"https:\/\/adrianaarronte.com.es\/index.php\/wp-json\/wp\/v2\/pages\/1115\/revisions"}],"predecessor-version":[{"id":1164,"href":"https:\/\/adrianaarronte.com.es\/index.php\/wp-json\/wp\/v2\/pages\/1115\/revisions\/1164"}],"up":[{"embeddable":true,"href":"https:\/\/adrianaarronte.com.es\/index.php\/wp-json\/wp\/v2\/pages\/129"}],"wp:attachment":[{"href":"https:\/\/adrianaarronte.com.es\/index.php\/wp-json\/wp\/v2\/media?parent=1115"}],"curies":[{"name":"wp","href":"https:\/\/api.w.org\/{rel}","templated":true}]}}