{"id":1199,"date":"2024-04-22T12:25:23","date_gmt":"2024-04-22T10:25:23","guid":{"rendered":"https:\/\/adrianaarronte.com.es\/?page_id=1199"},"modified":"2025-07-14T20:26:02","modified_gmt":"2025-07-14T18:26:02","slug":"elevados","status":"publish","type":"page","link":"https:\/\/adrianaarronte.com.es\/index.php\/obras\/dibujos-drawings\/elevados\/","title":{"rendered":"Elevados"},"content":{"rendered":"\n<p class=\"has-ast-global-color-8-color has-text-color has-link-color has-small-font-size wp-elements-50f38e3433abf979c8ee26bdb4555678\"> Dibujos | Drawings<\/p>\n\n\n\n<div class=\"wp-block-columns is-layout-flex wp-container-core-columns-is-layout-9d6595d7 wp-block-columns-is-layout-flex\">\n<div class=\"wp-block-column is-layout-flow wp-block-column-is-layout-flow\">\n<figure class=\"wp-block-gallery has-nested-images columns-default is-cropped wp-block-gallery-1 is-layout-flex wp-block-gallery-is-layout-flex\">\n<figure class=\"wp-block-image size-full\"><a href=\"https:\/\/adrianaarronte.com.es\/index.php\/obras\/dibujos-drawings\/elevados\/elevados-adriana-arronte\/\"><img loading=\"lazy\" decoding=\"async\" width=\"2560\" height=\"1002\" data-id=\"1203\" src=\"https:\/\/adrianaarronte.com.es\/wp-content\/uploads\/2024\/04\/Elevados-Adriana-Arronte-scaled.jpg\" alt=\"\" class=\"wp-image-1203\" srcset=\"https:\/\/adrianaarronte.com.es\/wp-content\/uploads\/2024\/04\/Elevados-Adriana-Arronte-scaled.jpg 2560w, https:\/\/adrianaarronte.com.es\/wp-content\/uploads\/2024\/04\/Elevados-Adriana-Arronte-300x117.jpg 300w, https:\/\/adrianaarronte.com.es\/wp-content\/uploads\/2024\/04\/Elevados-Adriana-Arronte-1024x401.jpg 1024w, https:\/\/adrianaarronte.com.es\/wp-content\/uploads\/2024\/04\/Elevados-Adriana-Arronte-768x301.jpg 768w, https:\/\/adrianaarronte.com.es\/wp-content\/uploads\/2024\/04\/Elevados-Adriana-Arronte-1536x601.jpg 1536w, https:\/\/adrianaarronte.com.es\/wp-content\/uploads\/2024\/04\/Elevados-Adriana-Arronte-2048x801.jpg 2048w\" sizes=\"auto, (max-width: 2560px) 100vw, 2560px\" \/><\/a><\/figure>\n<\/figure>\n\n\n\n<div class=\"wp-block-columns is-layout-flex wp-container-core-columns-is-layout-9d6595d7 wp-block-columns-is-layout-flex\">\n<div class=\"wp-block-column is-layout-flow wp-block-column-is-layout-flow\"><\/div>\n<\/div>\n\n\n\n<div class=\"wp-block-columns is-layout-flex wp-container-core-columns-is-layout-9d6595d7 wp-block-columns-is-layout-flex\">\n<div class=\"wp-block-column is-layout-flow wp-block-column-is-layout-flow\"><\/div>\n<\/div>\n\n\n\n<figure class=\"wp-block-gallery has-nested-images columns-default is-cropped wp-block-gallery-2 is-layout-flex wp-block-gallery-is-layout-flex\">\n<figure class=\"wp-block-image size-large\"><img loading=\"lazy\" decoding=\"async\" width=\"1024\" height=\"185\" data-id=\"1214\" src=\"https:\/\/adrianaarronte.com.es\/wp-content\/uploads\/2024\/04\/todos-2-1024x185.jpg\" alt=\"\" class=\"wp-image-1214\" srcset=\"https:\/\/adrianaarronte.com.es\/wp-content\/uploads\/2024\/04\/todos-2-1024x185.jpg 1024w, https:\/\/adrianaarronte.com.es\/wp-content\/uploads\/2024\/04\/todos-2-300x54.jpg 300w, https:\/\/adrianaarronte.com.es\/wp-content\/uploads\/2024\/04\/todos-2-768x139.jpg 768w, https:\/\/adrianaarronte.com.es\/wp-content\/uploads\/2024\/04\/todos-2-1536x278.jpg 1536w, https:\/\/adrianaarronte.com.es\/wp-content\/uploads\/2024\/04\/todos-2.jpg 1764w\" sizes=\"auto, (max-width: 1024px) 100vw, 1024px\" \/><\/figure>\n<\/figure>\n<\/div>\n\n\n\n<div class=\"wp-block-column is-layout-flow wp-block-column-is-layout-flow\">\n<p class=\"has-small-font-size\"><strong>ELEVADOS | RAISE, <\/strong>2018<br>8 Dibujos <strong>|<\/strong> drawing 8<br>acr\u00edlico plateado sobre cartulina <strong>|<\/strong> Silver acr\u00edlic in cardboard<br>33 x 50 cm c \u0337 u <strong>|<\/strong> 8 x 11 inch<\/p>\n\n\n\n<p class=\"has-small-font-size\">Cordillera creada por collares hist\u00f3ricos, de diferentes regiones y per\u00edodos. Contribuyen a la construcci\u00f3n de la imagen y status del individuo. Me interes\u00f3 contraponer conceptos asignados al collar, que a su vez pueden atribuirse al sujeto. Las prendas seleccionadas han detonado revoluciones, creado leyendas, maldiciones o genocidios. <\/p>\n\n\n\n<p class=\"has-nv-c-1-color has-text-color has-link-color has-small-font-size wp-elements-f6bbcdcf3ec8a3760ad035c6e5a1d0d0\">Mountain range created by historical collars, from different regions and periods. Some luxury, torture, worship or identification accessories go through a vital, physical and symbolic area. They contribute to the construction of the image and status of the individual. I was interested in contrasting concepts assigned to the necklace, which in turn can be attributed to the subject and confront their behavior in different cultures and moments of history.<\/p>\n<\/div>\n<\/div>\n\n\n\n<div class=\"wp-block-columns is-layout-flex wp-container-core-columns-is-layout-9d6595d7 wp-block-columns-is-layout-flex\">\n<div class=\"wp-block-column is-layout-flow wp-block-column-is-layout-flow\">\n<div class=\"wp-block-columns is-layout-flex wp-container-core-columns-is-layout-9d6595d7 wp-block-columns-is-layout-flex\">\n<div class=\"wp-block-column is-layout-flow wp-block-column-is-layout-flow\">\n<figure class=\"wp-block-gallery has-nested-images columns-default is-cropped wp-block-gallery-3 is-layout-flex wp-block-gallery-is-layout-flex\">\n<figure class=\"wp-block-image size-large\"><a href=\"https:\/\/adrianaarronte.com.es\/wp-content\/uploads\/2024\/04\/mariaantonieta-2.jpg\"><img loading=\"lazy\" decoding=\"async\" width=\"931\" height=\"613\" data-id=\"1237\" src=\"https:\/\/adrianaarronte.com.es\/wp-content\/uploads\/2024\/04\/mariaantonieta-2.jpg\" alt=\"\" class=\"wp-image-1237\" srcset=\"https:\/\/adrianaarronte.com.es\/wp-content\/uploads\/2024\/04\/mariaantonieta-2.jpg 931w, https:\/\/adrianaarronte.com.es\/wp-content\/uploads\/2024\/04\/mariaantonieta-2-300x198.jpg 300w, https:\/\/adrianaarronte.com.es\/wp-content\/uploads\/2024\/04\/mariaantonieta-2-768x506.jpg 768w\" sizes=\"auto, (max-width: 931px) 100vw, 931px\" \/><\/a><figcaption class=\"wp-element-caption\">Maria Antonieta<\/figcaption><\/figure>\n<\/figure>\n<\/div>\n\n\n\n<div class=\"wp-block-column is-layout-flow wp-block-column-is-layout-flow\">\n<figure class=\"wp-block-gallery has-nested-images columns-default is-cropped wp-block-gallery-4 is-layout-flex wp-block-gallery-is-layout-flex\">\n<figure class=\"wp-block-image size-large\"><a href=\"https:\/\/adrianaarronte.com.es\/index.php\/obras\/dibujos-drawings\/elevados\/punitivo-0\/\"><img loading=\"lazy\" decoding=\"async\" width=\"1024\" height=\"671\" data-id=\"1228\" src=\"https:\/\/adrianaarronte.com.es\/wp-content\/uploads\/2024\/04\/punitivo-0-1024x671.jpg\" alt=\"\" class=\"wp-image-1228\" srcset=\"https:\/\/adrianaarronte.com.es\/wp-content\/uploads\/2024\/04\/punitivo-0-1024x671.jpg 1024w, https:\/\/adrianaarronte.com.es\/wp-content\/uploads\/2024\/04\/punitivo-0-300x197.jpg 300w, https:\/\/adrianaarronte.com.es\/wp-content\/uploads\/2024\/04\/punitivo-0-768x503.jpg 768w, https:\/\/adrianaarronte.com.es\/wp-content\/uploads\/2024\/04\/punitivo-0.jpg 1143w\" sizes=\"auto, (max-width: 1024px) 100vw, 1024px\" \/><\/a><figcaption class=\"wp-element-caption\">Punitivo<\/figcaption><\/figure>\n<\/figure>\n<\/div>\n<\/div>\n<\/div>\n\n\n\n<div class=\"wp-block-column is-layout-flow wp-block-column-is-layout-flow\">\n<div class=\"wp-block-columns is-layout-flex wp-container-core-columns-is-layout-9d6595d7 wp-block-columns-is-layout-flex\">\n<div class=\"wp-block-column is-layout-flow wp-block-column-is-layout-flow\">\n<figure class=\"wp-block-gallery has-nested-images columns-default is-cropped wp-block-gallery-5 is-layout-flex wp-block-gallery-is-layout-flex\">\n<figure class=\"wp-block-image size-large\"><a href=\"https:\/\/adrianaarronte.com.es\/index.php\/obras\/dibujos-drawings\/elevados\/perla-peregrrina\/\"><img loading=\"lazy\" decoding=\"async\" width=\"1024\" height=\"678\" data-id=\"1229\" src=\"https:\/\/adrianaarronte.com.es\/wp-content\/uploads\/2024\/04\/perla-peregrrina-1024x678.jpg\" alt=\"\" class=\"wp-image-1229\" srcset=\"https:\/\/adrianaarronte.com.es\/wp-content\/uploads\/2024\/04\/perla-peregrrina-1024x678.jpg 1024w, https:\/\/adrianaarronte.com.es\/wp-content\/uploads\/2024\/04\/perla-peregrrina-300x199.jpg 300w, https:\/\/adrianaarronte.com.es\/wp-content\/uploads\/2024\/04\/perla-peregrrina-768x509.jpg 768w, https:\/\/adrianaarronte.com.es\/wp-content\/uploads\/2024\/04\/perla-peregrrina.jpg 1117w\" sizes=\"auto, (max-width: 1024px) 100vw, 1024px\" \/><\/a><figcaption class=\"wp-element-caption\">Perla peregrina<\/figcaption><\/figure>\n<\/figure>\n<\/div>\n\n\n\n<div class=\"wp-block-column is-layout-flow wp-block-column-is-layout-flow\">\n<figure class=\"wp-block-gallery has-nested-images columns-default is-cropped wp-block-gallery-6 is-layout-flex wp-block-gallery-is-layout-flex\">\n<figure class=\"wp-block-image size-large\"><a href=\"https:\/\/adrianaarronte.com.es\/index.php\/obras\/dibujos-drawings\/elevados\/inca\/\"><img loading=\"lazy\" decoding=\"async\" width=\"575\" height=\"378\" data-id=\"1232\" src=\"https:\/\/adrianaarronte.com.es\/wp-content\/uploads\/2024\/04\/inca.jpg\" alt=\"\" class=\"wp-image-1232\" srcset=\"https:\/\/adrianaarronte.com.es\/wp-content\/uploads\/2024\/04\/inca.jpg 575w, https:\/\/adrianaarronte.com.es\/wp-content\/uploads\/2024\/04\/inca-300x197.jpg 300w\" sizes=\"auto, (max-width: 575px) 100vw, 575px\" \/><\/a><figcaption class=\"wp-element-caption\">Inca<\/figcaption><\/figure>\n<\/figure>\n<\/div>\n<\/div>\n<\/div>\n<\/div>\n\n\n\n<div class=\"wp-block-columns is-layout-flex wp-container-core-columns-is-layout-9d6595d7 wp-block-columns-is-layout-flex\">\n<div class=\"wp-block-column is-layout-flow wp-block-column-is-layout-flow\">\n<div class=\"wp-block-columns is-layout-flex wp-container-core-columns-is-layout-9d6595d7 wp-block-columns-is-layout-flex\">\n<div class=\"wp-block-column is-layout-flow wp-block-column-is-layout-flow\">\n<figure class=\"wp-block-gallery has-nested-images columns-default is-cropped wp-block-gallery-7 is-layout-flex wp-block-gallery-is-layout-flex\">\n<figure class=\"wp-block-image size-large\"><a href=\"https:\/\/adrianaarronte.com.es\/index.php\/obras\/dibujos-drawings\/elevados\/magatama\/\"><img loading=\"lazy\" decoding=\"async\" width=\"864\" height=\"567\" data-id=\"1240\" src=\"https:\/\/adrianaarronte.com.es\/wp-content\/uploads\/2024\/04\/magatama.jpg\" alt=\"\" class=\"wp-image-1240\" srcset=\"https:\/\/adrianaarronte.com.es\/wp-content\/uploads\/2024\/04\/magatama.jpg 864w, https:\/\/adrianaarronte.com.es\/wp-content\/uploads\/2024\/04\/magatama-300x197.jpg 300w, https:\/\/adrianaarronte.com.es\/wp-content\/uploads\/2024\/04\/magatama-768x504.jpg 768w\" sizes=\"auto, (max-width: 864px) 100vw, 864px\" \/><\/a><figcaption class=\"wp-element-caption\">Magatama<\/figcaption><\/figure>\n<\/figure>\n<\/div>\n\n\n\n<div class=\"wp-block-column is-layout-flow wp-block-column-is-layout-flow\">\n<figure class=\"wp-block-gallery has-nested-images columns-default is-cropped wp-block-gallery-8 is-layout-flex wp-block-gallery-is-layout-flex\">\n<figure class=\"wp-block-image size-large\"><a href=\"https:\/\/adrianaarronte.com.es\/index.php\/obras\/dibujos-drawings\/elevados\/hope\/\"><img loading=\"lazy\" decoding=\"async\" width=\"693\" height=\"458\" data-id=\"1241\" src=\"https:\/\/adrianaarronte.com.es\/wp-content\/uploads\/2024\/04\/hope.jpg\" alt=\"\" class=\"wp-image-1241\" srcset=\"https:\/\/adrianaarronte.com.es\/wp-content\/uploads\/2024\/04\/hope.jpg 693w, https:\/\/adrianaarronte.com.es\/wp-content\/uploads\/2024\/04\/hope-300x198.jpg 300w\" sizes=\"auto, (max-width: 693px) 100vw, 693px\" \/><\/a><figcaption class=\"wp-element-caption\">Hope<\/figcaption><\/figure>\n<\/figure>\n<\/div>\n<\/div>\n<\/div>\n\n\n\n<div class=\"wp-block-column is-layout-flow wp-block-column-is-layout-flow\">\n<div class=\"wp-block-columns is-layout-flex wp-container-core-columns-is-layout-9d6595d7 wp-block-columns-is-layout-flex\">\n<div class=\"wp-block-column is-layout-flow wp-block-column-is-layout-flow\">\n<figure class=\"wp-block-gallery has-nested-images columns-default is-cropped wp-block-gallery-9 is-layout-flex wp-block-gallery-is-layout-flex\">\n<figure class=\"wp-block-image size-large\"><a href=\"https:\/\/adrianaarronte.com.es\/index.php\/obras\/dibujos-drawings\/elevados\/chapa-identificacion-militar\/\"><img loading=\"lazy\" decoding=\"async\" width=\"1024\" height=\"669\" data-id=\"1243\" src=\"https:\/\/adrianaarronte.com.es\/wp-content\/uploads\/2024\/04\/chapa-identificacion-militar-1024x669.jpg\" alt=\"\" class=\"wp-image-1243\" srcset=\"https:\/\/adrianaarronte.com.es\/wp-content\/uploads\/2024\/04\/chapa-identificacion-militar-1024x669.jpg 1024w, https:\/\/adrianaarronte.com.es\/wp-content\/uploads\/2024\/04\/chapa-identificacion-militar-300x196.jpg 300w, https:\/\/adrianaarronte.com.es\/wp-content\/uploads\/2024\/04\/chapa-identificacion-militar-768x502.jpg 768w, https:\/\/adrianaarronte.com.es\/wp-content\/uploads\/2024\/04\/chapa-identificacion-militar.jpg 1098w\" sizes=\"auto, (max-width: 1024px) 100vw, 1024px\" \/><\/a><figcaption class=\"wp-element-caption\">Chapa identificaci\u00f3n militar<\/figcaption><\/figure>\n<\/figure>\n<\/div>\n\n\n\n<div class=\"wp-block-column is-layout-flow wp-block-column-is-layout-flow\">\n<figure class=\"wp-block-gallery has-nested-images columns-default is-cropped wp-block-gallery-10 is-layout-flex wp-block-gallery-is-layout-flex\">\n<figure class=\"wp-block-image size-large\"><a href=\"https:\/\/adrianaarronte.com.es\/index.php\/obras\/dibujos-drawings\/elevados\/tesoro-de-karum\/\"><img loading=\"lazy\" decoding=\"async\" width=\"1024\" height=\"676\" data-id=\"1245\" src=\"https:\/\/adrianaarronte.com.es\/wp-content\/uploads\/2024\/04\/tesoro-de-karum-1024x676.jpg\" alt=\"\" class=\"wp-image-1245\" srcset=\"https:\/\/adrianaarronte.com.es\/wp-content\/uploads\/2024\/04\/tesoro-de-karum-1024x676.jpg 1024w, https:\/\/adrianaarronte.com.es\/wp-content\/uploads\/2024\/04\/tesoro-de-karum-300x198.jpg 300w, https:\/\/adrianaarronte.com.es\/wp-content\/uploads\/2024\/04\/tesoro-de-karum-768x507.jpg 768w, https:\/\/adrianaarronte.com.es\/wp-content\/uploads\/2024\/04\/tesoro-de-karum.jpg 1254w\" sizes=\"auto, (max-width: 1024px) 100vw, 1024px\" \/><\/a><figcaption class=\"wp-element-caption\">Tesoro de karum<\/figcaption><\/figure>\n<\/figure>\n<\/div>\n<\/div>\n<\/div>\n<\/div>\n","protected":false},"excerpt":{"rendered":"<p>Dibujos | Drawings ELEVADOS | RAISE, 20188 Dibujos | drawing 8acr\u00edlico plateado sobre cartulina | Silver acr\u00edlic in cardboard33 x 50 cm c \u0337 u | 8 x 11 inch Cordillera creada por collares hist\u00f3ricos, de diferentes regiones y per\u00edodos. Contribuyen a la construcci\u00f3n de la imagen y status del individuo. Me interes\u00f3 contraponer conceptos&hellip;&nbsp;<a href=\"https:\/\/adrianaarronte.com.es\/index.php\/obras\/dibujos-drawings\/elevados\/\" rel=\"bookmark\"><span class=\"screen-reader-text\">Elevados<\/span><\/a><\/p>\n","protected":false},"author":1,"featured_media":0,"parent":129,"menu_order":12,"comment_status":"closed","ping_status":"closed","template":"","meta":{"neve_meta_sidebar":"","neve_meta_container":"","neve_meta_enable_content_width":"","neve_meta_content_width":0,"neve_meta_title_alignment":"","neve_meta_author_avatar":"","neve_post_elements_order":"","neve_meta_disable_header":"","neve_meta_disable_footer":"","neve_meta_disable_title":"on","footnotes":""},"class_list":["post-1199","page","type-page","status-publish","hentry"],"yoast_head":"<!-- This site is optimized with the Yoast SEO plugin v21.6 - https:\/\/yoast.com\/wordpress\/plugins\/seo\/ -->\n<title>Elevados - ADRIANA ARRONTE<\/title>\n<meta name=\"description\" content=\"Cordillera creada por collares hist\u00f3ricos, de diferentes regiones y per\u00edodos. Contribuyen a la construcci\u00f3n de la imagen y status del individuo. Me interes\u00f3 contraponer conceptos asignados al collar, que a su vez pueden atribuirse al sujeto. Las prendas seleccionadas han detonado revoluciones, creado leyendas, maldiciones o genocidios.\" \/>\n<meta name=\"robots\" content=\"index, follow, max-snippet:-1, max-image-preview:large, max-video-preview:-1\" \/>\n<link rel=\"canonical\" href=\"https:\/\/adrianaarronte.com.es\/index.php\/obras\/dibujos-drawings\/elevados\/\" \/>\n<meta property=\"og:locale\" content=\"es_ES\" \/>\n<meta property=\"og:type\" content=\"article\" \/>\n<meta property=\"og:title\" content=\"Elevados - ADRIANA ARRONTE\" \/>\n<meta property=\"og:description\" content=\"Cordillera creada por collares hist\u00f3ricos, de diferentes regiones y per\u00edodos. Contribuyen a la construcci\u00f3n de la imagen y status del individuo. Me interes\u00f3 contraponer conceptos asignados al collar, que a su vez pueden atribuirse al sujeto. Las prendas seleccionadas han detonado revoluciones, creado leyendas, maldiciones o genocidios.\" \/>\n<meta property=\"og:url\" content=\"https:\/\/adrianaarronte.com.es\/index.php\/obras\/dibujos-drawings\/elevados\/\" \/>\n<meta property=\"og:site_name\" content=\"ADRIANA ARRONTE\" \/>\n<meta property=\"article:modified_time\" content=\"2025-07-14T18:26:02+00:00\" \/>\n<meta property=\"og:image\" content=\"https:\/\/adrianaarronte.com.es\/wp-content\/uploads\/2024\/04\/Elevados-Adriana-Arronte-scaled.jpg\" \/>\n<meta name=\"twitter:card\" content=\"summary_large_image\" \/>\n<meta name=\"twitter:label1\" content=\"Tiempo de lectura\" \/>\n\t<meta name=\"twitter:data1\" content=\"3 minutos\" \/>\n<script type=\"application\/ld+json\" class=\"yoast-schema-graph\">{\"@context\":\"https:\/\/schema.org\",\"@graph\":[{\"@type\":\"WebPage\",\"@id\":\"https:\/\/adrianaarronte.com.es\/index.php\/obras\/dibujos-drawings\/elevados\/\",\"url\":\"https:\/\/adrianaarronte.com.es\/index.php\/obras\/dibujos-drawings\/elevados\/\",\"name\":\"Elevados - ADRIANA ARRONTE\",\"isPartOf\":{\"@id\":\"https:\/\/adrianaarronte.com.es\/#website\"},\"datePublished\":\"2024-04-22T10:25:23+00:00\",\"dateModified\":\"2025-07-14T18:26:02+00:00\",\"description\":\"Cordillera creada por collares hist\u00f3ricos, de diferentes regiones y per\u00edodos. Contribuyen a la construcci\u00f3n de la imagen y status del individuo. Me interes\u00f3 contraponer conceptos asignados al collar, que a su vez pueden atribuirse al sujeto. Las prendas seleccionadas han detonado revoluciones, creado leyendas, maldiciones o genocidios.\",\"breadcrumb\":{\"@id\":\"https:\/\/adrianaarronte.com.es\/index.php\/obras\/dibujos-drawings\/elevados\/#breadcrumb\"},\"inLanguage\":\"es\",\"potentialAction\":[{\"@type\":\"ReadAction\",\"target\":[\"https:\/\/adrianaarronte.com.es\/index.php\/obras\/dibujos-drawings\/elevados\/\"]}]},{\"@type\":\"BreadcrumbList\",\"@id\":\"https:\/\/adrianaarronte.com.es\/index.php\/obras\/dibujos-drawings\/elevados\/#breadcrumb\",\"itemListElement\":[{\"@type\":\"ListItem\",\"position\":1,\"name\":\"Home\",\"item\":\"https:\/\/adrianaarronte.com.es\/\"},{\"@type\":\"ListItem\",\"position\":2,\"name\":\"OBRAS\",\"item\":\"https:\/\/adrianaarronte.com.es\/index.php\/obras\/\"},{\"@type\":\"ListItem\",\"position\":3,\"name\":\"Dibujos\",\"item\":\"https:\/\/adrianaarronte.com.es\/index.php\/obras\/dibujos-drawings\/\"},{\"@type\":\"ListItem\",\"position\":4,\"name\":\"Elevados\"}]},{\"@type\":\"WebSite\",\"@id\":\"https:\/\/adrianaarronte.com.es\/#website\",\"url\":\"https:\/\/adrianaarronte.com.es\/\",\"name\":\"ADRIANA ARRONTE\",\"description\":\"\",\"potentialAction\":[{\"@type\":\"SearchAction\",\"target\":{\"@type\":\"EntryPoint\",\"urlTemplate\":\"https:\/\/adrianaarronte.com.es\/?s={search_term_string}\"},\"query-input\":\"required name=search_term_string\"}],\"inLanguage\":\"es\"}]}<\/script>\n<!-- \/ Yoast SEO plugin. -->","yoast_head_json":{"title":"Elevados - ADRIANA ARRONTE","description":"Cordillera creada por collares hist\u00f3ricos, de diferentes regiones y per\u00edodos. Contribuyen a la construcci\u00f3n de la imagen y status del individuo. Me interes\u00f3 contraponer conceptos asignados al collar, que a su vez pueden atribuirse al sujeto. Las prendas seleccionadas han detonado revoluciones, creado leyendas, maldiciones o genocidios.","robots":{"index":"index","follow":"follow","max-snippet":"max-snippet:-1","max-image-preview":"max-image-preview:large","max-video-preview":"max-video-preview:-1"},"canonical":"https:\/\/adrianaarronte.com.es\/index.php\/obras\/dibujos-drawings\/elevados\/","og_locale":"es_ES","og_type":"article","og_title":"Elevados - ADRIANA ARRONTE","og_description":"Cordillera creada por collares hist\u00f3ricos, de diferentes regiones y per\u00edodos. Contribuyen a la construcci\u00f3n de la imagen y status del individuo. Me interes\u00f3 contraponer conceptos asignados al collar, que a su vez pueden atribuirse al sujeto. Las prendas seleccionadas han detonado revoluciones, creado leyendas, maldiciones o genocidios.","og_url":"https:\/\/adrianaarronte.com.es\/index.php\/obras\/dibujos-drawings\/elevados\/","og_site_name":"ADRIANA ARRONTE","article_modified_time":"2025-07-14T18:26:02+00:00","og_image":[{"url":"https:\/\/adrianaarronte.com.es\/wp-content\/uploads\/2024\/04\/Elevados-Adriana-Arronte-scaled.jpg"}],"twitter_card":"summary_large_image","twitter_misc":{"Tiempo de lectura":"3 minutos"},"schema":{"@context":"https:\/\/schema.org","@graph":[{"@type":"WebPage","@id":"https:\/\/adrianaarronte.com.es\/index.php\/obras\/dibujos-drawings\/elevados\/","url":"https:\/\/adrianaarronte.com.es\/index.php\/obras\/dibujos-drawings\/elevados\/","name":"Elevados - ADRIANA ARRONTE","isPartOf":{"@id":"https:\/\/adrianaarronte.com.es\/#website"},"datePublished":"2024-04-22T10:25:23+00:00","dateModified":"2025-07-14T18:26:02+00:00","description":"Cordillera creada por collares hist\u00f3ricos, de diferentes regiones y per\u00edodos. Contribuyen a la construcci\u00f3n de la imagen y status del individuo. Me interes\u00f3 contraponer conceptos asignados al collar, que a su vez pueden atribuirse al sujeto. Las prendas seleccionadas han detonado revoluciones, creado leyendas, maldiciones o genocidios.","breadcrumb":{"@id":"https:\/\/adrianaarronte.com.es\/index.php\/obras\/dibujos-drawings\/elevados\/#breadcrumb"},"inLanguage":"es","potentialAction":[{"@type":"ReadAction","target":["https:\/\/adrianaarronte.com.es\/index.php\/obras\/dibujos-drawings\/elevados\/"]}]},{"@type":"BreadcrumbList","@id":"https:\/\/adrianaarronte.com.es\/index.php\/obras\/dibujos-drawings\/elevados\/#breadcrumb","itemListElement":[{"@type":"ListItem","position":1,"name":"Home","item":"https:\/\/adrianaarronte.com.es\/"},{"@type":"ListItem","position":2,"name":"OBRAS","item":"https:\/\/adrianaarronte.com.es\/index.php\/obras\/"},{"@type":"ListItem","position":3,"name":"Dibujos","item":"https:\/\/adrianaarronte.com.es\/index.php\/obras\/dibujos-drawings\/"},{"@type":"ListItem","position":4,"name":"Elevados"}]},{"@type":"WebSite","@id":"https:\/\/adrianaarronte.com.es\/#website","url":"https:\/\/adrianaarronte.com.es\/","name":"ADRIANA ARRONTE","description":"","potentialAction":[{"@type":"SearchAction","target":{"@type":"EntryPoint","urlTemplate":"https:\/\/adrianaarronte.com.es\/?s={search_term_string}"},"query-input":"required name=search_term_string"}],"inLanguage":"es"}]}},"_links":{"self":[{"href":"https:\/\/adrianaarronte.com.es\/index.php\/wp-json\/wp\/v2\/pages\/1199","targetHints":{"allow":["GET"]}}],"collection":[{"href":"https:\/\/adrianaarronte.com.es\/index.php\/wp-json\/wp\/v2\/pages"}],"about":[{"href":"https:\/\/adrianaarronte.com.es\/index.php\/wp-json\/wp\/v2\/types\/page"}],"author":[{"embeddable":true,"href":"https:\/\/adrianaarronte.com.es\/index.php\/wp-json\/wp\/v2\/users\/1"}],"replies":[{"embeddable":true,"href":"https:\/\/adrianaarronte.com.es\/index.php\/wp-json\/wp\/v2\/comments?post=1199"}],"version-history":[{"count":13,"href":"https:\/\/adrianaarronte.com.es\/index.php\/wp-json\/wp\/v2\/pages\/1199\/revisions"}],"predecessor-version":[{"id":2314,"href":"https:\/\/adrianaarronte.com.es\/index.php\/wp-json\/wp\/v2\/pages\/1199\/revisions\/2314"}],"up":[{"embeddable":true,"href":"https:\/\/adrianaarronte.com.es\/index.php\/wp-json\/wp\/v2\/pages\/129"}],"wp:attachment":[{"href":"https:\/\/adrianaarronte.com.es\/index.php\/wp-json\/wp\/v2\/media?parent=1199"}],"curies":[{"name":"wp","href":"https:\/\/api.w.org\/{rel}","templated":true}]}}