{"id":1262,"date":"2024-05-02T14:47:39","date_gmt":"2024-05-02T12:47:39","guid":{"rendered":"https:\/\/adrianaarronte.com.es\/?page_id=1262"},"modified":"2025-07-14T20:10:43","modified_gmt":"2025-07-14T18:10:43","slug":"gramatica","status":"publish","type":"page","link":"https:\/\/adrianaarronte.com.es\/index.php\/obras\/dibujos-drawings\/gramatica\/","title":{"rendered":"Gram\u00e1tica"},"content":{"rendered":"\n<p class=\"has-ast-global-color-8-color has-text-color has-link-color has-small-font-size wp-elements-94282f4a5b50851050dd2766dd4744d8\">Dibujos | Drawings<\/p>\n\n\n\n<div class=\"wp-block-columns is-layout-flex wp-container-core-columns-is-layout-9d6595d7 wp-block-columns-is-layout-flex\">\n<div class=\"wp-block-column is-layout-flow wp-block-column-is-layout-flow\">\n<figure class=\"wp-block-image size-full\"><img loading=\"lazy\" decoding=\"async\" width=\"899\" height=\"711\" src=\"https:\/\/adrianaarronte.com.es\/wp-content\/uploads\/2024\/05\/Gramatica.jpg\" alt=\"\" class=\"wp-image-1263\" srcset=\"https:\/\/adrianaarronte.com.es\/wp-content\/uploads\/2024\/05\/Gramatica.jpg 899w, https:\/\/adrianaarronte.com.es\/wp-content\/uploads\/2024\/05\/Gramatica-300x237.jpg 300w, https:\/\/adrianaarronte.com.es\/wp-content\/uploads\/2024\/05\/Gramatica-768x607.jpg 768w\" sizes=\"auto, (max-width: 899px) 100vw, 899px\" \/><\/figure>\n<\/div>\n\n\n\n<div class=\"wp-block-column is-layout-flow wp-block-column-is-layout-flow\">\n<p class=\"has-small-font-size\"><strong>GRAM\u00c1TICA <\/strong>|<strong>GRAMMAR<\/strong><br>2009<br>Collage con textos de arte (teor\u00eda, cr\u00edtica, palabras al cat\u00e1logo etc.) Sobre cartulina y laminados.<br>100x70cm c\/u.<\/p>\n\n\n\n<p class=\"has-small-font-size\">El principio general de esta obra reside en subvertir a la vez que simular la acci\u00f3n literaria de construir un discurso, im\u00e1genes, estructuras, definiciones\u2026 Gram\u00e1tica desarrolla abstracciones visuales que dialogan sobre lo abstracto y subjetivo que pueden ser los conceptos en el arte.<\/p>\n\n\n\n<p class=\"has-small-font-size\">Todos los textos aparecen orientados en un mismo sentido, conservando palabras claves y l\u00edneas, tambi\u00e9n se combinan aleatoriamente. De manera simult\u00e1nea la imagen toma protagonismo mutilando la secuencia narrativa, amputando palabras y sentido, donando estos \u00f3rganos a otro cuerpo.&nbsp;<\/p>\n<\/div>\n<\/div>\n\n\n\n<div class=\"wp-block-columns is-layout-flex wp-container-core-columns-is-layout-9d6595d7 wp-block-columns-is-layout-flex\">\n<div class=\"wp-block-column is-layout-flow wp-block-column-is-layout-flow\">\n<figure class=\"wp-block-gallery has-nested-images columns-default is-cropped wp-block-gallery-1 is-layout-flex wp-block-gallery-is-layout-flex\">\n<figure class=\"wp-block-image size-large\"><a href=\"https:\/\/adrianaarronte.com.es\/index.php\/obras\/dibujos-drawings\/gramatica\/gramatica-en-negro\/\"><img loading=\"lazy\" decoding=\"async\" width=\"725\" height=\"1024\" data-id=\"1266\" src=\"https:\/\/adrianaarronte.com.es\/wp-content\/uploads\/2024\/05\/gramatica-en-negro-725x1024.jpg\" alt=\"\" class=\"wp-image-1266\" srcset=\"https:\/\/adrianaarronte.com.es\/wp-content\/uploads\/2024\/05\/gramatica-en-negro-725x1024.jpg 725w, https:\/\/adrianaarronte.com.es\/wp-content\/uploads\/2024\/05\/gramatica-en-negro-212x300.jpg 212w, https:\/\/adrianaarronte.com.es\/wp-content\/uploads\/2024\/05\/gramatica-en-negro-768x1085.jpg 768w, https:\/\/adrianaarronte.com.es\/wp-content\/uploads\/2024\/05\/gramatica-en-negro.jpg 956w\" sizes=\"auto, (max-width: 725px) 100vw, 725px\" \/><\/a><\/figure>\n<\/figure>\n<\/div>\n\n\n\n<div class=\"wp-block-column is-layout-flow wp-block-column-is-layout-flow\">\n<figure class=\"wp-block-gallery has-nested-images columns-default is-cropped wp-block-gallery-2 is-layout-flex wp-block-gallery-is-layout-flex\">\n<figure class=\"wp-block-image size-large\"><a href=\"https:\/\/adrianaarronte.com.es\/index.php\/obras\/dibujos-drawings\/gramatica\/gramatica-en-azul\/\"><img loading=\"lazy\" decoding=\"async\" width=\"725\" height=\"1024\" data-id=\"1267\" src=\"https:\/\/adrianaarronte.com.es\/wp-content\/uploads\/2024\/05\/gramatica-en-azul-725x1024.jpg\" alt=\"\" class=\"wp-image-1267\" srcset=\"https:\/\/adrianaarronte.com.es\/wp-content\/uploads\/2024\/05\/gramatica-en-azul-725x1024.jpg 725w, https:\/\/adrianaarronte.com.es\/wp-content\/uploads\/2024\/05\/gramatica-en-azul-212x300.jpg 212w, https:\/\/adrianaarronte.com.es\/wp-content\/uploads\/2024\/05\/gramatica-en-azul-768x1085.jpg 768w, https:\/\/adrianaarronte.com.es\/wp-content\/uploads\/2024\/05\/gramatica-en-azul.jpg 956w\" sizes=\"auto, (max-width: 725px) 100vw, 725px\" \/><\/a><\/figure>\n<\/figure>\n<\/div>\n\n\n\n<div class=\"wp-block-column is-layout-flow wp-block-column-is-layout-flow\">\n<figure class=\"wp-block-gallery has-nested-images columns-default is-cropped wp-block-gallery-3 is-layout-flex wp-block-gallery-is-layout-flex\">\n<figure class=\"wp-block-image size-large\"><a href=\"https:\/\/adrianaarronte.com.es\/index.php\/obras\/dibujos-drawings\/gramatica\/gramatica-en-rosa\/\"><img loading=\"lazy\" decoding=\"async\" width=\"725\" height=\"1024\" data-id=\"1268\" src=\"https:\/\/adrianaarronte.com.es\/wp-content\/uploads\/2024\/05\/gramatica-en-rosa-725x1024.jpg\" alt=\"\" class=\"wp-image-1268\" srcset=\"https:\/\/adrianaarronte.com.es\/wp-content\/uploads\/2024\/05\/gramatica-en-rosa-725x1024.jpg 725w, https:\/\/adrianaarronte.com.es\/wp-content\/uploads\/2024\/05\/gramatica-en-rosa-212x300.jpg 212w, https:\/\/adrianaarronte.com.es\/wp-content\/uploads\/2024\/05\/gramatica-en-rosa-768x1085.jpg 768w, https:\/\/adrianaarronte.com.es\/wp-content\/uploads\/2024\/05\/gramatica-en-rosa.jpg 956w\" sizes=\"auto, (max-width: 725px) 100vw, 725px\" \/><\/a><\/figure>\n<\/figure>\n<\/div>\n<\/div>\n","protected":false},"excerpt":{"rendered":"<p>Dibujos | Drawings GRAM\u00c1TICA |GRAMMAR2009Collage con textos de arte (teor\u00eda, cr\u00edtica, palabras al cat\u00e1logo etc.) Sobre cartulina y laminados.100x70cm c\/u. El principio general de esta obra reside en subvertir a la vez que simular la acci\u00f3n literaria de construir un discurso, im\u00e1genes, estructuras, definiciones\u2026 Gram\u00e1tica desarrolla abstracciones visuales que dialogan sobre lo abstracto y subjetivo&hellip;&nbsp;<a href=\"https:\/\/adrianaarronte.com.es\/index.php\/obras\/dibujos-drawings\/gramatica\/\" rel=\"bookmark\"><span class=\"screen-reader-text\">Gram\u00e1tica<\/span><\/a><\/p>\n","protected":false},"author":1,"featured_media":0,"parent":129,"menu_order":8,"comment_status":"closed","ping_status":"closed","template":"","meta":{"neve_meta_sidebar":"","neve_meta_container":"","neve_meta_enable_content_width":"","neve_meta_content_width":0,"neve_meta_title_alignment":"","neve_meta_author_avatar":"","neve_post_elements_order":"","neve_meta_disable_header":"","neve_meta_disable_footer":"","neve_meta_disable_title":"on","footnotes":""},"class_list":["post-1262","page","type-page","status-publish","hentry"],"yoast_head":"<!-- This site is optimized with the Yoast SEO plugin v21.6 - https:\/\/yoast.com\/wordpress\/plugins\/seo\/ -->\n<title>Gram\u00e1tica - ADRIANA ARRONTE<\/title>\n<meta name=\"description\" content=\"El principio general de esta obra reside en subvertir a la vez que simular la acci\u00f3n literaria de construir un discurso, im\u00e1genes, estructuras, definiciones\u2026 Gram\u00e1tica desarrolla abstracciones visuales que dialogan sobre lo abstracto y subjetivo que pueden ser los conceptos en el arte.\" \/>\n<meta name=\"robots\" content=\"index, follow, max-snippet:-1, max-image-preview:large, max-video-preview:-1\" \/>\n<link rel=\"canonical\" href=\"https:\/\/adrianaarronte.com.es\/index.php\/obras\/dibujos-drawings\/gramatica\/\" \/>\n<meta property=\"og:locale\" content=\"es_ES\" \/>\n<meta property=\"og:type\" content=\"article\" \/>\n<meta property=\"og:title\" content=\"Gram\u00e1tica - ADRIANA ARRONTE\" \/>\n<meta property=\"og:description\" content=\"El principio general de esta obra reside en subvertir a la vez que simular la acci\u00f3n literaria de construir un discurso, im\u00e1genes, estructuras, definiciones\u2026 Gram\u00e1tica desarrolla abstracciones visuales que dialogan sobre lo abstracto y subjetivo que pueden ser los conceptos en el arte.\" \/>\n<meta property=\"og:url\" content=\"https:\/\/adrianaarronte.com.es\/index.php\/obras\/dibujos-drawings\/gramatica\/\" \/>\n<meta property=\"og:site_name\" content=\"ADRIANA ARRONTE\" \/>\n<meta property=\"article:modified_time\" content=\"2025-07-14T18:10:43+00:00\" \/>\n<meta property=\"og:image\" content=\"https:\/\/adrianaarronte.com.es\/wp-content\/uploads\/2024\/05\/Gramatica.jpg\" \/>\n<meta name=\"twitter:card\" content=\"summary_large_image\" \/>\n<meta name=\"twitter:label1\" content=\"Tiempo de lectura\" \/>\n\t<meta name=\"twitter:data1\" content=\"2 minutos\" \/>\n<script type=\"application\/ld+json\" class=\"yoast-schema-graph\">{\"@context\":\"https:\/\/schema.org\",\"@graph\":[{\"@type\":\"WebPage\",\"@id\":\"https:\/\/adrianaarronte.com.es\/index.php\/obras\/dibujos-drawings\/gramatica\/\",\"url\":\"https:\/\/adrianaarronte.com.es\/index.php\/obras\/dibujos-drawings\/gramatica\/\",\"name\":\"Gram\u00e1tica - ADRIANA ARRONTE\",\"isPartOf\":{\"@id\":\"https:\/\/adrianaarronte.com.es\/#website\"},\"datePublished\":\"2024-05-02T12:47:39+00:00\",\"dateModified\":\"2025-07-14T18:10:43+00:00\",\"description\":\"El principio general de esta obra reside en subvertir a la vez que simular la acci\u00f3n literaria de construir un discurso, im\u00e1genes, estructuras, definiciones\u2026 Gram\u00e1tica desarrolla abstracciones visuales que dialogan sobre lo abstracto y subjetivo que pueden ser los conceptos en el arte.\",\"breadcrumb\":{\"@id\":\"https:\/\/adrianaarronte.com.es\/index.php\/obras\/dibujos-drawings\/gramatica\/#breadcrumb\"},\"inLanguage\":\"es\",\"potentialAction\":[{\"@type\":\"ReadAction\",\"target\":[\"https:\/\/adrianaarronte.com.es\/index.php\/obras\/dibujos-drawings\/gramatica\/\"]}]},{\"@type\":\"BreadcrumbList\",\"@id\":\"https:\/\/adrianaarronte.com.es\/index.php\/obras\/dibujos-drawings\/gramatica\/#breadcrumb\",\"itemListElement\":[{\"@type\":\"ListItem\",\"position\":1,\"name\":\"Home\",\"item\":\"https:\/\/adrianaarronte.com.es\/\"},{\"@type\":\"ListItem\",\"position\":2,\"name\":\"OBRAS\",\"item\":\"https:\/\/adrianaarronte.com.es\/index.php\/obras\/\"},{\"@type\":\"ListItem\",\"position\":3,\"name\":\"Dibujos\",\"item\":\"https:\/\/adrianaarronte.com.es\/index.php\/obras\/dibujos-drawings\/\"},{\"@type\":\"ListItem\",\"position\":4,\"name\":\"Gram\u00e1tica\"}]},{\"@type\":\"WebSite\",\"@id\":\"https:\/\/adrianaarronte.com.es\/#website\",\"url\":\"https:\/\/adrianaarronte.com.es\/\",\"name\":\"ADRIANA ARRONTE\",\"description\":\"\",\"potentialAction\":[{\"@type\":\"SearchAction\",\"target\":{\"@type\":\"EntryPoint\",\"urlTemplate\":\"https:\/\/adrianaarronte.com.es\/?s={search_term_string}\"},\"query-input\":\"required name=search_term_string\"}],\"inLanguage\":\"es\"}]}<\/script>\n<!-- \/ Yoast SEO plugin. -->","yoast_head_json":{"title":"Gram\u00e1tica - ADRIANA ARRONTE","description":"El principio general de esta obra reside en subvertir a la vez que simular la acci\u00f3n literaria de construir un discurso, im\u00e1genes, estructuras, definiciones\u2026 Gram\u00e1tica desarrolla abstracciones visuales que dialogan sobre lo abstracto y subjetivo que pueden ser los conceptos en el arte.","robots":{"index":"index","follow":"follow","max-snippet":"max-snippet:-1","max-image-preview":"max-image-preview:large","max-video-preview":"max-video-preview:-1"},"canonical":"https:\/\/adrianaarronte.com.es\/index.php\/obras\/dibujos-drawings\/gramatica\/","og_locale":"es_ES","og_type":"article","og_title":"Gram\u00e1tica - ADRIANA ARRONTE","og_description":"El principio general de esta obra reside en subvertir a la vez que simular la acci\u00f3n literaria de construir un discurso, im\u00e1genes, estructuras, definiciones\u2026 Gram\u00e1tica desarrolla abstracciones visuales que dialogan sobre lo abstracto y subjetivo que pueden ser los conceptos en el arte.","og_url":"https:\/\/adrianaarronte.com.es\/index.php\/obras\/dibujos-drawings\/gramatica\/","og_site_name":"ADRIANA ARRONTE","article_modified_time":"2025-07-14T18:10:43+00:00","og_image":[{"url":"https:\/\/adrianaarronte.com.es\/wp-content\/uploads\/2024\/05\/Gramatica.jpg"}],"twitter_card":"summary_large_image","twitter_misc":{"Tiempo de lectura":"2 minutos"},"schema":{"@context":"https:\/\/schema.org","@graph":[{"@type":"WebPage","@id":"https:\/\/adrianaarronte.com.es\/index.php\/obras\/dibujos-drawings\/gramatica\/","url":"https:\/\/adrianaarronte.com.es\/index.php\/obras\/dibujos-drawings\/gramatica\/","name":"Gram\u00e1tica - ADRIANA ARRONTE","isPartOf":{"@id":"https:\/\/adrianaarronte.com.es\/#website"},"datePublished":"2024-05-02T12:47:39+00:00","dateModified":"2025-07-14T18:10:43+00:00","description":"El principio general de esta obra reside en subvertir a la vez que simular la acci\u00f3n literaria de construir un discurso, im\u00e1genes, estructuras, definiciones\u2026 Gram\u00e1tica desarrolla abstracciones visuales que dialogan sobre lo abstracto y subjetivo que pueden ser los conceptos en el arte.","breadcrumb":{"@id":"https:\/\/adrianaarronte.com.es\/index.php\/obras\/dibujos-drawings\/gramatica\/#breadcrumb"},"inLanguage":"es","potentialAction":[{"@type":"ReadAction","target":["https:\/\/adrianaarronte.com.es\/index.php\/obras\/dibujos-drawings\/gramatica\/"]}]},{"@type":"BreadcrumbList","@id":"https:\/\/adrianaarronte.com.es\/index.php\/obras\/dibujos-drawings\/gramatica\/#breadcrumb","itemListElement":[{"@type":"ListItem","position":1,"name":"Home","item":"https:\/\/adrianaarronte.com.es\/"},{"@type":"ListItem","position":2,"name":"OBRAS","item":"https:\/\/adrianaarronte.com.es\/index.php\/obras\/"},{"@type":"ListItem","position":3,"name":"Dibujos","item":"https:\/\/adrianaarronte.com.es\/index.php\/obras\/dibujos-drawings\/"},{"@type":"ListItem","position":4,"name":"Gram\u00e1tica"}]},{"@type":"WebSite","@id":"https:\/\/adrianaarronte.com.es\/#website","url":"https:\/\/adrianaarronte.com.es\/","name":"ADRIANA ARRONTE","description":"","potentialAction":[{"@type":"SearchAction","target":{"@type":"EntryPoint","urlTemplate":"https:\/\/adrianaarronte.com.es\/?s={search_term_string}"},"query-input":"required name=search_term_string"}],"inLanguage":"es"}]}},"_links":{"self":[{"href":"https:\/\/adrianaarronte.com.es\/index.php\/wp-json\/wp\/v2\/pages\/1262","targetHints":{"allow":["GET"]}}],"collection":[{"href":"https:\/\/adrianaarronte.com.es\/index.php\/wp-json\/wp\/v2\/pages"}],"about":[{"href":"https:\/\/adrianaarronte.com.es\/index.php\/wp-json\/wp\/v2\/types\/page"}],"author":[{"embeddable":true,"href":"https:\/\/adrianaarronte.com.es\/index.php\/wp-json\/wp\/v2\/users\/1"}],"replies":[{"embeddable":true,"href":"https:\/\/adrianaarronte.com.es\/index.php\/wp-json\/wp\/v2\/comments?post=1262"}],"version-history":[{"count":3,"href":"https:\/\/adrianaarronte.com.es\/index.php\/wp-json\/wp\/v2\/pages\/1262\/revisions"}],"predecessor-version":[{"id":2306,"href":"https:\/\/adrianaarronte.com.es\/index.php\/wp-json\/wp\/v2\/pages\/1262\/revisions\/2306"}],"up":[{"embeddable":true,"href":"https:\/\/adrianaarronte.com.es\/index.php\/wp-json\/wp\/v2\/pages\/129"}],"wp:attachment":[{"href":"https:\/\/adrianaarronte.com.es\/index.php\/wp-json\/wp\/v2\/media?parent=1262"}],"curies":[{"name":"wp","href":"https:\/\/api.w.org\/{rel}","templated":true}]}}