{"id":1271,"date":"2024-05-02T15:07:27","date_gmt":"2024-05-02T13:07:27","guid":{"rendered":"https:\/\/adrianaarronte.com.es\/?page_id=1271"},"modified":"2024-05-02T16:26:26","modified_gmt":"2024-05-02T14:26:26","slug":"mistica","status":"publish","type":"page","link":"https:\/\/adrianaarronte.com.es\/index.php\/obras\/dibujos-drawings\/mistica\/","title":{"rendered":"M\u00edstica"},"content":{"rendered":"\n<p class=\"has-ast-global-color-8-color has-text-color has-link-color has-small-font-size wp-elements-94282f4a5b50851050dd2766dd4744d8\">Dibujos | Drawings<\/p>\n\n\n\n<div class=\"wp-block-columns is-layout-flex wp-container-core-columns-is-layout-9d6595d7 wp-block-columns-is-layout-flex\">\n<div class=\"wp-block-column is-layout-flow wp-block-column-is-layout-flow\">\n<figure class=\"wp-block-gallery has-nested-images columns-default is-cropped wp-block-gallery-1 is-layout-flex wp-block-gallery-is-layout-flex\">\n<figure class=\"wp-block-image size-large\"><img loading=\"lazy\" decoding=\"async\" width=\"1000\" height=\"750\" data-id=\"1272\" src=\"https:\/\/adrianaarronte.com.es\/wp-content\/uploads\/2024\/05\/SoloShow-ArtMiami-2017.jpg\" alt=\"\" class=\"wp-image-1272\" srcset=\"https:\/\/adrianaarronte.com.es\/wp-content\/uploads\/2024\/05\/SoloShow-ArtMiami-2017.jpg 1000w, https:\/\/adrianaarronte.com.es\/wp-content\/uploads\/2024\/05\/SoloShow-ArtMiami-2017-300x225.jpg 300w, https:\/\/adrianaarronte.com.es\/wp-content\/uploads\/2024\/05\/SoloShow-ArtMiami-2017-768x576.jpg 768w\" sizes=\"auto, (max-width: 1000px) 100vw, 1000px\" \/><\/figure>\n<\/figure>\n\n\n\n<p class=\"has-small-font-size\">SoloShow ArtMiami 2017<\/p>\n<\/div>\n\n\n\n<div class=\"wp-block-column is-layout-flow wp-block-column-is-layout-flow\">\n<p class=\"has-small-font-size\"><strong>M\u00cdSTICA | MYSTICISM<\/strong><br>2017 <br>Dibujo e impression laser | Drawing and laser impression<br>Acr\u00edlico plateado sobre cartulina | Silver acr\u00edlic in cardboard<br>33x50cm<\/p>\n\n\n\n<p class=\"has-small-font-size\">Cordillera formada por las monta\u00f1as m\u00e1s altas de los pa\u00edses que constituyen el G8 (pa\u00edses industrializados del mundo cuyo peso pol\u00edtico, econ\u00f3mico y militar es relevante a escala global). Acompa\u00f1ado de palabras que refieren estados de altitud espiritual o social: STATUS, GLORIA, ASCENSI\u00d3N, ALTAR, CUMBRE\u2026 Empleo el idioma y la tipograf\u00eda de peri\u00f3dicos o movimientos de arte y dise\u00f1o de cada pa\u00eds representado. Esta pieza cuestiona las jerarqu\u00edas de valores que establece el hombre.<\/p>\n\n\n\n<p class=\"has-ast-global-color-8-color has-text-color has-link-color has-small-font-size wp-elements-71d8ec59773bd25124c272e05671eede\">Mysticism is a sequence of landscapes that create a ridge, gather the highest mountain picks of the countries that form part of the G8 (it is a group of countries with the most industrialized economies of the planet), accompanied by words that refer states of spiritual or social altitude: Glory \/ Status \/ Ascension \/ Altar, whose typography responds to newspapers and relevant artistic movements to each region.<\/p>\n\n\n\n<p class=\"has-small-font-size\"><br><\/p>\n<\/div>\n<\/div>\n\n\n\n<div class=\"wp-block-columns is-layout-flex wp-container-core-columns-is-layout-9d6595d7 wp-block-columns-is-layout-flex\">\n<div class=\"wp-block-column is-layout-flow wp-block-column-is-layout-flow\">\n<div class=\"wp-block-columns is-layout-flex wp-container-core-columns-is-layout-9d6595d7 wp-block-columns-is-layout-flex\">\n<div class=\"wp-block-column is-layout-flow wp-block-column-is-layout-flow\">\n<figure class=\"wp-block-gallery has-nested-images columns-default is-cropped wp-block-gallery-2 is-layout-flex wp-block-gallery-is-layout-flex\">\n<figure class=\"wp-block-image size-large\"><a href=\"https:\/\/adrianaarronte.com.es\/index.php\/obras\/dibujos-drawings\/mistica\/mistic-1\/\"><img loading=\"lazy\" decoding=\"async\" width=\"608\" height=\"432\" data-id=\"1276\" src=\"https:\/\/adrianaarronte.com.es\/wp-content\/uploads\/2024\/05\/mistic-1.jpg\" alt=\"\" class=\"wp-image-1276\" srcset=\"https:\/\/adrianaarronte.com.es\/wp-content\/uploads\/2024\/05\/mistic-1.jpg 608w, https:\/\/adrianaarronte.com.es\/wp-content\/uploads\/2024\/05\/mistic-1-300x213.jpg 300w\" sizes=\"auto, (max-width: 608px) 100vw, 608px\" \/><\/a><figcaption class=\"wp-element-caption\"><a href=\"zim:\/\/A\/A\/Monte%20McKinley.html\">Monte McKinley<\/a><\/figcaption><\/figure>\n<\/figure>\n<\/div>\n\n\n\n<div class=\"wp-block-column is-layout-flow wp-block-column-is-layout-flow\">\n<figure class=\"wp-block-gallery has-nested-images columns-default is-cropped wp-block-gallery-3 is-layout-flex wp-block-gallery-is-layout-flex\">\n<figure class=\"wp-block-image size-large\"><a href=\"https:\/\/adrianaarronte.com.es\/index.php\/obras\/dibujos-drawings\/mistica\/mistic-2\/\"><img loading=\"lazy\" decoding=\"async\" width=\"602\" height=\"425\" data-id=\"1278\" src=\"https:\/\/adrianaarronte.com.es\/wp-content\/uploads\/2024\/05\/mistic-2.jpg\" alt=\"\" class=\"wp-image-1278\" srcset=\"https:\/\/adrianaarronte.com.es\/wp-content\/uploads\/2024\/05\/mistic-2.jpg 602w, https:\/\/adrianaarronte.com.es\/wp-content\/uploads\/2024\/05\/mistic-2-300x212.jpg 300w\" sizes=\"auto, (max-width: 602px) 100vw, 602px\" \/><\/a><figcaption class=\"wp-element-caption\"><a href=\"zim:\/\/A\/A\/Monte%20Fuji.html\">Monte Fuji<\/a><\/figcaption><\/figure>\n<\/figure>\n<\/div>\n<\/div>\n<\/div>\n\n\n\n<div class=\"wp-block-column is-layout-flow wp-block-column-is-layout-flow\">\n<div class=\"wp-block-columns is-layout-flex wp-container-core-columns-is-layout-9d6595d7 wp-block-columns-is-layout-flex\">\n<div class=\"wp-block-column is-layout-flow wp-block-column-is-layout-flow\">\n<figure class=\"wp-block-gallery has-nested-images columns-default is-cropped wp-block-gallery-4 is-layout-flex wp-block-gallery-is-layout-flex\">\n<figure class=\"wp-block-image size-full\"><a href=\"https:\/\/adrianaarronte.com.es\/index.php\/obras\/dibujos-drawings\/mistica\/mistic-3-1\/\"><img loading=\"lazy\" decoding=\"async\" width=\"602\" height=\"425\" data-id=\"1280\" src=\"https:\/\/adrianaarronte.com.es\/wp-content\/uploads\/2024\/05\/mistic-3-1.jpg\" alt=\"\" class=\"wp-image-1280\" srcset=\"https:\/\/adrianaarronte.com.es\/wp-content\/uploads\/2024\/05\/mistic-3-1.jpg 602w, https:\/\/adrianaarronte.com.es\/wp-content\/uploads\/2024\/05\/mistic-3-1-300x212.jpg 300w\" sizes=\"auto, (max-width: 602px) 100vw, 602px\" \/><\/a><figcaption class=\"wp-element-caption\">Mount Logan<\/figcaption><\/figure>\n<\/figure>\n<\/div>\n\n\n\n<div class=\"wp-block-column is-layout-flow wp-block-column-is-layout-flow\">\n<figure class=\"wp-block-gallery has-nested-images columns-default is-cropped wp-block-gallery-5 is-layout-flex wp-block-gallery-is-layout-flex\">\n<figure class=\"wp-block-image size-full\"><a href=\"https:\/\/adrianaarronte.com.es\/index.php\/obras\/dibujos-drawings\/mistica\/mistic-4-1\/\"><img loading=\"lazy\" decoding=\"async\" width=\"602\" height=\"425\" data-id=\"1282\" src=\"https:\/\/adrianaarronte.com.es\/wp-content\/uploads\/2024\/05\/mistic-4-1.jpg\" alt=\"\" class=\"wp-image-1282\" srcset=\"https:\/\/adrianaarronte.com.es\/wp-content\/uploads\/2024\/05\/mistic-4-1.jpg 602w, https:\/\/adrianaarronte.com.es\/wp-content\/uploads\/2024\/05\/mistic-4-1-300x212.jpg 300w\" sizes=\"auto, (max-width: 602px) 100vw, 602px\" \/><\/a><figcaption class=\"wp-element-caption\"><a href=\"zim:\/\/A\/A\/Monte%20Elbrus.html\">Monte Elbrus<\/a><\/figcaption><\/figure>\n<\/figure>\n<\/div>\n<\/div>\n<\/div>\n<\/div>\n\n\n\n<div class=\"wp-block-columns is-layout-flex wp-container-core-columns-is-layout-9d6595d7 wp-block-columns-is-layout-flex\">\n<div class=\"wp-block-column is-layout-flow wp-block-column-is-layout-flow\">\n<div class=\"wp-block-columns is-layout-flex wp-container-core-columns-is-layout-9d6595d7 wp-block-columns-is-layout-flex\">\n<div class=\"wp-block-column is-layout-flow wp-block-column-is-layout-flow\">\n<figure class=\"wp-block-gallery has-nested-images columns-default is-cropped wp-block-gallery-6 is-layout-flex wp-block-gallery-is-layout-flex\">\n<figure class=\"wp-block-image size-large\"><a href=\"https:\/\/adrianaarronte.com.es\/index.php\/obras\/dibujos-drawings\/mistica\/mistic-5\/\"><img loading=\"lazy\" decoding=\"async\" width=\"602\" height=\"425\" data-id=\"1287\" src=\"https:\/\/adrianaarronte.com.es\/wp-content\/uploads\/2024\/05\/mistic-5.jpg\" alt=\"\" class=\"wp-image-1287\" srcset=\"https:\/\/adrianaarronte.com.es\/wp-content\/uploads\/2024\/05\/mistic-5.jpg 602w, https:\/\/adrianaarronte.com.es\/wp-content\/uploads\/2024\/05\/mistic-5-300x212.jpg 300w\" sizes=\"auto, (max-width: 602px) 100vw, 602px\" \/><\/a><figcaption class=\"wp-element-caption\"><a href=\"zim:\/\/A\/A\/Mont%20Blanc.html\">Mont Blanc<\/a><\/figcaption><\/figure>\n<\/figure>\n<\/div>\n\n\n\n<div class=\"wp-block-column is-layout-flow wp-block-column-is-layout-flow\">\n<figure class=\"wp-block-gallery has-nested-images columns-default is-cropped wp-block-gallery-7 is-layout-flex wp-block-gallery-is-layout-flex\">\n<figure class=\"wp-block-image size-large\"><a href=\"https:\/\/adrianaarronte.com.es\/index.php\/obras\/dibujos-drawings\/mistica\/mistic-6\/\"><img loading=\"lazy\" decoding=\"async\" width=\"602\" height=\"425\" data-id=\"1288\" src=\"https:\/\/adrianaarronte.com.es\/wp-content\/uploads\/2024\/05\/mistic-6.jpg\" alt=\"\" class=\"wp-image-1288\" srcset=\"https:\/\/adrianaarronte.com.es\/wp-content\/uploads\/2024\/05\/mistic-6.jpg 602w, https:\/\/adrianaarronte.com.es\/wp-content\/uploads\/2024\/05\/mistic-6-300x212.jpg 300w\" sizes=\"auto, (max-width: 602px) 100vw, 602px\" \/><\/a><figcaption class=\"wp-element-caption\"><a href=\"zim:\/\/A\/A\/Scafell%20Pike.html\">Scafell Pike<\/a><\/figcaption><\/figure>\n<\/figure>\n<\/div>\n<\/div>\n<\/div>\n\n\n\n<div class=\"wp-block-column is-layout-flow wp-block-column-is-layout-flow\">\n<div class=\"wp-block-columns is-layout-flex wp-container-core-columns-is-layout-9d6595d7 wp-block-columns-is-layout-flex\">\n<div class=\"wp-block-column is-layout-flow wp-block-column-is-layout-flow\">\n<figure class=\"wp-block-gallery has-nested-images columns-default is-cropped wp-block-gallery-8 is-layout-flex wp-block-gallery-is-layout-flex\">\n<figure class=\"wp-block-image size-large\"><a href=\"https:\/\/adrianaarronte.com.es\/index.php\/obras\/dibujos-drawings\/mistica\/mistic-8\/\"><img loading=\"lazy\" decoding=\"async\" width=\"1024\" height=\"725\" data-id=\"1289\" src=\"https:\/\/adrianaarronte.com.es\/wp-content\/uploads\/2024\/05\/mistic-8-1024x725.jpg\" alt=\"\" class=\"wp-image-1289\" srcset=\"https:\/\/adrianaarronte.com.es\/wp-content\/uploads\/2024\/05\/mistic-8-1024x725.jpg 1024w, https:\/\/adrianaarronte.com.es\/wp-content\/uploads\/2024\/05\/mistic-8-300x212.jpg 300w, https:\/\/adrianaarronte.com.es\/wp-content\/uploads\/2024\/05\/mistic-8-768x544.jpg 768w, https:\/\/adrianaarronte.com.es\/wp-content\/uploads\/2024\/05\/mistic-8.jpg 1220w\" sizes=\"auto, (max-width: 1024px) 100vw, 1024px\" \/><\/a><figcaption class=\"wp-element-caption\"><a href=\"zim:\/\/A\/A\/Monte%20Rosa.html\">Monte Rosa<\/a>&nbsp;<\/figcaption><\/figure>\n<\/figure>\n<\/div>\n\n\n\n<div class=\"wp-block-column is-layout-flow wp-block-column-is-layout-flow\"><\/div>\n<\/div>\n<\/div>\n<\/div>\n","protected":false},"excerpt":{"rendered":"<p>Dibujos | Drawings SoloShow ArtMiami 2017 M\u00cdSTICA | MYSTICISM2017 Dibujo e impression laser | Drawing and laser impressionAcr\u00edlico plateado sobre cartulina | Silver acr\u00edlic in cardboard33x50cm Cordillera formada por las monta\u00f1as m\u00e1s altas de los pa\u00edses que constituyen el G8 (pa\u00edses industrializados del mundo cuyo peso pol\u00edtico, econ\u00f3mico y militar es relevante a escala global).&hellip;&nbsp;<a href=\"https:\/\/adrianaarronte.com.es\/index.php\/obras\/dibujos-drawings\/mistica\/\" rel=\"bookmark\"><span class=\"screen-reader-text\">M\u00edstica<\/span><\/a><\/p>\n","protected":false},"author":1,"featured_media":0,"parent":129,"menu_order":9,"comment_status":"closed","ping_status":"closed","template":"","meta":{"neve_meta_sidebar":"","neve_meta_container":"","neve_meta_enable_content_width":"","neve_meta_content_width":0,"neve_meta_title_alignment":"","neve_meta_author_avatar":"","neve_post_elements_order":"","neve_meta_disable_header":"","neve_meta_disable_footer":"","neve_meta_disable_title":"","footnotes":""},"class_list":["post-1271","page","type-page","status-publish","hentry"],"yoast_head":"<!-- This site is optimized with the Yoast SEO plugin v21.6 - https:\/\/yoast.com\/wordpress\/plugins\/seo\/ -->\n<title>M\u00edstica - ADRIANA ARRONTE<\/title>\n<meta name=\"description\" content=\"Cordillera formada por las monta\u00f1as m\u00e1s altas de los pa\u00edses que constituyen el G8 (pa\u00edses industrializados del mundo cuyo peso pol\u00edtico, econ\u00f3mico y militar es relevante a escala global). Acompa\u00f1ado de palabras que refieren estados de altitud espiritual o social: STATUS, GLORIA, ASCENSI\u00d3N, ALTAR, CUMBRE\u2026\" \/>\n<meta name=\"robots\" content=\"index, follow, max-snippet:-1, max-image-preview:large, max-video-preview:-1\" \/>\n<link rel=\"canonical\" href=\"https:\/\/adrianaarronte.com.es\/index.php\/obras\/dibujos-drawings\/mistica\/\" \/>\n<meta property=\"og:locale\" content=\"es_ES\" \/>\n<meta property=\"og:type\" content=\"article\" \/>\n<meta property=\"og:title\" content=\"M\u00edstica - ADRIANA ARRONTE\" \/>\n<meta property=\"og:description\" content=\"Cordillera formada por las monta\u00f1as m\u00e1s altas de los pa\u00edses que constituyen el G8 (pa\u00edses industrializados del mundo cuyo peso pol\u00edtico, econ\u00f3mico y militar es relevante a escala global). Acompa\u00f1ado de palabras que refieren estados de altitud espiritual o social: STATUS, GLORIA, ASCENSI\u00d3N, ALTAR, CUMBRE\u2026\" \/>\n<meta property=\"og:url\" content=\"https:\/\/adrianaarronte.com.es\/index.php\/obras\/dibujos-drawings\/mistica\/\" \/>\n<meta property=\"og:site_name\" content=\"ADRIANA ARRONTE\" \/>\n<meta property=\"article:modified_time\" content=\"2024-05-02T14:26:26+00:00\" \/>\n<meta property=\"og:image\" content=\"https:\/\/adrianaarronte.com.es\/wp-content\/uploads\/2024\/05\/SoloShow-ArtMiami-2017.jpg\" \/>\n<meta name=\"twitter:card\" content=\"summary_large_image\" \/>\n<meta name=\"twitter:label1\" content=\"Tiempo de lectura\" \/>\n\t<meta name=\"twitter:data1\" content=\"3 minutos\" \/>\n<script type=\"application\/ld+json\" class=\"yoast-schema-graph\">{\"@context\":\"https:\/\/schema.org\",\"@graph\":[{\"@type\":\"WebPage\",\"@id\":\"https:\/\/adrianaarronte.com.es\/index.php\/obras\/dibujos-drawings\/mistica\/\",\"url\":\"https:\/\/adrianaarronte.com.es\/index.php\/obras\/dibujos-drawings\/mistica\/\",\"name\":\"M\u00edstica - ADRIANA ARRONTE\",\"isPartOf\":{\"@id\":\"https:\/\/adrianaarronte.com.es\/#website\"},\"datePublished\":\"2024-05-02T13:07:27+00:00\",\"dateModified\":\"2024-05-02T14:26:26+00:00\",\"description\":\"Cordillera formada por las monta\u00f1as m\u00e1s altas de los pa\u00edses que constituyen el G8 (pa\u00edses industrializados del mundo cuyo peso pol\u00edtico, econ\u00f3mico y militar es relevante a escala global). Acompa\u00f1ado de palabras que refieren estados de altitud espiritual o social: STATUS, GLORIA, ASCENSI\u00d3N, ALTAR, CUMBRE\u2026\",\"breadcrumb\":{\"@id\":\"https:\/\/adrianaarronte.com.es\/index.php\/obras\/dibujos-drawings\/mistica\/#breadcrumb\"},\"inLanguage\":\"es\",\"potentialAction\":[{\"@type\":\"ReadAction\",\"target\":[\"https:\/\/adrianaarronte.com.es\/index.php\/obras\/dibujos-drawings\/mistica\/\"]}]},{\"@type\":\"BreadcrumbList\",\"@id\":\"https:\/\/adrianaarronte.com.es\/index.php\/obras\/dibujos-drawings\/mistica\/#breadcrumb\",\"itemListElement\":[{\"@type\":\"ListItem\",\"position\":1,\"name\":\"Home\",\"item\":\"https:\/\/adrianaarronte.com.es\/\"},{\"@type\":\"ListItem\",\"position\":2,\"name\":\"OBRAS\",\"item\":\"https:\/\/adrianaarronte.com.es\/index.php\/obras\/\"},{\"@type\":\"ListItem\",\"position\":3,\"name\":\"Dibujos\",\"item\":\"https:\/\/adrianaarronte.com.es\/index.php\/obras\/dibujos-drawings\/\"},{\"@type\":\"ListItem\",\"position\":4,\"name\":\"M\u00edstica\"}]},{\"@type\":\"WebSite\",\"@id\":\"https:\/\/adrianaarronte.com.es\/#website\",\"url\":\"https:\/\/adrianaarronte.com.es\/\",\"name\":\"ADRIANA ARRONTE\",\"description\":\"\",\"potentialAction\":[{\"@type\":\"SearchAction\",\"target\":{\"@type\":\"EntryPoint\",\"urlTemplate\":\"https:\/\/adrianaarronte.com.es\/?s={search_term_string}\"},\"query-input\":\"required name=search_term_string\"}],\"inLanguage\":\"es\"}]}<\/script>\n<!-- \/ Yoast SEO plugin. -->","yoast_head_json":{"title":"M\u00edstica - ADRIANA ARRONTE","description":"Cordillera formada por las monta\u00f1as m\u00e1s altas de los pa\u00edses que constituyen el G8 (pa\u00edses industrializados del mundo cuyo peso pol\u00edtico, econ\u00f3mico y militar es relevante a escala global). Acompa\u00f1ado de palabras que refieren estados de altitud espiritual o social: STATUS, GLORIA, ASCENSI\u00d3N, ALTAR, CUMBRE\u2026","robots":{"index":"index","follow":"follow","max-snippet":"max-snippet:-1","max-image-preview":"max-image-preview:large","max-video-preview":"max-video-preview:-1"},"canonical":"https:\/\/adrianaarronte.com.es\/index.php\/obras\/dibujos-drawings\/mistica\/","og_locale":"es_ES","og_type":"article","og_title":"M\u00edstica - ADRIANA ARRONTE","og_description":"Cordillera formada por las monta\u00f1as m\u00e1s altas de los pa\u00edses que constituyen el G8 (pa\u00edses industrializados del mundo cuyo peso pol\u00edtico, econ\u00f3mico y militar es relevante a escala global). Acompa\u00f1ado de palabras que refieren estados de altitud espiritual o social: STATUS, GLORIA, ASCENSI\u00d3N, ALTAR, CUMBRE\u2026","og_url":"https:\/\/adrianaarronte.com.es\/index.php\/obras\/dibujos-drawings\/mistica\/","og_site_name":"ADRIANA ARRONTE","article_modified_time":"2024-05-02T14:26:26+00:00","og_image":[{"url":"https:\/\/adrianaarronte.com.es\/wp-content\/uploads\/2024\/05\/SoloShow-ArtMiami-2017.jpg"}],"twitter_card":"summary_large_image","twitter_misc":{"Tiempo de lectura":"3 minutos"},"schema":{"@context":"https:\/\/schema.org","@graph":[{"@type":"WebPage","@id":"https:\/\/adrianaarronte.com.es\/index.php\/obras\/dibujos-drawings\/mistica\/","url":"https:\/\/adrianaarronte.com.es\/index.php\/obras\/dibujos-drawings\/mistica\/","name":"M\u00edstica - ADRIANA ARRONTE","isPartOf":{"@id":"https:\/\/adrianaarronte.com.es\/#website"},"datePublished":"2024-05-02T13:07:27+00:00","dateModified":"2024-05-02T14:26:26+00:00","description":"Cordillera formada por las monta\u00f1as m\u00e1s altas de los pa\u00edses que constituyen el G8 (pa\u00edses industrializados del mundo cuyo peso pol\u00edtico, econ\u00f3mico y militar es relevante a escala global). Acompa\u00f1ado de palabras que refieren estados de altitud espiritual o social: STATUS, GLORIA, ASCENSI\u00d3N, ALTAR, CUMBRE\u2026","breadcrumb":{"@id":"https:\/\/adrianaarronte.com.es\/index.php\/obras\/dibujos-drawings\/mistica\/#breadcrumb"},"inLanguage":"es","potentialAction":[{"@type":"ReadAction","target":["https:\/\/adrianaarronte.com.es\/index.php\/obras\/dibujos-drawings\/mistica\/"]}]},{"@type":"BreadcrumbList","@id":"https:\/\/adrianaarronte.com.es\/index.php\/obras\/dibujos-drawings\/mistica\/#breadcrumb","itemListElement":[{"@type":"ListItem","position":1,"name":"Home","item":"https:\/\/adrianaarronte.com.es\/"},{"@type":"ListItem","position":2,"name":"OBRAS","item":"https:\/\/adrianaarronte.com.es\/index.php\/obras\/"},{"@type":"ListItem","position":3,"name":"Dibujos","item":"https:\/\/adrianaarronte.com.es\/index.php\/obras\/dibujos-drawings\/"},{"@type":"ListItem","position":4,"name":"M\u00edstica"}]},{"@type":"WebSite","@id":"https:\/\/adrianaarronte.com.es\/#website","url":"https:\/\/adrianaarronte.com.es\/","name":"ADRIANA ARRONTE","description":"","potentialAction":[{"@type":"SearchAction","target":{"@type":"EntryPoint","urlTemplate":"https:\/\/adrianaarronte.com.es\/?s={search_term_string}"},"query-input":"required name=search_term_string"}],"inLanguage":"es"}]}},"_links":{"self":[{"href":"https:\/\/adrianaarronte.com.es\/index.php\/wp-json\/wp\/v2\/pages\/1271","targetHints":{"allow":["GET"]}}],"collection":[{"href":"https:\/\/adrianaarronte.com.es\/index.php\/wp-json\/wp\/v2\/pages"}],"about":[{"href":"https:\/\/adrianaarronte.com.es\/index.php\/wp-json\/wp\/v2\/types\/page"}],"author":[{"embeddable":true,"href":"https:\/\/adrianaarronte.com.es\/index.php\/wp-json\/wp\/v2\/users\/1"}],"replies":[{"embeddable":true,"href":"https:\/\/adrianaarronte.com.es\/index.php\/wp-json\/wp\/v2\/comments?post=1271"}],"version-history":[{"count":6,"href":"https:\/\/adrianaarronte.com.es\/index.php\/wp-json\/wp\/v2\/pages\/1271\/revisions"}],"predecessor-version":[{"id":1310,"href":"https:\/\/adrianaarronte.com.es\/index.php\/wp-json\/wp\/v2\/pages\/1271\/revisions\/1310"}],"up":[{"embeddable":true,"href":"https:\/\/adrianaarronte.com.es\/index.php\/wp-json\/wp\/v2\/pages\/129"}],"wp:attachment":[{"href":"https:\/\/adrianaarronte.com.es\/index.php\/wp-json\/wp\/v2\/media?parent=1271"}],"curies":[{"name":"wp","href":"https:\/\/api.w.org\/{rel}","templated":true}]}}