{"id":129,"date":"2023-07-17T15:12:07","date_gmt":"2023-07-17T18:12:07","guid":{"rendered":"https:\/\/adrianaarronte.com.es\/?page_id=129"},"modified":"2025-07-14T19:58:20","modified_gmt":"2025-07-14T17:58:20","slug":"dibujos-drawings","status":"publish","type":"page","link":"https:\/\/adrianaarronte.com.es\/index.php\/obras\/dibujos-drawings\/","title":{"rendered":"Dibujos"},"content":{"rendered":"\n<p class=\"has-ast-global-color-8-color has-text-color has-small-font-size\">Dibujos, grabados, collages | Drawings, engraved, collages<\/p>\n\n\n\n<p class=\"has-text-align-center has-small-font-size\"><\/p>\n\n\n\n<div class=\"wp-block-columns is-layout-flex wp-container-core-columns-is-layout-9d6595d7 wp-block-columns-is-layout-flex\">\n<div class=\"wp-block-column is-layout-flow wp-block-column-is-layout-flow\">\n<div class=\"wp-block-columns is-layout-flex wp-container-core-columns-is-layout-9d6595d7 wp-block-columns-is-layout-flex\">\n<div class=\"wp-block-column is-layout-flow wp-block-column-is-layout-flow\">\n<figure class=\"wp-block-gallery has-nested-images columns-default is-cropped wp-block-gallery-1 is-layout-flex wp-block-gallery-is-layout-flex\">\n<figure class=\"wp-block-image size-large\"><a href=\"https:\/\/adrianaarronte.com.es\/index.php\/obras\/dibujos-drawings\/en-formalizacion\/\"><img loading=\"lazy\" decoding=\"async\" width=\"400\" height=\"270\" data-id=\"716\" src=\"https:\/\/adrianaarronte.com.es\/wp-content\/uploads\/2023\/12\/270-x-400-en-formalizacion.jpg\" alt=\"\" class=\"wp-image-716\" srcset=\"https:\/\/adrianaarronte.com.es\/wp-content\/uploads\/2023\/12\/270-x-400-en-formalizacion.jpg 400w, https:\/\/adrianaarronte.com.es\/wp-content\/uploads\/2023\/12\/270-x-400-en-formalizacion-300x203.jpg 300w\" sizes=\"auto, (max-width: 400px) 100vw, 400px\" \/><\/a><figcaption class=\"wp-element-caption\">Formalizaci\u00f3n | Formalization<\/figcaption><\/figure>\n<\/figure>\n<\/div>\n\n\n\n<div class=\"wp-block-column is-layout-flow wp-block-column-is-layout-flow\">\n<figure class=\"wp-block-gallery has-nested-images columns-default is-cropped wp-block-gallery-2 is-layout-flex wp-block-gallery-is-layout-flex\">\n<figure class=\"wp-block-image size-large\"><a href=\"https:\/\/adrianaarronte.com.es\/index.php\/obras\/dibujos-drawings\/ruptura-espontanea\/\"><img loading=\"lazy\" decoding=\"async\" width=\"400\" height=\"270\" data-id=\"722\" src=\"https:\/\/adrianaarronte.com.es\/wp-content\/uploads\/2023\/12\/270-x-400-ruptura.jpg\" alt=\"\" class=\"wp-image-722\" srcset=\"https:\/\/adrianaarronte.com.es\/wp-content\/uploads\/2023\/12\/270-x-400-ruptura.jpg 400w, https:\/\/adrianaarronte.com.es\/wp-content\/uploads\/2023\/12\/270-x-400-ruptura-300x203.jpg 300w\" sizes=\"auto, (max-width: 400px) 100vw, 400px\" \/><\/a><figcaption class=\"wp-element-caption\">Ruptura espont\u00e1nea&#8230;| Spontaneus symmetry<\/figcaption><\/figure>\n<\/figure>\n<\/div>\n\n\n\n<div class=\"wp-block-column is-layout-flow wp-block-column-is-layout-flow\">\n<figure class=\"wp-block-gallery has-nested-images columns-default is-cropped wp-block-gallery-3 is-layout-flex wp-block-gallery-is-layout-flex\">\n<figure class=\"wp-block-image size-full\"><a href=\"https:\/\/adrianaarronte.com.es\/index.php\/obras\/dibujos-drawings\/dibujo-draw-esmalte-vitral-acrilico-o-cristal-painting-stained-glass-glass\/\"><img loading=\"lazy\" decoding=\"async\" width=\"400\" height=\"270\" data-id=\"727\" src=\"https:\/\/adrianaarronte.com.es\/wp-content\/uploads\/2023\/12\/270-x-400-derrame-2.jpg\" alt=\"\" class=\"wp-image-727\" srcset=\"https:\/\/adrianaarronte.com.es\/wp-content\/uploads\/2023\/12\/270-x-400-derrame-2.jpg 400w, https:\/\/adrianaarronte.com.es\/wp-content\/uploads\/2023\/12\/270-x-400-derrame-2-300x203.jpg 300w\" sizes=\"auto, (max-width: 400px) 100vw, 400px\" \/><\/a><figcaption class=\"wp-element-caption\">Derrame | Bleeding<\/figcaption><\/figure>\n<\/figure>\n<\/div>\n<\/div>\n<\/div>\n<\/div>\n\n\n\n<div class=\"wp-block-columns is-layout-flex wp-container-core-columns-is-layout-9d6595d7 wp-block-columns-is-layout-flex\">\n<div class=\"wp-block-column is-layout-flow wp-block-column-is-layout-flow\">\n<figure class=\"wp-block-gallery has-nested-images columns-default is-cropped wp-block-gallery-4 is-layout-flex wp-block-gallery-is-layout-flex\">\n<figure class=\"wp-block-image size-large\"><a href=\"https:\/\/adrianaarronte.com.es\/index.php\/obras\/dibujos-drawings\/elevados\/\"><img loading=\"lazy\" decoding=\"async\" width=\"400\" height=\"270\" data-id=\"730\" src=\"https:\/\/adrianaarronte.com.es\/wp-content\/uploads\/2023\/12\/270-x-400-elevados.jpg\" alt=\"\" class=\"wp-image-730\" srcset=\"https:\/\/adrianaarronte.com.es\/wp-content\/uploads\/2023\/12\/270-x-400-elevados.jpg 400w, https:\/\/adrianaarronte.com.es\/wp-content\/uploads\/2023\/12\/270-x-400-elevados-300x203.jpg 300w\" sizes=\"auto, (max-width: 400px) 100vw, 400px\" \/><\/a><figcaption class=\"wp-element-caption\">Elevados <strong>|<\/strong> Raise<\/figcaption><\/figure>\n<\/figure>\n<\/div>\n\n\n\n<div class=\"wp-block-column is-layout-flow wp-block-column-is-layout-flow\">\n<figure class=\"wp-block-gallery has-nested-images columns-default is-cropped wp-block-gallery-5 is-layout-flex wp-block-gallery-is-layout-flex\">\n<figure class=\"wp-block-image size-large\"><a href=\"https:\/\/adrianaarronte.com.es\/index.php\/obras\/dibujos-drawings\/estado-de-gracia\/\"><img loading=\"lazy\" decoding=\"async\" width=\"400\" height=\"270\" data-id=\"734\" src=\"https:\/\/adrianaarronte.com.es\/wp-content\/uploads\/2023\/12\/270-x-400-estado-de-gracia.jpg\" alt=\"\" class=\"wp-image-734\" srcset=\"https:\/\/adrianaarronte.com.es\/wp-content\/uploads\/2023\/12\/270-x-400-estado-de-gracia.jpg 400w, https:\/\/adrianaarronte.com.es\/wp-content\/uploads\/2023\/12\/270-x-400-estado-de-gracia-300x203.jpg 300w\" sizes=\"auto, (max-width: 400px) 100vw, 400px\" \/><\/a><figcaption class=\"wp-element-caption\">Estado de gracia <strong>|<\/strong> State of grace<\/figcaption><\/figure>\n<\/figure>\n<\/div>\n\n\n\n<div class=\"wp-block-column is-layout-flow wp-block-column-is-layout-flow\">\n<figure class=\"wp-block-gallery has-nested-images columns-default is-cropped wp-block-gallery-6 is-layout-flex wp-block-gallery-is-layout-flex\">\n<figure class=\"wp-block-image size-large\"><a href=\"https:\/\/adrianaarronte.com.es\/index.php\/obras\/dibujos-drawings\/transformacion-de-la-materia\/\"><img loading=\"lazy\" decoding=\"async\" width=\"400\" height=\"270\" data-id=\"736\" src=\"https:\/\/adrianaarronte.com.es\/wp-content\/uploads\/2023\/12\/270-x-400-transformacion-2.jpg\" alt=\"\" class=\"wp-image-736\" srcset=\"https:\/\/adrianaarronte.com.es\/wp-content\/uploads\/2023\/12\/270-x-400-transformacion-2.jpg 400w, https:\/\/adrianaarronte.com.es\/wp-content\/uploads\/2023\/12\/270-x-400-transformacion-2-300x203.jpg 300w\" sizes=\"auto, (max-width: 400px) 100vw, 400px\" \/><\/a><figcaption class=\"wp-element-caption\">Transformaci\u00f3n de la materia <strong>|<\/strong> The transformation <\/figcaption><\/figure>\n<\/figure>\n<\/div>\n<\/div>\n\n\n\n<div class=\"wp-block-columns is-layout-flex wp-container-core-columns-is-layout-9d6595d7 wp-block-columns-is-layout-flex\">\n<div class=\"wp-block-column is-layout-flow wp-block-column-is-layout-flow\">\n<figure class=\"wp-block-gallery has-nested-images columns-default is-cropped wp-block-gallery-7 is-layout-flex wp-block-gallery-is-layout-flex\">\n<figure class=\"wp-block-image size-large\"><a href=\"https:\/\/adrianaarronte.com.es\/index.php\/obras\/dibujos-drawings\/superficie-de-revolucion\/\"><img loading=\"lazy\" decoding=\"async\" width=\"400\" height=\"270\" data-id=\"740\" src=\"https:\/\/adrianaarronte.com.es\/wp-content\/uploads\/2023\/12\/270-x-400-superficie-de-revolucion.jpg\" alt=\"\" class=\"wp-image-740\" srcset=\"https:\/\/adrianaarronte.com.es\/wp-content\/uploads\/2023\/12\/270-x-400-superficie-de-revolucion.jpg 400w, https:\/\/adrianaarronte.com.es\/wp-content\/uploads\/2023\/12\/270-x-400-superficie-de-revolucion-300x203.jpg 300w\" sizes=\"auto, (max-width: 400px) 100vw, 400px\" \/><\/a><figcaption class=\"wp-element-caption\">Superficie de revoluci\u00f3n | Revolution surface<\/figcaption><\/figure>\n<\/figure>\n<\/div>\n\n\n\n<div class=\"wp-block-column is-layout-flow wp-block-column-is-layout-flow\">\n<figure class=\"wp-block-gallery has-nested-images columns-default is-cropped wp-block-gallery-8 is-layout-flex wp-block-gallery-is-layout-flex\">\n<figure class=\"wp-block-image size-full\"><a href=\"https:\/\/adrianaarronte.com.es\/index.php\/obras\/dibujos-drawings\/culto-y-sacrificio-2\/\"><img loading=\"lazy\" decoding=\"async\" width=\"800\" height=\"540\" data-id=\"1386\" src=\"https:\/\/adrianaarronte.com.es\/wp-content\/uploads\/2024\/05\/Culto-y-sacrificio.jpg\" alt=\"\" class=\"wp-image-1386\" srcset=\"https:\/\/adrianaarronte.com.es\/wp-content\/uploads\/2024\/05\/Culto-y-sacrificio.jpg 800w, https:\/\/adrianaarronte.com.es\/wp-content\/uploads\/2024\/05\/Culto-y-sacrificio-300x203.jpg 300w, https:\/\/adrianaarronte.com.es\/wp-content\/uploads\/2024\/05\/Culto-y-sacrificio-768x518.jpg 768w\" sizes=\"auto, (max-width: 800px) 100vw, 800px\" \/><\/a><figcaption class=\"wp-element-caption\">Culto y sacrificio  | Worship and sacrifice<\/figcaption><\/figure>\n<\/figure>\n<\/div>\n\n\n\n<div class=\"wp-block-column is-layout-flow wp-block-column-is-layout-flow\">\n<figure class=\"wp-block-gallery has-nested-images columns-default is-cropped wp-block-gallery-9 is-layout-flex wp-block-gallery-is-layout-flex\">\n<figure class=\"wp-block-image size-full\"><a href=\"https:\/\/adrianaarronte.com.es\/index.php\/obras\/dibujos-drawings\/nodos-orbita-2\/\"><img loading=\"lazy\" decoding=\"async\" width=\"800\" height=\"540\" data-id=\"1389\" src=\"https:\/\/adrianaarronte.com.es\/wp-content\/uploads\/2024\/05\/Nodos-Orbita.jpg\" alt=\"\" class=\"wp-image-1389\" srcset=\"https:\/\/adrianaarronte.com.es\/wp-content\/uploads\/2024\/05\/Nodos-Orbita.jpg 800w, https:\/\/adrianaarronte.com.es\/wp-content\/uploads\/2024\/05\/Nodos-Orbita-300x203.jpg 300w, https:\/\/adrianaarronte.com.es\/wp-content\/uploads\/2024\/05\/Nodos-Orbita-768x518.jpg 768w\" sizes=\"auto, (max-width: 800px) 100vw, 800px\" \/><\/a><figcaption class=\"wp-element-caption\">Nodos-\u00d3rbita | Nodes-Orbit<\/figcaption><\/figure>\n<\/figure>\n<\/div>\n<\/div>\n\n\n\n<div class=\"wp-block-columns is-layout-flex wp-container-core-columns-is-layout-9d6595d7 wp-block-columns-is-layout-flex\">\n<div class=\"wp-block-column is-layout-flow wp-block-column-is-layout-flow\">\n<figure class=\"wp-block-gallery has-nested-images columns-default is-cropped wp-block-gallery-10 is-layout-flex wp-block-gallery-is-layout-flex\">\n<figure class=\"wp-block-image size-large\"><a href=\"https:\/\/adrianaarronte.com.es\/index.php\/obras\/dibujos-drawings\/mistica\/\"><img loading=\"lazy\" decoding=\"async\" width=\"400\" height=\"270\" data-id=\"742\" src=\"https:\/\/adrianaarronte.com.es\/wp-content\/uploads\/2023\/12\/270-x-400-mistica.jpg\" alt=\"\" class=\"wp-image-742\" srcset=\"https:\/\/adrianaarronte.com.es\/wp-content\/uploads\/2023\/12\/270-x-400-mistica.jpg 400w, https:\/\/adrianaarronte.com.es\/wp-content\/uploads\/2023\/12\/270-x-400-mistica-300x203.jpg 300w\" sizes=\"auto, (max-width: 400px) 100vw, 400px\" \/><\/a><figcaption class=\"wp-element-caption\">M\u00edstica | Mysticism<\/figcaption><\/figure>\n<\/figure>\n<\/div>\n\n\n\n<div class=\"wp-block-column is-layout-flow wp-block-column-is-layout-flow\">\n<figure class=\"wp-block-gallery has-nested-images columns-default is-cropped wp-block-gallery-11 is-layout-flex wp-block-gallery-is-layout-flex\">\n<figure class=\"wp-block-image size-full\"><a href=\"https:\/\/adrianaarronte.com.es\/index.php\/obras\/dibujos-drawings\/gramatica\/\"><img loading=\"lazy\" decoding=\"async\" width=\"800\" height=\"540\" data-id=\"1936\" src=\"https:\/\/adrianaarronte.com.es\/wp-content\/uploads\/2024\/08\/Serie-Gramatica.jpg\" alt=\"\" class=\"wp-image-1936\" srcset=\"https:\/\/adrianaarronte.com.es\/wp-content\/uploads\/2024\/08\/Serie-Gramatica.jpg 800w, https:\/\/adrianaarronte.com.es\/wp-content\/uploads\/2024\/08\/Serie-Gramatica-300x203.jpg 300w, https:\/\/adrianaarronte.com.es\/wp-content\/uploads\/2024\/08\/Serie-Gramatica-768x518.jpg 768w\" sizes=\"auto, (max-width: 800px) 100vw, 800px\" \/><\/a><figcaption class=\"wp-element-caption\">Gram\u00e1tica | Grammar<\/figcaption><\/figure>\n<\/figure>\n<\/div>\n\n\n\n<div class=\"wp-block-column is-layout-flow wp-block-column-is-layout-flow\">\n<figure class=\"wp-block-gallery has-nested-images columns-default is-cropped wp-block-gallery-12 is-layout-flex wp-block-gallery-is-layout-flex\">\n<figure class=\"wp-block-image size-full\"><a href=\"https:\/\/adrianaarronte.com.es\/index.php\/obras\/dibujos-drawings\/actualizacion-del-modelo-2\/\"><img loading=\"lazy\" decoding=\"async\" width=\"800\" height=\"540\" data-id=\"1932\" src=\"https:\/\/adrianaarronte.com.es\/wp-content\/uploads\/2024\/08\/Actualizacion-del-modelo-2012-1.jpg\" alt=\"\" class=\"wp-image-1932\" srcset=\"https:\/\/adrianaarronte.com.es\/wp-content\/uploads\/2024\/08\/Actualizacion-del-modelo-2012-1.jpg 800w, https:\/\/adrianaarronte.com.es\/wp-content\/uploads\/2024\/08\/Actualizacion-del-modelo-2012-1-300x203.jpg 300w, https:\/\/adrianaarronte.com.es\/wp-content\/uploads\/2024\/08\/Actualizacion-del-modelo-2012-1-768x518.jpg 768w\" sizes=\"auto, (max-width: 800px) 100vw, 800px\" \/><\/a><figcaption class=\"wp-element-caption\">Actualizaci\u00f3n del modelo | Model update<\/figcaption><\/figure>\n<\/figure>\n<\/div>\n<\/div>\n\n\n\n<div class=\"wp-block-columns is-layout-flex wp-container-core-columns-is-layout-9d6595d7 wp-block-columns-is-layout-flex\">\n<div class=\"wp-block-column is-layout-flow wp-block-column-is-layout-flow\">\n<figure class=\"wp-block-gallery has-nested-images columns-default is-cropped wp-block-gallery-13 is-layout-flex wp-block-gallery-is-layout-flex\">\n<figure class=\"wp-block-image size-large\"><img loading=\"lazy\" decoding=\"async\" width=\"800\" height=\"540\" data-id=\"1396\" src=\"https:\/\/adrianaarronte.com.es\/wp-content\/uploads\/2024\/05\/Temporada-de-caza-2009.jpg\" alt=\"\" class=\"wp-image-1396\" srcset=\"https:\/\/adrianaarronte.com.es\/wp-content\/uploads\/2024\/05\/Temporada-de-caza-2009.jpg 800w, https:\/\/adrianaarronte.com.es\/wp-content\/uploads\/2024\/05\/Temporada-de-caza-2009-300x203.jpg 300w, https:\/\/adrianaarronte.com.es\/wp-content\/uploads\/2024\/05\/Temporada-de-caza-2009-768x518.jpg 768w\" sizes=\"auto, (max-width: 800px) 100vw, 800px\" \/><figcaption class=\"wp-element-caption\">Temporada de caza | Hunting season<\/figcaption><\/figure>\n<\/figure>\n<\/div>\n\n\n\n<div class=\"wp-block-column is-layout-flow wp-block-column-is-layout-flow\">\n<figure class=\"wp-block-gallery has-nested-images columns-default is-cropped wp-block-gallery-14 is-layout-flex wp-block-gallery-is-layout-flex\"><\/figure>\n<\/div>\n\n\n\n<div class=\"wp-block-column is-layout-flow wp-block-column-is-layout-flow\">\n<figure class=\"wp-block-gallery has-nested-images columns-default is-cropped wp-block-gallery-15 is-layout-flex wp-block-gallery-is-layout-flex\"><\/figure>\n<\/div>\n<\/div>\n","protected":false},"excerpt":{"rendered":"<p>Dibujos, grabados, collages | Drawings, engraved, collages<\/p>\n","protected":false},"author":1,"featured_media":0,"parent":109,"menu_order":4,"comment_status":"closed","ping_status":"closed","template":"","meta":{"neve_meta_sidebar":"","neve_meta_container":"","neve_meta_enable_content_width":"","neve_meta_content_width":0,"neve_meta_title_alignment":"","neve_meta_author_avatar":"","neve_post_elements_order":"","neve_meta_disable_header":"","neve_meta_disable_footer":"","neve_meta_disable_title":"on","footnotes":""},"class_list":["post-129","page","type-page","status-publish","hentry"],"yoast_head":"<!-- This site is optimized with the Yoast SEO plugin v21.6 - https:\/\/yoast.com\/wordpress\/plugins\/seo\/ -->\n<title>Dibujos - ADRIANA ARRONTE<\/title>\n<meta name=\"description\" content=\"Dibujos: Formalizaci\u00f3n, Gram\u00e1tica, Ruptura espont\u00e1nea de la simetr\u00eda, Derrame, Elevados, Estado de gracia, Transformaci\u00f3n de la materia, Superficie de revoluci\u00f3n, Culto y sacrificio\" \/>\n<meta name=\"robots\" content=\"index, follow, max-snippet:-1, max-image-preview:large, max-video-preview:-1\" \/>\n<link rel=\"canonical\" href=\"https:\/\/adrianaarronte.com.es\/index.php\/obras\/dibujos-drawings\/\" \/>\n<meta property=\"og:locale\" content=\"es_ES\" \/>\n<meta property=\"og:type\" content=\"article\" \/>\n<meta property=\"og:title\" content=\"Dibujos - ADRIANA ARRONTE\" \/>\n<meta property=\"og:description\" content=\"Dibujos: Formalizaci\u00f3n, Gram\u00e1tica, Ruptura espont\u00e1nea de la simetr\u00eda, Derrame, Elevados, Estado de gracia, Transformaci\u00f3n de la materia, Superficie de revoluci\u00f3n, Culto y sacrificio\" \/>\n<meta property=\"og:url\" content=\"https:\/\/adrianaarronte.com.es\/index.php\/obras\/dibujos-drawings\/\" \/>\n<meta property=\"og:site_name\" content=\"ADRIANA ARRONTE\" \/>\n<meta property=\"article:modified_time\" content=\"2025-07-14T17:58:20+00:00\" \/>\n<meta property=\"og:image\" content=\"https:\/\/adrianaarronte.com.es\/wp-content\/uploads\/2023\/12\/270-x-400-en-formalizacion.jpg\" \/>\n<meta name=\"twitter:card\" content=\"summary_large_image\" \/>\n<meta name=\"twitter:label1\" content=\"Tiempo de lectura\" \/>\n\t<meta name=\"twitter:data1\" content=\"3 minutos\" \/>\n<script type=\"application\/ld+json\" class=\"yoast-schema-graph\">{\"@context\":\"https:\/\/schema.org\",\"@graph\":[{\"@type\":\"WebPage\",\"@id\":\"https:\/\/adrianaarronte.com.es\/index.php\/obras\/dibujos-drawings\/\",\"url\":\"https:\/\/adrianaarronte.com.es\/index.php\/obras\/dibujos-drawings\/\",\"name\":\"Dibujos - ADRIANA ARRONTE\",\"isPartOf\":{\"@id\":\"https:\/\/adrianaarronte.com.es\/#website\"},\"datePublished\":\"2023-07-17T18:12:07+00:00\",\"dateModified\":\"2025-07-14T17:58:20+00:00\",\"description\":\"Dibujos: Formalizaci\u00f3n, Gram\u00e1tica, Ruptura espont\u00e1nea de la simetr\u00eda, Derrame, Elevados, Estado de gracia, Transformaci\u00f3n de la materia, Superficie de revoluci\u00f3n, Culto y sacrificio\",\"breadcrumb\":{\"@id\":\"https:\/\/adrianaarronte.com.es\/index.php\/obras\/dibujos-drawings\/#breadcrumb\"},\"inLanguage\":\"es\",\"potentialAction\":[{\"@type\":\"ReadAction\",\"target\":[\"https:\/\/adrianaarronte.com.es\/index.php\/obras\/dibujos-drawings\/\"]}]},{\"@type\":\"BreadcrumbList\",\"@id\":\"https:\/\/adrianaarronte.com.es\/index.php\/obras\/dibujos-drawings\/#breadcrumb\",\"itemListElement\":[{\"@type\":\"ListItem\",\"position\":1,\"name\":\"Home\",\"item\":\"https:\/\/adrianaarronte.com.es\/\"},{\"@type\":\"ListItem\",\"position\":2,\"name\":\"OBRAS\",\"item\":\"https:\/\/adrianaarronte.com.es\/index.php\/obras\/\"},{\"@type\":\"ListItem\",\"position\":3,\"name\":\"Dibujos\"}]},{\"@type\":\"WebSite\",\"@id\":\"https:\/\/adrianaarronte.com.es\/#website\",\"url\":\"https:\/\/adrianaarronte.com.es\/\",\"name\":\"ADRIANA ARRONTE\",\"description\":\"\",\"potentialAction\":[{\"@type\":\"SearchAction\",\"target\":{\"@type\":\"EntryPoint\",\"urlTemplate\":\"https:\/\/adrianaarronte.com.es\/?s={search_term_string}\"},\"query-input\":\"required name=search_term_string\"}],\"inLanguage\":\"es\"}]}<\/script>\n<!-- \/ Yoast SEO plugin. -->","yoast_head_json":{"title":"Dibujos - ADRIANA ARRONTE","description":"Dibujos: Formalizaci\u00f3n, Gram\u00e1tica, Ruptura espont\u00e1nea de la simetr\u00eda, Derrame, Elevados, Estado de gracia, Transformaci\u00f3n de la materia, Superficie de revoluci\u00f3n, Culto y sacrificio","robots":{"index":"index","follow":"follow","max-snippet":"max-snippet:-1","max-image-preview":"max-image-preview:large","max-video-preview":"max-video-preview:-1"},"canonical":"https:\/\/adrianaarronte.com.es\/index.php\/obras\/dibujos-drawings\/","og_locale":"es_ES","og_type":"article","og_title":"Dibujos - ADRIANA ARRONTE","og_description":"Dibujos: Formalizaci\u00f3n, Gram\u00e1tica, Ruptura espont\u00e1nea de la simetr\u00eda, Derrame, Elevados, Estado de gracia, Transformaci\u00f3n de la materia, Superficie de revoluci\u00f3n, Culto y sacrificio","og_url":"https:\/\/adrianaarronte.com.es\/index.php\/obras\/dibujos-drawings\/","og_site_name":"ADRIANA ARRONTE","article_modified_time":"2025-07-14T17:58:20+00:00","og_image":[{"url":"https:\/\/adrianaarronte.com.es\/wp-content\/uploads\/2023\/12\/270-x-400-en-formalizacion.jpg"}],"twitter_card":"summary_large_image","twitter_misc":{"Tiempo de lectura":"3 minutos"},"schema":{"@context":"https:\/\/schema.org","@graph":[{"@type":"WebPage","@id":"https:\/\/adrianaarronte.com.es\/index.php\/obras\/dibujos-drawings\/","url":"https:\/\/adrianaarronte.com.es\/index.php\/obras\/dibujos-drawings\/","name":"Dibujos - ADRIANA ARRONTE","isPartOf":{"@id":"https:\/\/adrianaarronte.com.es\/#website"},"datePublished":"2023-07-17T18:12:07+00:00","dateModified":"2025-07-14T17:58:20+00:00","description":"Dibujos: Formalizaci\u00f3n, Gram\u00e1tica, Ruptura espont\u00e1nea de la simetr\u00eda, Derrame, Elevados, Estado de gracia, Transformaci\u00f3n de la materia, Superficie de revoluci\u00f3n, Culto y sacrificio","breadcrumb":{"@id":"https:\/\/adrianaarronte.com.es\/index.php\/obras\/dibujos-drawings\/#breadcrumb"},"inLanguage":"es","potentialAction":[{"@type":"ReadAction","target":["https:\/\/adrianaarronte.com.es\/index.php\/obras\/dibujos-drawings\/"]}]},{"@type":"BreadcrumbList","@id":"https:\/\/adrianaarronte.com.es\/index.php\/obras\/dibujos-drawings\/#breadcrumb","itemListElement":[{"@type":"ListItem","position":1,"name":"Home","item":"https:\/\/adrianaarronte.com.es\/"},{"@type":"ListItem","position":2,"name":"OBRAS","item":"https:\/\/adrianaarronte.com.es\/index.php\/obras\/"},{"@type":"ListItem","position":3,"name":"Dibujos"}]},{"@type":"WebSite","@id":"https:\/\/adrianaarronte.com.es\/#website","url":"https:\/\/adrianaarronte.com.es\/","name":"ADRIANA ARRONTE","description":"","potentialAction":[{"@type":"SearchAction","target":{"@type":"EntryPoint","urlTemplate":"https:\/\/adrianaarronte.com.es\/?s={search_term_string}"},"query-input":"required name=search_term_string"}],"inLanguage":"es"}]}},"_links":{"self":[{"href":"https:\/\/adrianaarronte.com.es\/index.php\/wp-json\/wp\/v2\/pages\/129","targetHints":{"allow":["GET"]}}],"collection":[{"href":"https:\/\/adrianaarronte.com.es\/index.php\/wp-json\/wp\/v2\/pages"}],"about":[{"href":"https:\/\/adrianaarronte.com.es\/index.php\/wp-json\/wp\/v2\/types\/page"}],"author":[{"embeddable":true,"href":"https:\/\/adrianaarronte.com.es\/index.php\/wp-json\/wp\/v2\/users\/1"}],"replies":[{"embeddable":true,"href":"https:\/\/adrianaarronte.com.es\/index.php\/wp-json\/wp\/v2\/comments?post=129"}],"version-history":[{"count":40,"href":"https:\/\/adrianaarronte.com.es\/index.php\/wp-json\/wp\/v2\/pages\/129\/revisions"}],"predecessor-version":[{"id":2298,"href":"https:\/\/adrianaarronte.com.es\/index.php\/wp-json\/wp\/v2\/pages\/129\/revisions\/2298"}],"up":[{"embeddable":true,"href":"https:\/\/adrianaarronte.com.es\/index.php\/wp-json\/wp\/v2\/pages\/109"}],"wp:attachment":[{"href":"https:\/\/adrianaarronte.com.es\/index.php\/wp-json\/wp\/v2\/media?parent=129"}],"curies":[{"name":"wp","href":"https:\/\/api.w.org\/{rel}","templated":true}]}}