{"id":1338,"date":"2024-05-02T21:26:30","date_gmt":"2024-05-02T19:26:30","guid":{"rendered":"https:\/\/adrianaarronte.com.es\/?page_id=1338"},"modified":"2025-07-14T19:54:13","modified_gmt":"2025-07-14T17:54:13","slug":"extensiones","status":"publish","type":"page","link":"https:\/\/adrianaarronte.com.es\/index.php\/obras\/objetos-objects\/extensiones\/","title":{"rendered":"Extensiones"},"content":{"rendered":"\n<p class=\"has-ast-global-color-8-color has-text-color has-link-color has-small-font-size wp-elements-eaa537442d3f3202718b68d7cb16ed8a\">Objetos | Art objects<\/p>\n\n\n\n<div class=\"wp-block-columns is-layout-flex wp-container-core-columns-is-layout-9d6595d7 wp-block-columns-is-layout-flex\">\n<div class=\"wp-block-column is-layout-flow wp-block-column-is-layout-flow\">\n<figure class=\"wp-block-gallery has-nested-images columns-default is-cropped wp-block-gallery-1 is-layout-flex wp-block-gallery-is-layout-flex\">\n<figure class=\"wp-block-image size-full\"><img loading=\"lazy\" decoding=\"async\" width=\"984\" height=\"984\" data-id=\"1368\" src=\"https:\/\/adrianaarronte.com.es\/wp-content\/uploads\/2024\/05\/Extensiones-o-cerezo-japones-4.jpg\" alt=\"\" class=\"wp-image-1368\" srcset=\"https:\/\/adrianaarronte.com.es\/wp-content\/uploads\/2024\/05\/Extensiones-o-cerezo-japones-4.jpg 984w, https:\/\/adrianaarronte.com.es\/wp-content\/uploads\/2024\/05\/Extensiones-o-cerezo-japones-4-300x300.jpg 300w, https:\/\/adrianaarronte.com.es\/wp-content\/uploads\/2024\/05\/Extensiones-o-cerezo-japones-4-150x150.jpg 150w, https:\/\/adrianaarronte.com.es\/wp-content\/uploads\/2024\/05\/Extensiones-o-cerezo-japones-4-768x768.jpg 768w\" sizes=\"auto, (max-width: 984px) 100vw, 984px\" \/><\/figure>\n<\/figure>\n<\/div>\n\n\n\n<div class=\"wp-block-column is-layout-flow wp-block-column-is-layout-flow\">\n<p class=\"has-small-font-size\"><strong>EXTENSIONES o cerezo japon\u00e9s <\/strong>|<strong> EXTENSIONS or Japanese cherry<\/strong><br>2007<br>Objeto, instalaci\u00f3n y happening | Object, installation and happening<br>500 dise\u00f1os de vaso. Pl\u00e1stico: polipropileno | 500 designs of glass. Plastic: polypropylene<br>Altura 13 cm, di\u00e1metro 8 cm | Height 13 cm, diameter 8 cm<\/p>\n\n\n\n<p class=\"has-small-font-size\">Estos dep\u00f3sitos conteniendo rositas de ma\u00edz eran entregados al&nbsp; p\u00fablico que entraba al cine. Se present\u00f3 durante el Evento Internacional de Performance y Audiovisuales Travellyn, Realidad &amp; Ficci\u00f3n&nbsp; realizado en el Cine Actualidades. Vasos resultado de un estudio ergon\u00f3mico que tom\u00f3 como punto de partida las relaciones espaciales entre los espectadores en una sala de proyecci\u00f3n cinematogr\u00e1fica. Estos objetos contactan f\u00edsica y visualmente estableciendo filiaciones. Entramaban por el roce y la visualidad un sistema capilar de reacciones.<\/p>\n\n\n\n<p class=\"has-nv-c-1-color has-text-color has-link-color has-small-font-size wp-elements-4f14d306a064fe34e93692a69bce4a91\">These deposits contain popcorn were delivered to the public who came to the movies. Event was presented at the International Performance and Audiovisual Travellyn, Fact &amp; Fiction made in the cinema. Vessels result of an ergonomic study that took as its starting point the spatial relationships among the spectators in a film projection room. These objects providing physical and visual contact affiliations. We went into the rub and visuality a capillary system of reactions.<\/p>\n<\/div>\n<\/div>\n\n\n\n<div class=\"wp-block-columns is-layout-flex wp-container-core-columns-is-layout-9d6595d7 wp-block-columns-is-layout-flex\">\n<div class=\"wp-block-column is-layout-flow wp-block-column-is-layout-flow\">\n<figure class=\"wp-block-gallery has-nested-images columns-default is-cropped wp-block-gallery-2 is-layout-flex wp-block-gallery-is-layout-flex\">\n<figure class=\"wp-block-image size-full\"><a href=\"https:\/\/adrianaarronte.com.es\/wp-content\/uploads\/2025\/07\/Extensiones-9.jpg\"><img loading=\"lazy\" decoding=\"async\" width=\"1024\" height=\"736\" data-id=\"2291\" src=\"https:\/\/adrianaarronte.com.es\/wp-content\/uploads\/2025\/07\/Extensiones-9.jpg\" alt=\"\" class=\"wp-image-2291\" srcset=\"https:\/\/adrianaarronte.com.es\/wp-content\/uploads\/2025\/07\/Extensiones-9.jpg 1024w, https:\/\/adrianaarronte.com.es\/wp-content\/uploads\/2025\/07\/Extensiones-9-300x216.jpg 300w, https:\/\/adrianaarronte.com.es\/wp-content\/uploads\/2025\/07\/Extensiones-9-768x552.jpg 768w\" sizes=\"auto, (max-width: 1024px) 100vw, 1024px\" \/><\/a><\/figure>\n<\/figure>\n<\/div>\n\n\n\n<div class=\"wp-block-column is-layout-flow wp-block-column-is-layout-flow\">\n<figure class=\"wp-block-gallery has-nested-images columns-default is-cropped wp-block-gallery-3 is-layout-flex wp-block-gallery-is-layout-flex\">\n<figure class=\"wp-block-image size-large\"><a href=\"https:\/\/adrianaarronte.com.es\/wp-content\/uploads\/2025\/07\/Extensiones-7.jpg\"><img loading=\"lazy\" decoding=\"async\" width=\"1024\" height=\"736\" data-id=\"2292\" src=\"https:\/\/adrianaarronte.com.es\/wp-content\/uploads\/2025\/07\/Extensiones-7.jpg\" alt=\"\" class=\"wp-image-2292\" srcset=\"https:\/\/adrianaarronte.com.es\/wp-content\/uploads\/2025\/07\/Extensiones-7.jpg 1024w, https:\/\/adrianaarronte.com.es\/wp-content\/uploads\/2025\/07\/Extensiones-7-300x216.jpg 300w, https:\/\/adrianaarronte.com.es\/wp-content\/uploads\/2025\/07\/Extensiones-7-768x552.jpg 768w\" sizes=\"auto, (max-width: 1024px) 100vw, 1024px\" \/><\/a><\/figure>\n<\/figure>\n<\/div>\n<\/div>\n","protected":false},"excerpt":{"rendered":"<p>Objetos | Art objects EXTENSIONES o cerezo japon\u00e9s | EXTENSIONS or Japanese cherry2007Objeto, instalaci\u00f3n y happening | Object, installation and happening500 dise\u00f1os de vaso. Pl\u00e1stico: polipropileno | 500 designs of glass. Plastic: polypropyleneAltura 13 cm, di\u00e1metro 8 cm | Height 13 cm, diameter 8 cm Estos dep\u00f3sitos conteniendo rositas de ma\u00edz eran entregados al&nbsp; p\u00fablico&hellip;&nbsp;<a href=\"https:\/\/adrianaarronte.com.es\/index.php\/obras\/objetos-objects\/extensiones\/\" rel=\"bookmark\"><span class=\"screen-reader-text\">Extensiones<\/span><\/a><\/p>\n","protected":false},"author":1,"featured_media":0,"parent":125,"menu_order":18,"comment_status":"closed","ping_status":"closed","template":"","meta":{"neve_meta_sidebar":"","neve_meta_container":"","neve_meta_enable_content_width":"","neve_meta_content_width":0,"neve_meta_title_alignment":"","neve_meta_author_avatar":"","neve_post_elements_order":"","neve_meta_disable_header":"","neve_meta_disable_footer":"","neve_meta_disable_title":"on","footnotes":""},"class_list":["post-1338","page","type-page","status-publish","hentry"],"yoast_head":"<!-- This site is optimized with the Yoast SEO plugin v21.6 - https:\/\/yoast.com\/wordpress\/plugins\/seo\/ -->\n<title>Extensiones - ADRIANA ARRONTE<\/title>\n<meta name=\"description\" content=\"Estos dep\u00f3sitos conteniendo rositas de ma\u00edz eran entregados al\u00a0 p\u00fablico que entraba al cine. Se present\u00f3 durante el Evento Internacional de Performance y Audiovisuales Travellyn, Realidad &amp; Ficci\u00f3n\u00a0 realizado en el Cine Actualidades. Vasos resultado de un estudio ergon\u00f3mico que tom\u00f3 como punto de partida las relaciones espaciales entre los espectadores en una sala de proyecci\u00f3n cinematogr\u00e1fica. Estos objetos contactan f\u00edsica y visualmente estableciendo filiaciones. Entramaban por el roce y la visualidad un sistema capilar de reacciones.\" \/>\n<meta name=\"robots\" content=\"index, follow, max-snippet:-1, max-image-preview:large, max-video-preview:-1\" \/>\n<link rel=\"canonical\" href=\"https:\/\/adrianaarronte.com.es\/index.php\/obras\/objetos-objects\/extensiones\/\" \/>\n<meta property=\"og:locale\" content=\"es_ES\" \/>\n<meta property=\"og:type\" content=\"article\" \/>\n<meta property=\"og:title\" content=\"Extensiones - ADRIANA ARRONTE\" \/>\n<meta property=\"og:description\" content=\"Estos dep\u00f3sitos conteniendo rositas de ma\u00edz eran entregados al\u00a0 p\u00fablico que entraba al cine. Se present\u00f3 durante el Evento Internacional de Performance y Audiovisuales Travellyn, Realidad &amp; Ficci\u00f3n\u00a0 realizado en el Cine Actualidades. Vasos resultado de un estudio ergon\u00f3mico que tom\u00f3 como punto de partida las relaciones espaciales entre los espectadores en una sala de proyecci\u00f3n cinematogr\u00e1fica. Estos objetos contactan f\u00edsica y visualmente estableciendo filiaciones. Entramaban por el roce y la visualidad un sistema capilar de reacciones.\" \/>\n<meta property=\"og:url\" content=\"https:\/\/adrianaarronte.com.es\/index.php\/obras\/objetos-objects\/extensiones\/\" \/>\n<meta property=\"og:site_name\" content=\"ADRIANA ARRONTE\" \/>\n<meta property=\"article:modified_time\" content=\"2025-07-14T17:54:13+00:00\" \/>\n<meta property=\"og:image\" content=\"https:\/\/adrianaarronte.com.es\/wp-content\/uploads\/2024\/05\/Extensiones-o-cerezo-japones-4.jpg\" \/>\n<meta name=\"twitter:card\" content=\"summary_large_image\" \/>\n<meta name=\"twitter:label1\" content=\"Tiempo de lectura\" \/>\n\t<meta name=\"twitter:data1\" content=\"2 minutos\" \/>\n<script type=\"application\/ld+json\" class=\"yoast-schema-graph\">{\"@context\":\"https:\/\/schema.org\",\"@graph\":[{\"@type\":\"WebPage\",\"@id\":\"https:\/\/adrianaarronte.com.es\/index.php\/obras\/objetos-objects\/extensiones\/\",\"url\":\"https:\/\/adrianaarronte.com.es\/index.php\/obras\/objetos-objects\/extensiones\/\",\"name\":\"Extensiones - ADRIANA ARRONTE\",\"isPartOf\":{\"@id\":\"https:\/\/adrianaarronte.com.es\/#website\"},\"datePublished\":\"2024-05-02T19:26:30+00:00\",\"dateModified\":\"2025-07-14T17:54:13+00:00\",\"description\":\"Estos dep\u00f3sitos conteniendo rositas de ma\u00edz eran entregados al\u00a0 p\u00fablico que entraba al cine. Se present\u00f3 durante el Evento Internacional de Performance y Audiovisuales Travellyn, Realidad & Ficci\u00f3n\u00a0 realizado en el Cine Actualidades. Vasos resultado de un estudio ergon\u00f3mico que tom\u00f3 como punto de partida las relaciones espaciales entre los espectadores en una sala de proyecci\u00f3n cinematogr\u00e1fica. Estos objetos contactan f\u00edsica y visualmente estableciendo filiaciones. Entramaban por el roce y la visualidad un sistema capilar de reacciones.\",\"breadcrumb\":{\"@id\":\"https:\/\/adrianaarronte.com.es\/index.php\/obras\/objetos-objects\/extensiones\/#breadcrumb\"},\"inLanguage\":\"es\",\"potentialAction\":[{\"@type\":\"ReadAction\",\"target\":[\"https:\/\/adrianaarronte.com.es\/index.php\/obras\/objetos-objects\/extensiones\/\"]}]},{\"@type\":\"BreadcrumbList\",\"@id\":\"https:\/\/adrianaarronte.com.es\/index.php\/obras\/objetos-objects\/extensiones\/#breadcrumb\",\"itemListElement\":[{\"@type\":\"ListItem\",\"position\":1,\"name\":\"Home\",\"item\":\"https:\/\/adrianaarronte.com.es\/\"},{\"@type\":\"ListItem\",\"position\":2,\"name\":\"OBRAS\",\"item\":\"https:\/\/adrianaarronte.com.es\/index.php\/obras\/\"},{\"@type\":\"ListItem\",\"position\":3,\"name\":\"Objetos\",\"item\":\"https:\/\/adrianaarronte.com.es\/index.php\/obras\/objetos-objects\/\"},{\"@type\":\"ListItem\",\"position\":4,\"name\":\"Extensiones\"}]},{\"@type\":\"WebSite\",\"@id\":\"https:\/\/adrianaarronte.com.es\/#website\",\"url\":\"https:\/\/adrianaarronte.com.es\/\",\"name\":\"ADRIANA ARRONTE\",\"description\":\"\",\"potentialAction\":[{\"@type\":\"SearchAction\",\"target\":{\"@type\":\"EntryPoint\",\"urlTemplate\":\"https:\/\/adrianaarronte.com.es\/?s={search_term_string}\"},\"query-input\":\"required name=search_term_string\"}],\"inLanguage\":\"es\"}]}<\/script>\n<!-- \/ Yoast SEO plugin. -->","yoast_head_json":{"title":"Extensiones - ADRIANA ARRONTE","description":"Estos dep\u00f3sitos conteniendo rositas de ma\u00edz eran entregados al\u00a0 p\u00fablico que entraba al cine. Se present\u00f3 durante el Evento Internacional de Performance y Audiovisuales Travellyn, Realidad & Ficci\u00f3n\u00a0 realizado en el Cine Actualidades. Vasos resultado de un estudio ergon\u00f3mico que tom\u00f3 como punto de partida las relaciones espaciales entre los espectadores en una sala de proyecci\u00f3n cinematogr\u00e1fica. Estos objetos contactan f\u00edsica y visualmente estableciendo filiaciones. Entramaban por el roce y la visualidad un sistema capilar de reacciones.","robots":{"index":"index","follow":"follow","max-snippet":"max-snippet:-1","max-image-preview":"max-image-preview:large","max-video-preview":"max-video-preview:-1"},"canonical":"https:\/\/adrianaarronte.com.es\/index.php\/obras\/objetos-objects\/extensiones\/","og_locale":"es_ES","og_type":"article","og_title":"Extensiones - ADRIANA ARRONTE","og_description":"Estos dep\u00f3sitos conteniendo rositas de ma\u00edz eran entregados al\u00a0 p\u00fablico que entraba al cine. Se present\u00f3 durante el Evento Internacional de Performance y Audiovisuales Travellyn, Realidad & Ficci\u00f3n\u00a0 realizado en el Cine Actualidades. Vasos resultado de un estudio ergon\u00f3mico que tom\u00f3 como punto de partida las relaciones espaciales entre los espectadores en una sala de proyecci\u00f3n cinematogr\u00e1fica. Estos objetos contactan f\u00edsica y visualmente estableciendo filiaciones. Entramaban por el roce y la visualidad un sistema capilar de reacciones.","og_url":"https:\/\/adrianaarronte.com.es\/index.php\/obras\/objetos-objects\/extensiones\/","og_site_name":"ADRIANA ARRONTE","article_modified_time":"2025-07-14T17:54:13+00:00","og_image":[{"url":"https:\/\/adrianaarronte.com.es\/wp-content\/uploads\/2024\/05\/Extensiones-o-cerezo-japones-4.jpg"}],"twitter_card":"summary_large_image","twitter_misc":{"Tiempo de lectura":"2 minutos"},"schema":{"@context":"https:\/\/schema.org","@graph":[{"@type":"WebPage","@id":"https:\/\/adrianaarronte.com.es\/index.php\/obras\/objetos-objects\/extensiones\/","url":"https:\/\/adrianaarronte.com.es\/index.php\/obras\/objetos-objects\/extensiones\/","name":"Extensiones - ADRIANA ARRONTE","isPartOf":{"@id":"https:\/\/adrianaarronte.com.es\/#website"},"datePublished":"2024-05-02T19:26:30+00:00","dateModified":"2025-07-14T17:54:13+00:00","description":"Estos dep\u00f3sitos conteniendo rositas de ma\u00edz eran entregados al\u00a0 p\u00fablico que entraba al cine. Se present\u00f3 durante el Evento Internacional de Performance y Audiovisuales Travellyn, Realidad & Ficci\u00f3n\u00a0 realizado en el Cine Actualidades. Vasos resultado de un estudio ergon\u00f3mico que tom\u00f3 como punto de partida las relaciones espaciales entre los espectadores en una sala de proyecci\u00f3n cinematogr\u00e1fica. Estos objetos contactan f\u00edsica y visualmente estableciendo filiaciones. Entramaban por el roce y la visualidad un sistema capilar de reacciones.","breadcrumb":{"@id":"https:\/\/adrianaarronte.com.es\/index.php\/obras\/objetos-objects\/extensiones\/#breadcrumb"},"inLanguage":"es","potentialAction":[{"@type":"ReadAction","target":["https:\/\/adrianaarronte.com.es\/index.php\/obras\/objetos-objects\/extensiones\/"]}]},{"@type":"BreadcrumbList","@id":"https:\/\/adrianaarronte.com.es\/index.php\/obras\/objetos-objects\/extensiones\/#breadcrumb","itemListElement":[{"@type":"ListItem","position":1,"name":"Home","item":"https:\/\/adrianaarronte.com.es\/"},{"@type":"ListItem","position":2,"name":"OBRAS","item":"https:\/\/adrianaarronte.com.es\/index.php\/obras\/"},{"@type":"ListItem","position":3,"name":"Objetos","item":"https:\/\/adrianaarronte.com.es\/index.php\/obras\/objetos-objects\/"},{"@type":"ListItem","position":4,"name":"Extensiones"}]},{"@type":"WebSite","@id":"https:\/\/adrianaarronte.com.es\/#website","url":"https:\/\/adrianaarronte.com.es\/","name":"ADRIANA ARRONTE","description":"","potentialAction":[{"@type":"SearchAction","target":{"@type":"EntryPoint","urlTemplate":"https:\/\/adrianaarronte.com.es\/?s={search_term_string}"},"query-input":"required name=search_term_string"}],"inLanguage":"es"}]}},"_links":{"self":[{"href":"https:\/\/adrianaarronte.com.es\/index.php\/wp-json\/wp\/v2\/pages\/1338","targetHints":{"allow":["GET"]}}],"collection":[{"href":"https:\/\/adrianaarronte.com.es\/index.php\/wp-json\/wp\/v2\/pages"}],"about":[{"href":"https:\/\/adrianaarronte.com.es\/index.php\/wp-json\/wp\/v2\/types\/page"}],"author":[{"embeddable":true,"href":"https:\/\/adrianaarronte.com.es\/index.php\/wp-json\/wp\/v2\/users\/1"}],"replies":[{"embeddable":true,"href":"https:\/\/adrianaarronte.com.es\/index.php\/wp-json\/wp\/v2\/comments?post=1338"}],"version-history":[{"count":10,"href":"https:\/\/adrianaarronte.com.es\/index.php\/wp-json\/wp\/v2\/pages\/1338\/revisions"}],"predecessor-version":[{"id":2293,"href":"https:\/\/adrianaarronte.com.es\/index.php\/wp-json\/wp\/v2\/pages\/1338\/revisions\/2293"}],"up":[{"embeddable":true,"href":"https:\/\/adrianaarronte.com.es\/index.php\/wp-json\/wp\/v2\/pages\/125"}],"wp:attachment":[{"href":"https:\/\/adrianaarronte.com.es\/index.php\/wp-json\/wp\/v2\/media?parent=1338"}],"curies":[{"name":"wp","href":"https:\/\/api.w.org\/{rel}","templated":true}]}}