{"id":1403,"date":"2024-05-03T12:08:43","date_gmt":"2024-05-03T10:08:43","guid":{"rendered":"https:\/\/adrianaarronte.com.es\/?page_id=1403"},"modified":"2025-07-14T16:53:11","modified_gmt":"2025-07-14T14:53:11","slug":"nevada-2","status":"publish","type":"page","link":"https:\/\/adrianaarronte.com.es\/index.php\/obras\/instalaciones\/nevada-2\/","title":{"rendered":"Nevada"},"content":{"rendered":"\n<div class=\"wp-block-columns is-layout-flex wp-container-core-columns-is-layout-9d6595d7 wp-block-columns-is-layout-flex\">\n<div class=\"wp-block-column is-layout-flow wp-block-column-is-layout-flow\" style=\"flex-basis:33.33%\">\n<figure class=\"wp-block-gallery has-nested-images columns-default is-cropped wp-block-gallery-1 is-layout-flex wp-block-gallery-is-layout-flex\">\n<figure class=\"wp-block-image size-large\"><a href=\"https:\/\/adrianaarronte.com.es\/index.php\/obras\/instalaciones\/nevada\/\"><img loading=\"lazy\" decoding=\"async\" width=\"1024\" height=\"1024\" data-id=\"1378\" src=\"https:\/\/adrianaarronte.com.es\/wp-content\/uploads\/2024\/05\/Nevada-1024x1024.jpg\" alt=\"\" class=\"wp-image-1378\" srcset=\"https:\/\/adrianaarronte.com.es\/wp-content\/uploads\/2024\/05\/Nevada-1024x1024.jpg 1024w, https:\/\/adrianaarronte.com.es\/wp-content\/uploads\/2024\/05\/Nevada-300x300.jpg 300w, https:\/\/adrianaarronte.com.es\/wp-content\/uploads\/2024\/05\/Nevada-150x150.jpg 150w, https:\/\/adrianaarronte.com.es\/wp-content\/uploads\/2024\/05\/Nevada-768x768.jpg 768w, https:\/\/adrianaarronte.com.es\/wp-content\/uploads\/2024\/05\/Nevada.jpg 1080w\" sizes=\"auto, (max-width: 1024px) 100vw, 1024px\" \/><\/a><\/figure>\n<\/figure>\n<\/div>\n\n\n\n<div class=\"wp-block-column is-layout-flow wp-block-column-is-layout-flow\" style=\"flex-basis:66.66%\">\n<p class=\"has-small-font-size\"><strong>NEVADA<\/strong> |<strong> SNOWFALL<\/strong><br>2005<br>Instalaci\u00f3n en dos versiones | Installing two versions<br>1200 hojas de plantas caladas y secas |1200 plant leaves and dry puffs<br>Instalaci\u00f3n: 2,40 X 16 m | Installation: 2.40 X 16 m<\/p>\n\n\n\n<p class=\"has-small-font-size\">La a\u00f1oranza por la nieve en un pa\u00eds tropical, la caracterizaci\u00f3n de elementos seriales, lo singular en lo plural, el sentido en la decoraci\u00f3n, lo natural, el artificio, las estaciones ambiguas como per\u00edodos en la vida, la muerte\u2026<\/p>\n\n\n\n<p class=\"has-nv-c-1-color has-text-color has-link-color has-small-font-size wp-elements-21f9cdab45873763ae020cffb874ad6e\">The yearning for snow in a tropical country, the characterization of sequential elements, uniqueness in the commonplace, sense in d\u00e9cor, nature, artifice, the ambiguity of seasons as stages in life, death\u2026<\/p>\n<\/div>\n<\/div>\n\n\n\n<div class=\"wp-block-columns is-layout-flex wp-container-core-columns-is-layout-9d6595d7 wp-block-columns-is-layout-flex\">\n<div class=\"wp-block-column is-layout-flow wp-block-column-is-layout-flow\">\n<figure class=\"wp-block-gallery has-nested-images columns-default is-cropped wp-block-gallery-2 is-layout-flex wp-block-gallery-is-layout-flex\">\n<figure class=\"wp-block-image size-large\"><a href=\"https:\/\/adrianaarronte.com.es\/wp-content\/uploads\/2025\/07\/Nevada-01.jpg\"><img loading=\"lazy\" decoding=\"async\" width=\"717\" height=\"516\" data-id=\"2239\" src=\"https:\/\/adrianaarronte.com.es\/wp-content\/uploads\/2025\/07\/Nevada-01.jpg\" alt=\"\" class=\"wp-image-2239\" srcset=\"https:\/\/adrianaarronte.com.es\/wp-content\/uploads\/2025\/07\/Nevada-01.jpg 717w, https:\/\/adrianaarronte.com.es\/wp-content\/uploads\/2025\/07\/Nevada-01-300x216.jpg 300w\" sizes=\"auto, (max-width: 717px) 100vw, 717px\" \/><\/a><\/figure>\n<\/figure>\n<\/div>\n\n\n\n<div class=\"wp-block-column is-layout-flow wp-block-column-is-layout-flow\">\n<figure class=\"wp-block-gallery has-nested-images columns-default is-cropped wp-block-gallery-3 is-layout-flex wp-block-gallery-is-layout-flex\">\n<figure class=\"wp-block-image size-large\"><a href=\"https:\/\/adrianaarronte.com.es\/wp-content\/uploads\/2025\/07\/Nevada-02.jpg\"><img loading=\"lazy\" decoding=\"async\" width=\"717\" height=\"516\" data-id=\"2240\" src=\"https:\/\/adrianaarronte.com.es\/wp-content\/uploads\/2025\/07\/Nevada-02.jpg\" alt=\"\" class=\"wp-image-2240\" srcset=\"https:\/\/adrianaarronte.com.es\/wp-content\/uploads\/2025\/07\/Nevada-02.jpg 717w, https:\/\/adrianaarronte.com.es\/wp-content\/uploads\/2025\/07\/Nevada-02-300x216.jpg 300w\" sizes=\"auto, (max-width: 717px) 100vw, 717px\" \/><\/a><\/figure>\n<\/figure>\n<\/div>\n<\/div>\n\n\n\n<p><\/p>\n","protected":false},"excerpt":{"rendered":"<p>NEVADA | SNOWFALL2005Instalaci\u00f3n en dos versiones | Installing two versions1200 hojas de plantas caladas y secas |1200 plant leaves and dry puffsInstalaci\u00f3n: 2,40 X 16 m | Installation: 2.40 X 16 m La a\u00f1oranza por la nieve en un pa\u00eds tropical, la caracterizaci\u00f3n de elementos seriales, lo singular en lo plural, el sentido en la&hellip;&nbsp;<a href=\"https:\/\/adrianaarronte.com.es\/index.php\/obras\/instalaciones\/nevada-2\/\" rel=\"bookmark\"><span class=\"screen-reader-text\">Nevada<\/span><\/a><\/p>\n","protected":false},"author":1,"featured_media":0,"parent":248,"menu_order":11,"comment_status":"closed","ping_status":"closed","template":"","meta":{"neve_meta_sidebar":"","neve_meta_container":"contained","neve_meta_enable_content_width":"","neve_meta_content_width":0,"neve_meta_title_alignment":"","neve_meta_author_avatar":"","neve_post_elements_order":"","neve_meta_disable_header":"","neve_meta_disable_footer":"","neve_meta_disable_title":"on","footnotes":""},"class_list":["post-1403","page","type-page","status-publish","hentry"],"yoast_head":"<!-- This site is optimized with the Yoast SEO plugin v21.6 - https:\/\/yoast.com\/wordpress\/plugins\/seo\/ -->\n<title>Nevada - ADRIANA ARRONTE<\/title>\n<meta name=\"description\" content=\"La a\u00f1oranza por la nieve en un pa\u00eds tropical, la caracterizaci\u00f3n de elementos seriales, lo singular en lo plural, el sentido en la decoraci\u00f3n, lo natural, el artificio, las estaciones ambiguas como per\u00edodos en la vida, la muerte\u2026\" \/>\n<meta name=\"robots\" content=\"index, follow, max-snippet:-1, max-image-preview:large, max-video-preview:-1\" \/>\n<link rel=\"canonical\" href=\"https:\/\/adrianaarronte.com.es\/index.php\/obras\/instalaciones\/nevada-2\/\" \/>\n<meta property=\"og:locale\" content=\"es_ES\" \/>\n<meta property=\"og:type\" content=\"article\" \/>\n<meta property=\"og:title\" content=\"Nevada - ADRIANA ARRONTE\" \/>\n<meta property=\"og:description\" content=\"La a\u00f1oranza por la nieve en un pa\u00eds tropical, la caracterizaci\u00f3n de elementos seriales, lo singular en lo plural, el sentido en la decoraci\u00f3n, lo natural, el artificio, las estaciones ambiguas como per\u00edodos en la vida, la muerte\u2026\" \/>\n<meta property=\"og:url\" content=\"https:\/\/adrianaarronte.com.es\/index.php\/obras\/instalaciones\/nevada-2\/\" \/>\n<meta property=\"og:site_name\" content=\"ADRIANA ARRONTE\" \/>\n<meta property=\"article:modified_time\" content=\"2025-07-14T14:53:11+00:00\" \/>\n<meta property=\"og:image\" content=\"https:\/\/adrianaarronte.com.es\/wp-content\/uploads\/2024\/05\/Nevada-1024x1024.jpg\" \/>\n<meta name=\"twitter:card\" content=\"summary_large_image\" \/>\n<meta name=\"twitter:label1\" content=\"Tiempo de lectura\" \/>\n\t<meta name=\"twitter:data1\" content=\"2 minutos\" \/>\n<script type=\"application\/ld+json\" class=\"yoast-schema-graph\">{\"@context\":\"https:\/\/schema.org\",\"@graph\":[{\"@type\":\"WebPage\",\"@id\":\"https:\/\/adrianaarronte.com.es\/index.php\/obras\/instalaciones\/nevada-2\/\",\"url\":\"https:\/\/adrianaarronte.com.es\/index.php\/obras\/instalaciones\/nevada-2\/\",\"name\":\"Nevada - ADRIANA ARRONTE\",\"isPartOf\":{\"@id\":\"https:\/\/adrianaarronte.com.es\/#website\"},\"datePublished\":\"2024-05-03T10:08:43+00:00\",\"dateModified\":\"2025-07-14T14:53:11+00:00\",\"description\":\"La a\u00f1oranza por la nieve en un pa\u00eds tropical, la caracterizaci\u00f3n de elementos seriales, lo singular en lo plural, el sentido en la decoraci\u00f3n, lo natural, el artificio, las estaciones ambiguas como per\u00edodos en la vida, la muerte\u2026\",\"breadcrumb\":{\"@id\":\"https:\/\/adrianaarronte.com.es\/index.php\/obras\/instalaciones\/nevada-2\/#breadcrumb\"},\"inLanguage\":\"es\",\"potentialAction\":[{\"@type\":\"ReadAction\",\"target\":[\"https:\/\/adrianaarronte.com.es\/index.php\/obras\/instalaciones\/nevada-2\/\"]}]},{\"@type\":\"BreadcrumbList\",\"@id\":\"https:\/\/adrianaarronte.com.es\/index.php\/obras\/instalaciones\/nevada-2\/#breadcrumb\",\"itemListElement\":[{\"@type\":\"ListItem\",\"position\":1,\"name\":\"Home\",\"item\":\"https:\/\/adrianaarronte.com.es\/\"},{\"@type\":\"ListItem\",\"position\":2,\"name\":\"OBRAS\",\"item\":\"https:\/\/adrianaarronte.com.es\/index.php\/obras\/\"},{\"@type\":\"ListItem\",\"position\":3,\"name\":\"Instalaciones\",\"item\":\"https:\/\/adrianaarronte.com.es\/index.php\/obras\/instalaciones\/\"},{\"@type\":\"ListItem\",\"position\":4,\"name\":\"Nevada\"}]},{\"@type\":\"WebSite\",\"@id\":\"https:\/\/adrianaarronte.com.es\/#website\",\"url\":\"https:\/\/adrianaarronte.com.es\/\",\"name\":\"ADRIANA ARRONTE\",\"description\":\"\",\"potentialAction\":[{\"@type\":\"SearchAction\",\"target\":{\"@type\":\"EntryPoint\",\"urlTemplate\":\"https:\/\/adrianaarronte.com.es\/?s={search_term_string}\"},\"query-input\":\"required name=search_term_string\"}],\"inLanguage\":\"es\"}]}<\/script>\n<!-- \/ Yoast SEO plugin. -->","yoast_head_json":{"title":"Nevada - ADRIANA ARRONTE","description":"La a\u00f1oranza por la nieve en un pa\u00eds tropical, la caracterizaci\u00f3n de elementos seriales, lo singular en lo plural, el sentido en la decoraci\u00f3n, lo natural, el artificio, las estaciones ambiguas como per\u00edodos en la vida, la muerte\u2026","robots":{"index":"index","follow":"follow","max-snippet":"max-snippet:-1","max-image-preview":"max-image-preview:large","max-video-preview":"max-video-preview:-1"},"canonical":"https:\/\/adrianaarronte.com.es\/index.php\/obras\/instalaciones\/nevada-2\/","og_locale":"es_ES","og_type":"article","og_title":"Nevada - ADRIANA ARRONTE","og_description":"La a\u00f1oranza por la nieve en un pa\u00eds tropical, la caracterizaci\u00f3n de elementos seriales, lo singular en lo plural, el sentido en la decoraci\u00f3n, lo natural, el artificio, las estaciones ambiguas como per\u00edodos en la vida, la muerte\u2026","og_url":"https:\/\/adrianaarronte.com.es\/index.php\/obras\/instalaciones\/nevada-2\/","og_site_name":"ADRIANA ARRONTE","article_modified_time":"2025-07-14T14:53:11+00:00","og_image":[{"url":"https:\/\/adrianaarronte.com.es\/wp-content\/uploads\/2024\/05\/Nevada-1024x1024.jpg"}],"twitter_card":"summary_large_image","twitter_misc":{"Tiempo de lectura":"2 minutos"},"schema":{"@context":"https:\/\/schema.org","@graph":[{"@type":"WebPage","@id":"https:\/\/adrianaarronte.com.es\/index.php\/obras\/instalaciones\/nevada-2\/","url":"https:\/\/adrianaarronte.com.es\/index.php\/obras\/instalaciones\/nevada-2\/","name":"Nevada - ADRIANA ARRONTE","isPartOf":{"@id":"https:\/\/adrianaarronte.com.es\/#website"},"datePublished":"2024-05-03T10:08:43+00:00","dateModified":"2025-07-14T14:53:11+00:00","description":"La a\u00f1oranza por la nieve en un pa\u00eds tropical, la caracterizaci\u00f3n de elementos seriales, lo singular en lo plural, el sentido en la decoraci\u00f3n, lo natural, el artificio, las estaciones ambiguas como per\u00edodos en la vida, la muerte\u2026","breadcrumb":{"@id":"https:\/\/adrianaarronte.com.es\/index.php\/obras\/instalaciones\/nevada-2\/#breadcrumb"},"inLanguage":"es","potentialAction":[{"@type":"ReadAction","target":["https:\/\/adrianaarronte.com.es\/index.php\/obras\/instalaciones\/nevada-2\/"]}]},{"@type":"BreadcrumbList","@id":"https:\/\/adrianaarronte.com.es\/index.php\/obras\/instalaciones\/nevada-2\/#breadcrumb","itemListElement":[{"@type":"ListItem","position":1,"name":"Home","item":"https:\/\/adrianaarronte.com.es\/"},{"@type":"ListItem","position":2,"name":"OBRAS","item":"https:\/\/adrianaarronte.com.es\/index.php\/obras\/"},{"@type":"ListItem","position":3,"name":"Instalaciones","item":"https:\/\/adrianaarronte.com.es\/index.php\/obras\/instalaciones\/"},{"@type":"ListItem","position":4,"name":"Nevada"}]},{"@type":"WebSite","@id":"https:\/\/adrianaarronte.com.es\/#website","url":"https:\/\/adrianaarronte.com.es\/","name":"ADRIANA ARRONTE","description":"","potentialAction":[{"@type":"SearchAction","target":{"@type":"EntryPoint","urlTemplate":"https:\/\/adrianaarronte.com.es\/?s={search_term_string}"},"query-input":"required name=search_term_string"}],"inLanguage":"es"}]}},"_links":{"self":[{"href":"https:\/\/adrianaarronte.com.es\/index.php\/wp-json\/wp\/v2\/pages\/1403","targetHints":{"allow":["GET"]}}],"collection":[{"href":"https:\/\/adrianaarronte.com.es\/index.php\/wp-json\/wp\/v2\/pages"}],"about":[{"href":"https:\/\/adrianaarronte.com.es\/index.php\/wp-json\/wp\/v2\/types\/page"}],"author":[{"embeddable":true,"href":"https:\/\/adrianaarronte.com.es\/index.php\/wp-json\/wp\/v2\/users\/1"}],"replies":[{"embeddable":true,"href":"https:\/\/adrianaarronte.com.es\/index.php\/wp-json\/wp\/v2\/comments?post=1403"}],"version-history":[{"count":4,"href":"https:\/\/adrianaarronte.com.es\/index.php\/wp-json\/wp\/v2\/pages\/1403\/revisions"}],"predecessor-version":[{"id":2243,"href":"https:\/\/adrianaarronte.com.es\/index.php\/wp-json\/wp\/v2\/pages\/1403\/revisions\/2243"}],"up":[{"embeddable":true,"href":"https:\/\/adrianaarronte.com.es\/index.php\/wp-json\/wp\/v2\/pages\/248"}],"wp:attachment":[{"href":"https:\/\/adrianaarronte.com.es\/index.php\/wp-json\/wp\/v2\/media?parent=1403"}],"curies":[{"name":"wp","href":"https:\/\/api.w.org\/{rel}","templated":true}]}}