{"id":1409,"date":"2024-05-03T12:30:06","date_gmt":"2024-05-03T10:30:06","guid":{"rendered":"https:\/\/adrianaarronte.com.es\/?page_id=1409"},"modified":"2025-07-14T16:43:36","modified_gmt":"2025-07-14T14:43:36","slug":"nube","status":"publish","type":"page","link":"https:\/\/adrianaarronte.com.es\/index.php\/obras\/instalaciones\/nube\/","title":{"rendered":"Nube"},"content":{"rendered":"\n<div class=\"wp-block-columns is-layout-flex wp-container-core-columns-is-layout-9d6595d7 wp-block-columns-is-layout-flex\">\n<div class=\"wp-block-column is-layout-flow wp-block-column-is-layout-flow\">\n<figure class=\"wp-block-gallery has-nested-images columns-default is-cropped wp-block-gallery-1 is-layout-flex wp-block-gallery-is-layout-flex\">\n<figure class=\"wp-block-image size-large\"><img loading=\"lazy\" decoding=\"async\" width=\"717\" height=\"516\" data-id=\"1410\" src=\"https:\/\/adrianaarronte.com.es\/wp-content\/uploads\/2024\/05\/Nube-2007.jpg\" alt=\"\" class=\"wp-image-1410\" srcset=\"https:\/\/adrianaarronte.com.es\/wp-content\/uploads\/2024\/05\/Nube-2007.jpg 717w, https:\/\/adrianaarronte.com.es\/wp-content\/uploads\/2024\/05\/Nube-2007-300x216.jpg 300w\" sizes=\"auto, (max-width: 717px) 100vw, 717px\" \/><\/figure>\n<\/figure>\n<\/div>\n\n\n\n<div class=\"wp-block-column is-layout-flow wp-block-column-is-layout-flow\">\n<p class=\"has-small-font-size\"><strong>NUBE \/ CLOUD<\/strong><br>2007<br>Instalaci\u00f3n \/ Art installation<br>2 x 4 x 3 m<br>Bolsas de pl\u00e1stico e hilo de nylon<\/p>\n\n\n\n<p class=\"has-small-font-size\">Intervenci\u00f3n realizada en el respiradero del edificio donde viv\u00eda. Sobre un cantero y junto a unas palmitas levitaba la \u201cNube\u201d realizada con bolsas que se usan para almacenar la basura. Por este respiradero los vecinos acostumbraban a tirar sus bolsas de basura en un acto frecuente de indisciplina social. <\/p>\n\n\n\n<p class=\"has-ast-global-color-8-color has-text-color has-link-color has-small-font-size wp-elements-91836768350608159e55a83df721d4b7\">Intervention carried out in the vent of the building where I lived. On a flowerbed and next to some palm trees levitated the \u201cCloud\u201d made with bags used to store garbage. Through this vent the neighbors used to throw their garbage bags in a frequent act of social indiscipline. <\/p>\n<\/div>\n<\/div>\n","protected":false},"excerpt":{"rendered":"<p>NUBE \/ CLOUD2007Instalaci\u00f3n \/ Art installation2 x 4 x 3 mBolsas de pl\u00e1stico e hilo de nylon Intervenci\u00f3n realizada en el respiradero del edificio donde viv\u00eda. Sobre un cantero y junto a unas palmitas levitaba la \u201cNube\u201d realizada con bolsas que se usan para almacenar la basura. Por este respiradero los vecinos acostumbraban a tirar&hellip;&nbsp;<a href=\"https:\/\/adrianaarronte.com.es\/index.php\/obras\/instalaciones\/nube\/\" rel=\"bookmark\"><span class=\"screen-reader-text\">Nube<\/span><\/a><\/p>\n","protected":false},"author":1,"featured_media":0,"parent":248,"menu_order":10,"comment_status":"closed","ping_status":"closed","template":"","meta":{"neve_meta_sidebar":"","neve_meta_container":"","neve_meta_enable_content_width":"","neve_meta_content_width":0,"neve_meta_title_alignment":"","neve_meta_author_avatar":"","neve_post_elements_order":"","neve_meta_disable_header":"","neve_meta_disable_footer":"","neve_meta_disable_title":"on","footnotes":""},"class_list":["post-1409","page","type-page","status-publish","hentry"],"yoast_head":"<!-- This site is optimized with the Yoast SEO plugin v21.6 - https:\/\/yoast.com\/wordpress\/plugins\/seo\/ -->\n<title>Nube - ADRIANA ARRONTE<\/title>\n<meta name=\"description\" content=\"Intervenci\u00f3n realizada en el respiradero del edificio donde viv\u00eda. Sobre un cantero y junto a unas palmitas levitaba la \u201cNube\u201d realizada con bolsas que se usan para almacenar la basura. Por este respiradero los vecinos acostumbraban a tirar sus bolsas de basura en un acto frecuente de indisciplina social. Esta obra form\u00f3 parte de la exposici\u00f3n colectiva Marina 255, que debe su nombre al edificio de viviendas que acogi\u00f3 la muestra.\" \/>\n<meta name=\"robots\" content=\"index, follow, max-snippet:-1, max-image-preview:large, max-video-preview:-1\" \/>\n<link rel=\"canonical\" href=\"https:\/\/adrianaarronte.com.es\/index.php\/obras\/instalaciones\/nube\/\" \/>\n<meta property=\"og:locale\" content=\"es_ES\" \/>\n<meta property=\"og:type\" content=\"article\" \/>\n<meta property=\"og:title\" content=\"Nube - ADRIANA ARRONTE\" \/>\n<meta property=\"og:description\" content=\"Intervenci\u00f3n realizada en el respiradero del edificio donde viv\u00eda. Sobre un cantero y junto a unas palmitas levitaba la \u201cNube\u201d realizada con bolsas que se usan para almacenar la basura. Por este respiradero los vecinos acostumbraban a tirar sus bolsas de basura en un acto frecuente de indisciplina social. Esta obra form\u00f3 parte de la exposici\u00f3n colectiva Marina 255, que debe su nombre al edificio de viviendas que acogi\u00f3 la muestra.\" \/>\n<meta property=\"og:url\" content=\"https:\/\/adrianaarronte.com.es\/index.php\/obras\/instalaciones\/nube\/\" \/>\n<meta property=\"og:site_name\" content=\"ADRIANA ARRONTE\" \/>\n<meta property=\"article:modified_time\" content=\"2025-07-14T14:43:36+00:00\" \/>\n<meta property=\"og:image\" content=\"https:\/\/adrianaarronte.com.es\/wp-content\/uploads\/2024\/05\/Nube-2007.jpg\" \/>\n<meta name=\"twitter:card\" content=\"summary_large_image\" \/>\n<meta name=\"twitter:label1\" content=\"Tiempo de lectura\" \/>\n\t<meta name=\"twitter:data1\" content=\"1 minuto\" \/>\n<script type=\"application\/ld+json\" class=\"yoast-schema-graph\">{\"@context\":\"https:\/\/schema.org\",\"@graph\":[{\"@type\":\"WebPage\",\"@id\":\"https:\/\/adrianaarronte.com.es\/index.php\/obras\/instalaciones\/nube\/\",\"url\":\"https:\/\/adrianaarronte.com.es\/index.php\/obras\/instalaciones\/nube\/\",\"name\":\"Nube - ADRIANA ARRONTE\",\"isPartOf\":{\"@id\":\"https:\/\/adrianaarronte.com.es\/#website\"},\"datePublished\":\"2024-05-03T10:30:06+00:00\",\"dateModified\":\"2025-07-14T14:43:36+00:00\",\"description\":\"Intervenci\u00f3n realizada en el respiradero del edificio donde viv\u00eda. Sobre un cantero y junto a unas palmitas levitaba la \u201cNube\u201d realizada con bolsas que se usan para almacenar la basura. Por este respiradero los vecinos acostumbraban a tirar sus bolsas de basura en un acto frecuente de indisciplina social. Esta obra form\u00f3 parte de la exposici\u00f3n colectiva Marina 255, que debe su nombre al edificio de viviendas que acogi\u00f3 la muestra.\",\"breadcrumb\":{\"@id\":\"https:\/\/adrianaarronte.com.es\/index.php\/obras\/instalaciones\/nube\/#breadcrumb\"},\"inLanguage\":\"es\",\"potentialAction\":[{\"@type\":\"ReadAction\",\"target\":[\"https:\/\/adrianaarronte.com.es\/index.php\/obras\/instalaciones\/nube\/\"]}]},{\"@type\":\"BreadcrumbList\",\"@id\":\"https:\/\/adrianaarronte.com.es\/index.php\/obras\/instalaciones\/nube\/#breadcrumb\",\"itemListElement\":[{\"@type\":\"ListItem\",\"position\":1,\"name\":\"Home\",\"item\":\"https:\/\/adrianaarronte.com.es\/\"},{\"@type\":\"ListItem\",\"position\":2,\"name\":\"OBRAS\",\"item\":\"https:\/\/adrianaarronte.com.es\/index.php\/obras\/\"},{\"@type\":\"ListItem\",\"position\":3,\"name\":\"Instalaciones\",\"item\":\"https:\/\/adrianaarronte.com.es\/index.php\/obras\/instalaciones\/\"},{\"@type\":\"ListItem\",\"position\":4,\"name\":\"Nube\"}]},{\"@type\":\"WebSite\",\"@id\":\"https:\/\/adrianaarronte.com.es\/#website\",\"url\":\"https:\/\/adrianaarronte.com.es\/\",\"name\":\"ADRIANA ARRONTE\",\"description\":\"\",\"potentialAction\":[{\"@type\":\"SearchAction\",\"target\":{\"@type\":\"EntryPoint\",\"urlTemplate\":\"https:\/\/adrianaarronte.com.es\/?s={search_term_string}\"},\"query-input\":\"required name=search_term_string\"}],\"inLanguage\":\"es\"}]}<\/script>\n<!-- \/ Yoast SEO plugin. -->","yoast_head_json":{"title":"Nube - ADRIANA ARRONTE","description":"Intervenci\u00f3n realizada en el respiradero del edificio donde viv\u00eda. Sobre un cantero y junto a unas palmitas levitaba la \u201cNube\u201d realizada con bolsas que se usan para almacenar la basura. Por este respiradero los vecinos acostumbraban a tirar sus bolsas de basura en un acto frecuente de indisciplina social. Esta obra form\u00f3 parte de la exposici\u00f3n colectiva Marina 255, que debe su nombre al edificio de viviendas que acogi\u00f3 la muestra.","robots":{"index":"index","follow":"follow","max-snippet":"max-snippet:-1","max-image-preview":"max-image-preview:large","max-video-preview":"max-video-preview:-1"},"canonical":"https:\/\/adrianaarronte.com.es\/index.php\/obras\/instalaciones\/nube\/","og_locale":"es_ES","og_type":"article","og_title":"Nube - ADRIANA ARRONTE","og_description":"Intervenci\u00f3n realizada en el respiradero del edificio donde viv\u00eda. Sobre un cantero y junto a unas palmitas levitaba la \u201cNube\u201d realizada con bolsas que se usan para almacenar la basura. Por este respiradero los vecinos acostumbraban a tirar sus bolsas de basura en un acto frecuente de indisciplina social. Esta obra form\u00f3 parte de la exposici\u00f3n colectiva Marina 255, que debe su nombre al edificio de viviendas que acogi\u00f3 la muestra.","og_url":"https:\/\/adrianaarronte.com.es\/index.php\/obras\/instalaciones\/nube\/","og_site_name":"ADRIANA ARRONTE","article_modified_time":"2025-07-14T14:43:36+00:00","og_image":[{"url":"https:\/\/adrianaarronte.com.es\/wp-content\/uploads\/2024\/05\/Nube-2007.jpg"}],"twitter_card":"summary_large_image","twitter_misc":{"Tiempo de lectura":"1 minuto"},"schema":{"@context":"https:\/\/schema.org","@graph":[{"@type":"WebPage","@id":"https:\/\/adrianaarronte.com.es\/index.php\/obras\/instalaciones\/nube\/","url":"https:\/\/adrianaarronte.com.es\/index.php\/obras\/instalaciones\/nube\/","name":"Nube - ADRIANA ARRONTE","isPartOf":{"@id":"https:\/\/adrianaarronte.com.es\/#website"},"datePublished":"2024-05-03T10:30:06+00:00","dateModified":"2025-07-14T14:43:36+00:00","description":"Intervenci\u00f3n realizada en el respiradero del edificio donde viv\u00eda. Sobre un cantero y junto a unas palmitas levitaba la \u201cNube\u201d realizada con bolsas que se usan para almacenar la basura. Por este respiradero los vecinos acostumbraban a tirar sus bolsas de basura en un acto frecuente de indisciplina social. Esta obra form\u00f3 parte de la exposici\u00f3n colectiva Marina 255, que debe su nombre al edificio de viviendas que acogi\u00f3 la muestra.","breadcrumb":{"@id":"https:\/\/adrianaarronte.com.es\/index.php\/obras\/instalaciones\/nube\/#breadcrumb"},"inLanguage":"es","potentialAction":[{"@type":"ReadAction","target":["https:\/\/adrianaarronte.com.es\/index.php\/obras\/instalaciones\/nube\/"]}]},{"@type":"BreadcrumbList","@id":"https:\/\/adrianaarronte.com.es\/index.php\/obras\/instalaciones\/nube\/#breadcrumb","itemListElement":[{"@type":"ListItem","position":1,"name":"Home","item":"https:\/\/adrianaarronte.com.es\/"},{"@type":"ListItem","position":2,"name":"OBRAS","item":"https:\/\/adrianaarronte.com.es\/index.php\/obras\/"},{"@type":"ListItem","position":3,"name":"Instalaciones","item":"https:\/\/adrianaarronte.com.es\/index.php\/obras\/instalaciones\/"},{"@type":"ListItem","position":4,"name":"Nube"}]},{"@type":"WebSite","@id":"https:\/\/adrianaarronte.com.es\/#website","url":"https:\/\/adrianaarronte.com.es\/","name":"ADRIANA ARRONTE","description":"","potentialAction":[{"@type":"SearchAction","target":{"@type":"EntryPoint","urlTemplate":"https:\/\/adrianaarronte.com.es\/?s={search_term_string}"},"query-input":"required name=search_term_string"}],"inLanguage":"es"}]}},"_links":{"self":[{"href":"https:\/\/adrianaarronte.com.es\/index.php\/wp-json\/wp\/v2\/pages\/1409","targetHints":{"allow":["GET"]}}],"collection":[{"href":"https:\/\/adrianaarronte.com.es\/index.php\/wp-json\/wp\/v2\/pages"}],"about":[{"href":"https:\/\/adrianaarronte.com.es\/index.php\/wp-json\/wp\/v2\/types\/page"}],"author":[{"embeddable":true,"href":"https:\/\/adrianaarronte.com.es\/index.php\/wp-json\/wp\/v2\/users\/1"}],"replies":[{"embeddable":true,"href":"https:\/\/adrianaarronte.com.es\/index.php\/wp-json\/wp\/v2\/comments?post=1409"}],"version-history":[{"count":2,"href":"https:\/\/adrianaarronte.com.es\/index.php\/wp-json\/wp\/v2\/pages\/1409\/revisions"}],"predecessor-version":[{"id":1412,"href":"https:\/\/adrianaarronte.com.es\/index.php\/wp-json\/wp\/v2\/pages\/1409\/revisions\/1412"}],"up":[{"embeddable":true,"href":"https:\/\/adrianaarronte.com.es\/index.php\/wp-json\/wp\/v2\/pages\/248"}],"wp:attachment":[{"href":"https:\/\/adrianaarronte.com.es\/index.php\/wp-json\/wp\/v2\/media?parent=1409"}],"curies":[{"name":"wp","href":"https:\/\/api.w.org\/{rel}","templated":true}]}}