{"id":1414,"date":"2024-05-03T15:39:05","date_gmt":"2024-05-03T13:39:05","guid":{"rendered":"https:\/\/adrianaarronte.com.es\/?page_id=1414"},"modified":"2025-07-14T16:54:20","modified_gmt":"2025-07-14T14:54:20","slug":"migracion","status":"publish","type":"page","link":"https:\/\/adrianaarronte.com.es\/index.php\/obras\/instalaciones\/migracion\/","title":{"rendered":"Migraci\u00f3n"},"content":{"rendered":"\n<div class=\"wp-block-columns is-layout-flex wp-container-core-columns-is-layout-9d6595d7 wp-block-columns-is-layout-flex\">\n<div class=\"wp-block-column is-layout-flow wp-block-column-is-layout-flow\">\n<figure class=\"wp-block-gallery has-nested-images columns-default is-cropped wp-block-gallery-1 is-layout-flex wp-block-gallery-is-layout-flex\">\n<figure class=\"wp-block-image size-full\"><img loading=\"lazy\" decoding=\"async\" width=\"800\" height=\"509\" data-id=\"1419\" src=\"https:\/\/adrianaarronte.com.es\/wp-content\/uploads\/2024\/05\/Migracion-01-1.jpg\" alt=\"\" class=\"wp-image-1419\" srcset=\"https:\/\/adrianaarronte.com.es\/wp-content\/uploads\/2024\/05\/Migracion-01-1.jpg 800w, https:\/\/adrianaarronte.com.es\/wp-content\/uploads\/2024\/05\/Migracion-01-1-300x191.jpg 300w, https:\/\/adrianaarronte.com.es\/wp-content\/uploads\/2024\/05\/Migracion-01-1-768x489.jpg 768w\" sizes=\"auto, (max-width: 800px) 100vw, 800px\" \/><\/figure>\n<\/figure>\n\n\n\n<p class=\"has-small-font-size\"><\/p>\n\n\n\n<figure class=\"wp-block-gallery has-nested-images columns-default is-cropped wp-block-gallery-2 is-layout-flex wp-block-gallery-is-layout-flex\">\n<figure class=\"wp-block-image size-large\"><img loading=\"lazy\" decoding=\"async\" width=\"1024\" height=\"431\" data-id=\"1427\" src=\"https:\/\/adrianaarronte.com.es\/wp-content\/uploads\/2024\/05\/Migracion-detalle-4-1-1024x431.jpg\" alt=\"\" class=\"wp-image-1427\" srcset=\"https:\/\/adrianaarronte.com.es\/wp-content\/uploads\/2024\/05\/Migracion-detalle-4-1-1024x431.jpg 1024w, https:\/\/adrianaarronte.com.es\/wp-content\/uploads\/2024\/05\/Migracion-detalle-4-1-300x126.jpg 300w, https:\/\/adrianaarronte.com.es\/wp-content\/uploads\/2024\/05\/Migracion-detalle-4-1-768x324.jpg 768w, https:\/\/adrianaarronte.com.es\/wp-content\/uploads\/2024\/05\/Migracion-detalle-4-1-1536x647.jpg 1536w, https:\/\/adrianaarronte.com.es\/wp-content\/uploads\/2024\/05\/Migracion-detalle-4-1.jpg 1600w\" sizes=\"auto, (max-width: 1024px) 100vw, 1024px\" \/><\/figure>\n<\/figure>\n<\/div>\n\n\n\n<div class=\"wp-block-column is-layout-flow wp-block-column-is-layout-flow\">\n<p class=\"has-small-font-size\"><strong>MIGRACI\u00d3N | MIGRATION<\/strong><br>Instalaci\u00f3n | Installation<br>Pl\u00e1stico (impresi\u00f3n digital 3D) y esmalte | plastic (printing 3D and ink)<br>Dimensiones variables | Variable dimensions<\/p>\n\n\n\n<p class=\"has-small-font-size\">La uni\u00f3n de sentimientos contrarios, experiencias familiares, mitos populares y la belleza natural de estos insectos constituyen asociaciones que me atrae congeniar. Las mariposas nocturnas han sido objeto de temor y repudio en muchas culturas, sus tonos oscuros asociados a la muerte y malos augurios, son objeto de rechazo y hostilidad. Me interesa trasladar la impresi\u00f3n que producen estas mariposas a un plano est\u00e9tico y conceptual, procesos relativos al mito y la superstici\u00f3n que engendra el miedo a lo desconocido. Asocio estos sentimientos y acciones a procesos paralelos entre los hombres, como la xenofobia entre otras disimiles fobias a lo diferente.<\/p>\n\n\n\n<p class=\"has-nv-c-1-color has-text-color has-link-color has-small-font-size wp-elements-7cf98e4ef70e49a45f270b4dbbb192bf\">The blend of contradicting feelings, family experiences, popular myths, and the natural beauty of these insects form aesthetic and conceptual associations that come together in this work. Perhaps because of their dark shades, moths areas sociated with death and bad luck. The species represented in this piece are migrants by nature, guided by the moon. That is why they so often make their way in to urban areas, attracted by artificial light, or seek shelter and rest from their trip during the day. Often they are rejected, harassed, or repudiated by fear. These feelings and actions are associated here with parallel courses, such as xenophobia or other forms of rejection to whatever is different. These are processes associated to myths and superstitions that breed fear of the unknown.<\/p>\n<\/div>\n<\/div>\n","protected":false},"excerpt":{"rendered":"<p>MIGRACI\u00d3N | MIGRATIONInstalaci\u00f3n | InstallationPl\u00e1stico (impresi\u00f3n digital 3D) y esmalte | plastic (printing 3D and ink)Dimensiones variables | Variable dimensions La uni\u00f3n de sentimientos contrarios, experiencias familiares, mitos populares y la belleza natural de estos insectos constituyen asociaciones que me atrae congeniar. Las mariposas nocturnas han sido objeto de temor y repudio en muchas culturas,&hellip;&nbsp;<a href=\"https:\/\/adrianaarronte.com.es\/index.php\/obras\/instalaciones\/migracion\/\" rel=\"bookmark\"><span class=\"screen-reader-text\">Migraci\u00f3n<\/span><\/a><\/p>\n","protected":false},"author":1,"featured_media":0,"parent":248,"menu_order":18,"comment_status":"closed","ping_status":"closed","template":"","meta":{"neve_meta_sidebar":"","neve_meta_container":"","neve_meta_enable_content_width":"","neve_meta_content_width":0,"neve_meta_title_alignment":"","neve_meta_author_avatar":"","neve_post_elements_order":"","neve_meta_disable_header":"","neve_meta_disable_footer":"","neve_meta_disable_title":"on","footnotes":""},"class_list":["post-1414","page","type-page","status-publish","hentry"],"yoast_head":"<!-- This site is optimized with the Yoast SEO plugin v21.6 - https:\/\/yoast.com\/wordpress\/plugins\/seo\/ -->\n<title>Migraci\u00f3n - ADRIANA ARRONTE<\/title>\n<meta name=\"description\" content=\"Las mariposas nocturnas han sido objeto de temor y repudio en muchas culturas, sus tonos oscuros asociados a la muerte y malos augurios, son objeto de rechazo y hostilidad. Me interesa trasladar la impresi\u00f3n que producen estas mariposas a un plano est\u00e9tico y conceptual, procesos relativos al mito y la superstici\u00f3n que engendra el miedo a lo desconocido. Asocio estos sentimientos y acciones a procesos paralelos entre los hombres, como la xenofobia entre otras disimiles fobias a lo diferente.\" \/>\n<meta name=\"robots\" content=\"index, follow, max-snippet:-1, max-image-preview:large, max-video-preview:-1\" \/>\n<link rel=\"canonical\" href=\"https:\/\/adrianaarronte.com.es\/index.php\/obras\/instalaciones\/migracion\/\" \/>\n<meta property=\"og:locale\" content=\"es_ES\" \/>\n<meta property=\"og:type\" content=\"article\" \/>\n<meta property=\"og:title\" content=\"Migraci\u00f3n - ADRIANA ARRONTE\" \/>\n<meta property=\"og:description\" content=\"Las mariposas nocturnas han sido objeto de temor y repudio en muchas culturas, sus tonos oscuros asociados a la muerte y malos augurios, son objeto de rechazo y hostilidad. Me interesa trasladar la impresi\u00f3n que producen estas mariposas a un plano est\u00e9tico y conceptual, procesos relativos al mito y la superstici\u00f3n que engendra el miedo a lo desconocido. Asocio estos sentimientos y acciones a procesos paralelos entre los hombres, como la xenofobia entre otras disimiles fobias a lo diferente.\" \/>\n<meta property=\"og:url\" content=\"https:\/\/adrianaarronte.com.es\/index.php\/obras\/instalaciones\/migracion\/\" \/>\n<meta property=\"og:site_name\" content=\"ADRIANA ARRONTE\" \/>\n<meta property=\"article:modified_time\" content=\"2025-07-14T14:54:20+00:00\" \/>\n<meta property=\"og:image\" content=\"https:\/\/adrianaarronte.com.es\/wp-content\/uploads\/2024\/05\/Migracion-01-1.jpg\" \/>\n<meta name=\"twitter:card\" content=\"summary_large_image\" \/>\n<meta name=\"twitter:label1\" content=\"Tiempo de lectura\" \/>\n\t<meta name=\"twitter:data1\" content=\"2 minutos\" \/>\n<script type=\"application\/ld+json\" class=\"yoast-schema-graph\">{\"@context\":\"https:\/\/schema.org\",\"@graph\":[{\"@type\":\"WebPage\",\"@id\":\"https:\/\/adrianaarronte.com.es\/index.php\/obras\/instalaciones\/migracion\/\",\"url\":\"https:\/\/adrianaarronte.com.es\/index.php\/obras\/instalaciones\/migracion\/\",\"name\":\"Migraci\u00f3n - ADRIANA ARRONTE\",\"isPartOf\":{\"@id\":\"https:\/\/adrianaarronte.com.es\/#website\"},\"datePublished\":\"2024-05-03T13:39:05+00:00\",\"dateModified\":\"2025-07-14T14:54:20+00:00\",\"description\":\"Las mariposas nocturnas han sido objeto de temor y repudio en muchas culturas, sus tonos oscuros asociados a la muerte y malos augurios, son objeto de rechazo y hostilidad. Me interesa trasladar la impresi\u00f3n que producen estas mariposas a un plano est\u00e9tico y conceptual, procesos relativos al mito y la superstici\u00f3n que engendra el miedo a lo desconocido. Asocio estos sentimientos y acciones a procesos paralelos entre los hombres, como la xenofobia entre otras disimiles fobias a lo diferente.\",\"breadcrumb\":{\"@id\":\"https:\/\/adrianaarronte.com.es\/index.php\/obras\/instalaciones\/migracion\/#breadcrumb\"},\"inLanguage\":\"es\",\"potentialAction\":[{\"@type\":\"ReadAction\",\"target\":[\"https:\/\/adrianaarronte.com.es\/index.php\/obras\/instalaciones\/migracion\/\"]}]},{\"@type\":\"BreadcrumbList\",\"@id\":\"https:\/\/adrianaarronte.com.es\/index.php\/obras\/instalaciones\/migracion\/#breadcrumb\",\"itemListElement\":[{\"@type\":\"ListItem\",\"position\":1,\"name\":\"Home\",\"item\":\"https:\/\/adrianaarronte.com.es\/\"},{\"@type\":\"ListItem\",\"position\":2,\"name\":\"OBRAS\",\"item\":\"https:\/\/adrianaarronte.com.es\/index.php\/obras\/\"},{\"@type\":\"ListItem\",\"position\":3,\"name\":\"Instalaciones\",\"item\":\"https:\/\/adrianaarronte.com.es\/index.php\/obras\/instalaciones\/\"},{\"@type\":\"ListItem\",\"position\":4,\"name\":\"Migraci\u00f3n\"}]},{\"@type\":\"WebSite\",\"@id\":\"https:\/\/adrianaarronte.com.es\/#website\",\"url\":\"https:\/\/adrianaarronte.com.es\/\",\"name\":\"ADRIANA ARRONTE\",\"description\":\"\",\"potentialAction\":[{\"@type\":\"SearchAction\",\"target\":{\"@type\":\"EntryPoint\",\"urlTemplate\":\"https:\/\/adrianaarronte.com.es\/?s={search_term_string}\"},\"query-input\":\"required name=search_term_string\"}],\"inLanguage\":\"es\"}]}<\/script>\n<!-- \/ Yoast SEO plugin. -->","yoast_head_json":{"title":"Migraci\u00f3n - ADRIANA ARRONTE","description":"Las mariposas nocturnas han sido objeto de temor y repudio en muchas culturas, sus tonos oscuros asociados a la muerte y malos augurios, son objeto de rechazo y hostilidad. Me interesa trasladar la impresi\u00f3n que producen estas mariposas a un plano est\u00e9tico y conceptual, procesos relativos al mito y la superstici\u00f3n que engendra el miedo a lo desconocido. Asocio estos sentimientos y acciones a procesos paralelos entre los hombres, como la xenofobia entre otras disimiles fobias a lo diferente.","robots":{"index":"index","follow":"follow","max-snippet":"max-snippet:-1","max-image-preview":"max-image-preview:large","max-video-preview":"max-video-preview:-1"},"canonical":"https:\/\/adrianaarronte.com.es\/index.php\/obras\/instalaciones\/migracion\/","og_locale":"es_ES","og_type":"article","og_title":"Migraci\u00f3n - ADRIANA ARRONTE","og_description":"Las mariposas nocturnas han sido objeto de temor y repudio en muchas culturas, sus tonos oscuros asociados a la muerte y malos augurios, son objeto de rechazo y hostilidad. Me interesa trasladar la impresi\u00f3n que producen estas mariposas a un plano est\u00e9tico y conceptual, procesos relativos al mito y la superstici\u00f3n que engendra el miedo a lo desconocido. Asocio estos sentimientos y acciones a procesos paralelos entre los hombres, como la xenofobia entre otras disimiles fobias a lo diferente.","og_url":"https:\/\/adrianaarronte.com.es\/index.php\/obras\/instalaciones\/migracion\/","og_site_name":"ADRIANA ARRONTE","article_modified_time":"2025-07-14T14:54:20+00:00","og_image":[{"url":"https:\/\/adrianaarronte.com.es\/wp-content\/uploads\/2024\/05\/Migracion-01-1.jpg"}],"twitter_card":"summary_large_image","twitter_misc":{"Tiempo de lectura":"2 minutos"},"schema":{"@context":"https:\/\/schema.org","@graph":[{"@type":"WebPage","@id":"https:\/\/adrianaarronte.com.es\/index.php\/obras\/instalaciones\/migracion\/","url":"https:\/\/adrianaarronte.com.es\/index.php\/obras\/instalaciones\/migracion\/","name":"Migraci\u00f3n - ADRIANA ARRONTE","isPartOf":{"@id":"https:\/\/adrianaarronte.com.es\/#website"},"datePublished":"2024-05-03T13:39:05+00:00","dateModified":"2025-07-14T14:54:20+00:00","description":"Las mariposas nocturnas han sido objeto de temor y repudio en muchas culturas, sus tonos oscuros asociados a la muerte y malos augurios, son objeto de rechazo y hostilidad. Me interesa trasladar la impresi\u00f3n que producen estas mariposas a un plano est\u00e9tico y conceptual, procesos relativos al mito y la superstici\u00f3n que engendra el miedo a lo desconocido. Asocio estos sentimientos y acciones a procesos paralelos entre los hombres, como la xenofobia entre otras disimiles fobias a lo diferente.","breadcrumb":{"@id":"https:\/\/adrianaarronte.com.es\/index.php\/obras\/instalaciones\/migracion\/#breadcrumb"},"inLanguage":"es","potentialAction":[{"@type":"ReadAction","target":["https:\/\/adrianaarronte.com.es\/index.php\/obras\/instalaciones\/migracion\/"]}]},{"@type":"BreadcrumbList","@id":"https:\/\/adrianaarronte.com.es\/index.php\/obras\/instalaciones\/migracion\/#breadcrumb","itemListElement":[{"@type":"ListItem","position":1,"name":"Home","item":"https:\/\/adrianaarronte.com.es\/"},{"@type":"ListItem","position":2,"name":"OBRAS","item":"https:\/\/adrianaarronte.com.es\/index.php\/obras\/"},{"@type":"ListItem","position":3,"name":"Instalaciones","item":"https:\/\/adrianaarronte.com.es\/index.php\/obras\/instalaciones\/"},{"@type":"ListItem","position":4,"name":"Migraci\u00f3n"}]},{"@type":"WebSite","@id":"https:\/\/adrianaarronte.com.es\/#website","url":"https:\/\/adrianaarronte.com.es\/","name":"ADRIANA ARRONTE","description":"","potentialAction":[{"@type":"SearchAction","target":{"@type":"EntryPoint","urlTemplate":"https:\/\/adrianaarronte.com.es\/?s={search_term_string}"},"query-input":"required name=search_term_string"}],"inLanguage":"es"}]}},"_links":{"self":[{"href":"https:\/\/adrianaarronte.com.es\/index.php\/wp-json\/wp\/v2\/pages\/1414","targetHints":{"allow":["GET"]}}],"collection":[{"href":"https:\/\/adrianaarronte.com.es\/index.php\/wp-json\/wp\/v2\/pages"}],"about":[{"href":"https:\/\/adrianaarronte.com.es\/index.php\/wp-json\/wp\/v2\/types\/page"}],"author":[{"embeddable":true,"href":"https:\/\/adrianaarronte.com.es\/index.php\/wp-json\/wp\/v2\/users\/1"}],"replies":[{"embeddable":true,"href":"https:\/\/adrianaarronte.com.es\/index.php\/wp-json\/wp\/v2\/comments?post=1414"}],"version-history":[{"count":5,"href":"https:\/\/adrianaarronte.com.es\/index.php\/wp-json\/wp\/v2\/pages\/1414\/revisions"}],"predecessor-version":[{"id":2244,"href":"https:\/\/adrianaarronte.com.es\/index.php\/wp-json\/wp\/v2\/pages\/1414\/revisions\/2244"}],"up":[{"embeddable":true,"href":"https:\/\/adrianaarronte.com.es\/index.php\/wp-json\/wp\/v2\/pages\/248"}],"wp:attachment":[{"href":"https:\/\/adrianaarronte.com.es\/index.php\/wp-json\/wp\/v2\/media?parent=1414"}],"curies":[{"name":"wp","href":"https:\/\/api.w.org\/{rel}","templated":true}]}}