{"id":1430,"date":"2024-05-04T10:06:43","date_gmt":"2024-05-04T08:06:43","guid":{"rendered":"https:\/\/adrianaarronte.com.es\/?page_id=1430"},"modified":"2025-07-14T20:04:52","modified_gmt":"2025-07-14T18:04:52","slug":"culto-y-sacrificio-2","status":"publish","type":"page","link":"https:\/\/adrianaarronte.com.es\/index.php\/obras\/dibujos-drawings\/culto-y-sacrificio-2\/","title":{"rendered":"Culto y sacrificio"},"content":{"rendered":"\n<div class=\"wp-block-columns is-layout-flex wp-container-core-columns-is-layout-9d6595d7 wp-block-columns-is-layout-flex\">\n<div class=\"wp-block-column is-layout-flow wp-block-column-is-layout-flow\" style=\"flex-basis:33.33%\">\n<figure class=\"wp-block-gallery has-nested-images columns-default is-cropped wp-block-gallery-1 is-layout-flex wp-block-gallery-is-layout-flex\">\n<figure class=\"wp-block-image size-large\"><a href=\"https:\/\/adrianaarronte.com.es\/index.php\/obras\/dibujos-drawings\/culto-y-sacrificio-2\/culto-y-sacrificio-olimpo\/\"><img loading=\"lazy\" decoding=\"async\" width=\"700\" height=\"629\" data-id=\"1431\" src=\"https:\/\/adrianaarronte.com.es\/wp-content\/uploads\/2024\/05\/Culto-y-sacrificio.-olimpo.jpg\" alt=\"\" class=\"wp-image-1431\" srcset=\"https:\/\/adrianaarronte.com.es\/wp-content\/uploads\/2024\/05\/Culto-y-sacrificio.-olimpo.jpg 700w, https:\/\/adrianaarronte.com.es\/wp-content\/uploads\/2024\/05\/Culto-y-sacrificio.-olimpo-300x270.jpg 300w\" sizes=\"auto, (max-width: 700px) 100vw, 700px\" \/><\/a><\/figure>\n<\/figure>\n\n\n\n<p><\/p>\n\n\n\n<figure class=\"wp-block-gallery has-nested-images columns-default is-cropped wp-block-gallery-2 is-layout-flex wp-block-gallery-is-layout-flex\">\n<figure class=\"wp-block-image size-large\"><a href=\"https:\/\/adrianaarronte.com.es\/index.php\/obras\/dibujos-drawings\/culto-y-sacrificio-2\/culto-y-sacrificio-implantes-transplantes-1\/\"><img loading=\"lazy\" decoding=\"async\" width=\"1024\" height=\"556\" data-id=\"1434\" src=\"https:\/\/adrianaarronte.com.es\/wp-content\/uploads\/2024\/05\/Culto-y-sacrificio-Implantes-transplantes-1-1024x556.jpg\" alt=\"\" class=\"wp-image-1434\" srcset=\"https:\/\/adrianaarronte.com.es\/wp-content\/uploads\/2024\/05\/Culto-y-sacrificio-Implantes-transplantes-1-1024x556.jpg 1024w, https:\/\/adrianaarronte.com.es\/wp-content\/uploads\/2024\/05\/Culto-y-sacrificio-Implantes-transplantes-1-300x163.jpg 300w, https:\/\/adrianaarronte.com.es\/wp-content\/uploads\/2024\/05\/Culto-y-sacrificio-Implantes-transplantes-1-768x417.jpg 768w, https:\/\/adrianaarronte.com.es\/wp-content\/uploads\/2024\/05\/Culto-y-sacrificio-Implantes-transplantes-1-1536x834.jpg 1536w, https:\/\/adrianaarronte.com.es\/wp-content\/uploads\/2024\/05\/Culto-y-sacrificio-Implantes-transplantes-1.jpg 1772w\" sizes=\"auto, (max-width: 1024px) 100vw, 1024px\" \/><\/a><\/figure>\n<\/figure>\n<\/div>\n\n\n\n<div class=\"wp-block-column is-layout-flow wp-block-column-is-layout-flow\" style=\"flex-basis:66.66%\">\n<p class=\"has-small-font-size\"><strong>CULTO Y SACRIFICIO \/ WORSHIP AND SACRIFICE<\/strong><br>2019<br>Plancha de zinc grabada y marco de madera \/ Engraved zinc and wooden frame.<br>22 x 25 cm<\/p>\n\n\n\n<p class=\"has-small-font-size\">Compila una serie de paisajes, lugares sagrados en diferentes regiones y creencias (Monte de Sinai, Cenote de Chich\u00e9n Itz\u00e1, Monte Olimpo). Me interesa contrastar los sistemas org\u00e1nicos y los creados por el hombre, como sistemas de valor, elevaci\u00f3n espiritual o estatus. Analizar el culto a la naturaleza, desde concepciones m\u00edsticas o pol\u00edticas. La belleza atravesada por categor\u00edas condicionadas por el poder religioso o civil.<br>El metal es utilizado para la fabricaci\u00f3n de objetos cuya carga simb\u00f3lica est\u00e1 asociada a un significado trascendental y al valor. Es soporte de medallas, insignias, elementos lit\u00fargicos, monedas. Y el grabado me permite recrear la textura de estos soportes.&nbsp;&nbsp;<\/p>\n\n\n\n<p class=\"has-nv-c-1-color has-text-color has-link-color has-small-font-size wp-elements-919985ef2a39c057f6d9edf568bd2ed7\">I collect a landscapes series. Sacred places in different regions and beliefs (Mount Sinai, Chichen Itza Cenote, Mount Olympus). I am interested in contrasting organic systems and those created by man, such as systems of value, spiritual elevation or status. I analyze the cult of nature, from mystical or political conceptions. Beauty crossed by categories conditioned by religious or civil power.<br>Metal is used to manufacture objects whose symbolic charge is associated with transcendental meaning and value. Medals, insignia, liturgical elements, coins are made with metal. And engraving allows me to recreate the texture of these supports.<\/p>\n\n\n\n<p class=\"has-small-font-size\">Se exhibi\u00f3 en una instalaci\u00f3n junto a la obra <strong><a href=\"https:\/\/adrianaarronte.com.es\/index.php\/obras\/objetos-objects\/implantes-trasplantes-y-migraciones\/\">IMPLANTES TRASPLANTES Y MIGRACIONES <\/a><\/strong>\/ It was exhibited in an installation together with the work <strong><a href=\"https:\/\/adrianaarronte.com.es\/index.php\/obras\/objetos-objects\/implantes-trasplantes-y-migraciones\/\">IMPLANTS, TRANSPLANTS AND MIGRATIONS<\/a><\/strong>.<\/p>\n<\/div>\n<\/div>\n\n\n\n<div class=\"wp-block-columns is-layout-flex wp-container-core-columns-is-layout-9d6595d7 wp-block-columns-is-layout-flex\">\n<div class=\"wp-block-column is-layout-flow wp-block-column-is-layout-flow\">\n<figure class=\"wp-block-gallery has-nested-images columns-default is-cropped wp-block-gallery-3 is-layout-flex wp-block-gallery-is-layout-flex\">\n<figure class=\"wp-block-image size-large\"><a href=\"https:\/\/adrianaarronte.com.es\/index.php\/obras\/dibujos-drawings\/culto-y-sacrificio-2\/01-serie-culto-y-sacrificio-22x25cm-metal\/\"><img loading=\"lazy\" decoding=\"async\" width=\"1024\" height=\"863\" data-id=\"1438\" src=\"https:\/\/adrianaarronte.com.es\/wp-content\/uploads\/2024\/05\/01-serie-culto-y-sacrificio-22x25cm-metal-1024x863.jpg\" alt=\"\" class=\"wp-image-1438\" srcset=\"https:\/\/adrianaarronte.com.es\/wp-content\/uploads\/2024\/05\/01-serie-culto-y-sacrificio-22x25cm-metal-1024x863.jpg 1024w, https:\/\/adrianaarronte.com.es\/wp-content\/uploads\/2024\/05\/01-serie-culto-y-sacrificio-22x25cm-metal-300x253.jpg 300w, https:\/\/adrianaarronte.com.es\/wp-content\/uploads\/2024\/05\/01-serie-culto-y-sacrificio-22x25cm-metal-768x647.jpg 768w, https:\/\/adrianaarronte.com.es\/wp-content\/uploads\/2024\/05\/01-serie-culto-y-sacrificio-22x25cm-metal-1536x1295.jpg 1536w, https:\/\/adrianaarronte.com.es\/wp-content\/uploads\/2024\/05\/01-serie-culto-y-sacrificio-22x25cm-metal.jpg 1661w\" sizes=\"auto, (max-width: 1024px) 100vw, 1024px\" \/><\/a><figcaption class=\"wp-element-caption\">Monte de Sinai<\/figcaption><\/figure>\n<\/figure>\n<\/div>\n\n\n\n<div class=\"wp-block-column is-layout-flow wp-block-column-is-layout-flow\">\n<figure class=\"wp-block-gallery has-nested-images columns-default is-cropped wp-block-gallery-4 is-layout-flex wp-block-gallery-is-layout-flex\">\n<figure class=\"wp-block-image size-large\"><a href=\"https:\/\/adrianaarronte.com.es\/index.php\/obras\/dibujos-drawings\/culto-y-sacrificio-2\/03-serie-culto-y-sacrificio-22x25cm-metal\/\"><img loading=\"lazy\" decoding=\"async\" width=\"1024\" height=\"863\" data-id=\"1439\" src=\"https:\/\/adrianaarronte.com.es\/wp-content\/uploads\/2024\/05\/03-serie-culto-y-sacrificio-22x25cm-metal-1024x863.jpg\" alt=\"\" class=\"wp-image-1439\" srcset=\"https:\/\/adrianaarronte.com.es\/wp-content\/uploads\/2024\/05\/03-serie-culto-y-sacrificio-22x25cm-metal-1024x863.jpg 1024w, https:\/\/adrianaarronte.com.es\/wp-content\/uploads\/2024\/05\/03-serie-culto-y-sacrificio-22x25cm-metal-300x253.jpg 300w, https:\/\/adrianaarronte.com.es\/wp-content\/uploads\/2024\/05\/03-serie-culto-y-sacrificio-22x25cm-metal-768x647.jpg 768w, https:\/\/adrianaarronte.com.es\/wp-content\/uploads\/2024\/05\/03-serie-culto-y-sacrificio-22x25cm-metal-1536x1295.jpg 1536w, https:\/\/adrianaarronte.com.es\/wp-content\/uploads\/2024\/05\/03-serie-culto-y-sacrificio-22x25cm-metal.jpg 1661w\" sizes=\"auto, (max-width: 1024px) 100vw, 1024px\" \/><\/a><figcaption class=\"wp-element-caption\">Cenote de Chich\u00e9n Itz\u00e1<\/figcaption><\/figure>\n<\/figure>\n<\/div>\n\n\n\n<div class=\"wp-block-column is-layout-flow wp-block-column-is-layout-flow\">\n<figure class=\"wp-block-gallery has-nested-images columns-default is-cropped wp-block-gallery-5 is-layout-flex wp-block-gallery-is-layout-flex\">\n<figure class=\"wp-block-image size-large\"><a href=\"https:\/\/adrianaarronte.com.es\/index.php\/obras\/dibujos-drawings\/culto-y-sacrificio-2\/02-serie-culto-y-sacrificio-22x25cm-metal\/\"><img loading=\"lazy\" decoding=\"async\" width=\"1024\" height=\"863\" data-id=\"1440\" src=\"https:\/\/adrianaarronte.com.es\/wp-content\/uploads\/2024\/05\/02-serie-culto-y-sacrificio-22x25cm-metal-1024x863.jpg\" alt=\"\" class=\"wp-image-1440\" srcset=\"https:\/\/adrianaarronte.com.es\/wp-content\/uploads\/2024\/05\/02-serie-culto-y-sacrificio-22x25cm-metal-1024x863.jpg 1024w, https:\/\/adrianaarronte.com.es\/wp-content\/uploads\/2024\/05\/02-serie-culto-y-sacrificio-22x25cm-metal-300x253.jpg 300w, https:\/\/adrianaarronte.com.es\/wp-content\/uploads\/2024\/05\/02-serie-culto-y-sacrificio-22x25cm-metal-768x647.jpg 768w, https:\/\/adrianaarronte.com.es\/wp-content\/uploads\/2024\/05\/02-serie-culto-y-sacrificio-22x25cm-metal-1536x1295.jpg 1536w, https:\/\/adrianaarronte.com.es\/wp-content\/uploads\/2024\/05\/02-serie-culto-y-sacrificio-22x25cm-metal.jpg 1661w\" sizes=\"auto, (max-width: 1024px) 100vw, 1024px\" \/><\/a><figcaption class=\"wp-element-caption\">Monte Olimpo<\/figcaption><\/figure>\n<\/figure>\n<\/div>\n<\/div>\n","protected":false},"excerpt":{"rendered":"<p>CULTO Y SACRIFICIO \/ WORSHIP AND SACRIFICE2019Plancha de zinc grabada y marco de madera \/ Engraved zinc and wooden frame.22 x 25 cm Compila una serie de paisajes, lugares sagrados en diferentes regiones y creencias (Monte de Sinai, Cenote de Chich\u00e9n Itz\u00e1, Monte Olimpo). Me interesa contrastar los sistemas org\u00e1nicos y los creados por el&hellip;&nbsp;<a href=\"https:\/\/adrianaarronte.com.es\/index.php\/obras\/dibujos-drawings\/culto-y-sacrificio-2\/\" rel=\"bookmark\"><span class=\"screen-reader-text\">Culto y sacrificio<\/span><\/a><\/p>\n","protected":false},"author":1,"featured_media":0,"parent":129,"menu_order":8,"comment_status":"closed","ping_status":"closed","template":"","meta":{"neve_meta_sidebar":"","neve_meta_container":"","neve_meta_enable_content_width":"","neve_meta_content_width":0,"neve_meta_title_alignment":"","neve_meta_author_avatar":"","neve_post_elements_order":"","neve_meta_disable_header":"","neve_meta_disable_footer":"","neve_meta_disable_title":"on","footnotes":""},"class_list":["post-1430","page","type-page","status-publish","hentry"],"yoast_head":"<!-- This site is optimized with the Yoast SEO plugin v21.6 - https:\/\/yoast.com\/wordpress\/plugins\/seo\/ -->\n<title>Culto y sacrificio - ADRIANA ARRONTE<\/title>\n<meta name=\"description\" content=\"Compila una serie de paisajes, lugares sagrados en diferentes regiones y creencias. Me interesa contrastar los sistemas org\u00e1nicos y los creados por el hombre, como sistemas de valor, elevaci\u00f3n espiritual o estatus. Analizar el culto a la naturaleza, desde concepciones m\u00edsticas o pol\u00edticas. La belleza atravesada por categor\u00edas condicionadas por el poder religioso o civil.\" \/>\n<meta name=\"robots\" content=\"index, follow, max-snippet:-1, max-image-preview:large, max-video-preview:-1\" \/>\n<link rel=\"canonical\" href=\"https:\/\/adrianaarronte.com.es\/index.php\/obras\/dibujos-drawings\/culto-y-sacrificio-2\/\" \/>\n<meta property=\"og:locale\" content=\"es_ES\" \/>\n<meta property=\"og:type\" content=\"article\" \/>\n<meta property=\"og:title\" content=\"Culto y sacrificio - ADRIANA ARRONTE\" \/>\n<meta property=\"og:description\" content=\"Compila una serie de paisajes, lugares sagrados en diferentes regiones y creencias. Me interesa contrastar los sistemas org\u00e1nicos y los creados por el hombre, como sistemas de valor, elevaci\u00f3n espiritual o estatus. Analizar el culto a la naturaleza, desde concepciones m\u00edsticas o pol\u00edticas. La belleza atravesada por categor\u00edas condicionadas por el poder religioso o civil.\" \/>\n<meta property=\"og:url\" content=\"https:\/\/adrianaarronte.com.es\/index.php\/obras\/dibujos-drawings\/culto-y-sacrificio-2\/\" \/>\n<meta property=\"og:site_name\" content=\"ADRIANA ARRONTE\" \/>\n<meta property=\"article:modified_time\" content=\"2025-07-14T18:04:52+00:00\" \/>\n<meta property=\"og:image\" content=\"https:\/\/adrianaarronte.com.es\/wp-content\/uploads\/2024\/05\/Culto-y-sacrificio.-olimpo.jpg\" \/>\n<meta name=\"twitter:card\" content=\"summary_large_image\" \/>\n<meta name=\"twitter:label1\" content=\"Tiempo de lectura\" \/>\n\t<meta name=\"twitter:data1\" content=\"3 minutos\" \/>\n<script type=\"application\/ld+json\" class=\"yoast-schema-graph\">{\"@context\":\"https:\/\/schema.org\",\"@graph\":[{\"@type\":\"WebPage\",\"@id\":\"https:\/\/adrianaarronte.com.es\/index.php\/obras\/dibujos-drawings\/culto-y-sacrificio-2\/\",\"url\":\"https:\/\/adrianaarronte.com.es\/index.php\/obras\/dibujos-drawings\/culto-y-sacrificio-2\/\",\"name\":\"Culto y sacrificio - ADRIANA ARRONTE\",\"isPartOf\":{\"@id\":\"https:\/\/adrianaarronte.com.es\/#website\"},\"datePublished\":\"2024-05-04T08:06:43+00:00\",\"dateModified\":\"2025-07-14T18:04:52+00:00\",\"description\":\"Compila una serie de paisajes, lugares sagrados en diferentes regiones y creencias. Me interesa contrastar los sistemas org\u00e1nicos y los creados por el hombre, como sistemas de valor, elevaci\u00f3n espiritual o estatus. Analizar el culto a la naturaleza, desde concepciones m\u00edsticas o pol\u00edticas. La belleza atravesada por categor\u00edas condicionadas por el poder religioso o civil.\",\"breadcrumb\":{\"@id\":\"https:\/\/adrianaarronte.com.es\/index.php\/obras\/dibujos-drawings\/culto-y-sacrificio-2\/#breadcrumb\"},\"inLanguage\":\"es\",\"potentialAction\":[{\"@type\":\"ReadAction\",\"target\":[\"https:\/\/adrianaarronte.com.es\/index.php\/obras\/dibujos-drawings\/culto-y-sacrificio-2\/\"]}]},{\"@type\":\"BreadcrumbList\",\"@id\":\"https:\/\/adrianaarronte.com.es\/index.php\/obras\/dibujos-drawings\/culto-y-sacrificio-2\/#breadcrumb\",\"itemListElement\":[{\"@type\":\"ListItem\",\"position\":1,\"name\":\"Home\",\"item\":\"https:\/\/adrianaarronte.com.es\/\"},{\"@type\":\"ListItem\",\"position\":2,\"name\":\"OBRAS\",\"item\":\"https:\/\/adrianaarronte.com.es\/index.php\/obras\/\"},{\"@type\":\"ListItem\",\"position\":3,\"name\":\"Dibujos\",\"item\":\"https:\/\/adrianaarronte.com.es\/index.php\/obras\/dibujos-drawings\/\"},{\"@type\":\"ListItem\",\"position\":4,\"name\":\"Culto y sacrificio\"}]},{\"@type\":\"WebSite\",\"@id\":\"https:\/\/adrianaarronte.com.es\/#website\",\"url\":\"https:\/\/adrianaarronte.com.es\/\",\"name\":\"ADRIANA ARRONTE\",\"description\":\"\",\"potentialAction\":[{\"@type\":\"SearchAction\",\"target\":{\"@type\":\"EntryPoint\",\"urlTemplate\":\"https:\/\/adrianaarronte.com.es\/?s={search_term_string}\"},\"query-input\":\"required name=search_term_string\"}],\"inLanguage\":\"es\"}]}<\/script>\n<!-- \/ Yoast SEO plugin. -->","yoast_head_json":{"title":"Culto y sacrificio - ADRIANA ARRONTE","description":"Compila una serie de paisajes, lugares sagrados en diferentes regiones y creencias. Me interesa contrastar los sistemas org\u00e1nicos y los creados por el hombre, como sistemas de valor, elevaci\u00f3n espiritual o estatus. Analizar el culto a la naturaleza, desde concepciones m\u00edsticas o pol\u00edticas. La belleza atravesada por categor\u00edas condicionadas por el poder religioso o civil.","robots":{"index":"index","follow":"follow","max-snippet":"max-snippet:-1","max-image-preview":"max-image-preview:large","max-video-preview":"max-video-preview:-1"},"canonical":"https:\/\/adrianaarronte.com.es\/index.php\/obras\/dibujos-drawings\/culto-y-sacrificio-2\/","og_locale":"es_ES","og_type":"article","og_title":"Culto y sacrificio - ADRIANA ARRONTE","og_description":"Compila una serie de paisajes, lugares sagrados en diferentes regiones y creencias. Me interesa contrastar los sistemas org\u00e1nicos y los creados por el hombre, como sistemas de valor, elevaci\u00f3n espiritual o estatus. Analizar el culto a la naturaleza, desde concepciones m\u00edsticas o pol\u00edticas. La belleza atravesada por categor\u00edas condicionadas por el poder religioso o civil.","og_url":"https:\/\/adrianaarronte.com.es\/index.php\/obras\/dibujos-drawings\/culto-y-sacrificio-2\/","og_site_name":"ADRIANA ARRONTE","article_modified_time":"2025-07-14T18:04:52+00:00","og_image":[{"url":"https:\/\/adrianaarronte.com.es\/wp-content\/uploads\/2024\/05\/Culto-y-sacrificio.-olimpo.jpg"}],"twitter_card":"summary_large_image","twitter_misc":{"Tiempo de lectura":"3 minutos"},"schema":{"@context":"https:\/\/schema.org","@graph":[{"@type":"WebPage","@id":"https:\/\/adrianaarronte.com.es\/index.php\/obras\/dibujos-drawings\/culto-y-sacrificio-2\/","url":"https:\/\/adrianaarronte.com.es\/index.php\/obras\/dibujos-drawings\/culto-y-sacrificio-2\/","name":"Culto y sacrificio - ADRIANA ARRONTE","isPartOf":{"@id":"https:\/\/adrianaarronte.com.es\/#website"},"datePublished":"2024-05-04T08:06:43+00:00","dateModified":"2025-07-14T18:04:52+00:00","description":"Compila una serie de paisajes, lugares sagrados en diferentes regiones y creencias. Me interesa contrastar los sistemas org\u00e1nicos y los creados por el hombre, como sistemas de valor, elevaci\u00f3n espiritual o estatus. Analizar el culto a la naturaleza, desde concepciones m\u00edsticas o pol\u00edticas. La belleza atravesada por categor\u00edas condicionadas por el poder religioso o civil.","breadcrumb":{"@id":"https:\/\/adrianaarronte.com.es\/index.php\/obras\/dibujos-drawings\/culto-y-sacrificio-2\/#breadcrumb"},"inLanguage":"es","potentialAction":[{"@type":"ReadAction","target":["https:\/\/adrianaarronte.com.es\/index.php\/obras\/dibujos-drawings\/culto-y-sacrificio-2\/"]}]},{"@type":"BreadcrumbList","@id":"https:\/\/adrianaarronte.com.es\/index.php\/obras\/dibujos-drawings\/culto-y-sacrificio-2\/#breadcrumb","itemListElement":[{"@type":"ListItem","position":1,"name":"Home","item":"https:\/\/adrianaarronte.com.es\/"},{"@type":"ListItem","position":2,"name":"OBRAS","item":"https:\/\/adrianaarronte.com.es\/index.php\/obras\/"},{"@type":"ListItem","position":3,"name":"Dibujos","item":"https:\/\/adrianaarronte.com.es\/index.php\/obras\/dibujos-drawings\/"},{"@type":"ListItem","position":4,"name":"Culto y sacrificio"}]},{"@type":"WebSite","@id":"https:\/\/adrianaarronte.com.es\/#website","url":"https:\/\/adrianaarronte.com.es\/","name":"ADRIANA ARRONTE","description":"","potentialAction":[{"@type":"SearchAction","target":{"@type":"EntryPoint","urlTemplate":"https:\/\/adrianaarronte.com.es\/?s={search_term_string}"},"query-input":"required name=search_term_string"}],"inLanguage":"es"}]}},"_links":{"self":[{"href":"https:\/\/adrianaarronte.com.es\/index.php\/wp-json\/wp\/v2\/pages\/1430","targetHints":{"allow":["GET"]}}],"collection":[{"href":"https:\/\/adrianaarronte.com.es\/index.php\/wp-json\/wp\/v2\/pages"}],"about":[{"href":"https:\/\/adrianaarronte.com.es\/index.php\/wp-json\/wp\/v2\/types\/page"}],"author":[{"embeddable":true,"href":"https:\/\/adrianaarronte.com.es\/index.php\/wp-json\/wp\/v2\/users\/1"}],"replies":[{"embeddable":true,"href":"https:\/\/adrianaarronte.com.es\/index.php\/wp-json\/wp\/v2\/comments?post=1430"}],"version-history":[{"count":6,"href":"https:\/\/adrianaarronte.com.es\/index.php\/wp-json\/wp\/v2\/pages\/1430\/revisions"}],"predecessor-version":[{"id":2305,"href":"https:\/\/adrianaarronte.com.es\/index.php\/wp-json\/wp\/v2\/pages\/1430\/revisions\/2305"}],"up":[{"embeddable":true,"href":"https:\/\/adrianaarronte.com.es\/index.php\/wp-json\/wp\/v2\/pages\/129"}],"wp:attachment":[{"href":"https:\/\/adrianaarronte.com.es\/index.php\/wp-json\/wp\/v2\/media?parent=1430"}],"curies":[{"name":"wp","href":"https:\/\/api.w.org\/{rel}","templated":true}]}}