{"id":1446,"date":"2024-05-04T10:44:41","date_gmt":"2024-05-04T08:44:41","guid":{"rendered":"https:\/\/adrianaarronte.com.es\/?page_id=1446"},"modified":"2025-09-27T12:30:07","modified_gmt":"2025-09-27T10:30:07","slug":"nodos-orbita-2","status":"publish","type":"page","link":"https:\/\/adrianaarronte.com.es\/index.php\/obras\/dibujos-drawings\/nodos-orbita-2\/","title":{"rendered":"Nodos-\u00d3rbita"},"content":{"rendered":"\n<div class=\"wp-block-columns is-layout-flex wp-container-core-columns-is-layout-9d6595d7 wp-block-columns-is-layout-flex\">\n<div class=\"wp-block-column is-layout-flow wp-block-column-is-layout-flow\">\n<figure class=\"wp-block-gallery has-nested-images columns-default is-cropped wp-block-gallery-1 is-layout-flex wp-block-gallery-is-layout-flex\">\n<figure class=\"wp-block-image size-full\"><a href=\"https:\/\/adrianaarronte.com.es\/?attachment_id=1447\"><img loading=\"lazy\" decoding=\"async\" width=\"816\" height=\"621\" data-id=\"1447\" src=\"https:\/\/adrianaarronte.com.es\/wp-content\/uploads\/2024\/05\/Orbita.jpg\" alt=\"\" class=\"wp-image-1447\" srcset=\"https:\/\/adrianaarronte.com.es\/wp-content\/uploads\/2024\/05\/Orbita.jpg 816w, https:\/\/adrianaarronte.com.es\/wp-content\/uploads\/2024\/05\/Orbita-300x228.jpg 300w, https:\/\/adrianaarronte.com.es\/wp-content\/uploads\/2024\/05\/Orbita-768x584.jpg 768w\" sizes=\"auto, (max-width: 816px) 100vw, 816px\" \/><\/a><\/figure>\n<\/figure>\n<\/div>\n\n\n\n<div class=\"wp-block-column is-layout-flow wp-block-column-is-layout-flow\">\n<p class=\"has-small-font-size\"><strong>\u00d3RBITA | ORBIT<\/strong><br>2018<br>agua fuerte | Etching<br>Metal y marco de madera \/ Metal and wooden frame<br>100 x 100 cm<\/p>\n\n\n\n<p class=\"has-small-font-size\">\u00d3rbita re\u00fane 12 anillos, representativos de diferentes doctrinas, filosof\u00edas, rituales o leyendas. Sujetos a una fuerza de unidad que compromete a sus portadores. Y bajo su influencia, giran seguidores. Reflexiona sobre la necesidad del hombre por asociarse a un grupo, la seducci\u00f3n de un pensamiento que crea lazos de alianza, sumisi\u00f3n, dominio, lealtad\u2026<\/p>\n\n\n\n<p class=\"has-nv-c-1-color has-text-color has-link-color has-small-font-size wp-elements-b2b32a1827405d9d8d816652ce84379e\">Orbit gathers 12 rings, representative of different doctrines, philosophies, rituals or legends related to an abstract force of unity that engages its bearers, who move under its influence. It reflects on the need of man to associate with a group, the seduction of a thought that creates ties of alliance, submission, domination, loyalty\u2026<\/p>\n<\/div>\n<\/div>\n\n\n\n<div class=\"wp-block-columns is-layout-flex wp-container-core-columns-is-layout-9d6595d7 wp-block-columns-is-layout-flex\">\n<div class=\"wp-block-column is-layout-flow wp-block-column-is-layout-flow\">\n<figure class=\"wp-block-gallery has-nested-images columns-default is-cropped wp-block-gallery-2 is-layout-flex wp-block-gallery-is-layout-flex\">\n<figure class=\"wp-block-image size-large\"><a href=\"https:\/\/adrianaarronte.com.es\/index.php\/obras\/dibujos-drawings\/nodos-orbita-2\/nodos\/\"><img loading=\"lazy\" decoding=\"async\" width=\"886\" height=\"696\" data-id=\"1451\" src=\"https:\/\/adrianaarronte.com.es\/wp-content\/uploads\/2024\/05\/Nodos.jpg\" alt=\"\" class=\"wp-image-1451\" srcset=\"https:\/\/adrianaarronte.com.es\/wp-content\/uploads\/2024\/05\/Nodos.jpg 886w, https:\/\/adrianaarronte.com.es\/wp-content\/uploads\/2024\/05\/Nodos-300x236.jpg 300w, https:\/\/adrianaarronte.com.es\/wp-content\/uploads\/2024\/05\/Nodos-768x603.jpg 768w\" sizes=\"auto, (max-width: 886px) 100vw, 886px\" \/><\/a><\/figure>\n<\/figure>\n<\/div>\n\n\n\n<div class=\"wp-block-column is-layout-flow wp-block-column-is-layout-flow\">\n<p class=\"has-small-font-size\"><strong>NODOS | NODES<\/strong><br>agua fuerte | etching<br>Metal y marco de madera \/ Metal and wooden frame<br>100 x 100 cm <\/p>\n\n\n\n<p class=\"has-small-font-size\">En una \u00f3rbita los nodos son puntos que se hallan donde dicha orbita cruza un plano de referencia. En t\u00e9rminos generales, constituyen un espacio real o abstracto en el que confluyen las conexiones de otros espacios que comparten caracter\u00edsticas y que a su vez son nodos. Todos se interrelacionan de una manera no jer\u00e1rquica y conforman lo que en t\u00e9rminos sociol\u00f3gicos o matem\u00e1ticos se llama red. Esta pieza articula una red de medallas. El c\u00edrculo interior contiene 12 medallas religiosas. Y los  exteriores medallas de condecoraci\u00f3n militar. Explora jerarqu\u00edas de valor y distinci\u00f3n, establecidas por el hombre.<\/p>\n\n\n\n<p class=\"has-nv-c-1-color has-text-color has-link-color has-small-font-size wp-elements-e090543f45b255ccd8ac53b94bc435e7\">In an orbit, the nodes are points found where the orbit crosses a reference plane. In general terms, they constitute a real or abstract space in which the connections of other spaces that share characteristics and which in turn are nodes converge. They all interrelate in a non-hierarchical way and make up what in sociological or mathematical terms is called a network. This piece articulates a network of medals. The inner box contains 12 religious medals from different cultures and regions. The inner circle contains 12 religious medals. And the exterior medals of military decoration.. Explore hierarchies of value and distinction, established by man.<\/p>\n<\/div>\n<\/div>\n\n\n\n<div class=\"wp-block-columns is-layout-flex wp-container-core-columns-is-layout-9d6595d7 wp-block-columns-is-layout-flex\">\n<div class=\"wp-block-column is-layout-flow wp-block-column-is-layout-flow\">\n<figure class=\"wp-block-gallery has-nested-images columns-default is-cropped wp-block-gallery-3 is-layout-flex wp-block-gallery-is-layout-flex\">\n<figure class=\"wp-block-image size-large\"><a href=\"https:\/\/adrianaarronte.com.es\/index.php\/obras\/dibujos-drawings\/nodos-orbita-2\/orbita-y-nodos\/\"><img loading=\"lazy\" decoding=\"async\" width=\"1024\" height=\"682\" data-id=\"1459\" src=\"https:\/\/adrianaarronte.com.es\/wp-content\/uploads\/2024\/05\/Orbita-y-Nodos-1024x682.jpg\" alt=\"\" class=\"wp-image-1459\" srcset=\"https:\/\/adrianaarronte.com.es\/wp-content\/uploads\/2024\/05\/Orbita-y-Nodos-1024x682.jpg 1024w, https:\/\/adrianaarronte.com.es\/wp-content\/uploads\/2024\/05\/Orbita-y-Nodos-300x200.jpg 300w, https:\/\/adrianaarronte.com.es\/wp-content\/uploads\/2024\/05\/Orbita-y-Nodos-768x512.jpg 768w, https:\/\/adrianaarronte.com.es\/wp-content\/uploads\/2024\/05\/Orbita-y-Nodos-1536x1024.jpg 1536w, https:\/\/adrianaarronte.com.es\/wp-content\/uploads\/2024\/05\/Orbita-y-Nodos.jpg 2000w\" sizes=\"auto, (max-width: 1024px) 100vw, 1024px\" \/><\/a><\/figure>\n<\/figure>\n<\/div>\n\n\n\n<div class=\"wp-block-column is-layout-flow wp-block-column-is-layout-flow\">\n<figure class=\"wp-block-gallery has-nested-images columns-default is-cropped wp-block-gallery-4 is-layout-flex wp-block-gallery-is-layout-flex\">\n<figure class=\"wp-block-image size-large\"><a href=\"https:\/\/adrianaarronte.com.es\/index.php\/obras\/dibujos-drawings\/nodos-orbita-2\/nodos-orbita-1\/\"><img loading=\"lazy\" decoding=\"async\" width=\"1024\" height=\"682\" data-id=\"1460\" src=\"https:\/\/adrianaarronte.com.es\/wp-content\/uploads\/2024\/05\/Nodos-Orbita-1-1024x682.jpg\" alt=\"\" class=\"wp-image-1460\" srcset=\"https:\/\/adrianaarronte.com.es\/wp-content\/uploads\/2024\/05\/Nodos-Orbita-1-1024x682.jpg 1024w, https:\/\/adrianaarronte.com.es\/wp-content\/uploads\/2024\/05\/Nodos-Orbita-1-300x200.jpg 300w, https:\/\/adrianaarronte.com.es\/wp-content\/uploads\/2024\/05\/Nodos-Orbita-1-768x512.jpg 768w, https:\/\/adrianaarronte.com.es\/wp-content\/uploads\/2024\/05\/Nodos-Orbita-1-1536x1024.jpg 1536w, https:\/\/adrianaarronte.com.es\/wp-content\/uploads\/2024\/05\/Nodos-Orbita-1.jpg 2000w\" sizes=\"auto, (max-width: 1024px) 100vw, 1024px\" \/><\/a><\/figure>\n<\/figure>\n<\/div>\n\n\n\n<div class=\"wp-block-column is-layout-flow wp-block-column-is-layout-flow\">\n<figure class=\"wp-block-gallery has-nested-images columns-default is-cropped wp-block-gallery-5 is-layout-flex wp-block-gallery-is-layout-flex\">\n<figure class=\"wp-block-image size-large\"><a href=\"https:\/\/adrianaarronte.com.es\/wp-content\/uploads\/2024\/05\/detalle-Orbita.jpg\"><img loading=\"lazy\" decoding=\"async\" width=\"1024\" height=\"682\" data-id=\"1464\" src=\"https:\/\/adrianaarronte.com.es\/wp-content\/uploads\/2024\/05\/detalle-Orbita-1024x682.jpg\" alt=\"\" class=\"wp-image-1464\" srcset=\"https:\/\/adrianaarronte.com.es\/wp-content\/uploads\/2024\/05\/detalle-Orbita-1024x682.jpg 1024w, https:\/\/adrianaarronte.com.es\/wp-content\/uploads\/2024\/05\/detalle-Orbita-300x200.jpg 300w, https:\/\/adrianaarronte.com.es\/wp-content\/uploads\/2024\/05\/detalle-Orbita-768x512.jpg 768w, https:\/\/adrianaarronte.com.es\/wp-content\/uploads\/2024\/05\/detalle-Orbita-1536x1024.jpg 1536w, https:\/\/adrianaarronte.com.es\/wp-content\/uploads\/2024\/05\/detalle-Orbita.jpg 2000w\" sizes=\"auto, (max-width: 1024px) 100vw, 1024px\" \/><\/a><\/figure>\n<\/figure>\n<\/div>\n<\/div>\n","protected":false},"excerpt":{"rendered":"<p>\u00d3RBITA | ORBIT2018agua fuerte | EtchingMetal y marco de madera \/ Metal and wooden frame100 x 100 cm \u00d3rbita re\u00fane 12 anillos, representativos de diferentes doctrinas, filosof\u00edas, rituales o leyendas. Sujetos a una fuerza de unidad que compromete a sus portadores. Y bajo su influencia, giran seguidores. Reflexiona sobre la necesidad del hombre por asociarse&hellip;&nbsp;<a href=\"https:\/\/adrianaarronte.com.es\/index.php\/obras\/dibujos-drawings\/nodos-orbita-2\/\" rel=\"bookmark\"><span class=\"screen-reader-text\">Nodos-\u00d3rbita<\/span><\/a><\/p>\n","protected":false},"author":1,"featured_media":0,"parent":129,"menu_order":9,"comment_status":"closed","ping_status":"closed","template":"","meta":{"neve_meta_sidebar":"","neve_meta_container":"","neve_meta_enable_content_width":"","neve_meta_content_width":0,"neve_meta_title_alignment":"","neve_meta_author_avatar":"","neve_post_elements_order":"","neve_meta_disable_header":"","neve_meta_disable_footer":"","neve_meta_disable_title":"on","footnotes":""},"class_list":["post-1446","page","type-page","status-publish","hentry"],"yoast_head":"<!-- This site is optimized with the Yoast SEO plugin v21.6 - https:\/\/yoast.com\/wordpress\/plugins\/seo\/ -->\n<title>Nodos-\u00d3rbita - ADRIANA ARRONTE<\/title>\n<meta name=\"description\" content=\"\u00d3rbita re\u00fane 12 anillos, representativos de diferentes doctrinas, filosof\u00edas, rituales o leyendas. Sujetos a una fuerza de unidad que compromete a sus portadores. Y bajo su influencia, giran seguidores. Reflexiona sobre la necesidad del hombre por asociarse a un grupo, la seducci\u00f3n de un pensamiento que crea lazos de alianza, sumisi\u00f3n, dominio, lealtad\u2026\" \/>\n<meta name=\"robots\" content=\"index, follow, max-snippet:-1, max-image-preview:large, max-video-preview:-1\" \/>\n<link rel=\"canonical\" href=\"https:\/\/adrianaarronte.com.es\/index.php\/obras\/dibujos-drawings\/nodos-orbita-2\/\" \/>\n<meta property=\"og:locale\" content=\"es_ES\" \/>\n<meta property=\"og:type\" content=\"article\" \/>\n<meta property=\"og:title\" content=\"Nodos-\u00d3rbita - ADRIANA ARRONTE\" \/>\n<meta property=\"og:description\" content=\"\u00d3rbita re\u00fane 12 anillos, representativos de diferentes doctrinas, filosof\u00edas, rituales o leyendas. Sujetos a una fuerza de unidad que compromete a sus portadores. Y bajo su influencia, giran seguidores. Reflexiona sobre la necesidad del hombre por asociarse a un grupo, la seducci\u00f3n de un pensamiento que crea lazos de alianza, sumisi\u00f3n, dominio, lealtad\u2026\" \/>\n<meta property=\"og:url\" content=\"https:\/\/adrianaarronte.com.es\/index.php\/obras\/dibujos-drawings\/nodos-orbita-2\/\" \/>\n<meta property=\"og:site_name\" content=\"ADRIANA ARRONTE\" \/>\n<meta property=\"article:modified_time\" content=\"2025-09-27T10:30:07+00:00\" \/>\n<meta property=\"og:image\" content=\"https:\/\/adrianaarronte.com.es\/wp-content\/uploads\/2024\/05\/Orbita.jpg\" \/>\n<meta name=\"twitter:card\" content=\"summary_large_image\" \/>\n<meta name=\"twitter:label1\" content=\"Tiempo de lectura\" \/>\n\t<meta name=\"twitter:data1\" content=\"3 minutos\" \/>\n<script type=\"application\/ld+json\" class=\"yoast-schema-graph\">{\"@context\":\"https:\/\/schema.org\",\"@graph\":[{\"@type\":\"WebPage\",\"@id\":\"https:\/\/adrianaarronte.com.es\/index.php\/obras\/dibujos-drawings\/nodos-orbita-2\/\",\"url\":\"https:\/\/adrianaarronte.com.es\/index.php\/obras\/dibujos-drawings\/nodos-orbita-2\/\",\"name\":\"Nodos-\u00d3rbita - ADRIANA ARRONTE\",\"isPartOf\":{\"@id\":\"https:\/\/adrianaarronte.com.es\/#website\"},\"datePublished\":\"2024-05-04T08:44:41+00:00\",\"dateModified\":\"2025-09-27T10:30:07+00:00\",\"description\":\"\u00d3rbita re\u00fane 12 anillos, representativos de diferentes doctrinas, filosof\u00edas, rituales o leyendas. Sujetos a una fuerza de unidad que compromete a sus portadores. Y bajo su influencia, giran seguidores. Reflexiona sobre la necesidad del hombre por asociarse a un grupo, la seducci\u00f3n de un pensamiento que crea lazos de alianza, sumisi\u00f3n, dominio, lealtad\u2026\",\"breadcrumb\":{\"@id\":\"https:\/\/adrianaarronte.com.es\/index.php\/obras\/dibujos-drawings\/nodos-orbita-2\/#breadcrumb\"},\"inLanguage\":\"es\",\"potentialAction\":[{\"@type\":\"ReadAction\",\"target\":[\"https:\/\/adrianaarronte.com.es\/index.php\/obras\/dibujos-drawings\/nodos-orbita-2\/\"]}]},{\"@type\":\"BreadcrumbList\",\"@id\":\"https:\/\/adrianaarronte.com.es\/index.php\/obras\/dibujos-drawings\/nodos-orbita-2\/#breadcrumb\",\"itemListElement\":[{\"@type\":\"ListItem\",\"position\":1,\"name\":\"Home\",\"item\":\"https:\/\/adrianaarronte.com.es\/\"},{\"@type\":\"ListItem\",\"position\":2,\"name\":\"OBRAS\",\"item\":\"https:\/\/adrianaarronte.com.es\/index.php\/obras\/\"},{\"@type\":\"ListItem\",\"position\":3,\"name\":\"Dibujos\",\"item\":\"https:\/\/adrianaarronte.com.es\/index.php\/obras\/dibujos-drawings\/\"},{\"@type\":\"ListItem\",\"position\":4,\"name\":\"Nodos-\u00d3rbita\"}]},{\"@type\":\"WebSite\",\"@id\":\"https:\/\/adrianaarronte.com.es\/#website\",\"url\":\"https:\/\/adrianaarronte.com.es\/\",\"name\":\"ADRIANA ARRONTE\",\"description\":\"\",\"potentialAction\":[{\"@type\":\"SearchAction\",\"target\":{\"@type\":\"EntryPoint\",\"urlTemplate\":\"https:\/\/adrianaarronte.com.es\/?s={search_term_string}\"},\"query-input\":\"required name=search_term_string\"}],\"inLanguage\":\"es\"}]}<\/script>\n<!-- \/ Yoast SEO plugin. -->","yoast_head_json":{"title":"Nodos-\u00d3rbita - ADRIANA ARRONTE","description":"\u00d3rbita re\u00fane 12 anillos, representativos de diferentes doctrinas, filosof\u00edas, rituales o leyendas. Sujetos a una fuerza de unidad que compromete a sus portadores. Y bajo su influencia, giran seguidores. Reflexiona sobre la necesidad del hombre por asociarse a un grupo, la seducci\u00f3n de un pensamiento que crea lazos de alianza, sumisi\u00f3n, dominio, lealtad\u2026","robots":{"index":"index","follow":"follow","max-snippet":"max-snippet:-1","max-image-preview":"max-image-preview:large","max-video-preview":"max-video-preview:-1"},"canonical":"https:\/\/adrianaarronte.com.es\/index.php\/obras\/dibujos-drawings\/nodos-orbita-2\/","og_locale":"es_ES","og_type":"article","og_title":"Nodos-\u00d3rbita - ADRIANA ARRONTE","og_description":"\u00d3rbita re\u00fane 12 anillos, representativos de diferentes doctrinas, filosof\u00edas, rituales o leyendas. Sujetos a una fuerza de unidad que compromete a sus portadores. Y bajo su influencia, giran seguidores. Reflexiona sobre la necesidad del hombre por asociarse a un grupo, la seducci\u00f3n de un pensamiento que crea lazos de alianza, sumisi\u00f3n, dominio, lealtad\u2026","og_url":"https:\/\/adrianaarronte.com.es\/index.php\/obras\/dibujos-drawings\/nodos-orbita-2\/","og_site_name":"ADRIANA ARRONTE","article_modified_time":"2025-09-27T10:30:07+00:00","og_image":[{"url":"https:\/\/adrianaarronte.com.es\/wp-content\/uploads\/2024\/05\/Orbita.jpg"}],"twitter_card":"summary_large_image","twitter_misc":{"Tiempo de lectura":"3 minutos"},"schema":{"@context":"https:\/\/schema.org","@graph":[{"@type":"WebPage","@id":"https:\/\/adrianaarronte.com.es\/index.php\/obras\/dibujos-drawings\/nodos-orbita-2\/","url":"https:\/\/adrianaarronte.com.es\/index.php\/obras\/dibujos-drawings\/nodos-orbita-2\/","name":"Nodos-\u00d3rbita - ADRIANA ARRONTE","isPartOf":{"@id":"https:\/\/adrianaarronte.com.es\/#website"},"datePublished":"2024-05-04T08:44:41+00:00","dateModified":"2025-09-27T10:30:07+00:00","description":"\u00d3rbita re\u00fane 12 anillos, representativos de diferentes doctrinas, filosof\u00edas, rituales o leyendas. Sujetos a una fuerza de unidad que compromete a sus portadores. Y bajo su influencia, giran seguidores. Reflexiona sobre la necesidad del hombre por asociarse a un grupo, la seducci\u00f3n de un pensamiento que crea lazos de alianza, sumisi\u00f3n, dominio, lealtad\u2026","breadcrumb":{"@id":"https:\/\/adrianaarronte.com.es\/index.php\/obras\/dibujos-drawings\/nodos-orbita-2\/#breadcrumb"},"inLanguage":"es","potentialAction":[{"@type":"ReadAction","target":["https:\/\/adrianaarronte.com.es\/index.php\/obras\/dibujos-drawings\/nodos-orbita-2\/"]}]},{"@type":"BreadcrumbList","@id":"https:\/\/adrianaarronte.com.es\/index.php\/obras\/dibujos-drawings\/nodos-orbita-2\/#breadcrumb","itemListElement":[{"@type":"ListItem","position":1,"name":"Home","item":"https:\/\/adrianaarronte.com.es\/"},{"@type":"ListItem","position":2,"name":"OBRAS","item":"https:\/\/adrianaarronte.com.es\/index.php\/obras\/"},{"@type":"ListItem","position":3,"name":"Dibujos","item":"https:\/\/adrianaarronte.com.es\/index.php\/obras\/dibujos-drawings\/"},{"@type":"ListItem","position":4,"name":"Nodos-\u00d3rbita"}]},{"@type":"WebSite","@id":"https:\/\/adrianaarronte.com.es\/#website","url":"https:\/\/adrianaarronte.com.es\/","name":"ADRIANA ARRONTE","description":"","potentialAction":[{"@type":"SearchAction","target":{"@type":"EntryPoint","urlTemplate":"https:\/\/adrianaarronte.com.es\/?s={search_term_string}"},"query-input":"required name=search_term_string"}],"inLanguage":"es"}]}},"_links":{"self":[{"href":"https:\/\/adrianaarronte.com.es\/index.php\/wp-json\/wp\/v2\/pages\/1446","targetHints":{"allow":["GET"]}}],"collection":[{"href":"https:\/\/adrianaarronte.com.es\/index.php\/wp-json\/wp\/v2\/pages"}],"about":[{"href":"https:\/\/adrianaarronte.com.es\/index.php\/wp-json\/wp\/v2\/types\/page"}],"author":[{"embeddable":true,"href":"https:\/\/adrianaarronte.com.es\/index.php\/wp-json\/wp\/v2\/users\/1"}],"replies":[{"embeddable":true,"href":"https:\/\/adrianaarronte.com.es\/index.php\/wp-json\/wp\/v2\/comments?post=1446"}],"version-history":[{"count":12,"href":"https:\/\/adrianaarronte.com.es\/index.php\/wp-json\/wp\/v2\/pages\/1446\/revisions"}],"predecessor-version":[{"id":2885,"href":"https:\/\/adrianaarronte.com.es\/index.php\/wp-json\/wp\/v2\/pages\/1446\/revisions\/2885"}],"up":[{"embeddable":true,"href":"https:\/\/adrianaarronte.com.es\/index.php\/wp-json\/wp\/v2\/pages\/129"}],"wp:attachment":[{"href":"https:\/\/adrianaarronte.com.es\/index.php\/wp-json\/wp\/v2\/media?parent=1446"}],"curies":[{"name":"wp","href":"https:\/\/api.w.org\/{rel}","templated":true}]}}