{"id":1468,"date":"2024-05-04T13:07:40","date_gmt":"2024-05-04T11:07:40","guid":{"rendered":"https:\/\/adrianaarronte.com.es\/?page_id=1468"},"modified":"2025-09-27T13:06:50","modified_gmt":"2025-09-27T11:06:50","slug":"actualizacion-del-modelo-2","status":"publish","type":"page","link":"https:\/\/adrianaarronte.com.es\/index.php\/obras\/dibujos-drawings\/actualizacion-del-modelo-2\/","title":{"rendered":"Actualizaci\u00f3n del modelo\u00a0"},"content":{"rendered":"\n<div class=\"wp-block-columns is-layout-flex wp-container-core-columns-is-layout-9d6595d7 wp-block-columns-is-layout-flex\">\n<div class=\"wp-block-column is-layout-flow wp-block-column-is-layout-flow\">\n<figure class=\"wp-block-gallery has-nested-images columns-default is-cropped wp-block-gallery-1 is-layout-flex wp-block-gallery-is-layout-flex\">\n<figure class=\"wp-block-image size-full\"><a href=\"https:\/\/adrianaarronte.com.es\/index.php\/obras\/dibujos-drawings\/actualizacion-del-modelo-2\/actualizacion-del-modelo-01-2\/\"><img loading=\"lazy\" decoding=\"async\" width=\"827\" height=\"552\" data-id=\"1477\" src=\"https:\/\/adrianaarronte.com.es\/wp-content\/uploads\/2024\/05\/Actualizacion-del-modelo-01-2.jpg\" alt=\"\" class=\"wp-image-1477\" srcset=\"https:\/\/adrianaarronte.com.es\/wp-content\/uploads\/2024\/05\/Actualizacion-del-modelo-01-2.jpg 827w, https:\/\/adrianaarronte.com.es\/wp-content\/uploads\/2024\/05\/Actualizacion-del-modelo-01-2-300x200.jpg 300w, https:\/\/adrianaarronte.com.es\/wp-content\/uploads\/2024\/05\/Actualizacion-del-modelo-01-2-768x513.jpg 768w\" sizes=\"auto, (max-width: 827px) 100vw, 827px\" \/><\/a><\/figure>\n<\/figure>\n\n\n\n<p><\/p>\n\n\n\n<figure class=\"wp-block-gallery has-nested-images columns-default is-cropped wp-block-gallery-2 is-layout-flex wp-block-gallery-is-layout-flex\">\n<figure class=\"wp-block-image size-full\"><a href=\"https:\/\/adrianaarronte.com.es\/index.php\/obras\/dibujos-drawings\/actualizacion-del-modelo-2\/actualizacion-del-modelo-02-2\/\"><img loading=\"lazy\" decoding=\"async\" width=\"2364\" height=\"2280\" data-id=\"1479\" src=\"https:\/\/adrianaarronte.com.es\/wp-content\/uploads\/2024\/05\/Actualizacion-del-modelo-02-2.jpg\" alt=\"\" class=\"wp-image-1479\" srcset=\"https:\/\/adrianaarronte.com.es\/wp-content\/uploads\/2024\/05\/Actualizacion-del-modelo-02-2.jpg 2364w, https:\/\/adrianaarronte.com.es\/wp-content\/uploads\/2024\/05\/Actualizacion-del-modelo-02-2-300x289.jpg 300w, https:\/\/adrianaarronte.com.es\/wp-content\/uploads\/2024\/05\/Actualizacion-del-modelo-02-2-1024x988.jpg 1024w, https:\/\/adrianaarronte.com.es\/wp-content\/uploads\/2024\/05\/Actualizacion-del-modelo-02-2-768x741.jpg 768w, https:\/\/adrianaarronte.com.es\/wp-content\/uploads\/2024\/05\/Actualizacion-del-modelo-02-2-1536x1481.jpg 1536w, https:\/\/adrianaarronte.com.es\/wp-content\/uploads\/2024\/05\/Actualizacion-del-modelo-02-2-2048x1975.jpg 2048w\" sizes=\"auto, (max-width: 2364px) 100vw, 2364px\" \/><\/a><\/figure>\n<\/figure>\n<\/div>\n\n\n\n<div class=\"wp-block-column is-layout-flow wp-block-column-is-layout-flow\">\n<p class=\"has-small-font-size\"><strong>ACTUALIZACI\u00d3N DEL MODELO | UPDATE MODEL<\/strong><br>2013<br>Serigraf\u00eda y acr\u00edlico \/ lienzo | Screen printing and acrylic \/ canvas or cardboard<br>Formatos 140 x 140 cm | Formats 140 x 140 cm<br><br>Esta actualizaci\u00f3n est\u00e1 motivada por la realidad econ\u00f3mica y la transformaci\u00f3n de la estructura comercial en Cuba. Al mismo tiempo, se inspira en la est\u00e9tica de las populares camisetas piratas o copias de marcas, donde se distorsionan las marcas originales con un estilo criollo, barroco y kitsch.<\/p>\n\n\n\n<p class=\"has-small-font-size\">Mi inter\u00e9s principal es analizar el contenido de los s\u00edmbolos creados por y para la publicidad y la propaganda, as\u00ed como la forma en que estos captan, reproducen o incluso generan el esp\u00edritu de su \u00e9poca. En mis composiciones manipulo logos figurativos y tipogr\u00e1ficos, tanto nacionales como internacionales, que definen el imaginario colectivo actual. Transformo estos ideogramas en protagonistas de escenas y palabras que confrontan su propia naturaleza. Las historias que surgen evocan caracter\u00edsticas promiscuas, b\u00e9licas y ecl\u00e9cticas de la sociedad actual.<\/p>\n\n\n\n<p class=\"has-small-font-size\">El surgimiento en Cuba de nuevas est\u00e9ticas para la promoci\u00f3n de servicios, junto con la aparici\u00f3n de marcas y logotipos privados, estatales o mixtos y su integraci\u00f3n en el contexto sociocultural, son elementos que me motivan a crear estas obras.<\/p>\n\n\n\n<p class=\"has-nv-c-1-color has-text-color has-link-color has-small-font-size wp-elements-6e06ca67ac5c9821de6ccb82578ada61\">Updating the model is motivated by economic slogan that describes the change in the trade structure of Cuba. Just as, to the aesthetics of t shirt pirates currently widespread, which distorts the original bill marks the baroque kitsch. I want to analyze the content of symbols designed by \/ for publicity and propaganda, as well as how these capture, reproduce or even create, the spirit of their historical moment and also the way they are processed and accepted by the society. In the compositions recreated, manipulated figurative and typographical logos, national and international current imagination defining. <\/p>\n\n\n\n<p class=\"has-nv-c-1-color has-text-color has-link-color has-small-font-size wp-elements-04cee39f29a1204a08d109e891a5ab74\">Converting these ideograms in scenes and words protagonists of mutually confronting nature. The stories evoke characteristics underlying promiscuous war and eclectic society. The emergence of new aesthetic in Cuba in promoting services as well as the appearance of marks and logos private, state or mixed and its insertion in the context motivates me to make these pieces. <\/p>\n<\/div>\n<\/div>\n","protected":false},"excerpt":{"rendered":"<p>ACTUALIZACI\u00d3N DEL MODELO | UPDATE MODEL2013Serigraf\u00eda y acr\u00edlico \/ lienzo | Screen printing and acrylic \/ canvas or cardboardFormatos 140 x 140 cm | Formats 140 x 140 cm Esta actualizaci\u00f3n est\u00e1 motivada por la realidad econ\u00f3mica y la transformaci\u00f3n de la estructura comercial en Cuba. Al mismo tiempo, se inspira en la est\u00e9tica de&hellip;&nbsp;<a href=\"https:\/\/adrianaarronte.com.es\/index.php\/obras\/dibujos-drawings\/actualizacion-del-modelo-2\/\" rel=\"bookmark\"><span class=\"screen-reader-text\">Actualizaci\u00f3n del modelo\u00a0<\/span><\/a><\/p>\n","protected":false},"author":1,"featured_media":0,"parent":129,"menu_order":12,"comment_status":"closed","ping_status":"closed","template":"","meta":{"neve_meta_sidebar":"","neve_meta_container":"","neve_meta_enable_content_width":"","neve_meta_content_width":0,"neve_meta_title_alignment":"","neve_meta_author_avatar":"","neve_post_elements_order":"","neve_meta_disable_header":"","neve_meta_disable_footer":"","neve_meta_disable_title":"on","footnotes":""},"class_list":["post-1468","page","type-page","status-publish","hentry"],"yoast_head":"<!-- This site is optimized with the Yoast SEO plugin v21.6 - https:\/\/yoast.com\/wordpress\/plugins\/seo\/ -->\n<title>Actualizaci\u00f3n del modelo\u00a0 - ADRIANA ARRONTE<\/title>\n<meta name=\"description\" content=\"Esta serie est\u00e1 motivada por la realidad econ\u00f3mica y la transformaci\u00f3n de la estructura comercial en Cuba. Al mismo tiempo, se inspira en la est\u00e9tica de las populares camisetas piratas o copias de marcas, donde se distorsionan las marcas originales con un estilo criollo, barroco y kitsch. Mi inter\u00e9s principal es analizar el contenido de los s\u00edmbolos creados por y para la publicidad y la propaganda, as\u00ed como la forma en que estos captan, reproducen o incluso generan el esp\u00edritu de su \u00e9poca.\" \/>\n<meta name=\"robots\" content=\"index, follow, max-snippet:-1, max-image-preview:large, max-video-preview:-1\" \/>\n<link rel=\"canonical\" href=\"https:\/\/adrianaarronte.com.es\/index.php\/obras\/dibujos-drawings\/actualizacion-del-modelo-2\/\" \/>\n<meta property=\"og:locale\" content=\"es_ES\" \/>\n<meta property=\"og:type\" content=\"article\" \/>\n<meta property=\"og:title\" content=\"Actualizaci\u00f3n del modelo\u00a0 - ADRIANA ARRONTE\" \/>\n<meta property=\"og:description\" content=\"Esta serie est\u00e1 motivada por la realidad econ\u00f3mica y la transformaci\u00f3n de la estructura comercial en Cuba. Al mismo tiempo, se inspira en la est\u00e9tica de las populares camisetas piratas o copias de marcas, donde se distorsionan las marcas originales con un estilo criollo, barroco y kitsch. Mi inter\u00e9s principal es analizar el contenido de los s\u00edmbolos creados por y para la publicidad y la propaganda, as\u00ed como la forma en que estos captan, reproducen o incluso generan el esp\u00edritu de su \u00e9poca.\" \/>\n<meta property=\"og:url\" content=\"https:\/\/adrianaarronte.com.es\/index.php\/obras\/dibujos-drawings\/actualizacion-del-modelo-2\/\" \/>\n<meta property=\"og:site_name\" content=\"ADRIANA ARRONTE\" \/>\n<meta property=\"article:modified_time\" content=\"2025-09-27T11:06:50+00:00\" \/>\n<meta property=\"og:image\" content=\"https:\/\/adrianaarronte.com.es\/wp-content\/uploads\/2024\/05\/Actualizacion-del-modelo-01-2.jpg\" \/>\n<meta name=\"twitter:card\" content=\"summary_large_image\" \/>\n<meta name=\"twitter:label1\" content=\"Tiempo de lectura\" \/>\n\t<meta name=\"twitter:data1\" content=\"3 minutos\" \/>\n<script type=\"application\/ld+json\" class=\"yoast-schema-graph\">{\"@context\":\"https:\/\/schema.org\",\"@graph\":[{\"@type\":\"WebPage\",\"@id\":\"https:\/\/adrianaarronte.com.es\/index.php\/obras\/dibujos-drawings\/actualizacion-del-modelo-2\/\",\"url\":\"https:\/\/adrianaarronte.com.es\/index.php\/obras\/dibujos-drawings\/actualizacion-del-modelo-2\/\",\"name\":\"Actualizaci\u00f3n del modelo\u00a0 - ADRIANA ARRONTE\",\"isPartOf\":{\"@id\":\"https:\/\/adrianaarronte.com.es\/#website\"},\"datePublished\":\"2024-05-04T11:07:40+00:00\",\"dateModified\":\"2025-09-27T11:06:50+00:00\",\"description\":\"Esta serie est\u00e1 motivada por la realidad econ\u00f3mica y la transformaci\u00f3n de la estructura comercial en Cuba. Al mismo tiempo, se inspira en la est\u00e9tica de las populares camisetas piratas o copias de marcas, donde se distorsionan las marcas originales con un estilo criollo, barroco y kitsch. Mi inter\u00e9s principal es analizar el contenido de los s\u00edmbolos creados por y para la publicidad y la propaganda, as\u00ed como la forma en que estos captan, reproducen o incluso generan el esp\u00edritu de su \u00e9poca.\",\"breadcrumb\":{\"@id\":\"https:\/\/adrianaarronte.com.es\/index.php\/obras\/dibujos-drawings\/actualizacion-del-modelo-2\/#breadcrumb\"},\"inLanguage\":\"es\",\"potentialAction\":[{\"@type\":\"ReadAction\",\"target\":[\"https:\/\/adrianaarronte.com.es\/index.php\/obras\/dibujos-drawings\/actualizacion-del-modelo-2\/\"]}]},{\"@type\":\"BreadcrumbList\",\"@id\":\"https:\/\/adrianaarronte.com.es\/index.php\/obras\/dibujos-drawings\/actualizacion-del-modelo-2\/#breadcrumb\",\"itemListElement\":[{\"@type\":\"ListItem\",\"position\":1,\"name\":\"Home\",\"item\":\"https:\/\/adrianaarronte.com.es\/\"},{\"@type\":\"ListItem\",\"position\":2,\"name\":\"OBRAS\",\"item\":\"https:\/\/adrianaarronte.com.es\/index.php\/obras\/\"},{\"@type\":\"ListItem\",\"position\":3,\"name\":\"Dibujos\",\"item\":\"https:\/\/adrianaarronte.com.es\/index.php\/obras\/dibujos-drawings\/\"},{\"@type\":\"ListItem\",\"position\":4,\"name\":\"Actualizaci\u00f3n del modelo\u00a0\"}]},{\"@type\":\"WebSite\",\"@id\":\"https:\/\/adrianaarronte.com.es\/#website\",\"url\":\"https:\/\/adrianaarronte.com.es\/\",\"name\":\"ADRIANA ARRONTE\",\"description\":\"\",\"potentialAction\":[{\"@type\":\"SearchAction\",\"target\":{\"@type\":\"EntryPoint\",\"urlTemplate\":\"https:\/\/adrianaarronte.com.es\/?s={search_term_string}\"},\"query-input\":\"required name=search_term_string\"}],\"inLanguage\":\"es\"}]}<\/script>\n<!-- \/ Yoast SEO plugin. -->","yoast_head_json":{"title":"Actualizaci\u00f3n del modelo\u00a0 - ADRIANA ARRONTE","description":"Esta serie est\u00e1 motivada por la realidad econ\u00f3mica y la transformaci\u00f3n de la estructura comercial en Cuba. Al mismo tiempo, se inspira en la est\u00e9tica de las populares camisetas piratas o copias de marcas, donde se distorsionan las marcas originales con un estilo criollo, barroco y kitsch. Mi inter\u00e9s principal es analizar el contenido de los s\u00edmbolos creados por y para la publicidad y la propaganda, as\u00ed como la forma en que estos captan, reproducen o incluso generan el esp\u00edritu de su \u00e9poca.","robots":{"index":"index","follow":"follow","max-snippet":"max-snippet:-1","max-image-preview":"max-image-preview:large","max-video-preview":"max-video-preview:-1"},"canonical":"https:\/\/adrianaarronte.com.es\/index.php\/obras\/dibujos-drawings\/actualizacion-del-modelo-2\/","og_locale":"es_ES","og_type":"article","og_title":"Actualizaci\u00f3n del modelo\u00a0 - ADRIANA ARRONTE","og_description":"Esta serie est\u00e1 motivada por la realidad econ\u00f3mica y la transformaci\u00f3n de la estructura comercial en Cuba. Al mismo tiempo, se inspira en la est\u00e9tica de las populares camisetas piratas o copias de marcas, donde se distorsionan las marcas originales con un estilo criollo, barroco y kitsch. Mi inter\u00e9s principal es analizar el contenido de los s\u00edmbolos creados por y para la publicidad y la propaganda, as\u00ed como la forma en que estos captan, reproducen o incluso generan el esp\u00edritu de su \u00e9poca.","og_url":"https:\/\/adrianaarronte.com.es\/index.php\/obras\/dibujos-drawings\/actualizacion-del-modelo-2\/","og_site_name":"ADRIANA ARRONTE","article_modified_time":"2025-09-27T11:06:50+00:00","og_image":[{"url":"https:\/\/adrianaarronte.com.es\/wp-content\/uploads\/2024\/05\/Actualizacion-del-modelo-01-2.jpg"}],"twitter_card":"summary_large_image","twitter_misc":{"Tiempo de lectura":"3 minutos"},"schema":{"@context":"https:\/\/schema.org","@graph":[{"@type":"WebPage","@id":"https:\/\/adrianaarronte.com.es\/index.php\/obras\/dibujos-drawings\/actualizacion-del-modelo-2\/","url":"https:\/\/adrianaarronte.com.es\/index.php\/obras\/dibujos-drawings\/actualizacion-del-modelo-2\/","name":"Actualizaci\u00f3n del modelo\u00a0 - ADRIANA ARRONTE","isPartOf":{"@id":"https:\/\/adrianaarronte.com.es\/#website"},"datePublished":"2024-05-04T11:07:40+00:00","dateModified":"2025-09-27T11:06:50+00:00","description":"Esta serie est\u00e1 motivada por la realidad econ\u00f3mica y la transformaci\u00f3n de la estructura comercial en Cuba. Al mismo tiempo, se inspira en la est\u00e9tica de las populares camisetas piratas o copias de marcas, donde se distorsionan las marcas originales con un estilo criollo, barroco y kitsch. Mi inter\u00e9s principal es analizar el contenido de los s\u00edmbolos creados por y para la publicidad y la propaganda, as\u00ed como la forma en que estos captan, reproducen o incluso generan el esp\u00edritu de su \u00e9poca.","breadcrumb":{"@id":"https:\/\/adrianaarronte.com.es\/index.php\/obras\/dibujos-drawings\/actualizacion-del-modelo-2\/#breadcrumb"},"inLanguage":"es","potentialAction":[{"@type":"ReadAction","target":["https:\/\/adrianaarronte.com.es\/index.php\/obras\/dibujos-drawings\/actualizacion-del-modelo-2\/"]}]},{"@type":"BreadcrumbList","@id":"https:\/\/adrianaarronte.com.es\/index.php\/obras\/dibujos-drawings\/actualizacion-del-modelo-2\/#breadcrumb","itemListElement":[{"@type":"ListItem","position":1,"name":"Home","item":"https:\/\/adrianaarronte.com.es\/"},{"@type":"ListItem","position":2,"name":"OBRAS","item":"https:\/\/adrianaarronte.com.es\/index.php\/obras\/"},{"@type":"ListItem","position":3,"name":"Dibujos","item":"https:\/\/adrianaarronte.com.es\/index.php\/obras\/dibujos-drawings\/"},{"@type":"ListItem","position":4,"name":"Actualizaci\u00f3n del modelo\u00a0"}]},{"@type":"WebSite","@id":"https:\/\/adrianaarronte.com.es\/#website","url":"https:\/\/adrianaarronte.com.es\/","name":"ADRIANA ARRONTE","description":"","potentialAction":[{"@type":"SearchAction","target":{"@type":"EntryPoint","urlTemplate":"https:\/\/adrianaarronte.com.es\/?s={search_term_string}"},"query-input":"required name=search_term_string"}],"inLanguage":"es"}]}},"_links":{"self":[{"href":"https:\/\/adrianaarronte.com.es\/index.php\/wp-json\/wp\/v2\/pages\/1468","targetHints":{"allow":["GET"]}}],"collection":[{"href":"https:\/\/adrianaarronte.com.es\/index.php\/wp-json\/wp\/v2\/pages"}],"about":[{"href":"https:\/\/adrianaarronte.com.es\/index.php\/wp-json\/wp\/v2\/types\/page"}],"author":[{"embeddable":true,"href":"https:\/\/adrianaarronte.com.es\/index.php\/wp-json\/wp\/v2\/users\/1"}],"replies":[{"embeddable":true,"href":"https:\/\/adrianaarronte.com.es\/index.php\/wp-json\/wp\/v2\/comments?post=1468"}],"version-history":[{"count":7,"href":"https:\/\/adrianaarronte.com.es\/index.php\/wp-json\/wp\/v2\/pages\/1468\/revisions"}],"predecessor-version":[{"id":2312,"href":"https:\/\/adrianaarronte.com.es\/index.php\/wp-json\/wp\/v2\/pages\/1468\/revisions\/2312"}],"up":[{"embeddable":true,"href":"https:\/\/adrianaarronte.com.es\/index.php\/wp-json\/wp\/v2\/pages\/129"}],"wp:attachment":[{"href":"https:\/\/adrianaarronte.com.es\/index.php\/wp-json\/wp\/v2\/media?parent=1468"}],"curies":[{"name":"wp","href":"https:\/\/api.w.org\/{rel}","templated":true}]}}