{"id":1690,"date":"2024-08-17T21:03:32","date_gmt":"2024-08-17T19:03:32","guid":{"rendered":"https:\/\/adrianaarronte.com.es\/?page_id=1690"},"modified":"2025-07-17T11:54:23","modified_gmt":"2025-07-17T09:54:23","slug":"1690-2","status":"publish","type":"page","link":"https:\/\/adrianaarronte.com.es\/index.php\/obras\/objetos-objects\/1690-2\/","title":{"rendered":"Brindis -copas"},"content":{"rendered":"\n<p class=\"has-ast-global-color-8-color has-text-color has-link-color has-small-font-size wp-elements-eaa537442d3f3202718b68d7cb16ed8a\">Objetos | Art objects<\/p>\n\n\n\n<p class=\"has-small-font-size\"><a href=\"https:\/\/adrianaarronte.com.es\/index.php\/noticias\/exposiciones-individuales\/\">Exposiciones individuales<\/a><\/p>\n\n\n\n<p class=\"has-ast-global-color-8-color has-text-color has-link-color has-small-font-size wp-elements-c32b2a94acb9e99fa051246b94e23fcf\"><strong>Brindis.<\/strong> Galer\u00eda del Centro Cultural Cinematogr\u00e1fico ICAIC. La Habana, Cuba, 2006<\/p>\n\n\n\n<div class=\"wp-block-columns is-layout-flex wp-container-core-columns-is-layout-9d6595d7 wp-block-columns-is-layout-flex\">\n<div class=\"wp-block-column is-layout-flow wp-block-column-is-layout-flow\">\n<p class=\"has-ast-global-color-3-color has-text-color has-link-color has-small-font-size wp-elements-44b8e44e42787cfe904576ed2f3d18c3\"><strong>BRINDIS: Continentes y contenidos<\/strong>&nbsp;|<strong>&nbsp;TOAST: Continents and content<\/strong>, 2006<br>80 dise\u00f1os de copas. Vidrio |80 designs of glass. Glass<\/p>\n\n\n\n<p class=\"has-ast-global-color-3-color has-text-color has-link-color has-small-font-size wp-elements-72b52c6645af7e4a41620e2754cd875a\">Obra en Colecci\u00f3n Cisneros Fontanals Art Foundation (CIFO), USA<\/p>\n\n\n\n<p class=\"has-small-font-size\">Durante la acci\u00f3n, las copas conten\u00edan vino tinto y fueron usadas e intercambiadas por los espectadores. La copa como c\u00e1liz fue distorsionada desde un estudio ergon\u00f3mico, procesos f\u00edsicos como conducci\u00f3n de temperatura, gravedad, peso, distorsi\u00f3n \u00f3ptica me permiten dialogar sobre relaciones: sociales, sensuales u org\u00e1nicas. Veo estas relaciones como resultados de similares principios, principios de conductividad, distorsi\u00f3n, etc. aplicables tanto a la forma como a la psiquis.<\/p>\n\n\n\n<p class=\"has-nv-c-1-color has-text-color has-link-color has-small-font-size wp-elements-de720025d0252e05959e73cd36055bdf\">During the action, glasses filled with red wine were shared by the audience. The glass as a chalice was distorted from an ergonomic study. Physical processes like temperature transfer, gravity, weight, and optical distortion allow me to have a discussion on interactions: social, sensual, or organic. I view these interactions as the result of like principles: the principles of conductivity, distortion, etc. as they apply to both form and psyche.<\/p>\n\n\n\n<p class=\"has-ast-global-color-3-color has-text-color has-link-color has-small-font-size wp-elements-2d7faa2f840a95f57db2348bc6f739cc\"><a href=\"https:\/\/adrianaarronte.com.es\/index.php\/obras\/instalaciones\/brindis\/\"><strong>VER INSTALACI\u00d3N Y HAPPENING<\/strong> | SEE INSTALLATION ART AND HAPPENING<\/a><\/p>\n<\/div>\n<\/div>\n\n\n\n<div class=\"wp-block-columns is-layout-flex wp-container-core-columns-is-layout-9d6595d7 wp-block-columns-is-layout-flex\">\n<div class=\"wp-block-column is-layout-flow wp-block-column-is-layout-flow\">\n<div class=\"wp-block-columns is-layout-flex wp-container-core-columns-is-layout-9d6595d7 wp-block-columns-is-layout-flex\">\n<div class=\"wp-block-column is-layout-flow wp-block-column-is-layout-flow\">\n<figure class=\"wp-block-gallery has-nested-images columns-default is-cropped wp-block-gallery-1 is-layout-flex wp-block-gallery-is-layout-flex\">\n<figure class=\"wp-block-image size-large\"><a href=\"https:\/\/adrianaarronte.com.es\/wp-content\/uploads\/2024\/08\/1-Serie-Brindis-dedos-q-entran-1.jpg\"><img loading=\"lazy\" decoding=\"async\" width=\"976\" height=\"1024\" data-id=\"1692\" src=\"https:\/\/adrianaarronte.com.es\/wp-content\/uploads\/2024\/08\/1-Serie-Brindis-dedos-q-entran-1-976x1024.jpg\" alt=\"\" class=\"wp-image-1692\" srcset=\"https:\/\/adrianaarronte.com.es\/wp-content\/uploads\/2024\/08\/1-Serie-Brindis-dedos-q-entran-1-976x1024.jpg 976w, https:\/\/adrianaarronte.com.es\/wp-content\/uploads\/2024\/08\/1-Serie-Brindis-dedos-q-entran-1-286x300.jpg 286w, https:\/\/adrianaarronte.com.es\/wp-content\/uploads\/2024\/08\/1-Serie-Brindis-dedos-q-entran-1-768x805.jpg 768w, https:\/\/adrianaarronte.com.es\/wp-content\/uploads\/2024\/08\/1-Serie-Brindis-dedos-q-entran-1.jpg 1394w\" sizes=\"auto, (max-width: 976px) 100vw, 976px\" \/><\/a><\/figure>\n<\/figure>\n<\/div>\n\n\n\n<div class=\"wp-block-column is-layout-flow wp-block-column-is-layout-flow\">\n<figure class=\"wp-block-gallery has-nested-images columns-default is-cropped wp-block-gallery-2 is-layout-flex wp-block-gallery-is-layout-flex\">\n<figure class=\"wp-block-image size-large\"><a href=\"https:\/\/adrianaarronte.com.es\/wp-content\/uploads\/2024\/08\/2-Serie-Brindis-limites.jpg\"><img loading=\"lazy\" decoding=\"async\" width=\"976\" height=\"1024\" data-id=\"1693\" src=\"https:\/\/adrianaarronte.com.es\/wp-content\/uploads\/2024\/08\/2-Serie-Brindis-limites-976x1024.jpg\" alt=\"\" class=\"wp-image-1693\" srcset=\"https:\/\/adrianaarronte.com.es\/wp-content\/uploads\/2024\/08\/2-Serie-Brindis-limites-976x1024.jpg 976w, https:\/\/adrianaarronte.com.es\/wp-content\/uploads\/2024\/08\/2-Serie-Brindis-limites-286x300.jpg 286w, https:\/\/adrianaarronte.com.es\/wp-content\/uploads\/2024\/08\/2-Serie-Brindis-limites-768x805.jpg 768w, https:\/\/adrianaarronte.com.es\/wp-content\/uploads\/2024\/08\/2-Serie-Brindis-limites.jpg 1394w\" sizes=\"auto, (max-width: 976px) 100vw, 976px\" \/><\/a><\/figure>\n<\/figure>\n<\/div>\n<\/div>\n<\/div>\n\n\n\n<div class=\"wp-block-column is-layout-flow wp-block-column-is-layout-flow\">\n<div class=\"wp-block-columns is-layout-flex wp-container-core-columns-is-layout-9d6595d7 wp-block-columns-is-layout-flex\">\n<div class=\"wp-block-column is-layout-flow wp-block-column-is-layout-flow\">\n<figure class=\"wp-block-gallery has-nested-images columns-default is-cropped wp-block-gallery-3 is-layout-flex wp-block-gallery-is-layout-flex\">\n<figure class=\"wp-block-image size-large\"><a href=\"https:\/\/adrianaarronte.com.es\/wp-content\/uploads\/2024\/08\/4-Serie-Brindis-bordes.jpg\"><img loading=\"lazy\" decoding=\"async\" width=\"976\" height=\"1024\" data-id=\"1699\" src=\"https:\/\/adrianaarronte.com.es\/wp-content\/uploads\/2024\/08\/4-Serie-Brindis-bordes-976x1024.jpg\" alt=\"\" class=\"wp-image-1699\" srcset=\"https:\/\/adrianaarronte.com.es\/wp-content\/uploads\/2024\/08\/4-Serie-Brindis-bordes-976x1024.jpg 976w, https:\/\/adrianaarronte.com.es\/wp-content\/uploads\/2024\/08\/4-Serie-Brindis-bordes-286x300.jpg 286w, https:\/\/adrianaarronte.com.es\/wp-content\/uploads\/2024\/08\/4-Serie-Brindis-bordes-768x805.jpg 768w, https:\/\/adrianaarronte.com.es\/wp-content\/uploads\/2024\/08\/4-Serie-Brindis-bordes.jpg 1394w\" sizes=\"auto, (max-width: 976px) 100vw, 976px\" \/><\/a><\/figure>\n<\/figure>\n<\/div>\n\n\n\n<div class=\"wp-block-column is-layout-flow wp-block-column-is-layout-flow\">\n<figure class=\"wp-block-gallery has-nested-images columns-default is-cropped wp-block-gallery-4 is-layout-flex wp-block-gallery-is-layout-flex\">\n<figure class=\"wp-block-image size-large\"><a href=\"https:\/\/adrianaarronte.com.es\/wp-content\/uploads\/2024\/08\/3-Serie-Brindis-bolas-deposito.jpg\"><img loading=\"lazy\" decoding=\"async\" width=\"976\" height=\"1024\" data-id=\"1703\" src=\"https:\/\/adrianaarronte.com.es\/wp-content\/uploads\/2024\/08\/3-Serie-Brindis-bolas-deposito-976x1024.jpg\" alt=\"\" class=\"wp-image-1703\" srcset=\"https:\/\/adrianaarronte.com.es\/wp-content\/uploads\/2024\/08\/3-Serie-Brindis-bolas-deposito-976x1024.jpg 976w, https:\/\/adrianaarronte.com.es\/wp-content\/uploads\/2024\/08\/3-Serie-Brindis-bolas-deposito-286x300.jpg 286w, https:\/\/adrianaarronte.com.es\/wp-content\/uploads\/2024\/08\/3-Serie-Brindis-bolas-deposito-768x805.jpg 768w, https:\/\/adrianaarronte.com.es\/wp-content\/uploads\/2024\/08\/3-Serie-Brindis-bolas-deposito.jpg 1394w\" sizes=\"auto, (max-width: 976px) 100vw, 976px\" \/><\/a><\/figure>\n<\/figure>\n<\/div>\n<\/div>\n<\/div>\n<\/div>\n\n\n\n<div class=\"wp-block-columns is-layout-flex wp-container-core-columns-is-layout-9d6595d7 wp-block-columns-is-layout-flex\">\n<div class=\"wp-block-column is-layout-flow wp-block-column-is-layout-flow\">\n<div class=\"wp-block-columns is-layout-flex wp-container-core-columns-is-layout-9d6595d7 wp-block-columns-is-layout-flex\">\n<div class=\"wp-block-column is-layout-flow wp-block-column-is-layout-flow\">\n<figure class=\"wp-block-gallery has-nested-images columns-default is-cropped wp-block-gallery-5 is-layout-flex wp-block-gallery-is-layout-flex\">\n<figure class=\"wp-block-image size-large\"><a href=\"https:\/\/adrianaarronte.com.es\/wp-content\/uploads\/2024\/08\/5-Serie-Brindis-ala.jpg\"><img loading=\"lazy\" decoding=\"async\" width=\"976\" height=\"1024\" data-id=\"1705\" src=\"https:\/\/adrianaarronte.com.es\/wp-content\/uploads\/2024\/08\/5-Serie-Brindis-ala-976x1024.jpg\" alt=\"\" class=\"wp-image-1705\" srcset=\"https:\/\/adrianaarronte.com.es\/wp-content\/uploads\/2024\/08\/5-Serie-Brindis-ala-976x1024.jpg 976w, https:\/\/adrianaarronte.com.es\/wp-content\/uploads\/2024\/08\/5-Serie-Brindis-ala-286x300.jpg 286w, https:\/\/adrianaarronte.com.es\/wp-content\/uploads\/2024\/08\/5-Serie-Brindis-ala-768x805.jpg 768w, https:\/\/adrianaarronte.com.es\/wp-content\/uploads\/2024\/08\/5-Serie-Brindis-ala.jpg 1394w\" sizes=\"auto, (max-width: 976px) 100vw, 976px\" \/><\/a><\/figure>\n<\/figure>\n<\/div>\n\n\n\n<div class=\"wp-block-column is-layout-flow wp-block-column-is-layout-flow\">\n<figure class=\"wp-block-gallery has-nested-images columns-default is-cropped wp-block-gallery-6 is-layout-flex wp-block-gallery-is-layout-flex\">\n<figure class=\"wp-block-image size-large\"><a href=\"https:\/\/adrianaarronte.com.es\/wp-content\/uploads\/2024\/08\/6-Serie-Brindis-gotas.jpg\"><img loading=\"lazy\" decoding=\"async\" width=\"976\" height=\"1024\" data-id=\"1708\" src=\"https:\/\/adrianaarronte.com.es\/wp-content\/uploads\/2024\/08\/6-Serie-Brindis-gotas-976x1024.jpg\" alt=\"\" class=\"wp-image-1708\" srcset=\"https:\/\/adrianaarronte.com.es\/wp-content\/uploads\/2024\/08\/6-Serie-Brindis-gotas-976x1024.jpg 976w, https:\/\/adrianaarronte.com.es\/wp-content\/uploads\/2024\/08\/6-Serie-Brindis-gotas-286x300.jpg 286w, https:\/\/adrianaarronte.com.es\/wp-content\/uploads\/2024\/08\/6-Serie-Brindis-gotas-768x805.jpg 768w, https:\/\/adrianaarronte.com.es\/wp-content\/uploads\/2024\/08\/6-Serie-Brindis-gotas.jpg 1394w\" sizes=\"auto, (max-width: 976px) 100vw, 976px\" \/><\/a><\/figure>\n<\/figure>\n<\/div>\n<\/div>\n<\/div>\n\n\n\n<div class=\"wp-block-column is-layout-flow wp-block-column-is-layout-flow\">\n<div class=\"wp-block-columns is-layout-flex wp-container-core-columns-is-layout-9d6595d7 wp-block-columns-is-layout-flex\">\n<div class=\"wp-block-column is-layout-flow wp-block-column-is-layout-flow\">\n<figure class=\"wp-block-gallery has-nested-images columns-default is-cropped wp-block-gallery-7 is-layout-flex wp-block-gallery-is-layout-flex\">\n<figure class=\"wp-block-image size-large\"><a href=\"https:\/\/adrianaarronte.com.es\/wp-content\/uploads\/2024\/08\/8-Serie-Brindis-limites.jpg\"><img loading=\"lazy\" decoding=\"async\" width=\"976\" height=\"1024\" data-id=\"1712\" src=\"https:\/\/adrianaarronte.com.es\/wp-content\/uploads\/2024\/08\/8-Serie-Brindis-limites-976x1024.jpg\" alt=\"\" class=\"wp-image-1712\" srcset=\"https:\/\/adrianaarronte.com.es\/wp-content\/uploads\/2024\/08\/8-Serie-Brindis-limites-976x1024.jpg 976w, https:\/\/adrianaarronte.com.es\/wp-content\/uploads\/2024\/08\/8-Serie-Brindis-limites-286x300.jpg 286w, https:\/\/adrianaarronte.com.es\/wp-content\/uploads\/2024\/08\/8-Serie-Brindis-limites-768x805.jpg 768w, https:\/\/adrianaarronte.com.es\/wp-content\/uploads\/2024\/08\/8-Serie-Brindis-limites.jpg 1394w\" sizes=\"auto, (max-width: 976px) 100vw, 976px\" \/><\/a><\/figure>\n<\/figure>\n<\/div>\n\n\n\n<div class=\"wp-block-column is-layout-flow wp-block-column-is-layout-flow\">\n<figure class=\"wp-block-gallery has-nested-images columns-default is-cropped wp-block-gallery-8 is-layout-flex wp-block-gallery-is-layout-flex\">\n<figure class=\"wp-block-image size-large\"><a href=\"https:\/\/adrianaarronte.com.es\/wp-content\/uploads\/2024\/08\/7-Serie-Brindis-huecos.jpg\"><img loading=\"lazy\" decoding=\"async\" width=\"976\" height=\"1024\" data-id=\"1710\" src=\"https:\/\/adrianaarronte.com.es\/wp-content\/uploads\/2024\/08\/7-Serie-Brindis-huecos-976x1024.jpg\" alt=\"\" class=\"wp-image-1710\" srcset=\"https:\/\/adrianaarronte.com.es\/wp-content\/uploads\/2024\/08\/7-Serie-Brindis-huecos-976x1024.jpg 976w, https:\/\/adrianaarronte.com.es\/wp-content\/uploads\/2024\/08\/7-Serie-Brindis-huecos-286x300.jpg 286w, https:\/\/adrianaarronte.com.es\/wp-content\/uploads\/2024\/08\/7-Serie-Brindis-huecos-768x805.jpg 768w, https:\/\/adrianaarronte.com.es\/wp-content\/uploads\/2024\/08\/7-Serie-Brindis-huecos.jpg 1394w\" sizes=\"auto, (max-width: 976px) 100vw, 976px\" \/><\/a><\/figure>\n<\/figure>\n<\/div>\n<\/div>\n<\/div>\n<\/div>\n\n\n\n<div class=\"wp-block-columns is-layout-flex wp-container-core-columns-is-layout-9d6595d7 wp-block-columns-is-layout-flex\">\n<div class=\"wp-block-column is-layout-flow wp-block-column-is-layout-flow\">\n<div class=\"wp-block-columns is-layout-flex wp-container-core-columns-is-layout-9d6595d7 wp-block-columns-is-layout-flex\">\n<div class=\"wp-block-column is-layout-flow wp-block-column-is-layout-flow\">\n<figure class=\"wp-block-gallery has-nested-images columns-default is-cropped wp-block-gallery-9 is-layout-flex wp-block-gallery-is-layout-flex\">\n<figure class=\"wp-block-image size-large\"><a href=\"https:\/\/adrianaarronte.com.es\/wp-content\/uploads\/2024\/08\/9-Serie-Brindis-cinco-lenguas.jpg\"><img loading=\"lazy\" decoding=\"async\" width=\"976\" height=\"1024\" data-id=\"1719\" src=\"https:\/\/adrianaarronte.com.es\/wp-content\/uploads\/2024\/08\/9-Serie-Brindis-cinco-lenguas-976x1024.jpg\" alt=\"\" class=\"wp-image-1719\" srcset=\"https:\/\/adrianaarronte.com.es\/wp-content\/uploads\/2024\/08\/9-Serie-Brindis-cinco-lenguas-976x1024.jpg 976w, https:\/\/adrianaarronte.com.es\/wp-content\/uploads\/2024\/08\/9-Serie-Brindis-cinco-lenguas-286x300.jpg 286w, https:\/\/adrianaarronte.com.es\/wp-content\/uploads\/2024\/08\/9-Serie-Brindis-cinco-lenguas-768x805.jpg 768w, https:\/\/adrianaarronte.com.es\/wp-content\/uploads\/2024\/08\/9-Serie-Brindis-cinco-lenguas.jpg 1394w\" sizes=\"auto, (max-width: 976px) 100vw, 976px\" \/><\/a><\/figure>\n<\/figure>\n<\/div>\n\n\n\n<div class=\"wp-block-column is-layout-flow wp-block-column-is-layout-flow\">\n<figure class=\"wp-block-gallery has-nested-images columns-default is-cropped wp-block-gallery-10 is-layout-flex wp-block-gallery-is-layout-flex\">\n<figure class=\"wp-block-image size-large\"><a href=\"https:\/\/adrianaarronte.com.es\/wp-content\/uploads\/2024\/08\/10-Serie-Brindis-charco.jpg\"><img loading=\"lazy\" decoding=\"async\" width=\"976\" height=\"1024\" data-id=\"1721\" src=\"https:\/\/adrianaarronte.com.es\/wp-content\/uploads\/2024\/08\/10-Serie-Brindis-charco-976x1024.jpg\" alt=\"\" class=\"wp-image-1721\" srcset=\"https:\/\/adrianaarronte.com.es\/wp-content\/uploads\/2024\/08\/10-Serie-Brindis-charco-976x1024.jpg 976w, https:\/\/adrianaarronte.com.es\/wp-content\/uploads\/2024\/08\/10-Serie-Brindis-charco-286x300.jpg 286w, https:\/\/adrianaarronte.com.es\/wp-content\/uploads\/2024\/08\/10-Serie-Brindis-charco-768x805.jpg 768w, https:\/\/adrianaarronte.com.es\/wp-content\/uploads\/2024\/08\/10-Serie-Brindis-charco.jpg 1394w\" sizes=\"auto, (max-width: 976px) 100vw, 976px\" \/><\/a><\/figure>\n<\/figure>\n<\/div>\n<\/div>\n<\/div>\n\n\n\n<div class=\"wp-block-column is-layout-flow wp-block-column-is-layout-flow\">\n<div class=\"wp-block-columns is-layout-flex wp-container-core-columns-is-layout-9d6595d7 wp-block-columns-is-layout-flex\">\n<div class=\"wp-block-column is-layout-flow wp-block-column-is-layout-flow\"><\/div>\n\n\n\n<div class=\"wp-block-column is-layout-flow wp-block-column-is-layout-flow\"><\/div>\n<\/div>\n<\/div>\n<\/div>\n","protected":false},"excerpt":{"rendered":"<p>Objetos | Art objects Exposiciones individuales Brindis. Galer\u00eda del Centro Cultural Cinematogr\u00e1fico ICAIC. La Habana, Cuba, 2006 BRINDIS: Continentes y contenidos&nbsp;|&nbsp;TOAST: Continents and content, 200680 dise\u00f1os de copas. Vidrio |80 designs of glass. Glass Obra en Colecci\u00f3n Cisneros Fontanals Art Foundation (CIFO), USA Durante la acci\u00f3n, las copas conten\u00edan vino tinto y fueron usadas e&hellip;&nbsp;<a href=\"https:\/\/adrianaarronte.com.es\/index.php\/obras\/objetos-objects\/1690-2\/\" rel=\"bookmark\"><span class=\"screen-reader-text\">Brindis -copas<\/span><\/a><\/p>\n","protected":false},"author":1,"featured_media":0,"parent":125,"menu_order":15,"comment_status":"closed","ping_status":"closed","template":"","meta":{"neve_meta_sidebar":"","neve_meta_container":"","neve_meta_enable_content_width":"","neve_meta_content_width":0,"neve_meta_title_alignment":"","neve_meta_author_avatar":"","neve_post_elements_order":"","neve_meta_disable_header":"","neve_meta_disable_footer":"","neve_meta_disable_title":"on","footnotes":""},"class_list":["post-1690","page","type-page","status-publish","hentry"],"yoast_head":"<!-- This site is optimized with the Yoast SEO plugin v21.6 - https:\/\/yoast.com\/wordpress\/plugins\/seo\/ -->\n<title>Brindis -copas - ADRIANA ARRONTE<\/title>\n<meta name=\"description\" content=\"Durante la acci\u00f3n, las copas conten\u00edan vino tinto y fueron usadas e intercambiadas por los espectadores. La copa como c\u00e1liz fue distorsionada desde un estudio ergon\u00f3mico, procesos f\u00edsicos como conducci\u00f3n de temperatura, gravedad, peso, distorsi\u00f3n \u00f3ptica me permiten dialogar sobre relaciones: sociales, sensuales u org\u00e1nicas. Veo estas relaciones como resultados de similares principios, principios de conductividad, distorsi\u00f3n, etc. aplicables tanto a la forma como a la psiquis.\" \/>\n<meta name=\"robots\" content=\"index, follow, max-snippet:-1, max-image-preview:large, max-video-preview:-1\" \/>\n<link rel=\"canonical\" href=\"https:\/\/adrianaarronte.com.es\/index.php\/obras\/objetos-objects\/1690-2\/\" \/>\n<meta property=\"og:locale\" content=\"es_ES\" \/>\n<meta property=\"og:type\" content=\"article\" \/>\n<meta property=\"og:title\" content=\"Brindis -copas - ADRIANA ARRONTE\" \/>\n<meta property=\"og:description\" content=\"Durante la acci\u00f3n, las copas conten\u00edan vino tinto y fueron usadas e intercambiadas por los espectadores. La copa como c\u00e1liz fue distorsionada desde un estudio ergon\u00f3mico, procesos f\u00edsicos como conducci\u00f3n de temperatura, gravedad, peso, distorsi\u00f3n \u00f3ptica me permiten dialogar sobre relaciones: sociales, sensuales u org\u00e1nicas. Veo estas relaciones como resultados de similares principios, principios de conductividad, distorsi\u00f3n, etc. aplicables tanto a la forma como a la psiquis.\" \/>\n<meta property=\"og:url\" content=\"https:\/\/adrianaarronte.com.es\/index.php\/obras\/objetos-objects\/1690-2\/\" \/>\n<meta property=\"og:site_name\" content=\"ADRIANA ARRONTE\" \/>\n<meta property=\"article:modified_time\" content=\"2025-07-17T09:54:23+00:00\" \/>\n<meta property=\"og:image\" content=\"https:\/\/adrianaarronte.com.es\/wp-content\/uploads\/2024\/08\/1-Serie-Brindis-dedos-q-entran-1-976x1024.jpg\" \/>\n<meta name=\"twitter:card\" content=\"summary_large_image\" \/>\n<meta name=\"twitter:label1\" content=\"Tiempo de lectura\" \/>\n\t<meta name=\"twitter:data1\" content=\"3 minutos\" \/>\n<script type=\"application\/ld+json\" class=\"yoast-schema-graph\">{\"@context\":\"https:\/\/schema.org\",\"@graph\":[{\"@type\":\"WebPage\",\"@id\":\"https:\/\/adrianaarronte.com.es\/index.php\/obras\/objetos-objects\/1690-2\/\",\"url\":\"https:\/\/adrianaarronte.com.es\/index.php\/obras\/objetos-objects\/1690-2\/\",\"name\":\"Brindis -copas - ADRIANA ARRONTE\",\"isPartOf\":{\"@id\":\"https:\/\/adrianaarronte.com.es\/#website\"},\"datePublished\":\"2024-08-17T19:03:32+00:00\",\"dateModified\":\"2025-07-17T09:54:23+00:00\",\"description\":\"Durante la acci\u00f3n, las copas conten\u00edan vino tinto y fueron usadas e intercambiadas por los espectadores. La copa como c\u00e1liz fue distorsionada desde un estudio ergon\u00f3mico, procesos f\u00edsicos como conducci\u00f3n de temperatura, gravedad, peso, distorsi\u00f3n \u00f3ptica me permiten dialogar sobre relaciones: sociales, sensuales u org\u00e1nicas. Veo estas relaciones como resultados de similares principios, principios de conductividad, distorsi\u00f3n, etc. aplicables tanto a la forma como a la psiquis.\",\"breadcrumb\":{\"@id\":\"https:\/\/adrianaarronte.com.es\/index.php\/obras\/objetos-objects\/1690-2\/#breadcrumb\"},\"inLanguage\":\"es\",\"potentialAction\":[{\"@type\":\"ReadAction\",\"target\":[\"https:\/\/adrianaarronte.com.es\/index.php\/obras\/objetos-objects\/1690-2\/\"]}]},{\"@type\":\"BreadcrumbList\",\"@id\":\"https:\/\/adrianaarronte.com.es\/index.php\/obras\/objetos-objects\/1690-2\/#breadcrumb\",\"itemListElement\":[{\"@type\":\"ListItem\",\"position\":1,\"name\":\"Home\",\"item\":\"https:\/\/adrianaarronte.com.es\/\"},{\"@type\":\"ListItem\",\"position\":2,\"name\":\"OBRAS\",\"item\":\"https:\/\/adrianaarronte.com.es\/index.php\/obras\/\"},{\"@type\":\"ListItem\",\"position\":3,\"name\":\"Objetos\",\"item\":\"https:\/\/adrianaarronte.com.es\/index.php\/obras\/objetos-objects\/\"},{\"@type\":\"ListItem\",\"position\":4,\"name\":\"Brindis -copas\"}]},{\"@type\":\"WebSite\",\"@id\":\"https:\/\/adrianaarronte.com.es\/#website\",\"url\":\"https:\/\/adrianaarronte.com.es\/\",\"name\":\"ADRIANA ARRONTE\",\"description\":\"\",\"potentialAction\":[{\"@type\":\"SearchAction\",\"target\":{\"@type\":\"EntryPoint\",\"urlTemplate\":\"https:\/\/adrianaarronte.com.es\/?s={search_term_string}\"},\"query-input\":\"required name=search_term_string\"}],\"inLanguage\":\"es\"}]}<\/script>\n<!-- \/ Yoast SEO plugin. -->","yoast_head_json":{"title":"Brindis -copas - ADRIANA ARRONTE","description":"Durante la acci\u00f3n, las copas conten\u00edan vino tinto y fueron usadas e intercambiadas por los espectadores. La copa como c\u00e1liz fue distorsionada desde un estudio ergon\u00f3mico, procesos f\u00edsicos como conducci\u00f3n de temperatura, gravedad, peso, distorsi\u00f3n \u00f3ptica me permiten dialogar sobre relaciones: sociales, sensuales u org\u00e1nicas. Veo estas relaciones como resultados de similares principios, principios de conductividad, distorsi\u00f3n, etc. aplicables tanto a la forma como a la psiquis.","robots":{"index":"index","follow":"follow","max-snippet":"max-snippet:-1","max-image-preview":"max-image-preview:large","max-video-preview":"max-video-preview:-1"},"canonical":"https:\/\/adrianaarronte.com.es\/index.php\/obras\/objetos-objects\/1690-2\/","og_locale":"es_ES","og_type":"article","og_title":"Brindis -copas - ADRIANA ARRONTE","og_description":"Durante la acci\u00f3n, las copas conten\u00edan vino tinto y fueron usadas e intercambiadas por los espectadores. La copa como c\u00e1liz fue distorsionada desde un estudio ergon\u00f3mico, procesos f\u00edsicos como conducci\u00f3n de temperatura, gravedad, peso, distorsi\u00f3n \u00f3ptica me permiten dialogar sobre relaciones: sociales, sensuales u org\u00e1nicas. Veo estas relaciones como resultados de similares principios, principios de conductividad, distorsi\u00f3n, etc. aplicables tanto a la forma como a la psiquis.","og_url":"https:\/\/adrianaarronte.com.es\/index.php\/obras\/objetos-objects\/1690-2\/","og_site_name":"ADRIANA ARRONTE","article_modified_time":"2025-07-17T09:54:23+00:00","og_image":[{"url":"https:\/\/adrianaarronte.com.es\/wp-content\/uploads\/2024\/08\/1-Serie-Brindis-dedos-q-entran-1-976x1024.jpg"}],"twitter_card":"summary_large_image","twitter_misc":{"Tiempo de lectura":"3 minutos"},"schema":{"@context":"https:\/\/schema.org","@graph":[{"@type":"WebPage","@id":"https:\/\/adrianaarronte.com.es\/index.php\/obras\/objetos-objects\/1690-2\/","url":"https:\/\/adrianaarronte.com.es\/index.php\/obras\/objetos-objects\/1690-2\/","name":"Brindis -copas - ADRIANA ARRONTE","isPartOf":{"@id":"https:\/\/adrianaarronte.com.es\/#website"},"datePublished":"2024-08-17T19:03:32+00:00","dateModified":"2025-07-17T09:54:23+00:00","description":"Durante la acci\u00f3n, las copas conten\u00edan vino tinto y fueron usadas e intercambiadas por los espectadores. La copa como c\u00e1liz fue distorsionada desde un estudio ergon\u00f3mico, procesos f\u00edsicos como conducci\u00f3n de temperatura, gravedad, peso, distorsi\u00f3n \u00f3ptica me permiten dialogar sobre relaciones: sociales, sensuales u org\u00e1nicas. Veo estas relaciones como resultados de similares principios, principios de conductividad, distorsi\u00f3n, etc. aplicables tanto a la forma como a la psiquis.","breadcrumb":{"@id":"https:\/\/adrianaarronte.com.es\/index.php\/obras\/objetos-objects\/1690-2\/#breadcrumb"},"inLanguage":"es","potentialAction":[{"@type":"ReadAction","target":["https:\/\/adrianaarronte.com.es\/index.php\/obras\/objetos-objects\/1690-2\/"]}]},{"@type":"BreadcrumbList","@id":"https:\/\/adrianaarronte.com.es\/index.php\/obras\/objetos-objects\/1690-2\/#breadcrumb","itemListElement":[{"@type":"ListItem","position":1,"name":"Home","item":"https:\/\/adrianaarronte.com.es\/"},{"@type":"ListItem","position":2,"name":"OBRAS","item":"https:\/\/adrianaarronte.com.es\/index.php\/obras\/"},{"@type":"ListItem","position":3,"name":"Objetos","item":"https:\/\/adrianaarronte.com.es\/index.php\/obras\/objetos-objects\/"},{"@type":"ListItem","position":4,"name":"Brindis -copas"}]},{"@type":"WebSite","@id":"https:\/\/adrianaarronte.com.es\/#website","url":"https:\/\/adrianaarronte.com.es\/","name":"ADRIANA ARRONTE","description":"","potentialAction":[{"@type":"SearchAction","target":{"@type":"EntryPoint","urlTemplate":"https:\/\/adrianaarronte.com.es\/?s={search_term_string}"},"query-input":"required name=search_term_string"}],"inLanguage":"es"}]}},"_links":{"self":[{"href":"https:\/\/adrianaarronte.com.es\/index.php\/wp-json\/wp\/v2\/pages\/1690","targetHints":{"allow":["GET"]}}],"collection":[{"href":"https:\/\/adrianaarronte.com.es\/index.php\/wp-json\/wp\/v2\/pages"}],"about":[{"href":"https:\/\/adrianaarronte.com.es\/index.php\/wp-json\/wp\/v2\/types\/page"}],"author":[{"embeddable":true,"href":"https:\/\/adrianaarronte.com.es\/index.php\/wp-json\/wp\/v2\/users\/1"}],"replies":[{"embeddable":true,"href":"https:\/\/adrianaarronte.com.es\/index.php\/wp-json\/wp\/v2\/comments?post=1690"}],"version-history":[{"count":22,"href":"https:\/\/adrianaarronte.com.es\/index.php\/wp-json\/wp\/v2\/pages\/1690\/revisions"}],"predecessor-version":[{"id":2432,"href":"https:\/\/adrianaarronte.com.es\/index.php\/wp-json\/wp\/v2\/pages\/1690\/revisions\/2432"}],"up":[{"embeddable":true,"href":"https:\/\/adrianaarronte.com.es\/index.php\/wp-json\/wp\/v2\/pages\/125"}],"wp:attachment":[{"href":"https:\/\/adrianaarronte.com.es\/index.php\/wp-json\/wp\/v2\/media?parent=1690"}],"curies":[{"name":"wp","href":"https:\/\/api.w.org\/{rel}","templated":true}]}}