{"id":1737,"date":"2024-08-18T00:56:22","date_gmt":"2024-08-17T22:56:22","guid":{"rendered":"https:\/\/adrianaarronte.com.es\/?page_id=1737"},"modified":"2025-07-17T12:13:06","modified_gmt":"2025-07-17T10:13:06","slug":"desayuno-tazas-2","status":"publish","type":"page","link":"https:\/\/adrianaarronte.com.es\/index.php\/obras\/objetos-objects\/desayuno-tazas-2\/","title":{"rendered":"Desayuno-tazas"},"content":{"rendered":"\n<p class=\"has-ast-global-color-8-color has-text-color has-link-color has-small-font-size wp-elements-eaa537442d3f3202718b68d7cb16ed8a\">Objetos | Art objects<\/p>\n\n\n\n<p class=\"has-small-font-size\"><a href=\"https:\/\/adrianaarronte.com.es\/index.php\/noticias\/exposiciones-individuales\/\">Exposiciones individuales<\/a><\/p>\n\n\n\n<p class=\"has-small-font-size\"><strong>DESAYUNO<\/strong>. <strong>Serie Continentes y contenidos<\/strong>&nbsp;|&nbsp;<strong>BREAKFAST<\/strong>. <strong>Continents and content series<\/strong>, 2008<br>Obra en Colecci\u00f3n Cisneros Fontanals Art Foundation (CIFO), USA<br>2008<br>Objeto, instalaci\u00f3n y happening | Object, installation and happening.<br>30 dise\u00f1os de tazas y platos. Loza |30 designs of cups and dishes. Crockery.<br>Dimensiones variables<\/p>\n\n\n\n<p class=\"has-small-font-size\">En la inauguraci\u00f3n, realizada a las 10AM las tazas conten\u00edan leche y fueron usadas por el p\u00fablico que desayun\u00f3 en ellas. Desayuno, aborda el despertar a una nueva percepci\u00f3n, impregnada por el sentido del comienzo, de percibir lo que el alimento oculta, blanco, opaco, fundido al continente, distinguible s\u00f3lo por la sustancia.<\/p>\n\n\n\n<p class=\"has-nv-c-1-color has-text-color has-link-color has-small-font-size wp-elements-744a39b453548eeb7bb3075c6aef6bed\">At the opening, which took place at 10 am, the cups were filled with milk and served to the audience for breakfast. Breakfast deals with the awakening of a new perception filled with a sense of beginning, the perception of what lies hidden in the food beyond its being white, opaque, fused to the container, distinguishable merely as a substance.<\/p>\n\n\n\n<p class=\"has-ast-global-color-3-color has-text-color has-link-color has-small-font-size wp-elements-453c7c8323de6bd0542967dcffe84032\"><a href=\"https:\/\/adrianaarronte.com.es\/index.php\/obras\/instalaciones\/desayuno\/\"><strong>VER INSTALACI\u00d3N Y HAPPENING<\/strong> | SEE INSTALLATION ART AND HAPPENING<\/a><\/p>\n\n\n\n<div class=\"wp-block-columns is-layout-flex wp-container-core-columns-is-layout-9d6595d7 wp-block-columns-is-layout-flex\">\n<div class=\"wp-block-column is-layout-flow wp-block-column-is-layout-flow\">\n<figure class=\"wp-block-gallery has-nested-images columns-default is-cropped wp-block-gallery-1 is-layout-flex wp-block-gallery-is-layout-flex\">\n<figure class=\"wp-block-image size-large\"><a href=\"https:\/\/adrianaarronte.com.es\/wp-content\/uploads\/2024\/08\/Desayuno-1.jpg\"><img loading=\"lazy\" decoding=\"async\" width=\"656\" height=\"840\" data-id=\"1739\" src=\"https:\/\/adrianaarronte.com.es\/wp-content\/uploads\/2024\/08\/Desayuno-1.jpg\" alt=\"\" class=\"wp-image-1739\" srcset=\"https:\/\/adrianaarronte.com.es\/wp-content\/uploads\/2024\/08\/Desayuno-1.jpg 656w, https:\/\/adrianaarronte.com.es\/wp-content\/uploads\/2024\/08\/Desayuno-1-234x300.jpg 234w\" sizes=\"auto, (max-width: 656px) 100vw, 656px\" \/><\/a><\/figure>\n<\/figure>\n\n\n\n<p><strong>1. <\/strong>Paisaje  | Landscape <strong>2. <\/strong>Superficie o seducci\u00f3n  | Surface or seduction <strong>3. <\/strong>El mundo de los insectos  | The world of insects<\/p>\n<\/div>\n\n\n\n<div class=\"wp-block-column is-layout-flow wp-block-column-is-layout-flow\">\n<figure class=\"wp-block-gallery has-nested-images columns-default is-cropped wp-block-gallery-2 is-layout-flex wp-block-gallery-is-layout-flex\">\n<figure class=\"wp-block-image size-large\"><a href=\"https:\/\/adrianaarronte.com.es\/wp-content\/uploads\/2024\/08\/Desayuno-2.jpg\"><img loading=\"lazy\" decoding=\"async\" width=\"800\" height=\"1024\" data-id=\"1761\" src=\"https:\/\/adrianaarronte.com.es\/wp-content\/uploads\/2024\/08\/Desayuno-2-800x1024.jpg\" alt=\"\" class=\"wp-image-1761\" srcset=\"https:\/\/adrianaarronte.com.es\/wp-content\/uploads\/2024\/08\/Desayuno-2-800x1024.jpg 800w, https:\/\/adrianaarronte.com.es\/wp-content\/uploads\/2024\/08\/Desayuno-2-234x300.jpg 234w, https:\/\/adrianaarronte.com.es\/wp-content\/uploads\/2024\/08\/Desayuno-2-768x983.jpg 768w, https:\/\/adrianaarronte.com.es\/wp-content\/uploads\/2024\/08\/Desayuno-2.jpg 820w\" sizes=\"auto, (max-width: 800px) 100vw, 800px\" \/><\/a><\/figure>\n<\/figure>\n\n\n\n<p><strong>1.<\/strong> Tres niveles  | Three levels <strong>2.<\/strong> Corrientes internas  | Internal currents <strong>3.<\/strong> A trav\u00e9s  | Through<\/p>\n<\/div>\n<\/div>\n\n\n\n<div class=\"wp-block-columns is-layout-flex wp-container-core-columns-is-layout-9d6595d7 wp-block-columns-is-layout-flex\">\n<div class=\"wp-block-column is-layout-flow wp-block-column-is-layout-flow\">\n<figure class=\"wp-block-gallery has-nested-images columns-default is-cropped wp-block-gallery-3 is-layout-flex wp-block-gallery-is-layout-flex\">\n<figure class=\"wp-block-image size-large\"><a href=\"https:\/\/adrianaarronte.com.es\/wp-content\/uploads\/2024\/08\/Desayuno-3.jpg\"><img loading=\"lazy\" decoding=\"async\" width=\"800\" height=\"1024\" data-id=\"1764\" src=\"https:\/\/adrianaarronte.com.es\/wp-content\/uploads\/2024\/08\/Desayuno-3-800x1024.jpg\" alt=\"\" class=\"wp-image-1764\" srcset=\"https:\/\/adrianaarronte.com.es\/wp-content\/uploads\/2024\/08\/Desayuno-3-800x1024.jpg 800w, https:\/\/adrianaarronte.com.es\/wp-content\/uploads\/2024\/08\/Desayuno-3-234x300.jpg 234w, https:\/\/adrianaarronte.com.es\/wp-content\/uploads\/2024\/08\/Desayuno-3-768x983.jpg 768w, https:\/\/adrianaarronte.com.es\/wp-content\/uploads\/2024\/08\/Desayuno-3.jpg 820w\" sizes=\"auto, (max-width: 800px) 100vw, 800px\" \/><\/a><\/figure>\n<\/figure>\n\n\n\n<p><strong>1. <\/strong>Borde (rivera)  | Edge (river) <strong>2. <\/strong>Grumos o agrupaciones  | Lumps or groupings <strong>3. <\/strong>Interno y externo  | Internal and external<\/p>\n<\/div>\n\n\n\n<div class=\"wp-block-column is-layout-flow wp-block-column-is-layout-flow\">\n<figure class=\"wp-block-gallery has-nested-images columns-default is-cropped wp-block-gallery-4 is-layout-flex wp-block-gallery-is-layout-flex\">\n<figure class=\"wp-block-image size-large\"><a href=\"https:\/\/adrianaarronte.com.es\/wp-content\/uploads\/2024\/08\/Desayuno-4.jpg\"><img loading=\"lazy\" decoding=\"async\" width=\"800\" height=\"1024\" data-id=\"1765\" src=\"https:\/\/adrianaarronte.com.es\/wp-content\/uploads\/2024\/08\/Desayuno-4-800x1024.jpg\" alt=\"\" class=\"wp-image-1765\" srcset=\"https:\/\/adrianaarronte.com.es\/wp-content\/uploads\/2024\/08\/Desayuno-4-800x1024.jpg 800w, https:\/\/adrianaarronte.com.es\/wp-content\/uploads\/2024\/08\/Desayuno-4-234x300.jpg 234w, https:\/\/adrianaarronte.com.es\/wp-content\/uploads\/2024\/08\/Desayuno-4-768x983.jpg 768w, https:\/\/adrianaarronte.com.es\/wp-content\/uploads\/2024\/08\/Desayuno-4.jpg 820w\" sizes=\"auto, (max-width: 800px) 100vw, 800px\" \/><\/a><\/figure>\n<\/figure>\n\n\n\n<p><strong>1. <\/strong>Tambi\u00e9n  | Also  <strong>2. <\/strong>Espacios reservados  | Reserved spaces <strong>3. <\/strong>Pasajes y encuentros  | Passages and meetings<\/p>\n<\/div>\n<\/div>\n\n\n\n<div class=\"wp-block-columns is-layout-flex wp-container-core-columns-is-layout-9d6595d7 wp-block-columns-is-layout-flex\">\n<div class=\"wp-block-column is-layout-flow wp-block-column-is-layout-flow\">\n<figure class=\"wp-block-gallery has-nested-images columns-default is-cropped wp-block-gallery-5 is-layout-flex wp-block-gallery-is-layout-flex\">\n<figure class=\"wp-block-image size-large\"><a href=\"https:\/\/adrianaarronte.com.es\/wp-content\/uploads\/2024\/08\/Desayuno-5.jpg\"><img loading=\"lazy\" decoding=\"async\" width=\"800\" height=\"1024\" data-id=\"1768\" src=\"https:\/\/adrianaarronte.com.es\/wp-content\/uploads\/2024\/08\/Desayuno-5-800x1024.jpg\" alt=\"\" class=\"wp-image-1768\" srcset=\"https:\/\/adrianaarronte.com.es\/wp-content\/uploads\/2024\/08\/Desayuno-5-800x1024.jpg 800w, https:\/\/adrianaarronte.com.es\/wp-content\/uploads\/2024\/08\/Desayuno-5-234x300.jpg 234w, https:\/\/adrianaarronte.com.es\/wp-content\/uploads\/2024\/08\/Desayuno-5-768x983.jpg 768w, https:\/\/adrianaarronte.com.es\/wp-content\/uploads\/2024\/08\/Desayuno-5.jpg 820w\" sizes=\"auto, (max-width: 800px) 100vw, 800px\" \/><\/a><\/figure>\n<\/figure>\n\n\n\n<p><strong>1. <\/strong>Diversas salidas  | Exits diverses <strong>2. <\/strong>El primer momento  | The first moment <strong>3. <\/strong>Condicionantes  | Conditions<\/p>\n<\/div>\n\n\n\n<div class=\"wp-block-column is-layout-flow wp-block-column-is-layout-flow\">\n<figure class=\"wp-block-gallery has-nested-images columns-default is-cropped wp-block-gallery-6 is-layout-flex wp-block-gallery-is-layout-flex\">\n<figure class=\"wp-block-image size-large\"><a href=\"https:\/\/adrianaarronte.com.es\/wp-content\/uploads\/2024\/08\/Desayuno-6.jpg\"><img loading=\"lazy\" decoding=\"async\" width=\"800\" height=\"1024\" data-id=\"1770\" src=\"https:\/\/adrianaarronte.com.es\/wp-content\/uploads\/2024\/08\/Desayuno-6-800x1024.jpg\" alt=\"\" class=\"wp-image-1770\" srcset=\"https:\/\/adrianaarronte.com.es\/wp-content\/uploads\/2024\/08\/Desayuno-6-800x1024.jpg 800w, https:\/\/adrianaarronte.com.es\/wp-content\/uploads\/2024\/08\/Desayuno-6-234x300.jpg 234w, https:\/\/adrianaarronte.com.es\/wp-content\/uploads\/2024\/08\/Desayuno-6-768x983.jpg 768w, https:\/\/adrianaarronte.com.es\/wp-content\/uploads\/2024\/08\/Desayuno-6.jpg 820w\" sizes=\"auto, (max-width: 800px) 100vw, 800px\" \/><\/a><\/figure>\n<\/figure>\n\n\n\n<p><strong>1. <\/strong>El sentido de la decoraci\u00f3n  | Sense of decoration  <strong>2. <\/strong>En cualquier sentido  | In any sense <strong>3. <\/strong>El camino m\u00e1s largo  | The longest way<\/p>\n<\/div>\n<\/div>\n\n\n\n<div class=\"wp-block-columns is-layout-flex wp-container-core-columns-is-layout-9d6595d7 wp-block-columns-is-layout-flex\">\n<div class=\"wp-block-column is-layout-flow wp-block-column-is-layout-flow\">\n<figure class=\"wp-block-gallery has-nested-images columns-default is-cropped wp-block-gallery-7 is-layout-flex wp-block-gallery-is-layout-flex\">\n<figure class=\"wp-block-image size-large\"><a href=\"https:\/\/adrianaarronte.com.es\/wp-content\/uploads\/2024\/08\/Desayuno-7.jpg\"><img loading=\"lazy\" decoding=\"async\" width=\"800\" height=\"1024\" data-id=\"1801\" src=\"https:\/\/adrianaarronte.com.es\/wp-content\/uploads\/2024\/08\/Desayuno-7-800x1024.jpg\" alt=\"\" class=\"wp-image-1801\" srcset=\"https:\/\/adrianaarronte.com.es\/wp-content\/uploads\/2024\/08\/Desayuno-7-800x1024.jpg 800w, https:\/\/adrianaarronte.com.es\/wp-content\/uploads\/2024\/08\/Desayuno-7-234x300.jpg 234w, https:\/\/adrianaarronte.com.es\/wp-content\/uploads\/2024\/08\/Desayuno-7-768x983.jpg 768w, https:\/\/adrianaarronte.com.es\/wp-content\/uploads\/2024\/08\/Desayuno-7.jpg 820w\" sizes=\"auto, (max-width: 800px) 100vw, 800px\" \/><\/a><\/figure>\n<\/figure>\n\n\n\n<p><strong>1. <\/strong>Piensa sobre \u00e9so  | Think about that <strong>2. <\/strong>Impresiones dentales de trece desconocidos  | Dental impressions of three unknown <strong>3. <\/strong>Peine  | Comb<\/p>\n<\/div>\n\n\n\n<div class=\"wp-block-column is-layout-flow wp-block-column-is-layout-flow\">\n<figure class=\"wp-block-gallery has-nested-images columns-default is-cropped wp-block-gallery-8 is-layout-flex wp-block-gallery-is-layout-flex\">\n<figure class=\"wp-block-image size-large\"><a href=\"https:\/\/adrianaarronte.com.es\/wp-content\/uploads\/2024\/08\/Desayuno-8.jpg\"><img loading=\"lazy\" decoding=\"async\" width=\"800\" height=\"1024\" data-id=\"1802\" src=\"https:\/\/adrianaarronte.com.es\/wp-content\/uploads\/2024\/08\/Desayuno-8-800x1024.jpg\" alt=\"\" class=\"wp-image-1802\" srcset=\"https:\/\/adrianaarronte.com.es\/wp-content\/uploads\/2024\/08\/Desayuno-8-800x1024.jpg 800w, https:\/\/adrianaarronte.com.es\/wp-content\/uploads\/2024\/08\/Desayuno-8-234x300.jpg 234w, https:\/\/adrianaarronte.com.es\/wp-content\/uploads\/2024\/08\/Desayuno-8-768x983.jpg 768w, https:\/\/adrianaarronte.com.es\/wp-content\/uploads\/2024\/08\/Desayuno-8.jpg 820w\" sizes=\"auto, (max-width: 800px) 100vw, 800px\" \/><\/a><\/figure>\n<\/figure>\n\n\n\n<p><strong>1. <\/strong>Horizonte y definiciones precisas  | Horizon and precise definitions  <strong>2. <\/strong>Lesi\u00f3n  | Injury <strong>3. <\/strong>Galaxia  | Galaxy<\/p>\n<\/div>\n<\/div>\n\n\n\n<div class=\"wp-block-columns is-layout-flex wp-container-core-columns-is-layout-9d6595d7 wp-block-columns-is-layout-flex\">\n<div class=\"wp-block-column is-layout-flow wp-block-column-is-layout-flow\">\n<figure class=\"wp-block-gallery has-nested-images columns-default is-cropped wp-block-gallery-9 is-layout-flex wp-block-gallery-is-layout-flex\">\n<figure class=\"wp-block-image size-large\"><a href=\"https:\/\/adrianaarronte.com.es\/wp-content\/uploads\/2024\/08\/Desayuno-9.jpg\"><img loading=\"lazy\" decoding=\"async\" width=\"800\" height=\"1024\" data-id=\"1810\" src=\"https:\/\/adrianaarronte.com.es\/wp-content\/uploads\/2024\/08\/Desayuno-9-800x1024.jpg\" alt=\"\" class=\"wp-image-1810\" srcset=\"https:\/\/adrianaarronte.com.es\/wp-content\/uploads\/2024\/08\/Desayuno-9-800x1024.jpg 800w, https:\/\/adrianaarronte.com.es\/wp-content\/uploads\/2024\/08\/Desayuno-9-234x300.jpg 234w, https:\/\/adrianaarronte.com.es\/wp-content\/uploads\/2024\/08\/Desayuno-9-768x983.jpg 768w, https:\/\/adrianaarronte.com.es\/wp-content\/uploads\/2024\/08\/Desayuno-9.jpg 820w\" sizes=\"auto, (max-width: 800px) 100vw, 800px\" \/><\/a><\/figure>\n<\/figure>\n\n\n\n<p><strong>1<\/strong>. Sopa | Soup <strong>2<\/strong>. Tambi\u00e9n | Also <strong>3<\/strong>. Terrenos | Lands<\/p>\n<\/div>\n\n\n\n<div class=\"wp-block-column is-layout-flow wp-block-column-is-layout-flow\">\n<figure class=\"wp-block-gallery has-nested-images columns-default is-cropped wp-block-gallery-10 is-layout-flex wp-block-gallery-is-layout-flex\"><\/figure>\n\n\n\n<p><\/p>\n<\/div>\n<\/div>\n\n\n\n<div class=\"wp-block-columns is-layout-flex wp-container-core-columns-is-layout-9d6595d7 wp-block-columns-is-layout-flex\">\n<div class=\"wp-block-column is-layout-flow wp-block-column-is-layout-flow\"><\/div>\n\n\n\n<div class=\"wp-block-column is-layout-flow wp-block-column-is-layout-flow\"><\/div>\n<\/div>\n","protected":false},"excerpt":{"rendered":"<p>Objetos | Art objects Exposiciones individuales DESAYUNO. Serie Continentes y contenidos&nbsp;|&nbsp;BREAKFAST. Continents and content series, 2008Obra en Colecci\u00f3n Cisneros Fontanals Art Foundation (CIFO), USA2008Objeto, instalaci\u00f3n y happening | Object, installation and happening.30 dise\u00f1os de tazas y platos. Loza |30 designs of cups and dishes. Crockery.Dimensiones variables En la inauguraci\u00f3n, realizada a las 10AM las tazas&hellip;&nbsp;<a href=\"https:\/\/adrianaarronte.com.es\/index.php\/obras\/objetos-objects\/desayuno-tazas-2\/\" rel=\"bookmark\"><span class=\"screen-reader-text\">Desayuno-tazas<\/span><\/a><\/p>\n","protected":false},"author":1,"featured_media":0,"parent":125,"menu_order":16,"comment_status":"closed","ping_status":"closed","template":"","meta":{"neve_meta_sidebar":"","neve_meta_container":"","neve_meta_enable_content_width":"","neve_meta_content_width":0,"neve_meta_title_alignment":"","neve_meta_author_avatar":"","neve_post_elements_order":"","neve_meta_disable_header":"","neve_meta_disable_footer":"","neve_meta_disable_title":"on","footnotes":""},"class_list":["post-1737","page","type-page","status-publish","hentry"],"yoast_head":"<!-- This site is optimized with the Yoast SEO plugin v21.6 - https:\/\/yoast.com\/wordpress\/plugins\/seo\/ -->\n<title>Desayuno-tazas - ADRIANA ARRONTE<\/title>\n<meta name=\"description\" content=\"DESAYUNO. Serie Continentes y contenidos, 2008. Obra en Colecci\u00f3n Cisneros Fontanals Art Foundation (CIFO), USA. En la inauguraci\u00f3n, realizada a las 10AM las tazas conten\u00edan leche y fueron usadas por el p\u00fablico que desayun\u00f3 en ellas. Desayuno, aborda el despertar a una nueva percepci\u00f3n, impregnada por el sentido del comienzo, de percibir lo que el alimento oculta, blanco, opaco, fundido al continente, distinguible s\u00f3lo por la sustancia.\" \/>\n<meta name=\"robots\" content=\"index, follow, max-snippet:-1, max-image-preview:large, max-video-preview:-1\" \/>\n<link rel=\"canonical\" href=\"https:\/\/adrianaarronte.com.es\/index.php\/obras\/objetos-objects\/desayuno-tazas-2\/\" \/>\n<meta property=\"og:locale\" content=\"es_ES\" \/>\n<meta property=\"og:type\" content=\"article\" \/>\n<meta property=\"og:title\" content=\"Desayuno-tazas - ADRIANA ARRONTE\" \/>\n<meta property=\"og:description\" content=\"DESAYUNO. Serie Continentes y contenidos, 2008. Obra en Colecci\u00f3n Cisneros Fontanals Art Foundation (CIFO), USA. En la inauguraci\u00f3n, realizada a las 10AM las tazas conten\u00edan leche y fueron usadas por el p\u00fablico que desayun\u00f3 en ellas. Desayuno, aborda el despertar a una nueva percepci\u00f3n, impregnada por el sentido del comienzo, de percibir lo que el alimento oculta, blanco, opaco, fundido al continente, distinguible s\u00f3lo por la sustancia.\" \/>\n<meta property=\"og:url\" content=\"https:\/\/adrianaarronte.com.es\/index.php\/obras\/objetos-objects\/desayuno-tazas-2\/\" \/>\n<meta property=\"og:site_name\" content=\"ADRIANA ARRONTE\" \/>\n<meta property=\"article:modified_time\" content=\"2025-07-17T10:13:06+00:00\" \/>\n<meta property=\"og:image\" content=\"https:\/\/adrianaarronte.com.es\/wp-content\/uploads\/2024\/08\/Desayuno-1.jpg\" \/>\n<meta name=\"twitter:card\" content=\"summary_large_image\" \/>\n<meta name=\"twitter:label1\" content=\"Tiempo de lectura\" \/>\n\t<meta name=\"twitter:data1\" content=\"4 minutos\" \/>\n<script type=\"application\/ld+json\" class=\"yoast-schema-graph\">{\"@context\":\"https:\/\/schema.org\",\"@graph\":[{\"@type\":\"WebPage\",\"@id\":\"https:\/\/adrianaarronte.com.es\/index.php\/obras\/objetos-objects\/desayuno-tazas-2\/\",\"url\":\"https:\/\/adrianaarronte.com.es\/index.php\/obras\/objetos-objects\/desayuno-tazas-2\/\",\"name\":\"Desayuno-tazas - ADRIANA ARRONTE\",\"isPartOf\":{\"@id\":\"https:\/\/adrianaarronte.com.es\/#website\"},\"datePublished\":\"2024-08-17T22:56:22+00:00\",\"dateModified\":\"2025-07-17T10:13:06+00:00\",\"description\":\"DESAYUNO. Serie Continentes y contenidos, 2008. Obra en Colecci\u00f3n Cisneros Fontanals Art Foundation (CIFO), USA. En la inauguraci\u00f3n, realizada a las 10AM las tazas conten\u00edan leche y fueron usadas por el p\u00fablico que desayun\u00f3 en ellas. Desayuno, aborda el despertar a una nueva percepci\u00f3n, impregnada por el sentido del comienzo, de percibir lo que el alimento oculta, blanco, opaco, fundido al continente, distinguible s\u00f3lo por la sustancia.\",\"breadcrumb\":{\"@id\":\"https:\/\/adrianaarronte.com.es\/index.php\/obras\/objetos-objects\/desayuno-tazas-2\/#breadcrumb\"},\"inLanguage\":\"es\",\"potentialAction\":[{\"@type\":\"ReadAction\",\"target\":[\"https:\/\/adrianaarronte.com.es\/index.php\/obras\/objetos-objects\/desayuno-tazas-2\/\"]}]},{\"@type\":\"BreadcrumbList\",\"@id\":\"https:\/\/adrianaarronte.com.es\/index.php\/obras\/objetos-objects\/desayuno-tazas-2\/#breadcrumb\",\"itemListElement\":[{\"@type\":\"ListItem\",\"position\":1,\"name\":\"Home\",\"item\":\"https:\/\/adrianaarronte.com.es\/\"},{\"@type\":\"ListItem\",\"position\":2,\"name\":\"OBRAS\",\"item\":\"https:\/\/adrianaarronte.com.es\/index.php\/obras\/\"},{\"@type\":\"ListItem\",\"position\":3,\"name\":\"Objetos\",\"item\":\"https:\/\/adrianaarronte.com.es\/index.php\/obras\/objetos-objects\/\"},{\"@type\":\"ListItem\",\"position\":4,\"name\":\"Desayuno-tazas\"}]},{\"@type\":\"WebSite\",\"@id\":\"https:\/\/adrianaarronte.com.es\/#website\",\"url\":\"https:\/\/adrianaarronte.com.es\/\",\"name\":\"ADRIANA ARRONTE\",\"description\":\"\",\"potentialAction\":[{\"@type\":\"SearchAction\",\"target\":{\"@type\":\"EntryPoint\",\"urlTemplate\":\"https:\/\/adrianaarronte.com.es\/?s={search_term_string}\"},\"query-input\":\"required name=search_term_string\"}],\"inLanguage\":\"es\"}]}<\/script>\n<!-- \/ Yoast SEO plugin. -->","yoast_head_json":{"title":"Desayuno-tazas - ADRIANA ARRONTE","description":"DESAYUNO. Serie Continentes y contenidos, 2008. Obra en Colecci\u00f3n Cisneros Fontanals Art Foundation (CIFO), USA. En la inauguraci\u00f3n, realizada a las 10AM las tazas conten\u00edan leche y fueron usadas por el p\u00fablico que desayun\u00f3 en ellas. Desayuno, aborda el despertar a una nueva percepci\u00f3n, impregnada por el sentido del comienzo, de percibir lo que el alimento oculta, blanco, opaco, fundido al continente, distinguible s\u00f3lo por la sustancia.","robots":{"index":"index","follow":"follow","max-snippet":"max-snippet:-1","max-image-preview":"max-image-preview:large","max-video-preview":"max-video-preview:-1"},"canonical":"https:\/\/adrianaarronte.com.es\/index.php\/obras\/objetos-objects\/desayuno-tazas-2\/","og_locale":"es_ES","og_type":"article","og_title":"Desayuno-tazas - ADRIANA ARRONTE","og_description":"DESAYUNO. Serie Continentes y contenidos, 2008. Obra en Colecci\u00f3n Cisneros Fontanals Art Foundation (CIFO), USA. En la inauguraci\u00f3n, realizada a las 10AM las tazas conten\u00edan leche y fueron usadas por el p\u00fablico que desayun\u00f3 en ellas. Desayuno, aborda el despertar a una nueva percepci\u00f3n, impregnada por el sentido del comienzo, de percibir lo que el alimento oculta, blanco, opaco, fundido al continente, distinguible s\u00f3lo por la sustancia.","og_url":"https:\/\/adrianaarronte.com.es\/index.php\/obras\/objetos-objects\/desayuno-tazas-2\/","og_site_name":"ADRIANA ARRONTE","article_modified_time":"2025-07-17T10:13:06+00:00","og_image":[{"url":"https:\/\/adrianaarronte.com.es\/wp-content\/uploads\/2024\/08\/Desayuno-1.jpg"}],"twitter_card":"summary_large_image","twitter_misc":{"Tiempo de lectura":"4 minutos"},"schema":{"@context":"https:\/\/schema.org","@graph":[{"@type":"WebPage","@id":"https:\/\/adrianaarronte.com.es\/index.php\/obras\/objetos-objects\/desayuno-tazas-2\/","url":"https:\/\/adrianaarronte.com.es\/index.php\/obras\/objetos-objects\/desayuno-tazas-2\/","name":"Desayuno-tazas - ADRIANA ARRONTE","isPartOf":{"@id":"https:\/\/adrianaarronte.com.es\/#website"},"datePublished":"2024-08-17T22:56:22+00:00","dateModified":"2025-07-17T10:13:06+00:00","description":"DESAYUNO. Serie Continentes y contenidos, 2008. Obra en Colecci\u00f3n Cisneros Fontanals Art Foundation (CIFO), USA. En la inauguraci\u00f3n, realizada a las 10AM las tazas conten\u00edan leche y fueron usadas por el p\u00fablico que desayun\u00f3 en ellas. Desayuno, aborda el despertar a una nueva percepci\u00f3n, impregnada por el sentido del comienzo, de percibir lo que el alimento oculta, blanco, opaco, fundido al continente, distinguible s\u00f3lo por la sustancia.","breadcrumb":{"@id":"https:\/\/adrianaarronte.com.es\/index.php\/obras\/objetos-objects\/desayuno-tazas-2\/#breadcrumb"},"inLanguage":"es","potentialAction":[{"@type":"ReadAction","target":["https:\/\/adrianaarronte.com.es\/index.php\/obras\/objetos-objects\/desayuno-tazas-2\/"]}]},{"@type":"BreadcrumbList","@id":"https:\/\/adrianaarronte.com.es\/index.php\/obras\/objetos-objects\/desayuno-tazas-2\/#breadcrumb","itemListElement":[{"@type":"ListItem","position":1,"name":"Home","item":"https:\/\/adrianaarronte.com.es\/"},{"@type":"ListItem","position":2,"name":"OBRAS","item":"https:\/\/adrianaarronte.com.es\/index.php\/obras\/"},{"@type":"ListItem","position":3,"name":"Objetos","item":"https:\/\/adrianaarronte.com.es\/index.php\/obras\/objetos-objects\/"},{"@type":"ListItem","position":4,"name":"Desayuno-tazas"}]},{"@type":"WebSite","@id":"https:\/\/adrianaarronte.com.es\/#website","url":"https:\/\/adrianaarronte.com.es\/","name":"ADRIANA ARRONTE","description":"","potentialAction":[{"@type":"SearchAction","target":{"@type":"EntryPoint","urlTemplate":"https:\/\/adrianaarronte.com.es\/?s={search_term_string}"},"query-input":"required name=search_term_string"}],"inLanguage":"es"}]}},"_links":{"self":[{"href":"https:\/\/adrianaarronte.com.es\/index.php\/wp-json\/wp\/v2\/pages\/1737","targetHints":{"allow":["GET"]}}],"collection":[{"href":"https:\/\/adrianaarronte.com.es\/index.php\/wp-json\/wp\/v2\/pages"}],"about":[{"href":"https:\/\/adrianaarronte.com.es\/index.php\/wp-json\/wp\/v2\/types\/page"}],"author":[{"embeddable":true,"href":"https:\/\/adrianaarronte.com.es\/index.php\/wp-json\/wp\/v2\/users\/1"}],"replies":[{"embeddable":true,"href":"https:\/\/adrianaarronte.com.es\/index.php\/wp-json\/wp\/v2\/comments?post=1737"}],"version-history":[{"count":36,"href":"https:\/\/adrianaarronte.com.es\/index.php\/wp-json\/wp\/v2\/pages\/1737\/revisions"}],"predecessor-version":[{"id":2436,"href":"https:\/\/adrianaarronte.com.es\/index.php\/wp-json\/wp\/v2\/pages\/1737\/revisions\/2436"}],"up":[{"embeddable":true,"href":"https:\/\/adrianaarronte.com.es\/index.php\/wp-json\/wp\/v2\/pages\/125"}],"wp:attachment":[{"href":"https:\/\/adrianaarronte.com.es\/index.php\/wp-json\/wp\/v2\/media?parent=1737"}],"curies":[{"name":"wp","href":"https:\/\/api.w.org\/{rel}","templated":true}]}}