{"id":195,"date":"2023-07-18T13:35:24","date_gmt":"2023-07-18T16:35:24","guid":{"rendered":"https:\/\/adrianaarronte.com.es\/?page_id=195"},"modified":"2025-07-14T16:56:05","modified_gmt":"2025-07-14T14:56:05","slug":"duelo-duel-arte-object","status":"publish","type":"page","link":"https:\/\/adrianaarronte.com.es\/index.php\/obras\/objetos-objects\/duelo-duel-arte-object\/","title":{"rendered":"Duelo"},"content":{"rendered":"\n<div class=\"wp-block-columns is-layout-flex wp-container-core-columns-is-layout-9d6595d7 wp-block-columns-is-layout-flex\">\n<div class=\"wp-block-column is-layout-flow wp-block-column-is-layout-flow\">\n<figure class=\"wp-block-gallery has-nested-images columns-default is-cropped wp-block-gallery-1 is-layout-flex wp-block-gallery-is-layout-flex\">\n<figure class=\"wp-block-image size-large\"><a href=\"https:\/\/adrianaarronte.com.es\/wp-content\/uploads\/2023\/07\/800-x-540-duelo-5.png\"><img loading=\"lazy\" decoding=\"async\" width=\"800\" height=\"540\" data-id=\"290\" src=\"https:\/\/adrianaarronte.com.es\/wp-content\/uploads\/2023\/07\/800-x-540-duelo-5.png\" alt=\"\" class=\"wp-image-290\" srcset=\"https:\/\/adrianaarronte.com.es\/wp-content\/uploads\/2023\/07\/800-x-540-duelo-5.png 800w, https:\/\/adrianaarronte.com.es\/wp-content\/uploads\/2023\/07\/800-x-540-duelo-5-300x203.png 300w, https:\/\/adrianaarronte.com.es\/wp-content\/uploads\/2023\/07\/800-x-540-duelo-5-768x518.png 768w\" sizes=\"auto, (max-width: 800px) 100vw, 800px\" \/><\/a><\/figure>\n<\/figure>\n\n\n\n<p class=\"has-small-font-size\">Colecci\u00f3n Ella Cisneros. Cisneros Fontanals Art Foundation (CIFO), USA<\/p>\n<\/div>\n\n\n\n<div class=\"wp-block-column is-layout-flow wp-block-column-is-layout-flow\">\n<p class=\"has-small-font-size\"><strong>DUELO <\/strong>|<strong> DUEL<\/strong><br>2015<br>Objeto | Object<br>Alpaca | Nickel silver<\/p>\n\n\n\n<p class=\"has-small-font-size\">Intervengo el objeto tomando como referencia sus funciones pr\u00e1cticas, simb\u00f3licas y la ergonom\u00eda del objeto. El cuchillo como arma, utensilio de cocina, herramienta para tallar o empleado en rituales y supersticiones\u2026 me interesa entrecruzar sentidos y activar conceptos como vida, muerte, renacer, poder, alimento, esp\u00edritu, violencia, paz, entre otros. Comprendo la agresi\u00f3n asociada al arma blanca, como resultado del amor y el desamor.<\/p>\n\n\n\n<p class=\"has-nv-c-1-color has-text-color has-link-color has-small-font-size wp-elements-89faf9ccf62e7a394fedc8c655e089d5\">In this series I perform an intervention on the knife, using as a starting point its practical and symbolic uses as well as the ergonomics of the object. The knife has since the dawn of mankind served as an essential tool for survival, used as a kitchen utensil and as a weapon. It plays an important role in every culture as part of various rituals and superstitions. I am interested in crossing senses. Activate concepts such as life, death, rebirth, power, food, spirit, violence, peace, among others.<br><\/p>\n<\/div>\n<\/div>\n\n\n\n<div class=\"wp-block-columns is-layout-flex wp-container-core-columns-is-layout-9d6595d7 wp-block-columns-is-layout-flex\">\n<div class=\"wp-block-column is-layout-flow wp-block-column-is-layout-flow\">\n<div class=\"wp-block-columns is-layout-flex wp-container-core-columns-is-layout-9d6595d7 wp-block-columns-is-layout-flex\">\n<div class=\"wp-block-column is-layout-flow wp-block-column-is-layout-flow\">\n<figure class=\"wp-block-gallery has-nested-images columns-default is-cropped wp-block-gallery-2 is-layout-flex wp-block-gallery-is-layout-flex\">\n<figure class=\"wp-block-image size-large\"><a href=\"https:\/\/adrianaarronte.com.es\/wp-content\/uploads\/2023\/07\/800-x-540-duelo-1-2.png\"><img loading=\"lazy\" decoding=\"async\" width=\"800\" height=\"540\" data-id=\"292\" src=\"https:\/\/adrianaarronte.com.es\/wp-content\/uploads\/2023\/07\/800-x-540-duelo-1-2.png\" alt=\"\" class=\"wp-image-292\" srcset=\"https:\/\/adrianaarronte.com.es\/wp-content\/uploads\/2023\/07\/800-x-540-duelo-1-2.png 800w, https:\/\/adrianaarronte.com.es\/wp-content\/uploads\/2023\/07\/800-x-540-duelo-1-2-300x203.png 300w, https:\/\/adrianaarronte.com.es\/wp-content\/uploads\/2023\/07\/800-x-540-duelo-1-2-768x518.png 768w\" sizes=\"auto, (max-width: 800px) 100vw, 800px\" \/><\/a><\/figure>\n<\/figure>\n<\/div>\n<\/div>\n<\/div>\n\n\n\n<div class=\"wp-block-column is-layout-flow wp-block-column-is-layout-flow\">\n<figure class=\"wp-block-gallery has-nested-images columns-default is-cropped wp-block-gallery-3 is-layout-flex wp-block-gallery-is-layout-flex\">\n<figure class=\"wp-block-image size-large\"><a href=\"https:\/\/adrianaarronte.com.es\/wp-content\/uploads\/2023\/07\/270-x-400-duelo-1-2-1.jpg\"><img loading=\"lazy\" decoding=\"async\" width=\"400\" height=\"270\" data-id=\"291\" src=\"https:\/\/adrianaarronte.com.es\/wp-content\/uploads\/2023\/07\/270-x-400-duelo-1-2-1.jpg\" alt=\"\" class=\"wp-image-291\" srcset=\"https:\/\/adrianaarronte.com.es\/wp-content\/uploads\/2023\/07\/270-x-400-duelo-1-2-1.jpg 400w, https:\/\/adrianaarronte.com.es\/wp-content\/uploads\/2023\/07\/270-x-400-duelo-1-2-1-300x203.jpg 300w\" sizes=\"auto, (max-width: 400px) 100vw, 400px\" \/><\/a><\/figure>\n<\/figure>\n<\/div>\n\n\n\n<div class=\"wp-block-column is-layout-flow wp-block-column-is-layout-flow\">\n<figure class=\"wp-block-gallery has-nested-images columns-default is-cropped wp-block-gallery-4 is-layout-flex wp-block-gallery-is-layout-flex\">\n<figure class=\"wp-block-image size-large\"><a href=\"https:\/\/adrianaarronte.com.es\/wp-content\/uploads\/2023\/07\/270-x-400-duelo-2-1.jpg\"><img loading=\"lazy\" decoding=\"async\" width=\"800\" height=\"540\" data-id=\"326\" src=\"https:\/\/adrianaarronte.com.es\/wp-content\/uploads\/2023\/07\/270-x-400-duelo-2-1.jpg\" alt=\"\" class=\"wp-image-326\" srcset=\"https:\/\/adrianaarronte.com.es\/wp-content\/uploads\/2023\/07\/270-x-400-duelo-2-1.jpg 800w, https:\/\/adrianaarronte.com.es\/wp-content\/uploads\/2023\/07\/270-x-400-duelo-2-1-300x203.jpg 300w, https:\/\/adrianaarronte.com.es\/wp-content\/uploads\/2023\/07\/270-x-400-duelo-2-1-768x518.jpg 768w\" sizes=\"auto, (max-width: 800px) 100vw, 800px\" \/><\/a><\/figure>\n<\/figure>\n<\/div>\n<\/div>\n\n\n\n<div class=\"wp-block-columns is-layout-flex wp-container-core-columns-is-layout-9d6595d7 wp-block-columns-is-layout-flex\">\n<div class=\"wp-block-column is-layout-flow wp-block-column-is-layout-flow\">\n<figure class=\"wp-block-gallery has-nested-images columns-default is-cropped wp-block-gallery-5 is-layout-flex wp-block-gallery-is-layout-flex\">\n<figure class=\"wp-block-image size-large\"><a href=\"https:\/\/adrianaarronte.com.es\/wp-content\/uploads\/2023\/07\/800-x-540-duelo-2-1-1.png\"><img loading=\"lazy\" decoding=\"async\" width=\"800\" height=\"540\" data-id=\"328\" src=\"https:\/\/adrianaarronte.com.es\/wp-content\/uploads\/2023\/07\/800-x-540-duelo-2-1-1.png\" alt=\"\" class=\"wp-image-328\" srcset=\"https:\/\/adrianaarronte.com.es\/wp-content\/uploads\/2023\/07\/800-x-540-duelo-2-1-1.png 800w, https:\/\/adrianaarronte.com.es\/wp-content\/uploads\/2023\/07\/800-x-540-duelo-2-1-1-300x203.png 300w, https:\/\/adrianaarronte.com.es\/wp-content\/uploads\/2023\/07\/800-x-540-duelo-2-1-1-768x518.png 768w\" sizes=\"auto, (max-width: 800px) 100vw, 800px\" \/><\/a><\/figure>\n<\/figure>\n<\/div>\n\n\n\n<div class=\"wp-block-column is-layout-flow wp-block-column-is-layout-flow\">\n<figure class=\"wp-block-gallery has-nested-images columns-default is-cropped wp-block-gallery-6 is-layout-flex wp-block-gallery-is-layout-flex\">\n<figure class=\"wp-block-image size-large\"><a href=\"https:\/\/adrianaarronte.com.es\/wp-content\/uploads\/2023\/07\/800-x-540-duelo-3-1-1.png\"><img loading=\"lazy\" decoding=\"async\" width=\"800\" height=\"540\" data-id=\"327\" src=\"https:\/\/adrianaarronte.com.es\/wp-content\/uploads\/2023\/07\/800-x-540-duelo-3-1-1.png\" alt=\"\" class=\"wp-image-327\" srcset=\"https:\/\/adrianaarronte.com.es\/wp-content\/uploads\/2023\/07\/800-x-540-duelo-3-1-1.png 800w, https:\/\/adrianaarronte.com.es\/wp-content\/uploads\/2023\/07\/800-x-540-duelo-3-1-1-300x203.png 300w, https:\/\/adrianaarronte.com.es\/wp-content\/uploads\/2023\/07\/800-x-540-duelo-3-1-1-768x518.png 768w\" sizes=\"auto, (max-width: 800px) 100vw, 800px\" \/><\/a><\/figure>\n<\/figure>\n<\/div>\n\n\n\n<div class=\"wp-block-column is-layout-flow wp-block-column-is-layout-flow\">\n<figure class=\"wp-block-gallery has-nested-images columns-default is-cropped wp-block-gallery-7 is-layout-flex wp-block-gallery-is-layout-flex\">\n<figure class=\"wp-block-image size-large\"><a href=\"https:\/\/adrianaarronte.com.es\/wp-content\/uploads\/2023\/12\/270-x-400-duelo-6.jpg\"><img loading=\"lazy\" decoding=\"async\" width=\"800\" height=\"540\" data-id=\"525\" src=\"https:\/\/adrianaarronte.com.es\/wp-content\/uploads\/2023\/12\/270-x-400-duelo-6.jpg\" alt=\"\" class=\"wp-image-525\" srcset=\"https:\/\/adrianaarronte.com.es\/wp-content\/uploads\/2023\/12\/270-x-400-duelo-6.jpg 800w, https:\/\/adrianaarronte.com.es\/wp-content\/uploads\/2023\/12\/270-x-400-duelo-6-300x203.jpg 300w, https:\/\/adrianaarronte.com.es\/wp-content\/uploads\/2023\/12\/270-x-400-duelo-6-768x518.jpg 768w\" sizes=\"auto, (max-width: 800px) 100vw, 800px\" \/><\/a><\/figure>\n<\/figure>\n<\/div>\n<\/div>\n\n\n\n<div class=\"wp-block-columns is-layout-flex wp-container-core-columns-is-layout-9d6595d7 wp-block-columns-is-layout-flex\">\n<div class=\"wp-block-column is-layout-flow wp-block-column-is-layout-flow\">\n<figure class=\"wp-block-gallery has-nested-images columns-default is-cropped wp-block-gallery-8 is-layout-flex wp-block-gallery-is-layout-flex\">\n<figure class=\"wp-block-image size-large\"><a href=\"https:\/\/adrianaarronte.com.es\/wp-content\/uploads\/2024\/01\/270-x-400-duelo-7.jpg\"><img loading=\"lazy\" decoding=\"async\" width=\"800\" height=\"540\" data-id=\"951\" src=\"https:\/\/adrianaarronte.com.es\/wp-content\/uploads\/2024\/01\/270-x-400-duelo-7.jpg\" alt=\"\" class=\"wp-image-951\" srcset=\"https:\/\/adrianaarronte.com.es\/wp-content\/uploads\/2024\/01\/270-x-400-duelo-7.jpg 800w, https:\/\/adrianaarronte.com.es\/wp-content\/uploads\/2024\/01\/270-x-400-duelo-7-300x203.jpg 300w, https:\/\/adrianaarronte.com.es\/wp-content\/uploads\/2024\/01\/270-x-400-duelo-7-768x518.jpg 768w\" sizes=\"auto, (max-width: 800px) 100vw, 800px\" \/><\/a><\/figure>\n<\/figure>\n<\/div>\n\n\n\n<div class=\"wp-block-column is-layout-flow wp-block-column-is-layout-flow\">\n<figure class=\"wp-block-gallery has-nested-images columns-default is-cropped wp-block-gallery-9 is-layout-flex wp-block-gallery-is-layout-flex\">\n<figure class=\"wp-block-image size-large\"><a href=\"https:\/\/adrianaarronte.com.es\/wp-content\/uploads\/2024\/01\/800-x-540-duelo-8.jpg\"><img loading=\"lazy\" decoding=\"async\" width=\"800\" height=\"540\" data-id=\"952\" src=\"https:\/\/adrianaarronte.com.es\/wp-content\/uploads\/2024\/01\/800-x-540-duelo-8.jpg\" alt=\"\" class=\"wp-image-952\" srcset=\"https:\/\/adrianaarronte.com.es\/wp-content\/uploads\/2024\/01\/800-x-540-duelo-8.jpg 800w, https:\/\/adrianaarronte.com.es\/wp-content\/uploads\/2024\/01\/800-x-540-duelo-8-300x203.jpg 300w, https:\/\/adrianaarronte.com.es\/wp-content\/uploads\/2024\/01\/800-x-540-duelo-8-768x518.jpg 768w\" sizes=\"auto, (max-width: 800px) 100vw, 800px\" \/><\/a><\/figure>\n<\/figure>\n<\/div>\n\n\n\n<div class=\"wp-block-column is-layout-flow wp-block-column-is-layout-flow\">\n<figure class=\"wp-block-gallery has-nested-images columns-default is-cropped wp-block-gallery-10 is-layout-flex wp-block-gallery-is-layout-flex\">\n<figure class=\"wp-block-image size-large\"><a href=\"https:\/\/adrianaarronte.com.es\/wp-content\/uploads\/2024\/01\/800-x-540-duelo-9.jpg\"><img loading=\"lazy\" decoding=\"async\" width=\"800\" height=\"540\" data-id=\"953\" src=\"https:\/\/adrianaarronte.com.es\/wp-content\/uploads\/2024\/01\/800-x-540-duelo-9.jpg\" alt=\"\" class=\"wp-image-953\" srcset=\"https:\/\/adrianaarronte.com.es\/wp-content\/uploads\/2024\/01\/800-x-540-duelo-9.jpg 800w, https:\/\/adrianaarronte.com.es\/wp-content\/uploads\/2024\/01\/800-x-540-duelo-9-300x203.jpg 300w, https:\/\/adrianaarronte.com.es\/wp-content\/uploads\/2024\/01\/800-x-540-duelo-9-768x518.jpg 768w\" sizes=\"auto, (max-width: 800px) 100vw, 800px\" \/><\/a><\/figure>\n<\/figure>\n<\/div>\n<\/div>\n\n\n\n<div class=\"wp-block-columns is-layout-flex wp-container-core-columns-is-layout-9d6595d7 wp-block-columns-is-layout-flex\">\n<div class=\"wp-block-column is-layout-flow wp-block-column-is-layout-flow\">\n<figure class=\"wp-block-gallery has-nested-images columns-default is-cropped wp-block-gallery-11 is-layout-flex wp-block-gallery-is-layout-flex\">\n<figure class=\"wp-block-image size-large\"><a href=\"https:\/\/adrianaarronte.com.es\/wp-content\/uploads\/2024\/06\/800-x-540-duelo-12.jpg\"><img loading=\"lazy\" decoding=\"async\" width=\"800\" height=\"540\" data-id=\"1606\" src=\"https:\/\/adrianaarronte.com.es\/wp-content\/uploads\/2024\/06\/800-x-540-duelo-12.jpg\" alt=\"\" class=\"wp-image-1606\" srcset=\"https:\/\/adrianaarronte.com.es\/wp-content\/uploads\/2024\/06\/800-x-540-duelo-12.jpg 800w, https:\/\/adrianaarronte.com.es\/wp-content\/uploads\/2024\/06\/800-x-540-duelo-12-300x203.jpg 300w, https:\/\/adrianaarronte.com.es\/wp-content\/uploads\/2024\/06\/800-x-540-duelo-12-768x518.jpg 768w\" sizes=\"auto, (max-width: 800px) 100vw, 800px\" \/><\/a><\/figure>\n<\/figure>\n<\/div>\n\n\n\n<div class=\"wp-block-column is-layout-flow wp-block-column-is-layout-flow\">\n<figure class=\"wp-block-gallery has-nested-images columns-default is-cropped wp-block-gallery-12 is-layout-flex wp-block-gallery-is-layout-flex\">\n<figure class=\"wp-block-image size-large\"><a href=\"https:\/\/adrianaarronte.com.es\/wp-content\/uploads\/2024\/06\/800-x-540-duelo-11.jpg\"><img loading=\"lazy\" decoding=\"async\" width=\"800\" height=\"540\" data-id=\"1607\" src=\"https:\/\/adrianaarronte.com.es\/wp-content\/uploads\/2024\/06\/800-x-540-duelo-11.jpg\" alt=\"\" class=\"wp-image-1607\" srcset=\"https:\/\/adrianaarronte.com.es\/wp-content\/uploads\/2024\/06\/800-x-540-duelo-11.jpg 800w, https:\/\/adrianaarronte.com.es\/wp-content\/uploads\/2024\/06\/800-x-540-duelo-11-300x203.jpg 300w, https:\/\/adrianaarronte.com.es\/wp-content\/uploads\/2024\/06\/800-x-540-duelo-11-768x518.jpg 768w\" sizes=\"auto, (max-width: 800px) 100vw, 800px\" \/><\/a><\/figure>\n<\/figure>\n<\/div>\n\n\n\n<div class=\"wp-block-column is-layout-flow wp-block-column-is-layout-flow\">\n<figure class=\"wp-block-gallery has-nested-images columns-default is-cropped wp-block-gallery-13 is-layout-flex wp-block-gallery-is-layout-flex\">\n<figure class=\"wp-block-image size-large\"><a href=\"https:\/\/adrianaarronte.com.es\/wp-content\/uploads\/2024\/06\/800-x-540-duelo-10.jpg\"><img loading=\"lazy\" decoding=\"async\" width=\"800\" height=\"540\" data-id=\"1608\" src=\"https:\/\/adrianaarronte.com.es\/wp-content\/uploads\/2024\/06\/800-x-540-duelo-10.jpg\" alt=\"\" class=\"wp-image-1608\" srcset=\"https:\/\/adrianaarronte.com.es\/wp-content\/uploads\/2024\/06\/800-x-540-duelo-10.jpg 800w, https:\/\/adrianaarronte.com.es\/wp-content\/uploads\/2024\/06\/800-x-540-duelo-10-300x203.jpg 300w, https:\/\/adrianaarronte.com.es\/wp-content\/uploads\/2024\/06\/800-x-540-duelo-10-768x518.jpg 768w\" sizes=\"auto, (max-width: 800px) 100vw, 800px\" \/><\/a><\/figure>\n<\/figure>\n<\/div>\n<\/div>\n\n\n\n<div class=\"wp-block-columns is-layout-flex wp-container-core-columns-is-layout-9d6595d7 wp-block-columns-is-layout-flex\">\n<div class=\"wp-block-column is-layout-flow wp-block-column-is-layout-flow\">\n<figure class=\"wp-block-gallery has-nested-images columns-default is-cropped wp-block-gallery-14 is-layout-flex wp-block-gallery-is-layout-flex\">\n<figure class=\"wp-block-image size-full\"><a href=\"https:\/\/adrianaarronte.com.es\/wp-content\/uploads\/2024\/08\/800-x-540-duelo-13.jpg\"><img loading=\"lazy\" decoding=\"async\" width=\"800\" height=\"540\" data-id=\"1647\" src=\"https:\/\/adrianaarronte.com.es\/wp-content\/uploads\/2024\/08\/800-x-540-duelo-13.jpg\" alt=\"\" class=\"wp-image-1647\" srcset=\"https:\/\/adrianaarronte.com.es\/wp-content\/uploads\/2024\/08\/800-x-540-duelo-13.jpg 800w, https:\/\/adrianaarronte.com.es\/wp-content\/uploads\/2024\/08\/800-x-540-duelo-13-300x203.jpg 300w, https:\/\/adrianaarronte.com.es\/wp-content\/uploads\/2024\/08\/800-x-540-duelo-13-768x518.jpg 768w\" sizes=\"auto, (max-width: 800px) 100vw, 800px\" \/><\/a><\/figure>\n<\/figure>\n<\/div>\n\n\n\n<div class=\"wp-block-column is-layout-flow wp-block-column-is-layout-flow\">\n<figure class=\"wp-block-gallery has-nested-images columns-default is-cropped wp-block-gallery-15 is-layout-flex wp-block-gallery-is-layout-flex\">\n<figure class=\"wp-block-image size-full\"><a href=\"https:\/\/adrianaarronte.com.es\/wp-content\/uploads\/2024\/08\/800-x-540-duelo-14-1.jpg\"><img loading=\"lazy\" decoding=\"async\" width=\"800\" height=\"540\" data-id=\"1651\" src=\"https:\/\/adrianaarronte.com.es\/wp-content\/uploads\/2024\/08\/800-x-540-duelo-14-1.jpg\" alt=\"\" class=\"wp-image-1651\" srcset=\"https:\/\/adrianaarronte.com.es\/wp-content\/uploads\/2024\/08\/800-x-540-duelo-14-1.jpg 800w, https:\/\/adrianaarronte.com.es\/wp-content\/uploads\/2024\/08\/800-x-540-duelo-14-1-300x203.jpg 300w, https:\/\/adrianaarronte.com.es\/wp-content\/uploads\/2024\/08\/800-x-540-duelo-14-1-768x518.jpg 768w\" sizes=\"auto, (max-width: 800px) 100vw, 800px\" \/><\/a><\/figure>\n<\/figure>\n<\/div>\n\n\n\n<div class=\"wp-block-column is-layout-flow wp-block-column-is-layout-flow\">\n<figure class=\"wp-block-gallery has-nested-images columns-default is-cropped wp-block-gallery-16 is-layout-flex wp-block-gallery-is-layout-flex\">\n<figure class=\"wp-block-image size-full\"><a href=\"https:\/\/adrianaarronte.com.es\/wp-content\/uploads\/2024\/08\/800-x-540-duelo-14-2.jpg\"><img loading=\"lazy\" decoding=\"async\" width=\"800\" height=\"540\" data-id=\"1653\" src=\"https:\/\/adrianaarronte.com.es\/wp-content\/uploads\/2024\/08\/800-x-540-duelo-14-2.jpg\" alt=\"\" class=\"wp-image-1653\" srcset=\"https:\/\/adrianaarronte.com.es\/wp-content\/uploads\/2024\/08\/800-x-540-duelo-14-2.jpg 800w, https:\/\/adrianaarronte.com.es\/wp-content\/uploads\/2024\/08\/800-x-540-duelo-14-2-300x203.jpg 300w, https:\/\/adrianaarronte.com.es\/wp-content\/uploads\/2024\/08\/800-x-540-duelo-14-2-768x518.jpg 768w\" sizes=\"auto, (max-width: 800px) 100vw, 800px\" \/><\/a><\/figure>\n<\/figure>\n<\/div>\n<\/div>\n","protected":false},"excerpt":{"rendered":"<p>Colecci\u00f3n Ella Cisneros. Cisneros Fontanals Art Foundation (CIFO), USA DUELO | DUEL2015Objeto | ObjectAlpaca | Nickel silver Intervengo el objeto tomando como referencia sus funciones pr\u00e1cticas, simb\u00f3licas y la ergonom\u00eda del objeto. El cuchillo como arma, utensilio de cocina, herramienta para tallar o empleado en rituales y supersticiones\u2026 me interesa entrecruzar sentidos y activar conceptos&hellip;&nbsp;<a href=\"https:\/\/adrianaarronte.com.es\/index.php\/obras\/objetos-objects\/duelo-duel-arte-object\/\" rel=\"bookmark\"><span class=\"screen-reader-text\">Duelo<\/span><\/a><\/p>\n","protected":false},"author":1,"featured_media":0,"parent":125,"menu_order":1,"comment_status":"closed","ping_status":"closed","template":"","meta":{"neve_meta_sidebar":"","neve_meta_container":"","neve_meta_enable_content_width":"","neve_meta_content_width":0,"neve_meta_title_alignment":"","neve_meta_author_avatar":"","neve_post_elements_order":"","neve_meta_disable_header":"","neve_meta_disable_footer":"","neve_meta_disable_title":"on","footnotes":""},"class_list":["post-195","page","type-page","status-publish","hentry"],"yoast_head":"<!-- This site is optimized with the Yoast SEO plugin v21.6 - https:\/\/yoast.com\/wordpress\/plugins\/seo\/ -->\n<title>Duelo - ADRIANA ARRONTE<\/title>\n<meta name=\"description\" content=\"DUELO | DUEL, 2015. Objeto, Alpaca. Intervengo el objeto tomando como referencia sus funciones pr\u00e1cticas, simb\u00f3licas y la ergonom\u00eda del objeto.\" \/>\n<meta name=\"robots\" content=\"index, follow, max-snippet:-1, max-image-preview:large, max-video-preview:-1\" \/>\n<link rel=\"canonical\" href=\"https:\/\/adrianaarronte.com.es\/index.php\/obras\/objetos-objects\/duelo-duel-arte-object\/\" \/>\n<meta property=\"og:locale\" content=\"es_ES\" \/>\n<meta property=\"og:type\" content=\"article\" \/>\n<meta property=\"og:title\" content=\"Duelo - ADRIANA ARRONTE\" \/>\n<meta property=\"og:description\" content=\"DUELO | DUEL, 2015. Objeto, Alpaca. Intervengo el objeto tomando como referencia sus funciones pr\u00e1cticas, simb\u00f3licas y la ergonom\u00eda del objeto.\" \/>\n<meta property=\"og:url\" content=\"https:\/\/adrianaarronte.com.es\/index.php\/obras\/objetos-objects\/duelo-duel-arte-object\/\" \/>\n<meta property=\"og:site_name\" content=\"ADRIANA ARRONTE\" \/>\n<meta property=\"article:modified_time\" content=\"2025-07-14T14:56:05+00:00\" \/>\n<meta property=\"og:image\" content=\"https:\/\/adrianaarronte.com.es\/wp-content\/uploads\/2023\/07\/800-x-540-duelo-5.png\" \/>\n<meta name=\"twitter:card\" content=\"summary_large_image\" \/>\n<meta name=\"twitter:label1\" content=\"Tiempo de lectura\" \/>\n\t<meta name=\"twitter:data1\" content=\"4 minutos\" \/>\n<script type=\"application\/ld+json\" class=\"yoast-schema-graph\">{\"@context\":\"https:\/\/schema.org\",\"@graph\":[{\"@type\":\"WebPage\",\"@id\":\"https:\/\/adrianaarronte.com.es\/index.php\/obras\/objetos-objects\/duelo-duel-arte-object\/\",\"url\":\"https:\/\/adrianaarronte.com.es\/index.php\/obras\/objetos-objects\/duelo-duel-arte-object\/\",\"name\":\"Duelo - ADRIANA ARRONTE\",\"isPartOf\":{\"@id\":\"https:\/\/adrianaarronte.com.es\/#website\"},\"datePublished\":\"2023-07-18T16:35:24+00:00\",\"dateModified\":\"2025-07-14T14:56:05+00:00\",\"description\":\"DUELO | DUEL, 2015. Objeto, Alpaca. Intervengo el objeto tomando como referencia sus funciones pr\u00e1cticas, simb\u00f3licas y la ergonom\u00eda del objeto.\",\"breadcrumb\":{\"@id\":\"https:\/\/adrianaarronte.com.es\/index.php\/obras\/objetos-objects\/duelo-duel-arte-object\/#breadcrumb\"},\"inLanguage\":\"es\",\"potentialAction\":[{\"@type\":\"ReadAction\",\"target\":[\"https:\/\/adrianaarronte.com.es\/index.php\/obras\/objetos-objects\/duelo-duel-arte-object\/\"]}]},{\"@type\":\"BreadcrumbList\",\"@id\":\"https:\/\/adrianaarronte.com.es\/index.php\/obras\/objetos-objects\/duelo-duel-arte-object\/#breadcrumb\",\"itemListElement\":[{\"@type\":\"ListItem\",\"position\":1,\"name\":\"Home\",\"item\":\"https:\/\/adrianaarronte.com.es\/\"},{\"@type\":\"ListItem\",\"position\":2,\"name\":\"OBRAS\",\"item\":\"https:\/\/adrianaarronte.com.es\/index.php\/obras\/\"},{\"@type\":\"ListItem\",\"position\":3,\"name\":\"Objetos\",\"item\":\"https:\/\/adrianaarronte.com.es\/index.php\/obras\/objetos-objects\/\"},{\"@type\":\"ListItem\",\"position\":4,\"name\":\"Duelo\"}]},{\"@type\":\"WebSite\",\"@id\":\"https:\/\/adrianaarronte.com.es\/#website\",\"url\":\"https:\/\/adrianaarronte.com.es\/\",\"name\":\"ADRIANA ARRONTE\",\"description\":\"\",\"potentialAction\":[{\"@type\":\"SearchAction\",\"target\":{\"@type\":\"EntryPoint\",\"urlTemplate\":\"https:\/\/adrianaarronte.com.es\/?s={search_term_string}\"},\"query-input\":\"required name=search_term_string\"}],\"inLanguage\":\"es\"}]}<\/script>\n<!-- \/ Yoast SEO plugin. -->","yoast_head_json":{"title":"Duelo - ADRIANA ARRONTE","description":"DUELO | DUEL, 2015. Objeto, Alpaca. Intervengo el objeto tomando como referencia sus funciones pr\u00e1cticas, simb\u00f3licas y la ergonom\u00eda del objeto.","robots":{"index":"index","follow":"follow","max-snippet":"max-snippet:-1","max-image-preview":"max-image-preview:large","max-video-preview":"max-video-preview:-1"},"canonical":"https:\/\/adrianaarronte.com.es\/index.php\/obras\/objetos-objects\/duelo-duel-arte-object\/","og_locale":"es_ES","og_type":"article","og_title":"Duelo - ADRIANA ARRONTE","og_description":"DUELO | DUEL, 2015. Objeto, Alpaca. Intervengo el objeto tomando como referencia sus funciones pr\u00e1cticas, simb\u00f3licas y la ergonom\u00eda del objeto.","og_url":"https:\/\/adrianaarronte.com.es\/index.php\/obras\/objetos-objects\/duelo-duel-arte-object\/","og_site_name":"ADRIANA ARRONTE","article_modified_time":"2025-07-14T14:56:05+00:00","og_image":[{"url":"https:\/\/adrianaarronte.com.es\/wp-content\/uploads\/2023\/07\/800-x-540-duelo-5.png"}],"twitter_card":"summary_large_image","twitter_misc":{"Tiempo de lectura":"4 minutos"},"schema":{"@context":"https:\/\/schema.org","@graph":[{"@type":"WebPage","@id":"https:\/\/adrianaarronte.com.es\/index.php\/obras\/objetos-objects\/duelo-duel-arte-object\/","url":"https:\/\/adrianaarronte.com.es\/index.php\/obras\/objetos-objects\/duelo-duel-arte-object\/","name":"Duelo - ADRIANA ARRONTE","isPartOf":{"@id":"https:\/\/adrianaarronte.com.es\/#website"},"datePublished":"2023-07-18T16:35:24+00:00","dateModified":"2025-07-14T14:56:05+00:00","description":"DUELO | DUEL, 2015. Objeto, Alpaca. Intervengo el objeto tomando como referencia sus funciones pr\u00e1cticas, simb\u00f3licas y la ergonom\u00eda del objeto.","breadcrumb":{"@id":"https:\/\/adrianaarronte.com.es\/index.php\/obras\/objetos-objects\/duelo-duel-arte-object\/#breadcrumb"},"inLanguage":"es","potentialAction":[{"@type":"ReadAction","target":["https:\/\/adrianaarronte.com.es\/index.php\/obras\/objetos-objects\/duelo-duel-arte-object\/"]}]},{"@type":"BreadcrumbList","@id":"https:\/\/adrianaarronte.com.es\/index.php\/obras\/objetos-objects\/duelo-duel-arte-object\/#breadcrumb","itemListElement":[{"@type":"ListItem","position":1,"name":"Home","item":"https:\/\/adrianaarronte.com.es\/"},{"@type":"ListItem","position":2,"name":"OBRAS","item":"https:\/\/adrianaarronte.com.es\/index.php\/obras\/"},{"@type":"ListItem","position":3,"name":"Objetos","item":"https:\/\/adrianaarronte.com.es\/index.php\/obras\/objetos-objects\/"},{"@type":"ListItem","position":4,"name":"Duelo"}]},{"@type":"WebSite","@id":"https:\/\/adrianaarronte.com.es\/#website","url":"https:\/\/adrianaarronte.com.es\/","name":"ADRIANA ARRONTE","description":"","potentialAction":[{"@type":"SearchAction","target":{"@type":"EntryPoint","urlTemplate":"https:\/\/adrianaarronte.com.es\/?s={search_term_string}"},"query-input":"required name=search_term_string"}],"inLanguage":"es"}]}},"_links":{"self":[{"href":"https:\/\/adrianaarronte.com.es\/index.php\/wp-json\/wp\/v2\/pages\/195","targetHints":{"allow":["GET"]}}],"collection":[{"href":"https:\/\/adrianaarronte.com.es\/index.php\/wp-json\/wp\/v2\/pages"}],"about":[{"href":"https:\/\/adrianaarronte.com.es\/index.php\/wp-json\/wp\/v2\/types\/page"}],"author":[{"embeddable":true,"href":"https:\/\/adrianaarronte.com.es\/index.php\/wp-json\/wp\/v2\/users\/1"}],"replies":[{"embeddable":true,"href":"https:\/\/adrianaarronte.com.es\/index.php\/wp-json\/wp\/v2\/comments?post=195"}],"version-history":[{"count":18,"href":"https:\/\/adrianaarronte.com.es\/index.php\/wp-json\/wp\/v2\/pages\/195\/revisions"}],"predecessor-version":[{"id":2247,"href":"https:\/\/adrianaarronte.com.es\/index.php\/wp-json\/wp\/v2\/pages\/195\/revisions\/2247"}],"up":[{"embeddable":true,"href":"https:\/\/adrianaarronte.com.es\/index.php\/wp-json\/wp\/v2\/pages\/125"}],"wp:attachment":[{"href":"https:\/\/adrianaarronte.com.es\/index.php\/wp-json\/wp\/v2\/media?parent=195"}],"curies":[{"name":"wp","href":"https:\/\/api.w.org\/{rel}","templated":true}]}}