{"id":1969,"date":"2025-04-15T12:36:07","date_gmt":"2025-04-15T10:36:07","guid":{"rendered":"https:\/\/adrianaarronte.com.es\/?page_id=1969"},"modified":"2025-08-20T11:43:08","modified_gmt":"2025-08-20T09:43:08","slug":"choque-de-potencias","status":"publish","type":"page","link":"https:\/\/adrianaarronte.com.es\/index.php\/obras\/performance\/choque-de-potencias\/","title":{"rendered":"Choque de potencias"},"content":{"rendered":"\n<div class=\"wp-block-columns is-layout-flex wp-container-core-columns-is-layout-9d6595d7 wp-block-columns-is-layout-flex\">\n<div class=\"wp-block-column is-layout-flow wp-block-column-is-layout-flow\">\n<figure class=\"wp-block-gallery has-nested-images columns-default is-cropped wp-block-gallery-1 is-layout-flex wp-block-gallery-is-layout-flex\">\n<figure class=\"wp-block-image size-large\"><img loading=\"lazy\" decoding=\"async\" width=\"1024\" height=\"691\" data-id=\"1970\" src=\"https:\/\/adrianaarronte.com.es\/wp-content\/uploads\/2025\/04\/270-x-400-choque-de-ponencias-1024x691.png\" alt=\"\" class=\"wp-image-1970\" srcset=\"https:\/\/adrianaarronte.com.es\/wp-content\/uploads\/2025\/04\/270-x-400-choque-de-ponencias-1024x691.png 1024w, https:\/\/adrianaarronte.com.es\/wp-content\/uploads\/2025\/04\/270-x-400-choque-de-ponencias-300x203.png 300w, https:\/\/adrianaarronte.com.es\/wp-content\/uploads\/2025\/04\/270-x-400-choque-de-ponencias-768x519.png 768w, https:\/\/adrianaarronte.com.es\/wp-content\/uploads\/2025\/04\/270-x-400-choque-de-ponencias.png 1481w\" sizes=\"auto, (max-width: 1024px) 100vw, 1024px\" \/><\/figure>\n<\/figure>\n\n\n\n<figure class=\"wp-block-gallery has-nested-images columns-default is-cropped wp-block-gallery-2 is-layout-flex wp-block-gallery-is-layout-flex\">\n<figure class=\"wp-block-image size-large\"><img loading=\"lazy\" decoding=\"async\" width=\"1024\" height=\"691\" data-id=\"1975\" src=\"https:\/\/adrianaarronte.com.es\/wp-content\/uploads\/2025\/04\/270-x-400-choque-de-ponencias-2-1024x691.png\" alt=\"\" class=\"wp-image-1975\" srcset=\"https:\/\/adrianaarronte.com.es\/wp-content\/uploads\/2025\/04\/270-x-400-choque-de-ponencias-2-1024x691.png 1024w, https:\/\/adrianaarronte.com.es\/wp-content\/uploads\/2025\/04\/270-x-400-choque-de-ponencias-2-300x203.png 300w, https:\/\/adrianaarronte.com.es\/wp-content\/uploads\/2025\/04\/270-x-400-choque-de-ponencias-2-768x519.png 768w, https:\/\/adrianaarronte.com.es\/wp-content\/uploads\/2025\/04\/270-x-400-choque-de-ponencias-2.png 1481w\" sizes=\"auto, (max-width: 1024px) 100vw, 1024px\" \/><\/figure>\n<\/figure>\n<\/div>\n\n\n\n<div class=\"wp-block-column is-layout-flow wp-block-column-is-layout-flow\">\n<p class=\"has-small-font-size\">CHOQUE DE POTENCIAS | CLASH OF POWERS<br>2025<br>Performance&nbsp;<\/p>\n\n\n\n<p class=\"has-small-font-size\">La performance Choque de Potencias propone una est\u00e9tica de la fragilidad como tensi\u00f3n ineludible entre estabilidad y colapso. A trav\u00e9s de cabezas de cristal suspendidas en el aire, se crea un escenario de inminencia en el que el material, aparentemente s\u00f3lido, pero intr\u00ednsecamente fr\u00e1gil, revela su verdadera naturaleza cuando se quiebra. La obra se desarrolla en dos tiempos: la espera tensa antes del impacto y la ruptura como destino inevitable. No hay azar en este enfrentamiento. El choque es una necesidad estructural que responde a la propia l\u00f3gica de los sistemas de poder. <br>Entre estas figuras suspendidas, la cabeza de Buda resalta como un s\u00edmbolo de reacci\u00f3n frente a la rueda del destino \u2014el karma\u2014, esa derivada de los actos de una vida que retorna. Su presencia recuerda que incluso lo que parece en calma puede ser empujado al l\u00edmite por el peso de sus propias causas.<\/p>\n\n\n\n<p class=\"has-nv-c-1-color has-text-color has-link-color has-small-font-size wp-elements-480cb4325eba815846ec635b8c9c1041\">The performance \u00abClash of Powers\u00bb proposes an aesthetic of fragility as an inescapable tension between stability and collapse. Through glass heads suspended in the air, a scenario of imminence is created in which the seemingly solid, yet intrinsically fragile, material reveals its true nature when it breaks. The work unfolds in two phases: the tense wait before impact and the rupture as inevitable destiny. There is no chance in this confrontation. The clash is a structural necessity that responds to the very logic of power systems. <br><br>Among these suspended figures, the Buddha head stands out as a symbol of reaction to the wheel of destiny\u2014karma\u2014derived from the actions of a life that returns. Its presence is a reminder that even what seems calm can be pushed to the limit by the weight of its own causes.<\/p>\n<\/div>\n<\/div>\n\n\n\n<div class=\"wp-block-columns is-layout-flex wp-container-core-columns-is-layout-9d6595d7 wp-block-columns-is-layout-flex\">\n<div class=\"wp-block-column is-layout-flow wp-block-column-is-layout-flow\">\n<figure class=\"wp-block-gallery has-nested-images columns-default is-cropped wp-block-gallery-3 is-layout-flex wp-block-gallery-is-layout-flex\">\n<figure class=\"wp-block-image size-large\"><img loading=\"lazy\" decoding=\"async\" width=\"1024\" height=\"576\" data-id=\"1985\" src=\"https:\/\/adrianaarronte.com.es\/wp-content\/uploads\/2025\/04\/choque-de-ponencias3-1024x576.jpg\" alt=\"\" class=\"wp-image-1985\" srcset=\"https:\/\/adrianaarronte.com.es\/wp-content\/uploads\/2025\/04\/choque-de-ponencias3-1024x576.jpg 1024w, https:\/\/adrianaarronte.com.es\/wp-content\/uploads\/2025\/04\/choque-de-ponencias3-300x169.jpg 300w, https:\/\/adrianaarronte.com.es\/wp-content\/uploads\/2025\/04\/choque-de-ponencias3-768x432.jpg 768w, https:\/\/adrianaarronte.com.es\/wp-content\/uploads\/2025\/04\/choque-de-ponencias3.jpg 1366w\" sizes=\"auto, (max-width: 1024px) 100vw, 1024px\" \/><\/figure>\n<\/figure>\n<\/div>\n\n\n\n<div class=\"wp-block-column is-layout-flow wp-block-column-is-layout-flow\">\n<figure class=\"wp-block-gallery has-nested-images columns-default is-cropped wp-block-gallery-4 is-layout-flex wp-block-gallery-is-layout-flex\">\n<figure class=\"wp-block-image size-large\"><img loading=\"lazy\" decoding=\"async\" width=\"1024\" height=\"576\" data-id=\"1986\" src=\"https:\/\/adrianaarronte.com.es\/wp-content\/uploads\/2025\/04\/choque-de-ponencias6-1024x576.jpg\" alt=\"\" class=\"wp-image-1986\" srcset=\"https:\/\/adrianaarronte.com.es\/wp-content\/uploads\/2025\/04\/choque-de-ponencias6-1024x576.jpg 1024w, https:\/\/adrianaarronte.com.es\/wp-content\/uploads\/2025\/04\/choque-de-ponencias6-300x169.jpg 300w, https:\/\/adrianaarronte.com.es\/wp-content\/uploads\/2025\/04\/choque-de-ponencias6-768x432.jpg 768w, https:\/\/adrianaarronte.com.es\/wp-content\/uploads\/2025\/04\/choque-de-ponencias6.jpg 1366w\" sizes=\"auto, (max-width: 1024px) 100vw, 1024px\" \/><\/figure>\n<\/figure>\n<\/div>\n\n\n\n<div class=\"wp-block-column is-layout-flow wp-block-column-is-layout-flow\">\n<figure class=\"wp-block-gallery has-nested-images columns-default is-cropped wp-block-gallery-5 is-layout-flex wp-block-gallery-is-layout-flex\">\n<figure class=\"wp-block-image size-large\"><img loading=\"lazy\" decoding=\"async\" width=\"1024\" height=\"576\" data-id=\"1987\" src=\"https:\/\/adrianaarronte.com.es\/wp-content\/uploads\/2025\/04\/choque-de-ponencias-1024x576.jpg\" alt=\"\" class=\"wp-image-1987\" srcset=\"https:\/\/adrianaarronte.com.es\/wp-content\/uploads\/2025\/04\/choque-de-ponencias-1024x576.jpg 1024w, https:\/\/adrianaarronte.com.es\/wp-content\/uploads\/2025\/04\/choque-de-ponencias-300x169.jpg 300w, https:\/\/adrianaarronte.com.es\/wp-content\/uploads\/2025\/04\/choque-de-ponencias-768x432.jpg 768w, https:\/\/adrianaarronte.com.es\/wp-content\/uploads\/2025\/04\/choque-de-ponencias.jpg 1080w\" sizes=\"auto, (max-width: 1024px) 100vw, 1024px\" \/><\/figure>\n<\/figure>\n<\/div>\n<\/div>\n\n\n\n<div class=\"wp-block-columns is-layout-flex wp-container-core-columns-is-layout-9d6595d7 wp-block-columns-is-layout-flex\">\n<div class=\"wp-block-column is-layout-flow wp-block-column-is-layout-flow\">\n<p class=\"has-small-font-size\"><strong>Estudio abierto \u2013 expansi\u00f3n y repetici\u00f3n.<\/strong> Late studio-society, Madrid. 2024<br>Comisario Edgar Ariel. En colaboraci\u00f3n con el Puente, como parte del ciclo de gestos performativos La condici\u00f3n del peligro.<\/p>\n\n\n\n<p class=\"has-small-font-size\"><a href=\"https:\/\/adrianaarronte.com.es\/index.php\/noticias\/\">EXPOSICIONES<\/a><\/p>\n<\/div>\n<\/div>\n\n\n\n<p><\/p>\n","protected":false},"excerpt":{"rendered":"<p>CHOQUE DE POTENCIAS | CLASH OF POWERS2025Performance&nbsp; La performance Choque de Potencias propone una est\u00e9tica de la fragilidad como tensi\u00f3n ineludible entre estabilidad y colapso. A trav\u00e9s de cabezas de cristal suspendidas en el aire, se crea un escenario de inminencia en el que el material, aparentemente s\u00f3lido, pero intr\u00ednsecamente fr\u00e1gil, revela su verdadera naturaleza&hellip;&nbsp;<a href=\"https:\/\/adrianaarronte.com.es\/index.php\/obras\/performance\/choque-de-potencias\/\" rel=\"bookmark\"><span class=\"screen-reader-text\">Choque de potencias<\/span><\/a><\/p>\n","protected":false},"author":1,"featured_media":0,"parent":149,"menu_order":0,"comment_status":"closed","ping_status":"closed","template":"","meta":{"neve_meta_sidebar":"","neve_meta_container":"","neve_meta_enable_content_width":"","neve_meta_content_width":0,"neve_meta_title_alignment":"","neve_meta_author_avatar":"","neve_post_elements_order":"","neve_meta_disable_header":"","neve_meta_disable_footer":"","neve_meta_disable_title":"on","footnotes":""},"class_list":["post-1969","page","type-page","status-publish","hentry"],"yoast_head":"<!-- This site is optimized with the Yoast SEO plugin v21.6 - https:\/\/yoast.com\/wordpress\/plugins\/seo\/ -->\n<title>Choque de potencias - ADRIANA ARRONTE<\/title>\n<meta name=\"description\" content=\"La performance Choque de Potencias propone una est\u00e9tica de la fragilidad como tensi\u00f3n ineludible entre estabilidad y colapso. A trav\u00e9s de cabezas de cristal suspendidas en el aire, se crea un escenario de inminencia en el que el material, aparentemente s\u00f3lido, pero intr\u00ednsecamente fr\u00e1gil, revela su verdadera naturaleza cuando se quiebra.\" \/>\n<meta name=\"robots\" content=\"index, follow, max-snippet:-1, max-image-preview:large, max-video-preview:-1\" \/>\n<link rel=\"canonical\" href=\"https:\/\/adrianaarronte.com.es\/index.php\/obras\/performance\/choque-de-potencias\/\" \/>\n<meta property=\"og:locale\" content=\"es_ES\" \/>\n<meta property=\"og:type\" content=\"article\" \/>\n<meta property=\"og:title\" content=\"Choque de potencias - ADRIANA ARRONTE\" \/>\n<meta property=\"og:description\" content=\"La performance Choque de Potencias propone una est\u00e9tica de la fragilidad como tensi\u00f3n ineludible entre estabilidad y colapso. A trav\u00e9s de cabezas de cristal suspendidas en el aire, se crea un escenario de inminencia en el que el material, aparentemente s\u00f3lido, pero intr\u00ednsecamente fr\u00e1gil, revela su verdadera naturaleza cuando se quiebra.\" \/>\n<meta property=\"og:url\" content=\"https:\/\/adrianaarronte.com.es\/index.php\/obras\/performance\/choque-de-potencias\/\" \/>\n<meta property=\"og:site_name\" content=\"ADRIANA ARRONTE\" \/>\n<meta property=\"article:modified_time\" content=\"2025-08-20T09:43:08+00:00\" \/>\n<meta property=\"og:image\" content=\"https:\/\/adrianaarronte.com.es\/wp-content\/uploads\/2025\/04\/270-x-400-choque-de-ponencias-1024x691.png\" \/>\n<meta name=\"twitter:card\" content=\"summary_large_image\" \/>\n<meta name=\"twitter:label1\" content=\"Tiempo de lectura\" \/>\n\t<meta name=\"twitter:data1\" content=\"3 minutos\" \/>\n<script type=\"application\/ld+json\" class=\"yoast-schema-graph\">{\"@context\":\"https:\/\/schema.org\",\"@graph\":[{\"@type\":\"WebPage\",\"@id\":\"https:\/\/adrianaarronte.com.es\/index.php\/obras\/performance\/choque-de-potencias\/\",\"url\":\"https:\/\/adrianaarronte.com.es\/index.php\/obras\/performance\/choque-de-potencias\/\",\"name\":\"Choque de potencias - ADRIANA ARRONTE\",\"isPartOf\":{\"@id\":\"https:\/\/adrianaarronte.com.es\/#website\"},\"datePublished\":\"2025-04-15T10:36:07+00:00\",\"dateModified\":\"2025-08-20T09:43:08+00:00\",\"description\":\"La performance Choque de Potencias propone una est\u00e9tica de la fragilidad como tensi\u00f3n ineludible entre estabilidad y colapso. A trav\u00e9s de cabezas de cristal suspendidas en el aire, se crea un escenario de inminencia en el que el material, aparentemente s\u00f3lido, pero intr\u00ednsecamente fr\u00e1gil, revela su verdadera naturaleza cuando se quiebra.\",\"breadcrumb\":{\"@id\":\"https:\/\/adrianaarronte.com.es\/index.php\/obras\/performance\/choque-de-potencias\/#breadcrumb\"},\"inLanguage\":\"es\",\"potentialAction\":[{\"@type\":\"ReadAction\",\"target\":[\"https:\/\/adrianaarronte.com.es\/index.php\/obras\/performance\/choque-de-potencias\/\"]}]},{\"@type\":\"BreadcrumbList\",\"@id\":\"https:\/\/adrianaarronte.com.es\/index.php\/obras\/performance\/choque-de-potencias\/#breadcrumb\",\"itemListElement\":[{\"@type\":\"ListItem\",\"position\":1,\"name\":\"Home\",\"item\":\"https:\/\/adrianaarronte.com.es\/\"},{\"@type\":\"ListItem\",\"position\":2,\"name\":\"OBRAS\",\"item\":\"https:\/\/adrianaarronte.com.es\/index.php\/obras\/\"},{\"@type\":\"ListItem\",\"position\":3,\"name\":\"Performance\",\"item\":\"https:\/\/adrianaarronte.com.es\/index.php\/obras\/performance\/\"},{\"@type\":\"ListItem\",\"position\":4,\"name\":\"Choque de potencias\"}]},{\"@type\":\"WebSite\",\"@id\":\"https:\/\/adrianaarronte.com.es\/#website\",\"url\":\"https:\/\/adrianaarronte.com.es\/\",\"name\":\"ADRIANA ARRONTE\",\"description\":\"\",\"potentialAction\":[{\"@type\":\"SearchAction\",\"target\":{\"@type\":\"EntryPoint\",\"urlTemplate\":\"https:\/\/adrianaarronte.com.es\/?s={search_term_string}\"},\"query-input\":\"required name=search_term_string\"}],\"inLanguage\":\"es\"}]}<\/script>\n<!-- \/ Yoast SEO plugin. -->","yoast_head_json":{"title":"Choque de potencias - ADRIANA ARRONTE","description":"La performance Choque de Potencias propone una est\u00e9tica de la fragilidad como tensi\u00f3n ineludible entre estabilidad y colapso. A trav\u00e9s de cabezas de cristal suspendidas en el aire, se crea un escenario de inminencia en el que el material, aparentemente s\u00f3lido, pero intr\u00ednsecamente fr\u00e1gil, revela su verdadera naturaleza cuando se quiebra.","robots":{"index":"index","follow":"follow","max-snippet":"max-snippet:-1","max-image-preview":"max-image-preview:large","max-video-preview":"max-video-preview:-1"},"canonical":"https:\/\/adrianaarronte.com.es\/index.php\/obras\/performance\/choque-de-potencias\/","og_locale":"es_ES","og_type":"article","og_title":"Choque de potencias - ADRIANA ARRONTE","og_description":"La performance Choque de Potencias propone una est\u00e9tica de la fragilidad como tensi\u00f3n ineludible entre estabilidad y colapso. A trav\u00e9s de cabezas de cristal suspendidas en el aire, se crea un escenario de inminencia en el que el material, aparentemente s\u00f3lido, pero intr\u00ednsecamente fr\u00e1gil, revela su verdadera naturaleza cuando se quiebra.","og_url":"https:\/\/adrianaarronte.com.es\/index.php\/obras\/performance\/choque-de-potencias\/","og_site_name":"ADRIANA ARRONTE","article_modified_time":"2025-08-20T09:43:08+00:00","og_image":[{"url":"https:\/\/adrianaarronte.com.es\/wp-content\/uploads\/2025\/04\/270-x-400-choque-de-ponencias-1024x691.png"}],"twitter_card":"summary_large_image","twitter_misc":{"Tiempo de lectura":"3 minutos"},"schema":{"@context":"https:\/\/schema.org","@graph":[{"@type":"WebPage","@id":"https:\/\/adrianaarronte.com.es\/index.php\/obras\/performance\/choque-de-potencias\/","url":"https:\/\/adrianaarronte.com.es\/index.php\/obras\/performance\/choque-de-potencias\/","name":"Choque de potencias - ADRIANA ARRONTE","isPartOf":{"@id":"https:\/\/adrianaarronte.com.es\/#website"},"datePublished":"2025-04-15T10:36:07+00:00","dateModified":"2025-08-20T09:43:08+00:00","description":"La performance Choque de Potencias propone una est\u00e9tica de la fragilidad como tensi\u00f3n ineludible entre estabilidad y colapso. A trav\u00e9s de cabezas de cristal suspendidas en el aire, se crea un escenario de inminencia en el que el material, aparentemente s\u00f3lido, pero intr\u00ednsecamente fr\u00e1gil, revela su verdadera naturaleza cuando se quiebra.","breadcrumb":{"@id":"https:\/\/adrianaarronte.com.es\/index.php\/obras\/performance\/choque-de-potencias\/#breadcrumb"},"inLanguage":"es","potentialAction":[{"@type":"ReadAction","target":["https:\/\/adrianaarronte.com.es\/index.php\/obras\/performance\/choque-de-potencias\/"]}]},{"@type":"BreadcrumbList","@id":"https:\/\/adrianaarronte.com.es\/index.php\/obras\/performance\/choque-de-potencias\/#breadcrumb","itemListElement":[{"@type":"ListItem","position":1,"name":"Home","item":"https:\/\/adrianaarronte.com.es\/"},{"@type":"ListItem","position":2,"name":"OBRAS","item":"https:\/\/adrianaarronte.com.es\/index.php\/obras\/"},{"@type":"ListItem","position":3,"name":"Performance","item":"https:\/\/adrianaarronte.com.es\/index.php\/obras\/performance\/"},{"@type":"ListItem","position":4,"name":"Choque de potencias"}]},{"@type":"WebSite","@id":"https:\/\/adrianaarronte.com.es\/#website","url":"https:\/\/adrianaarronte.com.es\/","name":"ADRIANA ARRONTE","description":"","potentialAction":[{"@type":"SearchAction","target":{"@type":"EntryPoint","urlTemplate":"https:\/\/adrianaarronte.com.es\/?s={search_term_string}"},"query-input":"required name=search_term_string"}],"inLanguage":"es"}]}},"_links":{"self":[{"href":"https:\/\/adrianaarronte.com.es\/index.php\/wp-json\/wp\/v2\/pages\/1969","targetHints":{"allow":["GET"]}}],"collection":[{"href":"https:\/\/adrianaarronte.com.es\/index.php\/wp-json\/wp\/v2\/pages"}],"about":[{"href":"https:\/\/adrianaarronte.com.es\/index.php\/wp-json\/wp\/v2\/types\/page"}],"author":[{"embeddable":true,"href":"https:\/\/adrianaarronte.com.es\/index.php\/wp-json\/wp\/v2\/users\/1"}],"replies":[{"embeddable":true,"href":"https:\/\/adrianaarronte.com.es\/index.php\/wp-json\/wp\/v2\/comments?post=1969"}],"version-history":[{"count":8,"href":"https:\/\/adrianaarronte.com.es\/index.php\/wp-json\/wp\/v2\/pages\/1969\/revisions"}],"predecessor-version":[{"id":2662,"href":"https:\/\/adrianaarronte.com.es\/index.php\/wp-json\/wp\/v2\/pages\/1969\/revisions\/2662"}],"up":[{"embeddable":true,"href":"https:\/\/adrianaarronte.com.es\/index.php\/wp-json\/wp\/v2\/pages\/149"}],"wp:attachment":[{"href":"https:\/\/adrianaarronte.com.es\/index.php\/wp-json\/wp\/v2\/media?parent=1969"}],"curies":[{"name":"wp","href":"https:\/\/api.w.org\/{rel}","templated":true}]}}