{"id":2004,"date":"2025-04-16T11:29:07","date_gmt":"2025-04-16T09:29:07","guid":{"rendered":"https:\/\/adrianaarronte.com.es\/?page_id=2004"},"modified":"2025-07-17T19:07:41","modified_gmt":"2025-07-17T17:07:41","slug":"exposiciones-individuales","status":"publish","type":"page","link":"https:\/\/adrianaarronte.com.es\/index.php\/noticias\/exposiciones-individuales\/","title":{"rendered":"Exposiciones individuales"},"content":{"rendered":"\n<p class=\"has-ast-global-color-8-color has-text-color has-link-color has-small-font-size wp-elements-79f5ba9183e308715372078164cb3cba\">Exposiciones individuales<\/p>\n\n\n\n<div class=\"wp-block-columns is-layout-flex wp-container-core-columns-is-layout-9d6595d7 wp-block-columns-is-layout-flex\">\n<div class=\"wp-block-column is-layout-flow wp-block-column-is-layout-flow\">\n<p><strong>2021<\/strong><\/p>\n\n\n\n<figure class=\"wp-block-gallery has-nested-images columns-default is-cropped wp-block-gallery-1 is-layout-flex wp-block-gallery-is-layout-flex\">\n<figure class=\"wp-block-image size-full\"><a href=\"https:\/\/adrianaarronte.com.es\/index.php\/noticias\/exposiciones-individuales\/la-ilusion-de-los-sistemas\/\" target=\"_blank\" rel=\" noreferrer noopener\"><img loading=\"lazy\" decoding=\"async\" width=\"1000\" height=\"700\" data-id=\"2388\" src=\"https:\/\/adrianaarronte.com.es\/wp-content\/uploads\/2025\/07\/01-La-ilusion-de-los-sistemas-2021.jpg\" alt=\"\" class=\"wp-image-2388\" srcset=\"https:\/\/adrianaarronte.com.es\/wp-content\/uploads\/2025\/07\/01-La-ilusion-de-los-sistemas-2021.jpg 1000w, https:\/\/adrianaarronte.com.es\/wp-content\/uploads\/2025\/07\/01-La-ilusion-de-los-sistemas-2021-300x210.jpg 300w, https:\/\/adrianaarronte.com.es\/wp-content\/uploads\/2025\/07\/01-La-ilusion-de-los-sistemas-2021-768x538.jpg 768w\" sizes=\"auto, (max-width: 1000px) 100vw, 1000px\" \/><\/a><\/figure>\n<\/figure>\n\n\n\n<p class=\"has-text-align-center has-nv-c-1-color has-text-color has-link-color wp-elements-7db56c582e6e8b32c53253dfd2ab062d\">LA ILUSI\u00d3N DE LOS SISTEMAS<br>Galer\u00eda Servando. La Habana<\/p>\n\n\n\n<p><\/p>\n<\/div>\n\n\n\n<div class=\"wp-block-column is-layout-flow wp-block-column-is-layout-flow\">\n<p><strong>2019<\/strong><\/p>\n\n\n\n<figure class=\"wp-block-gallery has-nested-images columns-default is-cropped wp-block-gallery-2 is-layout-flex wp-block-gallery-is-layout-flex\">\n<figure class=\"wp-block-image size-full\"><a href=\"https:\/\/adrianaarronte.com.es\/index.php\/noticias\/exposiciones-individuales\/estado-de-gracia\/\" target=\"_blank\" rel=\" noreferrer noopener\"><img loading=\"lazy\" decoding=\"async\" width=\"1000\" height=\"700\" data-id=\"2390\" src=\"https:\/\/adrianaarronte.com.es\/wp-content\/uploads\/2025\/07\/02-Estado-de-gracia-2019.jpg\" alt=\"\" class=\"wp-image-2390\" srcset=\"https:\/\/adrianaarronte.com.es\/wp-content\/uploads\/2025\/07\/02-Estado-de-gracia-2019.jpg 1000w, https:\/\/adrianaarronte.com.es\/wp-content\/uploads\/2025\/07\/02-Estado-de-gracia-2019-300x210.jpg 300w, https:\/\/adrianaarronte.com.es\/wp-content\/uploads\/2025\/07\/02-Estado-de-gracia-2019-768x538.jpg 768w\" sizes=\"auto, (max-width: 1000px) 100vw, 1000px\" \/><\/a><\/figure>\n<\/figure>\n\n\n\n<p class=\"has-text-align-center has-nv-c-1-color has-text-color has-link-color wp-elements-f3c6ddcfbf4e52947b8739267364134c\">ESTADO DE GRACIA<br>Galer\u00eda Villa Manuela. La Habana<\/p>\n<\/div>\n\n\n\n<div class=\"wp-block-column is-layout-flow wp-block-column-is-layout-flow\">\n<p><strong>2018<\/strong><\/p>\n\n\n\n<figure class=\"wp-block-gallery has-nested-images columns-default is-cropped wp-block-gallery-3 is-layout-flex wp-block-gallery-is-layout-flex\">\n<figure class=\"wp-block-image size-full\"><a href=\"https:\/\/adrianaarronte.com.es\/index.php\/solo-show-art-lima\/\" target=\"_blank\" rel=\" noreferrer noopener\"><img loading=\"lazy\" decoding=\"async\" width=\"1000\" height=\"700\" data-id=\"2391\" src=\"https:\/\/adrianaarronte.com.es\/wp-content\/uploads\/2025\/07\/03-Soloshow-ArtLima-2018.jpg\" alt=\"\" class=\"wp-image-2391\" srcset=\"https:\/\/adrianaarronte.com.es\/wp-content\/uploads\/2025\/07\/03-Soloshow-ArtLima-2018.jpg 1000w, https:\/\/adrianaarronte.com.es\/wp-content\/uploads\/2025\/07\/03-Soloshow-ArtLima-2018-300x210.jpg 300w, https:\/\/adrianaarronte.com.es\/wp-content\/uploads\/2025\/07\/03-Soloshow-ArtLima-2018-768x538.jpg 768w\" sizes=\"auto, (max-width: 1000px) 100vw, 1000px\" \/><\/a><\/figure>\n<\/figure>\n\n\n\n<p class=\"has-text-align-center has-nv-c-1-color has-text-color has-link-color wp-elements-89f8cc0587f55ae70c924b34460674a8\">SOLO SHOW ART LIMA<br>Feria de Arte Contempor\u00e1neo de Lima, Per\u00fa<\/p>\n<\/div>\n<\/div>\n\n\n\n<div class=\"wp-block-columns is-layout-flex wp-container-core-columns-is-layout-9d6595d7 wp-block-columns-is-layout-flex\">\n<div class=\"wp-block-column is-layout-flow wp-block-column-is-layout-flow\">\n<p><strong>2017<\/strong><\/p>\n\n\n\n<figure class=\"wp-block-gallery has-nested-images columns-default is-cropped wp-block-gallery-4 is-layout-flex wp-block-gallery-is-layout-flex\">\n<figure class=\"wp-block-image size-full\"><a href=\"https:\/\/adrianaarronte.com.es\/index.php\/noticias\/exposiciones-individuales\/solo-show-art-miami\/\" target=\"_blank\" rel=\" noreferrer noopener\"><img loading=\"lazy\" decoding=\"async\" width=\"1000\" height=\"700\" data-id=\"2393\" src=\"https:\/\/adrianaarronte.com.es\/wp-content\/uploads\/2025\/07\/04-Solo-shox-ArtMiami-2017.jpg\" alt=\"\" class=\"wp-image-2393\" srcset=\"https:\/\/adrianaarronte.com.es\/wp-content\/uploads\/2025\/07\/04-Solo-shox-ArtMiami-2017.jpg 1000w, https:\/\/adrianaarronte.com.es\/wp-content\/uploads\/2025\/07\/04-Solo-shox-ArtMiami-2017-300x210.jpg 300w, https:\/\/adrianaarronte.com.es\/wp-content\/uploads\/2025\/07\/04-Solo-shox-ArtMiami-2017-768x538.jpg 768w\" sizes=\"auto, (max-width: 1000px) 100vw, 1000px\" \/><\/a><\/figure>\n<\/figure>\n\n\n\n<p class=\"has-text-align-center has-nv-c-1-color has-text-color has-link-color wp-elements-81f712fecf7115968128049e49b5bac0\">SOLO SHOW ART MIAMI<br>Feria de Arte Contempor\u00e1neo de Miami, EU<\/p>\n<\/div>\n\n\n\n<div class=\"wp-block-column is-layout-flow wp-block-column-is-layout-flow\">\n<p><strong>2016<\/strong><\/p>\n\n\n\n<figure class=\"wp-block-gallery has-nested-images columns-default is-cropped wp-block-gallery-5 is-layout-flex wp-block-gallery-is-layout-flex\">\n<figure class=\"wp-block-image size-full\"><a href=\"https:\/\/adrianaarronte.com.es\/index.php\/noticias\/exposiciones-individuales\/desvio-de-recursos\/\" target=\"_blank\" rel=\" noreferrer noopener\"><img loading=\"lazy\" decoding=\"async\" width=\"1000\" height=\"700\" data-id=\"2395\" src=\"https:\/\/adrianaarronte.com.es\/wp-content\/uploads\/2025\/07\/05-Desvio-de-recursos-2016.jpg\" alt=\"\" class=\"wp-image-2395\" srcset=\"https:\/\/adrianaarronte.com.es\/wp-content\/uploads\/2025\/07\/05-Desvio-de-recursos-2016.jpg 1000w, https:\/\/adrianaarronte.com.es\/wp-content\/uploads\/2025\/07\/05-Desvio-de-recursos-2016-300x210.jpg 300w, https:\/\/adrianaarronte.com.es\/wp-content\/uploads\/2025\/07\/05-Desvio-de-recursos-2016-768x538.jpg 768w\" sizes=\"auto, (max-width: 1000px) 100vw, 1000px\" \/><\/a><\/figure>\n<\/figure>\n\n\n\n<p class=\"has-text-align-center has-nv-c-1-color has-text-color has-link-color wp-elements-3e394c1207fb1184496d9433c2752bed\">DESV\u00cdO DE RECURSOS<br>Galer\u00eda Artist718. La Habana<\/p>\n\n\n\n<p class=\"has-text-align-center\"><\/p>\n<\/div>\n\n\n\n<div class=\"wp-block-column is-layout-flow wp-block-column-is-layout-flow\">\n<p><strong>2015<\/strong><\/p>\n\n\n\n<figure class=\"wp-block-gallery has-nested-images columns-default is-cropped wp-block-gallery-6 is-layout-flex wp-block-gallery-is-layout-flex\">\n<figure class=\"wp-block-image size-full\"><a href=\"https:\/\/adrianaarronte.com.es\/index.php\/noticias\/exposiciones-individuales\/exposicion-cambio-de-estado\/\" target=\"_blank\" rel=\" noreferrer noopener\"><img loading=\"lazy\" decoding=\"async\" width=\"1000\" height=\"700\" data-id=\"2397\" src=\"https:\/\/adrianaarronte.com.es\/wp-content\/uploads\/2025\/07\/06-Cambio-de-estado-2015.jpg\" alt=\"\" class=\"wp-image-2397\" srcset=\"https:\/\/adrianaarronte.com.es\/wp-content\/uploads\/2025\/07\/06-Cambio-de-estado-2015.jpg 1000w, https:\/\/adrianaarronte.com.es\/wp-content\/uploads\/2025\/07\/06-Cambio-de-estado-2015-300x210.jpg 300w, https:\/\/adrianaarronte.com.es\/wp-content\/uploads\/2025\/07\/06-Cambio-de-estado-2015-768x538.jpg 768w\" sizes=\"auto, (max-width: 1000px) 100vw, 1000px\" \/><\/a><\/figure>\n<\/figure>\n\n\n\n<p class=\"has-text-align-center has-nv-c-1-color has-text-color has-link-color wp-elements-b99cd1442fec6eafb95666fd5dbf40b4\">CAMBIO DE ESTADO<br>Galer\u00eda Villa Manuela. La Habana<\/p>\n<\/div>\n<\/div>\n\n\n\n<div class=\"wp-block-columns is-layout-flex wp-container-core-columns-is-layout-9d6595d7 wp-block-columns-is-layout-flex\">\n<div class=\"wp-block-column is-layout-flow wp-block-column-is-layout-flow\">\n<p><strong>2013<\/strong><\/p>\n\n\n\n<figure class=\"wp-block-gallery has-nested-images columns-default is-cropped wp-block-gallery-7 is-layout-flex wp-block-gallery-is-layout-flex\">\n<figure class=\"wp-block-image size-full\"><a href=\"https:\/\/adrianaarronte.com.es\/index.php\/obras\/instalaciones\/cena\/\" target=\"_blank\" rel=\" noreferrer noopener\"><img loading=\"lazy\" decoding=\"async\" width=\"1000\" height=\"700\" data-id=\"2403\" src=\"https:\/\/adrianaarronte.com.es\/wp-content\/uploads\/2025\/07\/07-Cena-2013.jpg\" alt=\"\" class=\"wp-image-2403\" srcset=\"https:\/\/adrianaarronte.com.es\/wp-content\/uploads\/2025\/07\/07-Cena-2013.jpg 1000w, https:\/\/adrianaarronte.com.es\/wp-content\/uploads\/2025\/07\/07-Cena-2013-300x210.jpg 300w, https:\/\/adrianaarronte.com.es\/wp-content\/uploads\/2025\/07\/07-Cena-2013-768x538.jpg 768w\" sizes=\"auto, (max-width: 1000px) 100vw, 1000px\" \/><\/a><\/figure>\n<\/figure>\n\n\n\n<p class=\"has-text-align-center has-nv-c-1-color has-text-color has-link-color wp-elements-0899ecb24d0d29dab3d3ae4a11df221c\">CENA<br>Galer\u00eda Carmelo Gonzales<em>.<\/em> La Habana<\/p>\n<\/div>\n\n\n\n<div class=\"wp-block-column is-layout-flow wp-block-column-is-layout-flow\">\n<p><strong>2008<\/strong><\/p>\n\n\n\n<figure class=\"wp-block-gallery has-nested-images columns-default is-cropped wp-block-gallery-8 is-layout-flex wp-block-gallery-is-layout-flex\">\n<figure class=\"wp-block-image size-full\"><a href=\"https:\/\/adrianaarronte.com.es\/index.php\/obras\/instalaciones\/desayuno\/\" target=\"_blank\" rel=\" noreferrer noopener\"><img loading=\"lazy\" decoding=\"async\" width=\"1000\" height=\"700\" data-id=\"2406\" src=\"https:\/\/adrianaarronte.com.es\/wp-content\/uploads\/2025\/07\/08-Desayuno-2008.jpg\" alt=\"\" class=\"wp-image-2406\" srcset=\"https:\/\/adrianaarronte.com.es\/wp-content\/uploads\/2025\/07\/08-Desayuno-2008.jpg 1000w, https:\/\/adrianaarronte.com.es\/wp-content\/uploads\/2025\/07\/08-Desayuno-2008-300x210.jpg 300w, https:\/\/adrianaarronte.com.es\/wp-content\/uploads\/2025\/07\/08-Desayuno-2008-768x538.jpg 768w\" sizes=\"auto, (max-width: 1000px) 100vw, 1000px\" \/><\/a><\/figure>\n<\/figure>\n\n\n\n<p class=\"has-text-align-center has-nv-c-1-color has-text-color has-link-color wp-elements-4ffba60b336bbdd90dec75304a105b25\">DESAYUNO<br>Centro de Desarrollo de las Artes Visuales. La Habana<\/p>\n<\/div>\n\n\n\n<div class=\"wp-block-column is-layout-flow wp-block-column-is-layout-flow\">\n<p><strong>2006<\/strong><\/p>\n\n\n\n<figure class=\"wp-block-gallery has-nested-images columns-default is-cropped wp-block-gallery-9 is-layout-flex wp-block-gallery-is-layout-flex\">\n<figure class=\"wp-block-image size-full\"><a href=\"https:\/\/adrianaarronte.com.es\/index.php\/obras\/instalaciones\/brindis\/\" target=\"_blank\" rel=\" noreferrer noopener\"><img loading=\"lazy\" decoding=\"async\" width=\"1000\" height=\"700\" data-id=\"2404\" src=\"https:\/\/adrianaarronte.com.es\/wp-content\/uploads\/2025\/07\/09-Brindis.jpg\" alt=\"\" class=\"wp-image-2404\" srcset=\"https:\/\/adrianaarronte.com.es\/wp-content\/uploads\/2025\/07\/09-Brindis.jpg 1000w, https:\/\/adrianaarronte.com.es\/wp-content\/uploads\/2025\/07\/09-Brindis-300x210.jpg 300w, https:\/\/adrianaarronte.com.es\/wp-content\/uploads\/2025\/07\/09-Brindis-768x538.jpg 768w\" sizes=\"auto, (max-width: 1000px) 100vw, 1000px\" \/><\/a><\/figure>\n<\/figure>\n\n\n\n<p class=\"has-text-align-center has-nv-c-1-color has-text-color has-link-color wp-elements-1e6c510ac1180033829f46d0b1ac621a\">BRINDIS<br>Galer\u00eda del Centro Cultural Cinematogr\u00e1fico ICAIC. La Habana<\/p>\n<\/div>\n<\/div>\n\n\n\n<div class=\"wp-block-columns is-layout-flex wp-container-core-columns-is-layout-9d6595d7 wp-block-columns-is-layout-flex\">\n<div class=\"wp-block-column is-layout-flow wp-block-column-is-layout-flow\">\n<p><strong>2009<\/strong><\/p>\n\n\n\n<figure class=\"wp-block-image size-full\"><img loading=\"lazy\" decoding=\"async\" width=\"1000\" height=\"700\" src=\"https:\/\/adrianaarronte.com.es\/wp-content\/uploads\/2025\/07\/011-Efectos-secundarios-2009.jpg\" alt=\"\" class=\"wp-image-2454\" srcset=\"https:\/\/adrianaarronte.com.es\/wp-content\/uploads\/2025\/07\/011-Efectos-secundarios-2009.jpg 1000w, https:\/\/adrianaarronte.com.es\/wp-content\/uploads\/2025\/07\/011-Efectos-secundarios-2009-300x210.jpg 300w, https:\/\/adrianaarronte.com.es\/wp-content\/uploads\/2025\/07\/011-Efectos-secundarios-2009-768x538.jpg 768w\" sizes=\"auto, (max-width: 1000px) 100vw, 1000px\" \/><\/figure>\n\n\n\n<p class=\"has-text-align-center has-nv-c-1-color has-text-color has-link-color wp-elements-bd8d1db78e416a13322a796a8ef5bb45\">EFECTOS SECUNDARIOS<br>Galer\u00eda Luz &amp; Su\u00e1rez del Villar. Madrid<\/p>\n<\/div>\n\n\n\n<div class=\"wp-block-column is-layout-flow wp-block-column-is-layout-flow\"><\/div>\n\n\n\n<div class=\"wp-block-column is-layout-flow wp-block-column-is-layout-flow\"><\/div>\n<\/div>\n\n\n\n<p><a href=\"https:\/\/adrianaarronte.com.es\/index.php\/noticias\/\">EXPOSICIONES<\/a><\/p>\n","protected":false},"excerpt":{"rendered":"<p>Exposiciones individuales 2021 LA ILUSI\u00d3N DE LOS SISTEMASGaler\u00eda Servando. La Habana 2019 ESTADO DE GRACIAGaler\u00eda Villa Manuela. La Habana 2018 SOLO SHOW ART LIMAFeria de Arte Contempor\u00e1neo de Lima, Per\u00fa 2017 SOLO SHOW ART MIAMIFeria de Arte Contempor\u00e1neo de Miami, EU 2016 DESV\u00cdO DE RECURSOSGaler\u00eda Artist718. La Habana 2015 CAMBIO DE ESTADOGaler\u00eda Villa Manuela. La&hellip;&nbsp;<a href=\"https:\/\/adrianaarronte.com.es\/index.php\/noticias\/exposiciones-individuales\/\" rel=\"bookmark\"><span class=\"screen-reader-text\">Exposiciones individuales<\/span><\/a><\/p>\n","protected":false},"author":1,"featured_media":0,"parent":107,"menu_order":0,"comment_status":"closed","ping_status":"closed","template":"","meta":{"neve_meta_sidebar":"","neve_meta_container":"","neve_meta_enable_content_width":"","neve_meta_content_width":0,"neve_meta_title_alignment":"","neve_meta_author_avatar":"","neve_post_elements_order":"","neve_meta_disable_header":"","neve_meta_disable_footer":"","neve_meta_disable_title":"on","footnotes":""},"class_list":["post-2004","page","type-page","status-publish","hentry"],"yoast_head":"<!-- This site is optimized with the Yoast SEO plugin v21.6 - https:\/\/yoast.com\/wordpress\/plugins\/seo\/ -->\n<title>Exposiciones individuales - ADRIANA ARRONTE<\/title>\n<meta name=\"description\" content=\"2021 LA ILUSI\u00d3N DE LOS SISTEMAS\/ 2019 ESTADO DE GRACIA\/ 2018 SOLO SHOW ART LIMA\/ 2017 SOLO SHOW ART MIAMI\/ 2016 DESV\u00cdO DE RECURSOS\/ 2015 CAMBIO DE ESTADO\/ 2013 CENA\/ 2011 TEMPORADA DE CAZA\/ 2009 EFECTOS SECUNDARIOS\/ 2008 DESAYUNO\/ 2006 BRINDIS\" \/>\n<meta name=\"robots\" content=\"index, follow, max-snippet:-1, max-image-preview:large, max-video-preview:-1\" \/>\n<link rel=\"canonical\" href=\"https:\/\/adrianaarronte.com.es\/index.php\/noticias\/exposiciones-individuales\/\" \/>\n<meta property=\"og:locale\" content=\"es_ES\" \/>\n<meta property=\"og:type\" content=\"article\" \/>\n<meta property=\"og:title\" content=\"Exposiciones individuales - ADRIANA ARRONTE\" \/>\n<meta property=\"og:description\" content=\"2021 LA ILUSI\u00d3N DE LOS SISTEMAS\/ 2019 ESTADO DE GRACIA\/ 2018 SOLO SHOW ART LIMA\/ 2017 SOLO SHOW ART MIAMI\/ 2016 DESV\u00cdO DE RECURSOS\/ 2015 CAMBIO DE ESTADO\/ 2013 CENA\/ 2011 TEMPORADA DE CAZA\/ 2009 EFECTOS SECUNDARIOS\/ 2008 DESAYUNO\/ 2006 BRINDIS\" \/>\n<meta property=\"og:url\" content=\"https:\/\/adrianaarronte.com.es\/index.php\/noticias\/exposiciones-individuales\/\" \/>\n<meta property=\"og:site_name\" content=\"ADRIANA ARRONTE\" \/>\n<meta property=\"article:modified_time\" content=\"2025-07-17T17:07:41+00:00\" \/>\n<meta property=\"og:image\" content=\"https:\/\/adrianaarronte.com.es\/wp-content\/uploads\/2025\/04\/inv-Art-miami-Adriana-Arronte.jpg\" \/>\n\t<meta property=\"og:image:width\" content=\"838\" \/>\n\t<meta property=\"og:image:height\" content=\"838\" \/>\n\t<meta property=\"og:image:type\" content=\"image\/jpeg\" \/>\n<meta name=\"twitter:card\" content=\"summary_large_image\" \/>\n<meta name=\"twitter:label1\" content=\"Tiempo de lectura\" \/>\n\t<meta name=\"twitter:data1\" content=\"3 minutos\" \/>\n<script type=\"application\/ld+json\" class=\"yoast-schema-graph\">{\"@context\":\"https:\/\/schema.org\",\"@graph\":[{\"@type\":\"WebPage\",\"@id\":\"https:\/\/adrianaarronte.com.es\/index.php\/noticias\/exposiciones-individuales\/\",\"url\":\"https:\/\/adrianaarronte.com.es\/index.php\/noticias\/exposiciones-individuales\/\",\"name\":\"Exposiciones individuales - ADRIANA ARRONTE\",\"isPartOf\":{\"@id\":\"https:\/\/adrianaarronte.com.es\/#website\"},\"datePublished\":\"2025-04-16T09:29:07+00:00\",\"dateModified\":\"2025-07-17T17:07:41+00:00\",\"description\":\"2021 LA ILUSI\u00d3N DE LOS SISTEMAS\/ 2019 ESTADO DE GRACIA\/ 2018 SOLO SHOW ART LIMA\/ 2017 SOLO SHOW ART MIAMI\/ 2016 DESV\u00cdO DE RECURSOS\/ 2015 CAMBIO DE ESTADO\/ 2013 CENA\/ 2011 TEMPORADA DE CAZA\/ 2009 EFECTOS SECUNDARIOS\/ 2008 DESAYUNO\/ 2006 BRINDIS\",\"breadcrumb\":{\"@id\":\"https:\/\/adrianaarronte.com.es\/index.php\/noticias\/exposiciones-individuales\/#breadcrumb\"},\"inLanguage\":\"es\",\"potentialAction\":[{\"@type\":\"ReadAction\",\"target\":[\"https:\/\/adrianaarronte.com.es\/index.php\/noticias\/exposiciones-individuales\/\"]}]},{\"@type\":\"BreadcrumbList\",\"@id\":\"https:\/\/adrianaarronte.com.es\/index.php\/noticias\/exposiciones-individuales\/#breadcrumb\",\"itemListElement\":[{\"@type\":\"ListItem\",\"position\":1,\"name\":\"Home\",\"item\":\"https:\/\/adrianaarronte.com.es\/\"},{\"@type\":\"ListItem\",\"position\":2,\"name\":\"EXPOSICIONES\",\"item\":\"https:\/\/adrianaarronte.com.es\/index.php\/noticias\/\"},{\"@type\":\"ListItem\",\"position\":3,\"name\":\"Exposiciones individuales\"}]},{\"@type\":\"WebSite\",\"@id\":\"https:\/\/adrianaarronte.com.es\/#website\",\"url\":\"https:\/\/adrianaarronte.com.es\/\",\"name\":\"ADRIANA ARRONTE\",\"description\":\"\",\"potentialAction\":[{\"@type\":\"SearchAction\",\"target\":{\"@type\":\"EntryPoint\",\"urlTemplate\":\"https:\/\/adrianaarronte.com.es\/?s={search_term_string}\"},\"query-input\":\"required name=search_term_string\"}],\"inLanguage\":\"es\"}]}<\/script>\n<!-- \/ Yoast SEO plugin. -->","yoast_head_json":{"title":"Exposiciones individuales - ADRIANA ARRONTE","description":"2021 LA ILUSI\u00d3N DE LOS SISTEMAS\/ 2019 ESTADO DE GRACIA\/ 2018 SOLO SHOW ART LIMA\/ 2017 SOLO SHOW ART MIAMI\/ 2016 DESV\u00cdO DE RECURSOS\/ 2015 CAMBIO DE ESTADO\/ 2013 CENA\/ 2011 TEMPORADA DE CAZA\/ 2009 EFECTOS SECUNDARIOS\/ 2008 DESAYUNO\/ 2006 BRINDIS","robots":{"index":"index","follow":"follow","max-snippet":"max-snippet:-1","max-image-preview":"max-image-preview:large","max-video-preview":"max-video-preview:-1"},"canonical":"https:\/\/adrianaarronte.com.es\/index.php\/noticias\/exposiciones-individuales\/","og_locale":"es_ES","og_type":"article","og_title":"Exposiciones individuales - ADRIANA ARRONTE","og_description":"2021 LA ILUSI\u00d3N DE LOS SISTEMAS\/ 2019 ESTADO DE GRACIA\/ 2018 SOLO SHOW ART LIMA\/ 2017 SOLO SHOW ART MIAMI\/ 2016 DESV\u00cdO DE RECURSOS\/ 2015 CAMBIO DE ESTADO\/ 2013 CENA\/ 2011 TEMPORADA DE CAZA\/ 2009 EFECTOS SECUNDARIOS\/ 2008 DESAYUNO\/ 2006 BRINDIS","og_url":"https:\/\/adrianaarronte.com.es\/index.php\/noticias\/exposiciones-individuales\/","og_site_name":"ADRIANA ARRONTE","article_modified_time":"2025-07-17T17:07:41+00:00","og_image":[{"width":838,"height":838,"url":"https:\/\/adrianaarronte.com.es\/wp-content\/uploads\/2025\/04\/inv-Art-miami-Adriana-Arronte.jpg","type":"image\/jpeg"}],"twitter_card":"summary_large_image","twitter_misc":{"Tiempo de lectura":"3 minutos"},"schema":{"@context":"https:\/\/schema.org","@graph":[{"@type":"WebPage","@id":"https:\/\/adrianaarronte.com.es\/index.php\/noticias\/exposiciones-individuales\/","url":"https:\/\/adrianaarronte.com.es\/index.php\/noticias\/exposiciones-individuales\/","name":"Exposiciones individuales - ADRIANA ARRONTE","isPartOf":{"@id":"https:\/\/adrianaarronte.com.es\/#website"},"datePublished":"2025-04-16T09:29:07+00:00","dateModified":"2025-07-17T17:07:41+00:00","description":"2021 LA ILUSI\u00d3N DE LOS SISTEMAS\/ 2019 ESTADO DE GRACIA\/ 2018 SOLO SHOW ART LIMA\/ 2017 SOLO SHOW ART MIAMI\/ 2016 DESV\u00cdO DE RECURSOS\/ 2015 CAMBIO DE ESTADO\/ 2013 CENA\/ 2011 TEMPORADA DE CAZA\/ 2009 EFECTOS SECUNDARIOS\/ 2008 DESAYUNO\/ 2006 BRINDIS","breadcrumb":{"@id":"https:\/\/adrianaarronte.com.es\/index.php\/noticias\/exposiciones-individuales\/#breadcrumb"},"inLanguage":"es","potentialAction":[{"@type":"ReadAction","target":["https:\/\/adrianaarronte.com.es\/index.php\/noticias\/exposiciones-individuales\/"]}]},{"@type":"BreadcrumbList","@id":"https:\/\/adrianaarronte.com.es\/index.php\/noticias\/exposiciones-individuales\/#breadcrumb","itemListElement":[{"@type":"ListItem","position":1,"name":"Home","item":"https:\/\/adrianaarronte.com.es\/"},{"@type":"ListItem","position":2,"name":"EXPOSICIONES","item":"https:\/\/adrianaarronte.com.es\/index.php\/noticias\/"},{"@type":"ListItem","position":3,"name":"Exposiciones individuales"}]},{"@type":"WebSite","@id":"https:\/\/adrianaarronte.com.es\/#website","url":"https:\/\/adrianaarronte.com.es\/","name":"ADRIANA ARRONTE","description":"","potentialAction":[{"@type":"SearchAction","target":{"@type":"EntryPoint","urlTemplate":"https:\/\/adrianaarronte.com.es\/?s={search_term_string}"},"query-input":"required name=search_term_string"}],"inLanguage":"es"}]}},"_links":{"self":[{"href":"https:\/\/adrianaarronte.com.es\/index.php\/wp-json\/wp\/v2\/pages\/2004","targetHints":{"allow":["GET"]}}],"collection":[{"href":"https:\/\/adrianaarronte.com.es\/index.php\/wp-json\/wp\/v2\/pages"}],"about":[{"href":"https:\/\/adrianaarronte.com.es\/index.php\/wp-json\/wp\/v2\/types\/page"}],"author":[{"embeddable":true,"href":"https:\/\/adrianaarronte.com.es\/index.php\/wp-json\/wp\/v2\/users\/1"}],"replies":[{"embeddable":true,"href":"https:\/\/adrianaarronte.com.es\/index.php\/wp-json\/wp\/v2\/comments?post=2004"}],"version-history":[{"count":52,"href":"https:\/\/adrianaarronte.com.es\/index.php\/wp-json\/wp\/v2\/pages\/2004\/revisions"}],"predecessor-version":[{"id":2503,"href":"https:\/\/adrianaarronte.com.es\/index.php\/wp-json\/wp\/v2\/pages\/2004\/revisions\/2503"}],"up":[{"embeddable":true,"href":"https:\/\/adrianaarronte.com.es\/index.php\/wp-json\/wp\/v2\/pages\/107"}],"wp:attachment":[{"href":"https:\/\/adrianaarronte.com.es\/index.php\/wp-json\/wp\/v2\/media?parent=2004"}],"curies":[{"name":"wp","href":"https:\/\/api.w.org\/{rel}","templated":true}]}}