{"id":2050,"date":"2025-04-16T14:37:31","date_gmt":"2025-04-16T12:37:31","guid":{"rendered":"https:\/\/adrianaarronte.com.es\/?page_id=2050"},"modified":"2025-09-28T15:07:14","modified_gmt":"2025-09-28T13:07:14","slug":"exposiciones-colectivas","status":"publish","type":"page","link":"https:\/\/adrianaarronte.com.es\/index.php\/noticias\/exposiciones-colectivas\/","title":{"rendered":"Exposiciones colectivas"},"content":{"rendered":"\n<p class=\"has-ast-global-color-8-color has-text-color has-link-color has-small-font-size wp-elements-7ffc97f5d1eb5b1097e99449a9fb93b2\">Exposiciones colectivas<\/p>\n\n\n\n<div class=\"wp-block-columns is-layout-flex wp-container-core-columns-is-layout-9d6595d7 wp-block-columns-is-layout-flex\">\n<div class=\"wp-block-column is-layout-flow wp-block-column-is-layout-flow\">\n<div class=\"wp-block-columns is-layout-flex wp-container-core-columns-is-layout-9d6595d7 wp-block-columns-is-layout-flex\">\n<div class=\"wp-block-column is-layout-flow wp-block-column-is-layout-flow\">\n<p><strong>2025<\/strong><\/p>\n\n\n\n<figure class=\"wp-block-gallery has-nested-images columns-default is-cropped wp-block-gallery-1 is-layout-flex wp-block-gallery-is-layout-flex\">\n<figure class=\"wp-block-image size-full\"><a href=\"https:\/\/adrianaarronte.com.es\/index.php\/exposicion-dialogos-coleccion-ella-fontanals-cisneros\/\" target=\"_blank\" rel=\" noreferrer noopener\"><img loading=\"lazy\" decoding=\"async\" width=\"700\" height=\"420\" data-id=\"2072\" src=\"https:\/\/adrianaarronte.com.es\/wp-content\/uploads\/2025\/04\/Dialogos-Adriana-Arronte.png\" alt=\"\" class=\"wp-image-2072\" srcset=\"https:\/\/adrianaarronte.com.es\/wp-content\/uploads\/2025\/04\/Dialogos-Adriana-Arronte.png 700w, https:\/\/adrianaarronte.com.es\/wp-content\/uploads\/2025\/04\/Dialogos-Adriana-Arronte-300x180.png 300w\" sizes=\"auto, (max-width: 700px) 100vw, 700px\" \/><\/a><\/figure>\n<\/figure>\n\n\n\n<p class=\"has-small-font-size\">DI\u00c1LOGOS. ARTISTAS MUJERES EN LA COLECCI\u00d3N ELLA FONTANALS-CISNEROS&nbsp;<br>Museo de Arte Contempor\u00e1neo de Monterrey. MARCO<\/p>\n<\/div>\n\n\n\n<div class=\"wp-block-column is-layout-flow wp-block-column-is-layout-flow\">\n<p><strong>2025<\/strong><\/p>\n\n\n\n<figure class=\"wp-block-gallery has-nested-images columns-default is-cropped wp-block-gallery-2 is-layout-flex wp-block-gallery-is-layout-flex\">\n<figure class=\"wp-block-image size-large\"><a href=\"https:\/\/adrianaarronte.com.es\/index.php\/obras\/performance\/choque-de-potencias\/\"><img loading=\"lazy\" decoding=\"async\" width=\"700\" height=\"420\" data-id=\"2068\" src=\"https:\/\/adrianaarronte.com.es\/wp-content\/uploads\/2025\/04\/Choque-de-potencias-Adriana-Arronte.png\" alt=\"\" class=\"wp-image-2068\" srcset=\"https:\/\/adrianaarronte.com.es\/wp-content\/uploads\/2025\/04\/Choque-de-potencias-Adriana-Arronte.png 700w, https:\/\/adrianaarronte.com.es\/wp-content\/uploads\/2025\/04\/Choque-de-potencias-Adriana-Arronte-300x180.png 300w\" sizes=\"auto, (max-width: 700px) 100vw, 700px\" \/><\/a><\/figure>\n<\/figure>\n\n\n\n<p class=\"has-small-font-size\">ESTUDIO ABIERTO \u2013 EXPANSI\u00d3N Y REPETICI\u00d3N<br>Late studio-society, Madrid<\/p>\n<\/div>\n<\/div>\n<\/div>\n\n\n\n<div class=\"wp-block-column is-layout-flow wp-block-column-is-layout-flow\">\n<div class=\"wp-block-columns is-layout-flex wp-container-core-columns-is-layout-9d6595d7 wp-block-columns-is-layout-flex\">\n<div class=\"wp-block-column is-layout-flow wp-block-column-is-layout-flow\">\n<p><strong>2024<\/strong><\/p>\n\n\n\n<figure class=\"wp-block-gallery has-nested-images columns-default is-cropped wp-block-gallery-3 is-layout-flex wp-block-gallery-is-layout-flex\">\n<figure class=\"wp-block-image size-large\"><a href=\"https:\/\/adrianaarronte.com.es\/index.php\/obras\/instalaciones\/luminaria-desarmada-2\/\" target=\"_blank\" rel=\" noreferrer noopener\"><img loading=\"lazy\" decoding=\"async\" width=\"700\" height=\"420\" data-id=\"2075\" src=\"https:\/\/adrianaarronte.com.es\/wp-content\/uploads\/2025\/04\/Luminaria-desarmada-2025.png\" alt=\"\" class=\"wp-image-2075\" srcset=\"https:\/\/adrianaarronte.com.es\/wp-content\/uploads\/2025\/04\/Luminaria-desarmada-2025.png 700w, https:\/\/adrianaarronte.com.es\/wp-content\/uploads\/2025\/04\/Luminaria-desarmada-2025-300x180.png 300w\" sizes=\"auto, (max-width: 700px) 100vw, 700px\" \/><\/a><\/figure>\n<\/figure>\n\n\n\n<p class=\"has-small-font-size\">ATRAVESAR<br>Espacio el Puente, Madrid<\/p>\n<\/div>\n\n\n\n<div class=\"wp-block-column is-layout-flow wp-block-column-is-layout-flow\">\n<p><strong>2024<\/strong><\/p>\n\n\n\n<figure class=\"wp-block-gallery has-nested-images columns-default is-cropped wp-block-gallery-4 is-layout-flex wp-block-gallery-is-layout-flex\">\n<figure class=\"wp-block-image size-large\"><a href=\"https:\/\/adrianaarronte.com.es\/index.php\/noticias\/exposiciones-colectivas\/a-santos-de-que-2\/\" target=\"_blank\" rel=\" noreferrer noopener\"><img loading=\"lazy\" decoding=\"async\" width=\"700\" height=\"420\" data-id=\"2077\" src=\"https:\/\/adrianaarronte.com.es\/wp-content\/uploads\/2025\/04\/A-Santos-de-que.png\" alt=\"\" class=\"wp-image-2077\" srcset=\"https:\/\/adrianaarronte.com.es\/wp-content\/uploads\/2025\/04\/A-Santos-de-que.png 700w, https:\/\/adrianaarronte.com.es\/wp-content\/uploads\/2025\/04\/A-Santos-de-que-300x180.png 300w\" sizes=\"auto, (max-width: 700px) 100vw, 700px\" \/><\/a><\/figure>\n<\/figure>\n\n\n\n<p class=\"has-small-font-size\">\u00bfA SANTOS DE QU\u00c9?<br>La Casa Amarilla. M\u00e1laga<\/p>\n<\/div>\n<\/div>\n<\/div>\n<\/div>\n\n\n\n<div class=\"wp-block-columns is-layout-flex wp-container-core-columns-is-layout-9d6595d7 wp-block-columns-is-layout-flex\">\n<div class=\"wp-block-column is-layout-flow wp-block-column-is-layout-flow\">\n<div class=\"wp-block-columns is-layout-flex wp-container-core-columns-is-layout-9d6595d7 wp-block-columns-is-layout-flex\">\n<div class=\"wp-block-column is-layout-flow wp-block-column-is-layout-flow\">\n<p><strong>2024<\/strong><\/p>\n\n\n\n<figure class=\"wp-block-gallery has-nested-images columns-default is-cropped wp-block-gallery-5 is-layout-flex wp-block-gallery-is-layout-flex\">\n<figure class=\"wp-block-image size-large\"><a href=\"https:\/\/adrianaarronte.com.es\/index.php\/noticias\/exposiciones-colectivas\/exposicion-territorio-sin-limites\/\" target=\"_blank\" rel=\" noreferrer noopener\"><img loading=\"lazy\" decoding=\"async\" width=\"700\" height=\"420\" data-id=\"2081\" src=\"https:\/\/adrianaarronte.com.es\/wp-content\/uploads\/2025\/04\/Politica-de-datos-2024.jpg\" alt=\"\" class=\"wp-image-2081\" srcset=\"https:\/\/adrianaarronte.com.es\/wp-content\/uploads\/2025\/04\/Politica-de-datos-2024.jpg 700w, https:\/\/adrianaarronte.com.es\/wp-content\/uploads\/2025\/04\/Politica-de-datos-2024-300x180.jpg 300w\" sizes=\"auto, (max-width: 700px) 100vw, 700px\" \/><\/a><\/figure>\n<\/figure>\n\n\n\n<p class=\"has-small-font-size\">TERRITORIO SIN L\u00cdMITES<br>Museo de arte moderno y contempor\u00e1neo Mohammed VI. Rabat, Marruecos<\/p>\n<\/div>\n\n\n\n<div class=\"wp-block-column is-layout-flow wp-block-column-is-layout-flow\">\n<p><strong>2024<\/strong><\/p>\n\n\n\n<figure class=\"wp-block-gallery has-nested-images columns-default is-cropped wp-block-gallery-6 is-layout-flex wp-block-gallery-is-layout-flex\">\n<figure class=\"wp-block-image size-large\"><img loading=\"lazy\" decoding=\"async\" width=\"700\" height=\"420\" data-id=\"2083\" src=\"https:\/\/adrianaarronte.com.es\/wp-content\/uploads\/2025\/04\/Vamos-a-nombrar-las-cosas.png\" alt=\"\" class=\"wp-image-2083\" srcset=\"https:\/\/adrianaarronte.com.es\/wp-content\/uploads\/2025\/04\/Vamos-a-nombrar-las-cosas.png 700w, https:\/\/adrianaarronte.com.es\/wp-content\/uploads\/2025\/04\/Vamos-a-nombrar-las-cosas-300x180.png 300w\" sizes=\"auto, (max-width: 700px) 100vw, 700px\" \/><\/figure>\n<\/figure>\n\n\n\n<p class=\"has-small-font-size\">VAMOS A NOMBRAR LAS COSAS<br>Galer\u00eda Javier Silva. Valladolid<\/p>\n<\/div>\n<\/div>\n<\/div>\n\n\n\n<div class=\"wp-block-column is-layout-flow wp-block-column-is-layout-flow\">\n<div class=\"wp-block-columns is-layout-flex wp-container-core-columns-is-layout-9d6595d7 wp-block-columns-is-layout-flex\">\n<div class=\"wp-block-column is-layout-flow wp-block-column-is-layout-flow\">\n<p><strong>2024<\/strong><\/p>\n\n\n\n<figure class=\"wp-block-gallery has-nested-images columns-default is-cropped wp-block-gallery-7 is-layout-flex wp-block-gallery-is-layout-flex\">\n<figure class=\"wp-block-image size-large\"><img loading=\"lazy\" decoding=\"async\" width=\"700\" height=\"420\" data-id=\"2088\" src=\"https:\/\/adrianaarronte.com.es\/wp-content\/uploads\/2025\/04\/Desvio-de-recursos.png\" alt=\"\" class=\"wp-image-2088\" srcset=\"https:\/\/adrianaarronte.com.es\/wp-content\/uploads\/2025\/04\/Desvio-de-recursos.png 700w, https:\/\/adrianaarronte.com.es\/wp-content\/uploads\/2025\/04\/Desvio-de-recursos-300x180.png 300w\" sizes=\"auto, (max-width: 700px) 100vw, 700px\" \/><\/figure>\n<\/figure>\n\n\n\n<p class=\"has-small-font-size\">CASA ES UNA CASA<br>Galer\u00eda Artis 718. La Habana<\/p>\n<\/div>\n\n\n\n<div class=\"wp-block-column is-layout-flow wp-block-column-is-layout-flow\">\n<p><strong>2023<\/strong><\/p>\n\n\n\n<figure class=\"wp-block-gallery has-nested-images columns-default is-cropped wp-block-gallery-8 is-layout-flex wp-block-gallery-is-layout-flex\">\n<figure class=\"wp-block-image size-large\"><img loading=\"lazy\" decoding=\"async\" width=\"700\" height=\"420\" data-id=\"2091\" src=\"https:\/\/adrianaarronte.com.es\/wp-content\/uploads\/2025\/04\/Iberoamericana.jpg\" alt=\"\" class=\"wp-image-2091\" srcset=\"https:\/\/adrianaarronte.com.es\/wp-content\/uploads\/2025\/04\/Iberoamericana.jpg 700w, https:\/\/adrianaarronte.com.es\/wp-content\/uploads\/2025\/04\/Iberoamericana-300x180.jpg 300w\" sizes=\"auto, (max-width: 700px) 100vw, 700px\" \/><\/figure>\n<\/figure>\n\n\n\n<p class=\"has-small-font-size\">IBEROAMERICANA DE ALCAL\u00c1. BIENAL DE ARTE CONTEMPOR\u00c1NEO<br>Colegio de los Caracciolos. Universidad de Artes y letras. Alcal\u00e1 de Henares<\/p>\n<\/div>\n<\/div>\n<\/div>\n<\/div>\n\n\n\n<div class=\"wp-block-columns is-layout-flex wp-container-core-columns-is-layout-9d6595d7 wp-block-columns-is-layout-flex\">\n<div class=\"wp-block-column is-layout-flow wp-block-column-is-layout-flow\">\n<div class=\"wp-block-columns is-layout-flex wp-container-core-columns-is-layout-9d6595d7 wp-block-columns-is-layout-flex\">\n<div class=\"wp-block-column is-layout-flow wp-block-column-is-layout-flow\"><\/div>\n\n\n\n<div class=\"wp-block-column is-layout-flow wp-block-column-is-layout-flow\"><\/div>\n<\/div>\n<\/div>\n\n\n\n<div class=\"wp-block-column is-layout-flow wp-block-column-is-layout-flow\">\n<div class=\"wp-block-columns is-layout-flex wp-container-core-columns-is-layout-9d6595d7 wp-block-columns-is-layout-flex\">\n<div class=\"wp-block-column is-layout-flow wp-block-column-is-layout-flow\"><\/div>\n\n\n\n<div class=\"wp-block-column is-layout-flow wp-block-column-is-layout-flow\"><\/div>\n<\/div>\n<\/div>\n<\/div>\n\n\n\n<p><a href=\"https:\/\/adrianaarronte.com.es\/index.php\/noticias\/\">EXPOSICIONES<\/a><\/p>\n","protected":false},"excerpt":{"rendered":"<p>Exposiciones colectivas 2025 DI\u00c1LOGOS. ARTISTAS MUJERES EN LA COLECCI\u00d3N ELLA FONTANALS-CISNEROS&nbsp;Museo de Arte Contempor\u00e1neo de Monterrey. MARCO 2025 ESTUDIO ABIERTO \u2013 EXPANSI\u00d3N Y REPETICI\u00d3NLate studio-society, Madrid 2024 ATRAVESAREspacio el Puente, Madrid 2024 \u00bfA SANTOS DE QU\u00c9?La Casa Amarilla. M\u00e1laga 2024 TERRITORIO SIN L\u00cdMITESMuseo de arte moderno y contempor\u00e1neo Mohammed VI. Rabat, Marruecos 2024 VAMOS A&hellip;&nbsp;<a href=\"https:\/\/adrianaarronte.com.es\/index.php\/noticias\/exposiciones-colectivas\/\" rel=\"bookmark\"><span class=\"screen-reader-text\">Exposiciones colectivas<\/span><\/a><\/p>\n","protected":false},"author":1,"featured_media":0,"parent":107,"menu_order":0,"comment_status":"closed","ping_status":"closed","template":"","meta":{"neve_meta_sidebar":"","neve_meta_container":"","neve_meta_enable_content_width":"","neve_meta_content_width":0,"neve_meta_title_alignment":"","neve_meta_author_avatar":"","neve_post_elements_order":"","neve_meta_disable_header":"","neve_meta_disable_footer":"","neve_meta_disable_title":"on","footnotes":""},"class_list":["post-2050","page","type-page","status-publish","hentry"],"yoast_head":"<!-- This site is optimized with the Yoast SEO plugin v21.6 - https:\/\/yoast.com\/wordpress\/plugins\/seo\/ -->\n<title>Exposiciones colectivas - ADRIANA ARRONTE<\/title>\n<meta name=\"robots\" content=\"index, follow, max-snippet:-1, max-image-preview:large, max-video-preview:-1\" \/>\n<link rel=\"canonical\" href=\"https:\/\/adrianaarronte.com.es\/index.php\/noticias\/exposiciones-colectivas\/\" \/>\n<meta property=\"og:locale\" content=\"es_ES\" \/>\n<meta property=\"og:type\" content=\"article\" \/>\n<meta property=\"og:title\" content=\"Exposiciones colectivas - ADRIANA ARRONTE\" \/>\n<meta property=\"og:description\" content=\"Exposiciones colectivas 2025 DI\u00c1LOGOS. ARTISTAS MUJERES EN LA COLECCI\u00d3N ELLA FONTANALS-CISNEROS&nbsp;Museo de Arte Contempor\u00e1neo de Monterrey. MARCO 2025 ESTUDIO ABIERTO \u2013 EXPANSI\u00d3N Y REPETICI\u00d3NLate studio-society, Madrid 2024 ATRAVESAREspacio el Puente, Madrid 2024 \u00bfA SANTOS DE QU\u00c9?La Casa Amarilla. M\u00e1laga 2024 TERRITORIO SIN L\u00cdMITESMuseo de arte moderno y contempor\u00e1neo Mohammed VI. Rabat, Marruecos 2024 VAMOS A&hellip;&nbsp;Exposiciones colectivas\" \/>\n<meta property=\"og:url\" content=\"https:\/\/adrianaarronte.com.es\/index.php\/noticias\/exposiciones-colectivas\/\" \/>\n<meta property=\"og:site_name\" content=\"ADRIANA ARRONTE\" \/>\n<meta property=\"article:modified_time\" content=\"2025-09-28T13:07:14+00:00\" \/>\n<meta property=\"og:image\" content=\"https:\/\/adrianaarronte.com.es\/wp-content\/uploads\/2025\/04\/Dialogos-Adriana-Arronte.png\" \/>\n<meta name=\"twitter:card\" content=\"summary_large_image\" \/>\n<meta name=\"twitter:label1\" content=\"Tiempo de lectura\" \/>\n\t<meta name=\"twitter:data1\" content=\"3 minutos\" \/>\n<script type=\"application\/ld+json\" class=\"yoast-schema-graph\">{\"@context\":\"https:\/\/schema.org\",\"@graph\":[{\"@type\":\"WebPage\",\"@id\":\"https:\/\/adrianaarronte.com.es\/index.php\/noticias\/exposiciones-colectivas\/\",\"url\":\"https:\/\/adrianaarronte.com.es\/index.php\/noticias\/exposiciones-colectivas\/\",\"name\":\"Exposiciones colectivas - ADRIANA ARRONTE\",\"isPartOf\":{\"@id\":\"https:\/\/adrianaarronte.com.es\/#website\"},\"datePublished\":\"2025-04-16T12:37:31+00:00\",\"dateModified\":\"2025-09-28T13:07:14+00:00\",\"breadcrumb\":{\"@id\":\"https:\/\/adrianaarronte.com.es\/index.php\/noticias\/exposiciones-colectivas\/#breadcrumb\"},\"inLanguage\":\"es\",\"potentialAction\":[{\"@type\":\"ReadAction\",\"target\":[\"https:\/\/adrianaarronte.com.es\/index.php\/noticias\/exposiciones-colectivas\/\"]}]},{\"@type\":\"BreadcrumbList\",\"@id\":\"https:\/\/adrianaarronte.com.es\/index.php\/noticias\/exposiciones-colectivas\/#breadcrumb\",\"itemListElement\":[{\"@type\":\"ListItem\",\"position\":1,\"name\":\"Home\",\"item\":\"https:\/\/adrianaarronte.com.es\/\"},{\"@type\":\"ListItem\",\"position\":2,\"name\":\"EXPOSICIONES\",\"item\":\"https:\/\/adrianaarronte.com.es\/index.php\/noticias\/\"},{\"@type\":\"ListItem\",\"position\":3,\"name\":\"Exposiciones colectivas\"}]},{\"@type\":\"WebSite\",\"@id\":\"https:\/\/adrianaarronte.com.es\/#website\",\"url\":\"https:\/\/adrianaarronte.com.es\/\",\"name\":\"ADRIANA ARRONTE\",\"description\":\"\",\"potentialAction\":[{\"@type\":\"SearchAction\",\"target\":{\"@type\":\"EntryPoint\",\"urlTemplate\":\"https:\/\/adrianaarronte.com.es\/?s={search_term_string}\"},\"query-input\":\"required name=search_term_string\"}],\"inLanguage\":\"es\"}]}<\/script>\n<!-- \/ Yoast SEO plugin. -->","yoast_head_json":{"title":"Exposiciones colectivas - ADRIANA ARRONTE","robots":{"index":"index","follow":"follow","max-snippet":"max-snippet:-1","max-image-preview":"max-image-preview:large","max-video-preview":"max-video-preview:-1"},"canonical":"https:\/\/adrianaarronte.com.es\/index.php\/noticias\/exposiciones-colectivas\/","og_locale":"es_ES","og_type":"article","og_title":"Exposiciones colectivas - ADRIANA ARRONTE","og_description":"Exposiciones colectivas 2025 DI\u00c1LOGOS. ARTISTAS MUJERES EN LA COLECCI\u00d3N ELLA FONTANALS-CISNEROS&nbsp;Museo de Arte Contempor\u00e1neo de Monterrey. MARCO 2025 ESTUDIO ABIERTO \u2013 EXPANSI\u00d3N Y REPETICI\u00d3NLate studio-society, Madrid 2024 ATRAVESAREspacio el Puente, Madrid 2024 \u00bfA SANTOS DE QU\u00c9?La Casa Amarilla. M\u00e1laga 2024 TERRITORIO SIN L\u00cdMITESMuseo de arte moderno y contempor\u00e1neo Mohammed VI. Rabat, Marruecos 2024 VAMOS A&hellip;&nbsp;Exposiciones colectivas","og_url":"https:\/\/adrianaarronte.com.es\/index.php\/noticias\/exposiciones-colectivas\/","og_site_name":"ADRIANA ARRONTE","article_modified_time":"2025-09-28T13:07:14+00:00","og_image":[{"url":"https:\/\/adrianaarronte.com.es\/wp-content\/uploads\/2025\/04\/Dialogos-Adriana-Arronte.png"}],"twitter_card":"summary_large_image","twitter_misc":{"Tiempo de lectura":"3 minutos"},"schema":{"@context":"https:\/\/schema.org","@graph":[{"@type":"WebPage","@id":"https:\/\/adrianaarronte.com.es\/index.php\/noticias\/exposiciones-colectivas\/","url":"https:\/\/adrianaarronte.com.es\/index.php\/noticias\/exposiciones-colectivas\/","name":"Exposiciones colectivas - ADRIANA ARRONTE","isPartOf":{"@id":"https:\/\/adrianaarronte.com.es\/#website"},"datePublished":"2025-04-16T12:37:31+00:00","dateModified":"2025-09-28T13:07:14+00:00","breadcrumb":{"@id":"https:\/\/adrianaarronte.com.es\/index.php\/noticias\/exposiciones-colectivas\/#breadcrumb"},"inLanguage":"es","potentialAction":[{"@type":"ReadAction","target":["https:\/\/adrianaarronte.com.es\/index.php\/noticias\/exposiciones-colectivas\/"]}]},{"@type":"BreadcrumbList","@id":"https:\/\/adrianaarronte.com.es\/index.php\/noticias\/exposiciones-colectivas\/#breadcrumb","itemListElement":[{"@type":"ListItem","position":1,"name":"Home","item":"https:\/\/adrianaarronte.com.es\/"},{"@type":"ListItem","position":2,"name":"EXPOSICIONES","item":"https:\/\/adrianaarronte.com.es\/index.php\/noticias\/"},{"@type":"ListItem","position":3,"name":"Exposiciones colectivas"}]},{"@type":"WebSite","@id":"https:\/\/adrianaarronte.com.es\/#website","url":"https:\/\/adrianaarronte.com.es\/","name":"ADRIANA ARRONTE","description":"","potentialAction":[{"@type":"SearchAction","target":{"@type":"EntryPoint","urlTemplate":"https:\/\/adrianaarronte.com.es\/?s={search_term_string}"},"query-input":"required name=search_term_string"}],"inLanguage":"es"}]}},"_links":{"self":[{"href":"https:\/\/adrianaarronte.com.es\/index.php\/wp-json\/wp\/v2\/pages\/2050","targetHints":{"allow":["GET"]}}],"collection":[{"href":"https:\/\/adrianaarronte.com.es\/index.php\/wp-json\/wp\/v2\/pages"}],"about":[{"href":"https:\/\/adrianaarronte.com.es\/index.php\/wp-json\/wp\/v2\/types\/page"}],"author":[{"embeddable":true,"href":"https:\/\/adrianaarronte.com.es\/index.php\/wp-json\/wp\/v2\/users\/1"}],"replies":[{"embeddable":true,"href":"https:\/\/adrianaarronte.com.es\/index.php\/wp-json\/wp\/v2\/comments?post=2050"}],"version-history":[{"count":26,"href":"https:\/\/adrianaarronte.com.es\/index.php\/wp-json\/wp\/v2\/pages\/2050\/revisions"}],"predecessor-version":[{"id":2913,"href":"https:\/\/adrianaarronte.com.es\/index.php\/wp-json\/wp\/v2\/pages\/2050\/revisions\/2913"}],"up":[{"embeddable":true,"href":"https:\/\/adrianaarronte.com.es\/index.php\/wp-json\/wp\/v2\/pages\/107"}],"wp:attachment":[{"href":"https:\/\/adrianaarronte.com.es\/index.php\/wp-json\/wp\/v2\/media?parent=2050"}],"curies":[{"name":"wp","href":"https:\/\/api.w.org\/{rel}","templated":true}]}}