{"id":2120,"date":"2025-07-13T20:12:54","date_gmt":"2025-07-13T18:12:54","guid":{"rendered":"https:\/\/adrianaarronte.com.es\/?page_id=2120"},"modified":"2025-09-24T18:34:26","modified_gmt":"2025-09-24T16:34:26","slug":"la-ilusion-de-los-sistemas","status":"publish","type":"page","link":"https:\/\/adrianaarronte.com.es\/index.php\/noticias\/exposiciones-individuales\/la-ilusion-de-los-sistemas\/","title":{"rendered":"La ilusi\u00f3n de los sistemas"},"content":{"rendered":"\n<div class=\"wp-block-columns is-layout-flex wp-container-core-columns-is-layout-9d6595d7 wp-block-columns-is-layout-flex\">\n<div class=\"wp-block-column is-layout-flow wp-block-column-is-layout-flow\">\n<p class=\"has-small-font-size\"><a href=\"https:\/\/adrianaarronte.com.es\/index.php\/noticias\/exposiciones-individuales\/\"><a href=\"https:\/\/adrianaarronte.com.es\/index.php\/noticias\/exposiciones-individuales\/\">Exposiciones individuales<\/a><\/a><\/p>\n\n\n\n<p class=\"has-ast-global-color-3-color has-text-color has-link-color has-small-font-size wp-elements-4629f931b1f817a12554126f20419173\"><strong>La ilusi\u00f3n de los sistemas<\/strong>. Galer\u00eda Servando. La Habana, Cuba. 2021<\/p>\n<\/div>\n<\/div>\n\n\n\n<div class=\"wp-block-columns is-layout-flex wp-container-core-columns-is-layout-9d6595d7 wp-block-columns-is-layout-flex\">\n<div class=\"wp-block-column is-layout-flow wp-block-column-is-layout-flow\">\n<figure class=\"wp-block-gallery has-nested-images columns-default is-cropped wp-block-gallery-1 is-layout-flex wp-block-gallery-is-layout-flex\">\n<figure class=\"wp-block-image size-full\"><a href=\"https:\/\/adrianaarronte.com.es\/wp-content\/uploads\/2025\/07\/La-sospecha-de-los-cuerpos-1-scaled.jpg\"><img loading=\"lazy\" decoding=\"async\" width=\"2560\" height=\"1792\" data-id=\"2121\" src=\"https:\/\/adrianaarronte.com.es\/wp-content\/uploads\/2025\/07\/La-sospecha-de-los-cuerpos-1-scaled.jpg\" alt=\"\" class=\"wp-image-2121\" srcset=\"https:\/\/adrianaarronte.com.es\/wp-content\/uploads\/2025\/07\/La-sospecha-de-los-cuerpos-1-scaled.jpg 2560w, https:\/\/adrianaarronte.com.es\/wp-content\/uploads\/2025\/07\/La-sospecha-de-los-cuerpos-1-300x210.jpg 300w, https:\/\/adrianaarronte.com.es\/wp-content\/uploads\/2025\/07\/La-sospecha-de-los-cuerpos-1-1024x717.jpg 1024w, https:\/\/adrianaarronte.com.es\/wp-content\/uploads\/2025\/07\/La-sospecha-de-los-cuerpos-1-768x538.jpg 768w, https:\/\/adrianaarronte.com.es\/wp-content\/uploads\/2025\/07\/La-sospecha-de-los-cuerpos-1-1536x1075.jpg 1536w, https:\/\/adrianaarronte.com.es\/wp-content\/uploads\/2025\/07\/La-sospecha-de-los-cuerpos-1-2048x1434.jpg 2048w\" sizes=\"auto, (max-width: 2560px) 100vw, 2560px\" \/><\/a><\/figure>\n<\/figure>\n\n\n\n<p class=\"has-ast-global-color-3-color has-text-color has-link-color has-small-font-size wp-elements-89a0614e7ecde6be4acde628ec5ff313\"><strong><a href=\"https:\/\/adrianaarronte.com.es\/index.php\/obras\/instalaciones\/la-sospecha-de-los-cuerpos\/\">LA SOSPECHA DE LOS CUERPOS | THE SUSPICION OF THE BODIES<\/a><\/strong> \/ Gaza y PVC \/ Instalaci\u00f3n \/ Dimensiones variables<\/p>\n<\/div>\n<\/div>\n\n\n\n<div class=\"wp-block-columns is-layout-flex wp-container-core-columns-is-layout-9d6595d7 wp-block-columns-is-layout-flex\">\n<div class=\"wp-block-column is-layout-flow wp-block-column-is-layout-flow\">\n<figure class=\"wp-block-gallery has-nested-images columns-default is-cropped wp-block-gallery-2 is-layout-flex wp-block-gallery-is-layout-flex\">\n<figure class=\"wp-block-image size-large\"><a href=\"https:\/\/adrianaarronte.com.es\/wp-content\/uploads\/2025\/07\/La-ilusion-04.jpg\"><img loading=\"lazy\" decoding=\"async\" width=\"1024\" height=\"683\" data-id=\"2317\" src=\"https:\/\/adrianaarronte.com.es\/wp-content\/uploads\/2025\/07\/La-ilusion-04-1024x683.jpg\" alt=\"\" class=\"wp-image-2317\" srcset=\"https:\/\/adrianaarronte.com.es\/wp-content\/uploads\/2025\/07\/La-ilusion-04-1024x683.jpg 1024w, https:\/\/adrianaarronte.com.es\/wp-content\/uploads\/2025\/07\/La-ilusion-04-300x200.jpg 300w, https:\/\/adrianaarronte.com.es\/wp-content\/uploads\/2025\/07\/La-ilusion-04-768x512.jpg 768w, https:\/\/adrianaarronte.com.es\/wp-content\/uploads\/2025\/07\/La-ilusion-04-930x620.jpg 930w, https:\/\/adrianaarronte.com.es\/wp-content\/uploads\/2025\/07\/La-ilusion-04.jpg 1296w\" sizes=\"auto, (max-width: 1024px) 100vw, 1024px\" \/><\/a><\/figure>\n<\/figure>\n<\/div>\n\n\n\n<div class=\"wp-block-column is-layout-flow wp-block-column-is-layout-flow\">\n<figure class=\"wp-block-gallery has-nested-images columns-default is-cropped wp-block-gallery-3 is-layout-flex wp-block-gallery-is-layout-flex\">\n<figure class=\"wp-block-image size-large\"><a href=\"https:\/\/adrianaarronte.com.es\/wp-content\/uploads\/2025\/07\/La-ilusion-01.jpg\"><img loading=\"lazy\" decoding=\"async\" width=\"1024\" height=\"683\" data-id=\"2318\" src=\"https:\/\/adrianaarronte.com.es\/wp-content\/uploads\/2025\/07\/La-ilusion-01-1024x683.jpg\" alt=\"\" class=\"wp-image-2318\" srcset=\"https:\/\/adrianaarronte.com.es\/wp-content\/uploads\/2025\/07\/La-ilusion-01-1024x683.jpg 1024w, https:\/\/adrianaarronte.com.es\/wp-content\/uploads\/2025\/07\/La-ilusion-01-300x200.jpg 300w, https:\/\/adrianaarronte.com.es\/wp-content\/uploads\/2025\/07\/La-ilusion-01-768x512.jpg 768w, https:\/\/adrianaarronte.com.es\/wp-content\/uploads\/2025\/07\/La-ilusion-01-930x620.jpg 930w, https:\/\/adrianaarronte.com.es\/wp-content\/uploads\/2025\/07\/La-ilusion-01.jpg 1037w\" sizes=\"auto, (max-width: 1024px) 100vw, 1024px\" \/><\/a><\/figure>\n<\/figure>\n<\/div>\n<\/div>\n\n\n\n<div class=\"wp-block-columns is-layout-flex wp-container-core-columns-is-layout-9d6595d7 wp-block-columns-is-layout-flex\">\n<div class=\"wp-block-column is-layout-flow wp-block-column-is-layout-flow\">\n<figure class=\"wp-block-gallery has-nested-images columns-default is-cropped wp-block-gallery-4 is-layout-flex wp-block-gallery-is-layout-flex\">\n<figure class=\"wp-block-image size-full\"><a href=\"https:\/\/adrianaarronte.com.es\/wp-content\/uploads\/2025\/07\/Seguridad-nacional.jpg\"><img loading=\"lazy\" decoding=\"async\" width=\"748\" height=\"500\" data-id=\"2325\" src=\"https:\/\/adrianaarronte.com.es\/wp-content\/uploads\/2025\/07\/Seguridad-nacional.jpg\" alt=\"\" class=\"wp-image-2325\" srcset=\"https:\/\/adrianaarronte.com.es\/wp-content\/uploads\/2025\/07\/Seguridad-nacional.jpg 748w, https:\/\/adrianaarronte.com.es\/wp-content\/uploads\/2025\/07\/Seguridad-nacional-300x201.jpg 300w\" sizes=\"auto, (max-width: 748px) 100vw, 748px\" \/><\/a><\/figure>\n<\/figure>\n\n\n\n<p class=\"has-small-font-size\"><a href=\"https:\/\/adrianaarronte.com.es\/index.php\/obras\/instalaciones\/seguridad-de-estado-2\/\"><strong>SEGURIDAD DE ESTADO<\/strong> <strong>&nbsp;| STATE SECURITY<\/strong><\/a> \/ Sonda, colector y luces led&nbsp;<\/p>\n<\/div>\n\n\n\n<div class=\"wp-block-column is-layout-flow wp-block-column-is-layout-flow\">\n<figure class=\"wp-block-gallery has-nested-images columns-default is-cropped wp-block-gallery-5 is-layout-flex wp-block-gallery-is-layout-flex\">\n<figure class=\"wp-block-image size-large\"><a href=\"https:\/\/adrianaarronte.com.es\/wp-content\/uploads\/2025\/07\/La-ideologia-como-sintoma.jpg\"><img loading=\"lazy\" decoding=\"async\" width=\"1024\" height=\"683\" data-id=\"2327\" src=\"https:\/\/adrianaarronte.com.es\/wp-content\/uploads\/2025\/07\/La-ideologia-como-sintoma-1024x683.jpg\" alt=\"\" class=\"wp-image-2327\" srcset=\"https:\/\/adrianaarronte.com.es\/wp-content\/uploads\/2025\/07\/La-ideologia-como-sintoma-1024x683.jpg 1024w, https:\/\/adrianaarronte.com.es\/wp-content\/uploads\/2025\/07\/La-ideologia-como-sintoma-300x200.jpg 300w, https:\/\/adrianaarronte.com.es\/wp-content\/uploads\/2025\/07\/La-ideologia-como-sintoma-768x512.jpg 768w, https:\/\/adrianaarronte.com.es\/wp-content\/uploads\/2025\/07\/La-ideologia-como-sintoma-930x620.jpg 930w, https:\/\/adrianaarronte.com.es\/wp-content\/uploads\/2025\/07\/La-ideologia-como-sintoma.jpg 1500w\" sizes=\"auto, (max-width: 1024px) 100vw, 1024px\" \/><\/a><\/figure>\n<\/figure>\n\n\n\n<p class=\"has-small-font-size\"><strong><a href=\"https:\/\/adrianaarronte.com.es\/index.php\/obras\/objetos-objects\/medallas-y-mascara-de-oxigeno-medals-and-oxygen-mask\/\">LA IDEOLOG\u00cdA COMO S\u00cdNTOMA | IDEOLOGY AS A SYMPTOM<\/a><\/strong> \/ Medallas y m\u00e1scara de ox\u00edgeno<\/p>\n<\/div>\n<\/div>\n\n\n\n<div class=\"wp-block-columns is-layout-flex wp-container-core-columns-is-layout-9d6595d7 wp-block-columns-is-layout-flex\">\n<div class=\"wp-block-column is-layout-flow wp-block-column-is-layout-flow\">\n<figure class=\"wp-block-gallery has-nested-images columns-default is-cropped wp-block-gallery-6 is-layout-flex wp-block-gallery-is-layout-flex\">\n<figure class=\"wp-block-image size-large\"><a href=\"https:\/\/adrianaarronte.com.es\/wp-content\/uploads\/2025\/09\/Rectificacion-01.jpg\"><img loading=\"lazy\" decoding=\"async\" width=\"1024\" height=\"683\" data-id=\"2836\" src=\"https:\/\/adrianaarronte.com.es\/wp-content\/uploads\/2025\/09\/Rectificacion-01-1024x683.jpg\" alt=\"\" class=\"wp-image-2836\" srcset=\"https:\/\/adrianaarronte.com.es\/wp-content\/uploads\/2025\/09\/Rectificacion-01-1024x683.jpg 1024w, https:\/\/adrianaarronte.com.es\/wp-content\/uploads\/2025\/09\/Rectificacion-01-300x200.jpg 300w, https:\/\/adrianaarronte.com.es\/wp-content\/uploads\/2025\/09\/Rectificacion-01-768x512.jpg 768w, https:\/\/adrianaarronte.com.es\/wp-content\/uploads\/2025\/09\/Rectificacion-01-930x620.jpg 930w, https:\/\/adrianaarronte.com.es\/wp-content\/uploads\/2025\/09\/Rectificacion-01.jpg 1037w\" sizes=\"auto, (max-width: 1024px) 100vw, 1024px\" \/><\/a><\/figure>\n<\/figure>\n\n\n\n<p class=\"has-small-font-size\"><strong><a href=\"https:\/\/adrianaarronte.com.es\/index.php\/obras\/objetos-objects\/rectificacion\/\">RECTIFICACI\u00d3N. SERIE DISCURSO | RECTIFICATION. SPEECH SERIES<\/a><\/strong> \/ Pr\u00f3tesis pl\u00e1sticas, alambre y resina <\/p>\n<\/div>\n\n\n\n<div class=\"wp-block-column is-layout-flow wp-block-column-is-layout-flow\">\n<figure class=\"wp-block-gallery has-nested-images columns-default is-cropped wp-block-gallery-7 is-layout-flex wp-block-gallery-is-layout-flex\">\n<figure class=\"wp-block-image size-large\"><a href=\"https:\/\/adrianaarronte.com.es\/wp-content\/uploads\/2025\/09\/Serie-Ruptura-espontanea-de-la-simetria-09.jpg\"><img loading=\"lazy\" decoding=\"async\" width=\"1024\" height=\"685\" data-id=\"2848\" src=\"https:\/\/adrianaarronte.com.es\/wp-content\/uploads\/2025\/09\/Serie-Ruptura-espontanea-de-la-simetria-09-1024x685.jpg\" alt=\"\" class=\"wp-image-2848\" srcset=\"https:\/\/adrianaarronte.com.es\/wp-content\/uploads\/2025\/09\/Serie-Ruptura-espontanea-de-la-simetria-09-1024x685.jpg 1024w, https:\/\/adrianaarronte.com.es\/wp-content\/uploads\/2025\/09\/Serie-Ruptura-espontanea-de-la-simetria-09-300x201.jpg 300w, https:\/\/adrianaarronte.com.es\/wp-content\/uploads\/2025\/09\/Serie-Ruptura-espontanea-de-la-simetria-09-768x513.jpg 768w, https:\/\/adrianaarronte.com.es\/wp-content\/uploads\/2025\/09\/Serie-Ruptura-espontanea-de-la-simetria-09-1536x1027.jpg 1536w, https:\/\/adrianaarronte.com.es\/wp-content\/uploads\/2025\/09\/Serie-Ruptura-espontanea-de-la-simetria-09.jpg 1994w\" sizes=\"auto, (max-width: 1024px) 100vw, 1024px\" \/><\/a><\/figure>\n<\/figure>\n\n\n\n<p class=\"has-small-font-size\"><strong><a href=\"https:\/\/adrianaarronte.com.es\/index.php\/obras\/dibujos-drawings\/ruptura-espontanea\/\">SERIE RUPTURA ESPONT\u00c1NEA DE LA SIMETR\u00cdA | SPONTANEUS SYMMETRY BREAKING<\/a><\/strong>\u00a0\/ Acr\u00edlico plateado y tinta china<\/p>\n<\/div>\n<\/div>\n\n\n\n<p class=\"has-small-font-size\"><a href=\"https:\/\/oncubanews.com\/cultura\/artes-visuales\/adriana-arronte-y-la-poesia-de-los-sistemas\/\"><strong>Maikel Jos\u00e9 Rodr\u00edguez Calvi\u00f1o:<\/strong>\u00a0Adriana Arronte y la poes\u00eda de los sistemas<\/a><\/p>\n\n\n\n<div class=\"wp-block-columns is-layout-flex wp-container-core-columns-is-layout-9d6595d7 wp-block-columns-is-layout-flex\">\n<div class=\"wp-block-column is-layout-flow wp-block-column-is-layout-flow\">\n<p class=\"has-small-font-size\"><a href=\"https:\/\/adrianaarronte.com.es\/index.php\/noticias\/\">EXPOSICIONES<\/a><\/p>\n<\/div>\n<\/div>\n","protected":false},"excerpt":{"rendered":"<p>Exposiciones individuales La ilusi\u00f3n de los sistemas. Galer\u00eda Servando. La Habana, Cuba. 2021 LA SOSPECHA DE LOS CUERPOS | THE SUSPICION OF THE BODIES \/ Gaza y PVC \/ Instalaci\u00f3n \/ Dimensiones variables SEGURIDAD DE ESTADO &nbsp;| STATE SECURITY \/ Sonda, colector y luces led&nbsp; LA IDEOLOG\u00cdA COMO S\u00cdNTOMA | IDEOLOGY AS A SYMPTOM \/&hellip;&nbsp;<a href=\"https:\/\/adrianaarronte.com.es\/index.php\/noticias\/exposiciones-individuales\/la-ilusion-de-los-sistemas\/\" rel=\"bookmark\"><span class=\"screen-reader-text\">La ilusi\u00f3n de los sistemas<\/span><\/a><\/p>\n","protected":false},"author":1,"featured_media":0,"parent":2004,"menu_order":0,"comment_status":"closed","ping_status":"closed","template":"","meta":{"neve_meta_sidebar":"","neve_meta_container":"","neve_meta_enable_content_width":"","neve_meta_content_width":0,"neve_meta_title_alignment":"","neve_meta_author_avatar":"","neve_post_elements_order":"","neve_meta_disable_header":"","neve_meta_disable_footer":"","neve_meta_disable_title":"on","footnotes":""},"class_list":["post-2120","page","type-page","status-publish","hentry"],"yoast_head":"<!-- This site is optimized with the Yoast SEO plugin v21.6 - https:\/\/yoast.com\/wordpress\/plugins\/seo\/ -->\n<title>La ilusi\u00f3n de los sistemas - ADRIANA ARRONTE<\/title>\n<meta name=\"description\" content=\"Suelo asociar la obra de Adriana Arronte con una exquisitez sedimentada en la inteligente manipulaci\u00f3n de objetos y materiales mayormente extra-art\u00edsticos. Sus ensamblajes, esculturas e instalaciones acusan una l\u00edrica fragilidad en contraste con el s\u00f3lido basamento conceptual que las sustenta. La ilusi\u00f3n de los sistemas, muestra personal que por estos d\u00edas acoge la capitalina galer\u00eda Servando, se inserta en esta l\u00ednea de trabajo. Al mismo tiempo, marca un punto de giro en la po\u00e9tica desarrollada por Adriana hasta el momento.\" \/>\n<meta name=\"robots\" content=\"index, follow, max-snippet:-1, max-image-preview:large, max-video-preview:-1\" \/>\n<link rel=\"canonical\" href=\"https:\/\/adrianaarronte.com.es\/index.php\/noticias\/exposiciones-individuales\/la-ilusion-de-los-sistemas\/\" \/>\n<meta property=\"og:locale\" content=\"es_ES\" \/>\n<meta property=\"og:type\" content=\"article\" \/>\n<meta property=\"og:title\" content=\"La ilusi\u00f3n de los sistemas - ADRIANA ARRONTE\" \/>\n<meta property=\"og:description\" content=\"Suelo asociar la obra de Adriana Arronte con una exquisitez sedimentada en la inteligente manipulaci\u00f3n de objetos y materiales mayormente extra-art\u00edsticos. Sus ensamblajes, esculturas e instalaciones acusan una l\u00edrica fragilidad en contraste con el s\u00f3lido basamento conceptual que las sustenta. La ilusi\u00f3n de los sistemas, muestra personal que por estos d\u00edas acoge la capitalina galer\u00eda Servando, se inserta en esta l\u00ednea de trabajo. Al mismo tiempo, marca un punto de giro en la po\u00e9tica desarrollada por Adriana hasta el momento.\" \/>\n<meta property=\"og:url\" content=\"https:\/\/adrianaarronte.com.es\/index.php\/noticias\/exposiciones-individuales\/la-ilusion-de-los-sistemas\/\" \/>\n<meta property=\"og:site_name\" content=\"ADRIANA ARRONTE\" \/>\n<meta property=\"article:modified_time\" content=\"2025-09-24T16:34:26+00:00\" \/>\n<meta property=\"og:image\" content=\"https:\/\/adrianaarronte.com.es\/wp-content\/uploads\/2025\/07\/La-sospecha-de-los-cuerpos-1-scaled.jpg\" \/>\n<meta name=\"twitter:card\" content=\"summary_large_image\" \/>\n<meta name=\"twitter:label1\" content=\"Tiempo de lectura\" \/>\n\t<meta name=\"twitter:data1\" content=\"2 minutos\" \/>\n<script type=\"application\/ld+json\" class=\"yoast-schema-graph\">{\"@context\":\"https:\/\/schema.org\",\"@graph\":[{\"@type\":\"WebPage\",\"@id\":\"https:\/\/adrianaarronte.com.es\/index.php\/noticias\/exposiciones-individuales\/la-ilusion-de-los-sistemas\/\",\"url\":\"https:\/\/adrianaarronte.com.es\/index.php\/noticias\/exposiciones-individuales\/la-ilusion-de-los-sistemas\/\",\"name\":\"La ilusi\u00f3n de los sistemas - ADRIANA ARRONTE\",\"isPartOf\":{\"@id\":\"https:\/\/adrianaarronte.com.es\/#website\"},\"datePublished\":\"2025-07-13T18:12:54+00:00\",\"dateModified\":\"2025-09-24T16:34:26+00:00\",\"description\":\"Suelo asociar la obra de Adriana Arronte con una exquisitez sedimentada en la inteligente manipulaci\u00f3n de objetos y materiales mayormente extra-art\u00edsticos. Sus ensamblajes, esculturas e instalaciones acusan una l\u00edrica fragilidad en contraste con el s\u00f3lido basamento conceptual que las sustenta. La ilusi\u00f3n de los sistemas, muestra personal que por estos d\u00edas acoge la capitalina galer\u00eda Servando, se inserta en esta l\u00ednea de trabajo. Al mismo tiempo, marca un punto de giro en la po\u00e9tica desarrollada por Adriana hasta el momento.\",\"breadcrumb\":{\"@id\":\"https:\/\/adrianaarronte.com.es\/index.php\/noticias\/exposiciones-individuales\/la-ilusion-de-los-sistemas\/#breadcrumb\"},\"inLanguage\":\"es\",\"potentialAction\":[{\"@type\":\"ReadAction\",\"target\":[\"https:\/\/adrianaarronte.com.es\/index.php\/noticias\/exposiciones-individuales\/la-ilusion-de-los-sistemas\/\"]}]},{\"@type\":\"BreadcrumbList\",\"@id\":\"https:\/\/adrianaarronte.com.es\/index.php\/noticias\/exposiciones-individuales\/la-ilusion-de-los-sistemas\/#breadcrumb\",\"itemListElement\":[{\"@type\":\"ListItem\",\"position\":1,\"name\":\"Home\",\"item\":\"https:\/\/adrianaarronte.com.es\/\"},{\"@type\":\"ListItem\",\"position\":2,\"name\":\"EXPOSICIONES\",\"item\":\"https:\/\/adrianaarronte.com.es\/index.php\/noticias\/\"},{\"@type\":\"ListItem\",\"position\":3,\"name\":\"Exposiciones individuales\",\"item\":\"https:\/\/adrianaarronte.com.es\/index.php\/noticias\/exposiciones-individuales\/\"},{\"@type\":\"ListItem\",\"position\":4,\"name\":\"La ilusi\u00f3n de los sistemas\"}]},{\"@type\":\"WebSite\",\"@id\":\"https:\/\/adrianaarronte.com.es\/#website\",\"url\":\"https:\/\/adrianaarronte.com.es\/\",\"name\":\"ADRIANA ARRONTE\",\"description\":\"\",\"potentialAction\":[{\"@type\":\"SearchAction\",\"target\":{\"@type\":\"EntryPoint\",\"urlTemplate\":\"https:\/\/adrianaarronte.com.es\/?s={search_term_string}\"},\"query-input\":\"required name=search_term_string\"}],\"inLanguage\":\"es\"}]}<\/script>\n<!-- \/ Yoast SEO plugin. -->","yoast_head_json":{"title":"La ilusi\u00f3n de los sistemas - ADRIANA ARRONTE","description":"Suelo asociar la obra de Adriana Arronte con una exquisitez sedimentada en la inteligente manipulaci\u00f3n de objetos y materiales mayormente extra-art\u00edsticos. Sus ensamblajes, esculturas e instalaciones acusan una l\u00edrica fragilidad en contraste con el s\u00f3lido basamento conceptual que las sustenta. La ilusi\u00f3n de los sistemas, muestra personal que por estos d\u00edas acoge la capitalina galer\u00eda Servando, se inserta en esta l\u00ednea de trabajo. Al mismo tiempo, marca un punto de giro en la po\u00e9tica desarrollada por Adriana hasta el momento.","robots":{"index":"index","follow":"follow","max-snippet":"max-snippet:-1","max-image-preview":"max-image-preview:large","max-video-preview":"max-video-preview:-1"},"canonical":"https:\/\/adrianaarronte.com.es\/index.php\/noticias\/exposiciones-individuales\/la-ilusion-de-los-sistemas\/","og_locale":"es_ES","og_type":"article","og_title":"La ilusi\u00f3n de los sistemas - ADRIANA ARRONTE","og_description":"Suelo asociar la obra de Adriana Arronte con una exquisitez sedimentada en la inteligente manipulaci\u00f3n de objetos y materiales mayormente extra-art\u00edsticos. Sus ensamblajes, esculturas e instalaciones acusan una l\u00edrica fragilidad en contraste con el s\u00f3lido basamento conceptual que las sustenta. La ilusi\u00f3n de los sistemas, muestra personal que por estos d\u00edas acoge la capitalina galer\u00eda Servando, se inserta en esta l\u00ednea de trabajo. Al mismo tiempo, marca un punto de giro en la po\u00e9tica desarrollada por Adriana hasta el momento.","og_url":"https:\/\/adrianaarronte.com.es\/index.php\/noticias\/exposiciones-individuales\/la-ilusion-de-los-sistemas\/","og_site_name":"ADRIANA ARRONTE","article_modified_time":"2025-09-24T16:34:26+00:00","og_image":[{"url":"https:\/\/adrianaarronte.com.es\/wp-content\/uploads\/2025\/07\/La-sospecha-de-los-cuerpos-1-scaled.jpg"}],"twitter_card":"summary_large_image","twitter_misc":{"Tiempo de lectura":"2 minutos"},"schema":{"@context":"https:\/\/schema.org","@graph":[{"@type":"WebPage","@id":"https:\/\/adrianaarronte.com.es\/index.php\/noticias\/exposiciones-individuales\/la-ilusion-de-los-sistemas\/","url":"https:\/\/adrianaarronte.com.es\/index.php\/noticias\/exposiciones-individuales\/la-ilusion-de-los-sistemas\/","name":"La ilusi\u00f3n de los sistemas - ADRIANA ARRONTE","isPartOf":{"@id":"https:\/\/adrianaarronte.com.es\/#website"},"datePublished":"2025-07-13T18:12:54+00:00","dateModified":"2025-09-24T16:34:26+00:00","description":"Suelo asociar la obra de Adriana Arronte con una exquisitez sedimentada en la inteligente manipulaci\u00f3n de objetos y materiales mayormente extra-art\u00edsticos. Sus ensamblajes, esculturas e instalaciones acusan una l\u00edrica fragilidad en contraste con el s\u00f3lido basamento conceptual que las sustenta. La ilusi\u00f3n de los sistemas, muestra personal que por estos d\u00edas acoge la capitalina galer\u00eda Servando, se inserta en esta l\u00ednea de trabajo. Al mismo tiempo, marca un punto de giro en la po\u00e9tica desarrollada por Adriana hasta el momento.","breadcrumb":{"@id":"https:\/\/adrianaarronte.com.es\/index.php\/noticias\/exposiciones-individuales\/la-ilusion-de-los-sistemas\/#breadcrumb"},"inLanguage":"es","potentialAction":[{"@type":"ReadAction","target":["https:\/\/adrianaarronte.com.es\/index.php\/noticias\/exposiciones-individuales\/la-ilusion-de-los-sistemas\/"]}]},{"@type":"BreadcrumbList","@id":"https:\/\/adrianaarronte.com.es\/index.php\/noticias\/exposiciones-individuales\/la-ilusion-de-los-sistemas\/#breadcrumb","itemListElement":[{"@type":"ListItem","position":1,"name":"Home","item":"https:\/\/adrianaarronte.com.es\/"},{"@type":"ListItem","position":2,"name":"EXPOSICIONES","item":"https:\/\/adrianaarronte.com.es\/index.php\/noticias\/"},{"@type":"ListItem","position":3,"name":"Exposiciones individuales","item":"https:\/\/adrianaarronte.com.es\/index.php\/noticias\/exposiciones-individuales\/"},{"@type":"ListItem","position":4,"name":"La ilusi\u00f3n de los sistemas"}]},{"@type":"WebSite","@id":"https:\/\/adrianaarronte.com.es\/#website","url":"https:\/\/adrianaarronte.com.es\/","name":"ADRIANA ARRONTE","description":"","potentialAction":[{"@type":"SearchAction","target":{"@type":"EntryPoint","urlTemplate":"https:\/\/adrianaarronte.com.es\/?s={search_term_string}"},"query-input":"required name=search_term_string"}],"inLanguage":"es"}]}},"_links":{"self":[{"href":"https:\/\/adrianaarronte.com.es\/index.php\/wp-json\/wp\/v2\/pages\/2120","targetHints":{"allow":["GET"]}}],"collection":[{"href":"https:\/\/adrianaarronte.com.es\/index.php\/wp-json\/wp\/v2\/pages"}],"about":[{"href":"https:\/\/adrianaarronte.com.es\/index.php\/wp-json\/wp\/v2\/types\/page"}],"author":[{"embeddable":true,"href":"https:\/\/adrianaarronte.com.es\/index.php\/wp-json\/wp\/v2\/users\/1"}],"replies":[{"embeddable":true,"href":"https:\/\/adrianaarronte.com.es\/index.php\/wp-json\/wp\/v2\/comments?post=2120"}],"version-history":[{"count":28,"href":"https:\/\/adrianaarronte.com.es\/index.php\/wp-json\/wp\/v2\/pages\/2120\/revisions"}],"predecessor-version":[{"id":2853,"href":"https:\/\/adrianaarronte.com.es\/index.php\/wp-json\/wp\/v2\/pages\/2120\/revisions\/2853"}],"up":[{"embeddable":true,"href":"https:\/\/adrianaarronte.com.es\/index.php\/wp-json\/wp\/v2\/pages\/2004"}],"wp:attachment":[{"href":"https:\/\/adrianaarronte.com.es\/index.php\/wp-json\/wp\/v2\/media?parent=2120"}],"curies":[{"name":"wp","href":"https:\/\/api.w.org\/{rel}","templated":true}]}}