{"id":2358,"date":"2025-07-14T22:49:48","date_gmt":"2025-07-14T20:49:48","guid":{"rendered":"https:\/\/adrianaarronte.com.es\/?page_id=2358"},"modified":"2025-08-20T13:46:46","modified_gmt":"2025-08-20T11:46:46","slug":"desvio-de-recursos","status":"publish","type":"page","link":"https:\/\/adrianaarronte.com.es\/index.php\/noticias\/exposiciones-individuales\/desvio-de-recursos\/","title":{"rendered":"Exposici\u00f3n DESV\u00cdO DE RECURSOS"},"content":{"rendered":"\n<p class=\"has-small-font-size\"><a href=\"https:\/\/adrianaarronte.com.es\/index.php\/noticias\/exposiciones-individuales\/\"><\/a><a href=\"https:\/\/adrianaarronte.com.es\/index.php\/noticias\/exposiciones-individuales\/\">Exposiciones individuales<\/a><\/p>\n\n\n\n<p class=\"has-small-font-size\"><strong>Desv\u00edo de recursos<\/strong>. Galer\u00eda Artist718. La Habana, Cuba, 2016 <\/p>\n\n\n\n<p><\/p>\n\n\n\n<div class=\"wp-block-columns is-layout-flex wp-container-core-columns-is-layout-9d6595d7 wp-block-columns-is-layout-flex\">\n<div class=\"wp-block-column is-layout-flow wp-block-column-is-layout-flow\">\n<figure class=\"wp-block-gallery has-nested-images columns-default is-cropped wp-block-gallery-1 is-layout-flex wp-block-gallery-is-layout-flex\">\n<figure class=\"wp-block-image size-large\"><a href=\"https:\/\/adrianaarronte.com.es\/wp-content\/uploads\/2025\/07\/05-Desvio-de-recursos-2016.jpg\"><img loading=\"lazy\" decoding=\"async\" width=\"1000\" height=\"700\" data-id=\"2395\" src=\"https:\/\/adrianaarronte.com.es\/wp-content\/uploads\/2025\/07\/05-Desvio-de-recursos-2016.jpg\" alt=\"\" class=\"wp-image-2395\" srcset=\"https:\/\/adrianaarronte.com.es\/wp-content\/uploads\/2025\/07\/05-Desvio-de-recursos-2016.jpg 1000w, https:\/\/adrianaarronte.com.es\/wp-content\/uploads\/2025\/07\/05-Desvio-de-recursos-2016-300x210.jpg 300w, https:\/\/adrianaarronte.com.es\/wp-content\/uploads\/2025\/07\/05-Desvio-de-recursos-2016-768x538.jpg 768w\" sizes=\"auto, (max-width: 1000px) 100vw, 1000px\" \/><\/a><\/figure>\n<\/figure>\n<\/div>\n<\/div>\n\n\n\n<div class=\"wp-block-columns is-layout-flex wp-container-core-columns-is-layout-9d6595d7 wp-block-columns-is-layout-flex\">\n<div class=\"wp-block-column is-layout-flow wp-block-column-is-layout-flow\">\n<figure class=\"wp-block-gallery has-nested-images columns-default is-cropped wp-block-gallery-2 is-layout-flex wp-block-gallery-is-layout-flex\">\n<figure class=\"wp-block-image size-large\"><a href=\"https:\/\/adrianaarronte.com.es\/wp-content\/uploads\/2025\/07\/Discurso-2016.jpg\"><img loading=\"lazy\" decoding=\"async\" width=\"1024\" height=\"683\" data-id=\"2535\" src=\"https:\/\/adrianaarronte.com.es\/wp-content\/uploads\/2025\/07\/Discurso-2016-1024x683.jpg\" alt=\"\" class=\"wp-image-2535\" srcset=\"https:\/\/adrianaarronte.com.es\/wp-content\/uploads\/2025\/07\/Discurso-2016-1024x683.jpg 1024w, https:\/\/adrianaarronte.com.es\/wp-content\/uploads\/2025\/07\/Discurso-2016-300x200.jpg 300w, https:\/\/adrianaarronte.com.es\/wp-content\/uploads\/2025\/07\/Discurso-2016-768x512.jpg 768w, https:\/\/adrianaarronte.com.es\/wp-content\/uploads\/2025\/07\/Discurso-2016-930x620.jpg 930w, https:\/\/adrianaarronte.com.es\/wp-content\/uploads\/2025\/07\/Discurso-2016.jpg 1200w\" sizes=\"auto, (max-width: 1024px) 100vw, 1024px\" \/><\/a><\/figure>\n<\/figure>\n\n\n\n<p class=\"has-small-font-size\"><strong><a href=\"https:\/\/adrianaarronte.com.es\/index.php\/obras\/objetos-objects\/discurso\/\">DISCURSO | SPEECH<\/a><\/strong>. Yeso, metal y madera<\/p>\n<\/div>\n\n\n\n<div class=\"wp-block-column is-layout-flow wp-block-column-is-layout-flow\">\n<figure class=\"wp-block-gallery has-nested-images columns-default is-cropped wp-block-gallery-3 is-layout-flex wp-block-gallery-is-layout-flex\">\n<figure class=\"wp-block-image size-large\"><a href=\"https:\/\/adrianaarronte.com.es\/wp-content\/uploads\/2025\/07\/Serie-Pisa-papeles.jpg\"><img loading=\"lazy\" decoding=\"async\" width=\"1024\" height=\"683\" data-id=\"2536\" src=\"https:\/\/adrianaarronte.com.es\/wp-content\/uploads\/2025\/07\/Serie-Pisa-papeles-1024x683.jpg\" alt=\"\" class=\"wp-image-2536\" srcset=\"https:\/\/adrianaarronte.com.es\/wp-content\/uploads\/2025\/07\/Serie-Pisa-papeles-1024x683.jpg 1024w, https:\/\/adrianaarronte.com.es\/wp-content\/uploads\/2025\/07\/Serie-Pisa-papeles-300x200.jpg 300w, https:\/\/adrianaarronte.com.es\/wp-content\/uploads\/2025\/07\/Serie-Pisa-papeles-768x512.jpg 768w, https:\/\/adrianaarronte.com.es\/wp-content\/uploads\/2025\/07\/Serie-Pisa-papeles-930x620.jpg 930w, https:\/\/adrianaarronte.com.es\/wp-content\/uploads\/2025\/07\/Serie-Pisa-papeles.jpg 1200w\" sizes=\"auto, (max-width: 1024px) 100vw, 1024px\" \/><\/a><\/figure>\n<\/figure>\n\n\n\n<p class=\"has-small-font-size\"><strong><a href=\"https:\/\/adrianaarronte.com.es\/index.php\/obras\/objetos-objects\/pisa-papeles\/\">SERIE PISAPAPELES | PAPERWIGHT SERIES<\/a><\/strong>. Vidrio y papel&nbsp;<\/p>\n<\/div>\n<\/div>\n\n\n\n<div class=\"wp-block-columns is-layout-flex wp-container-core-columns-is-layout-9d6595d7 wp-block-columns-is-layout-flex\">\n<div class=\"wp-block-column is-layout-flow wp-block-column-is-layout-flow\">\n<figure class=\"wp-block-gallery has-nested-images columns-default is-cropped wp-block-gallery-4 is-layout-flex wp-block-gallery-is-layout-flex\">\n<figure class=\"wp-block-image size-large\"><a href=\"https:\/\/adrianaarronte.com.es\/wp-content\/uploads\/2025\/07\/Filtracion-1.jpg\"><img loading=\"lazy\" decoding=\"async\" width=\"1024\" height=\"683\" data-id=\"2550\" src=\"https:\/\/adrianaarronte.com.es\/wp-content\/uploads\/2025\/07\/Filtracion-1-1024x683.jpg\" alt=\"\" class=\"wp-image-2550\" srcset=\"https:\/\/adrianaarronte.com.es\/wp-content\/uploads\/2025\/07\/Filtracion-1-1024x683.jpg 1024w, https:\/\/adrianaarronte.com.es\/wp-content\/uploads\/2025\/07\/Filtracion-1-300x200.jpg 300w, https:\/\/adrianaarronte.com.es\/wp-content\/uploads\/2025\/07\/Filtracion-1-768x512.jpg 768w, https:\/\/adrianaarronte.com.es\/wp-content\/uploads\/2025\/07\/Filtracion-1-930x620.jpg 930w, https:\/\/adrianaarronte.com.es\/wp-content\/uploads\/2025\/07\/Filtracion-1.jpg 1200w\" sizes=\"auto, (max-width: 1024px) 100vw, 1024px\" \/><\/a><\/figure>\n<\/figure>\n\n\n\n<p class=\"has-small-font-size\"><strong><a href=\"https:\/\/adrianaarronte.com.es\/index.php\/obras\/instalaciones\/filtracion-2\/\">FILTRACI\u00d3N \/ FILTRATION<\/a><\/strong>. Plexigl\u00e1s y resina<\/p>\n<\/div>\n\n\n\n<div class=\"wp-block-column is-layout-flow wp-block-column-is-layout-flow\">\n<figure class=\"wp-block-gallery has-nested-images columns-default is-cropped wp-block-gallery-5 is-layout-flex wp-block-gallery-is-layout-flex\">\n<figure class=\"wp-block-image size-large\"><a href=\"https:\/\/adrianaarronte.com.es\/wp-content\/uploads\/2025\/07\/transformacion-de-la-materia-2.jpg\"><img loading=\"lazy\" decoding=\"async\" width=\"1024\" height=\"683\" data-id=\"2548\" src=\"https:\/\/adrianaarronte.com.es\/wp-content\/uploads\/2025\/07\/transformacion-de-la-materia-2-1024x683.jpg\" alt=\"\" class=\"wp-image-2548\" srcset=\"https:\/\/adrianaarronte.com.es\/wp-content\/uploads\/2025\/07\/transformacion-de-la-materia-2-1024x683.jpg 1024w, https:\/\/adrianaarronte.com.es\/wp-content\/uploads\/2025\/07\/transformacion-de-la-materia-2-300x200.jpg 300w, https:\/\/adrianaarronte.com.es\/wp-content\/uploads\/2025\/07\/transformacion-de-la-materia-2-768x512.jpg 768w, https:\/\/adrianaarronte.com.es\/wp-content\/uploads\/2025\/07\/transformacion-de-la-materia-2-930x620.jpg 930w, https:\/\/adrianaarronte.com.es\/wp-content\/uploads\/2025\/07\/transformacion-de-la-materia-2.jpg 1200w\" sizes=\"auto, (max-width: 1024px) 100vw, 1024px\" \/><\/a><\/figure>\n<\/figure>\n\n\n\n<p class=\"has-small-font-size\"><strong><a href=\"https:\/\/adrianaarronte.com.es\/index.php\/obras\/dibujos-drawings\/transformacion-de-la-materia\/\">SERIE TRANSFORMACI\u00d3N DE LA MATERIA | THE TRANSFORMATION OF MATTER<\/a><\/strong>.<br>Bisuter\u00eda, monedas, metal y marco de madera&nbsp;<\/p>\n<\/div>\n<\/div>\n\n\n\n<div class=\"wp-block-columns is-layout-flex wp-container-core-columns-is-layout-9d6595d7 wp-block-columns-is-layout-flex\">\n<div class=\"wp-block-column is-layout-flow wp-block-column-is-layout-flow\">\n<figure class=\"wp-block-gallery has-nested-images columns-default is-cropped wp-block-gallery-6 is-layout-flex wp-block-gallery-is-layout-flex\">\n<figure class=\"wp-block-image size-large\"><a href=\"https:\/\/adrianaarronte.com.es\/wp-content\/uploads\/2025\/07\/Migracion-2016.jpg\"><img loading=\"lazy\" decoding=\"async\" width=\"1024\" height=\"683\" data-id=\"2556\" src=\"https:\/\/adrianaarronte.com.es\/wp-content\/uploads\/2025\/07\/Migracion-2016-1024x683.jpg\" alt=\"\" class=\"wp-image-2556\" srcset=\"https:\/\/adrianaarronte.com.es\/wp-content\/uploads\/2025\/07\/Migracion-2016-1024x683.jpg 1024w, https:\/\/adrianaarronte.com.es\/wp-content\/uploads\/2025\/07\/Migracion-2016-300x200.jpg 300w, https:\/\/adrianaarronte.com.es\/wp-content\/uploads\/2025\/07\/Migracion-2016-768x512.jpg 768w, https:\/\/adrianaarronte.com.es\/wp-content\/uploads\/2025\/07\/Migracion-2016-930x620.jpg 930w, https:\/\/adrianaarronte.com.es\/wp-content\/uploads\/2025\/07\/Migracion-2016.jpg 1200w\" sizes=\"auto, (max-width: 1024px) 100vw, 1024px\" \/><\/a><\/figure>\n<\/figure>\n\n\n\n<p class=\"has-small-font-size\"><strong><a href=\"https:\/\/adrianaarronte.com.es\/index.php\/obras\/instalaciones\/migracion\/\">MIGRACI\u00d3N | MIGRATION<\/a><\/strong>. Pl\u00e1stico (impresi\u00f3n digital 3D) y esmalte<\/p>\n<\/div>\n\n\n\n<div class=\"wp-block-column is-layout-flow wp-block-column-is-layout-flow\">\n<figure class=\"wp-block-gallery has-nested-images columns-default is-cropped wp-block-gallery-7 is-layout-flex wp-block-gallery-is-layout-flex\">\n<figure class=\"wp-block-image size-large\"><a href=\"https:\/\/adrianaarronte.com.es\/wp-content\/uploads\/2025\/07\/desvio-d-recursos.jpg\"><img loading=\"lazy\" decoding=\"async\" width=\"1024\" height=\"683\" data-id=\"2557\" src=\"https:\/\/adrianaarronte.com.es\/wp-content\/uploads\/2025\/07\/desvio-d-recursos-1024x683.jpg\" alt=\"\" class=\"wp-image-2557\" srcset=\"https:\/\/adrianaarronte.com.es\/wp-content\/uploads\/2025\/07\/desvio-d-recursos-1024x683.jpg 1024w, https:\/\/adrianaarronte.com.es\/wp-content\/uploads\/2025\/07\/desvio-d-recursos-300x200.jpg 300w, https:\/\/adrianaarronte.com.es\/wp-content\/uploads\/2025\/07\/desvio-d-recursos-768x512.jpg 768w, https:\/\/adrianaarronte.com.es\/wp-content\/uploads\/2025\/07\/desvio-d-recursos-930x620.jpg 930w, https:\/\/adrianaarronte.com.es\/wp-content\/uploads\/2025\/07\/desvio-d-recursos.jpg 1200w\" sizes=\"auto, (max-width: 1024px) 100vw, 1024px\" \/><\/a><\/figure>\n<\/figure>\n\n\n\n<p class=\"has-small-font-size\"><strong><a href=\"https:\/\/adrianaarronte.com.es\/index.php\/obras\/objetos-objects\/desvio-de-recursos\/\">SERIE DESV\u00cdO DE RECURSOS | DIVERSION OF RESOURCES SERIES<\/a><\/strong>. Cer\u00e1mica&nbsp;<\/p>\n<\/div>\n<\/div>\n\n\n\n<div class=\"wp-block-columns is-layout-flex wp-container-core-columns-is-layout-9d6595d7 wp-block-columns-is-layout-flex\">\n<div class=\"wp-block-column is-layout-flow wp-block-column-is-layout-flow\">\n<figure class=\"wp-block-gallery has-nested-images columns-default is-cropped wp-block-gallery-8 is-layout-flex wp-block-gallery-is-layout-flex\">\n<figure class=\"wp-block-image size-large\"><a href=\"https:\/\/adrianaarronte.com.es\/wp-content\/uploads\/2025\/07\/Temporada-de-caza.jpg\"><img loading=\"lazy\" decoding=\"async\" width=\"1024\" height=\"683\" data-id=\"2561\" src=\"https:\/\/adrianaarronte.com.es\/wp-content\/uploads\/2025\/07\/Temporada-de-caza-1024x683.jpg\" alt=\"\" class=\"wp-image-2561\" srcset=\"https:\/\/adrianaarronte.com.es\/wp-content\/uploads\/2025\/07\/Temporada-de-caza-1024x683.jpg 1024w, https:\/\/adrianaarronte.com.es\/wp-content\/uploads\/2025\/07\/Temporada-de-caza-300x200.jpg 300w, https:\/\/adrianaarronte.com.es\/wp-content\/uploads\/2025\/07\/Temporada-de-caza-768x512.jpg 768w, https:\/\/adrianaarronte.com.es\/wp-content\/uploads\/2025\/07\/Temporada-de-caza-930x620.jpg 930w, https:\/\/adrianaarronte.com.es\/wp-content\/uploads\/2025\/07\/Temporada-de-caza.jpg 1200w\" sizes=\"auto, (max-width: 1024px) 100vw, 1024px\" \/><\/a><\/figure>\n<\/figure>\n\n\n\n<p class=\"has-small-font-size\"><strong><a href=\"https:\/\/adrianaarronte.com.es\/index.php\/obras\/dibujos-drawings\/actualizacion-del-modelo-2\/\">ACTUALIZACI\u00d3N DEL MODELO | UPDATE MODEL<\/a><\/strong>.Serigraf\u00eda y acr\u00edlico \/ lienzo<\/p>\n<\/div>\n\n\n\n<div class=\"wp-block-column is-layout-flow wp-block-column-is-layout-flow\"><\/div>\n<\/div>\n\n\n\n<div class=\"wp-block-columns is-layout-flex wp-container-core-columns-is-layout-9d6595d7 wp-block-columns-is-layout-flex\">\n<div class=\"wp-block-column is-layout-flow wp-block-column-is-layout-flow\">\n<p class=\"has-small-font-size\"><a href=\"https:\/\/adrianaarronte.com.es\/index.php\/noticias\/\">EXPOSICIONES<\/a><\/p>\n<\/div>\n<\/div>\n","protected":false},"excerpt":{"rendered":"<p>Exposiciones individuales Desv\u00edo de recursos. Galer\u00eda Artist718. La Habana, Cuba, 2016 DISCURSO | SPEECH. Yeso, metal y madera SERIE PISAPAPELES | PAPERWIGHT SERIES. Vidrio y papel&nbsp; FILTRACI\u00d3N \/ FILTRATION. Plexigl\u00e1s y resina SERIE TRANSFORMACI\u00d3N DE LA MATERIA | THE TRANSFORMATION OF MATTER.Bisuter\u00eda, monedas, metal y marco de madera&nbsp; MIGRACI\u00d3N | MIGRATION. Pl\u00e1stico (impresi\u00f3n digital 3D)&hellip;&nbsp;<a href=\"https:\/\/adrianaarronte.com.es\/index.php\/noticias\/exposiciones-individuales\/desvio-de-recursos\/\" rel=\"bookmark\"><span class=\"screen-reader-text\">Exposici\u00f3n DESV\u00cdO DE RECURSOS<\/span><\/a><\/p>\n","protected":false},"author":1,"featured_media":0,"parent":2004,"menu_order":0,"comment_status":"closed","ping_status":"closed","template":"","meta":{"neve_meta_sidebar":"","neve_meta_container":"","neve_meta_enable_content_width":"","neve_meta_content_width":0,"neve_meta_title_alignment":"","neve_meta_author_avatar":"","neve_post_elements_order":"","neve_meta_disable_header":"","neve_meta_disable_footer":"","neve_meta_disable_title":"on","footnotes":""},"class_list":["post-2358","page","type-page","status-publish","hentry"],"yoast_head":"<!-- This site is optimized with the Yoast SEO plugin v21.6 - https:\/\/yoast.com\/wordpress\/plugins\/seo\/ -->\n<title>Exposici\u00f3n DESV\u00cdO DE RECURSOS - ADRIANA ARRONTE<\/title>\n<meta name=\"description\" content=\"Desv\u00edo de recursos. Galer\u00eda Artist718. La Habana, Cuba, 2016\" \/>\n<meta name=\"robots\" content=\"index, follow, max-snippet:-1, max-image-preview:large, max-video-preview:-1\" \/>\n<link rel=\"canonical\" href=\"https:\/\/adrianaarronte.com.es\/index.php\/noticias\/exposiciones-individuales\/desvio-de-recursos\/\" \/>\n<meta property=\"og:locale\" content=\"es_ES\" \/>\n<meta property=\"og:type\" content=\"article\" \/>\n<meta property=\"og:title\" content=\"Exposici\u00f3n DESV\u00cdO DE RECURSOS - ADRIANA ARRONTE\" \/>\n<meta property=\"og:description\" content=\"Desv\u00edo de recursos. Galer\u00eda Artist718. La Habana, Cuba, 2016\" \/>\n<meta property=\"og:url\" content=\"https:\/\/adrianaarronte.com.es\/index.php\/noticias\/exposiciones-individuales\/desvio-de-recursos\/\" \/>\n<meta property=\"og:site_name\" content=\"ADRIANA ARRONTE\" \/>\n<meta property=\"article:modified_time\" content=\"2025-08-20T11:46:46+00:00\" \/>\n<meta property=\"og:image\" content=\"https:\/\/adrianaarronte.com.es\/wp-content\/uploads\/2025\/07\/05-Desvio-de-recursos-2016.jpg\" \/>\n<meta name=\"twitter:card\" content=\"summary_large_image\" \/>\n<meta name=\"twitter:label1\" content=\"Tiempo de lectura\" \/>\n\t<meta name=\"twitter:data1\" content=\"2 minutos\" \/>\n<script type=\"application\/ld+json\" class=\"yoast-schema-graph\">{\"@context\":\"https:\/\/schema.org\",\"@graph\":[{\"@type\":\"WebPage\",\"@id\":\"https:\/\/adrianaarronte.com.es\/index.php\/noticias\/exposiciones-individuales\/desvio-de-recursos\/\",\"url\":\"https:\/\/adrianaarronte.com.es\/index.php\/noticias\/exposiciones-individuales\/desvio-de-recursos\/\",\"name\":\"Exposici\u00f3n DESV\u00cdO DE RECURSOS - ADRIANA ARRONTE\",\"isPartOf\":{\"@id\":\"https:\/\/adrianaarronte.com.es\/#website\"},\"datePublished\":\"2025-07-14T20:49:48+00:00\",\"dateModified\":\"2025-08-20T11:46:46+00:00\",\"description\":\"Desv\u00edo de recursos. Galer\u00eda Artist718. La Habana, Cuba, 2016\",\"breadcrumb\":{\"@id\":\"https:\/\/adrianaarronte.com.es\/index.php\/noticias\/exposiciones-individuales\/desvio-de-recursos\/#breadcrumb\"},\"inLanguage\":\"es\",\"potentialAction\":[{\"@type\":\"ReadAction\",\"target\":[\"https:\/\/adrianaarronte.com.es\/index.php\/noticias\/exposiciones-individuales\/desvio-de-recursos\/\"]}]},{\"@type\":\"BreadcrumbList\",\"@id\":\"https:\/\/adrianaarronte.com.es\/index.php\/noticias\/exposiciones-individuales\/desvio-de-recursos\/#breadcrumb\",\"itemListElement\":[{\"@type\":\"ListItem\",\"position\":1,\"name\":\"Home\",\"item\":\"https:\/\/adrianaarronte.com.es\/\"},{\"@type\":\"ListItem\",\"position\":2,\"name\":\"EXPOSICIONES\",\"item\":\"https:\/\/adrianaarronte.com.es\/index.php\/noticias\/\"},{\"@type\":\"ListItem\",\"position\":3,\"name\":\"Exposiciones individuales\",\"item\":\"https:\/\/adrianaarronte.com.es\/index.php\/noticias\/exposiciones-individuales\/\"},{\"@type\":\"ListItem\",\"position\":4,\"name\":\"Exposici\u00f3n DESV\u00cdO DE RECURSOS\"}]},{\"@type\":\"WebSite\",\"@id\":\"https:\/\/adrianaarronte.com.es\/#website\",\"url\":\"https:\/\/adrianaarronte.com.es\/\",\"name\":\"ADRIANA ARRONTE\",\"description\":\"\",\"potentialAction\":[{\"@type\":\"SearchAction\",\"target\":{\"@type\":\"EntryPoint\",\"urlTemplate\":\"https:\/\/adrianaarronte.com.es\/?s={search_term_string}\"},\"query-input\":\"required name=search_term_string\"}],\"inLanguage\":\"es\"}]}<\/script>\n<!-- \/ Yoast SEO plugin. -->","yoast_head_json":{"title":"Exposici\u00f3n DESV\u00cdO DE RECURSOS - ADRIANA ARRONTE","description":"Desv\u00edo de recursos. Galer\u00eda Artist718. La Habana, Cuba, 2016","robots":{"index":"index","follow":"follow","max-snippet":"max-snippet:-1","max-image-preview":"max-image-preview:large","max-video-preview":"max-video-preview:-1"},"canonical":"https:\/\/adrianaarronte.com.es\/index.php\/noticias\/exposiciones-individuales\/desvio-de-recursos\/","og_locale":"es_ES","og_type":"article","og_title":"Exposici\u00f3n DESV\u00cdO DE RECURSOS - ADRIANA ARRONTE","og_description":"Desv\u00edo de recursos. Galer\u00eda Artist718. La Habana, Cuba, 2016","og_url":"https:\/\/adrianaarronte.com.es\/index.php\/noticias\/exposiciones-individuales\/desvio-de-recursos\/","og_site_name":"ADRIANA ARRONTE","article_modified_time":"2025-08-20T11:46:46+00:00","og_image":[{"url":"https:\/\/adrianaarronte.com.es\/wp-content\/uploads\/2025\/07\/05-Desvio-de-recursos-2016.jpg"}],"twitter_card":"summary_large_image","twitter_misc":{"Tiempo de lectura":"2 minutos"},"schema":{"@context":"https:\/\/schema.org","@graph":[{"@type":"WebPage","@id":"https:\/\/adrianaarronte.com.es\/index.php\/noticias\/exposiciones-individuales\/desvio-de-recursos\/","url":"https:\/\/adrianaarronte.com.es\/index.php\/noticias\/exposiciones-individuales\/desvio-de-recursos\/","name":"Exposici\u00f3n DESV\u00cdO DE RECURSOS - ADRIANA ARRONTE","isPartOf":{"@id":"https:\/\/adrianaarronte.com.es\/#website"},"datePublished":"2025-07-14T20:49:48+00:00","dateModified":"2025-08-20T11:46:46+00:00","description":"Desv\u00edo de recursos. Galer\u00eda Artist718. La Habana, Cuba, 2016","breadcrumb":{"@id":"https:\/\/adrianaarronte.com.es\/index.php\/noticias\/exposiciones-individuales\/desvio-de-recursos\/#breadcrumb"},"inLanguage":"es","potentialAction":[{"@type":"ReadAction","target":["https:\/\/adrianaarronte.com.es\/index.php\/noticias\/exposiciones-individuales\/desvio-de-recursos\/"]}]},{"@type":"BreadcrumbList","@id":"https:\/\/adrianaarronte.com.es\/index.php\/noticias\/exposiciones-individuales\/desvio-de-recursos\/#breadcrumb","itemListElement":[{"@type":"ListItem","position":1,"name":"Home","item":"https:\/\/adrianaarronte.com.es\/"},{"@type":"ListItem","position":2,"name":"EXPOSICIONES","item":"https:\/\/adrianaarronte.com.es\/index.php\/noticias\/"},{"@type":"ListItem","position":3,"name":"Exposiciones individuales","item":"https:\/\/adrianaarronte.com.es\/index.php\/noticias\/exposiciones-individuales\/"},{"@type":"ListItem","position":4,"name":"Exposici\u00f3n DESV\u00cdO DE RECURSOS"}]},{"@type":"WebSite","@id":"https:\/\/adrianaarronte.com.es\/#website","url":"https:\/\/adrianaarronte.com.es\/","name":"ADRIANA ARRONTE","description":"","potentialAction":[{"@type":"SearchAction","target":{"@type":"EntryPoint","urlTemplate":"https:\/\/adrianaarronte.com.es\/?s={search_term_string}"},"query-input":"required name=search_term_string"}],"inLanguage":"es"}]}},"_links":{"self":[{"href":"https:\/\/adrianaarronte.com.es\/index.php\/wp-json\/wp\/v2\/pages\/2358","targetHints":{"allow":["GET"]}}],"collection":[{"href":"https:\/\/adrianaarronte.com.es\/index.php\/wp-json\/wp\/v2\/pages"}],"about":[{"href":"https:\/\/adrianaarronte.com.es\/index.php\/wp-json\/wp\/v2\/types\/page"}],"author":[{"embeddable":true,"href":"https:\/\/adrianaarronte.com.es\/index.php\/wp-json\/wp\/v2\/users\/1"}],"replies":[{"embeddable":true,"href":"https:\/\/adrianaarronte.com.es\/index.php\/wp-json\/wp\/v2\/comments?post=2358"}],"version-history":[{"count":24,"href":"https:\/\/adrianaarronte.com.es\/index.php\/wp-json\/wp\/v2\/pages\/2358\/revisions"}],"predecessor-version":[{"id":2699,"href":"https:\/\/adrianaarronte.com.es\/index.php\/wp-json\/wp\/v2\/pages\/2358\/revisions\/2699"}],"up":[{"embeddable":true,"href":"https:\/\/adrianaarronte.com.es\/index.php\/wp-json\/wp\/v2\/pages\/2004"}],"wp:attachment":[{"href":"https:\/\/adrianaarronte.com.es\/index.php\/wp-json\/wp\/v2\/media?parent=2358"}],"curies":[{"name":"wp","href":"https:\/\/api.w.org\/{rel}","templated":true}]}}