{"id":2444,"date":"2025-07-17T12:35:51","date_gmt":"2025-07-17T10:35:51","guid":{"rendered":"https:\/\/adrianaarronte.com.es\/?page_id=2444"},"modified":"2025-09-27T12:41:44","modified_gmt":"2025-09-27T10:41:44","slug":"solo-show-art-lima","status":"publish","type":"page","link":"https:\/\/adrianaarronte.com.es\/index.php\/noticias\/exposiciones-individuales\/solo-show-art-lima\/","title":{"rendered":"SOLO SHOW ART LIMA"},"content":{"rendered":"\n<p class=\"has-small-font-size\"><a href=\"https:\/\/adrianaarronte.com.es\/index.php\/noticias\/exposiciones-individuales\/\">Exposiciones individuales<\/a><\/p>\n\n\n\n<p class=\"has-small-font-size\"><strong>Solo show Art Lima<\/strong>. Feria de Arte Contempor\u00e1neo de Lima, Per\u00fa, 2018<\/p>\n\n\n\n<div class=\"wp-block-columns is-layout-flex wp-container-core-columns-is-layout-9d6595d7 wp-block-columns-is-layout-flex\">\n<div class=\"wp-block-column is-layout-flow wp-block-column-is-layout-flow\">\n<div class=\"wp-block-columns is-layout-flex wp-container-core-columns-is-layout-9d6595d7 wp-block-columns-is-layout-flex\">\n<div class=\"wp-block-column is-layout-flow wp-block-column-is-layout-flow\">\n<figure class=\"wp-block-gallery has-nested-images columns-default is-cropped wp-block-gallery-1 is-layout-flex wp-block-gallery-is-layout-flex\">\n<figure class=\"wp-block-image size-large\"><a href=\"https:\/\/adrianaarronte.com.es\/wp-content\/uploads\/2025\/07\/03-Soloshow-ArtLima-2018.jpg\"><img loading=\"lazy\" decoding=\"async\" width=\"1000\" height=\"700\" data-id=\"2391\" src=\"https:\/\/adrianaarronte.com.es\/wp-content\/uploads\/2025\/07\/03-Soloshow-ArtLima-2018.jpg\" alt=\"\" class=\"wp-image-2391\" srcset=\"https:\/\/adrianaarronte.com.es\/wp-content\/uploads\/2025\/07\/03-Soloshow-ArtLima-2018.jpg 1000w, https:\/\/adrianaarronte.com.es\/wp-content\/uploads\/2025\/07\/03-Soloshow-ArtLima-2018-300x210.jpg 300w, https:\/\/adrianaarronte.com.es\/wp-content\/uploads\/2025\/07\/03-Soloshow-ArtLima-2018-768x538.jpg 768w\" sizes=\"auto, (max-width: 1000px) 100vw, 1000px\" \/><\/a><\/figure>\n<\/figure>\n\n\n\n<p class=\"has-small-font-size\"><strong><a href=\"https:\/\/adrianaarronte.com.es\/index.php\/obras\/dibujos-drawings\/transformacion-de-la-materia\/\">SERIE TRANSFORMACI\u00d3N DE LA MATERIA | THE TRANSFORMATION OF MATTER<\/a><\/strong>. Bisuter\u00eda, monedas, metal y marco de madera <\/p>\n<\/div>\n\n\n\n<div class=\"wp-block-column is-layout-flow wp-block-column-is-layout-flow\">\n<figure class=\"wp-block-gallery has-nested-images columns-default is-cropped wp-block-gallery-2 is-layout-flex wp-block-gallery-is-layout-flex\">\n<figure class=\"wp-block-image size-large\"><a href=\"https:\/\/adrianaarronte.com.es\/wp-content\/uploads\/2025\/07\/Elevados-ArtLima-2018.jpg\"><img loading=\"lazy\" decoding=\"async\" width=\"1000\" height=\"700\" data-id=\"2452\" src=\"https:\/\/adrianaarronte.com.es\/wp-content\/uploads\/2025\/07\/Elevados-ArtLima-2018.jpg\" alt=\"\" class=\"wp-image-2452\" srcset=\"https:\/\/adrianaarronte.com.es\/wp-content\/uploads\/2025\/07\/Elevados-ArtLima-2018.jpg 1000w, https:\/\/adrianaarronte.com.es\/wp-content\/uploads\/2025\/07\/Elevados-ArtLima-2018-300x210.jpg 300w, https:\/\/adrianaarronte.com.es\/wp-content\/uploads\/2025\/07\/Elevados-ArtLima-2018-768x538.jpg 768w\" sizes=\"auto, (max-width: 1000px) 100vw, 1000px\" \/><\/a><\/figure>\n<\/figure>\n\n\n\n<p class=\"has-small-font-size\"><strong><a href=\"https:\/\/adrianaarronte.com.es\/index.php\/obras\/dibujos-drawings\/elevados\/\">ELEVADOS | RAISE<\/a><\/strong>. Acr\u00edlico plateado sobre cartulina&nbsp;<\/p>\n<\/div>\n<\/div>\n<\/div>\n<\/div>\n\n\n\n<div class=\"wp-block-columns is-layout-flex wp-container-core-columns-is-layout-9d6595d7 wp-block-columns-is-layout-flex\">\n<div class=\"wp-block-column is-layout-flow wp-block-column-is-layout-flow\">\n<figure class=\"wp-block-gallery has-nested-images columns-default is-cropped wp-block-gallery-3 is-layout-flex wp-block-gallery-is-layout-flex\">\n<figure class=\"wp-block-image size-large\"><a href=\"https:\/\/adrianaarronte.com.es\/wp-content\/uploads\/2025\/07\/Orbita-ArtLima-2018.jpg\"><img loading=\"lazy\" decoding=\"async\" width=\"1000\" height=\"700\" data-id=\"2457\" src=\"https:\/\/adrianaarronte.com.es\/wp-content\/uploads\/2025\/07\/Orbita-ArtLima-2018.jpg\" alt=\"\" class=\"wp-image-2457\" srcset=\"https:\/\/adrianaarronte.com.es\/wp-content\/uploads\/2025\/07\/Orbita-ArtLima-2018.jpg 1000w, https:\/\/adrianaarronte.com.es\/wp-content\/uploads\/2025\/07\/Orbita-ArtLima-2018-300x210.jpg 300w, https:\/\/adrianaarronte.com.es\/wp-content\/uploads\/2025\/07\/Orbita-ArtLima-2018-768x538.jpg 768w\" sizes=\"auto, (max-width: 1000px) 100vw, 1000px\" \/><\/a><\/figure>\n<\/figure>\n\n\n\n<p class=\"has-small-font-size\"><strong><a href=\"https:\/\/adrianaarronte.com.es\/index.php\/obras\/dibujos-drawings\/nodos-orbita-2\/\">\u00d3RBITA | ORBIT<\/a><\/strong>. Agua fuerte<\/p>\n<\/div>\n\n\n\n<div class=\"wp-block-column is-layout-flow wp-block-column-is-layout-flow\">\n<figure class=\"wp-block-gallery has-nested-images columns-default is-cropped wp-block-gallery-4 is-layout-flex wp-block-gallery-is-layout-flex\">\n<figure class=\"wp-block-image size-large\"><a href=\"https:\/\/adrianaarronte.com.es\/wp-content\/uploads\/2025\/07\/Elevados-1x1-1.jpg\"><img loading=\"lazy\" decoding=\"async\" width=\"1000\" height=\"700\" data-id=\"2458\" src=\"https:\/\/adrianaarronte.com.es\/wp-content\/uploads\/2025\/07\/Elevados-1x1-1.jpg\" alt=\"\" class=\"wp-image-2458\" srcset=\"https:\/\/adrianaarronte.com.es\/wp-content\/uploads\/2025\/07\/Elevados-1x1-1.jpg 1000w, https:\/\/adrianaarronte.com.es\/wp-content\/uploads\/2025\/07\/Elevados-1x1-1-300x210.jpg 300w, https:\/\/adrianaarronte.com.es\/wp-content\/uploads\/2025\/07\/Elevados-1x1-1-768x538.jpg 768w\" sizes=\"auto, (max-width: 1000px) 100vw, 1000px\" \/><\/a><\/figure>\n<\/figure>\n\n\n\n<p class=\"has-small-font-size\"><strong><a href=\"https:\/\/adrianaarronte.com.es\/index.php\/obras\/dibujos-drawings\/mistica\/\">M\u00cdSTICA | MYSTICISM<\/a><\/strong>. Acr\u00edlico \/ lienzo. 1 x 1m<\/p>\n<\/div>\n<\/div>\n\n\n\n<div class=\"wp-block-columns is-layout-flex wp-container-core-columns-is-layout-9d6595d7 wp-block-columns-is-layout-flex\">\n<div class=\"wp-block-column is-layout-flow wp-block-column-is-layout-flow\">\n<p class=\"has-small-font-size\"><a href=\"https:\/\/adrianaarronte.com.es\/index.php\/noticias\/\">EXPOSICIONES<\/a><\/p>\n<\/div>\n<\/div>\n","protected":false},"excerpt":{"rendered":"<p>Exposiciones individuales Solo show Art Lima. Feria de Arte Contempor\u00e1neo de Lima, Per\u00fa, 2018 SERIE TRANSFORMACI\u00d3N DE LA MATERIA | THE TRANSFORMATION OF MATTER. Bisuter\u00eda, monedas, metal y marco de madera ELEVADOS | RAISE. Acr\u00edlico plateado sobre cartulina&nbsp; \u00d3RBITA | ORBIT. Agua fuerte M\u00cdSTICA | MYSTICISM. Acr\u00edlico \/ lienzo. 1 x 1m EXPOSICIONES<\/p>\n","protected":false},"author":1,"featured_media":0,"parent":2004,"menu_order":0,"comment_status":"closed","ping_status":"closed","template":"","meta":{"neve_meta_sidebar":"","neve_meta_container":"","neve_meta_enable_content_width":"","neve_meta_content_width":0,"neve_meta_title_alignment":"","neve_meta_author_avatar":"","neve_post_elements_order":"","neve_meta_disable_header":"","neve_meta_disable_footer":"","neve_meta_disable_title":"on","footnotes":""},"class_list":["post-2444","page","type-page","status-publish","hentry"],"yoast_head":"<!-- This site is optimized with the Yoast SEO plugin v21.6 - https:\/\/yoast.com\/wordpress\/plugins\/seo\/ -->\n<title>SOLO SHOW ART LIMA - ADRIANA ARRONTE<\/title>\n<meta name=\"robots\" content=\"index, follow, max-snippet:-1, max-image-preview:large, max-video-preview:-1\" \/>\n<link rel=\"canonical\" href=\"https:\/\/adrianaarronte.com.es\/index.php\/noticias\/exposiciones-individuales\/solo-show-art-lima\/\" \/>\n<meta property=\"og:locale\" content=\"es_ES\" \/>\n<meta property=\"og:type\" content=\"article\" \/>\n<meta property=\"og:title\" content=\"SOLO SHOW ART LIMA - ADRIANA ARRONTE\" \/>\n<meta property=\"og:description\" content=\"Exposiciones individuales Solo show Art Lima. Feria de Arte Contempor\u00e1neo de Lima, Per\u00fa, 2018 SERIE TRANSFORMACI\u00d3N DE LA MATERIA | THE TRANSFORMATION OF MATTER. Bisuter\u00eda, monedas, metal y marco de madera ELEVADOS | RAISE. Acr\u00edlico plateado sobre cartulina&nbsp; \u00d3RBITA | ORBIT. Agua fuerte M\u00cdSTICA | MYSTICISM. Acr\u00edlico \/ lienzo. 1 x 1m EXPOSICIONES\" \/>\n<meta property=\"og:url\" content=\"https:\/\/adrianaarronte.com.es\/index.php\/noticias\/exposiciones-individuales\/solo-show-art-lima\/\" \/>\n<meta property=\"og:site_name\" content=\"ADRIANA ARRONTE\" \/>\n<meta property=\"article:modified_time\" content=\"2025-09-27T10:41:44+00:00\" \/>\n<meta property=\"og:image\" content=\"https:\/\/adrianaarronte.com.es\/wp-content\/uploads\/2025\/07\/03-Soloshow-ArtLima-2018.jpg\" \/>\n<meta name=\"twitter:card\" content=\"summary_large_image\" \/>\n<meta name=\"twitter:label1\" content=\"Tiempo de lectura\" \/>\n\t<meta name=\"twitter:data1\" content=\"2 minutos\" \/>\n<script type=\"application\/ld+json\" class=\"yoast-schema-graph\">{\"@context\":\"https:\/\/schema.org\",\"@graph\":[{\"@type\":\"WebPage\",\"@id\":\"https:\/\/adrianaarronte.com.es\/index.php\/noticias\/exposiciones-individuales\/solo-show-art-lima\/\",\"url\":\"https:\/\/adrianaarronte.com.es\/index.php\/noticias\/exposiciones-individuales\/solo-show-art-lima\/\",\"name\":\"SOLO SHOW ART LIMA - ADRIANA ARRONTE\",\"isPartOf\":{\"@id\":\"https:\/\/adrianaarronte.com.es\/#website\"},\"datePublished\":\"2025-07-17T10:35:51+00:00\",\"dateModified\":\"2025-09-27T10:41:44+00:00\",\"breadcrumb\":{\"@id\":\"https:\/\/adrianaarronte.com.es\/index.php\/noticias\/exposiciones-individuales\/solo-show-art-lima\/#breadcrumb\"},\"inLanguage\":\"es\",\"potentialAction\":[{\"@type\":\"ReadAction\",\"target\":[\"https:\/\/adrianaarronte.com.es\/index.php\/noticias\/exposiciones-individuales\/solo-show-art-lima\/\"]}]},{\"@type\":\"BreadcrumbList\",\"@id\":\"https:\/\/adrianaarronte.com.es\/index.php\/noticias\/exposiciones-individuales\/solo-show-art-lima\/#breadcrumb\",\"itemListElement\":[{\"@type\":\"ListItem\",\"position\":1,\"name\":\"Home\",\"item\":\"https:\/\/adrianaarronte.com.es\/\"},{\"@type\":\"ListItem\",\"position\":2,\"name\":\"EXPOSICIONES\",\"item\":\"https:\/\/adrianaarronte.com.es\/index.php\/noticias\/\"},{\"@type\":\"ListItem\",\"position\":3,\"name\":\"Exposiciones individuales\",\"item\":\"https:\/\/adrianaarronte.com.es\/index.php\/noticias\/exposiciones-individuales\/\"},{\"@type\":\"ListItem\",\"position\":4,\"name\":\"SOLO SHOW ART LIMA\"}]},{\"@type\":\"WebSite\",\"@id\":\"https:\/\/adrianaarronte.com.es\/#website\",\"url\":\"https:\/\/adrianaarronte.com.es\/\",\"name\":\"ADRIANA ARRONTE\",\"description\":\"\",\"potentialAction\":[{\"@type\":\"SearchAction\",\"target\":{\"@type\":\"EntryPoint\",\"urlTemplate\":\"https:\/\/adrianaarronte.com.es\/?s={search_term_string}\"},\"query-input\":\"required name=search_term_string\"}],\"inLanguage\":\"es\"}]}<\/script>\n<!-- \/ Yoast SEO plugin. -->","yoast_head_json":{"title":"SOLO SHOW ART LIMA - ADRIANA ARRONTE","robots":{"index":"index","follow":"follow","max-snippet":"max-snippet:-1","max-image-preview":"max-image-preview:large","max-video-preview":"max-video-preview:-1"},"canonical":"https:\/\/adrianaarronte.com.es\/index.php\/noticias\/exposiciones-individuales\/solo-show-art-lima\/","og_locale":"es_ES","og_type":"article","og_title":"SOLO SHOW ART LIMA - ADRIANA ARRONTE","og_description":"Exposiciones individuales Solo show Art Lima. Feria de Arte Contempor\u00e1neo de Lima, Per\u00fa, 2018 SERIE TRANSFORMACI\u00d3N DE LA MATERIA | THE TRANSFORMATION OF MATTER. Bisuter\u00eda, monedas, metal y marco de madera ELEVADOS | RAISE. Acr\u00edlico plateado sobre cartulina&nbsp; \u00d3RBITA | ORBIT. Agua fuerte M\u00cdSTICA | MYSTICISM. Acr\u00edlico \/ lienzo. 1 x 1m EXPOSICIONES","og_url":"https:\/\/adrianaarronte.com.es\/index.php\/noticias\/exposiciones-individuales\/solo-show-art-lima\/","og_site_name":"ADRIANA ARRONTE","article_modified_time":"2025-09-27T10:41:44+00:00","og_image":[{"url":"https:\/\/adrianaarronte.com.es\/wp-content\/uploads\/2025\/07\/03-Soloshow-ArtLima-2018.jpg"}],"twitter_card":"summary_large_image","twitter_misc":{"Tiempo de lectura":"2 minutos"},"schema":{"@context":"https:\/\/schema.org","@graph":[{"@type":"WebPage","@id":"https:\/\/adrianaarronte.com.es\/index.php\/noticias\/exposiciones-individuales\/solo-show-art-lima\/","url":"https:\/\/adrianaarronte.com.es\/index.php\/noticias\/exposiciones-individuales\/solo-show-art-lima\/","name":"SOLO SHOW ART LIMA - ADRIANA ARRONTE","isPartOf":{"@id":"https:\/\/adrianaarronte.com.es\/#website"},"datePublished":"2025-07-17T10:35:51+00:00","dateModified":"2025-09-27T10:41:44+00:00","breadcrumb":{"@id":"https:\/\/adrianaarronte.com.es\/index.php\/noticias\/exposiciones-individuales\/solo-show-art-lima\/#breadcrumb"},"inLanguage":"es","potentialAction":[{"@type":"ReadAction","target":["https:\/\/adrianaarronte.com.es\/index.php\/noticias\/exposiciones-individuales\/solo-show-art-lima\/"]}]},{"@type":"BreadcrumbList","@id":"https:\/\/adrianaarronte.com.es\/index.php\/noticias\/exposiciones-individuales\/solo-show-art-lima\/#breadcrumb","itemListElement":[{"@type":"ListItem","position":1,"name":"Home","item":"https:\/\/adrianaarronte.com.es\/"},{"@type":"ListItem","position":2,"name":"EXPOSICIONES","item":"https:\/\/adrianaarronte.com.es\/index.php\/noticias\/"},{"@type":"ListItem","position":3,"name":"Exposiciones individuales","item":"https:\/\/adrianaarronte.com.es\/index.php\/noticias\/exposiciones-individuales\/"},{"@type":"ListItem","position":4,"name":"SOLO SHOW ART LIMA"}]},{"@type":"WebSite","@id":"https:\/\/adrianaarronte.com.es\/#website","url":"https:\/\/adrianaarronte.com.es\/","name":"ADRIANA ARRONTE","description":"","potentialAction":[{"@type":"SearchAction","target":{"@type":"EntryPoint","urlTemplate":"https:\/\/adrianaarronte.com.es\/?s={search_term_string}"},"query-input":"required name=search_term_string"}],"inLanguage":"es"}]}},"_links":{"self":[{"href":"https:\/\/adrianaarronte.com.es\/index.php\/wp-json\/wp\/v2\/pages\/2444","targetHints":{"allow":["GET"]}}],"collection":[{"href":"https:\/\/adrianaarronte.com.es\/index.php\/wp-json\/wp\/v2\/pages"}],"about":[{"href":"https:\/\/adrianaarronte.com.es\/index.php\/wp-json\/wp\/v2\/types\/page"}],"author":[{"embeddable":true,"href":"https:\/\/adrianaarronte.com.es\/index.php\/wp-json\/wp\/v2\/users\/1"}],"replies":[{"embeddable":true,"href":"https:\/\/adrianaarronte.com.es\/index.php\/wp-json\/wp\/v2\/comments?post=2444"}],"version-history":[{"count":8,"href":"https:\/\/adrianaarronte.com.es\/index.php\/wp-json\/wp\/v2\/pages\/2444\/revisions"}],"predecessor-version":[{"id":2736,"href":"https:\/\/adrianaarronte.com.es\/index.php\/wp-json\/wp\/v2\/pages\/2444\/revisions\/2736"}],"up":[{"embeddable":true,"href":"https:\/\/adrianaarronte.com.es\/index.php\/wp-json\/wp\/v2\/pages\/2004"}],"wp:attachment":[{"href":"https:\/\/adrianaarronte.com.es\/index.php\/wp-json\/wp\/v2\/media?parent=2444"}],"curies":[{"name":"wp","href":"https:\/\/api.w.org\/{rel}","templated":true}]}}