{"id":2462,"date":"2025-07-17T13:47:13","date_gmt":"2025-07-17T11:47:13","guid":{"rendered":"https:\/\/adrianaarronte.com.es\/?page_id=2462"},"modified":"2025-09-27T12:54:41","modified_gmt":"2025-09-27T10:54:41","slug":"solo-show-art-miami","status":"publish","type":"page","link":"https:\/\/adrianaarronte.com.es\/index.php\/noticias\/exposiciones-individuales\/solo-show-art-miami\/","title":{"rendered":"SOLO SHOW ART MIAMI"},"content":{"rendered":"\n<p class=\"has-small-font-size\"><a href=\"https:\/\/adrianaarronte.com.es\/index.php\/noticias\/exposiciones-individuales\/\">Exposiciones individuales<\/a><\/p>\n\n\n\n<p class=\"has-small-font-size\"><strong>Solo show Art Miami<\/strong>. Feria de Arte Contempor\u00e1neo de Miami, EU, 2017 <\/p>\n\n\n\n<div class=\"wp-block-columns is-layout-flex wp-container-core-columns-is-layout-9d6595d7 wp-block-columns-is-layout-flex\">\n<div class=\"wp-block-column is-layout-flow wp-block-column-is-layout-flow\">\n<figure class=\"wp-block-gallery has-nested-images columns-default is-cropped wp-block-gallery-1 is-layout-flex wp-block-gallery-is-layout-flex\">\n<figure class=\"wp-block-image size-large\"><img loading=\"lazy\" decoding=\"async\" width=\"1000\" height=\"700\" data-id=\"2393\" src=\"https:\/\/adrianaarronte.com.es\/wp-content\/uploads\/2025\/07\/04-Solo-shox-ArtMiami-2017.jpg\" alt=\"\" class=\"wp-image-2393\" srcset=\"https:\/\/adrianaarronte.com.es\/wp-content\/uploads\/2025\/07\/04-Solo-shox-ArtMiami-2017.jpg 1000w, https:\/\/adrianaarronte.com.es\/wp-content\/uploads\/2025\/07\/04-Solo-shox-ArtMiami-2017-300x210.jpg 300w, https:\/\/adrianaarronte.com.es\/wp-content\/uploads\/2025\/07\/04-Solo-shox-ArtMiami-2017-768x538.jpg 768w\" sizes=\"auto, (max-width: 1000px) 100vw, 1000px\" \/><\/figure>\n<\/figure>\n<\/div>\n<\/div>\n\n\n\n<div class=\"wp-block-columns is-layout-flex wp-container-core-columns-is-layout-9d6595d7 wp-block-columns-is-layout-flex\">\n<div class=\"wp-block-column is-layout-flow wp-block-column-is-layout-flow\">\n<figure class=\"wp-block-gallery has-nested-images columns-default is-cropped wp-block-gallery-2 is-layout-flex wp-block-gallery-is-layout-flex\">\n<figure class=\"wp-block-image size-full\"><img loading=\"lazy\" decoding=\"async\" width=\"926\" height=\"740\" data-id=\"2515\" src=\"https:\/\/adrianaarronte.com.es\/wp-content\/uploads\/2025\/07\/Discurso-promesa.jpg\" alt=\"\" class=\"wp-image-2515\" srcset=\"https:\/\/adrianaarronte.com.es\/wp-content\/uploads\/2025\/07\/Discurso-promesa.jpg 926w, https:\/\/adrianaarronte.com.es\/wp-content\/uploads\/2025\/07\/Discurso-promesa-300x240.jpg 300w, https:\/\/adrianaarronte.com.es\/wp-content\/uploads\/2025\/07\/Discurso-promesa-768x614.jpg 768w\" sizes=\"auto, (max-width: 926px) 100vw, 926px\" \/><\/figure>\n<\/figure>\n\n\n\n<p class=\"has-small-font-size\"><strong><a href=\"https:\/\/adrianaarronte.com.es\/index.php\/obras\/objetos-objects\/discurso\/\">PROMESA, SERIE DISCURSO | PROMISE, SPEECH SERIES <\/a><\/strong>. Yeso, metal y pvc<\/p>\n<\/div>\n\n\n\n<div class=\"wp-block-column is-layout-flow wp-block-column-is-layout-flow\">\n<figure class=\"wp-block-gallery has-nested-images columns-default is-cropped wp-block-gallery-3 is-layout-flex wp-block-gallery-is-layout-flex\">\n<figure class=\"wp-block-image size-full\"><img loading=\"lazy\" decoding=\"async\" width=\"926\" height=\"740\" data-id=\"2520\" src=\"https:\/\/adrianaarronte.com.es\/wp-content\/uploads\/2025\/07\/Memoria-Serie-Pisa-papeles.jpg\" alt=\"\" class=\"wp-image-2520\" srcset=\"https:\/\/adrianaarronte.com.es\/wp-content\/uploads\/2025\/07\/Memoria-Serie-Pisa-papeles.jpg 926w, https:\/\/adrianaarronte.com.es\/wp-content\/uploads\/2025\/07\/Memoria-Serie-Pisa-papeles-300x240.jpg 300w, https:\/\/adrianaarronte.com.es\/wp-content\/uploads\/2025\/07\/Memoria-Serie-Pisa-papeles-768x614.jpg 768w\" sizes=\"auto, (max-width: 926px) 100vw, 926px\" \/><\/figure>\n<\/figure>\n\n\n\n<p class=\"has-small-font-size\"><strong><a href=\"https:\/\/adrianaarronte.com.es\/index.php\/obras\/objetos-objects\/pisa-papeles\/\">SERIE PISAPAPELES | PAPERWIGHT SERIES<\/a><\/strong>. Vidrio y papel\u00a0<\/p>\n<\/div>\n<\/div>\n\n\n\n<div class=\"wp-block-columns is-layout-flex wp-container-core-columns-is-layout-9d6595d7 wp-block-columns-is-layout-flex\">\n<div class=\"wp-block-column is-layout-flow wp-block-column-is-layout-flow\">\n<figure class=\"wp-block-gallery has-nested-images columns-default is-cropped wp-block-gallery-4 is-layout-flex wp-block-gallery-is-layout-flex\">\n<figure class=\"wp-block-image size-large\"><img loading=\"lazy\" decoding=\"async\" width=\"926\" height=\"740\" data-id=\"2527\" src=\"https:\/\/adrianaarronte.com.es\/wp-content\/uploads\/2025\/07\/Mistica-ArtMiami-1.jpg\" alt=\"\" class=\"wp-image-2527\" srcset=\"https:\/\/adrianaarronte.com.es\/wp-content\/uploads\/2025\/07\/Mistica-ArtMiami-1.jpg 926w, https:\/\/adrianaarronte.com.es\/wp-content\/uploads\/2025\/07\/Mistica-ArtMiami-1-300x240.jpg 300w, https:\/\/adrianaarronte.com.es\/wp-content\/uploads\/2025\/07\/Mistica-ArtMiami-1-768x614.jpg 768w\" sizes=\"auto, (max-width: 926px) 100vw, 926px\" \/><\/figure>\n<\/figure>\n\n\n\n<p class=\"has-small-font-size\"><a href=\"https:\/\/adrianaarronte.com.es\/index.php\/obras\/dibujos-drawings\/mistica\/\"><strong>M\u00cdSTICA | MYSTICISM<\/strong>.<\/a> Acr\u00edlico plata e impression l\u00e1ser\u00a0\/ cartulina<\/p>\n<\/div>\n\n\n\n<div class=\"wp-block-column is-layout-flow wp-block-column-is-layout-flow\">\n<figure class=\"wp-block-gallery has-nested-images columns-default is-cropped wp-block-gallery-5 is-layout-flex wp-block-gallery-is-layout-flex\">\n<figure class=\"wp-block-image size-large\"><img loading=\"lazy\" decoding=\"async\" width=\"926\" height=\"740\" data-id=\"2529\" src=\"https:\/\/adrianaarronte.com.es\/wp-content\/uploads\/2025\/07\/Serie-Cena-ArtMiami-2.jpg\" alt=\"\" class=\"wp-image-2529\" srcset=\"https:\/\/adrianaarronte.com.es\/wp-content\/uploads\/2025\/07\/Serie-Cena-ArtMiami-2.jpg 926w, https:\/\/adrianaarronte.com.es\/wp-content\/uploads\/2025\/07\/Serie-Cena-ArtMiami-2-300x240.jpg 300w, https:\/\/adrianaarronte.com.es\/wp-content\/uploads\/2025\/07\/Serie-Cena-ArtMiami-2-768x614.jpg 768w\" sizes=\"auto, (max-width: 926px) 100vw, 926px\" \/><\/figure>\n<\/figure>\n\n\n\n<p class=\"has-small-font-size\"><strong><a href=\"https:\/\/adrianaarronte.com.es\/index.php\/obras\/instalaciones\/cena\/\">CENA | DINNER<\/a><\/strong>. Alpaca\u00a0<\/p>\n<\/div>\n<\/div>\n","protected":false},"excerpt":{"rendered":"<p>Exposiciones individuales Solo show Art Miami. Feria de Arte Contempor\u00e1neo de Miami, EU, 2017 PROMESA, SERIE DISCURSO | PROMISE, SPEECH SERIES . Yeso, metal y pvc SERIE PISAPAPELES | PAPERWIGHT SERIES. Vidrio y papel\u00a0 M\u00cdSTICA | MYSTICISM. Acr\u00edlico plata e impression l\u00e1ser\u00a0\/ cartulina CENA | DINNER. Alpaca\u00a0<\/p>\n","protected":false},"author":1,"featured_media":0,"parent":2004,"menu_order":0,"comment_status":"closed","ping_status":"closed","template":"","meta":{"neve_meta_sidebar":"","neve_meta_container":"","neve_meta_enable_content_width":"","neve_meta_content_width":0,"neve_meta_title_alignment":"","neve_meta_author_avatar":"","neve_post_elements_order":"","neve_meta_disable_header":"","neve_meta_disable_footer":"","neve_meta_disable_title":"on","footnotes":""},"class_list":["post-2462","page","type-page","status-publish","hentry"],"yoast_head":"<!-- This site is optimized with the Yoast SEO plugin v21.6 - https:\/\/yoast.com\/wordpress\/plugins\/seo\/ -->\n<title>SOLO SHOW ART MIAMI - ADRIANA ARRONTE<\/title>\n<meta name=\"description\" content=\"Speechis the main piece of the project. Its meaning is conceptually connected with the other series, taking as a reference the behavior of cultural phenomena in relation to politics and economy, it becomes a recurrent equation in the contemporary world ART + POLITICS = P0WER.\" \/>\n<meta name=\"robots\" content=\"index, follow, max-snippet:-1, max-image-preview:large, max-video-preview:-1\" \/>\n<link rel=\"canonical\" href=\"https:\/\/adrianaarronte.com.es\/index.php\/noticias\/exposiciones-individuales\/solo-show-art-miami\/\" \/>\n<meta property=\"og:locale\" content=\"es_ES\" \/>\n<meta property=\"og:type\" content=\"article\" \/>\n<meta property=\"og:title\" content=\"SOLO SHOW ART MIAMI - ADRIANA ARRONTE\" \/>\n<meta property=\"og:description\" content=\"Speechis the main piece of the project. Its meaning is conceptually connected with the other series, taking as a reference the behavior of cultural phenomena in relation to politics and economy, it becomes a recurrent equation in the contemporary world ART + POLITICS = P0WER.\" \/>\n<meta property=\"og:url\" content=\"https:\/\/adrianaarronte.com.es\/index.php\/noticias\/exposiciones-individuales\/solo-show-art-miami\/\" \/>\n<meta property=\"og:site_name\" content=\"ADRIANA ARRONTE\" \/>\n<meta property=\"article:modified_time\" content=\"2025-09-27T10:54:41+00:00\" \/>\n<meta property=\"og:image\" content=\"https:\/\/adrianaarronte.com.es\/wp-content\/uploads\/2025\/07\/04-Solo-shox-ArtMiami-2017.jpg\" \/>\n<meta name=\"twitter:card\" content=\"summary_large_image\" \/>\n<meta name=\"twitter:label1\" content=\"Tiempo de lectura\" \/>\n\t<meta name=\"twitter:data1\" content=\"2 minutos\" \/>\n<script type=\"application\/ld+json\" class=\"yoast-schema-graph\">{\"@context\":\"https:\/\/schema.org\",\"@graph\":[{\"@type\":\"WebPage\",\"@id\":\"https:\/\/adrianaarronte.com.es\/index.php\/noticias\/exposiciones-individuales\/solo-show-art-miami\/\",\"url\":\"https:\/\/adrianaarronte.com.es\/index.php\/noticias\/exposiciones-individuales\/solo-show-art-miami\/\",\"name\":\"SOLO SHOW ART MIAMI - ADRIANA ARRONTE\",\"isPartOf\":{\"@id\":\"https:\/\/adrianaarronte.com.es\/#website\"},\"datePublished\":\"2025-07-17T11:47:13+00:00\",\"dateModified\":\"2025-09-27T10:54:41+00:00\",\"description\":\"Speechis the main piece of the project. Its meaning is conceptually connected with the other series, taking as a reference the behavior of cultural phenomena in relation to politics and economy, it becomes a recurrent equation in the contemporary world ART + POLITICS = P0WER.\",\"breadcrumb\":{\"@id\":\"https:\/\/adrianaarronte.com.es\/index.php\/noticias\/exposiciones-individuales\/solo-show-art-miami\/#breadcrumb\"},\"inLanguage\":\"es\",\"potentialAction\":[{\"@type\":\"ReadAction\",\"target\":[\"https:\/\/adrianaarronte.com.es\/index.php\/noticias\/exposiciones-individuales\/solo-show-art-miami\/\"]}]},{\"@type\":\"BreadcrumbList\",\"@id\":\"https:\/\/adrianaarronte.com.es\/index.php\/noticias\/exposiciones-individuales\/solo-show-art-miami\/#breadcrumb\",\"itemListElement\":[{\"@type\":\"ListItem\",\"position\":1,\"name\":\"Home\",\"item\":\"https:\/\/adrianaarronte.com.es\/\"},{\"@type\":\"ListItem\",\"position\":2,\"name\":\"EXPOSICIONES\",\"item\":\"https:\/\/adrianaarronte.com.es\/index.php\/noticias\/\"},{\"@type\":\"ListItem\",\"position\":3,\"name\":\"Exposiciones individuales\",\"item\":\"https:\/\/adrianaarronte.com.es\/index.php\/noticias\/exposiciones-individuales\/\"},{\"@type\":\"ListItem\",\"position\":4,\"name\":\"SOLO SHOW ART MIAMI\"}]},{\"@type\":\"WebSite\",\"@id\":\"https:\/\/adrianaarronte.com.es\/#website\",\"url\":\"https:\/\/adrianaarronte.com.es\/\",\"name\":\"ADRIANA ARRONTE\",\"description\":\"\",\"potentialAction\":[{\"@type\":\"SearchAction\",\"target\":{\"@type\":\"EntryPoint\",\"urlTemplate\":\"https:\/\/adrianaarronte.com.es\/?s={search_term_string}\"},\"query-input\":\"required name=search_term_string\"}],\"inLanguage\":\"es\"}]}<\/script>\n<!-- \/ Yoast SEO plugin. -->","yoast_head_json":{"title":"SOLO SHOW ART MIAMI - ADRIANA ARRONTE","description":"Speechis the main piece of the project. Its meaning is conceptually connected with the other series, taking as a reference the behavior of cultural phenomena in relation to politics and economy, it becomes a recurrent equation in the contemporary world ART + POLITICS = P0WER.","robots":{"index":"index","follow":"follow","max-snippet":"max-snippet:-1","max-image-preview":"max-image-preview:large","max-video-preview":"max-video-preview:-1"},"canonical":"https:\/\/adrianaarronte.com.es\/index.php\/noticias\/exposiciones-individuales\/solo-show-art-miami\/","og_locale":"es_ES","og_type":"article","og_title":"SOLO SHOW ART MIAMI - ADRIANA ARRONTE","og_description":"Speechis the main piece of the project. Its meaning is conceptually connected with the other series, taking as a reference the behavior of cultural phenomena in relation to politics and economy, it becomes a recurrent equation in the contemporary world ART + POLITICS = P0WER.","og_url":"https:\/\/adrianaarronte.com.es\/index.php\/noticias\/exposiciones-individuales\/solo-show-art-miami\/","og_site_name":"ADRIANA ARRONTE","article_modified_time":"2025-09-27T10:54:41+00:00","og_image":[{"url":"https:\/\/adrianaarronte.com.es\/wp-content\/uploads\/2025\/07\/04-Solo-shox-ArtMiami-2017.jpg"}],"twitter_card":"summary_large_image","twitter_misc":{"Tiempo de lectura":"2 minutos"},"schema":{"@context":"https:\/\/schema.org","@graph":[{"@type":"WebPage","@id":"https:\/\/adrianaarronte.com.es\/index.php\/noticias\/exposiciones-individuales\/solo-show-art-miami\/","url":"https:\/\/adrianaarronte.com.es\/index.php\/noticias\/exposiciones-individuales\/solo-show-art-miami\/","name":"SOLO SHOW ART MIAMI - ADRIANA ARRONTE","isPartOf":{"@id":"https:\/\/adrianaarronte.com.es\/#website"},"datePublished":"2025-07-17T11:47:13+00:00","dateModified":"2025-09-27T10:54:41+00:00","description":"Speechis the main piece of the project. Its meaning is conceptually connected with the other series, taking as a reference the behavior of cultural phenomena in relation to politics and economy, it becomes a recurrent equation in the contemporary world ART + POLITICS = P0WER.","breadcrumb":{"@id":"https:\/\/adrianaarronte.com.es\/index.php\/noticias\/exposiciones-individuales\/solo-show-art-miami\/#breadcrumb"},"inLanguage":"es","potentialAction":[{"@type":"ReadAction","target":["https:\/\/adrianaarronte.com.es\/index.php\/noticias\/exposiciones-individuales\/solo-show-art-miami\/"]}]},{"@type":"BreadcrumbList","@id":"https:\/\/adrianaarronte.com.es\/index.php\/noticias\/exposiciones-individuales\/solo-show-art-miami\/#breadcrumb","itemListElement":[{"@type":"ListItem","position":1,"name":"Home","item":"https:\/\/adrianaarronte.com.es\/"},{"@type":"ListItem","position":2,"name":"EXPOSICIONES","item":"https:\/\/adrianaarronte.com.es\/index.php\/noticias\/"},{"@type":"ListItem","position":3,"name":"Exposiciones individuales","item":"https:\/\/adrianaarronte.com.es\/index.php\/noticias\/exposiciones-individuales\/"},{"@type":"ListItem","position":4,"name":"SOLO SHOW ART MIAMI"}]},{"@type":"WebSite","@id":"https:\/\/adrianaarronte.com.es\/#website","url":"https:\/\/adrianaarronte.com.es\/","name":"ADRIANA ARRONTE","description":"","potentialAction":[{"@type":"SearchAction","target":{"@type":"EntryPoint","urlTemplate":"https:\/\/adrianaarronte.com.es\/?s={search_term_string}"},"query-input":"required name=search_term_string"}],"inLanguage":"es"}]}},"_links":{"self":[{"href":"https:\/\/adrianaarronte.com.es\/index.php\/wp-json\/wp\/v2\/pages\/2462","targetHints":{"allow":["GET"]}}],"collection":[{"href":"https:\/\/adrianaarronte.com.es\/index.php\/wp-json\/wp\/v2\/pages"}],"about":[{"href":"https:\/\/adrianaarronte.com.es\/index.php\/wp-json\/wp\/v2\/types\/page"}],"author":[{"embeddable":true,"href":"https:\/\/adrianaarronte.com.es\/index.php\/wp-json\/wp\/v2\/users\/1"}],"replies":[{"embeddable":true,"href":"https:\/\/adrianaarronte.com.es\/index.php\/wp-json\/wp\/v2\/comments?post=2462"}],"version-history":[{"count":9,"href":"https:\/\/adrianaarronte.com.es\/index.php\/wp-json\/wp\/v2\/pages\/2462\/revisions"}],"predecessor-version":[{"id":2532,"href":"https:\/\/adrianaarronte.com.es\/index.php\/wp-json\/wp\/v2\/pages\/2462\/revisions\/2532"}],"up":[{"embeddable":true,"href":"https:\/\/adrianaarronte.com.es\/index.php\/wp-json\/wp\/v2\/pages\/2004"}],"wp:attachment":[{"href":"https:\/\/adrianaarronte.com.es\/index.php\/wp-json\/wp\/v2\/media?parent=2462"}],"curies":[{"name":"wp","href":"https:\/\/api.w.org\/{rel}","templated":true}]}}