{"id":2469,"date":"2025-07-17T13:57:15","date_gmt":"2025-07-17T11:57:15","guid":{"rendered":"https:\/\/adrianaarronte.com.es\/?page_id=2469"},"modified":"2025-09-27T12:35:11","modified_gmt":"2025-09-27T10:35:11","slug":"exposicion-cambio-de-estado","status":"publish","type":"page","link":"https:\/\/adrianaarronte.com.es\/index.php\/noticias\/exposiciones-individuales\/exposicion-cambio-de-estado\/","title":{"rendered":"Exposici\u00f3n Cambio de estado"},"content":{"rendered":"\n<p class=\"has-small-font-size\"><a href=\"https:\/\/adrianaarronte.com.es\/index.php\/noticias\/exposiciones-individuales\/\">Exposiciones individuales<\/a><\/p>\n\n\n\n<p class=\"has-small-font-size\"><strong>Cambio de estado<\/strong>. Galer\u00eda Villa Manuela. La Habana, Cuba, 2015 <\/p>\n\n\n\n<div class=\"wp-block-columns is-layout-flex wp-container-core-columns-is-layout-9d6595d7 wp-block-columns-is-layout-flex\">\n<div class=\"wp-block-column is-layout-flow wp-block-column-is-layout-flow\">\n<figure class=\"wp-block-gallery has-nested-images columns-default is-cropped wp-block-gallery-1 is-layout-flex wp-block-gallery-is-layout-flex\">\n<figure class=\"wp-block-image size-large\"><img loading=\"lazy\" decoding=\"async\" width=\"1000\" height=\"700\" data-id=\"2474\" src=\"https:\/\/adrianaarronte.com.es\/wp-content\/uploads\/2025\/07\/06-Cambio-de-estado-2015-1.jpg\" alt=\"\" class=\"wp-image-2474\" srcset=\"https:\/\/adrianaarronte.com.es\/wp-content\/uploads\/2025\/07\/06-Cambio-de-estado-2015-1.jpg 1000w, https:\/\/adrianaarronte.com.es\/wp-content\/uploads\/2025\/07\/06-Cambio-de-estado-2015-1-300x210.jpg 300w, https:\/\/adrianaarronte.com.es\/wp-content\/uploads\/2025\/07\/06-Cambio-de-estado-2015-1-768x538.jpg 768w\" sizes=\"auto, (max-width: 1000px) 100vw, 1000px\" \/><\/figure>\n<\/figure>\n<\/div>\n<\/div>\n\n\n\n<div class=\"wp-block-columns is-layout-flex wp-container-core-columns-is-layout-9d6595d7 wp-block-columns-is-layout-flex\">\n<div class=\"wp-block-column is-layout-flow wp-block-column-is-layout-flow\">\n<figure class=\"wp-block-gallery has-nested-images columns-default is-cropped wp-block-gallery-2 is-layout-flex wp-block-gallery-is-layout-flex\">\n<figure class=\"wp-block-image size-large\"><img loading=\"lazy\" decoding=\"async\" width=\"1024\" height=\"669\" data-id=\"2483\" src=\"https:\/\/adrianaarronte.com.es\/wp-content\/uploads\/2025\/07\/Cambio-de-estado-04-1024x669.jpg\" alt=\"\" class=\"wp-image-2483\" srcset=\"https:\/\/adrianaarronte.com.es\/wp-content\/uploads\/2025\/07\/Cambio-de-estado-04-1024x669.jpg 1024w, https:\/\/adrianaarronte.com.es\/wp-content\/uploads\/2025\/07\/Cambio-de-estado-04-300x196.jpg 300w, https:\/\/adrianaarronte.com.es\/wp-content\/uploads\/2025\/07\/Cambio-de-estado-04-768x502.jpg 768w, https:\/\/adrianaarronte.com.es\/wp-content\/uploads\/2025\/07\/Cambio-de-estado-04-1536x1003.jpg 1536w, https:\/\/adrianaarronte.com.es\/wp-content\/uploads\/2025\/07\/Cambio-de-estado-04.jpg 2000w\" sizes=\"auto, (max-width: 1024px) 100vw, 1024px\" \/><\/figure>\n<\/figure>\n\n\n\n<p class=\"has-small-font-size\"><strong><a href=\"https:\/\/adrianaarronte.com.es\/index.php\/obras\/objetos-objects\/limbo-2\/\">LIMBO<\/a><\/strong>. Hojas de laurel y metacrilato&nbsp;<\/p>\n<\/div>\n\n\n\n<div class=\"wp-block-column is-layout-flow wp-block-column-is-layout-flow\">\n<figure class=\"wp-block-gallery has-nested-images columns-default is-cropped wp-block-gallery-3 is-layout-flex wp-block-gallery-is-layout-flex\">\n<figure class=\"wp-block-image size-large\"><img loading=\"lazy\" decoding=\"async\" width=\"1024\" height=\"669\" data-id=\"2487\" src=\"https:\/\/adrianaarronte.com.es\/wp-content\/uploads\/2025\/07\/Duelo-2015-1-1-1024x669.jpg\" alt=\"\" class=\"wp-image-2487\" srcset=\"https:\/\/adrianaarronte.com.es\/wp-content\/uploads\/2025\/07\/Duelo-2015-1-1-1024x669.jpg 1024w, https:\/\/adrianaarronte.com.es\/wp-content\/uploads\/2025\/07\/Duelo-2015-1-1-300x196.jpg 300w, https:\/\/adrianaarronte.com.es\/wp-content\/uploads\/2025\/07\/Duelo-2015-1-1-768x502.jpg 768w, https:\/\/adrianaarronte.com.es\/wp-content\/uploads\/2025\/07\/Duelo-2015-1-1-1536x1003.jpg 1536w, https:\/\/adrianaarronte.com.es\/wp-content\/uploads\/2025\/07\/Duelo-2015-1-1.jpg 2000w\" sizes=\"auto, (max-width: 1024px) 100vw, 1024px\" \/><\/figure>\n<\/figure>\n\n\n\n<p class=\"has-small-font-size\"><a href=\"https:\/\/adrianaarronte.com.es\/index.php\/obras\/objetos-objects\/duelo-duel-arte-object\/\"><strong>DUELO&nbsp;<\/strong>|<strong>&nbsp;DUEL<\/strong><\/a>. Alpaca&nbsp;<\/p>\n<\/div>\n<\/div>\n\n\n\n<div class=\"wp-block-columns is-layout-flex wp-container-core-columns-is-layout-9d6595d7 wp-block-columns-is-layout-flex\">\n<div class=\"wp-block-column is-layout-flow wp-block-column-is-layout-flow\">\n<figure class=\"wp-block-gallery has-nested-images columns-default is-cropped wp-block-gallery-4 is-layout-flex wp-block-gallery-is-layout-flex\">\n<figure class=\"wp-block-image size-large\"><img loading=\"lazy\" decoding=\"async\" width=\"1024\" height=\"669\" data-id=\"2494\" src=\"https:\/\/adrianaarronte.com.es\/wp-content\/uploads\/2025\/07\/Cambio-de-estado-04-1-1024x669.jpg\" alt=\"\" class=\"wp-image-2494\" srcset=\"https:\/\/adrianaarronte.com.es\/wp-content\/uploads\/2025\/07\/Cambio-de-estado-04-1-1024x669.jpg 1024w, https:\/\/adrianaarronte.com.es\/wp-content\/uploads\/2025\/07\/Cambio-de-estado-04-1-300x196.jpg 300w, https:\/\/adrianaarronte.com.es\/wp-content\/uploads\/2025\/07\/Cambio-de-estado-04-1-768x502.jpg 768w, https:\/\/adrianaarronte.com.es\/wp-content\/uploads\/2025\/07\/Cambio-de-estado-04-1-1536x1003.jpg 1536w, https:\/\/adrianaarronte.com.es\/wp-content\/uploads\/2025\/07\/Cambio-de-estado-04-1.jpg 2000w\" sizes=\"auto, (max-width: 1024px) 100vw, 1024px\" \/><\/figure>\n<\/figure>\n\n\n\n<p class=\"has-small-font-size\"><a href=\"https:\/\/adrianaarronte.com.es\/index.php\/obras\/objetos-objects\/historia-ii-2\/\"><strong>HISTORIA II&nbsp;<\/strong>|&nbsp;<strong>HISTORY II<\/strong><\/a>. Intervenci\u00f3n sobre platos antiguos. Loza y esmalte cer\u00e1mico<\/p>\n<\/div>\n\n\n\n<div class=\"wp-block-column is-layout-flow wp-block-column-is-layout-flow\">\n<figure class=\"wp-block-gallery has-nested-images columns-default is-cropped wp-block-gallery-5 is-layout-flex wp-block-gallery-is-layout-flex\">\n<figure class=\"wp-block-image size-large\"><img loading=\"lazy\" decoding=\"async\" width=\"1024\" height=\"669\" data-id=\"2493\" src=\"https:\/\/adrianaarronte.com.es\/wp-content\/uploads\/2025\/07\/Cambio-de-estado-05-1-1024x669.jpg\" alt=\"\" class=\"wp-image-2493\" srcset=\"https:\/\/adrianaarronte.com.es\/wp-content\/uploads\/2025\/07\/Cambio-de-estado-05-1-1024x669.jpg 1024w, https:\/\/adrianaarronte.com.es\/wp-content\/uploads\/2025\/07\/Cambio-de-estado-05-1-300x196.jpg 300w, https:\/\/adrianaarronte.com.es\/wp-content\/uploads\/2025\/07\/Cambio-de-estado-05-1-768x502.jpg 768w, https:\/\/adrianaarronte.com.es\/wp-content\/uploads\/2025\/07\/Cambio-de-estado-05-1-1536x1003.jpg 1536w, https:\/\/adrianaarronte.com.es\/wp-content\/uploads\/2025\/07\/Cambio-de-estado-05-1.jpg 2000w\" sizes=\"auto, (max-width: 1024px) 100vw, 1024px\" \/><\/figure>\n<\/figure>\n\n\n\n<p class=\"has-small-font-size\"><a href=\"https:\/\/adrianaarronte.com.es\/index.php\/obras\/instalaciones\/cambio-de-estado\/\"><strong>CAMBIO DE ESTADO&nbsp;<\/strong>|<strong>&nbsp;CHANGE OF STATE<\/strong><\/a>. (Insectos necr\u00f3fagos). Resina y metacrilato&nbsp;<\/p>\n<\/div>\n<\/div>\n\n\n\n<div class=\"wp-block-columns is-layout-flex wp-container-core-columns-is-layout-9d6595d7 wp-block-columns-is-layout-flex\">\n<div class=\"wp-block-column is-layout-flow wp-block-column-is-layout-flow\">\n<p class=\"has-small-font-size\"><a href=\"https:\/\/adrianaarronte.com.es\/index.php\/noticias\/\">EXPOSICIONES<\/a><\/p>\n<\/div>\n<\/div>\n","protected":false},"excerpt":{"rendered":"<p>Exposiciones individuales Cambio de estado. Galer\u00eda Villa Manuela. La Habana, Cuba, 2015 LIMBO. Hojas de laurel y metacrilato&nbsp; DUELO&nbsp;|&nbsp;DUEL. Alpaca&nbsp; HISTORIA II&nbsp;|&nbsp;HISTORY II. Intervenci\u00f3n sobre platos antiguos. Loza y esmalte cer\u00e1mico CAMBIO DE ESTADO&nbsp;|&nbsp;CHANGE OF STATE. (Insectos necr\u00f3fagos). Resina y metacrilato&nbsp; EXPOSICIONES<\/p>\n","protected":false},"author":1,"featured_media":0,"parent":2004,"menu_order":0,"comment_status":"closed","ping_status":"closed","template":"","meta":{"neve_meta_sidebar":"","neve_meta_container":"","neve_meta_enable_content_width":"","neve_meta_content_width":0,"neve_meta_title_alignment":"","neve_meta_author_avatar":"","neve_post_elements_order":"","neve_meta_disable_header":"","neve_meta_disable_footer":"","neve_meta_disable_title":"on","footnotes":""},"class_list":["post-2469","page","type-page","status-publish","hentry"],"yoast_head":"<!-- This site is optimized with the Yoast SEO plugin v21.6 - https:\/\/yoast.com\/wordpress\/plugins\/seo\/ -->\n<title>Exposici\u00f3n Cambio de estado - ADRIANA ARRONTE<\/title>\n<meta name=\"description\" content=\"Desde la obra de la artista Adriana Arronte se tensan las formas en que se manifiesta el poder, y estas ceden la integridad de su estado a la transformaci\u00f3n, revoluci\u00f3n, simbiosis, declive, disnea y muerte. Tales estados c\u00edclicos se objetualizan en el lenguaje de la apropiaci\u00f3n de los elementos de la historia asociados a cualquier tipo de monarqu\u00eda. Por eso, se desvanece la solidez de las coronas y de otros tipos de tocados de poder al impacto de una gota de sangre, que se congela en el tiempo como mismo tienden a detenerse en la memoria las improntas de los estados jer\u00e1rquicos, tanto los gubernamentales como todos aquellos que \u00abagradecen a los muertos de su felicidad\u00bb .\" \/>\n<meta name=\"robots\" content=\"index, follow, max-snippet:-1, max-image-preview:large, max-video-preview:-1\" \/>\n<link rel=\"canonical\" href=\"https:\/\/adrianaarronte.com.es\/index.php\/noticias\/exposiciones-individuales\/exposicion-cambio-de-estado\/\" \/>\n<meta property=\"og:locale\" content=\"es_ES\" \/>\n<meta property=\"og:type\" content=\"article\" \/>\n<meta property=\"og:title\" content=\"Exposici\u00f3n Cambio de estado - ADRIANA ARRONTE\" \/>\n<meta property=\"og:description\" content=\"Desde la obra de la artista Adriana Arronte se tensan las formas en que se manifiesta el poder, y estas ceden la integridad de su estado a la transformaci\u00f3n, revoluci\u00f3n, simbiosis, declive, disnea y muerte. Tales estados c\u00edclicos se objetualizan en el lenguaje de la apropiaci\u00f3n de los elementos de la historia asociados a cualquier tipo de monarqu\u00eda. Por eso, se desvanece la solidez de las coronas y de otros tipos de tocados de poder al impacto de una gota de sangre, que se congela en el tiempo como mismo tienden a detenerse en la memoria las improntas de los estados jer\u00e1rquicos, tanto los gubernamentales como todos aquellos que \u00abagradecen a los muertos de su felicidad\u00bb .\" \/>\n<meta property=\"og:url\" content=\"https:\/\/adrianaarronte.com.es\/index.php\/noticias\/exposiciones-individuales\/exposicion-cambio-de-estado\/\" \/>\n<meta property=\"og:site_name\" content=\"ADRIANA ARRONTE\" \/>\n<meta property=\"article:modified_time\" content=\"2025-09-27T10:35:11+00:00\" \/>\n<meta property=\"og:image\" content=\"https:\/\/adrianaarronte.com.es\/wp-content\/uploads\/2025\/07\/06-Cambio-de-estado-2015-1.jpg\" \/>\n<meta name=\"twitter:card\" content=\"summary_large_image\" \/>\n<meta name=\"twitter:label1\" content=\"Tiempo de lectura\" \/>\n\t<meta name=\"twitter:data1\" content=\"2 minutos\" \/>\n<script type=\"application\/ld+json\" class=\"yoast-schema-graph\">{\"@context\":\"https:\/\/schema.org\",\"@graph\":[{\"@type\":\"WebPage\",\"@id\":\"https:\/\/adrianaarronte.com.es\/index.php\/noticias\/exposiciones-individuales\/exposicion-cambio-de-estado\/\",\"url\":\"https:\/\/adrianaarronte.com.es\/index.php\/noticias\/exposiciones-individuales\/exposicion-cambio-de-estado\/\",\"name\":\"Exposici\u00f3n Cambio de estado - ADRIANA ARRONTE\",\"isPartOf\":{\"@id\":\"https:\/\/adrianaarronte.com.es\/#website\"},\"datePublished\":\"2025-07-17T11:57:15+00:00\",\"dateModified\":\"2025-09-27T10:35:11+00:00\",\"description\":\"Desde la obra de la artista Adriana Arronte se tensan las formas en que se manifiesta el poder, y estas ceden la integridad de su estado a la transformaci\u00f3n, revoluci\u00f3n, simbiosis, declive, disnea y muerte. Tales estados c\u00edclicos se objetualizan en el lenguaje de la apropiaci\u00f3n de los elementos de la historia asociados a cualquier tipo de monarqu\u00eda. Por eso, se desvanece la solidez de las coronas y de otros tipos de tocados de poder al impacto de una gota de sangre, que se congela en el tiempo como mismo tienden a detenerse en la memoria las improntas de los estados jer\u00e1rquicos, tanto los gubernamentales como todos aquellos que \u00abagradecen a los muertos de su felicidad\u00bb .\",\"breadcrumb\":{\"@id\":\"https:\/\/adrianaarronte.com.es\/index.php\/noticias\/exposiciones-individuales\/exposicion-cambio-de-estado\/#breadcrumb\"},\"inLanguage\":\"es\",\"potentialAction\":[{\"@type\":\"ReadAction\",\"target\":[\"https:\/\/adrianaarronte.com.es\/index.php\/noticias\/exposiciones-individuales\/exposicion-cambio-de-estado\/\"]}]},{\"@type\":\"BreadcrumbList\",\"@id\":\"https:\/\/adrianaarronte.com.es\/index.php\/noticias\/exposiciones-individuales\/exposicion-cambio-de-estado\/#breadcrumb\",\"itemListElement\":[{\"@type\":\"ListItem\",\"position\":1,\"name\":\"Home\",\"item\":\"https:\/\/adrianaarronte.com.es\/\"},{\"@type\":\"ListItem\",\"position\":2,\"name\":\"EXPOSICIONES\",\"item\":\"https:\/\/adrianaarronte.com.es\/index.php\/noticias\/\"},{\"@type\":\"ListItem\",\"position\":3,\"name\":\"Exposiciones individuales\",\"item\":\"https:\/\/adrianaarronte.com.es\/index.php\/noticias\/exposiciones-individuales\/\"},{\"@type\":\"ListItem\",\"position\":4,\"name\":\"Exposici\u00f3n Cambio de estado\"}]},{\"@type\":\"WebSite\",\"@id\":\"https:\/\/adrianaarronte.com.es\/#website\",\"url\":\"https:\/\/adrianaarronte.com.es\/\",\"name\":\"ADRIANA ARRONTE\",\"description\":\"\",\"potentialAction\":[{\"@type\":\"SearchAction\",\"target\":{\"@type\":\"EntryPoint\",\"urlTemplate\":\"https:\/\/adrianaarronte.com.es\/?s={search_term_string}\"},\"query-input\":\"required name=search_term_string\"}],\"inLanguage\":\"es\"}]}<\/script>\n<!-- \/ Yoast SEO plugin. -->","yoast_head_json":{"title":"Exposici\u00f3n Cambio de estado - ADRIANA ARRONTE","description":"Desde la obra de la artista Adriana Arronte se tensan las formas en que se manifiesta el poder, y estas ceden la integridad de su estado a la transformaci\u00f3n, revoluci\u00f3n, simbiosis, declive, disnea y muerte. Tales estados c\u00edclicos se objetualizan en el lenguaje de la apropiaci\u00f3n de los elementos de la historia asociados a cualquier tipo de monarqu\u00eda. Por eso, se desvanece la solidez de las coronas y de otros tipos de tocados de poder al impacto de una gota de sangre, que se congela en el tiempo como mismo tienden a detenerse en la memoria las improntas de los estados jer\u00e1rquicos, tanto los gubernamentales como todos aquellos que \u00abagradecen a los muertos de su felicidad\u00bb .","robots":{"index":"index","follow":"follow","max-snippet":"max-snippet:-1","max-image-preview":"max-image-preview:large","max-video-preview":"max-video-preview:-1"},"canonical":"https:\/\/adrianaarronte.com.es\/index.php\/noticias\/exposiciones-individuales\/exposicion-cambio-de-estado\/","og_locale":"es_ES","og_type":"article","og_title":"Exposici\u00f3n Cambio de estado - ADRIANA ARRONTE","og_description":"Desde la obra de la artista Adriana Arronte se tensan las formas en que se manifiesta el poder, y estas ceden la integridad de su estado a la transformaci\u00f3n, revoluci\u00f3n, simbiosis, declive, disnea y muerte. Tales estados c\u00edclicos se objetualizan en el lenguaje de la apropiaci\u00f3n de los elementos de la historia asociados a cualquier tipo de monarqu\u00eda. Por eso, se desvanece la solidez de las coronas y de otros tipos de tocados de poder al impacto de una gota de sangre, que se congela en el tiempo como mismo tienden a detenerse en la memoria las improntas de los estados jer\u00e1rquicos, tanto los gubernamentales como todos aquellos que \u00abagradecen a los muertos de su felicidad\u00bb .","og_url":"https:\/\/adrianaarronte.com.es\/index.php\/noticias\/exposiciones-individuales\/exposicion-cambio-de-estado\/","og_site_name":"ADRIANA ARRONTE","article_modified_time":"2025-09-27T10:35:11+00:00","og_image":[{"url":"https:\/\/adrianaarronte.com.es\/wp-content\/uploads\/2025\/07\/06-Cambio-de-estado-2015-1.jpg"}],"twitter_card":"summary_large_image","twitter_misc":{"Tiempo de lectura":"2 minutos"},"schema":{"@context":"https:\/\/schema.org","@graph":[{"@type":"WebPage","@id":"https:\/\/adrianaarronte.com.es\/index.php\/noticias\/exposiciones-individuales\/exposicion-cambio-de-estado\/","url":"https:\/\/adrianaarronte.com.es\/index.php\/noticias\/exposiciones-individuales\/exposicion-cambio-de-estado\/","name":"Exposici\u00f3n Cambio de estado - ADRIANA ARRONTE","isPartOf":{"@id":"https:\/\/adrianaarronte.com.es\/#website"},"datePublished":"2025-07-17T11:57:15+00:00","dateModified":"2025-09-27T10:35:11+00:00","description":"Desde la obra de la artista Adriana Arronte se tensan las formas en que se manifiesta el poder, y estas ceden la integridad de su estado a la transformaci\u00f3n, revoluci\u00f3n, simbiosis, declive, disnea y muerte. Tales estados c\u00edclicos se objetualizan en el lenguaje de la apropiaci\u00f3n de los elementos de la historia asociados a cualquier tipo de monarqu\u00eda. Por eso, se desvanece la solidez de las coronas y de otros tipos de tocados de poder al impacto de una gota de sangre, que se congela en el tiempo como mismo tienden a detenerse en la memoria las improntas de los estados jer\u00e1rquicos, tanto los gubernamentales como todos aquellos que \u00abagradecen a los muertos de su felicidad\u00bb .","breadcrumb":{"@id":"https:\/\/adrianaarronte.com.es\/index.php\/noticias\/exposiciones-individuales\/exposicion-cambio-de-estado\/#breadcrumb"},"inLanguage":"es","potentialAction":[{"@type":"ReadAction","target":["https:\/\/adrianaarronte.com.es\/index.php\/noticias\/exposiciones-individuales\/exposicion-cambio-de-estado\/"]}]},{"@type":"BreadcrumbList","@id":"https:\/\/adrianaarronte.com.es\/index.php\/noticias\/exposiciones-individuales\/exposicion-cambio-de-estado\/#breadcrumb","itemListElement":[{"@type":"ListItem","position":1,"name":"Home","item":"https:\/\/adrianaarronte.com.es\/"},{"@type":"ListItem","position":2,"name":"EXPOSICIONES","item":"https:\/\/adrianaarronte.com.es\/index.php\/noticias\/"},{"@type":"ListItem","position":3,"name":"Exposiciones individuales","item":"https:\/\/adrianaarronte.com.es\/index.php\/noticias\/exposiciones-individuales\/"},{"@type":"ListItem","position":4,"name":"Exposici\u00f3n Cambio de estado"}]},{"@type":"WebSite","@id":"https:\/\/adrianaarronte.com.es\/#website","url":"https:\/\/adrianaarronte.com.es\/","name":"ADRIANA ARRONTE","description":"","potentialAction":[{"@type":"SearchAction","target":{"@type":"EntryPoint","urlTemplate":"https:\/\/adrianaarronte.com.es\/?s={search_term_string}"},"query-input":"required name=search_term_string"}],"inLanguage":"es"}]}},"_links":{"self":[{"href":"https:\/\/adrianaarronte.com.es\/index.php\/wp-json\/wp\/v2\/pages\/2469","targetHints":{"allow":["GET"]}}],"collection":[{"href":"https:\/\/adrianaarronte.com.es\/index.php\/wp-json\/wp\/v2\/pages"}],"about":[{"href":"https:\/\/adrianaarronte.com.es\/index.php\/wp-json\/wp\/v2\/types\/page"}],"author":[{"embeddable":true,"href":"https:\/\/adrianaarronte.com.es\/index.php\/wp-json\/wp\/v2\/users\/1"}],"replies":[{"embeddable":true,"href":"https:\/\/adrianaarronte.com.es\/index.php\/wp-json\/wp\/v2\/comments?post=2469"}],"version-history":[{"count":14,"href":"https:\/\/adrianaarronte.com.es\/index.php\/wp-json\/wp\/v2\/pages\/2469\/revisions"}],"predecessor-version":[{"id":2698,"href":"https:\/\/adrianaarronte.com.es\/index.php\/wp-json\/wp\/v2\/pages\/2469\/revisions\/2698"}],"up":[{"embeddable":true,"href":"https:\/\/adrianaarronte.com.es\/index.php\/wp-json\/wp\/v2\/pages\/2004"}],"wp:attachment":[{"href":"https:\/\/adrianaarronte.com.es\/index.php\/wp-json\/wp\/v2\/media?parent=2469"}],"curies":[{"name":"wp","href":"https:\/\/api.w.org\/{rel}","templated":true}]}}