{"id":2620,"date":"2025-07-22T17:32:10","date_gmt":"2025-07-22T15:32:10","guid":{"rendered":"https:\/\/adrianaarronte.com.es\/?page_id=2620"},"modified":"2025-08-20T12:19:30","modified_gmt":"2025-08-20T10:19:30","slug":"luminaria-desarmada-2","status":"publish","type":"page","link":"https:\/\/adrianaarronte.com.es\/index.php\/obras\/instalaciones\/luminaria-desarmada-2\/","title":{"rendered":"Luminaria desarmada"},"content":{"rendered":"\n<p class=\"has-small-font-size\">Instalaciones | Installation art<\/p>\n\n\n\n<div class=\"wp-block-columns is-layout-flex wp-container-core-columns-is-layout-9d6595d7 wp-block-columns-is-layout-flex\">\n<div class=\"wp-block-column is-layout-flow wp-block-column-is-layout-flow\">\n<figure class=\"wp-block-gallery has-nested-images columns-default is-cropped wp-block-gallery-1 is-layout-flex wp-block-gallery-is-layout-flex\">\n<figure class=\"wp-block-image size-full\"><img loading=\"lazy\" decoding=\"async\" width=\"582\" height=\"726\" data-id=\"2630\" src=\"https:\/\/adrianaarronte.com.es\/wp-content\/uploads\/2025\/07\/Luminaria-desarmada-02.jpg\" alt=\"\" class=\"wp-image-2630\" srcset=\"https:\/\/adrianaarronte.com.es\/wp-content\/uploads\/2025\/07\/Luminaria-desarmada-02.jpg 582w, https:\/\/adrianaarronte.com.es\/wp-content\/uploads\/2025\/07\/Luminaria-desarmada-02-240x300.jpg 240w\" sizes=\"auto, (max-width: 582px) 100vw, 582px\" \/><\/figure>\n<\/figure>\n<\/div>\n\n\n\n<div class=\"wp-block-column is-layout-flow wp-block-column-is-layout-flow\">\n<p class=\"has-small-font-size\"><strong>LUMINARIA DESARMADA. SERIE CAMBIO DE ESTADO |&nbsp;DISASSEMBLED LAMP. CHANGE OF STATE <\/strong><br>2024<br>Instalaci\u00f3n \/ Metacrilato, resina, cristal y metal <strong>|<\/strong> Installation art \/<br>Methacrylate, resin, glass and metal<\/p>\n\n\n\n<p class=\"has-small-font-size\">Comparo los cambios de la materia ante variaciones de presi\u00f3n y temperatura, las transformaciones de un sistema pol\u00edtico y la deconstrucci\u00f3n de una l\u00e1mpara. Las llamadas l\u00e1grimas de cristal en el dise\u00f1o de l\u00e1mparas chandelier aluden metaf\u00f3ricamente al llanto. Simulo salpicaduras que sugieren el proceso de licuefacci\u00f3n &#8211; cristalizaci\u00f3n. Aunque aqu\u00ed todo es s\u00f3lido, como el cristal que brota de los ojos en un mito, milagro o fake news.<\/p>\n\n\n\n<p class=\"has-small-font-size\">La luz y la l\u00e1mpara, por consiguiente, son s\u00edmbolo del esp\u00edritu, el conocimiento y gu\u00eda que revela el camino en la oscuridad. La iluminaci\u00f3n define un estado espiritual y de conciencia personal. Sin embargo, la transmisi\u00f3n de una llama o l\u00e1mpara representa la extensi\u00f3n de una doctrina (personal versus doctrina).<\/p>\n\n\n\n<p class=\"has-nv-c-1-color has-text-color has-link-color has-small-font-size wp-elements-a452464235b9fd85ceaf0b3cfb0b2ce5\">I compare the changes of matter with the political system transformations and the lamp deconstruction. The crystal tears in the design of chandelier lamps metaphorically allude to crying. I simulate splashes that suggest the liquefaction &#8211; crystallization process.<\/p>\n\n\n\n<p class=\"has-nv-c-1-color has-text-color has-link-color has-small-font-size wp-elements-b84660e93b7526bd2585616de9bc62eb\">Although here everything will be solid, like the glass that springs from the eyes in a myth, miracle or fake news.<br>The light and the lamp, therefore, are symbols of the spirit, the knowledge and guidance that reveals the path in the darkness. Enlightenment defines a spiritual state and personal consciousness. However, the transmission of a flame or lamp represents the extension of a doctrine.<\/p>\n<\/div>\n<\/div>\n\n\n\n<div class=\"wp-block-columns is-layout-flex wp-container-core-columns-is-layout-9d6595d7 wp-block-columns-is-layout-flex\">\n<div class=\"wp-block-column is-layout-flow wp-block-column-is-layout-flow\">\n<figure class=\"wp-block-gallery has-nested-images columns-default is-cropped wp-block-gallery-2 is-layout-flex wp-block-gallery-is-layout-flex\">\n<figure class=\"wp-block-image size-large\"><img loading=\"lazy\" decoding=\"async\" width=\"1024\" height=\"683\" data-id=\"2621\" src=\"https:\/\/adrianaarronte.com.es\/wp-content\/uploads\/2025\/07\/Luminaria-desarmada-Cambop-de-estado-1024x683.jpg\" alt=\"\" class=\"wp-image-2621\" srcset=\"https:\/\/adrianaarronte.com.es\/wp-content\/uploads\/2025\/07\/Luminaria-desarmada-Cambop-de-estado-1024x683.jpg 1024w, https:\/\/adrianaarronte.com.es\/wp-content\/uploads\/2025\/07\/Luminaria-desarmada-Cambop-de-estado-300x200.jpg 300w, https:\/\/adrianaarronte.com.es\/wp-content\/uploads\/2025\/07\/Luminaria-desarmada-Cambop-de-estado-768x512.jpg 768w, https:\/\/adrianaarronte.com.es\/wp-content\/uploads\/2025\/07\/Luminaria-desarmada-Cambop-de-estado-930x620.jpg 930w, https:\/\/adrianaarronte.com.es\/wp-content\/uploads\/2025\/07\/Luminaria-desarmada-Cambop-de-estado.jpg 1120w\" sizes=\"auto, (max-width: 1024px) 100vw, 1024px\" \/><\/figure>\n<\/figure>\n<\/div>\n<\/div>\n\n\n\n<div class=\"wp-block-columns is-layout-flex wp-container-core-columns-is-layout-9d6595d7 wp-block-columns-is-layout-flex\">\n<div class=\"wp-block-column is-layout-flow wp-block-column-is-layout-flow\">\n<figure class=\"wp-block-gallery has-nested-images columns-default is-cropped wp-block-gallery-3 is-layout-flex wp-block-gallery-is-layout-flex\">\n<figure class=\"wp-block-image size-large\"><img loading=\"lazy\" decoding=\"async\" width=\"1024\" height=\"683\" data-id=\"2634\" src=\"https:\/\/adrianaarronte.com.es\/wp-content\/uploads\/2025\/07\/Luminaria-desarmada-05-1024x683.jpg\" alt=\"\" class=\"wp-image-2634\" srcset=\"https:\/\/adrianaarronte.com.es\/wp-content\/uploads\/2025\/07\/Luminaria-desarmada-05-1024x683.jpg 1024w, https:\/\/adrianaarronte.com.es\/wp-content\/uploads\/2025\/07\/Luminaria-desarmada-05-300x200.jpg 300w, https:\/\/adrianaarronte.com.es\/wp-content\/uploads\/2025\/07\/Luminaria-desarmada-05-768x512.jpg 768w, https:\/\/adrianaarronte.com.es\/wp-content\/uploads\/2025\/07\/Luminaria-desarmada-05-930x620.jpg 930w, https:\/\/adrianaarronte.com.es\/wp-content\/uploads\/2025\/07\/Luminaria-desarmada-05.jpg 1200w\" sizes=\"auto, (max-width: 1024px) 100vw, 1024px\" \/><\/figure>\n<\/figure>\n<\/div>\n<\/div>\n\n\n\n<div class=\"wp-block-columns is-layout-flex wp-container-core-columns-is-layout-9d6595d7 wp-block-columns-is-layout-flex\">\n<div class=\"wp-block-column is-layout-flow wp-block-column-is-layout-flow\">\n<div class=\"wp-block-columns is-layout-flex wp-container-core-columns-is-layout-9d6595d7 wp-block-columns-is-layout-flex\">\n<div class=\"wp-block-column is-layout-flow wp-block-column-is-layout-flow\">\n<p class=\"has-small-font-size\"><strong>Atravesar<\/strong>. Espacio El puente. Madrid. 2024<br>Curadur\u00eda Roc\u00edo Asensi<\/p>\n\n\n\n<p class=\"has-small-font-size\"><a href=\"https:\/\/adrianaarronte.com.es\/index.php\/noticias\/exposiciones-colectivas\/\">Exposiciones colectivas<\/a><\/p>\n<\/div>\n<\/div>\n<\/div>\n\n\n\n<div class=\"wp-block-column is-layout-flow wp-block-column-is-layout-flow\"><\/div>\n<\/div>\n\n\n\n<p><\/p>\n","protected":false},"excerpt":{"rendered":"<p>Instalaciones | Installation art LUMINARIA DESARMADA. SERIE CAMBIO DE ESTADO |&nbsp;DISASSEMBLED LAMP. CHANGE OF STATE 2024Instalaci\u00f3n \/ Metacrilato, resina, cristal y metal | Installation art \/Methacrylate, resin, glass and metal Comparo los cambios de la materia ante variaciones de presi\u00f3n y temperatura, las transformaciones de un sistema pol\u00edtico y la deconstrucci\u00f3n de una l\u00e1mpara. Las&hellip;&nbsp;<a href=\"https:\/\/adrianaarronte.com.es\/index.php\/obras\/instalaciones\/luminaria-desarmada-2\/\" rel=\"bookmark\"><span class=\"screen-reader-text\">Luminaria desarmada<\/span><\/a><\/p>\n","protected":false},"author":1,"featured_media":0,"parent":248,"menu_order":0,"comment_status":"closed","ping_status":"closed","template":"","meta":{"neve_meta_sidebar":"","neve_meta_container":"","neve_meta_enable_content_width":"","neve_meta_content_width":0,"neve_meta_title_alignment":"","neve_meta_author_avatar":"","neve_post_elements_order":"","neve_meta_disable_header":"","neve_meta_disable_footer":"","neve_meta_disable_title":"on","footnotes":""},"class_list":["post-2620","page","type-page","status-publish","hentry"],"yoast_head":"<!-- This site is optimized with the Yoast SEO plugin v21.6 - https:\/\/yoast.com\/wordpress\/plugins\/seo\/ -->\n<title>Luminaria desarmada - ADRIANA ARRONTE<\/title>\n<meta name=\"description\" content=\"Compara los cambios de la materia ante variaciones de presi\u00f3n y temperatura, las transformaciones de un sistema pol\u00edtico y la deconstrucci\u00f3n de una l\u00e1mpara. Las llamadas l\u00e1grimas de cristal en el dise\u00f1o de l\u00e1mparas chandelier aluden metaf\u00f3ricamente al llanto. Esta pieza simula salpicaduras que sugieren el proceso de licuefacci\u00f3n-cristalizaci\u00f3n. La luz y la l\u00e1mpara, por consiguiente, son s\u00edmbolo del esp\u00edritu, el conocimiento y la gu\u00eda que revela el camino en la oscuridad. La iluminaci\u00f3n define un estado espiritual y de conciencia personal. Sin embargo, la transmisi\u00f3n de una llama o l\u00e1mpara representa la extensi\u00f3n de una doctrina (personal versus doctrina).\" \/>\n<meta name=\"robots\" content=\"index, follow, max-snippet:-1, max-image-preview:large, max-video-preview:-1\" \/>\n<link rel=\"canonical\" href=\"https:\/\/adrianaarronte.com.es\/index.php\/obras\/instalaciones\/luminaria-desarmada-2\/\" \/>\n<meta property=\"og:locale\" content=\"es_ES\" \/>\n<meta property=\"og:type\" content=\"article\" \/>\n<meta property=\"og:title\" content=\"Luminaria desarmada - ADRIANA ARRONTE\" \/>\n<meta property=\"og:description\" content=\"Compara los cambios de la materia ante variaciones de presi\u00f3n y temperatura, las transformaciones de un sistema pol\u00edtico y la deconstrucci\u00f3n de una l\u00e1mpara. Las llamadas l\u00e1grimas de cristal en el dise\u00f1o de l\u00e1mparas chandelier aluden metaf\u00f3ricamente al llanto. Esta pieza simula salpicaduras que sugieren el proceso de licuefacci\u00f3n-cristalizaci\u00f3n. La luz y la l\u00e1mpara, por consiguiente, son s\u00edmbolo del esp\u00edritu, el conocimiento y la gu\u00eda que revela el camino en la oscuridad. La iluminaci\u00f3n define un estado espiritual y de conciencia personal. Sin embargo, la transmisi\u00f3n de una llama o l\u00e1mpara representa la extensi\u00f3n de una doctrina (personal versus doctrina).\" \/>\n<meta property=\"og:url\" content=\"https:\/\/adrianaarronte.com.es\/index.php\/obras\/instalaciones\/luminaria-desarmada-2\/\" \/>\n<meta property=\"og:site_name\" content=\"ADRIANA ARRONTE\" \/>\n<meta property=\"article:modified_time\" content=\"2025-08-20T10:19:30+00:00\" \/>\n<meta property=\"og:image\" content=\"https:\/\/adrianaarronte.com.es\/wp-content\/uploads\/2025\/07\/Luminaria-desarmada-02.jpg\" \/>\n<meta name=\"twitter:card\" content=\"summary_large_image\" \/>\n<meta name=\"twitter:label1\" content=\"Tiempo de lectura\" \/>\n\t<meta name=\"twitter:data1\" content=\"2 minutos\" \/>\n<script type=\"application\/ld+json\" class=\"yoast-schema-graph\">{\"@context\":\"https:\/\/schema.org\",\"@graph\":[{\"@type\":\"WebPage\",\"@id\":\"https:\/\/adrianaarronte.com.es\/index.php\/obras\/instalaciones\/luminaria-desarmada-2\/\",\"url\":\"https:\/\/adrianaarronte.com.es\/index.php\/obras\/instalaciones\/luminaria-desarmada-2\/\",\"name\":\"Luminaria desarmada - ADRIANA ARRONTE\",\"isPartOf\":{\"@id\":\"https:\/\/adrianaarronte.com.es\/#website\"},\"datePublished\":\"2025-07-22T15:32:10+00:00\",\"dateModified\":\"2025-08-20T10:19:30+00:00\",\"description\":\"Compara los cambios de la materia ante variaciones de presi\u00f3n y temperatura, las transformaciones de un sistema pol\u00edtico y la deconstrucci\u00f3n de una l\u00e1mpara. Las llamadas l\u00e1grimas de cristal en el dise\u00f1o de l\u00e1mparas chandelier aluden metaf\u00f3ricamente al llanto. Esta pieza simula salpicaduras que sugieren el proceso de licuefacci\u00f3n-cristalizaci\u00f3n. La luz y la l\u00e1mpara, por consiguiente, son s\u00edmbolo del esp\u00edritu, el conocimiento y la gu\u00eda que revela el camino en la oscuridad. La iluminaci\u00f3n define un estado espiritual y de conciencia personal. Sin embargo, la transmisi\u00f3n de una llama o l\u00e1mpara representa la extensi\u00f3n de una doctrina (personal versus doctrina).\",\"breadcrumb\":{\"@id\":\"https:\/\/adrianaarronte.com.es\/index.php\/obras\/instalaciones\/luminaria-desarmada-2\/#breadcrumb\"},\"inLanguage\":\"es\",\"potentialAction\":[{\"@type\":\"ReadAction\",\"target\":[\"https:\/\/adrianaarronte.com.es\/index.php\/obras\/instalaciones\/luminaria-desarmada-2\/\"]}]},{\"@type\":\"BreadcrumbList\",\"@id\":\"https:\/\/adrianaarronte.com.es\/index.php\/obras\/instalaciones\/luminaria-desarmada-2\/#breadcrumb\",\"itemListElement\":[{\"@type\":\"ListItem\",\"position\":1,\"name\":\"Home\",\"item\":\"https:\/\/adrianaarronte.com.es\/\"},{\"@type\":\"ListItem\",\"position\":2,\"name\":\"OBRAS\",\"item\":\"https:\/\/adrianaarronte.com.es\/index.php\/obras\/\"},{\"@type\":\"ListItem\",\"position\":3,\"name\":\"Instalaciones\",\"item\":\"https:\/\/adrianaarronte.com.es\/index.php\/obras\/instalaciones\/\"},{\"@type\":\"ListItem\",\"position\":4,\"name\":\"Luminaria desarmada\"}]},{\"@type\":\"WebSite\",\"@id\":\"https:\/\/adrianaarronte.com.es\/#website\",\"url\":\"https:\/\/adrianaarronte.com.es\/\",\"name\":\"ADRIANA ARRONTE\",\"description\":\"\",\"potentialAction\":[{\"@type\":\"SearchAction\",\"target\":{\"@type\":\"EntryPoint\",\"urlTemplate\":\"https:\/\/adrianaarronte.com.es\/?s={search_term_string}\"},\"query-input\":\"required name=search_term_string\"}],\"inLanguage\":\"es\"}]}<\/script>\n<!-- \/ Yoast SEO plugin. -->","yoast_head_json":{"title":"Luminaria desarmada - ADRIANA ARRONTE","description":"Compara los cambios de la materia ante variaciones de presi\u00f3n y temperatura, las transformaciones de un sistema pol\u00edtico y la deconstrucci\u00f3n de una l\u00e1mpara. Las llamadas l\u00e1grimas de cristal en el dise\u00f1o de l\u00e1mparas chandelier aluden metaf\u00f3ricamente al llanto. Esta pieza simula salpicaduras que sugieren el proceso de licuefacci\u00f3n-cristalizaci\u00f3n. La luz y la l\u00e1mpara, por consiguiente, son s\u00edmbolo del esp\u00edritu, el conocimiento y la gu\u00eda que revela el camino en la oscuridad. La iluminaci\u00f3n define un estado espiritual y de conciencia personal. Sin embargo, la transmisi\u00f3n de una llama o l\u00e1mpara representa la extensi\u00f3n de una doctrina (personal versus doctrina).","robots":{"index":"index","follow":"follow","max-snippet":"max-snippet:-1","max-image-preview":"max-image-preview:large","max-video-preview":"max-video-preview:-1"},"canonical":"https:\/\/adrianaarronte.com.es\/index.php\/obras\/instalaciones\/luminaria-desarmada-2\/","og_locale":"es_ES","og_type":"article","og_title":"Luminaria desarmada - ADRIANA ARRONTE","og_description":"Compara los cambios de la materia ante variaciones de presi\u00f3n y temperatura, las transformaciones de un sistema pol\u00edtico y la deconstrucci\u00f3n de una l\u00e1mpara. Las llamadas l\u00e1grimas de cristal en el dise\u00f1o de l\u00e1mparas chandelier aluden metaf\u00f3ricamente al llanto. Esta pieza simula salpicaduras que sugieren el proceso de licuefacci\u00f3n-cristalizaci\u00f3n. La luz y la l\u00e1mpara, por consiguiente, son s\u00edmbolo del esp\u00edritu, el conocimiento y la gu\u00eda que revela el camino en la oscuridad. La iluminaci\u00f3n define un estado espiritual y de conciencia personal. Sin embargo, la transmisi\u00f3n de una llama o l\u00e1mpara representa la extensi\u00f3n de una doctrina (personal versus doctrina).","og_url":"https:\/\/adrianaarronte.com.es\/index.php\/obras\/instalaciones\/luminaria-desarmada-2\/","og_site_name":"ADRIANA ARRONTE","article_modified_time":"2025-08-20T10:19:30+00:00","og_image":[{"url":"https:\/\/adrianaarronte.com.es\/wp-content\/uploads\/2025\/07\/Luminaria-desarmada-02.jpg"}],"twitter_card":"summary_large_image","twitter_misc":{"Tiempo de lectura":"2 minutos"},"schema":{"@context":"https:\/\/schema.org","@graph":[{"@type":"WebPage","@id":"https:\/\/adrianaarronte.com.es\/index.php\/obras\/instalaciones\/luminaria-desarmada-2\/","url":"https:\/\/adrianaarronte.com.es\/index.php\/obras\/instalaciones\/luminaria-desarmada-2\/","name":"Luminaria desarmada - ADRIANA ARRONTE","isPartOf":{"@id":"https:\/\/adrianaarronte.com.es\/#website"},"datePublished":"2025-07-22T15:32:10+00:00","dateModified":"2025-08-20T10:19:30+00:00","description":"Compara los cambios de la materia ante variaciones de presi\u00f3n y temperatura, las transformaciones de un sistema pol\u00edtico y la deconstrucci\u00f3n de una l\u00e1mpara. Las llamadas l\u00e1grimas de cristal en el dise\u00f1o de l\u00e1mparas chandelier aluden metaf\u00f3ricamente al llanto. Esta pieza simula salpicaduras que sugieren el proceso de licuefacci\u00f3n-cristalizaci\u00f3n. La luz y la l\u00e1mpara, por consiguiente, son s\u00edmbolo del esp\u00edritu, el conocimiento y la gu\u00eda que revela el camino en la oscuridad. La iluminaci\u00f3n define un estado espiritual y de conciencia personal. Sin embargo, la transmisi\u00f3n de una llama o l\u00e1mpara representa la extensi\u00f3n de una doctrina (personal versus doctrina).","breadcrumb":{"@id":"https:\/\/adrianaarronte.com.es\/index.php\/obras\/instalaciones\/luminaria-desarmada-2\/#breadcrumb"},"inLanguage":"es","potentialAction":[{"@type":"ReadAction","target":["https:\/\/adrianaarronte.com.es\/index.php\/obras\/instalaciones\/luminaria-desarmada-2\/"]}]},{"@type":"BreadcrumbList","@id":"https:\/\/adrianaarronte.com.es\/index.php\/obras\/instalaciones\/luminaria-desarmada-2\/#breadcrumb","itemListElement":[{"@type":"ListItem","position":1,"name":"Home","item":"https:\/\/adrianaarronte.com.es\/"},{"@type":"ListItem","position":2,"name":"OBRAS","item":"https:\/\/adrianaarronte.com.es\/index.php\/obras\/"},{"@type":"ListItem","position":3,"name":"Instalaciones","item":"https:\/\/adrianaarronte.com.es\/index.php\/obras\/instalaciones\/"},{"@type":"ListItem","position":4,"name":"Luminaria desarmada"}]},{"@type":"WebSite","@id":"https:\/\/adrianaarronte.com.es\/#website","url":"https:\/\/adrianaarronte.com.es\/","name":"ADRIANA ARRONTE","description":"","potentialAction":[{"@type":"SearchAction","target":{"@type":"EntryPoint","urlTemplate":"https:\/\/adrianaarronte.com.es\/?s={search_term_string}"},"query-input":"required name=search_term_string"}],"inLanguage":"es"}]}},"_links":{"self":[{"href":"https:\/\/adrianaarronte.com.es\/index.php\/wp-json\/wp\/v2\/pages\/2620","targetHints":{"allow":["GET"]}}],"collection":[{"href":"https:\/\/adrianaarronte.com.es\/index.php\/wp-json\/wp\/v2\/pages"}],"about":[{"href":"https:\/\/adrianaarronte.com.es\/index.php\/wp-json\/wp\/v2\/types\/page"}],"author":[{"embeddable":true,"href":"https:\/\/adrianaarronte.com.es\/index.php\/wp-json\/wp\/v2\/users\/1"}],"replies":[{"embeddable":true,"href":"https:\/\/adrianaarronte.com.es\/index.php\/wp-json\/wp\/v2\/comments?post=2620"}],"version-history":[{"count":9,"href":"https:\/\/adrianaarronte.com.es\/index.php\/wp-json\/wp\/v2\/pages\/2620\/revisions"}],"predecessor-version":[{"id":2670,"href":"https:\/\/adrianaarronte.com.es\/index.php\/wp-json\/wp\/v2\/pages\/2620\/revisions\/2670"}],"up":[{"embeddable":true,"href":"https:\/\/adrianaarronte.com.es\/index.php\/wp-json\/wp\/v2\/pages\/248"}],"wp:attachment":[{"href":"https:\/\/adrianaarronte.com.es\/index.php\/wp-json\/wp\/v2\/media?parent=2620"}],"curies":[{"name":"wp","href":"https:\/\/api.w.org\/{rel}","templated":true}]}}