{"id":265,"date":"2023-07-20T15:13:17","date_gmt":"2023-07-20T18:13:17","guid":{"rendered":"https:\/\/adrianaarronte.com.es\/?page_id=265"},"modified":"2025-07-14T20:00:24","modified_gmt":"2025-07-14T18:00:24","slug":"en-formalizacion","status":"publish","type":"page","link":"https:\/\/adrianaarronte.com.es\/index.php\/obras\/dibujos-drawings\/en-formalizacion\/","title":{"rendered":"En formalizaci\u00f3n"},"content":{"rendered":"\n<p class=\"has-ast-global-color-8-color has-text-color has-link-color has-small-font-size wp-elements-94282f4a5b50851050dd2766dd4744d8\">Dibujos | Drawings<\/p>\n\n\n\n<div class=\"wp-block-columns is-layout-flex wp-container-core-columns-is-layout-9d6595d7 wp-block-columns-is-layout-flex\">\n<div class=\"wp-block-column is-layout-flow wp-block-column-is-layout-flow\">\n<figure class=\"wp-block-gallery has-nested-images columns-default is-cropped wp-block-gallery-1 is-layout-flex wp-block-gallery-is-layout-flex\">\n<figure class=\"wp-block-image size-large\"><a href=\"https:\/\/adrianaarronte.com.es\/index.php\/obras\/dibujos-drawings\/en-formalizacion\/montaje-en-mozaico-proyecto\/\"><img loading=\"lazy\" decoding=\"async\" width=\"1024\" height=\"771\" data-id=\"1292\" src=\"https:\/\/adrianaarronte.com.es\/wp-content\/uploads\/2024\/05\/montaje-en-mozaico-proyecto-1024x771.jpg\" alt=\"\" class=\"wp-image-1292\" srcset=\"https:\/\/adrianaarronte.com.es\/wp-content\/uploads\/2024\/05\/montaje-en-mozaico-proyecto-1024x771.jpg 1024w, https:\/\/adrianaarronte.com.es\/wp-content\/uploads\/2024\/05\/montaje-en-mozaico-proyecto-300x226.jpg 300w, https:\/\/adrianaarronte.com.es\/wp-content\/uploads\/2024\/05\/montaje-en-mozaico-proyecto-768x578.jpg 768w, https:\/\/adrianaarronte.com.es\/wp-content\/uploads\/2024\/05\/montaje-en-mozaico-proyecto.jpg 1420w\" sizes=\"auto, (max-width: 1024px) 100vw, 1024px\" \/><\/a><\/figure>\n<\/figure>\n<\/div>\n\n\n\n<div class=\"wp-block-column is-layout-flow wp-block-column-is-layout-flow\">\n<p class=\"has-small-font-size\"><strong>EN FORMALIZACI\u00d3N |<\/strong> <strong>IN FORMALIZATION<\/strong><br>2023<br>Grabado (linograf\u00eda)\/ cartulina<br>42&#215;30 cm<\/p>\n\n\n\n<p class=\"has-small-font-size\">Los tr\u00e1mites legales implican procesos de resoluci\u00f3n ansiada, a menudo urgente y hasta desesperada. Requisitos, plazos, formularios, justificantes, tazas, sellos&#8230; su ejecuci\u00f3n determina estatus y derechos. Contrasta el sistema reglado fr\u00edo con la naturaleza emocional del tram\u00edtador. Con esta obra procuro crear puntos de fricci\u00f3n entre las ret\u00f3ricas oficiales del orden y las din\u00e1micas humanas m\u00e1s sensibles. Confrontar procesos legislados y sistemas naturales.<\/p>\n\n\n\n<p class=\"has-nv-c-1-color has-text-color has-link-color has-small-font-size wp-elements-6e87727f7f9cd00a46de6e0160cd91f0\">Legal procedures involve processes of long-awaited, often urgent and even desperate resolution. Requirements, deadlines, forms, receipts, cups, stamps\u2026 their execution determines status and rights. Contrast the cold regulated system with the emotional nature of the processor. With this work I try to create points of friction between the official rhetoric of order and the most sensitive human dynamics. Confront legislated processes and natural systems.<\/p>\n<\/div>\n<\/div>\n\n\n\n<div class=\"wp-block-columns is-layout-flex wp-container-core-columns-is-layout-9d6595d7 wp-block-columns-is-layout-flex\">\n<div class=\"wp-block-column is-layout-flow wp-block-column-is-layout-flow\">\n<div class=\"wp-block-columns is-layout-flex wp-container-core-columns-is-layout-9d6595d7 wp-block-columns-is-layout-flex\">\n<div class=\"wp-block-column is-layout-flow wp-block-column-is-layout-flow\">\n<figure class=\"wp-block-gallery has-nested-images columns-default is-cropped wp-block-gallery-2 is-layout-flex wp-block-gallery-is-layout-flex\">\n<figure class=\"wp-block-image size-large\"><a href=\"https:\/\/adrianaarronte.com.es\/index.php\/obras\/dibujos-drawings\/en-formalizacion\/formalizacion-02\/\"><img loading=\"lazy\" decoding=\"async\" width=\"886\" height=\"886\" data-id=\"1294\" src=\"https:\/\/adrianaarronte.com.es\/wp-content\/uploads\/2024\/05\/Formalizacion-02.jpg\" alt=\"\" class=\"wp-image-1294\" srcset=\"https:\/\/adrianaarronte.com.es\/wp-content\/uploads\/2024\/05\/Formalizacion-02.jpg 886w, https:\/\/adrianaarronte.com.es\/wp-content\/uploads\/2024\/05\/Formalizacion-02-300x300.jpg 300w, https:\/\/adrianaarronte.com.es\/wp-content\/uploads\/2024\/05\/Formalizacion-02-150x150.jpg 150w, https:\/\/adrianaarronte.com.es\/wp-content\/uploads\/2024\/05\/Formalizacion-02-768x768.jpg 768w\" sizes=\"auto, (max-width: 886px) 100vw, 886px\" \/><\/a><\/figure>\n<\/figure>\n<\/div>\n\n\n\n<div class=\"wp-block-column is-layout-flow wp-block-column-is-layout-flow\">\n<figure class=\"wp-block-gallery has-nested-images columns-default is-cropped wp-block-gallery-3 is-layout-flex wp-block-gallery-is-layout-flex\">\n<figure class=\"wp-block-image size-large\"><a href=\"https:\/\/adrianaarronte.com.es\/index.php\/obras\/dibujos-drawings\/en-formalizacion\/formalizacion-01\/\"><img loading=\"lazy\" decoding=\"async\" width=\"886\" height=\"886\" data-id=\"1296\" src=\"https:\/\/adrianaarronte.com.es\/wp-content\/uploads\/2024\/05\/Formalizacion-01.jpg\" alt=\"\" class=\"wp-image-1296\" srcset=\"https:\/\/adrianaarronte.com.es\/wp-content\/uploads\/2024\/05\/Formalizacion-01.jpg 886w, https:\/\/adrianaarronte.com.es\/wp-content\/uploads\/2024\/05\/Formalizacion-01-300x300.jpg 300w, https:\/\/adrianaarronte.com.es\/wp-content\/uploads\/2024\/05\/Formalizacion-01-150x150.jpg 150w, https:\/\/adrianaarronte.com.es\/wp-content\/uploads\/2024\/05\/Formalizacion-01-768x768.jpg 768w\" sizes=\"auto, (max-width: 886px) 100vw, 886px\" \/><\/a><\/figure>\n<\/figure>\n<\/div>\n<\/div>\n<\/div>\n\n\n\n<div class=\"wp-block-column is-layout-flow wp-block-column-is-layout-flow\">\n<div class=\"wp-block-columns is-layout-flex wp-container-core-columns-is-layout-9d6595d7 wp-block-columns-is-layout-flex\">\n<div class=\"wp-block-column is-layout-flow wp-block-column-is-layout-flow\">\n<figure class=\"wp-block-gallery has-nested-images columns-default is-cropped wp-block-gallery-4 is-layout-flex wp-block-gallery-is-layout-flex\">\n<figure class=\"wp-block-image size-large\"><a href=\"https:\/\/adrianaarronte.com.es\/index.php\/obras\/dibujos-drawings\/en-formalizacion\/instagram-formalizacion-04\/\"><img loading=\"lazy\" decoding=\"async\" width=\"886\" height=\"886\" data-id=\"1297\" src=\"https:\/\/adrianaarronte.com.es\/wp-content\/uploads\/2024\/05\/Instagram-Formalizacion-04.jpg\" alt=\"\" class=\"wp-image-1297\" srcset=\"https:\/\/adrianaarronte.com.es\/wp-content\/uploads\/2024\/05\/Instagram-Formalizacion-04.jpg 886w, https:\/\/adrianaarronte.com.es\/wp-content\/uploads\/2024\/05\/Instagram-Formalizacion-04-300x300.jpg 300w, https:\/\/adrianaarronte.com.es\/wp-content\/uploads\/2024\/05\/Instagram-Formalizacion-04-150x150.jpg 150w, https:\/\/adrianaarronte.com.es\/wp-content\/uploads\/2024\/05\/Instagram-Formalizacion-04-768x768.jpg 768w\" sizes=\"auto, (max-width: 886px) 100vw, 886px\" \/><\/a><\/figure>\n<\/figure>\n<\/div>\n\n\n\n<div class=\"wp-block-column is-layout-flow wp-block-column-is-layout-flow\">\n<figure class=\"wp-block-gallery has-nested-images columns-default is-cropped wp-block-gallery-5 is-layout-flex wp-block-gallery-is-layout-flex\">\n<figure class=\"wp-block-image size-large\"><a href=\"https:\/\/adrianaarronte.com.es\/index.php\/obras\/dibujos-drawings\/en-formalizacion\/instagram-formalizacion-05\/\"><img loading=\"lazy\" decoding=\"async\" width=\"886\" height=\"886\" data-id=\"1298\" src=\"https:\/\/adrianaarronte.com.es\/wp-content\/uploads\/2024\/05\/Instagram-Formalizacion-05.jpg\" alt=\"\" class=\"wp-image-1298\" srcset=\"https:\/\/adrianaarronte.com.es\/wp-content\/uploads\/2024\/05\/Instagram-Formalizacion-05.jpg 886w, https:\/\/adrianaarronte.com.es\/wp-content\/uploads\/2024\/05\/Instagram-Formalizacion-05-300x300.jpg 300w, https:\/\/adrianaarronte.com.es\/wp-content\/uploads\/2024\/05\/Instagram-Formalizacion-05-150x150.jpg 150w, https:\/\/adrianaarronte.com.es\/wp-content\/uploads\/2024\/05\/Instagram-Formalizacion-05-768x768.jpg 768w\" sizes=\"auto, (max-width: 886px) 100vw, 886px\" \/><\/a><\/figure>\n<\/figure>\n<\/div>\n<\/div>\n<\/div>\n<\/div>\n\n\n\n<div class=\"wp-block-columns is-layout-flex wp-container-core-columns-is-layout-9d6595d7 wp-block-columns-is-layout-flex\">\n<div class=\"wp-block-column is-layout-flow wp-block-column-is-layout-flow\">\n<div class=\"wp-block-columns is-layout-flex wp-container-core-columns-is-layout-9d6595d7 wp-block-columns-is-layout-flex\">\n<div class=\"wp-block-column is-layout-flow wp-block-column-is-layout-flow\">\n<figure class=\"wp-block-gallery has-nested-images columns-default is-cropped wp-block-gallery-6 is-layout-flex wp-block-gallery-is-layout-flex\">\n<figure class=\"wp-block-image size-large\"><a href=\"https:\/\/adrianaarronte.com.es\/index.php\/obras\/dibujos-drawings\/en-formalizacion\/formalizacion-06\/\"><img loading=\"lazy\" decoding=\"async\" width=\"1024\" height=\"1024\" data-id=\"1301\" src=\"https:\/\/adrianaarronte.com.es\/wp-content\/uploads\/2024\/05\/Formalizacion-06-1024x1024.jpg\" alt=\"\" class=\"wp-image-1301\" srcset=\"https:\/\/adrianaarronte.com.es\/wp-content\/uploads\/2024\/05\/Formalizacion-06-1024x1024.jpg 1024w, https:\/\/adrianaarronte.com.es\/wp-content\/uploads\/2024\/05\/Formalizacion-06-300x300.jpg 300w, https:\/\/adrianaarronte.com.es\/wp-content\/uploads\/2024\/05\/Formalizacion-06-150x150.jpg 150w, https:\/\/adrianaarronte.com.es\/wp-content\/uploads\/2024\/05\/Formalizacion-06-768x768.jpg 768w, https:\/\/adrianaarronte.com.es\/wp-content\/uploads\/2024\/05\/Formalizacion-06.jpg 1181w\" sizes=\"auto, (max-width: 1024px) 100vw, 1024px\" \/><\/a><\/figure>\n<\/figure>\n<\/div>\n\n\n\n<div class=\"wp-block-column is-layout-flow wp-block-column-is-layout-flow\">\n<figure class=\"wp-block-gallery has-nested-images columns-default is-cropped wp-block-gallery-7 is-layout-flex wp-block-gallery-is-layout-flex\">\n<figure class=\"wp-block-image size-large\"><a href=\"https:\/\/adrianaarronte.com.es\/index.php\/obras\/dibujos-drawings\/en-formalizacion\/instagram-formalizacion-02\/\"><img loading=\"lazy\" decoding=\"async\" width=\"886\" height=\"886\" data-id=\"1303\" src=\"https:\/\/adrianaarronte.com.es\/wp-content\/uploads\/2024\/05\/Instagram-Formalizacion-02.jpg\" alt=\"\" class=\"wp-image-1303\" srcset=\"https:\/\/adrianaarronte.com.es\/wp-content\/uploads\/2024\/05\/Instagram-Formalizacion-02.jpg 886w, https:\/\/adrianaarronte.com.es\/wp-content\/uploads\/2024\/05\/Instagram-Formalizacion-02-300x300.jpg 300w, https:\/\/adrianaarronte.com.es\/wp-content\/uploads\/2024\/05\/Instagram-Formalizacion-02-150x150.jpg 150w, https:\/\/adrianaarronte.com.es\/wp-content\/uploads\/2024\/05\/Instagram-Formalizacion-02-768x768.jpg 768w\" sizes=\"auto, (max-width: 886px) 100vw, 886px\" \/><\/a><\/figure>\n<\/figure>\n<\/div>\n<\/div>\n<\/div>\n\n\n\n<div class=\"wp-block-column is-layout-flow wp-block-column-is-layout-flow\">\n<div class=\"wp-block-columns is-layout-flex wp-container-core-columns-is-layout-9d6595d7 wp-block-columns-is-layout-flex\">\n<div class=\"wp-block-column is-layout-flow wp-block-column-is-layout-flow\">\n<figure class=\"wp-block-gallery has-nested-images columns-default is-cropped wp-block-gallery-8 is-layout-flex wp-block-gallery-is-layout-flex\">\n<figure class=\"wp-block-image size-large\"><a href=\"https:\/\/adrianaarronte.com.es\/index.php\/obras\/dibujos-drawings\/en-formalizacion\/formalizacion-07\/\"><img loading=\"lazy\" decoding=\"async\" width=\"886\" height=\"886\" data-id=\"1305\" src=\"https:\/\/adrianaarronte.com.es\/wp-content\/uploads\/2024\/05\/Formalizacion-07.jpg\" alt=\"\" class=\"wp-image-1305\" srcset=\"https:\/\/adrianaarronte.com.es\/wp-content\/uploads\/2024\/05\/Formalizacion-07.jpg 886w, https:\/\/adrianaarronte.com.es\/wp-content\/uploads\/2024\/05\/Formalizacion-07-300x300.jpg 300w, https:\/\/adrianaarronte.com.es\/wp-content\/uploads\/2024\/05\/Formalizacion-07-150x150.jpg 150w, https:\/\/adrianaarronte.com.es\/wp-content\/uploads\/2024\/05\/Formalizacion-07-768x768.jpg 768w\" sizes=\"auto, (max-width: 886px) 100vw, 886px\" \/><\/a><\/figure>\n<\/figure>\n<\/div>\n\n\n\n<div class=\"wp-block-column is-layout-flow wp-block-column-is-layout-flow\"><\/div>\n<\/div>\n<\/div>\n<\/div>\n","protected":false},"excerpt":{"rendered":"<p>Dibujos | Drawings EN FORMALIZACI\u00d3N | IN FORMALIZATION2023Grabado (linograf\u00eda)\/ cartulina42&#215;30 cm Los tr\u00e1mites legales implican procesos de resoluci\u00f3n ansiada, a menudo urgente y hasta desesperada. Requisitos, plazos, formularios, justificantes, tazas, sellos&#8230; su ejecuci\u00f3n determina estatus y derechos. Contrasta el sistema reglado fr\u00edo con la naturaleza emocional del tram\u00edtador. Con esta obra procuro crear puntos de&hellip;&nbsp;<a href=\"https:\/\/adrianaarronte.com.es\/index.php\/obras\/dibujos-drawings\/en-formalizacion\/\" rel=\"bookmark\"><span class=\"screen-reader-text\">En formalizaci\u00f3n<\/span><\/a><\/p>\n","protected":false},"author":1,"featured_media":0,"parent":129,"menu_order":1,"comment_status":"closed","ping_status":"closed","template":"","meta":{"neve_meta_sidebar":"","neve_meta_container":"","neve_meta_enable_content_width":"","neve_meta_content_width":0,"neve_meta_title_alignment":"","neve_meta_author_avatar":"","neve_post_elements_order":"","neve_meta_disable_header":"","neve_meta_disable_footer":"","neve_meta_disable_title":"on","footnotes":""},"class_list":["post-265","page","type-page","status-publish","hentry"],"yoast_head":"<!-- This site is optimized with the Yoast SEO plugin v21.6 - https:\/\/yoast.com\/wordpress\/plugins\/seo\/ -->\n<title>En formalizaci\u00f3n - ADRIANA ARRONTE<\/title>\n<meta name=\"description\" content=\"Los tr\u00e1mites legales implican procesos de resoluci\u00f3n ansiada, a menudo urgente y hasta desesperada. Requisitos, plazos, formularios, justificantes, tazas, sellos... su ejecuci\u00f3n determina estatus y derechos. Contrasta el sistema reglado fr\u00edo con la naturaleza emocional del tram\u00edtador. Con esta obra procuro crear puntos de fricci\u00f3n entre las ret\u00f3ricas oficiales del orden y las din\u00e1micas humanas m\u00e1s sensibles. Confrontar procesos legislados y sistemas naturales.\" \/>\n<meta name=\"robots\" content=\"index, follow, max-snippet:-1, max-image-preview:large, max-video-preview:-1\" \/>\n<link rel=\"canonical\" href=\"https:\/\/adrianaarronte.com.es\/index.php\/obras\/dibujos-drawings\/en-formalizacion\/\" \/>\n<meta property=\"og:locale\" content=\"es_ES\" \/>\n<meta property=\"og:type\" content=\"article\" \/>\n<meta property=\"og:title\" content=\"En formalizaci\u00f3n - ADRIANA ARRONTE\" \/>\n<meta property=\"og:description\" content=\"Los tr\u00e1mites legales implican procesos de resoluci\u00f3n ansiada, a menudo urgente y hasta desesperada. Requisitos, plazos, formularios, justificantes, tazas, sellos... su ejecuci\u00f3n determina estatus y derechos. Contrasta el sistema reglado fr\u00edo con la naturaleza emocional del tram\u00edtador. Con esta obra procuro crear puntos de fricci\u00f3n entre las ret\u00f3ricas oficiales del orden y las din\u00e1micas humanas m\u00e1s sensibles. Confrontar procesos legislados y sistemas naturales.\" \/>\n<meta property=\"og:url\" content=\"https:\/\/adrianaarronte.com.es\/index.php\/obras\/dibujos-drawings\/en-formalizacion\/\" \/>\n<meta property=\"og:site_name\" content=\"ADRIANA ARRONTE\" \/>\n<meta property=\"article:modified_time\" content=\"2025-07-14T18:00:24+00:00\" \/>\n<meta property=\"og:image\" content=\"https:\/\/adrianaarronte.com.es\/wp-content\/uploads\/2024\/05\/montaje-en-mozaico-proyecto-1024x771.jpg\" \/>\n<meta name=\"twitter:card\" content=\"summary_large_image\" \/>\n<meta name=\"twitter:label1\" content=\"Tiempo de lectura\" \/>\n\t<meta name=\"twitter:data1\" content=\"3 minutos\" \/>\n<script type=\"application\/ld+json\" class=\"yoast-schema-graph\">{\"@context\":\"https:\/\/schema.org\",\"@graph\":[{\"@type\":\"WebPage\",\"@id\":\"https:\/\/adrianaarronte.com.es\/index.php\/obras\/dibujos-drawings\/en-formalizacion\/\",\"url\":\"https:\/\/adrianaarronte.com.es\/index.php\/obras\/dibujos-drawings\/en-formalizacion\/\",\"name\":\"En formalizaci\u00f3n - ADRIANA ARRONTE\",\"isPartOf\":{\"@id\":\"https:\/\/adrianaarronte.com.es\/#website\"},\"datePublished\":\"2023-07-20T18:13:17+00:00\",\"dateModified\":\"2025-07-14T18:00:24+00:00\",\"description\":\"Los tr\u00e1mites legales implican procesos de resoluci\u00f3n ansiada, a menudo urgente y hasta desesperada. Requisitos, plazos, formularios, justificantes, tazas, sellos... su ejecuci\u00f3n determina estatus y derechos. Contrasta el sistema reglado fr\u00edo con la naturaleza emocional del tram\u00edtador. Con esta obra procuro crear puntos de fricci\u00f3n entre las ret\u00f3ricas oficiales del orden y las din\u00e1micas humanas m\u00e1s sensibles. Confrontar procesos legislados y sistemas naturales.\",\"breadcrumb\":{\"@id\":\"https:\/\/adrianaarronte.com.es\/index.php\/obras\/dibujos-drawings\/en-formalizacion\/#breadcrumb\"},\"inLanguage\":\"es\",\"potentialAction\":[{\"@type\":\"ReadAction\",\"target\":[\"https:\/\/adrianaarronte.com.es\/index.php\/obras\/dibujos-drawings\/en-formalizacion\/\"]}]},{\"@type\":\"BreadcrumbList\",\"@id\":\"https:\/\/adrianaarronte.com.es\/index.php\/obras\/dibujos-drawings\/en-formalizacion\/#breadcrumb\",\"itemListElement\":[{\"@type\":\"ListItem\",\"position\":1,\"name\":\"Home\",\"item\":\"https:\/\/adrianaarronte.com.es\/\"},{\"@type\":\"ListItem\",\"position\":2,\"name\":\"OBRAS\",\"item\":\"https:\/\/adrianaarronte.com.es\/index.php\/obras\/\"},{\"@type\":\"ListItem\",\"position\":3,\"name\":\"Dibujos\",\"item\":\"https:\/\/adrianaarronte.com.es\/index.php\/obras\/dibujos-drawings\/\"},{\"@type\":\"ListItem\",\"position\":4,\"name\":\"En formalizaci\u00f3n\"}]},{\"@type\":\"WebSite\",\"@id\":\"https:\/\/adrianaarronte.com.es\/#website\",\"url\":\"https:\/\/adrianaarronte.com.es\/\",\"name\":\"ADRIANA ARRONTE\",\"description\":\"\",\"potentialAction\":[{\"@type\":\"SearchAction\",\"target\":{\"@type\":\"EntryPoint\",\"urlTemplate\":\"https:\/\/adrianaarronte.com.es\/?s={search_term_string}\"},\"query-input\":\"required name=search_term_string\"}],\"inLanguage\":\"es\"}]}<\/script>\n<!-- \/ Yoast SEO plugin. -->","yoast_head_json":{"title":"En formalizaci\u00f3n - ADRIANA ARRONTE","description":"Los tr\u00e1mites legales implican procesos de resoluci\u00f3n ansiada, a menudo urgente y hasta desesperada. Requisitos, plazos, formularios, justificantes, tazas, sellos... su ejecuci\u00f3n determina estatus y derechos. Contrasta el sistema reglado fr\u00edo con la naturaleza emocional del tram\u00edtador. Con esta obra procuro crear puntos de fricci\u00f3n entre las ret\u00f3ricas oficiales del orden y las din\u00e1micas humanas m\u00e1s sensibles. Confrontar procesos legislados y sistemas naturales.","robots":{"index":"index","follow":"follow","max-snippet":"max-snippet:-1","max-image-preview":"max-image-preview:large","max-video-preview":"max-video-preview:-1"},"canonical":"https:\/\/adrianaarronte.com.es\/index.php\/obras\/dibujos-drawings\/en-formalizacion\/","og_locale":"es_ES","og_type":"article","og_title":"En formalizaci\u00f3n - ADRIANA ARRONTE","og_description":"Los tr\u00e1mites legales implican procesos de resoluci\u00f3n ansiada, a menudo urgente y hasta desesperada. Requisitos, plazos, formularios, justificantes, tazas, sellos... su ejecuci\u00f3n determina estatus y derechos. Contrasta el sistema reglado fr\u00edo con la naturaleza emocional del tram\u00edtador. Con esta obra procuro crear puntos de fricci\u00f3n entre las ret\u00f3ricas oficiales del orden y las din\u00e1micas humanas m\u00e1s sensibles. Confrontar procesos legislados y sistemas naturales.","og_url":"https:\/\/adrianaarronte.com.es\/index.php\/obras\/dibujos-drawings\/en-formalizacion\/","og_site_name":"ADRIANA ARRONTE","article_modified_time":"2025-07-14T18:00:24+00:00","og_image":[{"url":"https:\/\/adrianaarronte.com.es\/wp-content\/uploads\/2024\/05\/montaje-en-mozaico-proyecto-1024x771.jpg"}],"twitter_card":"summary_large_image","twitter_misc":{"Tiempo de lectura":"3 minutos"},"schema":{"@context":"https:\/\/schema.org","@graph":[{"@type":"WebPage","@id":"https:\/\/adrianaarronte.com.es\/index.php\/obras\/dibujos-drawings\/en-formalizacion\/","url":"https:\/\/adrianaarronte.com.es\/index.php\/obras\/dibujos-drawings\/en-formalizacion\/","name":"En formalizaci\u00f3n - ADRIANA ARRONTE","isPartOf":{"@id":"https:\/\/adrianaarronte.com.es\/#website"},"datePublished":"2023-07-20T18:13:17+00:00","dateModified":"2025-07-14T18:00:24+00:00","description":"Los tr\u00e1mites legales implican procesos de resoluci\u00f3n ansiada, a menudo urgente y hasta desesperada. Requisitos, plazos, formularios, justificantes, tazas, sellos... su ejecuci\u00f3n determina estatus y derechos. Contrasta el sistema reglado fr\u00edo con la naturaleza emocional del tram\u00edtador. Con esta obra procuro crear puntos de fricci\u00f3n entre las ret\u00f3ricas oficiales del orden y las din\u00e1micas humanas m\u00e1s sensibles. Confrontar procesos legislados y sistemas naturales.","breadcrumb":{"@id":"https:\/\/adrianaarronte.com.es\/index.php\/obras\/dibujos-drawings\/en-formalizacion\/#breadcrumb"},"inLanguage":"es","potentialAction":[{"@type":"ReadAction","target":["https:\/\/adrianaarronte.com.es\/index.php\/obras\/dibujos-drawings\/en-formalizacion\/"]}]},{"@type":"BreadcrumbList","@id":"https:\/\/adrianaarronte.com.es\/index.php\/obras\/dibujos-drawings\/en-formalizacion\/#breadcrumb","itemListElement":[{"@type":"ListItem","position":1,"name":"Home","item":"https:\/\/adrianaarronte.com.es\/"},{"@type":"ListItem","position":2,"name":"OBRAS","item":"https:\/\/adrianaarronte.com.es\/index.php\/obras\/"},{"@type":"ListItem","position":3,"name":"Dibujos","item":"https:\/\/adrianaarronte.com.es\/index.php\/obras\/dibujos-drawings\/"},{"@type":"ListItem","position":4,"name":"En formalizaci\u00f3n"}]},{"@type":"WebSite","@id":"https:\/\/adrianaarronte.com.es\/#website","url":"https:\/\/adrianaarronte.com.es\/","name":"ADRIANA ARRONTE","description":"","potentialAction":[{"@type":"SearchAction","target":{"@type":"EntryPoint","urlTemplate":"https:\/\/adrianaarronte.com.es\/?s={search_term_string}"},"query-input":"required name=search_term_string"}],"inLanguage":"es"}]}},"_links":{"self":[{"href":"https:\/\/adrianaarronte.com.es\/index.php\/wp-json\/wp\/v2\/pages\/265","targetHints":{"allow":["GET"]}}],"collection":[{"href":"https:\/\/adrianaarronte.com.es\/index.php\/wp-json\/wp\/v2\/pages"}],"about":[{"href":"https:\/\/adrianaarronte.com.es\/index.php\/wp-json\/wp\/v2\/types\/page"}],"author":[{"embeddable":true,"href":"https:\/\/adrianaarronte.com.es\/index.php\/wp-json\/wp\/v2\/users\/1"}],"replies":[{"embeddable":true,"href":"https:\/\/adrianaarronte.com.es\/index.php\/wp-json\/wp\/v2\/comments?post=265"}],"version-history":[{"count":19,"href":"https:\/\/adrianaarronte.com.es\/index.php\/wp-json\/wp\/v2\/pages\/265\/revisions"}],"predecessor-version":[{"id":2300,"href":"https:\/\/adrianaarronte.com.es\/index.php\/wp-json\/wp\/v2\/pages\/265\/revisions\/2300"}],"up":[{"embeddable":true,"href":"https:\/\/adrianaarronte.com.es\/index.php\/wp-json\/wp\/v2\/pages\/129"}],"wp:attachment":[{"href":"https:\/\/adrianaarronte.com.es\/index.php\/wp-json\/wp\/v2\/media?parent=265"}],"curies":[{"name":"wp","href":"https:\/\/api.w.org\/{rel}","templated":true}]}}