{"id":2659,"date":"2025-08-20T12:08:07","date_gmt":"2025-08-20T10:08:07","guid":{"rendered":"https:\/\/adrianaarronte.com.es\/?page_id=2659"},"modified":"2025-09-28T15:25:46","modified_gmt":"2025-09-28T13:25:46","slug":"a-santos-de-que-2","status":"publish","type":"page","link":"https:\/\/adrianaarronte.com.es\/index.php\/noticias\/exposiciones-colectivas\/a-santos-de-que-2\/","title":{"rendered":"Exposici\u00f3n A Santos de qu\u00e9?"},"content":{"rendered":"\n<p class=\"has-small-font-size\"><\/p>\n\n\n\n<div class=\"wp-block-columns is-layout-flex wp-container-core-columns-is-layout-9d6595d7 wp-block-columns-is-layout-flex\">\n<div class=\"wp-block-column is-layout-flow wp-block-column-is-layout-flow\">\n<p class=\"has-small-font-size\"><a href=\"https:\/\/adrianaarronte.com.es\/index.php\/noticias\/exposiciones-colectivas\/\">Exposiciones colectivas<\/a><\/p>\n\n\n\n<p class=\"has-small-font-size\"><strong>A Santos de qu\u00e9?<\/strong>. La Casa Amarilla. M\u00e1laga. 2024<br>Curadur\u00eda Onedys Calvo<\/p>\n\n\n\n<p class=\"has-small-font-size\"><a href=\"https:\/\/adrianaarronte.com.es\/index.php\/futuro-luminoso-3\/\">FUTURO LUMINOSO <strong>|<\/strong> \u00a0BRIGHT FUTURE<\/a>. 2024<br>Componentes de l\u00e1mpara, accesorios m\u00e9dicos, bombillas, cristal, resina y metal.<\/p>\n<\/div>\n<\/div>\n\n\n\n<div class=\"wp-block-columns is-layout-flex wp-container-core-columns-is-layout-9d6595d7 wp-block-columns-is-layout-flex\">\n<div class=\"wp-block-column is-layout-flow wp-block-column-is-layout-flow\">\n<figure class=\"wp-block-gallery has-nested-images columns-default is-cropped wp-block-gallery-1 is-layout-flex wp-block-gallery-is-layout-flex\">\n<figure class=\"wp-block-image size-large\"><a href=\"https:\/\/adrianaarronte.com.es\/wp-content\/uploads\/2025\/08\/A-Santos-de-que-1.png\"><img loading=\"lazy\" decoding=\"async\" width=\"700\" height=\"420\" data-id=\"2678\" src=\"https:\/\/adrianaarronte.com.es\/wp-content\/uploads\/2025\/08\/A-Santos-de-que-1.png\" alt=\"\" class=\"wp-image-2678\" srcset=\"https:\/\/adrianaarronte.com.es\/wp-content\/uploads\/2025\/08\/A-Santos-de-que-1.png 700w, https:\/\/adrianaarronte.com.es\/wp-content\/uploads\/2025\/08\/A-Santos-de-que-1-300x180.png 300w\" sizes=\"auto, (max-width: 700px) 100vw, 700px\" \/><\/a><\/figure>\n<\/figure>\n<\/div>\n<\/div>\n\n\n\n<div class=\"wp-block-columns is-layout-flex wp-container-core-columns-is-layout-9d6595d7 wp-block-columns-is-layout-flex\">\n<div class=\"wp-block-column is-layout-flow wp-block-column-is-layout-flow\">\n<p class=\"has-nv-dark-bg-color has-text-color has-link-color has-small-font-size wp-elements-32f762e6833ba8c805992cb3799220ab\"><em>La utop\u00eda como rapto del futuro<\/em><\/p>\n\n\n\n<p class=\"has-nv-dark-bg-color has-text-color has-link-color has-small-font-size wp-elements-157271d0e9685ca5a6271954d87cff05\">La referencia al \u201cfuturo luminoso\u201d es recurrente en m\u00faltiples utop\u00edas. En esta pieza medito sobre la luz, en su car\u00e1cter simb\u00f3lico (gu\u00eda, verdad, conciencia plena) y&nbsp;las distop\u00edas en doctrinas o sistemas que se yerguen como razones absolutas.&nbsp;<br><br><em>En la utop\u00eda no hay que hacer pre\u00adguntas, porque todo est\u00e1 ya resuelto. Quien interroga, por el solo hecho de hacerlo, supone que hay algo no previsto o realizado: es un cr\u00edtico, un enemigo, un c\u00e1ncer eliminable. Si ella no poseyese toda la luz, no ser\u00eda utop\u00eda.<\/em><br>Marie Louise Berneri,&nbsp;Journey trough Utopia.<\/p>\n\n\n\n<p class=\"has-nv-c-1-color has-text-color has-link-color has-small-font-size wp-elements-44e75a686e6de5fe8a50cf7a12bda166\"><br><em>Utopia as the abduction of the future<\/em><br>The reference to the \u00abbright future\u00bb recurs in multiple utopias. In this piece, I meditate on light, its symbolic character (guidance, truth, mindfulness), and dystopias in doctrines or systems that stand as absolute reasons.<\/p>\n\n\n\n<p class=\"has-nv-c-1-color has-text-color has-link-color has-small-font-size wp-elements-229431cd25af44b14e422169702c3cb5\"><em>In utopia, there&#8217;s no need to ask questions, because everything is already resolved. Anyone who questions, by the mere fact of doing so, assumes there&#8217;s something unforeseen or unfulfilled: they&#8217;re a critic, an enemy, an erasable cancer. If it didn&#8217;t possess all the light, it wouldn&#8217;t be utopia.<\/em><br>Marie Louise Berneri, Journey through Utopia.<\/p>\n<\/div>\n<\/div>\n\n\n\n<div class=\"wp-block-columns is-layout-flex wp-container-core-columns-is-layout-9d6595d7 wp-block-columns-is-layout-flex\">\n<div class=\"wp-block-column is-layout-flow wp-block-column-is-layout-flow\">\n<figure class=\"wp-block-gallery has-nested-images columns-default is-cropped wp-block-gallery-2 is-layout-flex wp-block-gallery-is-layout-flex\">\n<figure class=\"wp-block-image size-large\"><a href=\"https:\/\/adrianaarronte.com.es\/wp-content\/uploads\/2025\/08\/futuro-luminoso-6-scaled.jpg\"><img loading=\"lazy\" decoding=\"async\" width=\"717\" height=\"1024\" data-id=\"2684\" src=\"https:\/\/adrianaarronte.com.es\/wp-content\/uploads\/2025\/08\/futuro-luminoso-6-717x1024.jpg\" alt=\"\" class=\"wp-image-2684\" srcset=\"https:\/\/adrianaarronte.com.es\/wp-content\/uploads\/2025\/08\/futuro-luminoso-6-717x1024.jpg 717w, https:\/\/adrianaarronte.com.es\/wp-content\/uploads\/2025\/08\/futuro-luminoso-6-210x300.jpg 210w, https:\/\/adrianaarronte.com.es\/wp-content\/uploads\/2025\/08\/futuro-luminoso-6-768x1097.jpg 768w, https:\/\/adrianaarronte.com.es\/wp-content\/uploads\/2025\/08\/futuro-luminoso-6-1075x1536.jpg 1075w, https:\/\/adrianaarronte.com.es\/wp-content\/uploads\/2025\/08\/futuro-luminoso-6-1433x2048.jpg 1433w, https:\/\/adrianaarronte.com.es\/wp-content\/uploads\/2025\/08\/futuro-luminoso-6-scaled.jpg 1792w\" sizes=\"auto, (max-width: 717px) 100vw, 717px\" \/><\/a><\/figure>\n<\/figure>\n<\/div>\n\n\n\n<div class=\"wp-block-column is-layout-flow wp-block-column-is-layout-flow\">\n<figure class=\"wp-block-gallery has-nested-images columns-default is-cropped wp-block-gallery-3 is-layout-flex wp-block-gallery-is-layout-flex\">\n<figure class=\"wp-block-image size-large\"><a href=\"https:\/\/adrianaarronte.com.es\/wp-content\/uploads\/2025\/08\/futuro-luminoso-5-scaled.jpg\"><img loading=\"lazy\" decoding=\"async\" width=\"717\" height=\"1024\" data-id=\"2685\" src=\"https:\/\/adrianaarronte.com.es\/wp-content\/uploads\/2025\/08\/futuro-luminoso-5-717x1024.jpg\" alt=\"\" class=\"wp-image-2685\" srcset=\"https:\/\/adrianaarronte.com.es\/wp-content\/uploads\/2025\/08\/futuro-luminoso-5-717x1024.jpg 717w, https:\/\/adrianaarronte.com.es\/wp-content\/uploads\/2025\/08\/futuro-luminoso-5-210x300.jpg 210w, https:\/\/adrianaarronte.com.es\/wp-content\/uploads\/2025\/08\/futuro-luminoso-5-768x1097.jpg 768w, https:\/\/adrianaarronte.com.es\/wp-content\/uploads\/2025\/08\/futuro-luminoso-5-1075x1536.jpg 1075w, https:\/\/adrianaarronte.com.es\/wp-content\/uploads\/2025\/08\/futuro-luminoso-5-1433x2048.jpg 1433w, https:\/\/adrianaarronte.com.es\/wp-content\/uploads\/2025\/08\/futuro-luminoso-5-scaled.jpg 1792w\" sizes=\"auto, (max-width: 717px) 100vw, 717px\" \/><\/a><\/figure>\n<\/figure>\n<\/div>\n<\/div>\n\n\n\n<p class=\"has-small-font-size\"><\/p>\n\n\n\n<div class=\"wp-block-columns is-layout-flex wp-container-core-columns-is-layout-9d6595d7 wp-block-columns-is-layout-flex\">\n<div class=\"wp-block-column is-layout-flow wp-block-column-is-layout-flow\">\n<p class=\"has-small-font-size\"><a href=\"https:\/\/adrianaarronte.com.es\/index.php\/obras\/dibujos-drawings\/en-formalizacion\/\"><strong>FORMALIZACI\u00d3N |<\/strong>&nbsp;<strong>FORMALIZATION<\/strong><\/a><br>Grabado (linograf\u00eda)\/ cartulina \/ 42\u00d730 cm<\/p>\n\n\n\n<p class=\"has-small-font-size\">FORMALIZACI\u00d3N re\u00fane sellos empleados en gestiones legales, enunciados y \u00f3rdenes burocr\u00e1ticas. Los tr\u00e1mites legales implican procesos de resoluci\u00f3n ansiada, a menudo urgente y hasta desesperada. Requisitos, plazos, formularios, justificantes, tazas, sellos&#8230; su ejecuci\u00f3n determina estatus y derechos. Contrasta el sistema reglado fr\u00edo, con la naturaleza emocional del tramitador.&nbsp;<\/p>\n\n\n\n<p class=\"has-small-font-size\">En SUBSANACI\u00d3N empleo sellos antiguos de Cuba, pertenecientes al Comit\u00e9 Estatal del Trabajo y la Seguridad Social, al Ministerio de Salud MINSAP y a la Imprenta militar IMP. La subsanaci\u00f3n de errores en Cuba es un proceso legal muy recurrente. Los errores resultan de un trabajo realizado sin motivaci\u00f3n, en condiciones inadecuadas y escasa remuneraci\u00f3n. &nbsp;La pretensi\u00f3n de excusar o sanar desaciertos es tambi\u00e9n una constante en el discurso pol\u00edtico universal.<\/p>\n\n\n\n<p class=\"has-nv-c-1-color has-text-color has-link-color has-small-font-size wp-elements-938296c101e0e5271dd376265168e63d\"><br>FORMALIZATION brings together the hallmarks used in legal procedures, statements, and bureaucratic orders. Legal procedures involve processes of long-awaited, often urgent, and even desperate resolution. Requirements, deadlines, forms, receipts, fees, stamps\u2026 their execution determines status and rights. It contrasts the cold, regulated system with the emotional nature of the process.<br><br>In CORRECTION, I use old Cuban stamps belonging to the State Committee for Labor and Social Security, the Ministry of Health, the Ministry of Health (MINSAP), and the Military Printing Office (IMP). Correcting errors in Cuba is a very common legal process. Errors result from work performed without motivation, under inadequate conditions, and with little pay. The attempt to excuse or correct mistakes is also a constant in universal political discourse.<\/p>\n<\/div>\n\n\n\n<div class=\"wp-block-column is-layout-flow wp-block-column-is-layout-flow\">\n<figure class=\"wp-block-gallery has-nested-images columns-default is-cropped wp-block-gallery-4 is-layout-flex wp-block-gallery-is-layout-flex\">\n<figure class=\"wp-block-image size-large\"><img loading=\"lazy\" decoding=\"async\" width=\"717\" height=\"1024\" data-id=\"2692\" src=\"https:\/\/adrianaarronte.com.es\/wp-content\/uploads\/2025\/08\/Formalizacion-Subsanacion-717x1024.jpg\" alt=\"\" class=\"wp-image-2692\" srcset=\"https:\/\/adrianaarronte.com.es\/wp-content\/uploads\/2025\/08\/Formalizacion-Subsanacion-717x1024.jpg 717w, https:\/\/adrianaarronte.com.es\/wp-content\/uploads\/2025\/08\/Formalizacion-Subsanacion-210x300.jpg 210w, https:\/\/adrianaarronte.com.es\/wp-content\/uploads\/2025\/08\/Formalizacion-Subsanacion-768x1097.jpg 768w, https:\/\/adrianaarronte.com.es\/wp-content\/uploads\/2025\/08\/Formalizacion-Subsanacion-1075x1536.jpg 1075w, https:\/\/adrianaarronte.com.es\/wp-content\/uploads\/2025\/08\/Formalizacion-Subsanacion-1433x2048.jpg 1433w, https:\/\/adrianaarronte.com.es\/wp-content\/uploads\/2025\/08\/Formalizacion-Subsanacion-scaled.jpg 1792w\" sizes=\"auto, (max-width: 717px) 100vw, 717px\" \/><\/figure>\n<\/figure>\n<\/div>\n<\/div>\n\n\n\n<div class=\"wp-block-columns is-layout-flex wp-container-core-columns-is-layout-9d6595d7 wp-block-columns-is-layout-flex\">\n<div class=\"wp-block-column is-layout-flow wp-block-column-is-layout-flow\">\n<p class=\"has-small-font-size\"><a href=\"https:\/\/adrianaarronte.com.es\/index.php\/noticias\/\">EXPOSICIONES<\/a><\/p>\n<\/div>\n<\/div>\n","protected":false},"excerpt":{"rendered":"<p>Exposiciones colectivas A Santos de qu\u00e9?. La Casa Amarilla. M\u00e1laga. 2024Curadur\u00eda Onedys Calvo FUTURO LUMINOSO | \u00a0BRIGHT FUTURE. 2024Componentes de l\u00e1mpara, accesorios m\u00e9dicos, bombillas, cristal, resina y metal. La utop\u00eda como rapto del futuro La referencia al \u201cfuturo luminoso\u201d es recurrente en m\u00faltiples utop\u00edas. En esta pieza medito sobre la luz, en su car\u00e1cter simb\u00f3lico&hellip;&nbsp;<a href=\"https:\/\/adrianaarronte.com.es\/index.php\/noticias\/exposiciones-colectivas\/a-santos-de-que-2\/\" rel=\"bookmark\"><span class=\"screen-reader-text\">Exposici\u00f3n A Santos de qu\u00e9?<\/span><\/a><\/p>\n","protected":false},"author":1,"featured_media":0,"parent":2050,"menu_order":0,"comment_status":"closed","ping_status":"closed","template":"","meta":{"neve_meta_sidebar":"","neve_meta_container":"","neve_meta_enable_content_width":"","neve_meta_content_width":0,"neve_meta_title_alignment":"","neve_meta_author_avatar":"","neve_post_elements_order":"","neve_meta_disable_header":"","neve_meta_disable_footer":"on","neve_meta_disable_title":"on","footnotes":""},"class_list":["post-2659","page","type-page","status-publish","hentry"],"yoast_head":"<!-- This site is optimized with the Yoast SEO plugin v21.6 - https:\/\/yoast.com\/wordpress\/plugins\/seo\/ -->\n<title>Exposici\u00f3n A Santos de qu\u00e9? - ADRIANA ARRONTE<\/title>\n<meta name=\"description\" content=\"La Casa Amarilla. M\u00e1laga, 2024. Curadur\u00eda Onedys Calvo\" \/>\n<meta name=\"robots\" content=\"index, follow, max-snippet:-1, max-image-preview:large, max-video-preview:-1\" \/>\n<link rel=\"canonical\" href=\"https:\/\/adrianaarronte.com.es\/index.php\/noticias\/exposiciones-colectivas\/a-santos-de-que-2\/\" \/>\n<meta property=\"og:locale\" content=\"es_ES\" \/>\n<meta property=\"og:type\" content=\"article\" \/>\n<meta property=\"og:title\" content=\"Exposici\u00f3n A Santos de qu\u00e9? - ADRIANA ARRONTE\" \/>\n<meta property=\"og:description\" content=\"La Casa Amarilla. M\u00e1laga, 2024. Curadur\u00eda Onedys Calvo\" \/>\n<meta property=\"og:url\" content=\"https:\/\/adrianaarronte.com.es\/index.php\/noticias\/exposiciones-colectivas\/a-santos-de-que-2\/\" \/>\n<meta property=\"og:site_name\" content=\"ADRIANA ARRONTE\" \/>\n<meta property=\"article:modified_time\" content=\"2025-09-28T13:25:46+00:00\" \/>\n<meta property=\"og:image\" content=\"https:\/\/adrianaarronte.com.es\/wp-content\/uploads\/2025\/08\/A-Santos-de-que-1.png\" \/>\n<meta name=\"twitter:card\" content=\"summary_large_image\" \/>\n<meta name=\"twitter:label1\" content=\"Tiempo de lectura\" \/>\n\t<meta name=\"twitter:data1\" content=\"3 minutos\" \/>\n<script type=\"application\/ld+json\" class=\"yoast-schema-graph\">{\"@context\":\"https:\/\/schema.org\",\"@graph\":[{\"@type\":\"WebPage\",\"@id\":\"https:\/\/adrianaarronte.com.es\/index.php\/noticias\/exposiciones-colectivas\/a-santos-de-que-2\/\",\"url\":\"https:\/\/adrianaarronte.com.es\/index.php\/noticias\/exposiciones-colectivas\/a-santos-de-que-2\/\",\"name\":\"Exposici\u00f3n A Santos de qu\u00e9? - ADRIANA ARRONTE\",\"isPartOf\":{\"@id\":\"https:\/\/adrianaarronte.com.es\/#website\"},\"datePublished\":\"2025-08-20T10:08:07+00:00\",\"dateModified\":\"2025-09-28T13:25:46+00:00\",\"description\":\"La Casa Amarilla. M\u00e1laga, 2024. Curadur\u00eda Onedys Calvo\",\"breadcrumb\":{\"@id\":\"https:\/\/adrianaarronte.com.es\/index.php\/noticias\/exposiciones-colectivas\/a-santos-de-que-2\/#breadcrumb\"},\"inLanguage\":\"es\",\"potentialAction\":[{\"@type\":\"ReadAction\",\"target\":[\"https:\/\/adrianaarronte.com.es\/index.php\/noticias\/exposiciones-colectivas\/a-santos-de-que-2\/\"]}]},{\"@type\":\"BreadcrumbList\",\"@id\":\"https:\/\/adrianaarronte.com.es\/index.php\/noticias\/exposiciones-colectivas\/a-santos-de-que-2\/#breadcrumb\",\"itemListElement\":[{\"@type\":\"ListItem\",\"position\":1,\"name\":\"Home\",\"item\":\"https:\/\/adrianaarronte.com.es\/\"},{\"@type\":\"ListItem\",\"position\":2,\"name\":\"EXPOSICIONES\",\"item\":\"https:\/\/adrianaarronte.com.es\/index.php\/noticias\/\"},{\"@type\":\"ListItem\",\"position\":3,\"name\":\"Exposiciones colectivas\",\"item\":\"https:\/\/adrianaarronte.com.es\/index.php\/noticias\/exposiciones-colectivas\/\"},{\"@type\":\"ListItem\",\"position\":4,\"name\":\"Exposici\u00f3n A Santos de qu\u00e9?\"}]},{\"@type\":\"WebSite\",\"@id\":\"https:\/\/adrianaarronte.com.es\/#website\",\"url\":\"https:\/\/adrianaarronte.com.es\/\",\"name\":\"ADRIANA ARRONTE\",\"description\":\"\",\"potentialAction\":[{\"@type\":\"SearchAction\",\"target\":{\"@type\":\"EntryPoint\",\"urlTemplate\":\"https:\/\/adrianaarronte.com.es\/?s={search_term_string}\"},\"query-input\":\"required name=search_term_string\"}],\"inLanguage\":\"es\"}]}<\/script>\n<!-- \/ Yoast SEO plugin. -->","yoast_head_json":{"title":"Exposici\u00f3n A Santos de qu\u00e9? - ADRIANA ARRONTE","description":"La Casa Amarilla. M\u00e1laga, 2024. Curadur\u00eda Onedys Calvo","robots":{"index":"index","follow":"follow","max-snippet":"max-snippet:-1","max-image-preview":"max-image-preview:large","max-video-preview":"max-video-preview:-1"},"canonical":"https:\/\/adrianaarronte.com.es\/index.php\/noticias\/exposiciones-colectivas\/a-santos-de-que-2\/","og_locale":"es_ES","og_type":"article","og_title":"Exposici\u00f3n A Santos de qu\u00e9? - ADRIANA ARRONTE","og_description":"La Casa Amarilla. M\u00e1laga, 2024. Curadur\u00eda Onedys Calvo","og_url":"https:\/\/adrianaarronte.com.es\/index.php\/noticias\/exposiciones-colectivas\/a-santos-de-que-2\/","og_site_name":"ADRIANA ARRONTE","article_modified_time":"2025-09-28T13:25:46+00:00","og_image":[{"url":"https:\/\/adrianaarronte.com.es\/wp-content\/uploads\/2025\/08\/A-Santos-de-que-1.png"}],"twitter_card":"summary_large_image","twitter_misc":{"Tiempo de lectura":"3 minutos"},"schema":{"@context":"https:\/\/schema.org","@graph":[{"@type":"WebPage","@id":"https:\/\/adrianaarronte.com.es\/index.php\/noticias\/exposiciones-colectivas\/a-santos-de-que-2\/","url":"https:\/\/adrianaarronte.com.es\/index.php\/noticias\/exposiciones-colectivas\/a-santos-de-que-2\/","name":"Exposici\u00f3n A Santos de qu\u00e9? - ADRIANA ARRONTE","isPartOf":{"@id":"https:\/\/adrianaarronte.com.es\/#website"},"datePublished":"2025-08-20T10:08:07+00:00","dateModified":"2025-09-28T13:25:46+00:00","description":"La Casa Amarilla. M\u00e1laga, 2024. Curadur\u00eda Onedys Calvo","breadcrumb":{"@id":"https:\/\/adrianaarronte.com.es\/index.php\/noticias\/exposiciones-colectivas\/a-santos-de-que-2\/#breadcrumb"},"inLanguage":"es","potentialAction":[{"@type":"ReadAction","target":["https:\/\/adrianaarronte.com.es\/index.php\/noticias\/exposiciones-colectivas\/a-santos-de-que-2\/"]}]},{"@type":"BreadcrumbList","@id":"https:\/\/adrianaarronte.com.es\/index.php\/noticias\/exposiciones-colectivas\/a-santos-de-que-2\/#breadcrumb","itemListElement":[{"@type":"ListItem","position":1,"name":"Home","item":"https:\/\/adrianaarronte.com.es\/"},{"@type":"ListItem","position":2,"name":"EXPOSICIONES","item":"https:\/\/adrianaarronte.com.es\/index.php\/noticias\/"},{"@type":"ListItem","position":3,"name":"Exposiciones colectivas","item":"https:\/\/adrianaarronte.com.es\/index.php\/noticias\/exposiciones-colectivas\/"},{"@type":"ListItem","position":4,"name":"Exposici\u00f3n A Santos de qu\u00e9?"}]},{"@type":"WebSite","@id":"https:\/\/adrianaarronte.com.es\/#website","url":"https:\/\/adrianaarronte.com.es\/","name":"ADRIANA ARRONTE","description":"","potentialAction":[{"@type":"SearchAction","target":{"@type":"EntryPoint","urlTemplate":"https:\/\/adrianaarronte.com.es\/?s={search_term_string}"},"query-input":"required name=search_term_string"}],"inLanguage":"es"}]}},"_links":{"self":[{"href":"https:\/\/adrianaarronte.com.es\/index.php\/wp-json\/wp\/v2\/pages\/2659","targetHints":{"allow":["GET"]}}],"collection":[{"href":"https:\/\/adrianaarronte.com.es\/index.php\/wp-json\/wp\/v2\/pages"}],"about":[{"href":"https:\/\/adrianaarronte.com.es\/index.php\/wp-json\/wp\/v2\/types\/page"}],"author":[{"embeddable":true,"href":"https:\/\/adrianaarronte.com.es\/index.php\/wp-json\/wp\/v2\/users\/1"}],"replies":[{"embeddable":true,"href":"https:\/\/adrianaarronte.com.es\/index.php\/wp-json\/wp\/v2\/comments?post=2659"}],"version-history":[{"count":13,"href":"https:\/\/adrianaarronte.com.es\/index.php\/wp-json\/wp\/v2\/pages\/2659\/revisions"}],"predecessor-version":[{"id":2914,"href":"https:\/\/adrianaarronte.com.es\/index.php\/wp-json\/wp\/v2\/pages\/2659\/revisions\/2914"}],"up":[{"embeddable":true,"href":"https:\/\/adrianaarronte.com.es\/index.php\/wp-json\/wp\/v2\/pages\/2050"}],"wp:attachment":[{"href":"https:\/\/adrianaarronte.com.es\/index.php\/wp-json\/wp\/v2\/media?parent=2659"}],"curies":[{"name":"wp","href":"https:\/\/api.w.org\/{rel}","templated":true}]}}