{"id":2714,"date":"2025-08-20T20:51:54","date_gmt":"2025-08-20T18:51:54","guid":{"rendered":"https:\/\/adrianaarronte.com.es\/?page_id=2714"},"modified":"2025-09-27T13:11:24","modified_gmt":"2025-09-27T11:11:24","slug":"exposicion-territorio-sin-limites","status":"publish","type":"page","link":"https:\/\/adrianaarronte.com.es\/index.php\/noticias\/exposiciones-colectivas\/exposicion-territorio-sin-limites\/","title":{"rendered":"Exposici\u00f3n Territorio sin l\u00edmites"},"content":{"rendered":"\n<div class=\"wp-block-columns is-layout-flex wp-container-core-columns-is-layout-9d6595d7 wp-block-columns-is-layout-flex\">\n<div class=\"wp-block-column is-layout-flow wp-block-column-is-layout-flow\">\n<p class=\"has-small-font-size\"><a href=\"https:\/\/adrianaarronte.com.es\/index.php\/noticias\/exposiciones-colectivas\/\">Exposiciones colectivas<\/a><\/p>\n\n\n\n<p class=\"has-small-font-size\"><strong>Territorio sin l\u00edmites. Al otro lado del Atl\u00e1ntico.<\/strong> Museo de Arte Moderno y Contempor\u00e1neo Mohammed VI. Rabat, Marruecos. 2024<br>Curadur\u00eda: Jos\u00e9 Noceda<\/p>\n\n\n\n<p class=\"has-small-font-size\"><strong><a href=\"https:\/\/adrianaarronte.com.es\/index.php\/obras\/objetos-objects\/politica-de-datos\/\">SERIE POL\u00cdTICA DE DATOS | DATA POLICY<\/a><\/strong> 2023<br>Abrecartas antiguos intervenidos, lacre grabado | old letter opener, engraved sealing wax \/ Metal y lacre | metal and sealing wax.<\/p>\n\n\n\n<div class=\"wp-block-columns is-layout-flex wp-container-core-columns-is-layout-9d6595d7 wp-block-columns-is-layout-flex\">\n<div class=\"wp-block-column is-layout-flow wp-block-column-is-layout-flow\">\n<div class=\"wp-block-columns is-layout-flex wp-container-core-columns-is-layout-9d6595d7 wp-block-columns-is-layout-flex\">\n<div class=\"wp-block-column is-layout-flow wp-block-column-is-layout-flow\">\n<figure class=\"wp-block-gallery has-nested-images columns-default is-cropped wp-block-gallery-1 is-layout-flex wp-block-gallery-is-layout-flex\">\n<figure class=\"wp-block-image size-large\"><a href=\"https:\/\/adrianaarronte.com.es\/wp-content\/uploads\/2025\/08\/arronteadriana_Politica-de-datos.jpg\"><img loading=\"lazy\" decoding=\"async\" width=\"810\" height=\"810\" data-id=\"2715\" src=\"https:\/\/adrianaarronte.com.es\/wp-content\/uploads\/2025\/08\/arronteadriana_Politica-de-datos.jpg\" alt=\"\" class=\"wp-image-2715\" srcset=\"https:\/\/adrianaarronte.com.es\/wp-content\/uploads\/2025\/08\/arronteadriana_Politica-de-datos.jpg 810w, https:\/\/adrianaarronte.com.es\/wp-content\/uploads\/2025\/08\/arronteadriana_Politica-de-datos-300x300.jpg 300w, https:\/\/adrianaarronte.com.es\/wp-content\/uploads\/2025\/08\/arronteadriana_Politica-de-datos-150x150.jpg 150w, https:\/\/adrianaarronte.com.es\/wp-content\/uploads\/2025\/08\/arronteadriana_Politica-de-datos-768x768.jpg 768w\" sizes=\"auto, (max-width: 810px) 100vw, 810px\" \/><\/a><\/figure>\n<\/figure>\n<\/div>\n\n\n\n<div class=\"wp-block-column is-layout-flow wp-block-column-is-layout-flow\">\n<figure class=\"wp-block-gallery has-nested-images columns-default is-cropped wp-block-gallery-2 is-layout-flex wp-block-gallery-is-layout-flex\">\n<figure class=\"wp-block-image size-large\"><a href=\"https:\/\/adrianaarronte.com.es\/wp-content\/uploads\/2025\/08\/arronteadriana_Politica-de-datos-2.jpg\"><img loading=\"lazy\" decoding=\"async\" width=\"810\" height=\"810\" data-id=\"2716\" src=\"https:\/\/adrianaarronte.com.es\/wp-content\/uploads\/2025\/08\/arronteadriana_Politica-de-datos-2.jpg\" alt=\"\" class=\"wp-image-2716\" srcset=\"https:\/\/adrianaarronte.com.es\/wp-content\/uploads\/2025\/08\/arronteadriana_Politica-de-datos-2.jpg 810w, https:\/\/adrianaarronte.com.es\/wp-content\/uploads\/2025\/08\/arronteadriana_Politica-de-datos-2-300x300.jpg 300w, https:\/\/adrianaarronte.com.es\/wp-content\/uploads\/2025\/08\/arronteadriana_Politica-de-datos-2-150x150.jpg 150w, https:\/\/adrianaarronte.com.es\/wp-content\/uploads\/2025\/08\/arronteadriana_Politica-de-datos-2-768x768.jpg 768w\" sizes=\"auto, (max-width: 810px) 100vw, 810px\" \/><\/a><\/figure>\n<\/figure>\n<\/div>\n<\/div>\n<\/div>\n<\/div>\n\n\n\n<div class=\"wp-block-columns is-layout-flex wp-container-core-columns-is-layout-9d6595d7 wp-block-columns-is-layout-flex\">\n<div class=\"wp-block-column is-layout-flow wp-block-column-is-layout-flow\">\n<figure class=\"wp-block-gallery has-nested-images columns-default is-cropped wp-block-gallery-3 is-layout-flex wp-block-gallery-is-layout-flex\">\n<figure class=\"wp-block-image size-large\"><a href=\"https:\/\/adrianaarronte.com.es\/wp-content\/uploads\/2025\/08\/arronteadriana_17.jpg\"><img loading=\"lazy\" decoding=\"async\" width=\"900\" height=\"900\" data-id=\"2723\" src=\"https:\/\/adrianaarronte.com.es\/wp-content\/uploads\/2025\/08\/arronteadriana_17.jpg\" alt=\"\" class=\"wp-image-2723\" srcset=\"https:\/\/adrianaarronte.com.es\/wp-content\/uploads\/2025\/08\/arronteadriana_17.jpg 900w, https:\/\/adrianaarronte.com.es\/wp-content\/uploads\/2025\/08\/arronteadriana_17-300x300.jpg 300w, https:\/\/adrianaarronte.com.es\/wp-content\/uploads\/2025\/08\/arronteadriana_17-150x150.jpg 150w, https:\/\/adrianaarronte.com.es\/wp-content\/uploads\/2025\/08\/arronteadriana_17-768x768.jpg 768w\" sizes=\"auto, (max-width: 900px) 100vw, 900px\" \/><\/a><\/figure>\n<\/figure>\n<\/div>\n\n\n\n<div class=\"wp-block-column is-layout-flow wp-block-column-is-layout-flow\">\n<figure class=\"wp-block-gallery has-nested-images columns-default is-cropped wp-block-gallery-4 is-layout-flex wp-block-gallery-is-layout-flex\">\n<figure class=\"wp-block-image size-large\"><a href=\"https:\/\/adrianaarronte.com.es\/wp-content\/uploads\/2025\/08\/arronteadriana_18.jpg\"><img loading=\"lazy\" decoding=\"async\" width=\"810\" height=\"810\" data-id=\"2724\" src=\"https:\/\/adrianaarronte.com.es\/wp-content\/uploads\/2025\/08\/arronteadriana_18.jpg\" alt=\"\" class=\"wp-image-2724\" srcset=\"https:\/\/adrianaarronte.com.es\/wp-content\/uploads\/2025\/08\/arronteadriana_18.jpg 810w, https:\/\/adrianaarronte.com.es\/wp-content\/uploads\/2025\/08\/arronteadriana_18-300x300.jpg 300w, https:\/\/adrianaarronte.com.es\/wp-content\/uploads\/2025\/08\/arronteadriana_18-150x150.jpg 150w, https:\/\/adrianaarronte.com.es\/wp-content\/uploads\/2025\/08\/arronteadriana_18-768x768.jpg 768w\" sizes=\"auto, (max-width: 810px) 100vw, 810px\" \/><\/a><\/figure>\n<\/figure>\n<\/div>\n<\/div>\n<\/div>\n<\/div>\n\n\n\n<div class=\"wp-block-columns is-layout-flex wp-container-core-columns-is-layout-9d6595d7 wp-block-columns-is-layout-flex\">\n<div class=\"wp-block-column is-layout-flow wp-block-column-is-layout-flow\">\n<p class=\"has-small-font-size\"><a href=\"https:\/\/adrianaarronte.com.es\/index.php\/noticias\/\">EXPOSICIONES<\/a><\/p>\n<\/div>\n<\/div>\n","protected":false},"excerpt":{"rendered":"<p>Exposiciones colectivas Territorio sin l\u00edmites. Al otro lado del Atl\u00e1ntico. Museo de Arte Moderno y Contempor\u00e1neo Mohammed VI. Rabat, Marruecos. 2024Curadur\u00eda: Jos\u00e9 Noceda SERIE POL\u00cdTICA DE DATOS | DATA POLICY 2023Abrecartas antiguos intervenidos, lacre grabado | old letter opener, engraved sealing wax \/ Metal y lacre | metal and sealing wax. EXPOSICIONES<\/p>\n","protected":false},"author":1,"featured_media":0,"parent":2050,"menu_order":0,"comment_status":"closed","ping_status":"closed","template":"","meta":{"neve_meta_sidebar":"","neve_meta_container":"","neve_meta_enable_content_width":"","neve_meta_content_width":0,"neve_meta_title_alignment":"","neve_meta_author_avatar":"","neve_post_elements_order":"","neve_meta_disable_header":"","neve_meta_disable_footer":"on","neve_meta_disable_title":"on","footnotes":""},"class_list":["post-2714","page","type-page","status-publish","hentry"],"yoast_head":"<!-- This site is optimized with the Yoast SEO plugin v21.6 - https:\/\/yoast.com\/wordpress\/plugins\/seo\/ -->\n<title>Exposici\u00f3n Territorio sin l\u00edmites - ADRIANA ARRONTE<\/title>\n<meta name=\"description\" content=\"Museo de Arte Moderno y Contempor\u00e1neo Mohammed VI. Rabat, Marruecos. 2024. Curadur\u00eda Jos\u00e9 Noceda\" \/>\n<meta name=\"robots\" content=\"index, follow, max-snippet:-1, max-image-preview:large, max-video-preview:-1\" \/>\n<link rel=\"canonical\" href=\"https:\/\/adrianaarronte.com.es\/index.php\/noticias\/exposiciones-colectivas\/exposicion-territorio-sin-limites\/\" \/>\n<meta property=\"og:locale\" content=\"es_ES\" \/>\n<meta property=\"og:type\" content=\"article\" \/>\n<meta property=\"og:title\" content=\"Exposici\u00f3n Territorio sin l\u00edmites - ADRIANA ARRONTE\" \/>\n<meta property=\"og:description\" content=\"Museo de Arte Moderno y Contempor\u00e1neo Mohammed VI. Rabat, Marruecos. 2024. Curadur\u00eda Jos\u00e9 Noceda\" \/>\n<meta property=\"og:url\" content=\"https:\/\/adrianaarronte.com.es\/index.php\/noticias\/exposiciones-colectivas\/exposicion-territorio-sin-limites\/\" \/>\n<meta property=\"og:site_name\" content=\"ADRIANA ARRONTE\" \/>\n<meta property=\"article:modified_time\" content=\"2025-09-27T11:11:24+00:00\" \/>\n<meta property=\"og:image\" content=\"https:\/\/adrianaarronte.com.es\/wp-content\/uploads\/2025\/08\/arronteadriana_Politica-de-datos.jpg\" \/>\n<meta name=\"twitter:card\" content=\"summary_large_image\" \/>\n<meta name=\"twitter:label1\" content=\"Tiempo de lectura\" \/>\n\t<meta name=\"twitter:data1\" content=\"2 minutos\" \/>\n<script type=\"application\/ld+json\" class=\"yoast-schema-graph\">{\"@context\":\"https:\/\/schema.org\",\"@graph\":[{\"@type\":\"WebPage\",\"@id\":\"https:\/\/adrianaarronte.com.es\/index.php\/noticias\/exposiciones-colectivas\/exposicion-territorio-sin-limites\/\",\"url\":\"https:\/\/adrianaarronte.com.es\/index.php\/noticias\/exposiciones-colectivas\/exposicion-territorio-sin-limites\/\",\"name\":\"Exposici\u00f3n Territorio sin l\u00edmites - ADRIANA ARRONTE\",\"isPartOf\":{\"@id\":\"https:\/\/adrianaarronte.com.es\/#website\"},\"datePublished\":\"2025-08-20T18:51:54+00:00\",\"dateModified\":\"2025-09-27T11:11:24+00:00\",\"description\":\"Museo de Arte Moderno y Contempor\u00e1neo Mohammed VI. Rabat, Marruecos. 2024. Curadur\u00eda Jos\u00e9 Noceda\",\"breadcrumb\":{\"@id\":\"https:\/\/adrianaarronte.com.es\/index.php\/noticias\/exposiciones-colectivas\/exposicion-territorio-sin-limites\/#breadcrumb\"},\"inLanguage\":\"es\",\"potentialAction\":[{\"@type\":\"ReadAction\",\"target\":[\"https:\/\/adrianaarronte.com.es\/index.php\/noticias\/exposiciones-colectivas\/exposicion-territorio-sin-limites\/\"]}]},{\"@type\":\"BreadcrumbList\",\"@id\":\"https:\/\/adrianaarronte.com.es\/index.php\/noticias\/exposiciones-colectivas\/exposicion-territorio-sin-limites\/#breadcrumb\",\"itemListElement\":[{\"@type\":\"ListItem\",\"position\":1,\"name\":\"Home\",\"item\":\"https:\/\/adrianaarronte.com.es\/\"},{\"@type\":\"ListItem\",\"position\":2,\"name\":\"EXPOSICIONES\",\"item\":\"https:\/\/adrianaarronte.com.es\/index.php\/noticias\/\"},{\"@type\":\"ListItem\",\"position\":3,\"name\":\"Exposiciones colectivas\",\"item\":\"https:\/\/adrianaarronte.com.es\/index.php\/noticias\/exposiciones-colectivas\/\"},{\"@type\":\"ListItem\",\"position\":4,\"name\":\"Exposici\u00f3n Territorio sin l\u00edmites\"}]},{\"@type\":\"WebSite\",\"@id\":\"https:\/\/adrianaarronte.com.es\/#website\",\"url\":\"https:\/\/adrianaarronte.com.es\/\",\"name\":\"ADRIANA ARRONTE\",\"description\":\"\",\"potentialAction\":[{\"@type\":\"SearchAction\",\"target\":{\"@type\":\"EntryPoint\",\"urlTemplate\":\"https:\/\/adrianaarronte.com.es\/?s={search_term_string}\"},\"query-input\":\"required name=search_term_string\"}],\"inLanguage\":\"es\"}]}<\/script>\n<!-- \/ Yoast SEO plugin. -->","yoast_head_json":{"title":"Exposici\u00f3n Territorio sin l\u00edmites - ADRIANA ARRONTE","description":"Museo de Arte Moderno y Contempor\u00e1neo Mohammed VI. Rabat, Marruecos. 2024. Curadur\u00eda Jos\u00e9 Noceda","robots":{"index":"index","follow":"follow","max-snippet":"max-snippet:-1","max-image-preview":"max-image-preview:large","max-video-preview":"max-video-preview:-1"},"canonical":"https:\/\/adrianaarronte.com.es\/index.php\/noticias\/exposiciones-colectivas\/exposicion-territorio-sin-limites\/","og_locale":"es_ES","og_type":"article","og_title":"Exposici\u00f3n Territorio sin l\u00edmites - ADRIANA ARRONTE","og_description":"Museo de Arte Moderno y Contempor\u00e1neo Mohammed VI. Rabat, Marruecos. 2024. Curadur\u00eda Jos\u00e9 Noceda","og_url":"https:\/\/adrianaarronte.com.es\/index.php\/noticias\/exposiciones-colectivas\/exposicion-territorio-sin-limites\/","og_site_name":"ADRIANA ARRONTE","article_modified_time":"2025-09-27T11:11:24+00:00","og_image":[{"url":"https:\/\/adrianaarronte.com.es\/wp-content\/uploads\/2025\/08\/arronteadriana_Politica-de-datos.jpg"}],"twitter_card":"summary_large_image","twitter_misc":{"Tiempo de lectura":"2 minutos"},"schema":{"@context":"https:\/\/schema.org","@graph":[{"@type":"WebPage","@id":"https:\/\/adrianaarronte.com.es\/index.php\/noticias\/exposiciones-colectivas\/exposicion-territorio-sin-limites\/","url":"https:\/\/adrianaarronte.com.es\/index.php\/noticias\/exposiciones-colectivas\/exposicion-territorio-sin-limites\/","name":"Exposici\u00f3n Territorio sin l\u00edmites - ADRIANA ARRONTE","isPartOf":{"@id":"https:\/\/adrianaarronte.com.es\/#website"},"datePublished":"2025-08-20T18:51:54+00:00","dateModified":"2025-09-27T11:11:24+00:00","description":"Museo de Arte Moderno y Contempor\u00e1neo Mohammed VI. Rabat, Marruecos. 2024. Curadur\u00eda Jos\u00e9 Noceda","breadcrumb":{"@id":"https:\/\/adrianaarronte.com.es\/index.php\/noticias\/exposiciones-colectivas\/exposicion-territorio-sin-limites\/#breadcrumb"},"inLanguage":"es","potentialAction":[{"@type":"ReadAction","target":["https:\/\/adrianaarronte.com.es\/index.php\/noticias\/exposiciones-colectivas\/exposicion-territorio-sin-limites\/"]}]},{"@type":"BreadcrumbList","@id":"https:\/\/adrianaarronte.com.es\/index.php\/noticias\/exposiciones-colectivas\/exposicion-territorio-sin-limites\/#breadcrumb","itemListElement":[{"@type":"ListItem","position":1,"name":"Home","item":"https:\/\/adrianaarronte.com.es\/"},{"@type":"ListItem","position":2,"name":"EXPOSICIONES","item":"https:\/\/adrianaarronte.com.es\/index.php\/noticias\/"},{"@type":"ListItem","position":3,"name":"Exposiciones colectivas","item":"https:\/\/adrianaarronte.com.es\/index.php\/noticias\/exposiciones-colectivas\/"},{"@type":"ListItem","position":4,"name":"Exposici\u00f3n Territorio sin l\u00edmites"}]},{"@type":"WebSite","@id":"https:\/\/adrianaarronte.com.es\/#website","url":"https:\/\/adrianaarronte.com.es\/","name":"ADRIANA ARRONTE","description":"","potentialAction":[{"@type":"SearchAction","target":{"@type":"EntryPoint","urlTemplate":"https:\/\/adrianaarronte.com.es\/?s={search_term_string}"},"query-input":"required name=search_term_string"}],"inLanguage":"es"}]}},"_links":{"self":[{"href":"https:\/\/adrianaarronte.com.es\/index.php\/wp-json\/wp\/v2\/pages\/2714","targetHints":{"allow":["GET"]}}],"collection":[{"href":"https:\/\/adrianaarronte.com.es\/index.php\/wp-json\/wp\/v2\/pages"}],"about":[{"href":"https:\/\/adrianaarronte.com.es\/index.php\/wp-json\/wp\/v2\/types\/page"}],"author":[{"embeddable":true,"href":"https:\/\/adrianaarronte.com.es\/index.php\/wp-json\/wp\/v2\/users\/1"}],"replies":[{"embeddable":true,"href":"https:\/\/adrianaarronte.com.es\/index.php\/wp-json\/wp\/v2\/comments?post=2714"}],"version-history":[{"count":5,"href":"https:\/\/adrianaarronte.com.es\/index.php\/wp-json\/wp\/v2\/pages\/2714\/revisions"}],"predecessor-version":[{"id":2888,"href":"https:\/\/adrianaarronte.com.es\/index.php\/wp-json\/wp\/v2\/pages\/2714\/revisions\/2888"}],"up":[{"embeddable":true,"href":"https:\/\/adrianaarronte.com.es\/index.php\/wp-json\/wp\/v2\/pages\/2050"}],"wp:attachment":[{"href":"https:\/\/adrianaarronte.com.es\/index.php\/wp-json\/wp\/v2\/media?parent=2714"}],"curies":[{"name":"wp","href":"https:\/\/api.w.org\/{rel}","templated":true}]}}