{"id":2889,"date":"2025-09-27T13:38:15","date_gmt":"2025-09-27T11:38:15","guid":{"rendered":"https:\/\/adrianaarronte.com.es\/?page_id=2889"},"modified":"2025-09-27T13:48:48","modified_gmt":"2025-09-27T11:48:48","slug":"tocado-necrofago-serie-cambio-de-estado","status":"publish","type":"page","link":"https:\/\/adrianaarronte.com.es\/index.php\/obras\/objetos-objects\/tocado-necrofago-serie-cambio-de-estado\/","title":{"rendered":"Tocado necr\u00f3fago. Serie Cambio de estado"},"content":{"rendered":"\n<div class=\"wp-block-columns is-layout-flex wp-container-core-columns-is-layout-9d6595d7 wp-block-columns-is-layout-flex\">\n<div class=\"wp-block-column is-layout-flow wp-block-column-is-layout-flow\">\n<figure class=\"wp-block-gallery has-nested-images columns-default is-cropped wp-block-gallery-1 is-layout-flex wp-block-gallery-is-layout-flex\">\n<figure class=\"wp-block-image size-large\"><img loading=\"lazy\" decoding=\"async\" width=\"1024\" height=\"691\" data-id=\"2890\" src=\"https:\/\/adrianaarronte.com.es\/wp-content\/uploads\/2025\/09\/Cambio-de-estado-2024-1-1024x691.jpg\" alt=\"\" class=\"wp-image-2890\" srcset=\"https:\/\/adrianaarronte.com.es\/wp-content\/uploads\/2025\/09\/Cambio-de-estado-2024-1-1024x691.jpg 1024w, https:\/\/adrianaarronte.com.es\/wp-content\/uploads\/2025\/09\/Cambio-de-estado-2024-1-300x202.jpg 300w, https:\/\/adrianaarronte.com.es\/wp-content\/uploads\/2025\/09\/Cambio-de-estado-2024-1-768x518.jpg 768w, https:\/\/adrianaarronte.com.es\/wp-content\/uploads\/2025\/09\/Cambio-de-estado-2024-1-1536x1037.jpg 1536w, https:\/\/adrianaarronte.com.es\/wp-content\/uploads\/2025\/09\/Cambio-de-estado-2024-1-2048x1382.jpg 2048w\" sizes=\"auto, (max-width: 1024px) 100vw, 1024px\" \/><\/figure>\n<\/figure>\n<\/div>\n\n\n\n<div class=\"wp-block-column is-layout-flow wp-block-column-is-layout-flow\">\n<p class=\"has-small-font-size\">TOCADO NECR\u00d3FAGO, SERIE CAMBIO DE ESTADO<br>Metal, resina, silicona.<br>40 x 30 x 30 xm<\/p>\n\n\n\n<p class=\"has-nv-dark-bg-color has-text-color has-link-color has-small-font-size wp-elements-b8fa51a09487f1b04971740f2f6ffc15\">El objeto est\u00e1 compuesto por reproducciones de\u00a0insectos\u00a0cuyo h\u00e1bitat y alimento es la carro\u00f1a. La dualidad del t\u00e9rmino \u00abestado\u00bb usado tanto en pol\u00edtica como en ciencia, apoya la doble naturaleza de esta pieza.\u00a0\u00a0<br><br>Cambio\u00a0de\u00a0estado\u00a0reflexiona sobre el car\u00e1cter transitivo de la materia y el esp\u00edritu, la transmutaci\u00f3n del cuerpo y el pensamiento. Hace referencia al proceso de corrupci\u00f3n y regeneraci\u00f3n, cuestiona conceptos como la permanencia y el poder.<br><\/p>\n\n\n\n<p class=\"has-nv-c-1-color has-text-color has-link-color has-small-font-size wp-elements-b0416eae49e74b454f0a77622fb22521\">The object is composed of reproductions of insects whose habitat and food are carrion. The duality of the term \u00abstate,\u00bb used in both politics and science, supports the dual nature of this piece.<br><br>Change of State reflects on the transitive nature of matter and spirit, the transmutation of body and thought. It refers to the process of corruption and regeneration, questioning concepts such as permanence and power.<\/p>\n\n\n\n<p class=\"has-small-font-size\"><\/p>\n<\/div>\n<\/div>\n","protected":false},"excerpt":{"rendered":"<p>TOCADO NECR\u00d3FAGO, SERIE CAMBIO DE ESTADOMetal, resina, silicona.40 x 30 x 30 xm El objeto est\u00e1 compuesto por reproducciones de\u00a0insectos\u00a0cuyo h\u00e1bitat y alimento es la carro\u00f1a. La dualidad del t\u00e9rmino \u00abestado\u00bb usado tanto en pol\u00edtica como en ciencia, apoya la doble naturaleza de esta pieza.\u00a0\u00a0 Cambio\u00a0de\u00a0estado\u00a0reflexiona sobre el car\u00e1cter transitivo de la materia y el&hellip;&nbsp;<a href=\"https:\/\/adrianaarronte.com.es\/index.php\/obras\/objetos-objects\/tocado-necrofago-serie-cambio-de-estado\/\" rel=\"bookmark\"><span class=\"screen-reader-text\">Tocado necr\u00f3fago. Serie Cambio de estado<\/span><\/a><\/p>\n","protected":false},"author":1,"featured_media":0,"parent":125,"menu_order":0,"comment_status":"closed","ping_status":"closed","template":"","meta":{"neve_meta_sidebar":"","neve_meta_container":"","neve_meta_enable_content_width":"","neve_meta_content_width":0,"neve_meta_title_alignment":"","neve_meta_author_avatar":"","neve_post_elements_order":"","neve_meta_disable_header":"","neve_meta_disable_footer":"on","neve_meta_disable_title":"on","footnotes":""},"class_list":["post-2889","page","type-page","status-publish","hentry"],"yoast_head":"<!-- This site is optimized with the Yoast SEO plugin v21.6 - https:\/\/yoast.com\/wordpress\/plugins\/seo\/ -->\n<title>Tocado necr\u00f3fago. Serie Cambio de estado - ADRIANA ARRONTE<\/title>\n<meta name=\"robots\" content=\"index, follow, max-snippet:-1, max-image-preview:large, max-video-preview:-1\" \/>\n<link rel=\"canonical\" href=\"https:\/\/adrianaarronte.com.es\/index.php\/obras\/objetos-objects\/tocado-necrofago-serie-cambio-de-estado\/\" \/>\n<meta property=\"og:locale\" content=\"es_ES\" \/>\n<meta property=\"og:type\" content=\"article\" \/>\n<meta property=\"og:title\" content=\"Tocado necr\u00f3fago. Serie Cambio de estado - ADRIANA ARRONTE\" \/>\n<meta property=\"og:description\" content=\"TOCADO NECR\u00d3FAGO, SERIE CAMBIO DE ESTADOMetal, resina, silicona.40 x 30 x 30 xm El objeto est\u00e1 compuesto por reproducciones de\u00a0insectos\u00a0cuyo h\u00e1bitat y alimento es la carro\u00f1a. La dualidad del t\u00e9rmino \u00abestado\u00bb usado tanto en pol\u00edtica como en ciencia, apoya la doble naturaleza de esta pieza.\u00a0\u00a0 Cambio\u00a0de\u00a0estado\u00a0reflexiona sobre el car\u00e1cter transitivo de la materia y el&hellip;&nbsp;Tocado necr\u00f3fago. Serie Cambio de estado\" \/>\n<meta property=\"og:url\" content=\"https:\/\/adrianaarronte.com.es\/index.php\/obras\/objetos-objects\/tocado-necrofago-serie-cambio-de-estado\/\" \/>\n<meta property=\"og:site_name\" content=\"ADRIANA ARRONTE\" \/>\n<meta property=\"article:modified_time\" content=\"2025-09-27T11:48:48+00:00\" \/>\n<meta property=\"og:image\" content=\"https:\/\/adrianaarronte.com.es\/wp-content\/uploads\/2025\/09\/Cambio-de-estado-2024-1-1024x691.jpg\" \/>\n<meta name=\"twitter:card\" content=\"summary_large_image\" \/>\n<meta name=\"twitter:label1\" content=\"Tiempo de lectura\" \/>\n\t<meta name=\"twitter:data1\" content=\"1 minuto\" \/>\n<script type=\"application\/ld+json\" class=\"yoast-schema-graph\">{\"@context\":\"https:\/\/schema.org\",\"@graph\":[{\"@type\":\"WebPage\",\"@id\":\"https:\/\/adrianaarronte.com.es\/index.php\/obras\/objetos-objects\/tocado-necrofago-serie-cambio-de-estado\/\",\"url\":\"https:\/\/adrianaarronte.com.es\/index.php\/obras\/objetos-objects\/tocado-necrofago-serie-cambio-de-estado\/\",\"name\":\"Tocado necr\u00f3fago. Serie Cambio de estado - ADRIANA ARRONTE\",\"isPartOf\":{\"@id\":\"https:\/\/adrianaarronte.com.es\/#website\"},\"datePublished\":\"2025-09-27T11:38:15+00:00\",\"dateModified\":\"2025-09-27T11:48:48+00:00\",\"breadcrumb\":{\"@id\":\"https:\/\/adrianaarronte.com.es\/index.php\/obras\/objetos-objects\/tocado-necrofago-serie-cambio-de-estado\/#breadcrumb\"},\"inLanguage\":\"es\",\"potentialAction\":[{\"@type\":\"ReadAction\",\"target\":[\"https:\/\/adrianaarronte.com.es\/index.php\/obras\/objetos-objects\/tocado-necrofago-serie-cambio-de-estado\/\"]}]},{\"@type\":\"BreadcrumbList\",\"@id\":\"https:\/\/adrianaarronte.com.es\/index.php\/obras\/objetos-objects\/tocado-necrofago-serie-cambio-de-estado\/#breadcrumb\",\"itemListElement\":[{\"@type\":\"ListItem\",\"position\":1,\"name\":\"Home\",\"item\":\"https:\/\/adrianaarronte.com.es\/\"},{\"@type\":\"ListItem\",\"position\":2,\"name\":\"OBRAS\",\"item\":\"https:\/\/adrianaarronte.com.es\/index.php\/obras\/\"},{\"@type\":\"ListItem\",\"position\":3,\"name\":\"Objetos\",\"item\":\"https:\/\/adrianaarronte.com.es\/index.php\/obras\/objetos-objects\/\"},{\"@type\":\"ListItem\",\"position\":4,\"name\":\"Tocado necr\u00f3fago. Serie Cambio de estado\"}]},{\"@type\":\"WebSite\",\"@id\":\"https:\/\/adrianaarronte.com.es\/#website\",\"url\":\"https:\/\/adrianaarronte.com.es\/\",\"name\":\"ADRIANA ARRONTE\",\"description\":\"\",\"potentialAction\":[{\"@type\":\"SearchAction\",\"target\":{\"@type\":\"EntryPoint\",\"urlTemplate\":\"https:\/\/adrianaarronte.com.es\/?s={search_term_string}\"},\"query-input\":\"required name=search_term_string\"}],\"inLanguage\":\"es\"}]}<\/script>\n<!-- \/ Yoast SEO plugin. -->","yoast_head_json":{"title":"Tocado necr\u00f3fago. Serie Cambio de estado - ADRIANA ARRONTE","robots":{"index":"index","follow":"follow","max-snippet":"max-snippet:-1","max-image-preview":"max-image-preview:large","max-video-preview":"max-video-preview:-1"},"canonical":"https:\/\/adrianaarronte.com.es\/index.php\/obras\/objetos-objects\/tocado-necrofago-serie-cambio-de-estado\/","og_locale":"es_ES","og_type":"article","og_title":"Tocado necr\u00f3fago. Serie Cambio de estado - ADRIANA ARRONTE","og_description":"TOCADO NECR\u00d3FAGO, SERIE CAMBIO DE ESTADOMetal, resina, silicona.40 x 30 x 30 xm El objeto est\u00e1 compuesto por reproducciones de\u00a0insectos\u00a0cuyo h\u00e1bitat y alimento es la carro\u00f1a. La dualidad del t\u00e9rmino \u00abestado\u00bb usado tanto en pol\u00edtica como en ciencia, apoya la doble naturaleza de esta pieza.\u00a0\u00a0 Cambio\u00a0de\u00a0estado\u00a0reflexiona sobre el car\u00e1cter transitivo de la materia y el&hellip;&nbsp;Tocado necr\u00f3fago. Serie Cambio de estado","og_url":"https:\/\/adrianaarronte.com.es\/index.php\/obras\/objetos-objects\/tocado-necrofago-serie-cambio-de-estado\/","og_site_name":"ADRIANA ARRONTE","article_modified_time":"2025-09-27T11:48:48+00:00","og_image":[{"url":"https:\/\/adrianaarronte.com.es\/wp-content\/uploads\/2025\/09\/Cambio-de-estado-2024-1-1024x691.jpg"}],"twitter_card":"summary_large_image","twitter_misc":{"Tiempo de lectura":"1 minuto"},"schema":{"@context":"https:\/\/schema.org","@graph":[{"@type":"WebPage","@id":"https:\/\/adrianaarronte.com.es\/index.php\/obras\/objetos-objects\/tocado-necrofago-serie-cambio-de-estado\/","url":"https:\/\/adrianaarronte.com.es\/index.php\/obras\/objetos-objects\/tocado-necrofago-serie-cambio-de-estado\/","name":"Tocado necr\u00f3fago. Serie Cambio de estado - ADRIANA ARRONTE","isPartOf":{"@id":"https:\/\/adrianaarronte.com.es\/#website"},"datePublished":"2025-09-27T11:38:15+00:00","dateModified":"2025-09-27T11:48:48+00:00","breadcrumb":{"@id":"https:\/\/adrianaarronte.com.es\/index.php\/obras\/objetos-objects\/tocado-necrofago-serie-cambio-de-estado\/#breadcrumb"},"inLanguage":"es","potentialAction":[{"@type":"ReadAction","target":["https:\/\/adrianaarronte.com.es\/index.php\/obras\/objetos-objects\/tocado-necrofago-serie-cambio-de-estado\/"]}]},{"@type":"BreadcrumbList","@id":"https:\/\/adrianaarronte.com.es\/index.php\/obras\/objetos-objects\/tocado-necrofago-serie-cambio-de-estado\/#breadcrumb","itemListElement":[{"@type":"ListItem","position":1,"name":"Home","item":"https:\/\/adrianaarronte.com.es\/"},{"@type":"ListItem","position":2,"name":"OBRAS","item":"https:\/\/adrianaarronte.com.es\/index.php\/obras\/"},{"@type":"ListItem","position":3,"name":"Objetos","item":"https:\/\/adrianaarronte.com.es\/index.php\/obras\/objetos-objects\/"},{"@type":"ListItem","position":4,"name":"Tocado necr\u00f3fago. Serie Cambio de estado"}]},{"@type":"WebSite","@id":"https:\/\/adrianaarronte.com.es\/#website","url":"https:\/\/adrianaarronte.com.es\/","name":"ADRIANA ARRONTE","description":"","potentialAction":[{"@type":"SearchAction","target":{"@type":"EntryPoint","urlTemplate":"https:\/\/adrianaarronte.com.es\/?s={search_term_string}"},"query-input":"required name=search_term_string"}],"inLanguage":"es"}]}},"_links":{"self":[{"href":"https:\/\/adrianaarronte.com.es\/index.php\/wp-json\/wp\/v2\/pages\/2889","targetHints":{"allow":["GET"]}}],"collection":[{"href":"https:\/\/adrianaarronte.com.es\/index.php\/wp-json\/wp\/v2\/pages"}],"about":[{"href":"https:\/\/adrianaarronte.com.es\/index.php\/wp-json\/wp\/v2\/types\/page"}],"author":[{"embeddable":true,"href":"https:\/\/adrianaarronte.com.es\/index.php\/wp-json\/wp\/v2\/users\/1"}],"replies":[{"embeddable":true,"href":"https:\/\/adrianaarronte.com.es\/index.php\/wp-json\/wp\/v2\/comments?post=2889"}],"version-history":[{"count":2,"href":"https:\/\/adrianaarronte.com.es\/index.php\/wp-json\/wp\/v2\/pages\/2889\/revisions"}],"predecessor-version":[{"id":2893,"href":"https:\/\/adrianaarronte.com.es\/index.php\/wp-json\/wp\/v2\/pages\/2889\/revisions\/2893"}],"up":[{"embeddable":true,"href":"https:\/\/adrianaarronte.com.es\/index.php\/wp-json\/wp\/v2\/pages\/125"}],"wp:attachment":[{"href":"https:\/\/adrianaarronte.com.es\/index.php\/wp-json\/wp\/v2\/media?parent=2889"}],"curies":[{"name":"wp","href":"https:\/\/api.w.org\/{rel}","templated":true}]}}