{"id":2895,"date":"2025-09-28T13:38:37","date_gmt":"2025-09-28T11:38:37","guid":{"rendered":"https:\/\/adrianaarronte.com.es\/?page_id=2895"},"modified":"2025-09-28T14:32:22","modified_gmt":"2025-09-28T12:32:22","slug":"futuro-luminoso-3","status":"publish","type":"page","link":"https:\/\/adrianaarronte.com.es\/index.php\/futuro-luminoso-3\/","title":{"rendered":"Futuro luminoso"},"content":{"rendered":"\n<div class=\"wp-block-columns is-layout-flex wp-container-core-columns-is-layout-9d6595d7 wp-block-columns-is-layout-flex\">\n<div class=\"wp-block-column is-layout-flow wp-block-column-is-layout-flow\">\n<figure class=\"wp-block-gallery has-nested-images columns-default is-cropped wp-block-gallery-1 is-layout-flex wp-block-gallery-is-layout-flex\">\n<figure class=\"wp-block-image size-large\"><a href=\"https:\/\/adrianaarronte.com.es\/wp-content\/uploads\/2025\/09\/futuro-luminoso-01-1.jpg\"><img loading=\"lazy\" decoding=\"async\" width=\"768\" height=\"1024\" data-id=\"2905\" src=\"https:\/\/adrianaarronte.com.es\/wp-content\/uploads\/2025\/09\/futuro-luminoso-01-1-768x1024.jpg\" alt=\"\" class=\"wp-image-2905\" srcset=\"https:\/\/adrianaarronte.com.es\/wp-content\/uploads\/2025\/09\/futuro-luminoso-01-1-768x1024.jpg 768w, https:\/\/adrianaarronte.com.es\/wp-content\/uploads\/2025\/09\/futuro-luminoso-01-1-225x300.jpg 225w, https:\/\/adrianaarronte.com.es\/wp-content\/uploads\/2025\/09\/futuro-luminoso-01-1-1152x1536.jpg 1152w, https:\/\/adrianaarronte.com.es\/wp-content\/uploads\/2025\/09\/futuro-luminoso-01-1.jpg 1200w\" sizes=\"auto, (max-width: 768px) 100vw, 768px\" \/><\/a><\/figure>\n<\/figure>\n<\/div>\n\n\n\n<div class=\"wp-block-column is-layout-flow wp-block-column-is-layout-flow\">\n<p class=\"has-small-font-size\">FUTURO LUMINOSO | BRIGHT FUTURE<br>2024<br>Componentes de l\u00e1mpara, accesorios m\u00e9dicos, bombillas, cristal, resina y metal |<br>Glass, resin, methacrylate, metal, Bulbs, lamp components and medical accessories.<br><br>La dictadura del pensador ut\u00f3pico.<br>La utop\u00eda como rapto del futuro.<br>La referencia al \u201cfuturo luminoso\u201d es recurrente en m\u00faltiples utop\u00edas. En esta pieza medito sobre la luz, en su car\u00e1cter simb\u00f3lico (gu\u00eda, verdad, conciencia plena) y\u00a0las distop\u00edas en doctrinas o sistemas que se yerguen como razones absolutas.\u00a0<\/p>\n\n\n\n<p class=\"has-nv-c-1-color has-text-color has-link-color has-small-font-size wp-elements-798483ca451c7d86d218a97afe71effa\">The dictatorship of the utopian thinker.<br>Utopia as the abduction of the future.<br>The reference to the \u00abbright future\u00bb recurs in many utopias. In this piece, I meditate on light, in its symbolic character (guidance, truth, mindfulness). And I meditate on dystopias in doctrines or systems that stand as absolute reasons.<\/p>\n<\/div>\n<\/div>\n\n\n\n<div class=\"wp-block-columns is-layout-flex wp-container-core-columns-is-layout-9d6595d7 wp-block-columns-is-layout-flex\">\n<div class=\"wp-block-column is-layout-flow wp-block-column-is-layout-flow\">\n<div class=\"wp-block-columns is-layout-flex wp-container-core-columns-is-layout-9d6595d7 wp-block-columns-is-layout-flex\">\n<div class=\"wp-block-column is-layout-flow wp-block-column-is-layout-flow\">\n<figure class=\"wp-block-gallery has-nested-images columns-default is-cropped wp-block-gallery-2 is-layout-flex wp-block-gallery-is-layout-flex\">\n<figure class=\"wp-block-image size-large\"><a href=\"https:\/\/adrianaarronte.com.es\/wp-content\/uploads\/2025\/09\/futuro-luminoso-07.jpg\"><img loading=\"lazy\" decoding=\"async\" width=\"682\" height=\"1024\" data-id=\"2904\" src=\"https:\/\/adrianaarronte.com.es\/wp-content\/uploads\/2025\/09\/futuro-luminoso-07-682x1024.jpg\" alt=\"\" class=\"wp-image-2904\" srcset=\"https:\/\/adrianaarronte.com.es\/wp-content\/uploads\/2025\/09\/futuro-luminoso-07-682x1024.jpg 682w, https:\/\/adrianaarronte.com.es\/wp-content\/uploads\/2025\/09\/futuro-luminoso-07-200x300.jpg 200w, https:\/\/adrianaarronte.com.es\/wp-content\/uploads\/2025\/09\/futuro-luminoso-07-768x1152.jpg 768w, https:\/\/adrianaarronte.com.es\/wp-content\/uploads\/2025\/09\/futuro-luminoso-07-1024x1536.jpg 1024w, https:\/\/adrianaarronte.com.es\/wp-content\/uploads\/2025\/09\/futuro-luminoso-07.jpg 1333w\" sizes=\"auto, (max-width: 682px) 100vw, 682px\" \/><\/a><\/figure>\n<\/figure>\n<\/div>\n\n\n\n<div class=\"wp-block-column is-layout-flow wp-block-column-is-layout-flow\">\n<figure class=\"wp-block-gallery has-nested-images columns-default is-cropped wp-block-gallery-3 is-layout-flex wp-block-gallery-is-layout-flex\">\n<figure class=\"wp-block-image size-large\"><a href=\"https:\/\/adrianaarronte.com.es\/wp-content\/uploads\/2025\/09\/Futuro-luminoso-detalle-01.jpg\"><img loading=\"lazy\" decoding=\"async\" width=\"682\" height=\"1024\" data-id=\"2906\" src=\"https:\/\/adrianaarronte.com.es\/wp-content\/uploads\/2025\/09\/Futuro-luminoso-detalle-01-682x1024.jpg\" alt=\"\" class=\"wp-image-2906\" srcset=\"https:\/\/adrianaarronte.com.es\/wp-content\/uploads\/2025\/09\/Futuro-luminoso-detalle-01-682x1024.jpg 682w, https:\/\/adrianaarronte.com.es\/wp-content\/uploads\/2025\/09\/Futuro-luminoso-detalle-01-200x300.jpg 200w, https:\/\/adrianaarronte.com.es\/wp-content\/uploads\/2025\/09\/Futuro-luminoso-detalle-01-768x1152.jpg 768w, https:\/\/adrianaarronte.com.es\/wp-content\/uploads\/2025\/09\/Futuro-luminoso-detalle-01-1024x1536.jpg 1024w, https:\/\/adrianaarronte.com.es\/wp-content\/uploads\/2025\/09\/Futuro-luminoso-detalle-01.jpg 1333w\" sizes=\"auto, (max-width: 682px) 100vw, 682px\" \/><\/a><\/figure>\n<\/figure>\n<\/div>\n<\/div>\n<\/div>\n\n\n\n<div class=\"wp-block-column is-layout-flow wp-block-column-is-layout-flow\">\n<div class=\"wp-block-columns is-layout-flex wp-container-core-columns-is-layout-9d6595d7 wp-block-columns-is-layout-flex\">\n<div class=\"wp-block-column is-layout-flow wp-block-column-is-layout-flow\">\n<figure class=\"wp-block-gallery has-nested-images columns-default is-cropped wp-block-gallery-4 is-layout-flex wp-block-gallery-is-layout-flex\">\n<figure class=\"wp-block-image size-large\"><a href=\"https:\/\/adrianaarronte.com.es\/wp-content\/uploads\/2025\/09\/Futuro-luminoso-2024-1.jpg\"><img loading=\"lazy\" decoding=\"async\" width=\"683\" height=\"1024\" data-id=\"2900\" src=\"https:\/\/adrianaarronte.com.es\/wp-content\/uploads\/2025\/09\/Futuro-luminoso-2024-1-683x1024.jpg\" alt=\"\" class=\"wp-image-2900\" srcset=\"https:\/\/adrianaarronte.com.es\/wp-content\/uploads\/2025\/09\/Futuro-luminoso-2024-1-683x1024.jpg 683w, https:\/\/adrianaarronte.com.es\/wp-content\/uploads\/2025\/09\/Futuro-luminoso-2024-1-200x300.jpg 200w, https:\/\/adrianaarronte.com.es\/wp-content\/uploads\/2025\/09\/Futuro-luminoso-2024-1.jpg 700w\" sizes=\"auto, (max-width: 683px) 100vw, 683px\" \/><\/a><\/figure>\n<\/figure>\n<\/div>\n\n\n\n<div class=\"wp-block-column is-layout-flow wp-block-column-is-layout-flow\">\n<figure class=\"wp-block-gallery has-nested-images columns-default is-cropped wp-block-gallery-5 is-layout-flex wp-block-gallery-is-layout-flex\">\n<figure class=\"wp-block-image size-large\"><a href=\"https:\/\/adrianaarronte.com.es\/wp-content\/uploads\/2025\/09\/Futuro-luminoso-detalle-03.jpg\"><img loading=\"lazy\" decoding=\"async\" width=\"682\" height=\"1024\" data-id=\"2908\" src=\"https:\/\/adrianaarronte.com.es\/wp-content\/uploads\/2025\/09\/Futuro-luminoso-detalle-03-682x1024.jpg\" alt=\"\" class=\"wp-image-2908\" srcset=\"https:\/\/adrianaarronte.com.es\/wp-content\/uploads\/2025\/09\/Futuro-luminoso-detalle-03-682x1024.jpg 682w, https:\/\/adrianaarronte.com.es\/wp-content\/uploads\/2025\/09\/Futuro-luminoso-detalle-03-200x300.jpg 200w, https:\/\/adrianaarronte.com.es\/wp-content\/uploads\/2025\/09\/Futuro-luminoso-detalle-03-768x1152.jpg 768w, https:\/\/adrianaarronte.com.es\/wp-content\/uploads\/2025\/09\/Futuro-luminoso-detalle-03-1024x1536.jpg 1024w, https:\/\/adrianaarronte.com.es\/wp-content\/uploads\/2025\/09\/Futuro-luminoso-detalle-03.jpg 1333w\" sizes=\"auto, (max-width: 682px) 100vw, 682px\" \/><\/a><\/figure>\n<\/figure>\n<\/div>\n<\/div>\n<\/div>\n<\/div>\n","protected":false},"excerpt":{"rendered":"<p>FUTURO LUMINOSO | BRIGHT FUTURE2024Componentes de l\u00e1mpara, accesorios m\u00e9dicos, bombillas, cristal, resina y metal |Glass, resin, methacrylate, metal, Bulbs, lamp components and medical accessories. La dictadura del pensador ut\u00f3pico.La utop\u00eda como rapto del futuro.La referencia al \u201cfuturo luminoso\u201d es recurrente en m\u00faltiples utop\u00edas. En esta pieza medito sobre la luz, en su car\u00e1cter simb\u00f3lico (gu\u00eda,&hellip;&nbsp;<a href=\"https:\/\/adrianaarronte.com.es\/index.php\/futuro-luminoso-3\/\" rel=\"bookmark\"><span class=\"screen-reader-text\">Futuro luminoso<\/span><\/a><\/p>\n","protected":false},"author":1,"featured_media":0,"parent":0,"menu_order":0,"comment_status":"closed","ping_status":"closed","template":"","meta":{"neve_meta_sidebar":"","neve_meta_container":"","neve_meta_enable_content_width":"","neve_meta_content_width":0,"neve_meta_title_alignment":"","neve_meta_author_avatar":"","neve_post_elements_order":"","neve_meta_disable_header":"","neve_meta_disable_footer":"on","neve_meta_disable_title":"on","footnotes":""},"class_list":["post-2895","page","type-page","status-publish","hentry"],"yoast_head":"<!-- This site is optimized with the Yoast SEO plugin v21.6 - https:\/\/yoast.com\/wordpress\/plugins\/seo\/ -->\n<title>Futuro luminoso - ADRIANA ARRONTE<\/title>\n<meta name=\"robots\" content=\"index, follow, max-snippet:-1, max-image-preview:large, max-video-preview:-1\" \/>\n<link rel=\"canonical\" href=\"https:\/\/adrianaarronte.com.es\/index.php\/futuro-luminoso-3\/\" \/>\n<meta property=\"og:locale\" content=\"es_ES\" \/>\n<meta property=\"og:type\" content=\"article\" \/>\n<meta property=\"og:title\" content=\"Futuro luminoso - ADRIANA ARRONTE\" \/>\n<meta property=\"og:description\" content=\"FUTURO LUMINOSO | BRIGHT FUTURE2024Componentes de l\u00e1mpara, accesorios m\u00e9dicos, bombillas, cristal, resina y metal |Glass, resin, methacrylate, metal, Bulbs, lamp components and medical accessories. La dictadura del pensador ut\u00f3pico.La utop\u00eda como rapto del futuro.La referencia al \u201cfuturo luminoso\u201d es recurrente en m\u00faltiples utop\u00edas. En esta pieza medito sobre la luz, en su car\u00e1cter simb\u00f3lico (gu\u00eda,&hellip;&nbsp;Futuro luminoso\" \/>\n<meta property=\"og:url\" content=\"https:\/\/adrianaarronte.com.es\/index.php\/futuro-luminoso-3\/\" \/>\n<meta property=\"og:site_name\" content=\"ADRIANA ARRONTE\" \/>\n<meta property=\"article:modified_time\" content=\"2025-09-28T12:32:22+00:00\" \/>\n<meta property=\"og:image\" content=\"https:\/\/adrianaarronte.com.es\/wp-content\/uploads\/2025\/09\/futuro-luminoso-01-1-768x1024.jpg\" \/>\n<meta name=\"twitter:card\" content=\"summary_large_image\" \/>\n<meta name=\"twitter:label1\" content=\"Tiempo de lectura\" \/>\n\t<meta name=\"twitter:data1\" content=\"1 minuto\" \/>\n<script type=\"application\/ld+json\" class=\"yoast-schema-graph\">{\"@context\":\"https:\/\/schema.org\",\"@graph\":[{\"@type\":\"WebPage\",\"@id\":\"https:\/\/adrianaarronte.com.es\/index.php\/futuro-luminoso-3\/\",\"url\":\"https:\/\/adrianaarronte.com.es\/index.php\/futuro-luminoso-3\/\",\"name\":\"Futuro luminoso - ADRIANA ARRONTE\",\"isPartOf\":{\"@id\":\"https:\/\/adrianaarronte.com.es\/#website\"},\"datePublished\":\"2025-09-28T11:38:37+00:00\",\"dateModified\":\"2025-09-28T12:32:22+00:00\",\"breadcrumb\":{\"@id\":\"https:\/\/adrianaarronte.com.es\/index.php\/futuro-luminoso-3\/#breadcrumb\"},\"inLanguage\":\"es\",\"potentialAction\":[{\"@type\":\"ReadAction\",\"target\":[\"https:\/\/adrianaarronte.com.es\/index.php\/futuro-luminoso-3\/\"]}]},{\"@type\":\"BreadcrumbList\",\"@id\":\"https:\/\/adrianaarronte.com.es\/index.php\/futuro-luminoso-3\/#breadcrumb\",\"itemListElement\":[{\"@type\":\"ListItem\",\"position\":1,\"name\":\"Home\",\"item\":\"https:\/\/adrianaarronte.com.es\/\"},{\"@type\":\"ListItem\",\"position\":2,\"name\":\"Futuro luminoso\"}]},{\"@type\":\"WebSite\",\"@id\":\"https:\/\/adrianaarronte.com.es\/#website\",\"url\":\"https:\/\/adrianaarronte.com.es\/\",\"name\":\"ADRIANA ARRONTE\",\"description\":\"\",\"potentialAction\":[{\"@type\":\"SearchAction\",\"target\":{\"@type\":\"EntryPoint\",\"urlTemplate\":\"https:\/\/adrianaarronte.com.es\/?s={search_term_string}\"},\"query-input\":\"required name=search_term_string\"}],\"inLanguage\":\"es\"}]}<\/script>\n<!-- \/ Yoast SEO plugin. -->","yoast_head_json":{"title":"Futuro luminoso - ADRIANA ARRONTE","robots":{"index":"index","follow":"follow","max-snippet":"max-snippet:-1","max-image-preview":"max-image-preview:large","max-video-preview":"max-video-preview:-1"},"canonical":"https:\/\/adrianaarronte.com.es\/index.php\/futuro-luminoso-3\/","og_locale":"es_ES","og_type":"article","og_title":"Futuro luminoso - ADRIANA ARRONTE","og_description":"FUTURO LUMINOSO | BRIGHT FUTURE2024Componentes de l\u00e1mpara, accesorios m\u00e9dicos, bombillas, cristal, resina y metal |Glass, resin, methacrylate, metal, Bulbs, lamp components and medical accessories. La dictadura del pensador ut\u00f3pico.La utop\u00eda como rapto del futuro.La referencia al \u201cfuturo luminoso\u201d es recurrente en m\u00faltiples utop\u00edas. En esta pieza medito sobre la luz, en su car\u00e1cter simb\u00f3lico (gu\u00eda,&hellip;&nbsp;Futuro luminoso","og_url":"https:\/\/adrianaarronte.com.es\/index.php\/futuro-luminoso-3\/","og_site_name":"ADRIANA ARRONTE","article_modified_time":"2025-09-28T12:32:22+00:00","og_image":[{"url":"https:\/\/adrianaarronte.com.es\/wp-content\/uploads\/2025\/09\/futuro-luminoso-01-1-768x1024.jpg"}],"twitter_card":"summary_large_image","twitter_misc":{"Tiempo de lectura":"1 minuto"},"schema":{"@context":"https:\/\/schema.org","@graph":[{"@type":"WebPage","@id":"https:\/\/adrianaarronte.com.es\/index.php\/futuro-luminoso-3\/","url":"https:\/\/adrianaarronte.com.es\/index.php\/futuro-luminoso-3\/","name":"Futuro luminoso - ADRIANA ARRONTE","isPartOf":{"@id":"https:\/\/adrianaarronte.com.es\/#website"},"datePublished":"2025-09-28T11:38:37+00:00","dateModified":"2025-09-28T12:32:22+00:00","breadcrumb":{"@id":"https:\/\/adrianaarronte.com.es\/index.php\/futuro-luminoso-3\/#breadcrumb"},"inLanguage":"es","potentialAction":[{"@type":"ReadAction","target":["https:\/\/adrianaarronte.com.es\/index.php\/futuro-luminoso-3\/"]}]},{"@type":"BreadcrumbList","@id":"https:\/\/adrianaarronte.com.es\/index.php\/futuro-luminoso-3\/#breadcrumb","itemListElement":[{"@type":"ListItem","position":1,"name":"Home","item":"https:\/\/adrianaarronte.com.es\/"},{"@type":"ListItem","position":2,"name":"Futuro luminoso"}]},{"@type":"WebSite","@id":"https:\/\/adrianaarronte.com.es\/#website","url":"https:\/\/adrianaarronte.com.es\/","name":"ADRIANA ARRONTE","description":"","potentialAction":[{"@type":"SearchAction","target":{"@type":"EntryPoint","urlTemplate":"https:\/\/adrianaarronte.com.es\/?s={search_term_string}"},"query-input":"required name=search_term_string"}],"inLanguage":"es"}]}},"_links":{"self":[{"href":"https:\/\/adrianaarronte.com.es\/index.php\/wp-json\/wp\/v2\/pages\/2895","targetHints":{"allow":["GET"]}}],"collection":[{"href":"https:\/\/adrianaarronte.com.es\/index.php\/wp-json\/wp\/v2\/pages"}],"about":[{"href":"https:\/\/adrianaarronte.com.es\/index.php\/wp-json\/wp\/v2\/types\/page"}],"author":[{"embeddable":true,"href":"https:\/\/adrianaarronte.com.es\/index.php\/wp-json\/wp\/v2\/users\/1"}],"replies":[{"embeddable":true,"href":"https:\/\/adrianaarronte.com.es\/index.php\/wp-json\/wp\/v2\/comments?post=2895"}],"version-history":[{"count":5,"href":"https:\/\/adrianaarronte.com.es\/index.php\/wp-json\/wp\/v2\/pages\/2895\/revisions"}],"predecessor-version":[{"id":2910,"href":"https:\/\/adrianaarronte.com.es\/index.php\/wp-json\/wp\/v2\/pages\/2895\/revisions\/2910"}],"wp:attachment":[{"href":"https:\/\/adrianaarronte.com.es\/index.php\/wp-json\/wp\/v2\/media?parent=2895"}],"curies":[{"name":"wp","href":"https:\/\/api.w.org\/{rel}","templated":true}]}}