{"id":332,"date":"2023-09-03T14:43:19","date_gmt":"2023-09-03T17:43:19","guid":{"rendered":"https:\/\/adrianaarronte.com.es\/?page_id=332"},"modified":"2025-07-14T15:17:36","modified_gmt":"2025-07-14T13:17:36","slug":"los-estados-debiles","status":"publish","type":"page","link":"https:\/\/adrianaarronte.com.es\/index.php\/obras\/instalaciones\/los-estados-debiles\/","title":{"rendered":"Los estados d\u00e9biles"},"content":{"rendered":"\n<p class=\"has-ast-global-color-8-color has-text-color has-link-color has-small-font-size wp-elements-7e98bb49aceecdf987b1e2a5e54fa546\">Instalaciones | Installation art<\/p>\n\n\n\n<div class=\"wp-block-columns is-layout-flex wp-container-core-columns-is-layout-9d6595d7 wp-block-columns-is-layout-flex\">\n<div class=\"wp-block-column is-layout-flow wp-block-column-is-layout-flow\">\n<p class=\"has-small-font-size\"><strong>LOS ESTADOS D\u00c9BILES | WEAK STATES<\/strong><br>2019<br>Intervenci\u00f3n en mosquiteros | intervention in mosquito net<br>Dimensiones variables | variable dimensions<\/p>\n\n\n\n<p class=\"has-small-font-size\">La instalaci\u00f3n Los estados d\u00e9biles, deriv\u00f3 de una experiencia personal, en una sala hospitalaria destinada a enfermedades aero bacteriol\u00f3gicas. Luego hubo otras asociaciones, los cortinados teatrales, salones de actos sociales y pol\u00edticos. Y fue determinante el texto del fil\u00f3sofo alem\u00e1n Peter Sloterdijk \u201cCritica de la raz\u00f3n c\u00ednica\u201d donde denomina estados d\u00e9biles a aquellos estados pol\u00edticos que se pelean entre s\u00ed por ver en el otro una amenaza, debido a que se reconocen \u00edntimamente errados y enfermos. El ataque ideol\u00f3gico al estado ajeno es un modo de distraer la atenci\u00f3n de sus problemas internos.<\/p>\n\n\n\n<p class=\"has-ast-global-color-8-color has-text-color has-link-color has-small-font-size wp-elements-6d6f92ed068758d9ddfc88505fe514e2\">The installation Weak States derived from a personal experience in a hospital room intended for aerobacteriological diseases. Then there were other associations, theatrical curtains, halls for social and political events. And the text by the German philosopher Peter Sloterdijk \u201cCritique of Cynical Reason\u201d was decisive. Sloterdijk defines weak states as those political states that fight among themselves because they see each other as a threat. This happens because they recognize themselves as intimately mistaken and sick. The ideological attack on the foreign state is a way to distract attention from its internal problems.<\/p>\n<\/div>\n\n\n\n<div class=\"wp-block-column is-layout-flow wp-block-column-is-layout-flow\">\n<p class=\"has-small-font-size\"><\/p>\n\n\n\n<figure class=\"wp-block-gallery has-nested-images columns-default is-cropped wp-block-gallery-1 is-layout-flex wp-block-gallery-is-layout-flex\">\n<figure class=\"wp-block-image size-large\"><a href=\"https:\/\/adrianaarronte.com.es\/index.php\/obras\/instalaciones\/los-estados-debiles\/web-los-estados-1\/\"><img loading=\"lazy\" decoding=\"async\" width=\"1000\" height=\"665\" data-id=\"510\" src=\"https:\/\/adrianaarronte.com.es\/wp-content\/uploads\/2023\/12\/web-los-estados-1.jpg\" alt=\"\" class=\"wp-image-510\" srcset=\"https:\/\/adrianaarronte.com.es\/wp-content\/uploads\/2023\/12\/web-los-estados-1.jpg 1000w, https:\/\/adrianaarronte.com.es\/wp-content\/uploads\/2023\/12\/web-los-estados-1-300x200.jpg 300w, https:\/\/adrianaarronte.com.es\/wp-content\/uploads\/2023\/12\/web-los-estados-1-768x511.jpg 768w\" sizes=\"auto, (max-width: 1000px) 100vw, 1000px\" \/><\/a><\/figure>\n<\/figure>\n<\/div>\n<\/div>\n\n\n\n<div class=\"wp-block-columns is-layout-flex wp-container-core-columns-is-layout-9d6595d7 wp-block-columns-is-layout-flex\">\n<div class=\"wp-block-column is-layout-flow wp-block-column-is-layout-flow\">\n<figure class=\"wp-block-gallery has-nested-images columns-default is-cropped wp-block-gallery-2 is-layout-flex wp-block-gallery-is-layout-flex\">\n<figure class=\"wp-block-image size-large\"><a href=\"https:\/\/adrianaarronte.com.es\/index.php\/obras\/instalaciones\/los-estados-debiles\/los-estados-debiles-01\/\"><img loading=\"lazy\" decoding=\"async\" width=\"900\" height=\"600\" data-id=\"1518\" src=\"https:\/\/adrianaarronte.com.es\/wp-content\/uploads\/2024\/05\/Los-estados-debiles-01.jpg\" alt=\"\" class=\"wp-image-1518\" srcset=\"https:\/\/adrianaarronte.com.es\/wp-content\/uploads\/2024\/05\/Los-estados-debiles-01.jpg 900w, https:\/\/adrianaarronte.com.es\/wp-content\/uploads\/2024\/05\/Los-estados-debiles-01-300x200.jpg 300w, https:\/\/adrianaarronte.com.es\/wp-content\/uploads\/2024\/05\/Los-estados-debiles-01-768x512.jpg 768w\" sizes=\"auto, (max-width: 900px) 100vw, 900px\" \/><\/a><\/figure>\n<\/figure>\n<\/div>\n\n\n\n<div class=\"wp-block-column is-layout-flow wp-block-column-is-layout-flow\">\n<figure class=\"wp-block-gallery has-nested-images columns-default is-cropped wp-block-gallery-3 is-layout-flex wp-block-gallery-is-layout-flex\">\n<figure class=\"wp-block-image size-large\"><a href=\"https:\/\/adrianaarronte.com.es\/index.php\/obras\/instalaciones\/los-estados-debiles\/los-estados-debiles-03\/\"><img loading=\"lazy\" decoding=\"async\" width=\"1024\" height=\"681\" data-id=\"1521\" src=\"https:\/\/adrianaarronte.com.es\/wp-content\/uploads\/2024\/05\/Los-estados-debiles-03-1024x681.jpg\" alt=\"\" class=\"wp-image-1521\" srcset=\"https:\/\/adrianaarronte.com.es\/wp-content\/uploads\/2024\/05\/Los-estados-debiles-03-1024x681.jpg 1024w, https:\/\/adrianaarronte.com.es\/wp-content\/uploads\/2024\/05\/Los-estados-debiles-03-300x199.jpg 300w, https:\/\/adrianaarronte.com.es\/wp-content\/uploads\/2024\/05\/Los-estados-debiles-03-768x511.jpg 768w, https:\/\/adrianaarronte.com.es\/wp-content\/uploads\/2024\/05\/Los-estados-debiles-03.jpg 1229w\" sizes=\"auto, (max-width: 1024px) 100vw, 1024px\" \/><\/a><\/figure>\n<\/figure>\n<\/div>\n\n\n\n<div class=\"wp-block-column is-layout-flow wp-block-column-is-layout-flow\">\n<figure class=\"wp-block-gallery has-nested-images columns-default is-cropped wp-block-gallery-4 is-layout-flex wp-block-gallery-is-layout-flex\">\n<figure class=\"wp-block-image size-large\"><a href=\"https:\/\/adrianaarronte.com.es\/index.php\/obras\/instalaciones\/los-estados-debiles\/los-estados-debiles-02\/\"><img loading=\"lazy\" decoding=\"async\" width=\"1024\" height=\"681\" data-id=\"1522\" src=\"https:\/\/adrianaarronte.com.es\/wp-content\/uploads\/2024\/05\/Los-estados-debiles-02-1024x681.jpg\" alt=\"\" class=\"wp-image-1522\" srcset=\"https:\/\/adrianaarronte.com.es\/wp-content\/uploads\/2024\/05\/Los-estados-debiles-02-1024x681.jpg 1024w, https:\/\/adrianaarronte.com.es\/wp-content\/uploads\/2024\/05\/Los-estados-debiles-02-300x199.jpg 300w, https:\/\/adrianaarronte.com.es\/wp-content\/uploads\/2024\/05\/Los-estados-debiles-02-768x511.jpg 768w, https:\/\/adrianaarronte.com.es\/wp-content\/uploads\/2024\/05\/Los-estados-debiles-02.jpg 1229w\" sizes=\"auto, (max-width: 1024px) 100vw, 1024px\" \/><\/a><\/figure>\n<\/figure>\n<\/div>\n<\/div>\n\n\n\n<div class=\"wp-block-columns is-layout-flex wp-container-core-columns-is-layout-9d6595d7 wp-block-columns-is-layout-flex\">\n<div class=\"wp-block-column is-layout-flow wp-block-column-is-layout-flow\">\n<figure class=\"wp-block-gallery has-nested-images columns-default is-cropped wp-block-gallery-5 is-layout-flex wp-block-gallery-is-layout-flex\">\n<figure class=\"wp-block-image size-large\"><img loading=\"lazy\" decoding=\"async\" width=\"1024\" height=\"957\" data-id=\"1875\" src=\"https:\/\/adrianaarronte.com.es\/wp-content\/uploads\/2024\/08\/Iberoamericana-de-Alcala-1-1024x957.jpg\" alt=\"\" class=\"wp-image-1875\" srcset=\"https:\/\/adrianaarronte.com.es\/wp-content\/uploads\/2024\/08\/Iberoamericana-de-Alcala-1-1024x957.jpg 1024w, https:\/\/adrianaarronte.com.es\/wp-content\/uploads\/2024\/08\/Iberoamericana-de-Alcala-1-300x280.jpg 300w, https:\/\/adrianaarronte.com.es\/wp-content\/uploads\/2024\/08\/Iberoamericana-de-Alcala-1-768x718.jpg 768w, https:\/\/adrianaarronte.com.es\/wp-content\/uploads\/2024\/08\/Iberoamericana-de-Alcala-1-1536x1435.jpg 1536w, https:\/\/adrianaarronte.com.es\/wp-content\/uploads\/2024\/08\/Iberoamericana-de-Alcala-1-2048x1914.jpg 2048w\" sizes=\"auto, (max-width: 1024px) 100vw, 1024px\" \/><figcaption class=\"wp-element-caption\">Iberoamericana de Alcal\u00e1. Bienal de Arte Contempor\u00e1neo, 2023. Colegio San Jos\u00e9 de Caracciolos &#8211; UAH Facultad de Filosof\u00eda y Letras<\/figcaption><\/figure>\n<\/figure>\n<\/div>\n<\/div>\n","protected":false},"excerpt":{"rendered":"<p>Instalaciones | Installation art LOS ESTADOS D\u00c9BILES | WEAK STATES2019Intervenci\u00f3n en mosquiteros | intervention in mosquito netDimensiones variables | variable dimensions La instalaci\u00f3n Los estados d\u00e9biles, deriv\u00f3 de una experiencia personal, en una sala hospitalaria destinada a enfermedades aero bacteriol\u00f3gicas. Luego hubo otras asociaciones, los cortinados teatrales, salones de actos sociales y pol\u00edticos. Y fue&hellip;&nbsp;<a href=\"https:\/\/adrianaarronte.com.es\/index.php\/obras\/instalaciones\/los-estados-debiles\/\" rel=\"bookmark\"><span class=\"screen-reader-text\">Los estados d\u00e9biles<\/span><\/a><\/p>\n","protected":false},"author":1,"featured_media":0,"parent":248,"menu_order":2,"comment_status":"closed","ping_status":"closed","template":"","meta":{"neve_meta_sidebar":"","neve_meta_container":"","neve_meta_enable_content_width":"","neve_meta_content_width":0,"neve_meta_title_alignment":"","neve_meta_author_avatar":"","neve_post_elements_order":"","neve_meta_disable_header":"","neve_meta_disable_footer":"","neve_meta_disable_title":"on","footnotes":""},"class_list":["post-332","page","type-page","status-publish","hentry"],"yoast_head":"<!-- This site is optimized with the Yoast SEO plugin v21.6 - https:\/\/yoast.com\/wordpress\/plugins\/seo\/ -->\n<title>Los estados d\u00e9biles - ADRIANA ARRONTE<\/title>\n<meta name=\"robots\" content=\"index, follow, max-snippet:-1, max-image-preview:large, max-video-preview:-1\" \/>\n<link rel=\"canonical\" href=\"https:\/\/adrianaarronte.com.es\/index.php\/obras\/instalaciones\/los-estados-debiles\/\" \/>\n<meta property=\"og:locale\" content=\"es_ES\" \/>\n<meta property=\"og:type\" content=\"article\" \/>\n<meta property=\"og:title\" content=\"Los estados d\u00e9biles - ADRIANA ARRONTE\" \/>\n<meta property=\"og:description\" content=\"Instalaciones | Installation art LOS ESTADOS D\u00c9BILES | WEAK STATES2019Intervenci\u00f3n en mosquiteros | intervention in mosquito netDimensiones variables | variable dimensions La instalaci\u00f3n Los estados d\u00e9biles, deriv\u00f3 de una experiencia personal, en una sala hospitalaria destinada a enfermedades aero bacteriol\u00f3gicas. Luego hubo otras asociaciones, los cortinados teatrales, salones de actos sociales y pol\u00edticos. Y fue&hellip;&nbsp;Los estados d\u00e9biles\" \/>\n<meta property=\"og:url\" content=\"https:\/\/adrianaarronte.com.es\/index.php\/obras\/instalaciones\/los-estados-debiles\/\" \/>\n<meta property=\"og:site_name\" content=\"ADRIANA ARRONTE\" \/>\n<meta property=\"article:modified_time\" content=\"2025-07-14T13:17:36+00:00\" \/>\n<meta property=\"og:image\" content=\"https:\/\/adrianaarronte.com.es\/wp-content\/uploads\/2023\/12\/web-los-estados-1.jpg\" \/>\n<meta name=\"twitter:card\" content=\"summary_large_image\" \/>\n<meta name=\"twitter:label1\" content=\"Tiempo de lectura\" \/>\n\t<meta name=\"twitter:data1\" content=\"3 minutos\" \/>\n<script type=\"application\/ld+json\" class=\"yoast-schema-graph\">{\"@context\":\"https:\/\/schema.org\",\"@graph\":[{\"@type\":\"WebPage\",\"@id\":\"https:\/\/adrianaarronte.com.es\/index.php\/obras\/instalaciones\/los-estados-debiles\/\",\"url\":\"https:\/\/adrianaarronte.com.es\/index.php\/obras\/instalaciones\/los-estados-debiles\/\",\"name\":\"Los estados d\u00e9biles - ADRIANA ARRONTE\",\"isPartOf\":{\"@id\":\"https:\/\/adrianaarronte.com.es\/#website\"},\"datePublished\":\"2023-09-03T17:43:19+00:00\",\"dateModified\":\"2025-07-14T13:17:36+00:00\",\"breadcrumb\":{\"@id\":\"https:\/\/adrianaarronte.com.es\/index.php\/obras\/instalaciones\/los-estados-debiles\/#breadcrumb\"},\"inLanguage\":\"es\",\"potentialAction\":[{\"@type\":\"ReadAction\",\"target\":[\"https:\/\/adrianaarronte.com.es\/index.php\/obras\/instalaciones\/los-estados-debiles\/\"]}]},{\"@type\":\"BreadcrumbList\",\"@id\":\"https:\/\/adrianaarronte.com.es\/index.php\/obras\/instalaciones\/los-estados-debiles\/#breadcrumb\",\"itemListElement\":[{\"@type\":\"ListItem\",\"position\":1,\"name\":\"Home\",\"item\":\"https:\/\/adrianaarronte.com.es\/\"},{\"@type\":\"ListItem\",\"position\":2,\"name\":\"OBRAS\",\"item\":\"https:\/\/adrianaarronte.com.es\/index.php\/obras\/\"},{\"@type\":\"ListItem\",\"position\":3,\"name\":\"Instalaciones\",\"item\":\"https:\/\/adrianaarronte.com.es\/index.php\/obras\/instalaciones\/\"},{\"@type\":\"ListItem\",\"position\":4,\"name\":\"Los estados d\u00e9biles\"}]},{\"@type\":\"WebSite\",\"@id\":\"https:\/\/adrianaarronte.com.es\/#website\",\"url\":\"https:\/\/adrianaarronte.com.es\/\",\"name\":\"ADRIANA ARRONTE\",\"description\":\"\",\"potentialAction\":[{\"@type\":\"SearchAction\",\"target\":{\"@type\":\"EntryPoint\",\"urlTemplate\":\"https:\/\/adrianaarronte.com.es\/?s={search_term_string}\"},\"query-input\":\"required name=search_term_string\"}],\"inLanguage\":\"es\"}]}<\/script>\n<!-- \/ Yoast SEO plugin. -->","yoast_head_json":{"title":"Los estados d\u00e9biles - ADRIANA ARRONTE","robots":{"index":"index","follow":"follow","max-snippet":"max-snippet:-1","max-image-preview":"max-image-preview:large","max-video-preview":"max-video-preview:-1"},"canonical":"https:\/\/adrianaarronte.com.es\/index.php\/obras\/instalaciones\/los-estados-debiles\/","og_locale":"es_ES","og_type":"article","og_title":"Los estados d\u00e9biles - ADRIANA ARRONTE","og_description":"Instalaciones | Installation art LOS ESTADOS D\u00c9BILES | WEAK STATES2019Intervenci\u00f3n en mosquiteros | intervention in mosquito netDimensiones variables | variable dimensions La instalaci\u00f3n Los estados d\u00e9biles, deriv\u00f3 de una experiencia personal, en una sala hospitalaria destinada a enfermedades aero bacteriol\u00f3gicas. Luego hubo otras asociaciones, los cortinados teatrales, salones de actos sociales y pol\u00edticos. Y fue&hellip;&nbsp;Los estados d\u00e9biles","og_url":"https:\/\/adrianaarronte.com.es\/index.php\/obras\/instalaciones\/los-estados-debiles\/","og_site_name":"ADRIANA ARRONTE","article_modified_time":"2025-07-14T13:17:36+00:00","og_image":[{"url":"https:\/\/adrianaarronte.com.es\/wp-content\/uploads\/2023\/12\/web-los-estados-1.jpg"}],"twitter_card":"summary_large_image","twitter_misc":{"Tiempo de lectura":"3 minutos"},"schema":{"@context":"https:\/\/schema.org","@graph":[{"@type":"WebPage","@id":"https:\/\/adrianaarronte.com.es\/index.php\/obras\/instalaciones\/los-estados-debiles\/","url":"https:\/\/adrianaarronte.com.es\/index.php\/obras\/instalaciones\/los-estados-debiles\/","name":"Los estados d\u00e9biles - ADRIANA ARRONTE","isPartOf":{"@id":"https:\/\/adrianaarronte.com.es\/#website"},"datePublished":"2023-09-03T17:43:19+00:00","dateModified":"2025-07-14T13:17:36+00:00","breadcrumb":{"@id":"https:\/\/adrianaarronte.com.es\/index.php\/obras\/instalaciones\/los-estados-debiles\/#breadcrumb"},"inLanguage":"es","potentialAction":[{"@type":"ReadAction","target":["https:\/\/adrianaarronte.com.es\/index.php\/obras\/instalaciones\/los-estados-debiles\/"]}]},{"@type":"BreadcrumbList","@id":"https:\/\/adrianaarronte.com.es\/index.php\/obras\/instalaciones\/los-estados-debiles\/#breadcrumb","itemListElement":[{"@type":"ListItem","position":1,"name":"Home","item":"https:\/\/adrianaarronte.com.es\/"},{"@type":"ListItem","position":2,"name":"OBRAS","item":"https:\/\/adrianaarronte.com.es\/index.php\/obras\/"},{"@type":"ListItem","position":3,"name":"Instalaciones","item":"https:\/\/adrianaarronte.com.es\/index.php\/obras\/instalaciones\/"},{"@type":"ListItem","position":4,"name":"Los estados d\u00e9biles"}]},{"@type":"WebSite","@id":"https:\/\/adrianaarronte.com.es\/#website","url":"https:\/\/adrianaarronte.com.es\/","name":"ADRIANA ARRONTE","description":"","potentialAction":[{"@type":"SearchAction","target":{"@type":"EntryPoint","urlTemplate":"https:\/\/adrianaarronte.com.es\/?s={search_term_string}"},"query-input":"required name=search_term_string"}],"inLanguage":"es"}]}},"_links":{"self":[{"href":"https:\/\/adrianaarronte.com.es\/index.php\/wp-json\/wp\/v2\/pages\/332","targetHints":{"allow":["GET"]}}],"collection":[{"href":"https:\/\/adrianaarronte.com.es\/index.php\/wp-json\/wp\/v2\/pages"}],"about":[{"href":"https:\/\/adrianaarronte.com.es\/index.php\/wp-json\/wp\/v2\/types\/page"}],"author":[{"embeddable":true,"href":"https:\/\/adrianaarronte.com.es\/index.php\/wp-json\/wp\/v2\/users\/1"}],"replies":[{"embeddable":true,"href":"https:\/\/adrianaarronte.com.es\/index.php\/wp-json\/wp\/v2\/comments?post=332"}],"version-history":[{"count":10,"href":"https:\/\/adrianaarronte.com.es\/index.php\/wp-json\/wp\/v2\/pages\/332\/revisions"}],"predecessor-version":[{"id":2233,"href":"https:\/\/adrianaarronte.com.es\/index.php\/wp-json\/wp\/v2\/pages\/332\/revisions\/2233"}],"up":[{"embeddable":true,"href":"https:\/\/adrianaarronte.com.es\/index.php\/wp-json\/wp\/v2\/pages\/248"}],"wp:attachment":[{"href":"https:\/\/adrianaarronte.com.es\/index.php\/wp-json\/wp\/v2\/media?parent=332"}],"curies":[{"name":"wp","href":"https:\/\/api.w.org\/{rel}","templated":true}]}}