{"id":339,"date":"2023-09-03T14:56:33","date_gmt":"2023-09-03T17:56:33","guid":{"rendered":"https:\/\/adrianaarronte.com.es\/?page_id=339"},"modified":"2025-08-20T14:12:31","modified_gmt":"2025-08-20T12:12:31","slug":"cena","status":"publish","type":"page","link":"https:\/\/adrianaarronte.com.es\/index.php\/obras\/instalaciones\/cena\/","title":{"rendered":"Cena"},"content":{"rendered":"\n<p class=\"has-ast-global-color-8-color has-text-color has-link-color has-small-font-size wp-elements-7e98bb49aceecdf987b1e2a5e54fa546\">Instalaciones | Installation art<\/p>\n\n\n\n<p class=\"has-small-font-size\"><a href=\"https:\/\/adrianaarronte.com.es\/index.php\/noticias\/exposiciones-individuales\/\">Exposiciones individuales<\/a><\/p>\n\n\n\n<p class=\"has-small-font-size\"><strong>Cena<\/strong>. Galer\u00eda Carmelo Gonz\u00e1les. La Habana, Cuba, 2013<br>Comisarios Darwin Estacio y Pavel Herrera. Direcci\u00f3n CUBEART Ana Pedroso<\/p>\n\n\n\n<div class=\"wp-block-columns is-layout-flex wp-container-core-columns-is-layout-9d6595d7 wp-block-columns-is-layout-flex\">\n<div class=\"wp-block-column is-layout-flow wp-block-column-is-layout-flow\">\n<figure class=\"wp-block-gallery has-nested-images columns-default is-cropped wp-block-gallery-1 is-layout-flex wp-block-gallery-is-layout-flex\">\n<figure class=\"wp-block-image size-large\"><img loading=\"lazy\" decoding=\"async\" width=\"468\" height=\"490\" data-id=\"543\" src=\"https:\/\/adrianaarronte.com.es\/wp-content\/uploads\/2023\/12\/web-instagram.jpg\" alt=\"\" class=\"wp-image-543\" srcset=\"https:\/\/adrianaarronte.com.es\/wp-content\/uploads\/2023\/12\/web-instagram.jpg 468w, https:\/\/adrianaarronte.com.es\/wp-content\/uploads\/2023\/12\/web-instagram-287x300.jpg 287w\" sizes=\"auto, (max-width: 468px) 100vw, 468px\" \/><\/figure>\n<\/figure>\n\n\n\n<p class=\"has-small-font-size\">Colecci\u00f3n P\u00e9rez Art Museum Miami (PAMM), USA.<\/p>\n<\/div>\n\n\n\n<div class=\"wp-block-column is-layout-flow wp-block-column-is-layout-flow\">\n<p class=\"has-small-font-size\"><strong>CENA | DINNER<\/strong><br>2013<br>Objeto, Instalaci\u00f3n y happening | Object, installation and happening<br>Alpaca | Nickel silver<br>32 tenedores |32 designs of fork<br>20 cm aproximadamente |20 cm approximately<\/p>\n\n\n\n<p class=\"has-small-font-size\">La Cena, es un momento imprescindible en la rutina humana, ha sido dignificada en liturgias y ritos disimiles. Es un motivo de encuentro por excelencia, familiar y profesional, en ambos casos escenario donde conviven intercambios y sentimientos encontrados. Los dise\u00f1os que conforman esta serie, son motivados por las implicaciones presentes en su utilidad pr\u00e1ctica y en la significaci\u00f3n social de este suceso.<\/p>\n\n\n\n<p class=\"has-ast-global-color-8-color has-text-color has-small-font-size\">Dinner is an essential part of human routine. It has been dignified in liturgy and in diverse rituals. It is, in essence, a motive for family and business gatherings and in such instances it is also the setting where antagonistic views and exchanges concur. The designs that make up this series are motivated by the implications attached to its practical utility as well as the social significance of the event.<\/p>\n<\/div>\n<\/div>\n\n\n\n<div class=\"wp-block-columns is-layout-flex wp-container-core-columns-is-layout-9d6595d7 wp-block-columns-is-layout-flex\">\n<div class=\"wp-block-column is-layout-flow wp-block-column-is-layout-flow\">\n<div class=\"wp-block-columns is-layout-flex wp-container-core-columns-is-layout-9d6595d7 wp-block-columns-is-layout-flex\">\n<div class=\"wp-block-column is-layout-flow wp-block-column-is-layout-flow\">\n<figure class=\"wp-block-gallery has-nested-images columns-default is-cropped wp-block-gallery-2 is-layout-flex wp-block-gallery-is-layout-flex\">\n<figure class=\"wp-block-image size-large\"><a href=\"https:\/\/adrianaarronte.com.es\/wp-content\/uploads\/2024\/03\/02-cena.jpg\"><img loading=\"lazy\" decoding=\"async\" width=\"968\" height=\"648\" data-id=\"1062\" src=\"https:\/\/adrianaarronte.com.es\/wp-content\/uploads\/2024\/03\/02-cena.jpg\" alt=\"\" class=\"wp-image-1062\" srcset=\"https:\/\/adrianaarronte.com.es\/wp-content\/uploads\/2024\/03\/02-cena.jpg 968w, https:\/\/adrianaarronte.com.es\/wp-content\/uploads\/2024\/03\/02-cena-300x201.jpg 300w, https:\/\/adrianaarronte.com.es\/wp-content\/uploads\/2024\/03\/02-cena-768x514.jpg 768w\" sizes=\"auto, (max-width: 968px) 100vw, 968px\" \/><\/a><\/figure>\n<\/figure>\n<\/div>\n\n\n\n<div class=\"wp-block-column is-layout-flow wp-block-column-is-layout-flow\">\n<figure class=\"wp-block-gallery has-nested-images columns-default is-cropped wp-block-gallery-3 is-layout-flex wp-block-gallery-is-layout-flex\">\n<figure class=\"wp-block-image size-large\"><a href=\"https:\/\/adrianaarronte.com.es\/wp-content\/uploads\/2024\/03\/05-cena.jpg\"><img loading=\"lazy\" decoding=\"async\" width=\"1024\" height=\"683\" data-id=\"1063\" src=\"https:\/\/adrianaarronte.com.es\/wp-content\/uploads\/2024\/03\/05-cena-1024x683.jpg\" alt=\"\" class=\"wp-image-1063\" srcset=\"https:\/\/adrianaarronte.com.es\/wp-content\/uploads\/2024\/03\/05-cena-1024x683.jpg 1024w, https:\/\/adrianaarronte.com.es\/wp-content\/uploads\/2024\/03\/05-cena-300x200.jpg 300w, https:\/\/adrianaarronte.com.es\/wp-content\/uploads\/2024\/03\/05-cena-768x512.jpg 768w, https:\/\/adrianaarronte.com.es\/wp-content\/uploads\/2024\/03\/05-cena-1536x1024.jpg 1536w, https:\/\/adrianaarronte.com.es\/wp-content\/uploads\/2024\/03\/05-cena-2048x1365.jpg 2048w\" sizes=\"auto, (max-width: 1024px) 100vw, 1024px\" \/><\/a><\/figure>\n<\/figure>\n<\/div>\n<\/div>\n<\/div>\n\n\n\n<div class=\"wp-block-column is-layout-flow wp-block-column-is-layout-flow\">\n<div class=\"wp-block-columns is-layout-flex wp-container-core-columns-is-layout-9d6595d7 wp-block-columns-is-layout-flex\">\n<div class=\"wp-block-column is-layout-flow wp-block-column-is-layout-flow\">\n<figure class=\"wp-block-gallery has-nested-images columns-default is-cropped wp-block-gallery-4 is-layout-flex wp-block-gallery-is-layout-flex\">\n<figure class=\"wp-block-image size-large\"><a href=\"https:\/\/adrianaarronte.com.es\/wp-content\/uploads\/2024\/03\/01-cena.jpg\"><img loading=\"lazy\" decoding=\"async\" width=\"678\" height=\"454\" data-id=\"1064\" src=\"https:\/\/adrianaarronte.com.es\/wp-content\/uploads\/2024\/03\/01-cena.jpg\" alt=\"\" class=\"wp-image-1064\" srcset=\"https:\/\/adrianaarronte.com.es\/wp-content\/uploads\/2024\/03\/01-cena.jpg 678w, https:\/\/adrianaarronte.com.es\/wp-content\/uploads\/2024\/03\/01-cena-300x201.jpg 300w\" sizes=\"auto, (max-width: 678px) 100vw, 678px\" \/><\/a><\/figure>\n<\/figure>\n<\/div>\n\n\n\n<div class=\"wp-block-column is-layout-flow wp-block-column-is-layout-flow\">\n<figure class=\"wp-block-gallery has-nested-images columns-default is-cropped wp-block-gallery-5 is-layout-flex wp-block-gallery-is-layout-flex\">\n<figure class=\"wp-block-image size-large\"><a href=\"https:\/\/adrianaarronte.com.es\/wp-content\/uploads\/2024\/03\/04-cena.jpg\"><img loading=\"lazy\" decoding=\"async\" width=\"1000\" height=\"667\" data-id=\"1065\" src=\"https:\/\/adrianaarronte.com.es\/wp-content\/uploads\/2024\/03\/04-cena.jpg\" alt=\"\" class=\"wp-image-1065\" srcset=\"https:\/\/adrianaarronte.com.es\/wp-content\/uploads\/2024\/03\/04-cena.jpg 1000w, https:\/\/adrianaarronte.com.es\/wp-content\/uploads\/2024\/03\/04-cena-300x200.jpg 300w, https:\/\/adrianaarronte.com.es\/wp-content\/uploads\/2024\/03\/04-cena-768x512.jpg 768w\" sizes=\"auto, (max-width: 1000px) 100vw, 1000px\" \/><\/a><\/figure>\n<\/figure>\n<\/div>\n<\/div>\n<\/div>\n<\/div>\n\n\n\n<div class=\"wp-block-columns is-layout-flex wp-container-core-columns-is-layout-9d6595d7 wp-block-columns-is-layout-flex\">\n<div class=\"wp-block-column is-layout-flow wp-block-column-is-layout-flow\">\n<div class=\"wp-block-columns is-layout-flex wp-container-core-columns-is-layout-9d6595d7 wp-block-columns-is-layout-flex\">\n<div class=\"wp-block-column is-layout-flow wp-block-column-is-layout-flow\">\n<figure class=\"wp-block-gallery has-nested-images columns-default is-cropped wp-block-gallery-6 is-layout-flex wp-block-gallery-is-layout-flex\">\n<figure class=\"wp-block-image size-large\"><a href=\"https:\/\/adrianaarronte.com.es\/wp-content\/uploads\/2024\/03\/06-cena.jpg\"><img loading=\"lazy\" decoding=\"async\" width=\"969\" height=\"646\" data-id=\"1067\" src=\"https:\/\/adrianaarronte.com.es\/wp-content\/uploads\/2024\/03\/06-cena.jpg\" alt=\"\" class=\"wp-image-1067\" srcset=\"https:\/\/adrianaarronte.com.es\/wp-content\/uploads\/2024\/03\/06-cena.jpg 969w, https:\/\/adrianaarronte.com.es\/wp-content\/uploads\/2024\/03\/06-cena-300x200.jpg 300w, https:\/\/adrianaarronte.com.es\/wp-content\/uploads\/2024\/03\/06-cena-768x512.jpg 768w\" sizes=\"auto, (max-width: 969px) 100vw, 969px\" \/><\/a><\/figure>\n<\/figure>\n<\/div>\n\n\n\n<div class=\"wp-block-column is-layout-flow wp-block-column-is-layout-flow\">\n<figure class=\"wp-block-gallery has-nested-images columns-default is-cropped wp-block-gallery-7 is-layout-flex wp-block-gallery-is-layout-flex\">\n<figure class=\"wp-block-image size-large\"><a href=\"https:\/\/adrianaarronte.com.es\/wp-content\/uploads\/2024\/03\/08-cena.jpg\"><img loading=\"lazy\" decoding=\"async\" width=\"969\" height=\"646\" data-id=\"1068\" src=\"https:\/\/adrianaarronte.com.es\/wp-content\/uploads\/2024\/03\/08-cena.jpg\" alt=\"\" class=\"wp-image-1068\" srcset=\"https:\/\/adrianaarronte.com.es\/wp-content\/uploads\/2024\/03\/08-cena.jpg 969w, https:\/\/adrianaarronte.com.es\/wp-content\/uploads\/2024\/03\/08-cena-300x200.jpg 300w, https:\/\/adrianaarronte.com.es\/wp-content\/uploads\/2024\/03\/08-cena-768x512.jpg 768w\" sizes=\"auto, (max-width: 969px) 100vw, 969px\" \/><\/a><\/figure>\n<\/figure>\n<\/div>\n<\/div>\n<\/div>\n\n\n\n<div class=\"wp-block-column is-layout-flow wp-block-column-is-layout-flow\">\n<div class=\"wp-block-columns is-layout-flex wp-container-core-columns-is-layout-9d6595d7 wp-block-columns-is-layout-flex\">\n<div class=\"wp-block-column is-layout-flow wp-block-column-is-layout-flow\">\n<figure class=\"wp-block-gallery has-nested-images columns-default is-cropped wp-block-gallery-8 is-layout-flex wp-block-gallery-is-layout-flex\">\n<figure class=\"wp-block-image size-large\"><a href=\"https:\/\/adrianaarronte.com.es\/wp-content\/uploads\/2024\/03\/07-cena-1.jpg\"><img loading=\"lazy\" decoding=\"async\" width=\"922\" height=\"615\" data-id=\"1072\" src=\"https:\/\/adrianaarronte.com.es\/wp-content\/uploads\/2024\/03\/07-cena-1.jpg\" alt=\"\" class=\"wp-image-1072\" srcset=\"https:\/\/adrianaarronte.com.es\/wp-content\/uploads\/2024\/03\/07-cena-1.jpg 922w, https:\/\/adrianaarronte.com.es\/wp-content\/uploads\/2024\/03\/07-cena-1-300x200.jpg 300w, https:\/\/adrianaarronte.com.es\/wp-content\/uploads\/2024\/03\/07-cena-1-768x512.jpg 768w\" sizes=\"auto, (max-width: 922px) 100vw, 922px\" \/><\/a><\/figure>\n<\/figure>\n<\/div>\n\n\n\n<div class=\"wp-block-column is-layout-flow wp-block-column-is-layout-flow\">\n<figure class=\"wp-block-gallery has-nested-images columns-default is-cropped wp-block-gallery-9 is-layout-flex wp-block-gallery-is-layout-flex\">\n<figure class=\"wp-block-image size-large\"><a href=\"https:\/\/adrianaarronte.com.es\/wp-content\/uploads\/2024\/03\/09-cena.jpg\"><img loading=\"lazy\" decoding=\"async\" width=\"840\" height=\"560\" data-id=\"1073\" src=\"https:\/\/adrianaarronte.com.es\/wp-content\/uploads\/2024\/03\/09-cena.jpg\" alt=\"\" class=\"wp-image-1073\" srcset=\"https:\/\/adrianaarronte.com.es\/wp-content\/uploads\/2024\/03\/09-cena.jpg 840w, https:\/\/adrianaarronte.com.es\/wp-content\/uploads\/2024\/03\/09-cena-300x200.jpg 300w, https:\/\/adrianaarronte.com.es\/wp-content\/uploads\/2024\/03\/09-cena-768x512.jpg 768w\" sizes=\"auto, (max-width: 840px) 100vw, 840px\" \/><\/a><\/figure>\n<\/figure>\n<\/div>\n<\/div>\n<\/div>\n<\/div>\n\n\n\n<div class=\"wp-block-columns is-layout-flex wp-container-core-columns-is-layout-9d6595d7 wp-block-columns-is-layout-flex\">\n<div class=\"wp-block-column is-layout-flow wp-block-column-is-layout-flow\">\n<p class=\"has-small-font-size\"><a href=\"https:\/\/adrianaarronte.com.es\/index.php\/noticias\/\">EXPOSICIONES<\/a><\/p>\n<\/div>\n<\/div>\n","protected":false},"excerpt":{"rendered":"<p>Instalaciones | Installation art Exposiciones individuales Cena. Galer\u00eda Carmelo Gonz\u00e1les. La Habana, Cuba, 2013Comisarios Darwin Estacio y Pavel Herrera. Direcci\u00f3n CUBEART Ana Pedroso Colecci\u00f3n P\u00e9rez Art Museum Miami (PAMM), USA. CENA | DINNER2013Objeto, Instalaci\u00f3n y happening | Object, installation and happeningAlpaca | Nickel silver32 tenedores |32 designs of fork20 cm aproximadamente |20 cm approximately La&hellip;&nbsp;<a href=\"https:\/\/adrianaarronte.com.es\/index.php\/obras\/instalaciones\/cena\/\" rel=\"bookmark\"><span class=\"screen-reader-text\">Cena<\/span><\/a><\/p>\n","protected":false},"author":1,"featured_media":0,"parent":248,"menu_order":4,"comment_status":"closed","ping_status":"closed","template":"","meta":{"neve_meta_sidebar":"","neve_meta_container":"","neve_meta_enable_content_width":"","neve_meta_content_width":0,"neve_meta_title_alignment":"","neve_meta_author_avatar":"","neve_post_elements_order":"","neve_meta_disable_header":"","neve_meta_disable_footer":"","neve_meta_disable_title":"on","footnotes":""},"class_list":["post-339","page","type-page","status-publish","hentry"],"yoast_head":"<!-- This site is optimized with the Yoast SEO plugin v21.6 - https:\/\/yoast.com\/wordpress\/plugins\/seo\/ -->\n<title>Cena - ADRIANA ARRONTE<\/title>\n<meta name=\"description\" content=\"Objeto, Instalaci\u00f3n y happening. La Cena, es un momento imprescindible en la rutina humana, ha sido dignificada en liturgias y ritos disimiles. Es un motivo de encuentro por excelencia, familiar y profesional, en ambos casos escenario donde conviven intercambios y sentimientos encontrados. Los dise\u00f1os que conforman esta serie, son motivados por las implicaciones presentes en su utilidad pr\u00e1ctica y en la significaci\u00f3n social de este suceso.\" \/>\n<meta name=\"robots\" content=\"index, follow, max-snippet:-1, max-image-preview:large, max-video-preview:-1\" \/>\n<link rel=\"canonical\" href=\"https:\/\/adrianaarronte.com.es\/index.php\/obras\/instalaciones\/cena\/\" \/>\n<meta property=\"og:locale\" content=\"es_ES\" \/>\n<meta property=\"og:type\" content=\"article\" \/>\n<meta property=\"og:title\" content=\"Cena - ADRIANA ARRONTE\" \/>\n<meta property=\"og:description\" content=\"Objeto, Instalaci\u00f3n y happening. La Cena, es un momento imprescindible en la rutina humana, ha sido dignificada en liturgias y ritos disimiles. Es un motivo de encuentro por excelencia, familiar y profesional, en ambos casos escenario donde conviven intercambios y sentimientos encontrados. Los dise\u00f1os que conforman esta serie, son motivados por las implicaciones presentes en su utilidad pr\u00e1ctica y en la significaci\u00f3n social de este suceso.\" \/>\n<meta property=\"og:url\" content=\"https:\/\/adrianaarronte.com.es\/index.php\/obras\/instalaciones\/cena\/\" \/>\n<meta property=\"og:site_name\" content=\"ADRIANA ARRONTE\" \/>\n<meta property=\"article:modified_time\" content=\"2025-08-20T12:12:31+00:00\" \/>\n<meta property=\"og:image\" content=\"https:\/\/adrianaarronte.com.es\/wp-content\/uploads\/2023\/12\/web-instagram.jpg\" \/>\n<meta name=\"twitter:card\" content=\"summary_large_image\" \/>\n<meta name=\"twitter:label1\" content=\"Tiempo de lectura\" \/>\n\t<meta name=\"twitter:data1\" content=\"3 minutos\" \/>\n<script type=\"application\/ld+json\" class=\"yoast-schema-graph\">{\"@context\":\"https:\/\/schema.org\",\"@graph\":[{\"@type\":\"WebPage\",\"@id\":\"https:\/\/adrianaarronte.com.es\/index.php\/obras\/instalaciones\/cena\/\",\"url\":\"https:\/\/adrianaarronte.com.es\/index.php\/obras\/instalaciones\/cena\/\",\"name\":\"Cena - ADRIANA ARRONTE\",\"isPartOf\":{\"@id\":\"https:\/\/adrianaarronte.com.es\/#website\"},\"datePublished\":\"2023-09-03T17:56:33+00:00\",\"dateModified\":\"2025-08-20T12:12:31+00:00\",\"description\":\"Objeto, Instalaci\u00f3n y happening. La Cena, es un momento imprescindible en la rutina humana, ha sido dignificada en liturgias y ritos disimiles. Es un motivo de encuentro por excelencia, familiar y profesional, en ambos casos escenario donde conviven intercambios y sentimientos encontrados. Los dise\u00f1os que conforman esta serie, son motivados por las implicaciones presentes en su utilidad pr\u00e1ctica y en la significaci\u00f3n social de este suceso.\",\"breadcrumb\":{\"@id\":\"https:\/\/adrianaarronte.com.es\/index.php\/obras\/instalaciones\/cena\/#breadcrumb\"},\"inLanguage\":\"es\",\"potentialAction\":[{\"@type\":\"ReadAction\",\"target\":[\"https:\/\/adrianaarronte.com.es\/index.php\/obras\/instalaciones\/cena\/\"]}]},{\"@type\":\"BreadcrumbList\",\"@id\":\"https:\/\/adrianaarronte.com.es\/index.php\/obras\/instalaciones\/cena\/#breadcrumb\",\"itemListElement\":[{\"@type\":\"ListItem\",\"position\":1,\"name\":\"Home\",\"item\":\"https:\/\/adrianaarronte.com.es\/\"},{\"@type\":\"ListItem\",\"position\":2,\"name\":\"OBRAS\",\"item\":\"https:\/\/adrianaarronte.com.es\/index.php\/obras\/\"},{\"@type\":\"ListItem\",\"position\":3,\"name\":\"Instalaciones\",\"item\":\"https:\/\/adrianaarronte.com.es\/index.php\/obras\/instalaciones\/\"},{\"@type\":\"ListItem\",\"position\":4,\"name\":\"Cena\"}]},{\"@type\":\"WebSite\",\"@id\":\"https:\/\/adrianaarronte.com.es\/#website\",\"url\":\"https:\/\/adrianaarronte.com.es\/\",\"name\":\"ADRIANA ARRONTE\",\"description\":\"\",\"potentialAction\":[{\"@type\":\"SearchAction\",\"target\":{\"@type\":\"EntryPoint\",\"urlTemplate\":\"https:\/\/adrianaarronte.com.es\/?s={search_term_string}\"},\"query-input\":\"required name=search_term_string\"}],\"inLanguage\":\"es\"}]}<\/script>\n<!-- \/ Yoast SEO plugin. -->","yoast_head_json":{"title":"Cena - ADRIANA ARRONTE","description":"Objeto, Instalaci\u00f3n y happening. La Cena, es un momento imprescindible en la rutina humana, ha sido dignificada en liturgias y ritos disimiles. Es un motivo de encuentro por excelencia, familiar y profesional, en ambos casos escenario donde conviven intercambios y sentimientos encontrados. Los dise\u00f1os que conforman esta serie, son motivados por las implicaciones presentes en su utilidad pr\u00e1ctica y en la significaci\u00f3n social de este suceso.","robots":{"index":"index","follow":"follow","max-snippet":"max-snippet:-1","max-image-preview":"max-image-preview:large","max-video-preview":"max-video-preview:-1"},"canonical":"https:\/\/adrianaarronte.com.es\/index.php\/obras\/instalaciones\/cena\/","og_locale":"es_ES","og_type":"article","og_title":"Cena - ADRIANA ARRONTE","og_description":"Objeto, Instalaci\u00f3n y happening. La Cena, es un momento imprescindible en la rutina humana, ha sido dignificada en liturgias y ritos disimiles. Es un motivo de encuentro por excelencia, familiar y profesional, en ambos casos escenario donde conviven intercambios y sentimientos encontrados. Los dise\u00f1os que conforman esta serie, son motivados por las implicaciones presentes en su utilidad pr\u00e1ctica y en la significaci\u00f3n social de este suceso.","og_url":"https:\/\/adrianaarronte.com.es\/index.php\/obras\/instalaciones\/cena\/","og_site_name":"ADRIANA ARRONTE","article_modified_time":"2025-08-20T12:12:31+00:00","og_image":[{"url":"https:\/\/adrianaarronte.com.es\/wp-content\/uploads\/2023\/12\/web-instagram.jpg"}],"twitter_card":"summary_large_image","twitter_misc":{"Tiempo de lectura":"3 minutos"},"schema":{"@context":"https:\/\/schema.org","@graph":[{"@type":"WebPage","@id":"https:\/\/adrianaarronte.com.es\/index.php\/obras\/instalaciones\/cena\/","url":"https:\/\/adrianaarronte.com.es\/index.php\/obras\/instalaciones\/cena\/","name":"Cena - ADRIANA ARRONTE","isPartOf":{"@id":"https:\/\/adrianaarronte.com.es\/#website"},"datePublished":"2023-09-03T17:56:33+00:00","dateModified":"2025-08-20T12:12:31+00:00","description":"Objeto, Instalaci\u00f3n y happening. La Cena, es un momento imprescindible en la rutina humana, ha sido dignificada en liturgias y ritos disimiles. Es un motivo de encuentro por excelencia, familiar y profesional, en ambos casos escenario donde conviven intercambios y sentimientos encontrados. Los dise\u00f1os que conforman esta serie, son motivados por las implicaciones presentes en su utilidad pr\u00e1ctica y en la significaci\u00f3n social de este suceso.","breadcrumb":{"@id":"https:\/\/adrianaarronte.com.es\/index.php\/obras\/instalaciones\/cena\/#breadcrumb"},"inLanguage":"es","potentialAction":[{"@type":"ReadAction","target":["https:\/\/adrianaarronte.com.es\/index.php\/obras\/instalaciones\/cena\/"]}]},{"@type":"BreadcrumbList","@id":"https:\/\/adrianaarronte.com.es\/index.php\/obras\/instalaciones\/cena\/#breadcrumb","itemListElement":[{"@type":"ListItem","position":1,"name":"Home","item":"https:\/\/adrianaarronte.com.es\/"},{"@type":"ListItem","position":2,"name":"OBRAS","item":"https:\/\/adrianaarronte.com.es\/index.php\/obras\/"},{"@type":"ListItem","position":3,"name":"Instalaciones","item":"https:\/\/adrianaarronte.com.es\/index.php\/obras\/instalaciones\/"},{"@type":"ListItem","position":4,"name":"Cena"}]},{"@type":"WebSite","@id":"https:\/\/adrianaarronte.com.es\/#website","url":"https:\/\/adrianaarronte.com.es\/","name":"ADRIANA ARRONTE","description":"","potentialAction":[{"@type":"SearchAction","target":{"@type":"EntryPoint","urlTemplate":"https:\/\/adrianaarronte.com.es\/?s={search_term_string}"},"query-input":"required name=search_term_string"}],"inLanguage":"es"}]}},"_links":{"self":[{"href":"https:\/\/adrianaarronte.com.es\/index.php\/wp-json\/wp\/v2\/pages\/339","targetHints":{"allow":["GET"]}}],"collection":[{"href":"https:\/\/adrianaarronte.com.es\/index.php\/wp-json\/wp\/v2\/pages"}],"about":[{"href":"https:\/\/adrianaarronte.com.es\/index.php\/wp-json\/wp\/v2\/types\/page"}],"author":[{"embeddable":true,"href":"https:\/\/adrianaarronte.com.es\/index.php\/wp-json\/wp\/v2\/users\/1"}],"replies":[{"embeddable":true,"href":"https:\/\/adrianaarronte.com.es\/index.php\/wp-json\/wp\/v2\/comments?post=339"}],"version-history":[{"count":15,"href":"https:\/\/adrianaarronte.com.es\/index.php\/wp-json\/wp\/v2\/pages\/339\/revisions"}],"predecessor-version":[{"id":2709,"href":"https:\/\/adrianaarronte.com.es\/index.php\/wp-json\/wp\/v2\/pages\/339\/revisions\/2709"}],"up":[{"embeddable":true,"href":"https:\/\/adrianaarronte.com.es\/index.php\/wp-json\/wp\/v2\/pages\/248"}],"wp:attachment":[{"href":"https:\/\/adrianaarronte.com.es\/index.php\/wp-json\/wp\/v2\/media?parent=339"}],"curies":[{"name":"wp","href":"https:\/\/api.w.org\/{rel}","templated":true}]}}