{"id":342,"date":"2023-09-03T15:04:30","date_gmt":"2023-09-03T18:04:30","guid":{"rendered":"https:\/\/adrianaarronte.com.es\/?page_id=342"},"modified":"2025-08-20T13:53:34","modified_gmt":"2025-08-20T11:53:34","slug":"la-sospecha-de-los-cuerpos","status":"publish","type":"page","link":"https:\/\/adrianaarronte.com.es\/index.php\/obras\/instalaciones\/la-sospecha-de-los-cuerpos\/","title":{"rendered":"La sospecha de los cuerpos"},"content":{"rendered":"\n<div class=\"wp-block-columns is-layout-flex wp-container-core-columns-is-layout-9d6595d7 wp-block-columns-is-layout-flex\">\n<div class=\"wp-block-column is-layout-flow wp-block-column-is-layout-flow\">\n<figure class=\"wp-block-image size-large is-resized\"><a href=\"https:\/\/adrianaarronte.com.es\/wp-content\/uploads\/2023\/12\/web-la-sospecha-1-2.jpg\"><img loading=\"lazy\" decoding=\"async\" width=\"661\" height=\"1024\" src=\"https:\/\/adrianaarronte.com.es\/wp-content\/uploads\/2023\/12\/web-la-sospecha-1-2-661x1024.jpg\" alt=\"\" class=\"wp-image-501\" style=\"width:357px;height:auto\" srcset=\"https:\/\/adrianaarronte.com.es\/wp-content\/uploads\/2023\/12\/web-la-sospecha-1-2-661x1024.jpg 661w, https:\/\/adrianaarronte.com.es\/wp-content\/uploads\/2023\/12\/web-la-sospecha-1-2-194x300.jpg 194w, https:\/\/adrianaarronte.com.es\/wp-content\/uploads\/2023\/12\/web-la-sospecha-1-2-768x1191.jpg 768w, https:\/\/adrianaarronte.com.es\/wp-content\/uploads\/2023\/12\/web-la-sospecha-1-2-991x1536.jpg 991w, https:\/\/adrianaarronte.com.es\/wp-content\/uploads\/2023\/12\/web-la-sospecha-1-2.jpg 1125w\" sizes=\"auto, (max-width: 661px) 100vw, 661px\" \/><\/a><\/figure>\n<\/div>\n\n\n\n<div class=\"wp-block-column is-layout-flow wp-block-column-is-layout-flow\">\n<p class=\"has-small-font-size\"><strong>LA SOSPECHA DE LOS CUERPOS, ESPIONAJE SOM\u00c1TICO | THE SUSPICION OF THE BODIES, SOMATIC ESPIONAGE<\/strong><br>2021 <br>Gaza y PVC |Strip and PVC<br>Instalaci\u00f3n|Instalation<br>Dimensiones variables| Variable dimensions<\/p>\n\n\n\n<p class=\"has-small-font-size\">La instalaci\u00f3n evoca el vendaje como procedimiento encaminado a envolver un \u00e1rea del cuerpo lesionada. Este recurso ejerce en su manifestaci\u00f3n cl\u00ednica funciones de compresi\u00f3n, contenci\u00f3n y correcci\u00f3n. Encuentro paralelos simb\u00f3licos entre la medicina y los sistemas de espionaje y control. Ambos sistemas estudian al individuo desde la sospecha y los s\u00edntomas. La enfermedad es el enemigo, se trata de curar y luchar. La medicina observa al cuerpo como \u00f3rgano de subversi\u00f3n. El t\u00edtulo de esta pieza cita un texto del fil\u00f3sofo Peter Sloterdijk, que reflexiona sobre estas similitudes.<\/p>\n\n\n\n<p class=\"has-ast-global-color-8-color has-text-color has-link-color has-small-font-size wp-elements-8523e1ab5fbeb0730df1d13a62b68cef\">The installation evokes the bandage as a procedure aimed at wrapping an injured area of the body. From the clinical perspective, this resource focusses on different functions of compression, containment and correction. I find symbolic parallels between medicine and the systems of espionage and control. Both systems study the individual from suspicion and symptoms. Disease is the enemy, it is about healing and fighting. Medicine regards the body as an organ of subversion. The title of this piece quotes a text by the philosopher Peter Sloterdijk, who reflects on these similarities.<\/p>\n<\/div>\n<\/div>\n\n\n\n<div class=\"wp-block-columns is-layout-flex wp-container-core-columns-is-layout-9d6595d7 wp-block-columns-is-layout-flex\">\n<div class=\"wp-block-column is-layout-flow wp-block-column-is-layout-flow\">\n<figure class=\"wp-block-gallery has-nested-images columns-default is-cropped wp-block-gallery-1 is-layout-flex wp-block-gallery-is-layout-flex\">\n<figure class=\"wp-block-image size-large\"><a href=\"https:\/\/adrianaarronte.com.es\/wp-content\/uploads\/2024\/06\/La-sospecha-de-los-cuerpos-espionaje-somatico-2.jpg\"><img loading=\"lazy\" decoding=\"async\" width=\"908\" height=\"605\" data-id=\"1600\" src=\"https:\/\/adrianaarronte.com.es\/wp-content\/uploads\/2024\/06\/La-sospecha-de-los-cuerpos-espionaje-somatico-2.jpg\" alt=\"\" class=\"wp-image-1600\" srcset=\"https:\/\/adrianaarronte.com.es\/wp-content\/uploads\/2024\/06\/La-sospecha-de-los-cuerpos-espionaje-somatico-2.jpg 908w, https:\/\/adrianaarronte.com.es\/wp-content\/uploads\/2024\/06\/La-sospecha-de-los-cuerpos-espionaje-somatico-2-300x200.jpg 300w, https:\/\/adrianaarronte.com.es\/wp-content\/uploads\/2024\/06\/La-sospecha-de-los-cuerpos-espionaje-somatico-2-768x512.jpg 768w\" sizes=\"auto, (max-width: 908px) 100vw, 908px\" \/><\/a><\/figure>\n<\/figure>\n<\/div>\n\n\n\n<div class=\"wp-block-column is-layout-flow wp-block-column-is-layout-flow\">\n<figure class=\"wp-block-gallery has-nested-images columns-default is-cropped wp-block-gallery-2 is-layout-flex wp-block-gallery-is-layout-flex\">\n<figure class=\"wp-block-image size-large\"><a href=\"https:\/\/adrianaarronte.com.es\/wp-content\/uploads\/2024\/06\/La-sospecha-de-los-cuerpos-espionaje-somatico-3.jpg\"><img loading=\"lazy\" decoding=\"async\" width=\"908\" height=\"605\" data-id=\"1601\" src=\"https:\/\/adrianaarronte.com.es\/wp-content\/uploads\/2024\/06\/La-sospecha-de-los-cuerpos-espionaje-somatico-3.jpg\" alt=\"\" class=\"wp-image-1601\" srcset=\"https:\/\/adrianaarronte.com.es\/wp-content\/uploads\/2024\/06\/La-sospecha-de-los-cuerpos-espionaje-somatico-3.jpg 908w, https:\/\/adrianaarronte.com.es\/wp-content\/uploads\/2024\/06\/La-sospecha-de-los-cuerpos-espionaje-somatico-3-300x200.jpg 300w, https:\/\/adrianaarronte.com.es\/wp-content\/uploads\/2024\/06\/La-sospecha-de-los-cuerpos-espionaje-somatico-3-768x512.jpg 768w\" sizes=\"auto, (max-width: 908px) 100vw, 908px\" \/><\/a><\/figure>\n<\/figure>\n<\/div>\n\n\n\n<div class=\"wp-block-column is-layout-flow wp-block-column-is-layout-flow\">\n<figure class=\"wp-block-gallery has-nested-images columns-default is-cropped wp-block-gallery-3 is-layout-flex wp-block-gallery-is-layout-flex\">\n<figure class=\"wp-block-image size-large\"><a href=\"https:\/\/adrianaarronte.com.es\/wp-content\/uploads\/2024\/06\/La-sospecha-de-los-cuerpos-espionaje-somatico.jpg\"><img loading=\"lazy\" decoding=\"async\" width=\"908\" height=\"605\" data-id=\"1602\" src=\"https:\/\/adrianaarronte.com.es\/wp-content\/uploads\/2024\/06\/La-sospecha-de-los-cuerpos-espionaje-somatico.jpg\" alt=\"\" class=\"wp-image-1602\" srcset=\"https:\/\/adrianaarronte.com.es\/wp-content\/uploads\/2024\/06\/La-sospecha-de-los-cuerpos-espionaje-somatico.jpg 908w, https:\/\/adrianaarronte.com.es\/wp-content\/uploads\/2024\/06\/La-sospecha-de-los-cuerpos-espionaje-somatico-300x200.jpg 300w, https:\/\/adrianaarronte.com.es\/wp-content\/uploads\/2024\/06\/La-sospecha-de-los-cuerpos-espionaje-somatico-768x512.jpg 768w\" sizes=\"auto, (max-width: 908px) 100vw, 908px\" \/><\/a><\/figure>\n<\/figure>\n<\/div>\n<\/div>\n\n\n\n<p class=\"has-ast-global-color-3-color has-text-color has-link-color has-small-font-size wp-elements-c5a04fd67fde750b70d5f41d923a6b82\"><a href=\"https:\/\/adrianaarronte.com.es\/index.php\/noticias\/exposiciones-individuales\/la-ilusion-de-los-sistemas\/\">Exposiciones indiciduales: <strong>La ilusi\u00f3n de los sistemas<\/strong>. Galer\u00eda Servando. La Habana, Cuba. 2021<\/a><\/p>\n","protected":false},"excerpt":{"rendered":"<p>LA SOSPECHA DE LOS CUERPOS, ESPIONAJE SOM\u00c1TICO | THE SUSPICION OF THE BODIES, SOMATIC ESPIONAGE2021 Gaza y PVC |Strip and PVCInstalaci\u00f3n|InstalationDimensiones variables| Variable dimensions La instalaci\u00f3n evoca el vendaje como procedimiento encaminado a envolver un \u00e1rea del cuerpo lesionada. Este recurso ejerce en su manifestaci\u00f3n cl\u00ednica funciones de compresi\u00f3n, contenci\u00f3n y correcci\u00f3n. Encuentro paralelos simb\u00f3licos&hellip;&nbsp;<a href=\"https:\/\/adrianaarronte.com.es\/index.php\/obras\/instalaciones\/la-sospecha-de-los-cuerpos\/\" rel=\"bookmark\"><span class=\"screen-reader-text\">La sospecha de los cuerpos<\/span><\/a><\/p>\n","protected":false},"author":1,"featured_media":0,"parent":248,"menu_order":1,"comment_status":"closed","ping_status":"closed","template":"","meta":{"neve_meta_sidebar":"","neve_meta_container":"","neve_meta_enable_content_width":"","neve_meta_content_width":0,"neve_meta_title_alignment":"","neve_meta_author_avatar":"","neve_post_elements_order":"","neve_meta_disable_header":"","neve_meta_disable_footer":"","neve_meta_disable_title":"on","footnotes":""},"class_list":["post-342","page","type-page","status-publish","hentry"],"yoast_head":"<!-- This site is optimized with the Yoast SEO plugin v21.6 - https:\/\/yoast.com\/wordpress\/plugins\/seo\/ -->\n<title>La sospecha de los cuerpos - ADRIANA ARRONTE<\/title>\n<meta name=\"robots\" content=\"index, follow, max-snippet:-1, max-image-preview:large, max-video-preview:-1\" \/>\n<link rel=\"canonical\" href=\"https:\/\/adrianaarronte.com.es\/index.php\/obras\/instalaciones\/la-sospecha-de-los-cuerpos\/\" \/>\n<meta property=\"og:locale\" content=\"es_ES\" \/>\n<meta property=\"og:type\" content=\"article\" \/>\n<meta property=\"og:title\" content=\"La sospecha de los cuerpos - ADRIANA ARRONTE\" \/>\n<meta property=\"og:description\" content=\"LA SOSPECHA DE LOS CUERPOS, ESPIONAJE SOM\u00c1TICO | THE SUSPICION OF THE BODIES, SOMATIC ESPIONAGE2021 Gaza y PVC |Strip and PVCInstalaci\u00f3n|InstalationDimensiones variables| Variable dimensions La instalaci\u00f3n evoca el vendaje como procedimiento encaminado a envolver un \u00e1rea del cuerpo lesionada. Este recurso ejerce en su manifestaci\u00f3n cl\u00ednica funciones de compresi\u00f3n, contenci\u00f3n y correcci\u00f3n. Encuentro paralelos simb\u00f3licos&hellip;&nbsp;La sospecha de los cuerpos\" \/>\n<meta property=\"og:url\" content=\"https:\/\/adrianaarronte.com.es\/index.php\/obras\/instalaciones\/la-sospecha-de-los-cuerpos\/\" \/>\n<meta property=\"og:site_name\" content=\"ADRIANA ARRONTE\" \/>\n<meta property=\"article:modified_time\" content=\"2025-08-20T11:53:34+00:00\" \/>\n<meta property=\"og:image\" content=\"https:\/\/adrianaarronte.com.es\/wp-content\/uploads\/2023\/12\/web-la-sospecha-1-2-661x1024.jpg\" \/>\n<meta name=\"twitter:card\" content=\"summary_large_image\" \/>\n<meta name=\"twitter:label1\" content=\"Tiempo de lectura\" \/>\n\t<meta name=\"twitter:data1\" content=\"2 minutos\" \/>\n<script type=\"application\/ld+json\" class=\"yoast-schema-graph\">{\"@context\":\"https:\/\/schema.org\",\"@graph\":[{\"@type\":\"WebPage\",\"@id\":\"https:\/\/adrianaarronte.com.es\/index.php\/obras\/instalaciones\/la-sospecha-de-los-cuerpos\/\",\"url\":\"https:\/\/adrianaarronte.com.es\/index.php\/obras\/instalaciones\/la-sospecha-de-los-cuerpos\/\",\"name\":\"La sospecha de los cuerpos - ADRIANA ARRONTE\",\"isPartOf\":{\"@id\":\"https:\/\/adrianaarronte.com.es\/#website\"},\"datePublished\":\"2023-09-03T18:04:30+00:00\",\"dateModified\":\"2025-08-20T11:53:34+00:00\",\"breadcrumb\":{\"@id\":\"https:\/\/adrianaarronte.com.es\/index.php\/obras\/instalaciones\/la-sospecha-de-los-cuerpos\/#breadcrumb\"},\"inLanguage\":\"es\",\"potentialAction\":[{\"@type\":\"ReadAction\",\"target\":[\"https:\/\/adrianaarronte.com.es\/index.php\/obras\/instalaciones\/la-sospecha-de-los-cuerpos\/\"]}]},{\"@type\":\"BreadcrumbList\",\"@id\":\"https:\/\/adrianaarronte.com.es\/index.php\/obras\/instalaciones\/la-sospecha-de-los-cuerpos\/#breadcrumb\",\"itemListElement\":[{\"@type\":\"ListItem\",\"position\":1,\"name\":\"Home\",\"item\":\"https:\/\/adrianaarronte.com.es\/\"},{\"@type\":\"ListItem\",\"position\":2,\"name\":\"OBRAS\",\"item\":\"https:\/\/adrianaarronte.com.es\/index.php\/obras\/\"},{\"@type\":\"ListItem\",\"position\":3,\"name\":\"Instalaciones\",\"item\":\"https:\/\/adrianaarronte.com.es\/index.php\/obras\/instalaciones\/\"},{\"@type\":\"ListItem\",\"position\":4,\"name\":\"La sospecha de los cuerpos\"}]},{\"@type\":\"WebSite\",\"@id\":\"https:\/\/adrianaarronte.com.es\/#website\",\"url\":\"https:\/\/adrianaarronte.com.es\/\",\"name\":\"ADRIANA ARRONTE\",\"description\":\"\",\"potentialAction\":[{\"@type\":\"SearchAction\",\"target\":{\"@type\":\"EntryPoint\",\"urlTemplate\":\"https:\/\/adrianaarronte.com.es\/?s={search_term_string}\"},\"query-input\":\"required name=search_term_string\"}],\"inLanguage\":\"es\"}]}<\/script>\n<!-- \/ Yoast SEO plugin. -->","yoast_head_json":{"title":"La sospecha de los cuerpos - ADRIANA ARRONTE","robots":{"index":"index","follow":"follow","max-snippet":"max-snippet:-1","max-image-preview":"max-image-preview:large","max-video-preview":"max-video-preview:-1"},"canonical":"https:\/\/adrianaarronte.com.es\/index.php\/obras\/instalaciones\/la-sospecha-de-los-cuerpos\/","og_locale":"es_ES","og_type":"article","og_title":"La sospecha de los cuerpos - ADRIANA ARRONTE","og_description":"LA SOSPECHA DE LOS CUERPOS, ESPIONAJE SOM\u00c1TICO | THE SUSPICION OF THE BODIES, SOMATIC ESPIONAGE2021 Gaza y PVC |Strip and PVCInstalaci\u00f3n|InstalationDimensiones variables| Variable dimensions La instalaci\u00f3n evoca el vendaje como procedimiento encaminado a envolver un \u00e1rea del cuerpo lesionada. Este recurso ejerce en su manifestaci\u00f3n cl\u00ednica funciones de compresi\u00f3n, contenci\u00f3n y correcci\u00f3n. Encuentro paralelos simb\u00f3licos&hellip;&nbsp;La sospecha de los cuerpos","og_url":"https:\/\/adrianaarronte.com.es\/index.php\/obras\/instalaciones\/la-sospecha-de-los-cuerpos\/","og_site_name":"ADRIANA ARRONTE","article_modified_time":"2025-08-20T11:53:34+00:00","og_image":[{"url":"https:\/\/adrianaarronte.com.es\/wp-content\/uploads\/2023\/12\/web-la-sospecha-1-2-661x1024.jpg"}],"twitter_card":"summary_large_image","twitter_misc":{"Tiempo de lectura":"2 minutos"},"schema":{"@context":"https:\/\/schema.org","@graph":[{"@type":"WebPage","@id":"https:\/\/adrianaarronte.com.es\/index.php\/obras\/instalaciones\/la-sospecha-de-los-cuerpos\/","url":"https:\/\/adrianaarronte.com.es\/index.php\/obras\/instalaciones\/la-sospecha-de-los-cuerpos\/","name":"La sospecha de los cuerpos - ADRIANA ARRONTE","isPartOf":{"@id":"https:\/\/adrianaarronte.com.es\/#website"},"datePublished":"2023-09-03T18:04:30+00:00","dateModified":"2025-08-20T11:53:34+00:00","breadcrumb":{"@id":"https:\/\/adrianaarronte.com.es\/index.php\/obras\/instalaciones\/la-sospecha-de-los-cuerpos\/#breadcrumb"},"inLanguage":"es","potentialAction":[{"@type":"ReadAction","target":["https:\/\/adrianaarronte.com.es\/index.php\/obras\/instalaciones\/la-sospecha-de-los-cuerpos\/"]}]},{"@type":"BreadcrumbList","@id":"https:\/\/adrianaarronte.com.es\/index.php\/obras\/instalaciones\/la-sospecha-de-los-cuerpos\/#breadcrumb","itemListElement":[{"@type":"ListItem","position":1,"name":"Home","item":"https:\/\/adrianaarronte.com.es\/"},{"@type":"ListItem","position":2,"name":"OBRAS","item":"https:\/\/adrianaarronte.com.es\/index.php\/obras\/"},{"@type":"ListItem","position":3,"name":"Instalaciones","item":"https:\/\/adrianaarronte.com.es\/index.php\/obras\/instalaciones\/"},{"@type":"ListItem","position":4,"name":"La sospecha de los cuerpos"}]},{"@type":"WebSite","@id":"https:\/\/adrianaarronte.com.es\/#website","url":"https:\/\/adrianaarronte.com.es\/","name":"ADRIANA ARRONTE","description":"","potentialAction":[{"@type":"SearchAction","target":{"@type":"EntryPoint","urlTemplate":"https:\/\/adrianaarronte.com.es\/?s={search_term_string}"},"query-input":"required name=search_term_string"}],"inLanguage":"es"}]}},"_links":{"self":[{"href":"https:\/\/adrianaarronte.com.es\/index.php\/wp-json\/wp\/v2\/pages\/342","targetHints":{"allow":["GET"]}}],"collection":[{"href":"https:\/\/adrianaarronte.com.es\/index.php\/wp-json\/wp\/v2\/pages"}],"about":[{"href":"https:\/\/adrianaarronte.com.es\/index.php\/wp-json\/wp\/v2\/types\/page"}],"author":[{"embeddable":true,"href":"https:\/\/adrianaarronte.com.es\/index.php\/wp-json\/wp\/v2\/users\/1"}],"replies":[{"embeddable":true,"href":"https:\/\/adrianaarronte.com.es\/index.php\/wp-json\/wp\/v2\/comments?post=342"}],"version-history":[{"count":9,"href":"https:\/\/adrianaarronte.com.es\/index.php\/wp-json\/wp\/v2\/pages\/342\/revisions"}],"predecessor-version":[{"id":2705,"href":"https:\/\/adrianaarronte.com.es\/index.php\/wp-json\/wp\/v2\/pages\/342\/revisions\/2705"}],"up":[{"embeddable":true,"href":"https:\/\/adrianaarronte.com.es\/index.php\/wp-json\/wp\/v2\/pages\/248"}],"wp:attachment":[{"href":"https:\/\/adrianaarronte.com.es\/index.php\/wp-json\/wp\/v2\/media?parent=342"}],"curies":[{"name":"wp","href":"https:\/\/api.w.org\/{rel}","templated":true}]}}