{"id":347,"date":"2023-09-03T15:19:50","date_gmt":"2023-09-03T18:19:50","guid":{"rendered":"https:\/\/adrianaarronte.com.es\/?page_id=347"},"modified":"2025-08-28T18:21:12","modified_gmt":"2025-08-28T16:21:12","slug":"brindis","status":"publish","type":"page","link":"https:\/\/adrianaarronte.com.es\/index.php\/obras\/instalaciones\/brindis\/","title":{"rendered":"Brindis"},"content":{"rendered":"\n<p class=\"has-ast-global-color-8-color has-text-color has-link-color has-small-font-size wp-elements-7e98bb49aceecdf987b1e2a5e54fa546\">Instalaciones | Installation art<\/p>\n\n\n\n<div class=\"wp-block-columns is-layout-flex wp-container-core-columns-is-layout-9d6595d7 wp-block-columns-is-layout-flex\">\n<div class=\"wp-block-column is-layout-flow wp-block-column-is-layout-flow\">\n<figure class=\"wp-block-gallery has-nested-images columns-default is-cropped wp-block-gallery-1 is-layout-flex wp-block-gallery-is-layout-flex\">\n<figure class=\"wp-block-image size-full\"><a href=\"https:\/\/adrianaarronte.com.es\/wp-content\/uploads\/2024\/01\/Brindis-Instalacion-2006-1.jpg\"><img loading=\"lazy\" decoding=\"async\" width=\"468\" height=\"422\" data-id=\"1015\" src=\"https:\/\/adrianaarronte.com.es\/wp-content\/uploads\/2024\/01\/Brindis-Instalacion-2006-1.jpg\" alt=\"\" class=\"wp-image-1015\" srcset=\"https:\/\/adrianaarronte.com.es\/wp-content\/uploads\/2024\/01\/Brindis-Instalacion-2006-1.jpg 468w, https:\/\/adrianaarronte.com.es\/wp-content\/uploads\/2024\/01\/Brindis-Instalacion-2006-1-300x271.jpg 300w\" sizes=\"auto, (max-width: 468px) 100vw, 468px\" \/><\/a><\/figure>\n<\/figure>\n\n\n\n<p class=\"has-small-font-size\">Colecci\u00f3n Ella Cisneros. Cisneros Fontanals Art Foundation (CIFO), USA<\/p>\n\n\n\n<p class=\"has-ast-global-color-3-color has-text-color has-link-color wp-elements-12c175c4424b438f826a01f5754b9170\"><a href=\"https:\/\/adrianaarronte.com.es\/?page_id=1690\"><strong>VER TODAS LAS COPAS<\/strong> | SEE ALL THE GLASS<\/a><\/p>\n<\/div>\n\n\n\n<div class=\"wp-block-column is-layout-flow wp-block-column-is-layout-flow\">\n<p class=\"has-small-font-size\"><strong>BRINDIS: Continentes y contenidos<\/strong> |<strong> TOAST: Continents and content <\/strong><br>2006<br>Objeto, instalaci\u00f3n y happening | Object, installation and happening<br>80 dise\u00f1os de copas. Vidrio |80 designs of glass. Glass<br>Dimensiones aproximadas: altura entre 17 y 30 cm. | Approximate dimensions: height between 17 and 30 cm.<\/p>\n\n\n\n<p class=\"has-small-font-size\">Durante la acci\u00f3n, las copas conten\u00edan vino tinto y fueron usadas e intercambiadas por los espectadores. La copa como c\u00e1liz fue distorsionada desde un estudio ergon\u00f3mico, procesos f\u00edsicos como conducci\u00f3n de temperatura, gravedad, peso, distorsi\u00f3n \u00f3ptica me permiten dialogar sobre relaciones: sociales, sensuales u org\u00e1nicas. Veo estas relaciones como resultados de similares principios, principios de conductividad, distorsi\u00f3n, etc. aplicables tanto a la forma como a la psiquis.<\/p>\n\n\n\n<p class=\"has-nv-c-1-color has-text-color has-small-font-size\">During the action, glasses filled with red wine were shared by the audience. The glass as a chalice was distorted from an ergonomic study. Physical processes like temperature transfer, gravity, weight, and optical distortion allow me to have a discussion on interactions: social, sensual, or organic. I view these interactions as the result of like principles: the principles of conductivity, distortion, etc. as they apply to both form and psyche.<\/p>\n<\/div>\n<\/div>\n\n\n\n<div class=\"wp-block-columns is-layout-flex wp-container-core-columns-is-layout-9d6595d7 wp-block-columns-is-layout-flex\">\n<div class=\"wp-block-column is-layout-flow wp-block-column-is-layout-flow\">\n<div class=\"wp-block-columns is-layout-flex wp-container-core-columns-is-layout-9d6595d7 wp-block-columns-is-layout-flex\">\n<div class=\"wp-block-column is-layout-flow wp-block-column-is-layout-flow\">\n<figure class=\"wp-block-gallery has-nested-images columns-default is-cropped wp-block-gallery-2 is-layout-flex wp-block-gallery-is-layout-flex\">\n<figure class=\"wp-block-image size-large\"><a href=\"https:\/\/adrianaarronte.com.es\/wp-content\/uploads\/2024\/03\/01-brindis.jpg\"><img loading=\"lazy\" decoding=\"async\" width=\"717\" height=\"516\" data-id=\"1047\" src=\"https:\/\/adrianaarronte.com.es\/wp-content\/uploads\/2024\/03\/01-brindis.jpg\" alt=\"\" class=\"wp-image-1047\" srcset=\"https:\/\/adrianaarronte.com.es\/wp-content\/uploads\/2024\/03\/01-brindis.jpg 717w, https:\/\/adrianaarronte.com.es\/wp-content\/uploads\/2024\/03\/01-brindis-300x216.jpg 300w\" sizes=\"auto, (max-width: 717px) 100vw, 717px\" \/><\/a><\/figure>\n<\/figure>\n<\/div>\n\n\n\n<div class=\"wp-block-column is-layout-flow wp-block-column-is-layout-flow\">\n<figure class=\"wp-block-gallery has-nested-images columns-default is-cropped wp-block-gallery-3 is-layout-flex wp-block-gallery-is-layout-flex\">\n<figure class=\"wp-block-image size-large\"><a href=\"https:\/\/adrianaarronte.com.es\/wp-content\/uploads\/2024\/03\/04-brindis-1.jpg\"><img loading=\"lazy\" decoding=\"async\" width=\"717\" height=\"516\" data-id=\"1049\" src=\"https:\/\/adrianaarronte.com.es\/wp-content\/uploads\/2024\/03\/04-brindis-1.jpg\" alt=\"\" class=\"wp-image-1049\" srcset=\"https:\/\/adrianaarronte.com.es\/wp-content\/uploads\/2024\/03\/04-brindis-1.jpg 717w, https:\/\/adrianaarronte.com.es\/wp-content\/uploads\/2024\/03\/04-brindis-1-300x216.jpg 300w\" sizes=\"auto, (max-width: 717px) 100vw, 717px\" \/><\/a><\/figure>\n<\/figure>\n<\/div>\n<\/div>\n<\/div>\n\n\n\n<div class=\"wp-block-column is-layout-flow wp-block-column-is-layout-flow\">\n<div class=\"wp-block-columns is-layout-flex wp-container-core-columns-is-layout-9d6595d7 wp-block-columns-is-layout-flex\">\n<div class=\"wp-block-column is-layout-flow wp-block-column-is-layout-flow\">\n<figure class=\"wp-block-gallery has-nested-images columns-default is-cropped wp-block-gallery-4 is-layout-flex wp-block-gallery-is-layout-flex\">\n<figure class=\"wp-block-image size-large\"><a href=\"https:\/\/adrianaarronte.com.es\/wp-content\/uploads\/2024\/03\/02-brindis.jpg\"><img loading=\"lazy\" decoding=\"async\" width=\"717\" height=\"516\" data-id=\"1050\" src=\"https:\/\/adrianaarronte.com.es\/wp-content\/uploads\/2024\/03\/02-brindis.jpg\" alt=\"\" class=\"wp-image-1050\" srcset=\"https:\/\/adrianaarronte.com.es\/wp-content\/uploads\/2024\/03\/02-brindis.jpg 717w, https:\/\/adrianaarronte.com.es\/wp-content\/uploads\/2024\/03\/02-brindis-300x216.jpg 300w\" sizes=\"auto, (max-width: 717px) 100vw, 717px\" \/><\/a><\/figure>\n<\/figure>\n<\/div>\n\n\n\n<div class=\"wp-block-column is-layout-flow wp-block-column-is-layout-flow\">\n<figure class=\"wp-block-gallery has-nested-images columns-default is-cropped wp-block-gallery-5 is-layout-flex wp-block-gallery-is-layout-flex\">\n<figure class=\"wp-block-image size-large\"><a href=\"https:\/\/adrianaarronte.com.es\/wp-content\/uploads\/2024\/03\/07-brindis-1.jpg\"><img loading=\"lazy\" decoding=\"async\" width=\"717\" height=\"516\" data-id=\"1052\" src=\"https:\/\/adrianaarronte.com.es\/wp-content\/uploads\/2024\/03\/07-brindis-1.jpg\" alt=\"\" class=\"wp-image-1052\" srcset=\"https:\/\/adrianaarronte.com.es\/wp-content\/uploads\/2024\/03\/07-brindis-1.jpg 717w, https:\/\/adrianaarronte.com.es\/wp-content\/uploads\/2024\/03\/07-brindis-1-300x216.jpg 300w\" sizes=\"auto, (max-width: 717px) 100vw, 717px\" \/><\/a><\/figure>\n<\/figure>\n<\/div>\n<\/div>\n<\/div>\n<\/div>\n\n\n\n<div class=\"wp-block-columns is-layout-flex wp-container-core-columns-is-layout-9d6595d7 wp-block-columns-is-layout-flex\">\n<div class=\"wp-block-column is-layout-flow wp-block-column-is-layout-flow\">\n<div class=\"wp-block-columns is-layout-flex wp-container-core-columns-is-layout-9d6595d7 wp-block-columns-is-layout-flex\">\n<div class=\"wp-block-column is-layout-flow wp-block-column-is-layout-flow\">\n<figure class=\"wp-block-gallery has-nested-images columns-default is-cropped wp-block-gallery-6 is-layout-flex wp-block-gallery-is-layout-flex\">\n<figure class=\"wp-block-image size-large\"><a href=\"https:\/\/adrianaarronte.com.es\/wp-content\/uploads\/2024\/03\/08-brindis.jpg\"><img loading=\"lazy\" decoding=\"async\" width=\"717\" height=\"516\" data-id=\"1054\" src=\"https:\/\/adrianaarronte.com.es\/wp-content\/uploads\/2024\/03\/08-brindis.jpg\" alt=\"\" class=\"wp-image-1054\" srcset=\"https:\/\/adrianaarronte.com.es\/wp-content\/uploads\/2024\/03\/08-brindis.jpg 717w, https:\/\/adrianaarronte.com.es\/wp-content\/uploads\/2024\/03\/08-brindis-300x216.jpg 300w\" sizes=\"auto, (max-width: 717px) 100vw, 717px\" \/><\/a><\/figure>\n<\/figure>\n<\/div>\n\n\n\n<div class=\"wp-block-column is-layout-flow wp-block-column-is-layout-flow\">\n<figure class=\"wp-block-gallery has-nested-images columns-default is-cropped wp-block-gallery-7 is-layout-flex wp-block-gallery-is-layout-flex\">\n<figure class=\"wp-block-image size-large\"><a href=\"https:\/\/adrianaarronte.com.es\/wp-content\/uploads\/2024\/03\/09-brindis.jpg\"><img loading=\"lazy\" decoding=\"async\" width=\"717\" height=\"516\" data-id=\"1056\" src=\"https:\/\/adrianaarronte.com.es\/wp-content\/uploads\/2024\/03\/09-brindis.jpg\" alt=\"\" class=\"wp-image-1056\" srcset=\"https:\/\/adrianaarronte.com.es\/wp-content\/uploads\/2024\/03\/09-brindis.jpg 717w, https:\/\/adrianaarronte.com.es\/wp-content\/uploads\/2024\/03\/09-brindis-300x216.jpg 300w\" sizes=\"auto, (max-width: 717px) 100vw, 717px\" \/><\/a><\/figure>\n<\/figure>\n<\/div>\n<\/div>\n<\/div>\n\n\n\n<div class=\"wp-block-column is-layout-flow wp-block-column-is-layout-flow\">\n<div class=\"wp-block-columns is-layout-flex wp-container-core-columns-is-layout-9d6595d7 wp-block-columns-is-layout-flex\">\n<div class=\"wp-block-column is-layout-flow wp-block-column-is-layout-flow\">\n<figure class=\"wp-block-gallery has-nested-images columns-default is-cropped wp-block-gallery-8 is-layout-flex wp-block-gallery-is-layout-flex\">\n<figure class=\"wp-block-image size-large\"><a href=\"https:\/\/adrianaarronte.com.es\/wp-content\/uploads\/2024\/03\/06-brindis.jpg\"><img loading=\"lazy\" decoding=\"async\" width=\"717\" height=\"516\" data-id=\"1057\" src=\"https:\/\/adrianaarronte.com.es\/wp-content\/uploads\/2024\/03\/06-brindis.jpg\" alt=\"\" class=\"wp-image-1057\" srcset=\"https:\/\/adrianaarronte.com.es\/wp-content\/uploads\/2024\/03\/06-brindis.jpg 717w, https:\/\/adrianaarronte.com.es\/wp-content\/uploads\/2024\/03\/06-brindis-300x216.jpg 300w\" sizes=\"auto, (max-width: 717px) 100vw, 717px\" \/><\/a><\/figure>\n<\/figure>\n<\/div>\n\n\n\n<div class=\"wp-block-column is-layout-flow wp-block-column-is-layout-flow\">\n<figure class=\"wp-block-gallery has-nested-images columns-default is-cropped wp-block-gallery-9 is-layout-flex wp-block-gallery-is-layout-flex\">\n<figure class=\"wp-block-image size-large\"><a href=\"https:\/\/adrianaarronte.com.es\/wp-content\/uploads\/2024\/03\/05-brindis.jpg\"><img loading=\"lazy\" decoding=\"async\" width=\"717\" height=\"516\" data-id=\"1058\" src=\"https:\/\/adrianaarronte.com.es\/wp-content\/uploads\/2024\/03\/05-brindis.jpg\" alt=\"\" class=\"wp-image-1058\" srcset=\"https:\/\/adrianaarronte.com.es\/wp-content\/uploads\/2024\/03\/05-brindis.jpg 717w, https:\/\/adrianaarronte.com.es\/wp-content\/uploads\/2024\/03\/05-brindis-300x216.jpg 300w\" sizes=\"auto, (max-width: 717px) 100vw, 717px\" \/><\/a><\/figure>\n<\/figure>\n<\/div>\n<\/div>\n<\/div>\n<\/div>\n\n\n\n<div class=\"wp-block-columns is-layout-flex wp-container-core-columns-is-layout-9d6595d7 wp-block-columns-is-layout-flex\">\n<div class=\"wp-block-column is-layout-flow wp-block-column-is-layout-flow\">\n<p class=\"has-ast-global-color-3-color has-text-color has-link-color has-small-font-size wp-elements-d4e850e3603b170e9c41c94c414b28b6\"><a href=\"https:\/\/adrianaarronte.com.es\/index.php\/noticias\/exposiciones-individuales\/\">Exposiciones individuales<\/a><\/p>\n<\/div>\n<\/div>\n\n\n\n<p><\/p>\n","protected":false},"excerpt":{"rendered":"<p>Instalaciones | Installation art Colecci\u00f3n Ella Cisneros. Cisneros Fontanals Art Foundation (CIFO), USA VER TODAS LAS COPAS | SEE ALL THE GLASS BRINDIS: Continentes y contenidos | TOAST: Continents and content 2006Objeto, instalaci\u00f3n y happening | Object, installation and happening80 dise\u00f1os de copas. Vidrio |80 designs of glass. GlassDimensiones aproximadas: altura entre 17 y 30&hellip;&nbsp;<a href=\"https:\/\/adrianaarronte.com.es\/index.php\/obras\/instalaciones\/brindis\/\" rel=\"bookmark\"><span class=\"screen-reader-text\">Brindis<\/span><\/a><\/p>\n","protected":false},"author":1,"featured_media":0,"parent":248,"menu_order":5,"comment_status":"closed","ping_status":"closed","template":"","meta":{"neve_meta_sidebar":"","neve_meta_container":"","neve_meta_enable_content_width":"","neve_meta_content_width":0,"neve_meta_title_alignment":"","neve_meta_author_avatar":"","neve_post_elements_order":"","neve_meta_disable_header":"","neve_meta_disable_footer":"","neve_meta_disable_title":"on","footnotes":""},"class_list":["post-347","page","type-page","status-publish","hentry"],"yoast_head":"<!-- This site is optimized with the Yoast SEO plugin v21.6 - https:\/\/yoast.com\/wordpress\/plugins\/seo\/ -->\n<title>Brindis - ADRIANA ARRONTE<\/title>\n<meta name=\"description\" content=\"Durante la acci\u00f3n, las copas conten\u00edan vino tinto y fueron usadas e intercambiadas por los espectadores. La copa como c\u00e1liz fue distorsionada desde un estudio ergon\u00f3mico, procesos f\u00edsicos como conducci\u00f3n de temperatura, gravedad, peso, distorsi\u00f3n \u00f3ptica me permiten dialogar sobre relaciones: sociales, sensuales u org\u00e1nicas. Veo estas relaciones como resultados de similares principios, principios de conductividad, distorsi\u00f3n, etc. aplicables tanto a la forma como a la psiquis.\" \/>\n<meta name=\"robots\" content=\"index, follow, max-snippet:-1, max-image-preview:large, max-video-preview:-1\" \/>\n<link rel=\"canonical\" href=\"https:\/\/adrianaarronte.com.es\/index.php\/obras\/instalaciones\/brindis\/\" \/>\n<meta property=\"og:locale\" content=\"es_ES\" \/>\n<meta property=\"og:type\" content=\"article\" \/>\n<meta property=\"og:title\" content=\"Brindis - ADRIANA ARRONTE\" \/>\n<meta property=\"og:description\" content=\"Durante la acci\u00f3n, las copas conten\u00edan vino tinto y fueron usadas e intercambiadas por los espectadores. La copa como c\u00e1liz fue distorsionada desde un estudio ergon\u00f3mico, procesos f\u00edsicos como conducci\u00f3n de temperatura, gravedad, peso, distorsi\u00f3n \u00f3ptica me permiten dialogar sobre relaciones: sociales, sensuales u org\u00e1nicas. Veo estas relaciones como resultados de similares principios, principios de conductividad, distorsi\u00f3n, etc. aplicables tanto a la forma como a la psiquis.\" \/>\n<meta property=\"og:url\" content=\"https:\/\/adrianaarronte.com.es\/index.php\/obras\/instalaciones\/brindis\/\" \/>\n<meta property=\"og:site_name\" content=\"ADRIANA ARRONTE\" \/>\n<meta property=\"article:modified_time\" content=\"2025-08-28T16:21:12+00:00\" \/>\n<meta property=\"og:image\" content=\"https:\/\/adrianaarronte.com.es\/wp-content\/uploads\/2024\/01\/Brindis-Instalacion-2006-1.jpg\" \/>\n<meta name=\"twitter:card\" content=\"summary_large_image\" \/>\n<meta name=\"twitter:label1\" content=\"Tiempo de lectura\" \/>\n\t<meta name=\"twitter:data1\" content=\"3 minutos\" \/>\n<script type=\"application\/ld+json\" class=\"yoast-schema-graph\">{\"@context\":\"https:\/\/schema.org\",\"@graph\":[{\"@type\":\"WebPage\",\"@id\":\"https:\/\/adrianaarronte.com.es\/index.php\/obras\/instalaciones\/brindis\/\",\"url\":\"https:\/\/adrianaarronte.com.es\/index.php\/obras\/instalaciones\/brindis\/\",\"name\":\"Brindis - ADRIANA ARRONTE\",\"isPartOf\":{\"@id\":\"https:\/\/adrianaarronte.com.es\/#website\"},\"datePublished\":\"2023-09-03T18:19:50+00:00\",\"dateModified\":\"2025-08-28T16:21:12+00:00\",\"description\":\"Durante la acci\u00f3n, las copas conten\u00edan vino tinto y fueron usadas e intercambiadas por los espectadores. La copa como c\u00e1liz fue distorsionada desde un estudio ergon\u00f3mico, procesos f\u00edsicos como conducci\u00f3n de temperatura, gravedad, peso, distorsi\u00f3n \u00f3ptica me permiten dialogar sobre relaciones: sociales, sensuales u org\u00e1nicas. Veo estas relaciones como resultados de similares principios, principios de conductividad, distorsi\u00f3n, etc. aplicables tanto a la forma como a la psiquis.\",\"breadcrumb\":{\"@id\":\"https:\/\/adrianaarronte.com.es\/index.php\/obras\/instalaciones\/brindis\/#breadcrumb\"},\"inLanguage\":\"es\",\"potentialAction\":[{\"@type\":\"ReadAction\",\"target\":[\"https:\/\/adrianaarronte.com.es\/index.php\/obras\/instalaciones\/brindis\/\"]}]},{\"@type\":\"BreadcrumbList\",\"@id\":\"https:\/\/adrianaarronte.com.es\/index.php\/obras\/instalaciones\/brindis\/#breadcrumb\",\"itemListElement\":[{\"@type\":\"ListItem\",\"position\":1,\"name\":\"Home\",\"item\":\"https:\/\/adrianaarronte.com.es\/\"},{\"@type\":\"ListItem\",\"position\":2,\"name\":\"OBRAS\",\"item\":\"https:\/\/adrianaarronte.com.es\/index.php\/obras\/\"},{\"@type\":\"ListItem\",\"position\":3,\"name\":\"Instalaciones\",\"item\":\"https:\/\/adrianaarronte.com.es\/index.php\/obras\/instalaciones\/\"},{\"@type\":\"ListItem\",\"position\":4,\"name\":\"Brindis\"}]},{\"@type\":\"WebSite\",\"@id\":\"https:\/\/adrianaarronte.com.es\/#website\",\"url\":\"https:\/\/adrianaarronte.com.es\/\",\"name\":\"ADRIANA ARRONTE\",\"description\":\"\",\"potentialAction\":[{\"@type\":\"SearchAction\",\"target\":{\"@type\":\"EntryPoint\",\"urlTemplate\":\"https:\/\/adrianaarronte.com.es\/?s={search_term_string}\"},\"query-input\":\"required name=search_term_string\"}],\"inLanguage\":\"es\"}]}<\/script>\n<!-- \/ Yoast SEO plugin. -->","yoast_head_json":{"title":"Brindis - ADRIANA ARRONTE","description":"Durante la acci\u00f3n, las copas conten\u00edan vino tinto y fueron usadas e intercambiadas por los espectadores. La copa como c\u00e1liz fue distorsionada desde un estudio ergon\u00f3mico, procesos f\u00edsicos como conducci\u00f3n de temperatura, gravedad, peso, distorsi\u00f3n \u00f3ptica me permiten dialogar sobre relaciones: sociales, sensuales u org\u00e1nicas. Veo estas relaciones como resultados de similares principios, principios de conductividad, distorsi\u00f3n, etc. aplicables tanto a la forma como a la psiquis.","robots":{"index":"index","follow":"follow","max-snippet":"max-snippet:-1","max-image-preview":"max-image-preview:large","max-video-preview":"max-video-preview:-1"},"canonical":"https:\/\/adrianaarronte.com.es\/index.php\/obras\/instalaciones\/brindis\/","og_locale":"es_ES","og_type":"article","og_title":"Brindis - ADRIANA ARRONTE","og_description":"Durante la acci\u00f3n, las copas conten\u00edan vino tinto y fueron usadas e intercambiadas por los espectadores. La copa como c\u00e1liz fue distorsionada desde un estudio ergon\u00f3mico, procesos f\u00edsicos como conducci\u00f3n de temperatura, gravedad, peso, distorsi\u00f3n \u00f3ptica me permiten dialogar sobre relaciones: sociales, sensuales u org\u00e1nicas. Veo estas relaciones como resultados de similares principios, principios de conductividad, distorsi\u00f3n, etc. aplicables tanto a la forma como a la psiquis.","og_url":"https:\/\/adrianaarronte.com.es\/index.php\/obras\/instalaciones\/brindis\/","og_site_name":"ADRIANA ARRONTE","article_modified_time":"2025-08-28T16:21:12+00:00","og_image":[{"url":"https:\/\/adrianaarronte.com.es\/wp-content\/uploads\/2024\/01\/Brindis-Instalacion-2006-1.jpg"}],"twitter_card":"summary_large_image","twitter_misc":{"Tiempo de lectura":"3 minutos"},"schema":{"@context":"https:\/\/schema.org","@graph":[{"@type":"WebPage","@id":"https:\/\/adrianaarronte.com.es\/index.php\/obras\/instalaciones\/brindis\/","url":"https:\/\/adrianaarronte.com.es\/index.php\/obras\/instalaciones\/brindis\/","name":"Brindis - ADRIANA ARRONTE","isPartOf":{"@id":"https:\/\/adrianaarronte.com.es\/#website"},"datePublished":"2023-09-03T18:19:50+00:00","dateModified":"2025-08-28T16:21:12+00:00","description":"Durante la acci\u00f3n, las copas conten\u00edan vino tinto y fueron usadas e intercambiadas por los espectadores. La copa como c\u00e1liz fue distorsionada desde un estudio ergon\u00f3mico, procesos f\u00edsicos como conducci\u00f3n de temperatura, gravedad, peso, distorsi\u00f3n \u00f3ptica me permiten dialogar sobre relaciones: sociales, sensuales u org\u00e1nicas. Veo estas relaciones como resultados de similares principios, principios de conductividad, distorsi\u00f3n, etc. aplicables tanto a la forma como a la psiquis.","breadcrumb":{"@id":"https:\/\/adrianaarronte.com.es\/index.php\/obras\/instalaciones\/brindis\/#breadcrumb"},"inLanguage":"es","potentialAction":[{"@type":"ReadAction","target":["https:\/\/adrianaarronte.com.es\/index.php\/obras\/instalaciones\/brindis\/"]}]},{"@type":"BreadcrumbList","@id":"https:\/\/adrianaarronte.com.es\/index.php\/obras\/instalaciones\/brindis\/#breadcrumb","itemListElement":[{"@type":"ListItem","position":1,"name":"Home","item":"https:\/\/adrianaarronte.com.es\/"},{"@type":"ListItem","position":2,"name":"OBRAS","item":"https:\/\/adrianaarronte.com.es\/index.php\/obras\/"},{"@type":"ListItem","position":3,"name":"Instalaciones","item":"https:\/\/adrianaarronte.com.es\/index.php\/obras\/instalaciones\/"},{"@type":"ListItem","position":4,"name":"Brindis"}]},{"@type":"WebSite","@id":"https:\/\/adrianaarronte.com.es\/#website","url":"https:\/\/adrianaarronte.com.es\/","name":"ADRIANA ARRONTE","description":"","potentialAction":[{"@type":"SearchAction","target":{"@type":"EntryPoint","urlTemplate":"https:\/\/adrianaarronte.com.es\/?s={search_term_string}"},"query-input":"required name=search_term_string"}],"inLanguage":"es"}]}},"_links":{"self":[{"href":"https:\/\/adrianaarronte.com.es\/index.php\/wp-json\/wp\/v2\/pages\/347","targetHints":{"allow":["GET"]}}],"collection":[{"href":"https:\/\/adrianaarronte.com.es\/index.php\/wp-json\/wp\/v2\/pages"}],"about":[{"href":"https:\/\/adrianaarronte.com.es\/index.php\/wp-json\/wp\/v2\/types\/page"}],"author":[{"embeddable":true,"href":"https:\/\/adrianaarronte.com.es\/index.php\/wp-json\/wp\/v2\/users\/1"}],"replies":[{"embeddable":true,"href":"https:\/\/adrianaarronte.com.es\/index.php\/wp-json\/wp\/v2\/comments?post=347"}],"version-history":[{"count":21,"href":"https:\/\/adrianaarronte.com.es\/index.php\/wp-json\/wp\/v2\/pages\/347\/revisions"}],"predecessor-version":[{"id":2777,"href":"https:\/\/adrianaarronte.com.es\/index.php\/wp-json\/wp\/v2\/pages\/347\/revisions\/2777"}],"up":[{"embeddable":true,"href":"https:\/\/adrianaarronte.com.es\/index.php\/wp-json\/wp\/v2\/pages\/248"}],"wp:attachment":[{"href":"https:\/\/adrianaarronte.com.es\/index.php\/wp-json\/wp\/v2\/media?parent=347"}],"curies":[{"name":"wp","href":"https:\/\/api.w.org\/{rel}","templated":true}]}}