{"id":352,"date":"2023-09-03T15:37:51","date_gmt":"2023-09-03T18:37:51","guid":{"rendered":"https:\/\/adrianaarronte.com.es\/?page_id=352"},"modified":"2025-09-24T18:35:37","modified_gmt":"2025-09-24T16:35:37","slug":"desayuno","status":"publish","type":"page","link":"https:\/\/adrianaarronte.com.es\/index.php\/obras\/instalaciones\/desayuno\/","title":{"rendered":"Desayuno"},"content":{"rendered":"\n<p class=\"has-ast-global-color-8-color has-text-color has-link-color has-small-font-size wp-elements-7e98bb49aceecdf987b1e2a5e54fa546\">Instalaciones | Installation art<\/p>\n\n\n\n<div class=\"wp-block-columns is-layout-flex wp-container-core-columns-is-layout-9d6595d7 wp-block-columns-is-layout-flex\">\n<div class=\"wp-block-column is-layout-flow wp-block-column-is-layout-flow\">\n<figure class=\"wp-block-gallery has-nested-images columns-default is-cropped wp-block-gallery-1 is-layout-flex wp-block-gallery-is-layout-flex\">\n<figure class=\"wp-block-image size-full\"><a href=\"https:\/\/adrianaarronte.com.es\/wp-content\/uploads\/2023\/12\/vista-general.jpg\"><img loading=\"lazy\" decoding=\"async\" width=\"909\" height=\"682\" data-id=\"919\" src=\"https:\/\/adrianaarronte.com.es\/wp-content\/uploads\/2023\/12\/vista-general.jpg\" alt=\"\" class=\"wp-image-919\" srcset=\"https:\/\/adrianaarronte.com.es\/wp-content\/uploads\/2023\/12\/vista-general.jpg 909w, https:\/\/adrianaarronte.com.es\/wp-content\/uploads\/2023\/12\/vista-general-300x225.jpg 300w, https:\/\/adrianaarronte.com.es\/wp-content\/uploads\/2023\/12\/vista-general-768x576.jpg 768w\" sizes=\"auto, (max-width: 909px) 100vw, 909px\" \/><\/a><\/figure>\n<\/figure>\n\n\n\n<p class=\"has-ast-global-color-8-color has-text-color has-link-color has-small-font-size wp-elements-eece576ada0ca7dec459ef9fee0bae20\">Colecci\u00f3n Ella Cisneros. Cisneros Fontanals Art Foundation (CIFO), USA<\/p>\n\n\n\n<p class=\"has-ast-global-color-3-color has-text-color has-link-color has-small-font-size wp-elements-ef144819db009cd27c07b72be9a1f455\"><a href=\"https:\/\/adrianaarronte.com.es\/index.php\/obras\/objetos-objects\/desayuno-tazas-2\/\"><strong>VER TODAS LAS TAZAS<\/strong> | SEE ALL THE CUPS<\/a><\/p>\n<\/div>\n\n\n\n<div class=\"wp-block-column is-layout-flow wp-block-column-is-layout-flow\">\n<p class=\"has-ast-global-color-3-color has-text-color has-small-font-size\"><strong>DESAYUNO<\/strong> | <strong>BREAKFAST<\/strong><br>2008<\/p>\n\n\n\n<p class=\"has-ast-global-color-3-color has-text-color has-small-font-size\">Objeto, instalaci\u00f3n y happening | Object, installation and happening.<br>30 dise\u00f1os de tazas y platos. Loza |30 designs of cups and dishes. Crockery.<br>Dimensiones variables<\/p>\n\n\n\n<p class=\"has-ast-global-color-3-color has-text-color has-small-font-size\">En la inauguraci\u00f3n, realizada a las 10AM las tazas conten\u00edan leche y fueron usadas por el p\u00fablico que desayun\u00f3 en ellas. Desayuno, aborda el despertar a una nueva percepci\u00f3n, impregnada por el sentido del comienzo, de percibir lo que el alimento oculta, blanco, opaco, fundido al continente, distinguible s\u00f3lo por la sustancia.<\/p>\n\n\n\n<p class=\"has-ast-global-color-8-color has-text-color has-small-font-size\">At the opening, which took place at 10 am, the cups were filled with milk and served to the audience for breakfast. Breakfast deals with the awakening of a new perception filled with a sense of beginning, the perception of what lies hidden in the food beyond its being white, opaque, fused to the container, distinguishable merely as a substance.<\/p>\n<\/div>\n<\/div>\n\n\n\n<div class=\"wp-block-columns is-layout-flex wp-container-core-columns-is-layout-9d6595d7 wp-block-columns-is-layout-flex\">\n<div class=\"wp-block-column is-layout-flow wp-block-column-is-layout-flow\">\n<div class=\"wp-block-columns is-layout-flex wp-container-core-columns-is-layout-9d6595d7 wp-block-columns-is-layout-flex\">\n<div class=\"wp-block-column is-layout-flow wp-block-column-is-layout-flow\">\n<figure class=\"wp-block-gallery has-nested-images columns-default is-cropped wp-block-gallery-2 is-layout-flex wp-block-gallery-is-layout-flex\">\n<figure class=\"wp-block-image size-full\"><a href=\"https:\/\/adrianaarronte.com.es\/wp-content\/uploads\/2023\/12\/Desayuno.jpg\"><img loading=\"lazy\" decoding=\"async\" width=\"909\" height=\"682\" data-id=\"922\" src=\"https:\/\/adrianaarronte.com.es\/wp-content\/uploads\/2023\/12\/Desayuno.jpg\" alt=\"\" class=\"wp-image-922\" srcset=\"https:\/\/adrianaarronte.com.es\/wp-content\/uploads\/2023\/12\/Desayuno.jpg 909w, https:\/\/adrianaarronte.com.es\/wp-content\/uploads\/2023\/12\/Desayuno-300x225.jpg 300w, https:\/\/adrianaarronte.com.es\/wp-content\/uploads\/2023\/12\/Desayuno-768x576.jpg 768w\" sizes=\"auto, (max-width: 909px) 100vw, 909px\" \/><\/a><\/figure>\n<\/figure>\n<\/div>\n\n\n\n<div class=\"wp-block-column is-layout-flow wp-block-column-is-layout-flow\">\n<figure class=\"wp-block-gallery has-nested-images columns-default is-cropped wp-block-gallery-3 is-layout-flex wp-block-gallery-is-layout-flex\">\n<figure class=\"wp-block-image size-large\"><a href=\"https:\/\/adrianaarronte.com.es\/wp-content\/uploads\/2023\/12\/web-vista-general-3.jpg\"><img loading=\"lazy\" decoding=\"async\" width=\"1024\" height=\"768\" data-id=\"623\" src=\"https:\/\/adrianaarronte.com.es\/wp-content\/uploads\/2023\/12\/web-vista-general-3-1024x768.jpg\" alt=\"\" class=\"wp-image-623\" srcset=\"https:\/\/adrianaarronte.com.es\/wp-content\/uploads\/2023\/12\/web-vista-general-3-1024x768.jpg 1024w, https:\/\/adrianaarronte.com.es\/wp-content\/uploads\/2023\/12\/web-vista-general-3-300x225.jpg 300w, https:\/\/adrianaarronte.com.es\/wp-content\/uploads\/2023\/12\/web-vista-general-3-768x576.jpg 768w, https:\/\/adrianaarronte.com.es\/wp-content\/uploads\/2023\/12\/web-vista-general-3-1536x1152.jpg 1536w, https:\/\/adrianaarronte.com.es\/wp-content\/uploads\/2023\/12\/web-vista-general-3-2048x1536.jpg 2048w\" sizes=\"auto, (max-width: 1024px) 100vw, 1024px\" \/><\/a><\/figure>\n<\/figure>\n<\/div>\n<\/div>\n<\/div>\n\n\n\n<div class=\"wp-block-column is-layout-flow wp-block-column-is-layout-flow\">\n<div class=\"wp-block-columns is-layout-flex wp-container-core-columns-is-layout-9d6595d7 wp-block-columns-is-layout-flex\">\n<div class=\"wp-block-column is-layout-flow wp-block-column-is-layout-flow\">\n<figure class=\"wp-block-gallery has-nested-images columns-default is-cropped wp-block-gallery-4 is-layout-flex wp-block-gallery-is-layout-flex\">\n<figure class=\"wp-block-image size-large\"><a href=\"https:\/\/adrianaarronte.com.es\/wp-content\/uploads\/2023\/12\/web-vista-general-2.jpg\"><img loading=\"lazy\" decoding=\"async\" width=\"1024\" height=\"768\" data-id=\"624\" src=\"https:\/\/adrianaarronte.com.es\/wp-content\/uploads\/2023\/12\/web-vista-general-2-1024x768.jpg\" alt=\"\" class=\"wp-image-624\" srcset=\"https:\/\/adrianaarronte.com.es\/wp-content\/uploads\/2023\/12\/web-vista-general-2-1024x768.jpg 1024w, https:\/\/adrianaarronte.com.es\/wp-content\/uploads\/2023\/12\/web-vista-general-2-300x225.jpg 300w, https:\/\/adrianaarronte.com.es\/wp-content\/uploads\/2023\/12\/web-vista-general-2-768x576.jpg 768w, https:\/\/adrianaarronte.com.es\/wp-content\/uploads\/2023\/12\/web-vista-general-2-1536x1152.jpg 1536w, https:\/\/adrianaarronte.com.es\/wp-content\/uploads\/2023\/12\/web-vista-general-2-2048x1536.jpg 2048w\" sizes=\"auto, (max-width: 1024px) 100vw, 1024px\" \/><\/a><\/figure>\n<\/figure>\n<\/div>\n\n\n\n<div class=\"wp-block-column is-layout-flow wp-block-column-is-layout-flow\">\n<figure class=\"wp-block-gallery has-nested-images columns-default is-cropped wp-block-gallery-5 is-layout-flex wp-block-gallery-is-layout-flex\">\n<figure class=\"wp-block-image size-large\"><a href=\"https:\/\/adrianaarronte.com.es\/wp-content\/uploads\/2023\/12\/web-vista-general-4.jpg\"><img loading=\"lazy\" decoding=\"async\" width=\"1024\" height=\"768\" data-id=\"625\" src=\"https:\/\/adrianaarronte.com.es\/wp-content\/uploads\/2023\/12\/web-vista-general-4-1024x768.jpg\" alt=\"\" class=\"wp-image-625\" srcset=\"https:\/\/adrianaarronte.com.es\/wp-content\/uploads\/2023\/12\/web-vista-general-4-1024x768.jpg 1024w, https:\/\/adrianaarronte.com.es\/wp-content\/uploads\/2023\/12\/web-vista-general-4-300x225.jpg 300w, https:\/\/adrianaarronte.com.es\/wp-content\/uploads\/2023\/12\/web-vista-general-4-768x576.jpg 768w, https:\/\/adrianaarronte.com.es\/wp-content\/uploads\/2023\/12\/web-vista-general-4-1536x1152.jpg 1536w, https:\/\/adrianaarronte.com.es\/wp-content\/uploads\/2023\/12\/web-vista-general-4-2048x1536.jpg 2048w\" sizes=\"auto, (max-width: 1024px) 100vw, 1024px\" \/><\/a><\/figure>\n<\/figure>\n<\/div>\n<\/div>\n<\/div>\n<\/div>\n\n\n\n<p class=\"has-ast-global-color-8-color has-text-color has-link-color has-small-font-size wp-elements-745b9e2995afc945665d546a0a10defa\"><\/p>\n","protected":false},"excerpt":{"rendered":"<p>Instalaciones | Installation art Colecci\u00f3n Ella Cisneros. Cisneros Fontanals Art Foundation (CIFO), USA VER TODAS LAS TAZAS | SEE ALL THE CUPS DESAYUNO | BREAKFAST2008 Objeto, instalaci\u00f3n y happening | Object, installation and happening.30 dise\u00f1os de tazas y platos. Loza |30 designs of cups and dishes. Crockery.Dimensiones variables En la inauguraci\u00f3n, realizada a las 10AM&hellip;&nbsp;<a href=\"https:\/\/adrianaarronte.com.es\/index.php\/obras\/instalaciones\/desayuno\/\" rel=\"bookmark\"><span class=\"screen-reader-text\">Desayuno<\/span><\/a><\/p>\n","protected":false},"author":1,"featured_media":0,"parent":248,"menu_order":3,"comment_status":"closed","ping_status":"closed","template":"","meta":{"neve_meta_sidebar":"","neve_meta_container":"","neve_meta_enable_content_width":"","neve_meta_content_width":0,"neve_meta_title_alignment":"","neve_meta_author_avatar":"","neve_post_elements_order":"","neve_meta_disable_header":"","neve_meta_disable_footer":"","neve_meta_disable_title":"on","footnotes":""},"class_list":["post-352","page","type-page","status-publish","hentry"],"yoast_head":"<!-- This site is optimized with the Yoast SEO plugin v21.6 - https:\/\/yoast.com\/wordpress\/plugins\/seo\/ -->\n<title>Desayuno - ADRIANA ARRONTE<\/title>\n<meta name=\"robots\" content=\"index, follow, max-snippet:-1, max-image-preview:large, max-video-preview:-1\" \/>\n<link rel=\"canonical\" href=\"https:\/\/adrianaarronte.com.es\/index.php\/obras\/instalaciones\/desayuno\/\" \/>\n<meta property=\"og:locale\" content=\"es_ES\" \/>\n<meta property=\"og:type\" content=\"article\" \/>\n<meta property=\"og:title\" content=\"Desayuno - ADRIANA ARRONTE\" \/>\n<meta property=\"og:description\" content=\"Instalaciones | Installation art Colecci\u00f3n Ella Cisneros. Cisneros Fontanals Art Foundation (CIFO), USA VER TODAS LAS TAZAS | SEE ALL THE CUPS DESAYUNO | BREAKFAST2008 Objeto, instalaci\u00f3n y happening | Object, installation and happening.30 dise\u00f1os de tazas y platos. Loza |30 designs of cups and dishes. Crockery.Dimensiones variables En la inauguraci\u00f3n, realizada a las 10AM&hellip;&nbsp;Desayuno\" \/>\n<meta property=\"og:url\" content=\"https:\/\/adrianaarronte.com.es\/index.php\/obras\/instalaciones\/desayuno\/\" \/>\n<meta property=\"og:site_name\" content=\"ADRIANA ARRONTE\" \/>\n<meta property=\"article:modified_time\" content=\"2025-09-24T16:35:37+00:00\" \/>\n<meta property=\"og:image\" content=\"https:\/\/adrianaarronte.com.es\/wp-content\/uploads\/2023\/12\/vista-general.jpg\" \/>\n<meta name=\"twitter:card\" content=\"summary_large_image\" \/>\n<meta name=\"twitter:label1\" content=\"Tiempo de lectura\" \/>\n\t<meta name=\"twitter:data1\" content=\"2 minutos\" \/>\n<script type=\"application\/ld+json\" class=\"yoast-schema-graph\">{\"@context\":\"https:\/\/schema.org\",\"@graph\":[{\"@type\":\"WebPage\",\"@id\":\"https:\/\/adrianaarronte.com.es\/index.php\/obras\/instalaciones\/desayuno\/\",\"url\":\"https:\/\/adrianaarronte.com.es\/index.php\/obras\/instalaciones\/desayuno\/\",\"name\":\"Desayuno - ADRIANA ARRONTE\",\"isPartOf\":{\"@id\":\"https:\/\/adrianaarronte.com.es\/#website\"},\"datePublished\":\"2023-09-03T18:37:51+00:00\",\"dateModified\":\"2025-09-24T16:35:37+00:00\",\"breadcrumb\":{\"@id\":\"https:\/\/adrianaarronte.com.es\/index.php\/obras\/instalaciones\/desayuno\/#breadcrumb\"},\"inLanguage\":\"es\",\"potentialAction\":[{\"@type\":\"ReadAction\",\"target\":[\"https:\/\/adrianaarronte.com.es\/index.php\/obras\/instalaciones\/desayuno\/\"]}]},{\"@type\":\"BreadcrumbList\",\"@id\":\"https:\/\/adrianaarronte.com.es\/index.php\/obras\/instalaciones\/desayuno\/#breadcrumb\",\"itemListElement\":[{\"@type\":\"ListItem\",\"position\":1,\"name\":\"Home\",\"item\":\"https:\/\/adrianaarronte.com.es\/\"},{\"@type\":\"ListItem\",\"position\":2,\"name\":\"OBRAS\",\"item\":\"https:\/\/adrianaarronte.com.es\/index.php\/obras\/\"},{\"@type\":\"ListItem\",\"position\":3,\"name\":\"Instalaciones\",\"item\":\"https:\/\/adrianaarronte.com.es\/index.php\/obras\/instalaciones\/\"},{\"@type\":\"ListItem\",\"position\":4,\"name\":\"Desayuno\"}]},{\"@type\":\"WebSite\",\"@id\":\"https:\/\/adrianaarronte.com.es\/#website\",\"url\":\"https:\/\/adrianaarronte.com.es\/\",\"name\":\"ADRIANA ARRONTE\",\"description\":\"\",\"potentialAction\":[{\"@type\":\"SearchAction\",\"target\":{\"@type\":\"EntryPoint\",\"urlTemplate\":\"https:\/\/adrianaarronte.com.es\/?s={search_term_string}\"},\"query-input\":\"required name=search_term_string\"}],\"inLanguage\":\"es\"}]}<\/script>\n<!-- \/ Yoast SEO plugin. -->","yoast_head_json":{"title":"Desayuno - ADRIANA ARRONTE","robots":{"index":"index","follow":"follow","max-snippet":"max-snippet:-1","max-image-preview":"max-image-preview:large","max-video-preview":"max-video-preview:-1"},"canonical":"https:\/\/adrianaarronte.com.es\/index.php\/obras\/instalaciones\/desayuno\/","og_locale":"es_ES","og_type":"article","og_title":"Desayuno - ADRIANA ARRONTE","og_description":"Instalaciones | Installation art Colecci\u00f3n Ella Cisneros. Cisneros Fontanals Art Foundation (CIFO), USA VER TODAS LAS TAZAS | SEE ALL THE CUPS DESAYUNO | BREAKFAST2008 Objeto, instalaci\u00f3n y happening | Object, installation and happening.30 dise\u00f1os de tazas y platos. Loza |30 designs of cups and dishes. Crockery.Dimensiones variables En la inauguraci\u00f3n, realizada a las 10AM&hellip;&nbsp;Desayuno","og_url":"https:\/\/adrianaarronte.com.es\/index.php\/obras\/instalaciones\/desayuno\/","og_site_name":"ADRIANA ARRONTE","article_modified_time":"2025-09-24T16:35:37+00:00","og_image":[{"url":"https:\/\/adrianaarronte.com.es\/wp-content\/uploads\/2023\/12\/vista-general.jpg"}],"twitter_card":"summary_large_image","twitter_misc":{"Tiempo de lectura":"2 minutos"},"schema":{"@context":"https:\/\/schema.org","@graph":[{"@type":"WebPage","@id":"https:\/\/adrianaarronte.com.es\/index.php\/obras\/instalaciones\/desayuno\/","url":"https:\/\/adrianaarronte.com.es\/index.php\/obras\/instalaciones\/desayuno\/","name":"Desayuno - ADRIANA ARRONTE","isPartOf":{"@id":"https:\/\/adrianaarronte.com.es\/#website"},"datePublished":"2023-09-03T18:37:51+00:00","dateModified":"2025-09-24T16:35:37+00:00","breadcrumb":{"@id":"https:\/\/adrianaarronte.com.es\/index.php\/obras\/instalaciones\/desayuno\/#breadcrumb"},"inLanguage":"es","potentialAction":[{"@type":"ReadAction","target":["https:\/\/adrianaarronte.com.es\/index.php\/obras\/instalaciones\/desayuno\/"]}]},{"@type":"BreadcrumbList","@id":"https:\/\/adrianaarronte.com.es\/index.php\/obras\/instalaciones\/desayuno\/#breadcrumb","itemListElement":[{"@type":"ListItem","position":1,"name":"Home","item":"https:\/\/adrianaarronte.com.es\/"},{"@type":"ListItem","position":2,"name":"OBRAS","item":"https:\/\/adrianaarronte.com.es\/index.php\/obras\/"},{"@type":"ListItem","position":3,"name":"Instalaciones","item":"https:\/\/adrianaarronte.com.es\/index.php\/obras\/instalaciones\/"},{"@type":"ListItem","position":4,"name":"Desayuno"}]},{"@type":"WebSite","@id":"https:\/\/adrianaarronte.com.es\/#website","url":"https:\/\/adrianaarronte.com.es\/","name":"ADRIANA ARRONTE","description":"","potentialAction":[{"@type":"SearchAction","target":{"@type":"EntryPoint","urlTemplate":"https:\/\/adrianaarronte.com.es\/?s={search_term_string}"},"query-input":"required name=search_term_string"}],"inLanguage":"es"}]}},"_links":{"self":[{"href":"https:\/\/adrianaarronte.com.es\/index.php\/wp-json\/wp\/v2\/pages\/352","targetHints":{"allow":["GET"]}}],"collection":[{"href":"https:\/\/adrianaarronte.com.es\/index.php\/wp-json\/wp\/v2\/pages"}],"about":[{"href":"https:\/\/adrianaarronte.com.es\/index.php\/wp-json\/wp\/v2\/types\/page"}],"author":[{"embeddable":true,"href":"https:\/\/adrianaarronte.com.es\/index.php\/wp-json\/wp\/v2\/users\/1"}],"replies":[{"embeddable":true,"href":"https:\/\/adrianaarronte.com.es\/index.php\/wp-json\/wp\/v2\/comments?post=352"}],"version-history":[{"count":17,"href":"https:\/\/adrianaarronte.com.es\/index.php\/wp-json\/wp\/v2\/pages\/352\/revisions"}],"predecessor-version":[{"id":2234,"href":"https:\/\/adrianaarronte.com.es\/index.php\/wp-json\/wp\/v2\/pages\/352\/revisions\/2234"}],"up":[{"embeddable":true,"href":"https:\/\/adrianaarronte.com.es\/index.php\/wp-json\/wp\/v2\/pages\/248"}],"wp:attachment":[{"href":"https:\/\/adrianaarronte.com.es\/index.php\/wp-json\/wp\/v2\/media?parent=352"}],"curies":[{"name":"wp","href":"https:\/\/api.w.org\/{rel}","templated":true}]}}