{"id":359,"date":"2023-09-04T12:19:37","date_gmt":"2023-09-04T15:19:37","guid":{"rendered":"https:\/\/adrianaarronte.com.es\/?page_id=359"},"modified":"2025-07-14T16:42:31","modified_gmt":"2025-07-14T14:42:31","slug":"cambio-de-estado","status":"publish","type":"page","link":"https:\/\/adrianaarronte.com.es\/index.php\/obras\/instalaciones\/cambio-de-estado\/","title":{"rendered":"Cambio de estado"},"content":{"rendered":"\n<div class=\"wp-block-columns is-layout-flex wp-container-core-columns-is-layout-9d6595d7 wp-block-columns-is-layout-flex\">\n<div class=\"wp-block-column is-layout-flow wp-block-column-is-layout-flow\">\n<figure class=\"wp-block-gallery has-nested-images columns-default is-cropped wp-block-gallery-1 is-layout-flex wp-block-gallery-is-layout-flex\">\n<figure class=\"wp-block-image size-large\"><a href=\"https:\/\/adrianaarronte.com.es\/wp-content\/uploads\/2023\/12\/Cambio-de-estado.jpg\"><img loading=\"lazy\" decoding=\"async\" width=\"770\" height=\"514\" data-id=\"553\" src=\"https:\/\/adrianaarronte.com.es\/wp-content\/uploads\/2023\/12\/Cambio-de-estado.jpg\" alt=\"\" class=\"wp-image-553\" srcset=\"https:\/\/adrianaarronte.com.es\/wp-content\/uploads\/2023\/12\/Cambio-de-estado.jpg 770w, https:\/\/adrianaarronte.com.es\/wp-content\/uploads\/2023\/12\/Cambio-de-estado-300x200.jpg 300w, https:\/\/adrianaarronte.com.es\/wp-content\/uploads\/2023\/12\/Cambio-de-estado-768x513.jpg 768w\" sizes=\"auto, (max-width: 770px) 100vw, 770px\" \/><\/a><\/figure>\n<\/figure>\n<\/div>\n\n\n\n<div class=\"wp-block-column is-layout-flow wp-block-column-is-layout-flow\">\n<p class=\"has-small-font-size\"><strong>CAMBIO DE ESTADO <\/strong>|<strong> CHANGE OF STATE<\/strong><br>2015<br>(Insectos necr\u00f3fagos) (necrophagous insects)<br>Escultura, instalaci\u00f3n | Sculpture, installation<br>resina y metacrilato |Acrylic resin and resin<br>Dimensiones variables| Variable dimensions<\/p>\n\n\n\n<p class=\"has-small-font-size\">La instalaci\u00f3n est\u00e1 compuesta por reproducciones de insectos cuyo habitad y alimento es la carro\u00f1a. \u201cEstado\u201d como forma verbal, hace referencia a la condici\u00f3n de algo, tanto f\u00edsico como inmaterial. La dualidad del t\u00e9rmino, usado en pol\u00edtica como en ciencia, apoya la doble naturaleza de esta instalaci\u00f3n.&nbsp; Cambio de estado reflexiona sobre el car\u00e1cter transitivo de la materia y el esp\u00edritu, la transmutaci\u00f3n del cuerpo y el pensamiento. Hace referencia al proceso de corrupci\u00f3n y regeneraci\u00f3n, cuestiona conceptos como la permanencia y el poder.<\/p>\n<\/div>\n<\/div>\n\n\n\n<div class=\"wp-block-columns is-layout-flex wp-container-core-columns-is-layout-9d6595d7 wp-block-columns-is-layout-flex\">\n<div class=\"wp-block-column is-layout-flow wp-block-column-is-layout-flow\">\n<figure class=\"wp-block-gallery has-nested-images columns-default is-cropped wp-block-gallery-2 is-layout-flex wp-block-gallery-is-layout-flex\">\n<figure class=\"wp-block-image size-large\"><a href=\"https:\/\/adrianaarronte.com.es\/wp-content\/uploads\/2023\/12\/Cambio-de-estado-detalle-04.jpg\"><img loading=\"lazy\" decoding=\"async\" width=\"1024\" height=\"681\" data-id=\"554\" src=\"https:\/\/adrianaarronte.com.es\/wp-content\/uploads\/2023\/12\/Cambio-de-estado-detalle-04-1024x681.jpg\" alt=\"\" class=\"wp-image-554\" srcset=\"https:\/\/adrianaarronte.com.es\/wp-content\/uploads\/2023\/12\/Cambio-de-estado-detalle-04-1024x681.jpg 1024w, https:\/\/adrianaarronte.com.es\/wp-content\/uploads\/2023\/12\/Cambio-de-estado-detalle-04-300x199.jpg 300w, https:\/\/adrianaarronte.com.es\/wp-content\/uploads\/2023\/12\/Cambio-de-estado-detalle-04-768x511.jpg 768w, https:\/\/adrianaarronte.com.es\/wp-content\/uploads\/2023\/12\/Cambio-de-estado-detalle-04.jpg 1053w\" sizes=\"auto, (max-width: 1024px) 100vw, 1024px\" \/><\/a><\/figure>\n<\/figure>\n<\/div>\n\n\n\n<div class=\"wp-block-column is-layout-flow wp-block-column-is-layout-flow\">\n<figure class=\"wp-block-gallery has-nested-images columns-default is-cropped wp-block-gallery-3 is-layout-flex wp-block-gallery-is-layout-flex\">\n<figure class=\"wp-block-image size-large\"><a href=\"https:\/\/adrianaarronte.com.es\/wp-content\/uploads\/2023\/12\/Cambio-de-estado-detalle-03.jpg\"><img loading=\"lazy\" decoding=\"async\" width=\"903\" height=\"600\" data-id=\"558\" src=\"https:\/\/adrianaarronte.com.es\/wp-content\/uploads\/2023\/12\/Cambio-de-estado-detalle-03.jpg\" alt=\"\" class=\"wp-image-558\" srcset=\"https:\/\/adrianaarronte.com.es\/wp-content\/uploads\/2023\/12\/Cambio-de-estado-detalle-03.jpg 903w, https:\/\/adrianaarronte.com.es\/wp-content\/uploads\/2023\/12\/Cambio-de-estado-detalle-03-300x199.jpg 300w, https:\/\/adrianaarronte.com.es\/wp-content\/uploads\/2023\/12\/Cambio-de-estado-detalle-03-768x510.jpg 768w\" sizes=\"auto, (max-width: 903px) 100vw, 903px\" \/><\/a><\/figure>\n<\/figure>\n<\/div>\n\n\n\n<div class=\"wp-block-column is-layout-flow wp-block-column-is-layout-flow\">\n<figure class=\"wp-block-gallery has-nested-images columns-default is-cropped wp-block-gallery-4 is-layout-flex wp-block-gallery-is-layout-flex\">\n<figure class=\"wp-block-image size-large\"><a href=\"https:\/\/adrianaarronte.com.es\/wp-content\/uploads\/2023\/12\/Cambio-de-estado-detalle-02.jpg\"><img loading=\"lazy\" decoding=\"async\" width=\"1024\" height=\"681\" data-id=\"559\" src=\"https:\/\/adrianaarronte.com.es\/wp-content\/uploads\/2023\/12\/Cambio-de-estado-detalle-02-1024x681.jpg\" alt=\"\" class=\"wp-image-559\" srcset=\"https:\/\/adrianaarronte.com.es\/wp-content\/uploads\/2023\/12\/Cambio-de-estado-detalle-02-1024x681.jpg 1024w, https:\/\/adrianaarronte.com.es\/wp-content\/uploads\/2023\/12\/Cambio-de-estado-detalle-02-300x199.jpg 300w, https:\/\/adrianaarronte.com.es\/wp-content\/uploads\/2023\/12\/Cambio-de-estado-detalle-02-768x511.jpg 768w, https:\/\/adrianaarronte.com.es\/wp-content\/uploads\/2023\/12\/Cambio-de-estado-detalle-02.jpg 1053w\" sizes=\"auto, (max-width: 1024px) 100vw, 1024px\" \/><\/a><\/figure>\n<\/figure>\n<\/div>\n<\/div>\n","protected":false},"excerpt":{"rendered":"<p>CAMBIO DE ESTADO | CHANGE OF STATE2015(Insectos necr\u00f3fagos) (necrophagous insects)Escultura, instalaci\u00f3n | Sculpture, installationresina y metacrilato |Acrylic resin and resinDimensiones variables| Variable dimensions La instalaci\u00f3n est\u00e1 compuesta por reproducciones de insectos cuyo habitad y alimento es la carro\u00f1a. \u201cEstado\u201d como forma verbal, hace referencia a la condici\u00f3n de algo, tanto f\u00edsico como inmaterial. La dualidad&hellip;&nbsp;<a href=\"https:\/\/adrianaarronte.com.es\/index.php\/obras\/instalaciones\/cambio-de-estado\/\" rel=\"bookmark\"><span class=\"screen-reader-text\">Cambio de estado<\/span><\/a><\/p>\n","protected":false},"author":1,"featured_media":0,"parent":248,"menu_order":7,"comment_status":"closed","ping_status":"closed","template":"","meta":{"neve_meta_sidebar":"","neve_meta_container":"","neve_meta_enable_content_width":"","neve_meta_content_width":0,"neve_meta_title_alignment":"","neve_meta_author_avatar":"","neve_post_elements_order":"","neve_meta_disable_header":"","neve_meta_disable_footer":"","neve_meta_disable_title":"on","footnotes":""},"class_list":["post-359","page","type-page","status-publish","hentry"],"yoast_head":"<!-- This site is optimized with the Yoast SEO plugin v21.6 - https:\/\/yoast.com\/wordpress\/plugins\/seo\/ -->\n<title>Cambio de estado - ADRIANA ARRONTE<\/title>\n<meta name=\"description\" content=\"Cambio de estado reflexiona sobre el car\u00e1cter transitivo de la materia y el esp\u00edritu, la transmutaci\u00f3n del cuerpo y el pensamiento. Hace referencia al proceso de corrupci\u00f3n y regeneraci\u00f3n, cuestiona conceptos como la permanencia y el poder.\" \/>\n<meta name=\"robots\" content=\"index, follow, max-snippet:-1, max-image-preview:large, max-video-preview:-1\" \/>\n<link rel=\"canonical\" href=\"https:\/\/adrianaarronte.com.es\/index.php\/obras\/instalaciones\/cambio-de-estado\/\" \/>\n<meta property=\"og:locale\" content=\"es_ES\" \/>\n<meta property=\"og:type\" content=\"article\" \/>\n<meta property=\"og:title\" content=\"Cambio de estado - ADRIANA ARRONTE\" \/>\n<meta property=\"og:description\" content=\"Cambio de estado reflexiona sobre el car\u00e1cter transitivo de la materia y el esp\u00edritu, la transmutaci\u00f3n del cuerpo y el pensamiento. Hace referencia al proceso de corrupci\u00f3n y regeneraci\u00f3n, cuestiona conceptos como la permanencia y el poder.\" \/>\n<meta property=\"og:url\" content=\"https:\/\/adrianaarronte.com.es\/index.php\/obras\/instalaciones\/cambio-de-estado\/\" \/>\n<meta property=\"og:site_name\" content=\"ADRIANA ARRONTE\" \/>\n<meta property=\"article:modified_time\" content=\"2025-07-14T14:42:31+00:00\" \/>\n<meta property=\"og:image\" content=\"https:\/\/adrianaarronte.com.es\/wp-content\/uploads\/2023\/12\/Cambio-de-estado.jpg\" \/>\n<meta name=\"twitter:card\" content=\"summary_large_image\" \/>\n<meta name=\"twitter:label1\" content=\"Tiempo de lectura\" \/>\n\t<meta name=\"twitter:data1\" content=\"2 minutos\" \/>\n<script type=\"application\/ld+json\" class=\"yoast-schema-graph\">{\"@context\":\"https:\/\/schema.org\",\"@graph\":[{\"@type\":\"WebPage\",\"@id\":\"https:\/\/adrianaarronte.com.es\/index.php\/obras\/instalaciones\/cambio-de-estado\/\",\"url\":\"https:\/\/adrianaarronte.com.es\/index.php\/obras\/instalaciones\/cambio-de-estado\/\",\"name\":\"Cambio de estado - ADRIANA ARRONTE\",\"isPartOf\":{\"@id\":\"https:\/\/adrianaarronte.com.es\/#website\"},\"datePublished\":\"2023-09-04T15:19:37+00:00\",\"dateModified\":\"2025-07-14T14:42:31+00:00\",\"description\":\"Cambio de estado reflexiona sobre el car\u00e1cter transitivo de la materia y el esp\u00edritu, la transmutaci\u00f3n del cuerpo y el pensamiento. Hace referencia al proceso de corrupci\u00f3n y regeneraci\u00f3n, cuestiona conceptos como la permanencia y el poder.\",\"breadcrumb\":{\"@id\":\"https:\/\/adrianaarronte.com.es\/index.php\/obras\/instalaciones\/cambio-de-estado\/#breadcrumb\"},\"inLanguage\":\"es\",\"potentialAction\":[{\"@type\":\"ReadAction\",\"target\":[\"https:\/\/adrianaarronte.com.es\/index.php\/obras\/instalaciones\/cambio-de-estado\/\"]}]},{\"@type\":\"BreadcrumbList\",\"@id\":\"https:\/\/adrianaarronte.com.es\/index.php\/obras\/instalaciones\/cambio-de-estado\/#breadcrumb\",\"itemListElement\":[{\"@type\":\"ListItem\",\"position\":1,\"name\":\"Home\",\"item\":\"https:\/\/adrianaarronte.com.es\/\"},{\"@type\":\"ListItem\",\"position\":2,\"name\":\"OBRAS\",\"item\":\"https:\/\/adrianaarronte.com.es\/index.php\/obras\/\"},{\"@type\":\"ListItem\",\"position\":3,\"name\":\"Instalaciones\",\"item\":\"https:\/\/adrianaarronte.com.es\/index.php\/obras\/instalaciones\/\"},{\"@type\":\"ListItem\",\"position\":4,\"name\":\"Cambio de estado\"}]},{\"@type\":\"WebSite\",\"@id\":\"https:\/\/adrianaarronte.com.es\/#website\",\"url\":\"https:\/\/adrianaarronte.com.es\/\",\"name\":\"ADRIANA ARRONTE\",\"description\":\"\",\"potentialAction\":[{\"@type\":\"SearchAction\",\"target\":{\"@type\":\"EntryPoint\",\"urlTemplate\":\"https:\/\/adrianaarronte.com.es\/?s={search_term_string}\"},\"query-input\":\"required name=search_term_string\"}],\"inLanguage\":\"es\"}]}<\/script>\n<!-- \/ Yoast SEO plugin. -->","yoast_head_json":{"title":"Cambio de estado - ADRIANA ARRONTE","description":"Cambio de estado reflexiona sobre el car\u00e1cter transitivo de la materia y el esp\u00edritu, la transmutaci\u00f3n del cuerpo y el pensamiento. Hace referencia al proceso de corrupci\u00f3n y regeneraci\u00f3n, cuestiona conceptos como la permanencia y el poder.","robots":{"index":"index","follow":"follow","max-snippet":"max-snippet:-1","max-image-preview":"max-image-preview:large","max-video-preview":"max-video-preview:-1"},"canonical":"https:\/\/adrianaarronte.com.es\/index.php\/obras\/instalaciones\/cambio-de-estado\/","og_locale":"es_ES","og_type":"article","og_title":"Cambio de estado - ADRIANA ARRONTE","og_description":"Cambio de estado reflexiona sobre el car\u00e1cter transitivo de la materia y el esp\u00edritu, la transmutaci\u00f3n del cuerpo y el pensamiento. Hace referencia al proceso de corrupci\u00f3n y regeneraci\u00f3n, cuestiona conceptos como la permanencia y el poder.","og_url":"https:\/\/adrianaarronte.com.es\/index.php\/obras\/instalaciones\/cambio-de-estado\/","og_site_name":"ADRIANA ARRONTE","article_modified_time":"2025-07-14T14:42:31+00:00","og_image":[{"url":"https:\/\/adrianaarronte.com.es\/wp-content\/uploads\/2023\/12\/Cambio-de-estado.jpg"}],"twitter_card":"summary_large_image","twitter_misc":{"Tiempo de lectura":"2 minutos"},"schema":{"@context":"https:\/\/schema.org","@graph":[{"@type":"WebPage","@id":"https:\/\/adrianaarronte.com.es\/index.php\/obras\/instalaciones\/cambio-de-estado\/","url":"https:\/\/adrianaarronte.com.es\/index.php\/obras\/instalaciones\/cambio-de-estado\/","name":"Cambio de estado - ADRIANA ARRONTE","isPartOf":{"@id":"https:\/\/adrianaarronte.com.es\/#website"},"datePublished":"2023-09-04T15:19:37+00:00","dateModified":"2025-07-14T14:42:31+00:00","description":"Cambio de estado reflexiona sobre el car\u00e1cter transitivo de la materia y el esp\u00edritu, la transmutaci\u00f3n del cuerpo y el pensamiento. Hace referencia al proceso de corrupci\u00f3n y regeneraci\u00f3n, cuestiona conceptos como la permanencia y el poder.","breadcrumb":{"@id":"https:\/\/adrianaarronte.com.es\/index.php\/obras\/instalaciones\/cambio-de-estado\/#breadcrumb"},"inLanguage":"es","potentialAction":[{"@type":"ReadAction","target":["https:\/\/adrianaarronte.com.es\/index.php\/obras\/instalaciones\/cambio-de-estado\/"]}]},{"@type":"BreadcrumbList","@id":"https:\/\/adrianaarronte.com.es\/index.php\/obras\/instalaciones\/cambio-de-estado\/#breadcrumb","itemListElement":[{"@type":"ListItem","position":1,"name":"Home","item":"https:\/\/adrianaarronte.com.es\/"},{"@type":"ListItem","position":2,"name":"OBRAS","item":"https:\/\/adrianaarronte.com.es\/index.php\/obras\/"},{"@type":"ListItem","position":3,"name":"Instalaciones","item":"https:\/\/adrianaarronte.com.es\/index.php\/obras\/instalaciones\/"},{"@type":"ListItem","position":4,"name":"Cambio de estado"}]},{"@type":"WebSite","@id":"https:\/\/adrianaarronte.com.es\/#website","url":"https:\/\/adrianaarronte.com.es\/","name":"ADRIANA ARRONTE","description":"","potentialAction":[{"@type":"SearchAction","target":{"@type":"EntryPoint","urlTemplate":"https:\/\/adrianaarronte.com.es\/?s={search_term_string}"},"query-input":"required name=search_term_string"}],"inLanguage":"es"}]}},"_links":{"self":[{"href":"https:\/\/adrianaarronte.com.es\/index.php\/wp-json\/wp\/v2\/pages\/359","targetHints":{"allow":["GET"]}}],"collection":[{"href":"https:\/\/adrianaarronte.com.es\/index.php\/wp-json\/wp\/v2\/pages"}],"about":[{"href":"https:\/\/adrianaarronte.com.es\/index.php\/wp-json\/wp\/v2\/types\/page"}],"author":[{"embeddable":true,"href":"https:\/\/adrianaarronte.com.es\/index.php\/wp-json\/wp\/v2\/users\/1"}],"replies":[{"embeddable":true,"href":"https:\/\/adrianaarronte.com.es\/index.php\/wp-json\/wp\/v2\/comments?post=359"}],"version-history":[{"count":6,"href":"https:\/\/adrianaarronte.com.es\/index.php\/wp-json\/wp\/v2\/pages\/359\/revisions"}],"predecessor-version":[{"id":2237,"href":"https:\/\/adrianaarronte.com.es\/index.php\/wp-json\/wp\/v2\/pages\/359\/revisions\/2237"}],"up":[{"embeddable":true,"href":"https:\/\/adrianaarronte.com.es\/index.php\/wp-json\/wp\/v2\/pages\/248"}],"wp:attachment":[{"href":"https:\/\/adrianaarronte.com.es\/index.php\/wp-json\/wp\/v2\/media?parent=359"}],"curies":[{"name":"wp","href":"https:\/\/api.w.org\/{rel}","templated":true}]}}