{"id":366,"date":"2023-09-04T12:36:08","date_gmt":"2023-09-04T15:36:08","guid":{"rendered":"https:\/\/adrianaarronte.com.es\/?page_id=366"},"modified":"2025-07-14T20:02:28","modified_gmt":"2025-07-14T18:02:28","slug":"dibujo-draw-esmalte-vitral-acrilico-o-cristal-painting-stained-glass-glass","status":"publish","type":"page","link":"https:\/\/adrianaarronte.com.es\/index.php\/obras\/dibujos-drawings\/dibujo-draw-esmalte-vitral-acrilico-o-cristal-painting-stained-glass-glass\/","title":{"rendered":"Derrame"},"content":{"rendered":"\n<div class=\"wp-block-columns is-layout-flex wp-container-core-columns-is-layout-9d6595d7 wp-block-columns-is-layout-flex\">\n<div class=\"wp-block-column is-layout-flow wp-block-column-is-layout-flow\">\n<figure class=\"wp-block-gallery has-nested-images columns-default is-cropped wp-block-gallery-1 is-layout-flex wp-block-gallery-is-layout-flex\">\n<figure class=\"wp-block-image size-large\"><img loading=\"lazy\" decoding=\"async\" width=\"1024\" height=\"655\" data-id=\"841\" src=\"https:\/\/adrianaarronte.com.es\/wp-content\/uploads\/2023\/12\/Derrame-galeria-2-1024x655.jpg\" alt=\"\" class=\"wp-image-841\" srcset=\"https:\/\/adrianaarronte.com.es\/wp-content\/uploads\/2023\/12\/Derrame-galeria-2-1024x655.jpg 1024w, https:\/\/adrianaarronte.com.es\/wp-content\/uploads\/2023\/12\/Derrame-galeria-2-300x192.jpg 300w, https:\/\/adrianaarronte.com.es\/wp-content\/uploads\/2023\/12\/Derrame-galeria-2-768x491.jpg 768w, https:\/\/adrianaarronte.com.es\/wp-content\/uploads\/2023\/12\/Derrame-galeria-2.jpg 1046w\" sizes=\"auto, (max-width: 1024px) 100vw, 1024px\" \/><\/figure>\n<\/figure>\n<\/div>\n\n\n\n<div class=\"wp-block-column is-layout-flow wp-block-column-is-layout-flow\">\n<p class=\"has-small-font-size\"><strong>DERRAME <\/strong>|<strong> BLEEDING<\/strong><br>2009 &#8211; 2016<br>Dibujo | Draw<br>Esmalte vitral \/ acr\u00edlico \u00f3 cristal | Painting stained glass \/ glass.<br>Dimensiones variables | Variable dimensions.<\/p>\n\n\n\n<p class=\"has-small-font-size\">Derrame se inspira en la tradici\u00f3n del vitral, en las placas de hemogramas y en im\u00e1genes y titulares de publicaciones peri\u00f3dicas. El vitral por tradici\u00f3n es construido con motivos de contenido hist\u00f3rico, religioso u ornamental, siempre imbuido del esp\u00edritu cultural que lo genera. El hemograma analiza estados f\u00edsicos del individuo tomando su sangre como referencia, la serie Derrame estudia desde una perspectiva global c\u00e9lulas que componen el plasma de informaci\u00f3n (noticias) textual y visual en el mundo contempor\u00e1neo.<\/p>\n<\/div>\n<\/div>\n\n\n\n<p class=\"has-nv-c-1-color has-text-color has-link-color has-small-font-size wp-elements-f1865f39a77f181a212090d35581c0f3\">Bleeding uses as a source of inspiration the tradition of stained glass, hemographic charts, and images and headlines appearing in print media. Stained glass traditionally features historical, religious or decorative motives and always carries the cultural spirit of its conception. A hemogram studies physical states of an individual by analyzing his or her blood. Bleeding studies, from a global perspective, the cells that make up the plasma of information (news), both written and visual, in today\u2019s world.<\/p>\n\n\n\n<div class=\"wp-block-columns is-layout-flex wp-container-core-columns-is-layout-9d6595d7 wp-block-columns-is-layout-flex\">\n<div class=\"wp-block-column is-layout-flow wp-block-column-is-layout-flow\">\n<div class=\"wp-block-columns is-layout-flex wp-container-core-columns-is-layout-9d6595d7 wp-block-columns-is-layout-flex\">\n<div class=\"wp-block-column is-layout-flow wp-block-column-is-layout-flow\">\n<figure class=\"wp-block-gallery has-nested-images columns-default is-cropped wp-block-gallery-2 is-layout-flex wp-block-gallery-is-layout-flex\">\n<figure class=\"wp-block-image size-large\"><a href=\"https:\/\/adrianaarronte.com.es\/wp-content\/uploads\/2023\/12\/05-Gulliver-Mueum.jpg\"><img loading=\"lazy\" decoding=\"async\" width=\"846\" height=\"557\" data-id=\"847\" src=\"https:\/\/adrianaarronte.com.es\/wp-content\/uploads\/2023\/12\/05-Gulliver-Mueum.jpg\" alt=\"\" class=\"wp-image-847\" srcset=\"https:\/\/adrianaarronte.com.es\/wp-content\/uploads\/2023\/12\/05-Gulliver-Mueum.jpg 846w, https:\/\/adrianaarronte.com.es\/wp-content\/uploads\/2023\/12\/05-Gulliver-Mueum-300x198.jpg 300w, https:\/\/adrianaarronte.com.es\/wp-content\/uploads\/2023\/12\/05-Gulliver-Mueum-768x506.jpg 768w\" sizes=\"auto, (max-width: 846px) 100vw, 846px\" \/><\/a><\/figure>\n<\/figure>\n<\/div>\n\n\n\n<div class=\"wp-block-column is-layout-flow wp-block-column-is-layout-flow\">\n<figure class=\"wp-block-gallery has-nested-images columns-default is-cropped wp-block-gallery-3 is-layout-flex wp-block-gallery-is-layout-flex\">\n<figure class=\"wp-block-image size-large\"><a href=\"https:\/\/adrianaarronte.com.es\/wp-content\/uploads\/2023\/12\/Serie-Derrame-01-Adriana-Arronte.jpg\"><img loading=\"lazy\" decoding=\"async\" width=\"846\" height=\"557\" data-id=\"848\" src=\"https:\/\/adrianaarronte.com.es\/wp-content\/uploads\/2023\/12\/Serie-Derrame-01-Adriana-Arronte.jpg\" alt=\"\" class=\"wp-image-848\" srcset=\"https:\/\/adrianaarronte.com.es\/wp-content\/uploads\/2023\/12\/Serie-Derrame-01-Adriana-Arronte.jpg 846w, https:\/\/adrianaarronte.com.es\/wp-content\/uploads\/2023\/12\/Serie-Derrame-01-Adriana-Arronte-300x198.jpg 300w, https:\/\/adrianaarronte.com.es\/wp-content\/uploads\/2023\/12\/Serie-Derrame-01-Adriana-Arronte-768x506.jpg 768w\" sizes=\"auto, (max-width: 846px) 100vw, 846px\" \/><\/a><\/figure>\n<\/figure>\n<\/div>\n<\/div>\n<\/div>\n\n\n\n<div class=\"wp-block-column is-layout-flow wp-block-column-is-layout-flow\">\n<div class=\"wp-block-columns is-layout-flex wp-container-core-columns-is-layout-9d6595d7 wp-block-columns-is-layout-flex\">\n<div class=\"wp-block-column is-layout-flow wp-block-column-is-layout-flow\">\n<figure class=\"wp-block-gallery has-nested-images columns-default is-cropped wp-block-gallery-4 is-layout-flex wp-block-gallery-is-layout-flex\">\n<figure class=\"wp-block-image size-large\"><a href=\"https:\/\/adrianaarronte.com.es\/wp-content\/uploads\/2023\/12\/detalle-Derrame.jpg\"><img loading=\"lazy\" decoding=\"async\" width=\"846\" height=\"557\" data-id=\"850\" src=\"https:\/\/adrianaarronte.com.es\/wp-content\/uploads\/2023\/12\/detalle-Derrame.jpg\" alt=\"\" class=\"wp-image-850\" srcset=\"https:\/\/adrianaarronte.com.es\/wp-content\/uploads\/2023\/12\/detalle-Derrame.jpg 846w, https:\/\/adrianaarronte.com.es\/wp-content\/uploads\/2023\/12\/detalle-Derrame-300x198.jpg 300w, https:\/\/adrianaarronte.com.es\/wp-content\/uploads\/2023\/12\/detalle-Derrame-768x506.jpg 768w\" sizes=\"auto, (max-width: 846px) 100vw, 846px\" \/><\/a><\/figure>\n<\/figure>\n<\/div>\n\n\n\n<div class=\"wp-block-column is-layout-flow wp-block-column-is-layout-flow\">\n<figure class=\"wp-block-gallery has-nested-images columns-default is-cropped wp-block-gallery-5 is-layout-flex wp-block-gallery-is-layout-flex\">\n<figure class=\"wp-block-image size-large\"><a href=\"https:\/\/adrianaarronte.com.es\/wp-content\/uploads\/2023\/12\/detalle-Derrame-2.jpg\"><img loading=\"lazy\" decoding=\"async\" width=\"846\" height=\"557\" data-id=\"851\" src=\"https:\/\/adrianaarronte.com.es\/wp-content\/uploads\/2023\/12\/detalle-Derrame-2.jpg\" alt=\"\" class=\"wp-image-851\" srcset=\"https:\/\/adrianaarronte.com.es\/wp-content\/uploads\/2023\/12\/detalle-Derrame-2.jpg 846w, https:\/\/adrianaarronte.com.es\/wp-content\/uploads\/2023\/12\/detalle-Derrame-2-300x198.jpg 300w, https:\/\/adrianaarronte.com.es\/wp-content\/uploads\/2023\/12\/detalle-Derrame-2-768x506.jpg 768w\" sizes=\"auto, (max-width: 846px) 100vw, 846px\" \/><\/a><\/figure>\n<\/figure>\n<\/div>\n<\/div>\n<\/div>\n<\/div>\n","protected":false},"excerpt":{"rendered":"<p>DERRAME | BLEEDING2009 &#8211; 2016Dibujo | DrawEsmalte vitral \/ acr\u00edlico \u00f3 cristal | Painting stained glass \/ glass.Dimensiones variables | Variable dimensions. Derrame se inspira en la tradici\u00f3n del vitral, en las placas de hemogramas y en im\u00e1genes y titulares de publicaciones peri\u00f3dicas. El vitral por tradici\u00f3n es construido con motivos de contenido hist\u00f3rico, religioso&hellip;&nbsp;<a href=\"https:\/\/adrianaarronte.com.es\/index.php\/obras\/dibujos-drawings\/dibujo-draw-esmalte-vitral-acrilico-o-cristal-painting-stained-glass-glass\/\" rel=\"bookmark\"><span class=\"screen-reader-text\">Derrame<\/span><\/a><\/p>\n","protected":false},"author":1,"featured_media":0,"parent":129,"menu_order":3,"comment_status":"closed","ping_status":"closed","template":"","meta":{"neve_meta_sidebar":"","neve_meta_container":"","neve_meta_enable_content_width":"","neve_meta_content_width":0,"neve_meta_title_alignment":"","neve_meta_author_avatar":"","neve_post_elements_order":"","neve_meta_disable_header":"","neve_meta_disable_footer":"","neve_meta_disable_title":"on","footnotes":""},"class_list":["post-366","page","type-page","status-publish","hentry"],"yoast_head":"<!-- This site is optimized with the Yoast SEO plugin v21.6 - https:\/\/yoast.com\/wordpress\/plugins\/seo\/ -->\n<title>Derrame - ADRIANA ARRONTE<\/title>\n<meta name=\"description\" content=\"Derrame se inspira en la tradici\u00f3n del vitral, en las placas de hemogramas y en im\u00e1genes y titulares de publicaciones peri\u00f3dicas. El vitral por tradici\u00f3n es construido con motivos de contenido hist\u00f3rico, religioso u ornamental, siempre imbuido del esp\u00edritu cultural que lo genera. El hemograma analiza estados f\u00edsicos del individuo tomando su sangre como referencia, la serie Derrame estudia desde una perspectiva global c\u00e9lulas que componen el plasma de informaci\u00f3n (noticias) textual y visual en el mundo contempor\u00e1neo.\" \/>\n<meta name=\"robots\" content=\"index, follow, max-snippet:-1, max-image-preview:large, max-video-preview:-1\" \/>\n<link rel=\"canonical\" href=\"https:\/\/adrianaarronte.com.es\/index.php\/obras\/dibujos-drawings\/dibujo-draw-esmalte-vitral-acrilico-o-cristal-painting-stained-glass-glass\/\" \/>\n<meta property=\"og:locale\" content=\"es_ES\" \/>\n<meta property=\"og:type\" content=\"article\" \/>\n<meta property=\"og:title\" content=\"Derrame - ADRIANA ARRONTE\" \/>\n<meta property=\"og:description\" content=\"Derrame se inspira en la tradici\u00f3n del vitral, en las placas de hemogramas y en im\u00e1genes y titulares de publicaciones peri\u00f3dicas. El vitral por tradici\u00f3n es construido con motivos de contenido hist\u00f3rico, religioso u ornamental, siempre imbuido del esp\u00edritu cultural que lo genera. El hemograma analiza estados f\u00edsicos del individuo tomando su sangre como referencia, la serie Derrame estudia desde una perspectiva global c\u00e9lulas que componen el plasma de informaci\u00f3n (noticias) textual y visual en el mundo contempor\u00e1neo.\" \/>\n<meta property=\"og:url\" content=\"https:\/\/adrianaarronte.com.es\/index.php\/obras\/dibujos-drawings\/dibujo-draw-esmalte-vitral-acrilico-o-cristal-painting-stained-glass-glass\/\" \/>\n<meta property=\"og:site_name\" content=\"ADRIANA ARRONTE\" \/>\n<meta property=\"article:modified_time\" content=\"2025-07-14T18:02:28+00:00\" \/>\n<meta property=\"og:image\" content=\"https:\/\/adrianaarronte.com.es\/wp-content\/uploads\/2023\/12\/Derrame-galeria-2-1024x655.jpg\" \/>\n<meta name=\"twitter:card\" content=\"summary_large_image\" \/>\n<meta name=\"twitter:label1\" content=\"Tiempo de lectura\" \/>\n\t<meta name=\"twitter:data1\" content=\"2 minutos\" \/>\n<script type=\"application\/ld+json\" class=\"yoast-schema-graph\">{\"@context\":\"https:\/\/schema.org\",\"@graph\":[{\"@type\":\"WebPage\",\"@id\":\"https:\/\/adrianaarronte.com.es\/index.php\/obras\/dibujos-drawings\/dibujo-draw-esmalte-vitral-acrilico-o-cristal-painting-stained-glass-glass\/\",\"url\":\"https:\/\/adrianaarronte.com.es\/index.php\/obras\/dibujos-drawings\/dibujo-draw-esmalte-vitral-acrilico-o-cristal-painting-stained-glass-glass\/\",\"name\":\"Derrame - ADRIANA ARRONTE\",\"isPartOf\":{\"@id\":\"https:\/\/adrianaarronte.com.es\/#website\"},\"datePublished\":\"2023-09-04T15:36:08+00:00\",\"dateModified\":\"2025-07-14T18:02:28+00:00\",\"description\":\"Derrame se inspira en la tradici\u00f3n del vitral, en las placas de hemogramas y en im\u00e1genes y titulares de publicaciones peri\u00f3dicas. El vitral por tradici\u00f3n es construido con motivos de contenido hist\u00f3rico, religioso u ornamental, siempre imbuido del esp\u00edritu cultural que lo genera. El hemograma analiza estados f\u00edsicos del individuo tomando su sangre como referencia, la serie Derrame estudia desde una perspectiva global c\u00e9lulas que componen el plasma de informaci\u00f3n (noticias) textual y visual en el mundo contempor\u00e1neo.\",\"breadcrumb\":{\"@id\":\"https:\/\/adrianaarronte.com.es\/index.php\/obras\/dibujos-drawings\/dibujo-draw-esmalte-vitral-acrilico-o-cristal-painting-stained-glass-glass\/#breadcrumb\"},\"inLanguage\":\"es\",\"potentialAction\":[{\"@type\":\"ReadAction\",\"target\":[\"https:\/\/adrianaarronte.com.es\/index.php\/obras\/dibujos-drawings\/dibujo-draw-esmalte-vitral-acrilico-o-cristal-painting-stained-glass-glass\/\"]}]},{\"@type\":\"BreadcrumbList\",\"@id\":\"https:\/\/adrianaarronte.com.es\/index.php\/obras\/dibujos-drawings\/dibujo-draw-esmalte-vitral-acrilico-o-cristal-painting-stained-glass-glass\/#breadcrumb\",\"itemListElement\":[{\"@type\":\"ListItem\",\"position\":1,\"name\":\"Home\",\"item\":\"https:\/\/adrianaarronte.com.es\/\"},{\"@type\":\"ListItem\",\"position\":2,\"name\":\"OBRAS\",\"item\":\"https:\/\/adrianaarronte.com.es\/index.php\/obras\/\"},{\"@type\":\"ListItem\",\"position\":3,\"name\":\"Dibujos\",\"item\":\"https:\/\/adrianaarronte.com.es\/index.php\/obras\/dibujos-drawings\/\"},{\"@type\":\"ListItem\",\"position\":4,\"name\":\"Derrame\"}]},{\"@type\":\"WebSite\",\"@id\":\"https:\/\/adrianaarronte.com.es\/#website\",\"url\":\"https:\/\/adrianaarronte.com.es\/\",\"name\":\"ADRIANA ARRONTE\",\"description\":\"\",\"potentialAction\":[{\"@type\":\"SearchAction\",\"target\":{\"@type\":\"EntryPoint\",\"urlTemplate\":\"https:\/\/adrianaarronte.com.es\/?s={search_term_string}\"},\"query-input\":\"required name=search_term_string\"}],\"inLanguage\":\"es\"}]}<\/script>\n<!-- \/ Yoast SEO plugin. -->","yoast_head_json":{"title":"Derrame - ADRIANA ARRONTE","description":"Derrame se inspira en la tradici\u00f3n del vitral, en las placas de hemogramas y en im\u00e1genes y titulares de publicaciones peri\u00f3dicas. El vitral por tradici\u00f3n es construido con motivos de contenido hist\u00f3rico, religioso u ornamental, siempre imbuido del esp\u00edritu cultural que lo genera. El hemograma analiza estados f\u00edsicos del individuo tomando su sangre como referencia, la serie Derrame estudia desde una perspectiva global c\u00e9lulas que componen el plasma de informaci\u00f3n (noticias) textual y visual en el mundo contempor\u00e1neo.","robots":{"index":"index","follow":"follow","max-snippet":"max-snippet:-1","max-image-preview":"max-image-preview:large","max-video-preview":"max-video-preview:-1"},"canonical":"https:\/\/adrianaarronte.com.es\/index.php\/obras\/dibujos-drawings\/dibujo-draw-esmalte-vitral-acrilico-o-cristal-painting-stained-glass-glass\/","og_locale":"es_ES","og_type":"article","og_title":"Derrame - ADRIANA ARRONTE","og_description":"Derrame se inspira en la tradici\u00f3n del vitral, en las placas de hemogramas y en im\u00e1genes y titulares de publicaciones peri\u00f3dicas. El vitral por tradici\u00f3n es construido con motivos de contenido hist\u00f3rico, religioso u ornamental, siempre imbuido del esp\u00edritu cultural que lo genera. El hemograma analiza estados f\u00edsicos del individuo tomando su sangre como referencia, la serie Derrame estudia desde una perspectiva global c\u00e9lulas que componen el plasma de informaci\u00f3n (noticias) textual y visual en el mundo contempor\u00e1neo.","og_url":"https:\/\/adrianaarronte.com.es\/index.php\/obras\/dibujos-drawings\/dibujo-draw-esmalte-vitral-acrilico-o-cristal-painting-stained-glass-glass\/","og_site_name":"ADRIANA ARRONTE","article_modified_time":"2025-07-14T18:02:28+00:00","og_image":[{"url":"https:\/\/adrianaarronte.com.es\/wp-content\/uploads\/2023\/12\/Derrame-galeria-2-1024x655.jpg"}],"twitter_card":"summary_large_image","twitter_misc":{"Tiempo de lectura":"2 minutos"},"schema":{"@context":"https:\/\/schema.org","@graph":[{"@type":"WebPage","@id":"https:\/\/adrianaarronte.com.es\/index.php\/obras\/dibujos-drawings\/dibujo-draw-esmalte-vitral-acrilico-o-cristal-painting-stained-glass-glass\/","url":"https:\/\/adrianaarronte.com.es\/index.php\/obras\/dibujos-drawings\/dibujo-draw-esmalte-vitral-acrilico-o-cristal-painting-stained-glass-glass\/","name":"Derrame - ADRIANA ARRONTE","isPartOf":{"@id":"https:\/\/adrianaarronte.com.es\/#website"},"datePublished":"2023-09-04T15:36:08+00:00","dateModified":"2025-07-14T18:02:28+00:00","description":"Derrame se inspira en la tradici\u00f3n del vitral, en las placas de hemogramas y en im\u00e1genes y titulares de publicaciones peri\u00f3dicas. El vitral por tradici\u00f3n es construido con motivos de contenido hist\u00f3rico, religioso u ornamental, siempre imbuido del esp\u00edritu cultural que lo genera. El hemograma analiza estados f\u00edsicos del individuo tomando su sangre como referencia, la serie Derrame estudia desde una perspectiva global c\u00e9lulas que componen el plasma de informaci\u00f3n (noticias) textual y visual en el mundo contempor\u00e1neo.","breadcrumb":{"@id":"https:\/\/adrianaarronte.com.es\/index.php\/obras\/dibujos-drawings\/dibujo-draw-esmalte-vitral-acrilico-o-cristal-painting-stained-glass-glass\/#breadcrumb"},"inLanguage":"es","potentialAction":[{"@type":"ReadAction","target":["https:\/\/adrianaarronte.com.es\/index.php\/obras\/dibujos-drawings\/dibujo-draw-esmalte-vitral-acrilico-o-cristal-painting-stained-glass-glass\/"]}]},{"@type":"BreadcrumbList","@id":"https:\/\/adrianaarronte.com.es\/index.php\/obras\/dibujos-drawings\/dibujo-draw-esmalte-vitral-acrilico-o-cristal-painting-stained-glass-glass\/#breadcrumb","itemListElement":[{"@type":"ListItem","position":1,"name":"Home","item":"https:\/\/adrianaarronte.com.es\/"},{"@type":"ListItem","position":2,"name":"OBRAS","item":"https:\/\/adrianaarronte.com.es\/index.php\/obras\/"},{"@type":"ListItem","position":3,"name":"Dibujos","item":"https:\/\/adrianaarronte.com.es\/index.php\/obras\/dibujos-drawings\/"},{"@type":"ListItem","position":4,"name":"Derrame"}]},{"@type":"WebSite","@id":"https:\/\/adrianaarronte.com.es\/#website","url":"https:\/\/adrianaarronte.com.es\/","name":"ADRIANA ARRONTE","description":"","potentialAction":[{"@type":"SearchAction","target":{"@type":"EntryPoint","urlTemplate":"https:\/\/adrianaarronte.com.es\/?s={search_term_string}"},"query-input":"required name=search_term_string"}],"inLanguage":"es"}]}},"_links":{"self":[{"href":"https:\/\/adrianaarronte.com.es\/index.php\/wp-json\/wp\/v2\/pages\/366","targetHints":{"allow":["GET"]}}],"collection":[{"href":"https:\/\/adrianaarronte.com.es\/index.php\/wp-json\/wp\/v2\/pages"}],"about":[{"href":"https:\/\/adrianaarronte.com.es\/index.php\/wp-json\/wp\/v2\/types\/page"}],"author":[{"embeddable":true,"href":"https:\/\/adrianaarronte.com.es\/index.php\/wp-json\/wp\/v2\/users\/1"}],"replies":[{"embeddable":true,"href":"https:\/\/adrianaarronte.com.es\/index.php\/wp-json\/wp\/v2\/comments?post=366"}],"version-history":[{"count":9,"href":"https:\/\/adrianaarronte.com.es\/index.php\/wp-json\/wp\/v2\/pages\/366\/revisions"}],"predecessor-version":[{"id":2304,"href":"https:\/\/adrianaarronte.com.es\/index.php\/wp-json\/wp\/v2\/pages\/366\/revisions\/2304"}],"up":[{"embeddable":true,"href":"https:\/\/adrianaarronte.com.es\/index.php\/wp-json\/wp\/v2\/pages\/129"}],"wp:attachment":[{"href":"https:\/\/adrianaarronte.com.es\/index.php\/wp-json\/wp\/v2\/media?parent=366"}],"curies":[{"name":"wp","href":"https:\/\/api.w.org\/{rel}","templated":true}]}}