{"id":372,"date":"2023-09-04T13:38:13","date_gmt":"2023-09-04T16:38:13","guid":{"rendered":"https:\/\/adrianaarronte.com.es\/?page_id=372"},"modified":"2025-09-28T15:02:38","modified_gmt":"2025-09-28T13:02:38","slug":"medallas-y-mascara-de-oxigeno-medals-and-oxygen-mask","status":"publish","type":"page","link":"https:\/\/adrianaarronte.com.es\/index.php\/obras\/objetos-objects\/medallas-y-mascara-de-oxigeno-medals-and-oxygen-mask\/","title":{"rendered":"La ideolog\u00eda como s\u00edntoma"},"content":{"rendered":"\n<div class=\"wp-block-columns is-not-stacked-on-mobile is-layout-flex wp-container-core-columns-is-layout-9d6595d7 wp-block-columns-is-layout-flex\">\n<div class=\"wp-block-column is-layout-flow wp-block-column-is-layout-flow\">\n<figure class=\"wp-block-image size-large is-resized\"><a href=\"https:\/\/adrianaarronte.com.es\/wp-content\/uploads\/2023\/12\/webLa-ideologia.jpg\"><img loading=\"lazy\" decoding=\"async\" width=\"1024\" height=\"1024\" src=\"https:\/\/adrianaarronte.com.es\/wp-content\/uploads\/2023\/12\/webLa-ideologia-1024x1024.jpg\" alt=\"\" class=\"wp-image-532\" style=\"width:411px;height:auto\" srcset=\"https:\/\/adrianaarronte.com.es\/wp-content\/uploads\/2023\/12\/webLa-ideologia-1024x1024.jpg 1024w, https:\/\/adrianaarronte.com.es\/wp-content\/uploads\/2023\/12\/webLa-ideologia-300x300.jpg 300w, https:\/\/adrianaarronte.com.es\/wp-content\/uploads\/2023\/12\/webLa-ideologia-150x150.jpg 150w, https:\/\/adrianaarronte.com.es\/wp-content\/uploads\/2023\/12\/webLa-ideologia-768x768.jpg 768w, https:\/\/adrianaarronte.com.es\/wp-content\/uploads\/2023\/12\/webLa-ideologia-1536x1536.jpg 1536w, https:\/\/adrianaarronte.com.es\/wp-content\/uploads\/2023\/12\/webLa-ideologia.jpg 1772w\" sizes=\"auto, (max-width: 1024px) 100vw, 1024px\" \/><\/a><\/figure>\n<\/div>\n\n\n\n<div class=\"wp-block-column is-layout-flow wp-block-column-is-layout-flow\">\n<p class=\"has-small-font-size\"><strong>LA IDEOLOG\u00cdA COMO S\u00cdNTOMA | IDEOLOGY AS A SYMPTOM <\/strong><br>2021<br>Medallas y m\u00e1scara de ox\u00edgeno | Medals and oxygen mask.<br>100 x 20 cm<br><\/p>\n\n\n\n<p class=\"has-small-font-size\">La ideolog\u00eda\u2026 nos ofrece una aguda imagen de los sistemas de pensamiento vistos como brisas frescas encargadas de oxigenar estructuras pol\u00edticas e ideol\u00f3gicas, garantizar su supervivencia o extender sus agon\u00edas. Oxigenaci\u00f3n aparente, pues el extremo de la manguera deja escapar gotas de metal producto de la \u00ablicuefacci\u00f3n\u00bb a la que son sometidas varias medallas acumuladas en la bolsa para almacenar el gas, y el metal l\u00edquido es sustancia dif\u00edcilmente respirable. <br><\/p>\n\n\n\n<p class=\"has-small-font-size\">(Maikel R. Calvi\u00f1o \/ <em>Adriana Arronte y la poes\u00eda de los sistemas<\/em><\/p>\n<\/div>\n<\/div>\n\n\n\n<div class=\"wp-block-columns is-layout-flex wp-container-core-columns-is-layout-9d6595d7 wp-block-columns-is-layout-flex\">\n<div class=\"wp-block-column is-layout-flow wp-block-column-is-layout-flow\">\n<figure class=\"wp-block-gallery has-nested-images columns-default is-cropped wp-block-gallery-1 is-layout-flex wp-block-gallery-is-layout-flex\">\n<figure class=\"wp-block-image size-large\"><a href=\"https:\/\/adrianaarronte.com.es\/wp-content\/uploads\/2025\/07\/La-ideologia-como-sintoma-2.jpg\" target=\"_blank\" rel=\" noreferrer noopener\"><img loading=\"lazy\" decoding=\"async\" width=\"1024\" height=\"1024\" data-id=\"2251\" src=\"https:\/\/adrianaarronte.com.es\/wp-content\/uploads\/2025\/07\/La-ideologia-como-sintoma-2-1024x1024.jpg\" alt=\"\" class=\"wp-image-2251\" srcset=\"https:\/\/adrianaarronte.com.es\/wp-content\/uploads\/2025\/07\/La-ideologia-como-sintoma-2-1024x1024.jpg 1024w, https:\/\/adrianaarronte.com.es\/wp-content\/uploads\/2025\/07\/La-ideologia-como-sintoma-2-300x300.jpg 300w, https:\/\/adrianaarronte.com.es\/wp-content\/uploads\/2025\/07\/La-ideologia-como-sintoma-2-150x150.jpg 150w, https:\/\/adrianaarronte.com.es\/wp-content\/uploads\/2025\/07\/La-ideologia-como-sintoma-2-768x768.jpg 768w, https:\/\/adrianaarronte.com.es\/wp-content\/uploads\/2025\/07\/La-ideologia-como-sintoma-2-1536x1536.jpg 1536w, https:\/\/adrianaarronte.com.es\/wp-content\/uploads\/2025\/07\/La-ideologia-como-sintoma-2.jpg 1772w\" sizes=\"auto, (max-width: 1024px) 100vw, 1024px\" \/><\/a><\/figure>\n<\/figure>\n<\/div>\n\n\n\n<div class=\"wp-block-column is-layout-flow wp-block-column-is-layout-flow\">\n<figure class=\"wp-block-gallery has-nested-images columns-default is-cropped wp-block-gallery-2 is-layout-flex wp-block-gallery-is-layout-flex\">\n<figure class=\"wp-block-image size-large\"><a href=\"https:\/\/adrianaarronte.com.es\/wp-content\/uploads\/2025\/07\/La-ideologia-como-sintoma-4.jpg\"><img loading=\"lazy\" decoding=\"async\" width=\"1024\" height=\"1024\" data-id=\"2254\" src=\"https:\/\/adrianaarronte.com.es\/wp-content\/uploads\/2025\/07\/La-ideologia-como-sintoma-4-1024x1024.jpg\" alt=\"\" class=\"wp-image-2254\" srcset=\"https:\/\/adrianaarronte.com.es\/wp-content\/uploads\/2025\/07\/La-ideologia-como-sintoma-4-1024x1024.jpg 1024w, https:\/\/adrianaarronte.com.es\/wp-content\/uploads\/2025\/07\/La-ideologia-como-sintoma-4-300x300.jpg 300w, https:\/\/adrianaarronte.com.es\/wp-content\/uploads\/2025\/07\/La-ideologia-como-sintoma-4-150x150.jpg 150w, https:\/\/adrianaarronte.com.es\/wp-content\/uploads\/2025\/07\/La-ideologia-como-sintoma-4-768x768.jpg 768w, https:\/\/adrianaarronte.com.es\/wp-content\/uploads\/2025\/07\/La-ideologia-como-sintoma-4-1536x1536.jpg 1536w, https:\/\/adrianaarronte.com.es\/wp-content\/uploads\/2025\/07\/La-ideologia-como-sintoma-4.jpg 1772w\" sizes=\"auto, (max-width: 1024px) 100vw, 1024px\" \/><\/a><\/figure>\n<\/figure>\n<\/div>\n<\/div>\n","protected":false},"excerpt":{"rendered":"<p>LA IDEOLOG\u00cdA COMO S\u00cdNTOMA | IDEOLOGY AS A SYMPTOM 2021Medallas y m\u00e1scara de ox\u00edgeno | Medals and oxygen mask.100 x 20 cm La ideolog\u00eda\u2026 nos ofrece una aguda imagen de los sistemas de pensamiento vistos como brisas frescas encargadas de oxigenar estructuras pol\u00edticas e ideol\u00f3gicas, garantizar su supervivencia o extender sus agon\u00edas. Oxigenaci\u00f3n aparente, pues&hellip;&nbsp;<a href=\"https:\/\/adrianaarronte.com.es\/index.php\/obras\/objetos-objects\/medallas-y-mascara-de-oxigeno-medals-and-oxygen-mask\/\" rel=\"bookmark\"><span class=\"screen-reader-text\">La ideolog\u00eda como s\u00edntoma<\/span><\/a><\/p>\n","protected":false},"author":1,"featured_media":0,"parent":125,"menu_order":2,"comment_status":"closed","ping_status":"closed","template":"","meta":{"neve_meta_sidebar":"","neve_meta_container":"","neve_meta_enable_content_width":"","neve_meta_content_width":0,"neve_meta_title_alignment":"","neve_meta_author_avatar":"","neve_post_elements_order":"","neve_meta_disable_header":"","neve_meta_disable_footer":"","neve_meta_disable_title":"on","footnotes":""},"class_list":["post-372","page","type-page","status-publish","hentry"],"yoast_head":"<!-- This site is optimized with the Yoast SEO plugin v21.6 - https:\/\/yoast.com\/wordpress\/plugins\/seo\/ -->\n<title>La ideolog\u00eda como s\u00edntoma - ADRIANA ARRONTE<\/title>\n<meta name=\"description\" content=\"La ideolog\u00eda\u2026 nos ofrece una aguda imagen de los sistemas de pensamiento vistos como brisas frescas encargadas de oxigenar estructuras pol\u00edticas e ideol\u00f3gicas, garantizar su supervivencia o extender sus agon\u00edas. Oxigenaci\u00f3n aparente, pues el extremo de la manguera deja escapar gotas de metal producto de la \u00ablicuefacci\u00f3n\u00bb a la que son sometidas varias medallas acumuladas en la bolsa para almacenar el gas, y el metal l\u00edquido es sustancia dif\u00edcilmente respirable. (Maikel R. Calvi\u00f1o \/ Adriana Arronte y la poes\u00eda de los sistemas)\" \/>\n<meta name=\"robots\" content=\"index, follow, max-snippet:-1, max-image-preview:large, max-video-preview:-1\" \/>\n<link rel=\"canonical\" href=\"https:\/\/adrianaarronte.com.es\/index.php\/obras\/objetos-objects\/medallas-y-mascara-de-oxigeno-medals-and-oxygen-mask\/\" \/>\n<meta property=\"og:locale\" content=\"es_ES\" \/>\n<meta property=\"og:type\" content=\"article\" \/>\n<meta property=\"og:title\" content=\"La ideolog\u00eda como s\u00edntoma - ADRIANA ARRONTE\" \/>\n<meta property=\"og:description\" content=\"La ideolog\u00eda\u2026 nos ofrece una aguda imagen de los sistemas de pensamiento vistos como brisas frescas encargadas de oxigenar estructuras pol\u00edticas e ideol\u00f3gicas, garantizar su supervivencia o extender sus agon\u00edas. Oxigenaci\u00f3n aparente, pues el extremo de la manguera deja escapar gotas de metal producto de la \u00ablicuefacci\u00f3n\u00bb a la que son sometidas varias medallas acumuladas en la bolsa para almacenar el gas, y el metal l\u00edquido es sustancia dif\u00edcilmente respirable. (Maikel R. Calvi\u00f1o \/ Adriana Arronte y la poes\u00eda de los sistemas)\" \/>\n<meta property=\"og:url\" content=\"https:\/\/adrianaarronte.com.es\/index.php\/obras\/objetos-objects\/medallas-y-mascara-de-oxigeno-medals-and-oxygen-mask\/\" \/>\n<meta property=\"og:site_name\" content=\"ADRIANA ARRONTE\" \/>\n<meta property=\"article:modified_time\" content=\"2025-09-28T13:02:38+00:00\" \/>\n<meta property=\"og:image\" content=\"https:\/\/adrianaarronte.com.es\/wp-content\/uploads\/2023\/12\/webLa-ideologia-1024x1024.jpg\" \/>\n<meta name=\"twitter:card\" content=\"summary_large_image\" \/>\n<meta name=\"twitter:label1\" content=\"Tiempo de lectura\" \/>\n\t<meta name=\"twitter:data1\" content=\"2 minutos\" \/>\n<script type=\"application\/ld+json\" class=\"yoast-schema-graph\">{\"@context\":\"https:\/\/schema.org\",\"@graph\":[{\"@type\":\"WebPage\",\"@id\":\"https:\/\/adrianaarronte.com.es\/index.php\/obras\/objetos-objects\/medallas-y-mascara-de-oxigeno-medals-and-oxygen-mask\/\",\"url\":\"https:\/\/adrianaarronte.com.es\/index.php\/obras\/objetos-objects\/medallas-y-mascara-de-oxigeno-medals-and-oxygen-mask\/\",\"name\":\"La ideolog\u00eda como s\u00edntoma - ADRIANA ARRONTE\",\"isPartOf\":{\"@id\":\"https:\/\/adrianaarronte.com.es\/#website\"},\"datePublished\":\"2023-09-04T16:38:13+00:00\",\"dateModified\":\"2025-09-28T13:02:38+00:00\",\"description\":\"La ideolog\u00eda\u2026 nos ofrece una aguda imagen de los sistemas de pensamiento vistos como brisas frescas encargadas de oxigenar estructuras pol\u00edticas e ideol\u00f3gicas, garantizar su supervivencia o extender sus agon\u00edas. Oxigenaci\u00f3n aparente, pues el extremo de la manguera deja escapar gotas de metal producto de la \u00ablicuefacci\u00f3n\u00bb a la que son sometidas varias medallas acumuladas en la bolsa para almacenar el gas, y el metal l\u00edquido es sustancia dif\u00edcilmente respirable. (Maikel R. Calvi\u00f1o \/ Adriana Arronte y la poes\u00eda de los sistemas)\",\"breadcrumb\":{\"@id\":\"https:\/\/adrianaarronte.com.es\/index.php\/obras\/objetos-objects\/medallas-y-mascara-de-oxigeno-medals-and-oxygen-mask\/#breadcrumb\"},\"inLanguage\":\"es\",\"potentialAction\":[{\"@type\":\"ReadAction\",\"target\":[\"https:\/\/adrianaarronte.com.es\/index.php\/obras\/objetos-objects\/medallas-y-mascara-de-oxigeno-medals-and-oxygen-mask\/\"]}]},{\"@type\":\"BreadcrumbList\",\"@id\":\"https:\/\/adrianaarronte.com.es\/index.php\/obras\/objetos-objects\/medallas-y-mascara-de-oxigeno-medals-and-oxygen-mask\/#breadcrumb\",\"itemListElement\":[{\"@type\":\"ListItem\",\"position\":1,\"name\":\"Home\",\"item\":\"https:\/\/adrianaarronte.com.es\/\"},{\"@type\":\"ListItem\",\"position\":2,\"name\":\"OBRAS\",\"item\":\"https:\/\/adrianaarronte.com.es\/index.php\/obras\/\"},{\"@type\":\"ListItem\",\"position\":3,\"name\":\"Objetos\",\"item\":\"https:\/\/adrianaarronte.com.es\/index.php\/obras\/objetos-objects\/\"},{\"@type\":\"ListItem\",\"position\":4,\"name\":\"La ideolog\u00eda como s\u00edntoma\"}]},{\"@type\":\"WebSite\",\"@id\":\"https:\/\/adrianaarronte.com.es\/#website\",\"url\":\"https:\/\/adrianaarronte.com.es\/\",\"name\":\"ADRIANA ARRONTE\",\"description\":\"\",\"potentialAction\":[{\"@type\":\"SearchAction\",\"target\":{\"@type\":\"EntryPoint\",\"urlTemplate\":\"https:\/\/adrianaarronte.com.es\/?s={search_term_string}\"},\"query-input\":\"required name=search_term_string\"}],\"inLanguage\":\"es\"}]}<\/script>\n<!-- \/ Yoast SEO plugin. -->","yoast_head_json":{"title":"La ideolog\u00eda como s\u00edntoma - ADRIANA ARRONTE","description":"La ideolog\u00eda\u2026 nos ofrece una aguda imagen de los sistemas de pensamiento vistos como brisas frescas encargadas de oxigenar estructuras pol\u00edticas e ideol\u00f3gicas, garantizar su supervivencia o extender sus agon\u00edas. Oxigenaci\u00f3n aparente, pues el extremo de la manguera deja escapar gotas de metal producto de la \u00ablicuefacci\u00f3n\u00bb a la que son sometidas varias medallas acumuladas en la bolsa para almacenar el gas, y el metal l\u00edquido es sustancia dif\u00edcilmente respirable. (Maikel R. Calvi\u00f1o \/ Adriana Arronte y la poes\u00eda de los sistemas)","robots":{"index":"index","follow":"follow","max-snippet":"max-snippet:-1","max-image-preview":"max-image-preview:large","max-video-preview":"max-video-preview:-1"},"canonical":"https:\/\/adrianaarronte.com.es\/index.php\/obras\/objetos-objects\/medallas-y-mascara-de-oxigeno-medals-and-oxygen-mask\/","og_locale":"es_ES","og_type":"article","og_title":"La ideolog\u00eda como s\u00edntoma - ADRIANA ARRONTE","og_description":"La ideolog\u00eda\u2026 nos ofrece una aguda imagen de los sistemas de pensamiento vistos como brisas frescas encargadas de oxigenar estructuras pol\u00edticas e ideol\u00f3gicas, garantizar su supervivencia o extender sus agon\u00edas. Oxigenaci\u00f3n aparente, pues el extremo de la manguera deja escapar gotas de metal producto de la \u00ablicuefacci\u00f3n\u00bb a la que son sometidas varias medallas acumuladas en la bolsa para almacenar el gas, y el metal l\u00edquido es sustancia dif\u00edcilmente respirable. (Maikel R. Calvi\u00f1o \/ Adriana Arronte y la poes\u00eda de los sistemas)","og_url":"https:\/\/adrianaarronte.com.es\/index.php\/obras\/objetos-objects\/medallas-y-mascara-de-oxigeno-medals-and-oxygen-mask\/","og_site_name":"ADRIANA ARRONTE","article_modified_time":"2025-09-28T13:02:38+00:00","og_image":[{"url":"https:\/\/adrianaarronte.com.es\/wp-content\/uploads\/2023\/12\/webLa-ideologia-1024x1024.jpg"}],"twitter_card":"summary_large_image","twitter_misc":{"Tiempo de lectura":"2 minutos"},"schema":{"@context":"https:\/\/schema.org","@graph":[{"@type":"WebPage","@id":"https:\/\/adrianaarronte.com.es\/index.php\/obras\/objetos-objects\/medallas-y-mascara-de-oxigeno-medals-and-oxygen-mask\/","url":"https:\/\/adrianaarronte.com.es\/index.php\/obras\/objetos-objects\/medallas-y-mascara-de-oxigeno-medals-and-oxygen-mask\/","name":"La ideolog\u00eda como s\u00edntoma - ADRIANA ARRONTE","isPartOf":{"@id":"https:\/\/adrianaarronte.com.es\/#website"},"datePublished":"2023-09-04T16:38:13+00:00","dateModified":"2025-09-28T13:02:38+00:00","description":"La ideolog\u00eda\u2026 nos ofrece una aguda imagen de los sistemas de pensamiento vistos como brisas frescas encargadas de oxigenar estructuras pol\u00edticas e ideol\u00f3gicas, garantizar su supervivencia o extender sus agon\u00edas. Oxigenaci\u00f3n aparente, pues el extremo de la manguera deja escapar gotas de metal producto de la \u00ablicuefacci\u00f3n\u00bb a la que son sometidas varias medallas acumuladas en la bolsa para almacenar el gas, y el metal l\u00edquido es sustancia dif\u00edcilmente respirable. (Maikel R. Calvi\u00f1o \/ Adriana Arronte y la poes\u00eda de los sistemas)","breadcrumb":{"@id":"https:\/\/adrianaarronte.com.es\/index.php\/obras\/objetos-objects\/medallas-y-mascara-de-oxigeno-medals-and-oxygen-mask\/#breadcrumb"},"inLanguage":"es","potentialAction":[{"@type":"ReadAction","target":["https:\/\/adrianaarronte.com.es\/index.php\/obras\/objetos-objects\/medallas-y-mascara-de-oxigeno-medals-and-oxygen-mask\/"]}]},{"@type":"BreadcrumbList","@id":"https:\/\/adrianaarronte.com.es\/index.php\/obras\/objetos-objects\/medallas-y-mascara-de-oxigeno-medals-and-oxygen-mask\/#breadcrumb","itemListElement":[{"@type":"ListItem","position":1,"name":"Home","item":"https:\/\/adrianaarronte.com.es\/"},{"@type":"ListItem","position":2,"name":"OBRAS","item":"https:\/\/adrianaarronte.com.es\/index.php\/obras\/"},{"@type":"ListItem","position":3,"name":"Objetos","item":"https:\/\/adrianaarronte.com.es\/index.php\/obras\/objetos-objects\/"},{"@type":"ListItem","position":4,"name":"La ideolog\u00eda como s\u00edntoma"}]},{"@type":"WebSite","@id":"https:\/\/adrianaarronte.com.es\/#website","url":"https:\/\/adrianaarronte.com.es\/","name":"ADRIANA ARRONTE","description":"","potentialAction":[{"@type":"SearchAction","target":{"@type":"EntryPoint","urlTemplate":"https:\/\/adrianaarronte.com.es\/?s={search_term_string}"},"query-input":"required name=search_term_string"}],"inLanguage":"es"}]}},"_links":{"self":[{"href":"https:\/\/adrianaarronte.com.es\/index.php\/wp-json\/wp\/v2\/pages\/372","targetHints":{"allow":["GET"]}}],"collection":[{"href":"https:\/\/adrianaarronte.com.es\/index.php\/wp-json\/wp\/v2\/pages"}],"about":[{"href":"https:\/\/adrianaarronte.com.es\/index.php\/wp-json\/wp\/v2\/types\/page"}],"author":[{"embeddable":true,"href":"https:\/\/adrianaarronte.com.es\/index.php\/wp-json\/wp\/v2\/users\/1"}],"replies":[{"embeddable":true,"href":"https:\/\/adrianaarronte.com.es\/index.php\/wp-json\/wp\/v2\/comments?post=372"}],"version-history":[{"count":10,"href":"https:\/\/adrianaarronte.com.es\/index.php\/wp-json\/wp\/v2\/pages\/372\/revisions"}],"predecessor-version":[{"id":2255,"href":"https:\/\/adrianaarronte.com.es\/index.php\/wp-json\/wp\/v2\/pages\/372\/revisions\/2255"}],"up":[{"embeddable":true,"href":"https:\/\/adrianaarronte.com.es\/index.php\/wp-json\/wp\/v2\/pages\/125"}],"wp:attachment":[{"href":"https:\/\/adrianaarronte.com.es\/index.php\/wp-json\/wp\/v2\/media?parent=372"}],"curies":[{"name":"wp","href":"https:\/\/api.w.org\/{rel}","templated":true}]}}