{"id":683,"date":"2023-12-12T12:21:07","date_gmt":"2023-12-12T11:21:07","guid":{"rendered":"https:\/\/adrianaarronte.com.es\/?page_id=683"},"modified":"2025-07-14T17:13:06","modified_gmt":"2025-07-14T15:13:06","slug":"alianza","status":"publish","type":"page","link":"https:\/\/adrianaarronte.com.es\/index.php\/obras\/objetos-objects\/alianza\/","title":{"rendered":"Alianza"},"content":{"rendered":"\n<div class=\"wp-block-columns is-layout-flex wp-container-core-columns-is-layout-9d6595d7 wp-block-columns-is-layout-flex\">\n<div class=\"wp-block-column is-layout-flow wp-block-column-is-layout-flow\">\n<figure class=\"wp-block-gallery has-nested-images columns-default is-cropped wp-block-gallery-1 is-layout-flex wp-block-gallery-is-layout-flex\">\n<figure class=\"wp-block-image size-large\"><img loading=\"lazy\" decoding=\"async\" width=\"1024\" height=\"683\" data-id=\"788\" src=\"https:\/\/adrianaarronte.com.es\/wp-content\/uploads\/2023\/12\/alianza.jpg\" alt=\"\" class=\"wp-image-788\" srcset=\"https:\/\/adrianaarronte.com.es\/wp-content\/uploads\/2023\/12\/alianza.jpg 1024w, https:\/\/adrianaarronte.com.es\/wp-content\/uploads\/2023\/12\/alianza-300x200.jpg 300w, https:\/\/adrianaarronte.com.es\/wp-content\/uploads\/2023\/12\/alianza-768x512.jpg 768w\" sizes=\"auto, (max-width: 1024px) 100vw, 1024px\" \/><\/figure>\n<\/figure>\n<\/div>\n\n\n\n<div class=\"wp-block-column is-layout-flow wp-block-column-is-layout-flow\">\n<p class=\"has-small-font-size\"><strong>ALIANZA <\/strong>| <strong>ALLIANCE<\/strong><br>2017<strong><br><\/strong>metal, cristal y piedra |metal, glass &amp; stone.<\/p>\n\n\n\n<p class=\"has-small-font-size\">El anillo es s\u00edmbolo de compromiso y poder, ambos estados son paradigmas en las relaciones humanas, siendo motivo de gloria o violentas batallas. Sus dise\u00f1os definen credos, grupos sociales, lazos familiares\u2026 Morfol\u00f3gicamente es un c\u00edrculo con un hueco, el espacio que un dedo puede ocupar. Al enlazar diferentes estilos de anillos equiparo lo com\u00fan en ellos, se establece un dialogo de identidades.<\/p>\n\n\n\n<p class=\"has-ast-global-color-8-color has-text-color has-link-color has-small-font-size wp-elements-15058cf40c2a6c02c84d2f125df90cce\">The ring is a symbol of commitment and power, crucial states in human relationships. They can be a reason for glory or violent battles. Their designs define creeds, social groups, family ties &#8230; By linking different styles of rings I am interested in equipping the common in them and establishing a dialogue of identities.<\/p>\n<\/div>\n<\/div>\n","protected":false},"excerpt":{"rendered":"<p>ALIANZA | ALLIANCE2017metal, cristal y piedra |metal, glass &amp; stone. El anillo es s\u00edmbolo de compromiso y poder, ambos estados son paradigmas en las relaciones humanas, siendo motivo de gloria o violentas batallas. Sus dise\u00f1os definen credos, grupos sociales, lazos familiares\u2026 Morfol\u00f3gicamente es un c\u00edrculo con un hueco, el espacio que un dedo puede ocupar.&hellip;&nbsp;<a href=\"https:\/\/adrianaarronte.com.es\/index.php\/obras\/objetos-objects\/alianza\/\" rel=\"bookmark\"><span class=\"screen-reader-text\">Alianza<\/span><\/a><\/p>\n","protected":false},"author":1,"featured_media":0,"parent":125,"menu_order":5,"comment_status":"closed","ping_status":"closed","template":"","meta":{"neve_meta_sidebar":"","neve_meta_container":"","neve_meta_enable_content_width":"","neve_meta_content_width":0,"neve_meta_title_alignment":"","neve_meta_author_avatar":"","neve_post_elements_order":"","neve_meta_disable_header":"","neve_meta_disable_footer":"","neve_meta_disable_title":"on","footnotes":""},"class_list":["post-683","page","type-page","status-publish","hentry"],"yoast_head":"<!-- This site is optimized with the Yoast SEO plugin v21.6 - https:\/\/yoast.com\/wordpress\/plugins\/seo\/ -->\n<title>Alianza - ADRIANA ARRONTE<\/title>\n<meta name=\"description\" content=\"El anillo es s\u00edmbolo de compromiso y poder, ambos estados son paradigmas en las relaciones humanas, siendo motivo de gloria o violentas batallas. Sus dise\u00f1os definen credos, grupos sociales, lazos familiares\u2026 Morfol\u00f3gicamente es un c\u00edrculo con un hueco, el espacio que un dedo puede ocupar. Al enlazar diferentes estilos de anillos equiparo lo com\u00fan en ellos, se establece un dialogo de identidades.\" \/>\n<meta name=\"robots\" content=\"index, follow, max-snippet:-1, max-image-preview:large, max-video-preview:-1\" \/>\n<link rel=\"canonical\" href=\"https:\/\/adrianaarronte.com.es\/index.php\/obras\/objetos-objects\/alianza\/\" \/>\n<meta property=\"og:locale\" content=\"es_ES\" \/>\n<meta property=\"og:type\" content=\"article\" \/>\n<meta property=\"og:title\" content=\"Alianza - ADRIANA ARRONTE\" \/>\n<meta property=\"og:description\" content=\"El anillo es s\u00edmbolo de compromiso y poder, ambos estados son paradigmas en las relaciones humanas, siendo motivo de gloria o violentas batallas. Sus dise\u00f1os definen credos, grupos sociales, lazos familiares\u2026 Morfol\u00f3gicamente es un c\u00edrculo con un hueco, el espacio que un dedo puede ocupar. Al enlazar diferentes estilos de anillos equiparo lo com\u00fan en ellos, se establece un dialogo de identidades.\" \/>\n<meta property=\"og:url\" content=\"https:\/\/adrianaarronte.com.es\/index.php\/obras\/objetos-objects\/alianza\/\" \/>\n<meta property=\"og:site_name\" content=\"ADRIANA ARRONTE\" \/>\n<meta property=\"article:modified_time\" content=\"2025-07-14T15:13:06+00:00\" \/>\n<meta property=\"og:image\" content=\"https:\/\/adrianaarronte.com.es\/wp-content\/uploads\/2023\/12\/alianza.jpg\" \/>\n<meta name=\"twitter:card\" content=\"summary_large_image\" \/>\n<meta name=\"twitter:label1\" content=\"Tiempo de lectura\" \/>\n\t<meta name=\"twitter:data1\" content=\"1 minuto\" \/>\n<script type=\"application\/ld+json\" class=\"yoast-schema-graph\">{\"@context\":\"https:\/\/schema.org\",\"@graph\":[{\"@type\":\"WebPage\",\"@id\":\"https:\/\/adrianaarronte.com.es\/index.php\/obras\/objetos-objects\/alianza\/\",\"url\":\"https:\/\/adrianaarronte.com.es\/index.php\/obras\/objetos-objects\/alianza\/\",\"name\":\"Alianza - ADRIANA ARRONTE\",\"isPartOf\":{\"@id\":\"https:\/\/adrianaarronte.com.es\/#website\"},\"datePublished\":\"2023-12-12T11:21:07+00:00\",\"dateModified\":\"2025-07-14T15:13:06+00:00\",\"description\":\"El anillo es s\u00edmbolo de compromiso y poder, ambos estados son paradigmas en las relaciones humanas, siendo motivo de gloria o violentas batallas. Sus dise\u00f1os definen credos, grupos sociales, lazos familiares\u2026 Morfol\u00f3gicamente es un c\u00edrculo con un hueco, el espacio que un dedo puede ocupar. Al enlazar diferentes estilos de anillos equiparo lo com\u00fan en ellos, se establece un dialogo de identidades.\",\"breadcrumb\":{\"@id\":\"https:\/\/adrianaarronte.com.es\/index.php\/obras\/objetos-objects\/alianza\/#breadcrumb\"},\"inLanguage\":\"es\",\"potentialAction\":[{\"@type\":\"ReadAction\",\"target\":[\"https:\/\/adrianaarronte.com.es\/index.php\/obras\/objetos-objects\/alianza\/\"]}]},{\"@type\":\"BreadcrumbList\",\"@id\":\"https:\/\/adrianaarronte.com.es\/index.php\/obras\/objetos-objects\/alianza\/#breadcrumb\",\"itemListElement\":[{\"@type\":\"ListItem\",\"position\":1,\"name\":\"Home\",\"item\":\"https:\/\/adrianaarronte.com.es\/\"},{\"@type\":\"ListItem\",\"position\":2,\"name\":\"OBRAS\",\"item\":\"https:\/\/adrianaarronte.com.es\/index.php\/obras\/\"},{\"@type\":\"ListItem\",\"position\":3,\"name\":\"Objetos\",\"item\":\"https:\/\/adrianaarronte.com.es\/index.php\/obras\/objetos-objects\/\"},{\"@type\":\"ListItem\",\"position\":4,\"name\":\"Alianza\"}]},{\"@type\":\"WebSite\",\"@id\":\"https:\/\/adrianaarronte.com.es\/#website\",\"url\":\"https:\/\/adrianaarronte.com.es\/\",\"name\":\"ADRIANA ARRONTE\",\"description\":\"\",\"potentialAction\":[{\"@type\":\"SearchAction\",\"target\":{\"@type\":\"EntryPoint\",\"urlTemplate\":\"https:\/\/adrianaarronte.com.es\/?s={search_term_string}\"},\"query-input\":\"required name=search_term_string\"}],\"inLanguage\":\"es\"}]}<\/script>\n<!-- \/ Yoast SEO plugin. -->","yoast_head_json":{"title":"Alianza - ADRIANA ARRONTE","description":"El anillo es s\u00edmbolo de compromiso y poder, ambos estados son paradigmas en las relaciones humanas, siendo motivo de gloria o violentas batallas. Sus dise\u00f1os definen credos, grupos sociales, lazos familiares\u2026 Morfol\u00f3gicamente es un c\u00edrculo con un hueco, el espacio que un dedo puede ocupar. Al enlazar diferentes estilos de anillos equiparo lo com\u00fan en ellos, se establece un dialogo de identidades.","robots":{"index":"index","follow":"follow","max-snippet":"max-snippet:-1","max-image-preview":"max-image-preview:large","max-video-preview":"max-video-preview:-1"},"canonical":"https:\/\/adrianaarronte.com.es\/index.php\/obras\/objetos-objects\/alianza\/","og_locale":"es_ES","og_type":"article","og_title":"Alianza - ADRIANA ARRONTE","og_description":"El anillo es s\u00edmbolo de compromiso y poder, ambos estados son paradigmas en las relaciones humanas, siendo motivo de gloria o violentas batallas. Sus dise\u00f1os definen credos, grupos sociales, lazos familiares\u2026 Morfol\u00f3gicamente es un c\u00edrculo con un hueco, el espacio que un dedo puede ocupar. Al enlazar diferentes estilos de anillos equiparo lo com\u00fan en ellos, se establece un dialogo de identidades.","og_url":"https:\/\/adrianaarronte.com.es\/index.php\/obras\/objetos-objects\/alianza\/","og_site_name":"ADRIANA ARRONTE","article_modified_time":"2025-07-14T15:13:06+00:00","og_image":[{"url":"https:\/\/adrianaarronte.com.es\/wp-content\/uploads\/2023\/12\/alianza.jpg"}],"twitter_card":"summary_large_image","twitter_misc":{"Tiempo de lectura":"1 minuto"},"schema":{"@context":"https:\/\/schema.org","@graph":[{"@type":"WebPage","@id":"https:\/\/adrianaarronte.com.es\/index.php\/obras\/objetos-objects\/alianza\/","url":"https:\/\/adrianaarronte.com.es\/index.php\/obras\/objetos-objects\/alianza\/","name":"Alianza - ADRIANA ARRONTE","isPartOf":{"@id":"https:\/\/adrianaarronte.com.es\/#website"},"datePublished":"2023-12-12T11:21:07+00:00","dateModified":"2025-07-14T15:13:06+00:00","description":"El anillo es s\u00edmbolo de compromiso y poder, ambos estados son paradigmas en las relaciones humanas, siendo motivo de gloria o violentas batallas. Sus dise\u00f1os definen credos, grupos sociales, lazos familiares\u2026 Morfol\u00f3gicamente es un c\u00edrculo con un hueco, el espacio que un dedo puede ocupar. Al enlazar diferentes estilos de anillos equiparo lo com\u00fan en ellos, se establece un dialogo de identidades.","breadcrumb":{"@id":"https:\/\/adrianaarronte.com.es\/index.php\/obras\/objetos-objects\/alianza\/#breadcrumb"},"inLanguage":"es","potentialAction":[{"@type":"ReadAction","target":["https:\/\/adrianaarronte.com.es\/index.php\/obras\/objetos-objects\/alianza\/"]}]},{"@type":"BreadcrumbList","@id":"https:\/\/adrianaarronte.com.es\/index.php\/obras\/objetos-objects\/alianza\/#breadcrumb","itemListElement":[{"@type":"ListItem","position":1,"name":"Home","item":"https:\/\/adrianaarronte.com.es\/"},{"@type":"ListItem","position":2,"name":"OBRAS","item":"https:\/\/adrianaarronte.com.es\/index.php\/obras\/"},{"@type":"ListItem","position":3,"name":"Objetos","item":"https:\/\/adrianaarronte.com.es\/index.php\/obras\/objetos-objects\/"},{"@type":"ListItem","position":4,"name":"Alianza"}]},{"@type":"WebSite","@id":"https:\/\/adrianaarronte.com.es\/#website","url":"https:\/\/adrianaarronte.com.es\/","name":"ADRIANA ARRONTE","description":"","potentialAction":[{"@type":"SearchAction","target":{"@type":"EntryPoint","urlTemplate":"https:\/\/adrianaarronte.com.es\/?s={search_term_string}"},"query-input":"required name=search_term_string"}],"inLanguage":"es"}]}},"_links":{"self":[{"href":"https:\/\/adrianaarronte.com.es\/index.php\/wp-json\/wp\/v2\/pages\/683","targetHints":{"allow":["GET"]}}],"collection":[{"href":"https:\/\/adrianaarronte.com.es\/index.php\/wp-json\/wp\/v2\/pages"}],"about":[{"href":"https:\/\/adrianaarronte.com.es\/index.php\/wp-json\/wp\/v2\/types\/page"}],"author":[{"embeddable":true,"href":"https:\/\/adrianaarronte.com.es\/index.php\/wp-json\/wp\/v2\/users\/1"}],"replies":[{"embeddable":true,"href":"https:\/\/adrianaarronte.com.es\/index.php\/wp-json\/wp\/v2\/comments?post=683"}],"version-history":[{"count":4,"href":"https:\/\/adrianaarronte.com.es\/index.php\/wp-json\/wp\/v2\/pages\/683\/revisions"}],"predecessor-version":[{"id":981,"href":"https:\/\/adrianaarronte.com.es\/index.php\/wp-json\/wp\/v2\/pages\/683\/revisions\/981"}],"up":[{"embeddable":true,"href":"https:\/\/adrianaarronte.com.es\/index.php\/wp-json\/wp\/v2\/pages\/125"}],"wp:attachment":[{"href":"https:\/\/adrianaarronte.com.es\/index.php\/wp-json\/wp\/v2\/media?parent=683"}],"curies":[{"name":"wp","href":"https:\/\/api.w.org\/{rel}","templated":true}]}}