{"id":749,"date":"2023-12-12T17:53:17","date_gmt":"2023-12-12T16:53:17","guid":{"rendered":"https:\/\/adrianaarronte.com.es\/?page_id=749"},"modified":"2025-07-14T19:38:02","modified_gmt":"2025-07-14T17:38:02","slug":"rectificacion","status":"publish","type":"page","link":"https:\/\/adrianaarronte.com.es\/index.php\/obras\/objetos-objects\/rectificacion\/","title":{"rendered":"Rectificaci\u00f3n"},"content":{"rendered":"\n<div class=\"wp-block-columns is-layout-flex wp-container-core-columns-is-layout-9d6595d7 wp-block-columns-is-layout-flex\">\n<div class=\"wp-block-column is-layout-flow wp-block-column-is-layout-flow\">\n<figure class=\"wp-block-gallery has-nested-images columns-default is-cropped wp-block-gallery-1 is-layout-flex wp-block-gallery-is-layout-flex\">\n<figure class=\"wp-block-image size-large\"><img loading=\"lazy\" decoding=\"async\" width=\"1024\" height=\"1024\" data-id=\"753\" src=\"https:\/\/adrianaarronte.com.es\/wp-content\/uploads\/2023\/12\/15x15-rectificacion-2-1024x1024.jpg\" alt=\"\" class=\"wp-image-753\" srcset=\"https:\/\/adrianaarronte.com.es\/wp-content\/uploads\/2023\/12\/15x15-rectificacion-2-1024x1024.jpg 1024w, https:\/\/adrianaarronte.com.es\/wp-content\/uploads\/2023\/12\/15x15-rectificacion-2-300x300.jpg 300w, https:\/\/adrianaarronte.com.es\/wp-content\/uploads\/2023\/12\/15x15-rectificacion-2-150x150.jpg 150w, https:\/\/adrianaarronte.com.es\/wp-content\/uploads\/2023\/12\/15x15-rectificacion-2-768x768.jpg 768w, https:\/\/adrianaarronte.com.es\/wp-content\/uploads\/2023\/12\/15x15-rectificacion-2-1536x1536.jpg 1536w, https:\/\/adrianaarronte.com.es\/wp-content\/uploads\/2023\/12\/15x15-rectificacion-2.jpg 1772w\" sizes=\"auto, (max-width: 1024px) 100vw, 1024px\" \/><\/figure>\n<\/figure>\n<\/div>\n\n\n\n<div class=\"wp-block-column is-layout-flow wp-block-column-is-layout-flow\">\n<p class=\"has-small-font-size\"><strong>RECTIFICACI\u00d3N. SERIE DISCURSO | RECTIFICATION. SPEECH SERIES<\/strong><br>2020<br>Pr\u00f3tesis pl\u00e1sticas, alambre y resina<br>40 x 40 x 40 cm <\/p>\n\n\n\n<p class=\"has-small-font-size\">Esta pieza da continuidad a la serie Discurso, en la que cuestiono la oratoria en diferentes esferas de la comunicaci\u00f3n. Empleo pr\u00f3tesis dentales y aparatos de rectificaci\u00f3n. Las texturas rosa pl\u00e1sticas y gotas transparentes tienen la intenci\u00f3n de remitir a mucosas y procesos de salivaci\u00f3n. Rectificar es de sabios, dice una sentencia, aunque puede suponer un proceso de correcciones y escusas interminable.<\/p>\n\n\n\n<p class=\"has-nv-c-1-color has-text-color has-link-color has-small-font-size wp-elements-c6ac665402692cc72c47c430c376ee3c\">This piece gives continuity to the Discourse Series, in which I question public speaking in different spheres of communication. I use dental prostheses and rectification appliances. The plastic pink textures and transparent drops are intended to refer to mucous membranes and salivation processes. Rectifying is wise, says a sentence, although it can involve a process of endless corrections.<\/p>\n<\/div>\n<\/div>\n\n\n\n<div class=\"wp-block-columns is-layout-flex wp-container-core-columns-is-layout-9d6595d7 wp-block-columns-is-layout-flex\">\n<div class=\"wp-block-column is-layout-flow wp-block-column-is-layout-flow\">\n<figure class=\"wp-block-gallery has-nested-images columns-default is-cropped wp-block-gallery-2 is-layout-flex wp-block-gallery-is-layout-flex\">\n<figure class=\"wp-block-image size-large\"><a href=\"https:\/\/adrianaarronte.com.es\/wp-content\/uploads\/2025\/07\/rectificacion-4.jpg\"><img loading=\"lazy\" decoding=\"async\" width=\"1024\" height=\"683\" data-id=\"2257\" src=\"https:\/\/adrianaarronte.com.es\/wp-content\/uploads\/2025\/07\/rectificacion-4-1024x683.jpg\" alt=\"\" class=\"wp-image-2257\" srcset=\"https:\/\/adrianaarronte.com.es\/wp-content\/uploads\/2025\/07\/rectificacion-4-1024x683.jpg 1024w, https:\/\/adrianaarronte.com.es\/wp-content\/uploads\/2025\/07\/rectificacion-4-300x200.jpg 300w, https:\/\/adrianaarronte.com.es\/wp-content\/uploads\/2025\/07\/rectificacion-4-768x512.jpg 768w, https:\/\/adrianaarronte.com.es\/wp-content\/uploads\/2025\/07\/rectificacion-4-930x620.jpg 930w, https:\/\/adrianaarronte.com.es\/wp-content\/uploads\/2025\/07\/rectificacion-4.jpg 1296w\" sizes=\"auto, (max-width: 1024px) 100vw, 1024px\" \/><\/a><\/figure>\n<\/figure>\n<\/div>\n\n\n\n<div class=\"wp-block-column is-layout-flow wp-block-column-is-layout-flow\">\n<figure class=\"wp-block-gallery has-nested-images columns-default is-cropped wp-block-gallery-3 is-layout-flex wp-block-gallery-is-layout-flex\">\n<figure class=\"wp-block-image size-large\"><a href=\"https:\/\/adrianaarronte.com.es\/wp-content\/uploads\/2025\/07\/rectificacion-5.jpg\"><img loading=\"lazy\" decoding=\"async\" width=\"748\" height=\"500\" data-id=\"2258\" src=\"https:\/\/adrianaarronte.com.es\/wp-content\/uploads\/2025\/07\/rectificacion-5.jpg\" alt=\"\" class=\"wp-image-2258\" srcset=\"https:\/\/adrianaarronte.com.es\/wp-content\/uploads\/2025\/07\/rectificacion-5.jpg 748w, https:\/\/adrianaarronte.com.es\/wp-content\/uploads\/2025\/07\/rectificacion-5-300x201.jpg 300w\" sizes=\"auto, (max-width: 748px) 100vw, 748px\" \/><\/a><\/figure>\n<\/figure>\n<\/div>\n<\/div>\n","protected":false},"excerpt":{"rendered":"<p>RECTIFICACI\u00d3N. SERIE DISCURSO | RECTIFICATION. SPEECH SERIES2020Pr\u00f3tesis pl\u00e1sticas, alambre y resina40 x 40 x 40 cm Esta pieza da continuidad a la serie Discurso, en la que cuestiono la oratoria en diferentes esferas de la comunicaci\u00f3n. Empleo pr\u00f3tesis dentales y aparatos de rectificaci\u00f3n. Las texturas rosa pl\u00e1sticas y gotas transparentes tienen la intenci\u00f3n de remitir&hellip;&nbsp;<a href=\"https:\/\/adrianaarronte.com.es\/index.php\/obras\/objetos-objects\/rectificacion\/\" rel=\"bookmark\"><span class=\"screen-reader-text\">Rectificaci\u00f3n<\/span><\/a><\/p>\n","protected":false},"author":1,"featured_media":0,"parent":125,"menu_order":8,"comment_status":"closed","ping_status":"closed","template":"","meta":{"neve_meta_sidebar":"","neve_meta_container":"","neve_meta_enable_content_width":"","neve_meta_content_width":0,"neve_meta_title_alignment":"","neve_meta_author_avatar":"","neve_post_elements_order":"","neve_meta_disable_header":"","neve_meta_disable_footer":"","neve_meta_disable_title":"on","footnotes":""},"class_list":["post-749","page","type-page","status-publish","hentry"],"yoast_head":"<!-- This site is optimized with the Yoast SEO plugin v21.6 - https:\/\/yoast.com\/wordpress\/plugins\/seo\/ -->\n<title>Rectificaci\u00f3n - ADRIANA ARRONTE<\/title>\n<meta name=\"description\" content=\"Esta pieza da continuidad a la serie Discurso, en la que cuestiono la oratoria en diferentes esferas de la comunicaci\u00f3n. Empleo pr\u00f3tesis dentales y aparatos de rectificaci\u00f3n. Las texturas rosa pl\u00e1sticas y gotas transparentes tienen la intenci\u00f3n de remitir a mucosas y procesos de salivaci\u00f3n. Rectificar es de sabios, dice una sentencia, aunque puede suponer un proceso de correcciones y escusas interminable.\" \/>\n<meta name=\"robots\" content=\"index, follow, max-snippet:-1, max-image-preview:large, max-video-preview:-1\" \/>\n<link rel=\"canonical\" href=\"https:\/\/adrianaarronte.com.es\/index.php\/obras\/objetos-objects\/rectificacion\/\" \/>\n<meta property=\"og:locale\" content=\"es_ES\" \/>\n<meta property=\"og:type\" content=\"article\" \/>\n<meta property=\"og:title\" content=\"Rectificaci\u00f3n - ADRIANA ARRONTE\" \/>\n<meta property=\"og:description\" content=\"Esta pieza da continuidad a la serie Discurso, en la que cuestiono la oratoria en diferentes esferas de la comunicaci\u00f3n. Empleo pr\u00f3tesis dentales y aparatos de rectificaci\u00f3n. Las texturas rosa pl\u00e1sticas y gotas transparentes tienen la intenci\u00f3n de remitir a mucosas y procesos de salivaci\u00f3n. Rectificar es de sabios, dice una sentencia, aunque puede suponer un proceso de correcciones y escusas interminable.\" \/>\n<meta property=\"og:url\" content=\"https:\/\/adrianaarronte.com.es\/index.php\/obras\/objetos-objects\/rectificacion\/\" \/>\n<meta property=\"og:site_name\" content=\"ADRIANA ARRONTE\" \/>\n<meta property=\"article:modified_time\" content=\"2025-07-14T17:38:02+00:00\" \/>\n<meta property=\"og:image\" content=\"https:\/\/adrianaarronte.com.es\/wp-content\/uploads\/2023\/12\/15x15-rectificacion-2-1024x1024.jpg\" \/>\n<meta name=\"twitter:card\" content=\"summary_large_image\" \/>\n<meta name=\"twitter:label1\" content=\"Tiempo de lectura\" \/>\n\t<meta name=\"twitter:data1\" content=\"2 minutos\" \/>\n<script type=\"application\/ld+json\" class=\"yoast-schema-graph\">{\"@context\":\"https:\/\/schema.org\",\"@graph\":[{\"@type\":\"WebPage\",\"@id\":\"https:\/\/adrianaarronte.com.es\/index.php\/obras\/objetos-objects\/rectificacion\/\",\"url\":\"https:\/\/adrianaarronte.com.es\/index.php\/obras\/objetos-objects\/rectificacion\/\",\"name\":\"Rectificaci\u00f3n - ADRIANA ARRONTE\",\"isPartOf\":{\"@id\":\"https:\/\/adrianaarronte.com.es\/#website\"},\"datePublished\":\"2023-12-12T16:53:17+00:00\",\"dateModified\":\"2025-07-14T17:38:02+00:00\",\"description\":\"Esta pieza da continuidad a la serie Discurso, en la que cuestiono la oratoria en diferentes esferas de la comunicaci\u00f3n. Empleo pr\u00f3tesis dentales y aparatos de rectificaci\u00f3n. Las texturas rosa pl\u00e1sticas y gotas transparentes tienen la intenci\u00f3n de remitir a mucosas y procesos de salivaci\u00f3n. Rectificar es de sabios, dice una sentencia, aunque puede suponer un proceso de correcciones y escusas interminable.\",\"breadcrumb\":{\"@id\":\"https:\/\/adrianaarronte.com.es\/index.php\/obras\/objetos-objects\/rectificacion\/#breadcrumb\"},\"inLanguage\":\"es\",\"potentialAction\":[{\"@type\":\"ReadAction\",\"target\":[\"https:\/\/adrianaarronte.com.es\/index.php\/obras\/objetos-objects\/rectificacion\/\"]}]},{\"@type\":\"BreadcrumbList\",\"@id\":\"https:\/\/adrianaarronte.com.es\/index.php\/obras\/objetos-objects\/rectificacion\/#breadcrumb\",\"itemListElement\":[{\"@type\":\"ListItem\",\"position\":1,\"name\":\"Home\",\"item\":\"https:\/\/adrianaarronte.com.es\/\"},{\"@type\":\"ListItem\",\"position\":2,\"name\":\"OBRAS\",\"item\":\"https:\/\/adrianaarronte.com.es\/index.php\/obras\/\"},{\"@type\":\"ListItem\",\"position\":3,\"name\":\"Objetos\",\"item\":\"https:\/\/adrianaarronte.com.es\/index.php\/obras\/objetos-objects\/\"},{\"@type\":\"ListItem\",\"position\":4,\"name\":\"Rectificaci\u00f3n\"}]},{\"@type\":\"WebSite\",\"@id\":\"https:\/\/adrianaarronte.com.es\/#website\",\"url\":\"https:\/\/adrianaarronte.com.es\/\",\"name\":\"ADRIANA ARRONTE\",\"description\":\"\",\"potentialAction\":[{\"@type\":\"SearchAction\",\"target\":{\"@type\":\"EntryPoint\",\"urlTemplate\":\"https:\/\/adrianaarronte.com.es\/?s={search_term_string}\"},\"query-input\":\"required name=search_term_string\"}],\"inLanguage\":\"es\"}]}<\/script>\n<!-- \/ Yoast SEO plugin. -->","yoast_head_json":{"title":"Rectificaci\u00f3n - ADRIANA ARRONTE","description":"Esta pieza da continuidad a la serie Discurso, en la que cuestiono la oratoria en diferentes esferas de la comunicaci\u00f3n. Empleo pr\u00f3tesis dentales y aparatos de rectificaci\u00f3n. Las texturas rosa pl\u00e1sticas y gotas transparentes tienen la intenci\u00f3n de remitir a mucosas y procesos de salivaci\u00f3n. Rectificar es de sabios, dice una sentencia, aunque puede suponer un proceso de correcciones y escusas interminable.","robots":{"index":"index","follow":"follow","max-snippet":"max-snippet:-1","max-image-preview":"max-image-preview:large","max-video-preview":"max-video-preview:-1"},"canonical":"https:\/\/adrianaarronte.com.es\/index.php\/obras\/objetos-objects\/rectificacion\/","og_locale":"es_ES","og_type":"article","og_title":"Rectificaci\u00f3n - ADRIANA ARRONTE","og_description":"Esta pieza da continuidad a la serie Discurso, en la que cuestiono la oratoria en diferentes esferas de la comunicaci\u00f3n. Empleo pr\u00f3tesis dentales y aparatos de rectificaci\u00f3n. Las texturas rosa pl\u00e1sticas y gotas transparentes tienen la intenci\u00f3n de remitir a mucosas y procesos de salivaci\u00f3n. Rectificar es de sabios, dice una sentencia, aunque puede suponer un proceso de correcciones y escusas interminable.","og_url":"https:\/\/adrianaarronte.com.es\/index.php\/obras\/objetos-objects\/rectificacion\/","og_site_name":"ADRIANA ARRONTE","article_modified_time":"2025-07-14T17:38:02+00:00","og_image":[{"url":"https:\/\/adrianaarronte.com.es\/wp-content\/uploads\/2023\/12\/15x15-rectificacion-2-1024x1024.jpg"}],"twitter_card":"summary_large_image","twitter_misc":{"Tiempo de lectura":"2 minutos"},"schema":{"@context":"https:\/\/schema.org","@graph":[{"@type":"WebPage","@id":"https:\/\/adrianaarronte.com.es\/index.php\/obras\/objetos-objects\/rectificacion\/","url":"https:\/\/adrianaarronte.com.es\/index.php\/obras\/objetos-objects\/rectificacion\/","name":"Rectificaci\u00f3n - ADRIANA ARRONTE","isPartOf":{"@id":"https:\/\/adrianaarronte.com.es\/#website"},"datePublished":"2023-12-12T16:53:17+00:00","dateModified":"2025-07-14T17:38:02+00:00","description":"Esta pieza da continuidad a la serie Discurso, en la que cuestiono la oratoria en diferentes esferas de la comunicaci\u00f3n. Empleo pr\u00f3tesis dentales y aparatos de rectificaci\u00f3n. Las texturas rosa pl\u00e1sticas y gotas transparentes tienen la intenci\u00f3n de remitir a mucosas y procesos de salivaci\u00f3n. Rectificar es de sabios, dice una sentencia, aunque puede suponer un proceso de correcciones y escusas interminable.","breadcrumb":{"@id":"https:\/\/adrianaarronte.com.es\/index.php\/obras\/objetos-objects\/rectificacion\/#breadcrumb"},"inLanguage":"es","potentialAction":[{"@type":"ReadAction","target":["https:\/\/adrianaarronte.com.es\/index.php\/obras\/objetos-objects\/rectificacion\/"]}]},{"@type":"BreadcrumbList","@id":"https:\/\/adrianaarronte.com.es\/index.php\/obras\/objetos-objects\/rectificacion\/#breadcrumb","itemListElement":[{"@type":"ListItem","position":1,"name":"Home","item":"https:\/\/adrianaarronte.com.es\/"},{"@type":"ListItem","position":2,"name":"OBRAS","item":"https:\/\/adrianaarronte.com.es\/index.php\/obras\/"},{"@type":"ListItem","position":3,"name":"Objetos","item":"https:\/\/adrianaarronte.com.es\/index.php\/obras\/objetos-objects\/"},{"@type":"ListItem","position":4,"name":"Rectificaci\u00f3n"}]},{"@type":"WebSite","@id":"https:\/\/adrianaarronte.com.es\/#website","url":"https:\/\/adrianaarronte.com.es\/","name":"ADRIANA ARRONTE","description":"","potentialAction":[{"@type":"SearchAction","target":{"@type":"EntryPoint","urlTemplate":"https:\/\/adrianaarronte.com.es\/?s={search_term_string}"},"query-input":"required name=search_term_string"}],"inLanguage":"es"}]}},"_links":{"self":[{"href":"https:\/\/adrianaarronte.com.es\/index.php\/wp-json\/wp\/v2\/pages\/749","targetHints":{"allow":["GET"]}}],"collection":[{"href":"https:\/\/adrianaarronte.com.es\/index.php\/wp-json\/wp\/v2\/pages"}],"about":[{"href":"https:\/\/adrianaarronte.com.es\/index.php\/wp-json\/wp\/v2\/types\/page"}],"author":[{"embeddable":true,"href":"https:\/\/adrianaarronte.com.es\/index.php\/wp-json\/wp\/v2\/users\/1"}],"replies":[{"embeddable":true,"href":"https:\/\/adrianaarronte.com.es\/index.php\/wp-json\/wp\/v2\/comments?post=749"}],"version-history":[{"count":5,"href":"https:\/\/adrianaarronte.com.es\/index.php\/wp-json\/wp\/v2\/pages\/749\/revisions"}],"predecessor-version":[{"id":2260,"href":"https:\/\/adrianaarronte.com.es\/index.php\/wp-json\/wp\/v2\/pages\/749\/revisions\/2260"}],"up":[{"embeddable":true,"href":"https:\/\/adrianaarronte.com.es\/index.php\/wp-json\/wp\/v2\/pages\/125"}],"wp:attachment":[{"href":"https:\/\/adrianaarronte.com.es\/index.php\/wp-json\/wp\/v2\/media?parent=749"}],"curies":[{"name":"wp","href":"https:\/\/api.w.org\/{rel}","templated":true}]}}