{"id":756,"date":"2023-12-12T18:04:29","date_gmt":"2023-12-12T17:04:29","guid":{"rendered":"https:\/\/adrianaarronte.com.es\/?page_id=756"},"modified":"2025-07-14T17:33:00","modified_gmt":"2025-07-14T15:33:00","slug":"hemoglobina","status":"publish","type":"page","link":"https:\/\/adrianaarronte.com.es\/index.php\/obras\/objetos-objects\/hemoglobina\/","title":{"rendered":"Hemoglobina"},"content":{"rendered":"\n<div class=\"wp-block-columns is-layout-flex wp-container-core-columns-is-layout-9d6595d7 wp-block-columns-is-layout-flex\">\n<div class=\"wp-block-column is-layout-flow wp-block-column-is-layout-flow\">\n<p class=\"has-small-font-size\"><strong>HEMOGLOBINA<\/strong> | <strong>HEMOGLOBIN<\/strong><br>2008<br>Instalaci\u00f3n y objeto: bandera cubana cocida a mano | Installation and object: Hand cooked cuban flag.<br>Nylon e hilo de nylon | Nylon and nylon thread<br>Dimensiones de la bandera: 6 x 3 m | Flag Size: 6 x 3 m<\/p>\n\n\n\n<p class=\"has-small-font-size\">Bandera cubana, exenta del color y la opacidad que la convierten en l\u00edmite visual del horizonte. Esta bandera de nylon permit\u00eda ver a trav\u00e9s de s\u00ed, y su color cambiaba seg\u00fan la ubicaci\u00f3n en que se encontrara,&nbsp; el movimiento de las nubes y los objetos que cruzaran su marco o la posici\u00f3n del observador.<\/p>\n\n\n\n<p class=\"has-nv-c-1-color has-text-color has-link-color has-small-font-size wp-elements-3e5b67039b3cd0c87bbcb574fefc101e\">The Cuban flag, devoid of color and opacity that rendered it as a visual boundary of the horizon. This clear plastic flag allowed you to see though it and its color would change depending on its location, the moving clouds and objects in the background, or the viewing angle.<\/p>\n<\/div>\n\n\n\n<div class=\"wp-block-column is-layout-flow wp-block-column-is-layout-flow\">\n<figure class=\"wp-block-gallery has-nested-images columns-default is-cropped wp-block-gallery-1 is-layout-flex wp-block-gallery-is-layout-flex\">\n<figure class=\"wp-block-image size-large\"><img loading=\"lazy\" decoding=\"async\" width=\"1024\" height=\"680\" data-id=\"762\" src=\"https:\/\/adrianaarronte.com.es\/wp-content\/uploads\/2023\/12\/pagina-web-de-hemoglobina-1024x680.jpg\" alt=\"\" class=\"wp-image-762\" srcset=\"https:\/\/adrianaarronte.com.es\/wp-content\/uploads\/2023\/12\/pagina-web-de-hemoglobina-1024x680.jpg 1024w, https:\/\/adrianaarronte.com.es\/wp-content\/uploads\/2023\/12\/pagina-web-de-hemoglobina-300x199.jpg 300w, https:\/\/adrianaarronte.com.es\/wp-content\/uploads\/2023\/12\/pagina-web-de-hemoglobina-768x510.jpg 768w, https:\/\/adrianaarronte.com.es\/wp-content\/uploads\/2023\/12\/pagina-web-de-hemoglobina-1536x1020.jpg 1536w, https:\/\/adrianaarronte.com.es\/wp-content\/uploads\/2023\/12\/pagina-web-de-hemoglobina.jpg 2000w\" sizes=\"auto, (max-width: 1024px) 100vw, 1024px\" \/><\/figure>\n<\/figure>\n<\/div>\n<\/div>\n\n\n\n<div class=\"wp-block-columns is-layout-flex wp-container-core-columns-is-layout-9d6595d7 wp-block-columns-is-layout-flex\">\n<div class=\"wp-block-column is-layout-flow wp-block-column-is-layout-flow\">\n<figure class=\"wp-block-gallery has-nested-images columns-default is-cropped wp-block-gallery-2 is-layout-flex wp-block-gallery-is-layout-flex\">\n<figure class=\"wp-block-image size-large\"><a href=\"https:\/\/adrianaarronte.com.es\/wp-content\/uploads\/2025\/07\/Hemoglobina-02.jpg\"><img loading=\"lazy\" decoding=\"async\" width=\"640\" height=\"425\" data-id=\"2264\" src=\"https:\/\/adrianaarronte.com.es\/wp-content\/uploads\/2025\/07\/Hemoglobina-02.jpg\" alt=\"\" class=\"wp-image-2264\" srcset=\"https:\/\/adrianaarronte.com.es\/wp-content\/uploads\/2025\/07\/Hemoglobina-02.jpg 640w, https:\/\/adrianaarronte.com.es\/wp-content\/uploads\/2025\/07\/Hemoglobina-02-300x199.jpg 300w\" sizes=\"auto, (max-width: 640px) 100vw, 640px\" \/><\/a><\/figure>\n<\/figure>\n<\/div>\n\n\n\n<div class=\"wp-block-column is-layout-flow wp-block-column-is-layout-flow\">\n<figure class=\"wp-block-gallery has-nested-images columns-default is-cropped wp-block-gallery-3 is-layout-flex wp-block-gallery-is-layout-flex\">\n<figure class=\"wp-block-image size-large\"><a href=\"https:\/\/adrianaarronte.com.es\/wp-content\/uploads\/2025\/07\/Adriana.Hemoglobina3-scaled.jpg\"><img loading=\"lazy\" decoding=\"async\" width=\"1024\" height=\"680\" data-id=\"2265\" src=\"https:\/\/adrianaarronte.com.es\/wp-content\/uploads\/2025\/07\/Adriana.Hemoglobina3-1024x680.jpg\" alt=\"\" class=\"wp-image-2265\" srcset=\"https:\/\/adrianaarronte.com.es\/wp-content\/uploads\/2025\/07\/Adriana.Hemoglobina3-1024x680.jpg 1024w, https:\/\/adrianaarronte.com.es\/wp-content\/uploads\/2025\/07\/Adriana.Hemoglobina3-300x199.jpg 300w, https:\/\/adrianaarronte.com.es\/wp-content\/uploads\/2025\/07\/Adriana.Hemoglobina3-768x510.jpg 768w, https:\/\/adrianaarronte.com.es\/wp-content\/uploads\/2025\/07\/Adriana.Hemoglobina3-1536x1020.jpg 1536w, https:\/\/adrianaarronte.com.es\/wp-content\/uploads\/2025\/07\/Adriana.Hemoglobina3-2048x1360.jpg 2048w\" sizes=\"auto, (max-width: 1024px) 100vw, 1024px\" \/><\/a><\/figure>\n<\/figure>\n<\/div>\n<\/div>\n\n\n\n<div class=\"wp-block-columns is-layout-flex wp-container-core-columns-is-layout-9d6595d7 wp-block-columns-is-layout-flex\">\n<div class=\"wp-block-column is-layout-flow wp-block-column-is-layout-flow\">\n<figure class=\"wp-block-gallery has-nested-images columns-default is-cropped wp-block-gallery-4 is-layout-flex wp-block-gallery-is-layout-flex\">\n<figure class=\"wp-block-image size-large\"><a href=\"https:\/\/adrianaarronte.com.es\/wp-content\/uploads\/2025\/07\/Hemoglobina-06.jpg\"><img loading=\"lazy\" decoding=\"async\" width=\"640\" height=\"425\" data-id=\"2267\" src=\"https:\/\/adrianaarronte.com.es\/wp-content\/uploads\/2025\/07\/Hemoglobina-06.jpg\" alt=\"\" class=\"wp-image-2267\" srcset=\"https:\/\/adrianaarronte.com.es\/wp-content\/uploads\/2025\/07\/Hemoglobina-06.jpg 640w, https:\/\/adrianaarronte.com.es\/wp-content\/uploads\/2025\/07\/Hemoglobina-06-300x199.jpg 300w\" sizes=\"auto, (max-width: 640px) 100vw, 640px\" \/><\/a><\/figure>\n<\/figure>\n<\/div>\n\n\n\n<div class=\"wp-block-column is-layout-flow wp-block-column-is-layout-flow\">\n<figure class=\"wp-block-gallery has-nested-images columns-default is-cropped wp-block-gallery-5 is-layout-flex wp-block-gallery-is-layout-flex\">\n<figure class=\"wp-block-image size-full\"><img loading=\"lazy\" decoding=\"async\" width=\"640\" height=\"425\" data-id=\"2270\" src=\"https:\/\/adrianaarronte.com.es\/wp-content\/uploads\/2025\/07\/Hemoglobina-03-1.jpg\" alt=\"\" class=\"wp-image-2270\" srcset=\"https:\/\/adrianaarronte.com.es\/wp-content\/uploads\/2025\/07\/Hemoglobina-03-1.jpg 640w, https:\/\/adrianaarronte.com.es\/wp-content\/uploads\/2025\/07\/Hemoglobina-03-1-300x199.jpg 300w\" sizes=\"auto, (max-width: 640px) 100vw, 640px\" \/><\/figure>\n<\/figure>\n<\/div>\n<\/div>\n","protected":false},"excerpt":{"rendered":"<p>HEMOGLOBINA | HEMOGLOBIN2008Instalaci\u00f3n y objeto: bandera cubana cocida a mano | Installation and object: Hand cooked cuban flag.Nylon e hilo de nylon | Nylon and nylon threadDimensiones de la bandera: 6 x 3 m | Flag Size: 6 x 3 m Bandera cubana, exenta del color y la opacidad que la convierten en l\u00edmite visual&hellip;&nbsp;<a href=\"https:\/\/adrianaarronte.com.es\/index.php\/obras\/objetos-objects\/hemoglobina\/\" rel=\"bookmark\"><span class=\"screen-reader-text\">Hemoglobina<\/span><\/a><\/p>\n","protected":false},"author":1,"featured_media":0,"parent":125,"menu_order":9,"comment_status":"closed","ping_status":"closed","template":"","meta":{"neve_meta_sidebar":"","neve_meta_container":"","neve_meta_enable_content_width":"","neve_meta_content_width":0,"neve_meta_title_alignment":"","neve_meta_author_avatar":"","neve_post_elements_order":"","neve_meta_disable_header":"","neve_meta_disable_footer":"","neve_meta_disable_title":"on","footnotes":""},"class_list":["post-756","page","type-page","status-publish","hentry"],"yoast_head":"<!-- This site is optimized with the Yoast SEO plugin v21.6 - https:\/\/yoast.com\/wordpress\/plugins\/seo\/ -->\n<title>Hemoglobina - ADRIANA ARRONTE<\/title>\n<meta name=\"description\" content=\"Bandera cubana, exenta del color y la opacidad que la convierten en l\u00edmite visual del horizonte. Esta bandera de nylon permit\u00eda ver a trav\u00e9s de s\u00ed, y su color cambiaba seg\u00fan la ubicaci\u00f3n en que se encontrara,\u00a0 el movimiento de las nubes y los objetos que cruzaran su marco o la posici\u00f3n del observador.\" \/>\n<meta name=\"robots\" content=\"index, follow, max-snippet:-1, max-image-preview:large, max-video-preview:-1\" \/>\n<link rel=\"canonical\" href=\"https:\/\/adrianaarronte.com.es\/index.php\/obras\/objetos-objects\/hemoglobina\/\" \/>\n<meta property=\"og:locale\" content=\"es_ES\" \/>\n<meta property=\"og:type\" content=\"article\" \/>\n<meta property=\"og:title\" content=\"Hemoglobina - ADRIANA ARRONTE\" \/>\n<meta property=\"og:description\" content=\"Bandera cubana, exenta del color y la opacidad que la convierten en l\u00edmite visual del horizonte. Esta bandera de nylon permit\u00eda ver a trav\u00e9s de s\u00ed, y su color cambiaba seg\u00fan la ubicaci\u00f3n en que se encontrara,\u00a0 el movimiento de las nubes y los objetos que cruzaran su marco o la posici\u00f3n del observador.\" \/>\n<meta property=\"og:url\" content=\"https:\/\/adrianaarronte.com.es\/index.php\/obras\/objetos-objects\/hemoglobina\/\" \/>\n<meta property=\"og:site_name\" content=\"ADRIANA ARRONTE\" \/>\n<meta property=\"article:modified_time\" content=\"2025-07-14T15:33:00+00:00\" \/>\n<meta property=\"og:image\" content=\"https:\/\/adrianaarronte.com.es\/wp-content\/uploads\/2023\/12\/pagina-web-de-hemoglobina-1024x680.jpg\" \/>\n<meta name=\"twitter:card\" content=\"summary_large_image\" \/>\n<meta name=\"twitter:label1\" content=\"Tiempo de lectura\" \/>\n\t<meta name=\"twitter:data1\" content=\"2 minutos\" \/>\n<script type=\"application\/ld+json\" class=\"yoast-schema-graph\">{\"@context\":\"https:\/\/schema.org\",\"@graph\":[{\"@type\":\"WebPage\",\"@id\":\"https:\/\/adrianaarronte.com.es\/index.php\/obras\/objetos-objects\/hemoglobina\/\",\"url\":\"https:\/\/adrianaarronte.com.es\/index.php\/obras\/objetos-objects\/hemoglobina\/\",\"name\":\"Hemoglobina - ADRIANA ARRONTE\",\"isPartOf\":{\"@id\":\"https:\/\/adrianaarronte.com.es\/#website\"},\"datePublished\":\"2023-12-12T17:04:29+00:00\",\"dateModified\":\"2025-07-14T15:33:00+00:00\",\"description\":\"Bandera cubana, exenta del color y la opacidad que la convierten en l\u00edmite visual del horizonte. Esta bandera de nylon permit\u00eda ver a trav\u00e9s de s\u00ed, y su color cambiaba seg\u00fan la ubicaci\u00f3n en que se encontrara,\u00a0 el movimiento de las nubes y los objetos que cruzaran su marco o la posici\u00f3n del observador.\",\"breadcrumb\":{\"@id\":\"https:\/\/adrianaarronte.com.es\/index.php\/obras\/objetos-objects\/hemoglobina\/#breadcrumb\"},\"inLanguage\":\"es\",\"potentialAction\":[{\"@type\":\"ReadAction\",\"target\":[\"https:\/\/adrianaarronte.com.es\/index.php\/obras\/objetos-objects\/hemoglobina\/\"]}]},{\"@type\":\"BreadcrumbList\",\"@id\":\"https:\/\/adrianaarronte.com.es\/index.php\/obras\/objetos-objects\/hemoglobina\/#breadcrumb\",\"itemListElement\":[{\"@type\":\"ListItem\",\"position\":1,\"name\":\"Home\",\"item\":\"https:\/\/adrianaarronte.com.es\/\"},{\"@type\":\"ListItem\",\"position\":2,\"name\":\"OBRAS\",\"item\":\"https:\/\/adrianaarronte.com.es\/index.php\/obras\/\"},{\"@type\":\"ListItem\",\"position\":3,\"name\":\"Objetos\",\"item\":\"https:\/\/adrianaarronte.com.es\/index.php\/obras\/objetos-objects\/\"},{\"@type\":\"ListItem\",\"position\":4,\"name\":\"Hemoglobina\"}]},{\"@type\":\"WebSite\",\"@id\":\"https:\/\/adrianaarronte.com.es\/#website\",\"url\":\"https:\/\/adrianaarronte.com.es\/\",\"name\":\"ADRIANA ARRONTE\",\"description\":\"\",\"potentialAction\":[{\"@type\":\"SearchAction\",\"target\":{\"@type\":\"EntryPoint\",\"urlTemplate\":\"https:\/\/adrianaarronte.com.es\/?s={search_term_string}\"},\"query-input\":\"required name=search_term_string\"}],\"inLanguage\":\"es\"}]}<\/script>\n<!-- \/ Yoast SEO plugin. -->","yoast_head_json":{"title":"Hemoglobina - ADRIANA ARRONTE","description":"Bandera cubana, exenta del color y la opacidad que la convierten en l\u00edmite visual del horizonte. Esta bandera de nylon permit\u00eda ver a trav\u00e9s de s\u00ed, y su color cambiaba seg\u00fan la ubicaci\u00f3n en que se encontrara,\u00a0 el movimiento de las nubes y los objetos que cruzaran su marco o la posici\u00f3n del observador.","robots":{"index":"index","follow":"follow","max-snippet":"max-snippet:-1","max-image-preview":"max-image-preview:large","max-video-preview":"max-video-preview:-1"},"canonical":"https:\/\/adrianaarronte.com.es\/index.php\/obras\/objetos-objects\/hemoglobina\/","og_locale":"es_ES","og_type":"article","og_title":"Hemoglobina - ADRIANA ARRONTE","og_description":"Bandera cubana, exenta del color y la opacidad que la convierten en l\u00edmite visual del horizonte. Esta bandera de nylon permit\u00eda ver a trav\u00e9s de s\u00ed, y su color cambiaba seg\u00fan la ubicaci\u00f3n en que se encontrara,\u00a0 el movimiento de las nubes y los objetos que cruzaran su marco o la posici\u00f3n del observador.","og_url":"https:\/\/adrianaarronte.com.es\/index.php\/obras\/objetos-objects\/hemoglobina\/","og_site_name":"ADRIANA ARRONTE","article_modified_time":"2025-07-14T15:33:00+00:00","og_image":[{"url":"https:\/\/adrianaarronte.com.es\/wp-content\/uploads\/2023\/12\/pagina-web-de-hemoglobina-1024x680.jpg"}],"twitter_card":"summary_large_image","twitter_misc":{"Tiempo de lectura":"2 minutos"},"schema":{"@context":"https:\/\/schema.org","@graph":[{"@type":"WebPage","@id":"https:\/\/adrianaarronte.com.es\/index.php\/obras\/objetos-objects\/hemoglobina\/","url":"https:\/\/adrianaarronte.com.es\/index.php\/obras\/objetos-objects\/hemoglobina\/","name":"Hemoglobina - ADRIANA ARRONTE","isPartOf":{"@id":"https:\/\/adrianaarronte.com.es\/#website"},"datePublished":"2023-12-12T17:04:29+00:00","dateModified":"2025-07-14T15:33:00+00:00","description":"Bandera cubana, exenta del color y la opacidad que la convierten en l\u00edmite visual del horizonte. Esta bandera de nylon permit\u00eda ver a trav\u00e9s de s\u00ed, y su color cambiaba seg\u00fan la ubicaci\u00f3n en que se encontrara,\u00a0 el movimiento de las nubes y los objetos que cruzaran su marco o la posici\u00f3n del observador.","breadcrumb":{"@id":"https:\/\/adrianaarronte.com.es\/index.php\/obras\/objetos-objects\/hemoglobina\/#breadcrumb"},"inLanguage":"es","potentialAction":[{"@type":"ReadAction","target":["https:\/\/adrianaarronte.com.es\/index.php\/obras\/objetos-objects\/hemoglobina\/"]}]},{"@type":"BreadcrumbList","@id":"https:\/\/adrianaarronte.com.es\/index.php\/obras\/objetos-objects\/hemoglobina\/#breadcrumb","itemListElement":[{"@type":"ListItem","position":1,"name":"Home","item":"https:\/\/adrianaarronte.com.es\/"},{"@type":"ListItem","position":2,"name":"OBRAS","item":"https:\/\/adrianaarronte.com.es\/index.php\/obras\/"},{"@type":"ListItem","position":3,"name":"Objetos","item":"https:\/\/adrianaarronte.com.es\/index.php\/obras\/objetos-objects\/"},{"@type":"ListItem","position":4,"name":"Hemoglobina"}]},{"@type":"WebSite","@id":"https:\/\/adrianaarronte.com.es\/#website","url":"https:\/\/adrianaarronte.com.es\/","name":"ADRIANA ARRONTE","description":"","potentialAction":[{"@type":"SearchAction","target":{"@type":"EntryPoint","urlTemplate":"https:\/\/adrianaarronte.com.es\/?s={search_term_string}"},"query-input":"required name=search_term_string"}],"inLanguage":"es"}]}},"_links":{"self":[{"href":"https:\/\/adrianaarronte.com.es\/index.php\/wp-json\/wp\/v2\/pages\/756","targetHints":{"allow":["GET"]}}],"collection":[{"href":"https:\/\/adrianaarronte.com.es\/index.php\/wp-json\/wp\/v2\/pages"}],"about":[{"href":"https:\/\/adrianaarronte.com.es\/index.php\/wp-json\/wp\/v2\/types\/page"}],"author":[{"embeddable":true,"href":"https:\/\/adrianaarronte.com.es\/index.php\/wp-json\/wp\/v2\/users\/1"}],"replies":[{"embeddable":true,"href":"https:\/\/adrianaarronte.com.es\/index.php\/wp-json\/wp\/v2\/comments?post=756"}],"version-history":[{"count":7,"href":"https:\/\/adrianaarronte.com.es\/index.php\/wp-json\/wp\/v2\/pages\/756\/revisions"}],"predecessor-version":[{"id":2271,"href":"https:\/\/adrianaarronte.com.es\/index.php\/wp-json\/wp\/v2\/pages\/756\/revisions\/2271"}],"up":[{"embeddable":true,"href":"https:\/\/adrianaarronte.com.es\/index.php\/wp-json\/wp\/v2\/pages\/125"}],"wp:attachment":[{"href":"https:\/\/adrianaarronte.com.es\/index.php\/wp-json\/wp\/v2\/media?parent=756"}],"curies":[{"name":"wp","href":"https:\/\/api.w.org\/{rel}","templated":true}]}}