{"id":767,"date":"2023-12-12T18:35:22","date_gmt":"2023-12-12T17:35:22","guid":{"rendered":"https:\/\/adrianaarronte.com.es\/?page_id=767"},"modified":"2025-08-21T13:17:36","modified_gmt":"2025-08-21T11:17:36","slug":"transformacion-de-la-materia","status":"publish","type":"page","link":"https:\/\/adrianaarronte.com.es\/index.php\/obras\/dibujos-drawings\/transformacion-de-la-materia\/","title":{"rendered":"Transformaci\u00f3n de la materia"},"content":{"rendered":"\n<div class=\"wp-block-columns is-layout-flex wp-container-core-columns-is-layout-9d6595d7 wp-block-columns-is-layout-flex\">\n<div class=\"wp-block-column is-layout-flow wp-block-column-is-layout-flow\">\n<p class=\"has-small-font-size\"><strong>SERIE TRANSFORMACI\u00d3N DE LA MATERIA | THE TRANSFORMATION OF MATTER<\/strong><br>2018<br>Bisuter\u00eda, monedas, metal y marco de madera | Imitation jewerly, coins, metal, wooden frame.<\/p>\n\n\n\n<p class=\"has-small-font-size\">Concebir la materia desde un sentido hol\u00edstico y establecer relaciones<br>de s\u00edmbolos, que construyen ciclos y cadenas de poder, de alimentaci\u00f3n<br>o evoluci\u00f3n, es la esencia de esta serie. Acontece la transformaci\u00f3n entendida como proceso de cambio donde el poder se revierte y se crea, a su vez, el cuestionamiento de las jerarqu\u00edas institucionalizadas.<\/p>\n\n\n\n<p class=\"has-nv-c-1-color has-text-color has-link-color has-small-font-size wp-elements-7b4a3650fe3056d9ca5f0cb33be72fe9\">The essence of this series is to conceive matter in a holistic sense and establish relations of symbols that build cycles and power, feeding or evolutionary chains. The transformation takes place as a process of change, where power is reverted and, in turn emerges the questioning of the institutionalized hierarchies.<\/p>\n<\/div>\n\n\n\n<div class=\"wp-block-column is-layout-flow wp-block-column-is-layout-flow\">\n<figure class=\"wp-block-gallery has-nested-images columns-default is-cropped wp-block-gallery-1 is-layout-flex wp-block-gallery-is-layout-flex\">\n<figure class=\"wp-block-image size-large\"><a href=\"https:\/\/adrianaarronte.com.es\/index.php\/obras\/dibujos-drawings\/transformacion-de-la-materia\/serie-transformacion-de-la-materia\/\"><img loading=\"lazy\" decoding=\"async\" width=\"1024\" height=\"813\" data-id=\"1249\" src=\"https:\/\/adrianaarronte.com.es\/wp-content\/uploads\/2024\/05\/Serie-Transformacion-de-la-materia-1024x813.jpg\" alt=\"\" class=\"wp-image-1249\" srcset=\"https:\/\/adrianaarronte.com.es\/wp-content\/uploads\/2024\/05\/Serie-Transformacion-de-la-materia-1024x813.jpg 1024w, https:\/\/adrianaarronte.com.es\/wp-content\/uploads\/2024\/05\/Serie-Transformacion-de-la-materia-300x238.jpg 300w, https:\/\/adrianaarronte.com.es\/wp-content\/uploads\/2024\/05\/Serie-Transformacion-de-la-materia-768x610.jpg 768w, https:\/\/adrianaarronte.com.es\/wp-content\/uploads\/2024\/05\/Serie-Transformacion-de-la-materia-1536x1220.jpg 1536w, https:\/\/adrianaarronte.com.es\/wp-content\/uploads\/2024\/05\/Serie-Transformacion-de-la-materia-2048x1627.jpg 2048w\" sizes=\"auto, (max-width: 1024px) 100vw, 1024px\" \/><\/a><\/figure>\n<\/figure>\n<\/div>\n<\/div>\n\n\n\n<div class=\"wp-block-columns is-layout-flex wp-container-core-columns-is-layout-9d6595d7 wp-block-columns-is-layout-flex\">\n<div class=\"wp-block-column is-layout-flow wp-block-column-is-layout-flow\">\n<div class=\"wp-block-columns is-layout-flex wp-container-core-columns-is-layout-9d6595d7 wp-block-columns-is-layout-flex\">\n<div class=\"wp-block-column is-layout-flow wp-block-column-is-layout-flow\">\n<figure class=\"wp-block-gallery has-nested-images columns-default is-cropped wp-block-gallery-2 is-layout-flex wp-block-gallery-is-layout-flex\">\n<figure class=\"wp-block-image size-large\"><a href=\"https:\/\/adrianaarronte.com.es\/index.php\/obras\/dibujos-drawings\/transformacion-de-la-materia\/subterfugio-serie-transformacion-de-la-materia\/\"><img loading=\"lazy\" decoding=\"async\" width=\"1024\" height=\"1022\" data-id=\"1248\" src=\"https:\/\/adrianaarronte.com.es\/wp-content\/uploads\/2024\/05\/subterfugio-Serie-Transformacion-de-la-materia-1024x1022.jpg\" alt=\"\" class=\"wp-image-1248\" srcset=\"https:\/\/adrianaarronte.com.es\/wp-content\/uploads\/2024\/05\/subterfugio-Serie-Transformacion-de-la-materia-1024x1022.jpg 1024w, https:\/\/adrianaarronte.com.es\/wp-content\/uploads\/2024\/05\/subterfugio-Serie-Transformacion-de-la-materia-300x300.jpg 300w, https:\/\/adrianaarronte.com.es\/wp-content\/uploads\/2024\/05\/subterfugio-Serie-Transformacion-de-la-materia-150x150.jpg 150w, https:\/\/adrianaarronte.com.es\/wp-content\/uploads\/2024\/05\/subterfugio-Serie-Transformacion-de-la-materia-768x767.jpg 768w, https:\/\/adrianaarronte.com.es\/wp-content\/uploads\/2024\/05\/subterfugio-Serie-Transformacion-de-la-materia-1536x1533.jpg 1536w, https:\/\/adrianaarronte.com.es\/wp-content\/uploads\/2024\/05\/subterfugio-Serie-Transformacion-de-la-materia.jpg 1600w\" sizes=\"auto, (max-width: 1024px) 100vw, 1024px\" \/><\/a><figcaption class=\"wp-element-caption\">Subterfugio | subterfuge<\/figcaption><\/figure>\n<\/figure>\n<\/div>\n\n\n\n<div class=\"wp-block-column is-layout-flow wp-block-column-is-layout-flow\">\n<figure class=\"wp-block-gallery has-nested-images columns-default is-cropped wp-block-gallery-3 is-layout-flex wp-block-gallery-is-layout-flex\">\n<figure class=\"wp-block-image size-large\"><a href=\"https:\/\/adrianaarronte.com.es\/index.php\/obras\/dibujos-drawings\/transformacion-de-la-materia\/tierra-serie-transformacion-de-la-materia-1\/\"><img loading=\"lazy\" decoding=\"async\" width=\"1024\" height=\"1024\" data-id=\"1253\" src=\"https:\/\/adrianaarronte.com.es\/wp-content\/uploads\/2024\/05\/Tierra.-Serie-Transformacion-de-la-materia-1-1024x1024.jpg\" alt=\"\" class=\"wp-image-1253\" srcset=\"https:\/\/adrianaarronte.com.es\/wp-content\/uploads\/2024\/05\/Tierra.-Serie-Transformacion-de-la-materia-1-1024x1024.jpg 1024w, https:\/\/adrianaarronte.com.es\/wp-content\/uploads\/2024\/05\/Tierra.-Serie-Transformacion-de-la-materia-1-300x300.jpg 300w, https:\/\/adrianaarronte.com.es\/wp-content\/uploads\/2024\/05\/Tierra.-Serie-Transformacion-de-la-materia-1-150x150.jpg 150w, https:\/\/adrianaarronte.com.es\/wp-content\/uploads\/2024\/05\/Tierra.-Serie-Transformacion-de-la-materia-1-768x768.jpg 768w, https:\/\/adrianaarronte.com.es\/wp-content\/uploads\/2024\/05\/Tierra.-Serie-Transformacion-de-la-materia-1.jpg 1080w\" sizes=\"auto, (max-width: 1024px) 100vw, 1024px\" \/><\/a><figcaption class=\"wp-element-caption\">Tierra | Land<\/figcaption><\/figure>\n<\/figure>\n<\/div>\n<\/div>\n<\/div>\n\n\n\n<div class=\"wp-block-column is-layout-flow wp-block-column-is-layout-flow\">\n<div class=\"wp-block-columns is-layout-flex wp-container-core-columns-is-layout-9d6595d7 wp-block-columns-is-layout-flex\">\n<div class=\"wp-block-column is-layout-flow wp-block-column-is-layout-flow\">\n<figure class=\"wp-block-gallery has-nested-images columns-default is-cropped wp-block-gallery-4 is-layout-flex wp-block-gallery-is-layout-flex\">\n<figure class=\"wp-block-image size-large\"><a href=\"https:\/\/adrianaarronte.com.es\/index.php\/obras\/dibujos-drawings\/transformacion-de-la-materia\/conversion-1\/\"><img loading=\"lazy\" decoding=\"async\" width=\"1024\" height=\"1024\" data-id=\"1255\" src=\"https:\/\/adrianaarronte.com.es\/wp-content\/uploads\/2024\/05\/conversion-1-1024x1024.jpg\" alt=\"\" class=\"wp-image-1255\" srcset=\"https:\/\/adrianaarronte.com.es\/wp-content\/uploads\/2024\/05\/conversion-1-1024x1024.jpg 1024w, https:\/\/adrianaarronte.com.es\/wp-content\/uploads\/2024\/05\/conversion-1-300x300.jpg 300w, https:\/\/adrianaarronte.com.es\/wp-content\/uploads\/2024\/05\/conversion-1-150x150.jpg 150w, https:\/\/adrianaarronte.com.es\/wp-content\/uploads\/2024\/05\/conversion-1-768x768.jpg 768w, https:\/\/adrianaarronte.com.es\/wp-content\/uploads\/2024\/05\/conversion-1.jpg 1080w\" sizes=\"auto, (max-width: 1024px) 100vw, 1024px\" \/><\/a><figcaption class=\"wp-element-caption\">Conversi\u00f3n | Conversion<\/figcaption><\/figure>\n<\/figure>\n<\/div>\n\n\n\n<div class=\"wp-block-column is-layout-flow wp-block-column-is-layout-flow\">\n<figure class=\"wp-block-gallery has-nested-images columns-default is-cropped wp-block-gallery-5 is-layout-flex wp-block-gallery-is-layout-flex\">\n<figure class=\"wp-block-image size-large\"><a href=\"https:\/\/adrianaarronte.com.es\/index.php\/obras\/dibujos-drawings\/transformacion-de-la-materia\/biosfera-atmosfera-y-estratosfera-serie-transformacion-de-la-materia\/\"><img loading=\"lazy\" decoding=\"async\" width=\"800\" height=\"797\" data-id=\"1257\" src=\"https:\/\/adrianaarronte.com.es\/wp-content\/uploads\/2024\/05\/Biosfera-atmosfera-y-estratosfera.-Serie-Transformacion-de-la-materia.jpg\" alt=\"\" class=\"wp-image-1257\" srcset=\"https:\/\/adrianaarronte.com.es\/wp-content\/uploads\/2024\/05\/Biosfera-atmosfera-y-estratosfera.-Serie-Transformacion-de-la-materia.jpg 800w, https:\/\/adrianaarronte.com.es\/wp-content\/uploads\/2024\/05\/Biosfera-atmosfera-y-estratosfera.-Serie-Transformacion-de-la-materia-300x300.jpg 300w, https:\/\/adrianaarronte.com.es\/wp-content\/uploads\/2024\/05\/Biosfera-atmosfera-y-estratosfera.-Serie-Transformacion-de-la-materia-150x150.jpg 150w, https:\/\/adrianaarronte.com.es\/wp-content\/uploads\/2024\/05\/Biosfera-atmosfera-y-estratosfera.-Serie-Transformacion-de-la-materia-768x765.jpg 768w\" sizes=\"auto, (max-width: 800px) 100vw, 800px\" \/><\/a><figcaption class=\"wp-element-caption\">Biosfera, atm\u00f3sfera y estratosfera <\/figcaption><\/figure>\n<\/figure>\n<\/div>\n<\/div>\n<\/div>\n<\/div>\n\n\n\n<div class=\"wp-block-columns is-layout-flex wp-container-core-columns-is-layout-9d6595d7 wp-block-columns-is-layout-flex\">\n<div class=\"wp-block-column is-layout-flow wp-block-column-is-layout-flow\">\n<figure class=\"wp-block-gallery has-nested-images columns-default is-cropped wp-block-gallery-6 is-layout-flex wp-block-gallery-is-layout-flex\">\n<figure class=\"wp-block-image size-large\"><a href=\"https:\/\/adrianaarronte.com.es\/wp-content\/uploads\/2025\/08\/Ascension-Serie-Transformacion-Serie-Transformacion.jpg\"><img loading=\"lazy\" decoding=\"async\" width=\"1001\" height=\"500\" data-id=\"2728\" src=\"https:\/\/adrianaarronte.com.es\/wp-content\/uploads\/2025\/08\/Ascension-Serie-Transformacion-Serie-Transformacion.jpg\" alt=\"\" class=\"wp-image-2728\" srcset=\"https:\/\/adrianaarronte.com.es\/wp-content\/uploads\/2025\/08\/Ascension-Serie-Transformacion-Serie-Transformacion.jpg 1001w, https:\/\/adrianaarronte.com.es\/wp-content\/uploads\/2025\/08\/Ascension-Serie-Transformacion-Serie-Transformacion-300x150.jpg 300w, https:\/\/adrianaarronte.com.es\/wp-content\/uploads\/2025\/08\/Ascension-Serie-Transformacion-Serie-Transformacion-768x384.jpg 768w\" sizes=\"auto, (max-width: 1001px) 100vw, 1001px\" \/><\/a><figcaption class=\"wp-element-caption\">Ascensi\u00f3n | Ascension<\/figcaption><\/figure>\n<\/figure>\n<\/div>\n\n\n\n<div class=\"wp-block-column is-layout-flow wp-block-column-is-layout-flow\">\n<figure class=\"wp-block-gallery has-nested-images columns-default is-cropped wp-block-gallery-7 is-layout-flex wp-block-gallery-is-layout-flex\">\n<figure class=\"wp-block-image size-large\"><a href=\"https:\/\/adrianaarronte.com.es\/wp-content\/uploads\/2025\/08\/Descenso-de-la-serie-Transformacion.jpg\"><img loading=\"lazy\" decoding=\"async\" width=\"853\" height=\"500\" data-id=\"2729\" src=\"https:\/\/adrianaarronte.com.es\/wp-content\/uploads\/2025\/08\/Descenso-de-la-serie-Transformacion.jpg\" alt=\"\" class=\"wp-image-2729\" srcset=\"https:\/\/adrianaarronte.com.es\/wp-content\/uploads\/2025\/08\/Descenso-de-la-serie-Transformacion.jpg 853w, https:\/\/adrianaarronte.com.es\/wp-content\/uploads\/2025\/08\/Descenso-de-la-serie-Transformacion-300x176.jpg 300w, https:\/\/adrianaarronte.com.es\/wp-content\/uploads\/2025\/08\/Descenso-de-la-serie-Transformacion-768x450.jpg 768w\" sizes=\"auto, (max-width: 853px) 100vw, 853px\" \/><\/a><figcaption class=\"wp-element-caption\">Descenso  | Decline<\/figcaption><\/figure>\n<\/figure>\n<\/div>\n<\/div>\n\n\n\n<p><\/p>\n","protected":false},"excerpt":{"rendered":"<p>SERIE TRANSFORMACI\u00d3N DE LA MATERIA | THE TRANSFORMATION OF MATTER2018Bisuter\u00eda, monedas, metal y marco de madera | Imitation jewerly, coins, metal, wooden frame. Concebir la materia desde un sentido hol\u00edstico y establecer relacionesde s\u00edmbolos, que construyen ciclos y cadenas de poder, de alimentaci\u00f3no evoluci\u00f3n, es la esencia de esta serie. Acontece la transformaci\u00f3n entendida como&hellip;&nbsp;<a href=\"https:\/\/adrianaarronte.com.es\/index.php\/obras\/dibujos-drawings\/transformacion-de-la-materia\/\" rel=\"bookmark\"><span class=\"screen-reader-text\">Transformaci\u00f3n de la materia<\/span><\/a><\/p>\n","protected":false},"author":1,"featured_media":0,"parent":129,"menu_order":5,"comment_status":"closed","ping_status":"closed","template":"","meta":{"neve_meta_sidebar":"","neve_meta_container":"","neve_meta_enable_content_width":"","neve_meta_content_width":0,"neve_meta_title_alignment":"","neve_meta_author_avatar":"","neve_post_elements_order":"","neve_meta_disable_header":"","neve_meta_disable_footer":"","neve_meta_disable_title":"on","footnotes":""},"class_list":["post-767","page","type-page","status-publish","hentry"],"yoast_head":"<!-- This site is optimized with the Yoast SEO plugin v21.6 - https:\/\/yoast.com\/wordpress\/plugins\/seo\/ -->\n<title>Transformaci\u00f3n de la materia - ADRIANA ARRONTE<\/title>\n<meta name=\"description\" content=\"Concebir la materia desde un sentido hol\u00edstico y establecer relacionesde s\u00edmbolos, que construyen ciclos y cadenas de poder, de alimentaci\u00f3no evoluci\u00f3n, es la esencia de esta serie. Acontece la transformaci\u00f3n entendida como proceso de cambio donde el poder se revierte y se crea, a su vez, el cuestionamiento de las jerarqu\u00edas institucionalizadas.\" \/>\n<meta name=\"robots\" content=\"index, follow, max-snippet:-1, max-image-preview:large, max-video-preview:-1\" \/>\n<link rel=\"canonical\" href=\"https:\/\/adrianaarronte.com.es\/index.php\/obras\/dibujos-drawings\/transformacion-de-la-materia\/\" \/>\n<meta property=\"og:locale\" content=\"es_ES\" \/>\n<meta property=\"og:type\" content=\"article\" \/>\n<meta property=\"og:title\" content=\"Transformaci\u00f3n de la materia - ADRIANA ARRONTE\" \/>\n<meta property=\"og:description\" content=\"Concebir la materia desde un sentido hol\u00edstico y establecer relacionesde s\u00edmbolos, que construyen ciclos y cadenas de poder, de alimentaci\u00f3no evoluci\u00f3n, es la esencia de esta serie. Acontece la transformaci\u00f3n entendida como proceso de cambio donde el poder se revierte y se crea, a su vez, el cuestionamiento de las jerarqu\u00edas institucionalizadas.\" \/>\n<meta property=\"og:url\" content=\"https:\/\/adrianaarronte.com.es\/index.php\/obras\/dibujos-drawings\/transformacion-de-la-materia\/\" \/>\n<meta property=\"og:site_name\" content=\"ADRIANA ARRONTE\" \/>\n<meta property=\"article:modified_time\" content=\"2025-08-21T11:17:36+00:00\" \/>\n<meta property=\"og:image\" content=\"https:\/\/adrianaarronte.com.es\/wp-content\/uploads\/2024\/05\/Serie-Transformacion-de-la-materia-1024x813.jpg\" \/>\n<meta name=\"twitter:card\" content=\"summary_large_image\" \/>\n<meta name=\"twitter:label1\" content=\"Tiempo de lectura\" \/>\n\t<meta name=\"twitter:data1\" content=\"3 minutos\" \/>\n<script type=\"application\/ld+json\" class=\"yoast-schema-graph\">{\"@context\":\"https:\/\/schema.org\",\"@graph\":[{\"@type\":\"WebPage\",\"@id\":\"https:\/\/adrianaarronte.com.es\/index.php\/obras\/dibujos-drawings\/transformacion-de-la-materia\/\",\"url\":\"https:\/\/adrianaarronte.com.es\/index.php\/obras\/dibujos-drawings\/transformacion-de-la-materia\/\",\"name\":\"Transformaci\u00f3n de la materia - ADRIANA ARRONTE\",\"isPartOf\":{\"@id\":\"https:\/\/adrianaarronte.com.es\/#website\"},\"datePublished\":\"2023-12-12T17:35:22+00:00\",\"dateModified\":\"2025-08-21T11:17:36+00:00\",\"description\":\"Concebir la materia desde un sentido hol\u00edstico y establecer relacionesde s\u00edmbolos, que construyen ciclos y cadenas de poder, de alimentaci\u00f3no evoluci\u00f3n, es la esencia de esta serie. Acontece la transformaci\u00f3n entendida como proceso de cambio donde el poder se revierte y se crea, a su vez, el cuestionamiento de las jerarqu\u00edas institucionalizadas.\",\"breadcrumb\":{\"@id\":\"https:\/\/adrianaarronte.com.es\/index.php\/obras\/dibujos-drawings\/transformacion-de-la-materia\/#breadcrumb\"},\"inLanguage\":\"es\",\"potentialAction\":[{\"@type\":\"ReadAction\",\"target\":[\"https:\/\/adrianaarronte.com.es\/index.php\/obras\/dibujos-drawings\/transformacion-de-la-materia\/\"]}]},{\"@type\":\"BreadcrumbList\",\"@id\":\"https:\/\/adrianaarronte.com.es\/index.php\/obras\/dibujos-drawings\/transformacion-de-la-materia\/#breadcrumb\",\"itemListElement\":[{\"@type\":\"ListItem\",\"position\":1,\"name\":\"Home\",\"item\":\"https:\/\/adrianaarronte.com.es\/\"},{\"@type\":\"ListItem\",\"position\":2,\"name\":\"OBRAS\",\"item\":\"https:\/\/adrianaarronte.com.es\/index.php\/obras\/\"},{\"@type\":\"ListItem\",\"position\":3,\"name\":\"Dibujos\",\"item\":\"https:\/\/adrianaarronte.com.es\/index.php\/obras\/dibujos-drawings\/\"},{\"@type\":\"ListItem\",\"position\":4,\"name\":\"Transformaci\u00f3n de la materia\"}]},{\"@type\":\"WebSite\",\"@id\":\"https:\/\/adrianaarronte.com.es\/#website\",\"url\":\"https:\/\/adrianaarronte.com.es\/\",\"name\":\"ADRIANA ARRONTE\",\"description\":\"\",\"potentialAction\":[{\"@type\":\"SearchAction\",\"target\":{\"@type\":\"EntryPoint\",\"urlTemplate\":\"https:\/\/adrianaarronte.com.es\/?s={search_term_string}\"},\"query-input\":\"required name=search_term_string\"}],\"inLanguage\":\"es\"}]}<\/script>\n<!-- \/ Yoast SEO plugin. -->","yoast_head_json":{"title":"Transformaci\u00f3n de la materia - ADRIANA ARRONTE","description":"Concebir la materia desde un sentido hol\u00edstico y establecer relacionesde s\u00edmbolos, que construyen ciclos y cadenas de poder, de alimentaci\u00f3no evoluci\u00f3n, es la esencia de esta serie. Acontece la transformaci\u00f3n entendida como proceso de cambio donde el poder se revierte y se crea, a su vez, el cuestionamiento de las jerarqu\u00edas institucionalizadas.","robots":{"index":"index","follow":"follow","max-snippet":"max-snippet:-1","max-image-preview":"max-image-preview:large","max-video-preview":"max-video-preview:-1"},"canonical":"https:\/\/adrianaarronte.com.es\/index.php\/obras\/dibujos-drawings\/transformacion-de-la-materia\/","og_locale":"es_ES","og_type":"article","og_title":"Transformaci\u00f3n de la materia - ADRIANA ARRONTE","og_description":"Concebir la materia desde un sentido hol\u00edstico y establecer relacionesde s\u00edmbolos, que construyen ciclos y cadenas de poder, de alimentaci\u00f3no evoluci\u00f3n, es la esencia de esta serie. Acontece la transformaci\u00f3n entendida como proceso de cambio donde el poder se revierte y se crea, a su vez, el cuestionamiento de las jerarqu\u00edas institucionalizadas.","og_url":"https:\/\/adrianaarronte.com.es\/index.php\/obras\/dibujos-drawings\/transformacion-de-la-materia\/","og_site_name":"ADRIANA ARRONTE","article_modified_time":"2025-08-21T11:17:36+00:00","og_image":[{"url":"https:\/\/adrianaarronte.com.es\/wp-content\/uploads\/2024\/05\/Serie-Transformacion-de-la-materia-1024x813.jpg"}],"twitter_card":"summary_large_image","twitter_misc":{"Tiempo de lectura":"3 minutos"},"schema":{"@context":"https:\/\/schema.org","@graph":[{"@type":"WebPage","@id":"https:\/\/adrianaarronte.com.es\/index.php\/obras\/dibujos-drawings\/transformacion-de-la-materia\/","url":"https:\/\/adrianaarronte.com.es\/index.php\/obras\/dibujos-drawings\/transformacion-de-la-materia\/","name":"Transformaci\u00f3n de la materia - ADRIANA ARRONTE","isPartOf":{"@id":"https:\/\/adrianaarronte.com.es\/#website"},"datePublished":"2023-12-12T17:35:22+00:00","dateModified":"2025-08-21T11:17:36+00:00","description":"Concebir la materia desde un sentido hol\u00edstico y establecer relacionesde s\u00edmbolos, que construyen ciclos y cadenas de poder, de alimentaci\u00f3no evoluci\u00f3n, es la esencia de esta serie. Acontece la transformaci\u00f3n entendida como proceso de cambio donde el poder se revierte y se crea, a su vez, el cuestionamiento de las jerarqu\u00edas institucionalizadas.","breadcrumb":{"@id":"https:\/\/adrianaarronte.com.es\/index.php\/obras\/dibujos-drawings\/transformacion-de-la-materia\/#breadcrumb"},"inLanguage":"es","potentialAction":[{"@type":"ReadAction","target":["https:\/\/adrianaarronte.com.es\/index.php\/obras\/dibujos-drawings\/transformacion-de-la-materia\/"]}]},{"@type":"BreadcrumbList","@id":"https:\/\/adrianaarronte.com.es\/index.php\/obras\/dibujos-drawings\/transformacion-de-la-materia\/#breadcrumb","itemListElement":[{"@type":"ListItem","position":1,"name":"Home","item":"https:\/\/adrianaarronte.com.es\/"},{"@type":"ListItem","position":2,"name":"OBRAS","item":"https:\/\/adrianaarronte.com.es\/index.php\/obras\/"},{"@type":"ListItem","position":3,"name":"Dibujos","item":"https:\/\/adrianaarronte.com.es\/index.php\/obras\/dibujos-drawings\/"},{"@type":"ListItem","position":4,"name":"Transformaci\u00f3n de la materia"}]},{"@type":"WebSite","@id":"https:\/\/adrianaarronte.com.es\/#website","url":"https:\/\/adrianaarronte.com.es\/","name":"ADRIANA ARRONTE","description":"","potentialAction":[{"@type":"SearchAction","target":{"@type":"EntryPoint","urlTemplate":"https:\/\/adrianaarronte.com.es\/?s={search_term_string}"},"query-input":"required name=search_term_string"}],"inLanguage":"es"}]}},"_links":{"self":[{"href":"https:\/\/adrianaarronte.com.es\/index.php\/wp-json\/wp\/v2\/pages\/767","targetHints":{"allow":["GET"]}}],"collection":[{"href":"https:\/\/adrianaarronte.com.es\/index.php\/wp-json\/wp\/v2\/pages"}],"about":[{"href":"https:\/\/adrianaarronte.com.es\/index.php\/wp-json\/wp\/v2\/types\/page"}],"author":[{"embeddable":true,"href":"https:\/\/adrianaarronte.com.es\/index.php\/wp-json\/wp\/v2\/users\/1"}],"replies":[{"embeddable":true,"href":"https:\/\/adrianaarronte.com.es\/index.php\/wp-json\/wp\/v2\/comments?post=767"}],"version-history":[{"count":12,"href":"https:\/\/adrianaarronte.com.es\/index.php\/wp-json\/wp\/v2\/pages\/767\/revisions"}],"predecessor-version":[{"id":2734,"href":"https:\/\/adrianaarronte.com.es\/index.php\/wp-json\/wp\/v2\/pages\/767\/revisions\/2734"}],"up":[{"embeddable":true,"href":"https:\/\/adrianaarronte.com.es\/index.php\/wp-json\/wp\/v2\/pages\/129"}],"wp:attachment":[{"href":"https:\/\/adrianaarronte.com.es\/index.php\/wp-json\/wp\/v2\/media?parent=767"}],"curies":[{"name":"wp","href":"https:\/\/api.w.org\/{rel}","templated":true}]}}