{"id":807,"date":"2023-12-22T20:24:27","date_gmt":"2023-12-22T19:24:27","guid":{"rendered":"https:\/\/adrianaarronte.com.es\/?page_id=807"},"modified":"2025-08-28T16:25:45","modified_gmt":"2025-08-28T14:25:45","slug":"implantes-trasplantes-y-migraciones","status":"publish","type":"page","link":"https:\/\/adrianaarronte.com.es\/index.php\/obras\/objetos-objects\/implantes-trasplantes-y-migraciones\/","title":{"rendered":"Implantes trasplantes y migraciones"},"content":{"rendered":"\n<div class=\"wp-block-columns is-layout-flex wp-container-core-columns-is-layout-9d6595d7 wp-block-columns-is-layout-flex\">\n<div class=\"wp-block-column is-layout-flow wp-block-column-is-layout-flow\">\n<figure class=\"wp-block-gallery has-nested-images columns-default is-cropped wp-block-gallery-1 is-layout-flex wp-block-gallery-is-layout-flex\">\n<figure class=\"wp-block-image size-full\"><a href=\"https:\/\/adrianaarronte.com.es\/index.php\/obras\/objetos-objects\/implantes-trasplantes-y-migraciones\/web2-implantes-transplantes\/\"><img loading=\"lazy\" decoding=\"async\" width=\"798\" height=\"589\" data-id=\"809\" src=\"https:\/\/adrianaarronte.com.es\/wp-content\/uploads\/2023\/12\/web2-implantes-transplantes.jpg\" alt=\"\" class=\"wp-image-809\" srcset=\"https:\/\/adrianaarronte.com.es\/wp-content\/uploads\/2023\/12\/web2-implantes-transplantes.jpg 798w, https:\/\/adrianaarronte.com.es\/wp-content\/uploads\/2023\/12\/web2-implantes-transplantes-300x221.jpg 300w, https:\/\/adrianaarronte.com.es\/wp-content\/uploads\/2023\/12\/web2-implantes-transplantes-768x567.jpg 768w\" sizes=\"auto, (max-width: 798px) 100vw, 798px\" \/><\/a><\/figure>\n<\/figure>\n<\/div>\n\n\n\n<div class=\"wp-block-column is-layout-flow wp-block-column-is-layout-flow\">\n<p class=\"has-small-font-size\">IMPLANTES TRASPLANTES Y MIGRACIONES | TRANSPLANT IMPLANTS AND MIGRATIONS<br>2019<br>Cer\u00e1mica | Ceramics<br>Dimensiones aproximadas: 40 x 35 cm<\/p>\n\n\n\n<p class=\"has-small-font-size\">Comprendo el b\u00facaro como una pr\u00f3tesis de la flor, alegor\u00eda del destierro o la migraci\u00f3n que la planta sufre al ser re ubicada, la modificaci\u00f3n est\u00e9tica artificial; entre otros aspectos que pueden ser motivados fundamentalmente por el empleo hist\u00f3rico esencial del objeto b\u00facaro.<\/p>\n\n\n\n<p class=\"has-nv-c-1-color has-text-color has-link-color has-small-font-size wp-elements-6826883f23a2b6acdde2c3104e9d216c\">I understand the vase as a prosthesis of the flower, allegory of the exile or the migration that the plant undergoes when being relocated, the artificial aesthetic modification; among other aspects that can be motivated fundamentally by the essential historical use of the vase object.<\/p>\n\n\n\n<p class=\"has-small-font-size\">Se exhibi\u00f3 en una instalaci\u00f3n junto a la obra&nbsp;<strong><a href=\"https:\/\/adrianaarronte.com.es\/index.php\/obras\/dibujos-drawings\/culto-y-sacrificio-2\/\">CULTO Y SACRIFICIO<\/a><\/strong>\/ It was exhibited in an installation together with the work&nbsp;<strong><a href=\"https:\/\/adrianaarronte.com.es\/index.php\/obras\/dibujos-drawings\/culto-y-sacrificio-2\/\"><strong>WORSHIP AND SACRIFICE<\/strong><\/a><\/strong>.<\/p>\n<\/div>\n<\/div>\n\n\n\n<div class=\"wp-block-columns is-layout-flex wp-container-core-columns-is-layout-9d6595d7 wp-block-columns-is-layout-flex\">\n<div class=\"wp-block-column is-layout-flow wp-block-column-is-layout-flow\">\n<figure class=\"wp-block-gallery has-nested-images columns-default is-cropped wp-block-gallery-2 is-layout-flex wp-block-gallery-is-layout-flex\">\n<figure class=\"wp-block-image size-large\"><a href=\"https:\/\/adrianaarronte.com.es\/index.php\/obras\/objetos-objects\/implantes-trasplantes-y-migraciones\/polinisadores-1080x1080-1\/\"><img loading=\"lazy\" decoding=\"async\" width=\"864\" height=\"864\" data-id=\"815\" src=\"https:\/\/adrianaarronte.com.es\/wp-content\/uploads\/2023\/12\/polinisadores-1080x1080-1.jpg\" alt=\"\" class=\"wp-image-815\" srcset=\"https:\/\/adrianaarronte.com.es\/wp-content\/uploads\/2023\/12\/polinisadores-1080x1080-1.jpg 864w, https:\/\/adrianaarronte.com.es\/wp-content\/uploads\/2023\/12\/polinisadores-1080x1080-1-300x300.jpg 300w, https:\/\/adrianaarronte.com.es\/wp-content\/uploads\/2023\/12\/polinisadores-1080x1080-1-150x150.jpg 150w, https:\/\/adrianaarronte.com.es\/wp-content\/uploads\/2023\/12\/polinisadores-1080x1080-1-768x768.jpg 768w\" sizes=\"auto, (max-width: 864px) 100vw, 864px\" \/><\/a><figcaption class=\"wp-element-caption\">Polinizadores\/ olivo\/ Monte Olimpo<\/figcaption><\/figure>\n<\/figure>\n<\/div>\n\n\n\n<div class=\"wp-block-column is-layout-flow wp-block-column-is-layout-flow\">\n<figure class=\"wp-block-gallery has-nested-images columns-default is-cropped wp-block-gallery-3 is-layout-flex wp-block-gallery-is-layout-flex\">\n<figure class=\"wp-block-image size-large\"><a href=\"https:\/\/adrianaarronte.com.es\/index.php\/obras\/objetos-objects\/implantes-trasplantes-y-migraciones\/raiz-1080x1080-1\/\"><img loading=\"lazy\" decoding=\"async\" width=\"864\" height=\"864\" data-id=\"816\" src=\"https:\/\/adrianaarronte.com.es\/wp-content\/uploads\/2023\/12\/Raiz-1080x1080-1.jpg\" alt=\"\" class=\"wp-image-816\" srcset=\"https:\/\/adrianaarronte.com.es\/wp-content\/uploads\/2023\/12\/Raiz-1080x1080-1.jpg 864w, https:\/\/adrianaarronte.com.es\/wp-content\/uploads\/2023\/12\/Raiz-1080x1080-1-300x300.jpg 300w, https:\/\/adrianaarronte.com.es\/wp-content\/uploads\/2023\/12\/Raiz-1080x1080-1-150x150.jpg 150w, https:\/\/adrianaarronte.com.es\/wp-content\/uploads\/2023\/12\/Raiz-1080x1080-1-768x768.jpg 768w\" sizes=\"auto, (max-width: 864px) 100vw, 864px\" \/><\/a><figcaption class=\"wp-element-caption\">Ra\u00edz\/ lirio\/ Cenote Chich\u00e9n Itz\u00e1<\/figcaption><\/figure>\n<\/figure>\n<\/div>\n\n\n\n<div class=\"wp-block-column is-layout-flow wp-block-column-is-layout-flow\">\n<figure class=\"wp-block-gallery has-nested-images columns-default is-cropped wp-block-gallery-4 is-layout-flex wp-block-gallery-is-layout-flex\">\n<figure class=\"wp-block-image size-large\"><a href=\"https:\/\/adrianaarronte.com.es\/index.php\/obras\/objetos-objects\/implantes-trasplantes-y-migraciones\/tierra-1080x1080-1\/\"><img loading=\"lazy\" decoding=\"async\" width=\"864\" height=\"864\" data-id=\"817\" src=\"https:\/\/adrianaarronte.com.es\/wp-content\/uploads\/2023\/12\/tierra-1080x1080-1.jpg\" alt=\"\" class=\"wp-image-817\" srcset=\"https:\/\/adrianaarronte.com.es\/wp-content\/uploads\/2023\/12\/tierra-1080x1080-1.jpg 864w, https:\/\/adrianaarronte.com.es\/wp-content\/uploads\/2023\/12\/tierra-1080x1080-1-300x300.jpg 300w, https:\/\/adrianaarronte.com.es\/wp-content\/uploads\/2023\/12\/tierra-1080x1080-1-150x150.jpg 150w, https:\/\/adrianaarronte.com.es\/wp-content\/uploads\/2023\/12\/tierra-1080x1080-1-768x768.jpg 768w\" sizes=\"auto, (max-width: 864px) 100vw, 864px\" \/><\/a><figcaption class=\"wp-element-caption\">Tierra \/ palmera\/ Monte Sina\u00ed<\/figcaption><\/figure>\n<\/figure>\n<\/div>\n<\/div>\n\n\n\n<p><\/p>\n","protected":false},"excerpt":{"rendered":"<p>IMPLANTES TRASPLANTES Y MIGRACIONES | TRANSPLANT IMPLANTS AND MIGRATIONS2019Cer\u00e1mica | CeramicsDimensiones aproximadas: 40 x 35 cm Comprendo el b\u00facaro como una pr\u00f3tesis de la flor, alegor\u00eda del destierro o la migraci\u00f3n que la planta sufre al ser re ubicada, la modificaci\u00f3n est\u00e9tica artificial; entre otros aspectos que pueden ser motivados fundamentalmente por el empleo hist\u00f3rico&hellip;&nbsp;<a href=\"https:\/\/adrianaarronte.com.es\/index.php\/obras\/objetos-objects\/implantes-trasplantes-y-migraciones\/\" rel=\"bookmark\"><span class=\"screen-reader-text\">Implantes trasplantes y migraciones<\/span><\/a><\/p>\n","protected":false},"author":1,"featured_media":0,"parent":125,"menu_order":10,"comment_status":"closed","ping_status":"closed","template":"","meta":{"neve_meta_sidebar":"","neve_meta_container":"","neve_meta_enable_content_width":"","neve_meta_content_width":0,"neve_meta_title_alignment":"","neve_meta_author_avatar":"","neve_post_elements_order":"","neve_meta_disable_header":"","neve_meta_disable_footer":"","neve_meta_disable_title":"on","footnotes":""},"class_list":["post-807","page","type-page","status-publish","hentry"],"yoast_head":"<!-- This site is optimized with the Yoast SEO plugin v21.6 - https:\/\/yoast.com\/wordpress\/plugins\/seo\/ -->\n<title>Implantes trasplantes y migraciones - ADRIANA ARRONTE<\/title>\n<meta name=\"description\" content=\"Comprendo el b\u00facaro como una pr\u00f3tesis de la flor, alegor\u00eda del destierro o la migraci\u00f3n que la planta sufre al ser re ubicada, la modificaci\u00f3n est\u00e9tica artificial; entre otros aspectos que pueden ser motivados fundamentalmente por el empleo hist\u00f3rico esencial del objeto b\u00facaro.\" \/>\n<meta name=\"robots\" content=\"index, follow, max-snippet:-1, max-image-preview:large, max-video-preview:-1\" \/>\n<link rel=\"canonical\" href=\"https:\/\/adrianaarronte.com.es\/index.php\/obras\/objetos-objects\/implantes-trasplantes-y-migraciones\/\" \/>\n<meta property=\"og:locale\" content=\"es_ES\" \/>\n<meta property=\"og:type\" content=\"article\" \/>\n<meta property=\"og:title\" content=\"Implantes trasplantes y migraciones - ADRIANA ARRONTE\" \/>\n<meta property=\"og:description\" content=\"Comprendo el b\u00facaro como una pr\u00f3tesis de la flor, alegor\u00eda del destierro o la migraci\u00f3n que la planta sufre al ser re ubicada, la modificaci\u00f3n est\u00e9tica artificial; entre otros aspectos que pueden ser motivados fundamentalmente por el empleo hist\u00f3rico esencial del objeto b\u00facaro.\" \/>\n<meta property=\"og:url\" content=\"https:\/\/adrianaarronte.com.es\/index.php\/obras\/objetos-objects\/implantes-trasplantes-y-migraciones\/\" \/>\n<meta property=\"og:site_name\" content=\"ADRIANA ARRONTE\" \/>\n<meta property=\"article:modified_time\" content=\"2025-08-28T14:25:45+00:00\" \/>\n<meta property=\"og:image\" content=\"https:\/\/adrianaarronte.com.es\/wp-content\/uploads\/2023\/12\/web2-implantes-transplantes.jpg\" \/>\n<meta name=\"twitter:card\" content=\"summary_large_image\" \/>\n<meta name=\"twitter:label1\" content=\"Tiempo de lectura\" \/>\n\t<meta name=\"twitter:data1\" content=\"2 minutos\" \/>\n<script type=\"application\/ld+json\" class=\"yoast-schema-graph\">{\"@context\":\"https:\/\/schema.org\",\"@graph\":[{\"@type\":\"WebPage\",\"@id\":\"https:\/\/adrianaarronte.com.es\/index.php\/obras\/objetos-objects\/implantes-trasplantes-y-migraciones\/\",\"url\":\"https:\/\/adrianaarronte.com.es\/index.php\/obras\/objetos-objects\/implantes-trasplantes-y-migraciones\/\",\"name\":\"Implantes trasplantes y migraciones - ADRIANA ARRONTE\",\"isPartOf\":{\"@id\":\"https:\/\/adrianaarronte.com.es\/#website\"},\"datePublished\":\"2023-12-22T19:24:27+00:00\",\"dateModified\":\"2025-08-28T14:25:45+00:00\",\"description\":\"Comprendo el b\u00facaro como una pr\u00f3tesis de la flor, alegor\u00eda del destierro o la migraci\u00f3n que la planta sufre al ser re ubicada, la modificaci\u00f3n est\u00e9tica artificial; entre otros aspectos que pueden ser motivados fundamentalmente por el empleo hist\u00f3rico esencial del objeto b\u00facaro.\",\"breadcrumb\":{\"@id\":\"https:\/\/adrianaarronte.com.es\/index.php\/obras\/objetos-objects\/implantes-trasplantes-y-migraciones\/#breadcrumb\"},\"inLanguage\":\"es\",\"potentialAction\":[{\"@type\":\"ReadAction\",\"target\":[\"https:\/\/adrianaarronte.com.es\/index.php\/obras\/objetos-objects\/implantes-trasplantes-y-migraciones\/\"]}]},{\"@type\":\"BreadcrumbList\",\"@id\":\"https:\/\/adrianaarronte.com.es\/index.php\/obras\/objetos-objects\/implantes-trasplantes-y-migraciones\/#breadcrumb\",\"itemListElement\":[{\"@type\":\"ListItem\",\"position\":1,\"name\":\"Home\",\"item\":\"https:\/\/adrianaarronte.com.es\/\"},{\"@type\":\"ListItem\",\"position\":2,\"name\":\"OBRAS\",\"item\":\"https:\/\/adrianaarronte.com.es\/index.php\/obras\/\"},{\"@type\":\"ListItem\",\"position\":3,\"name\":\"Objetos\",\"item\":\"https:\/\/adrianaarronte.com.es\/index.php\/obras\/objetos-objects\/\"},{\"@type\":\"ListItem\",\"position\":4,\"name\":\"Implantes trasplantes y migraciones\"}]},{\"@type\":\"WebSite\",\"@id\":\"https:\/\/adrianaarronte.com.es\/#website\",\"url\":\"https:\/\/adrianaarronte.com.es\/\",\"name\":\"ADRIANA ARRONTE\",\"description\":\"\",\"potentialAction\":[{\"@type\":\"SearchAction\",\"target\":{\"@type\":\"EntryPoint\",\"urlTemplate\":\"https:\/\/adrianaarronte.com.es\/?s={search_term_string}\"},\"query-input\":\"required name=search_term_string\"}],\"inLanguage\":\"es\"}]}<\/script>\n<!-- \/ Yoast SEO plugin. -->","yoast_head_json":{"title":"Implantes trasplantes y migraciones - ADRIANA ARRONTE","description":"Comprendo el b\u00facaro como una pr\u00f3tesis de la flor, alegor\u00eda del destierro o la migraci\u00f3n que la planta sufre al ser re ubicada, la modificaci\u00f3n est\u00e9tica artificial; entre otros aspectos que pueden ser motivados fundamentalmente por el empleo hist\u00f3rico esencial del objeto b\u00facaro.","robots":{"index":"index","follow":"follow","max-snippet":"max-snippet:-1","max-image-preview":"max-image-preview:large","max-video-preview":"max-video-preview:-1"},"canonical":"https:\/\/adrianaarronte.com.es\/index.php\/obras\/objetos-objects\/implantes-trasplantes-y-migraciones\/","og_locale":"es_ES","og_type":"article","og_title":"Implantes trasplantes y migraciones - ADRIANA ARRONTE","og_description":"Comprendo el b\u00facaro como una pr\u00f3tesis de la flor, alegor\u00eda del destierro o la migraci\u00f3n que la planta sufre al ser re ubicada, la modificaci\u00f3n est\u00e9tica artificial; entre otros aspectos que pueden ser motivados fundamentalmente por el empleo hist\u00f3rico esencial del objeto b\u00facaro.","og_url":"https:\/\/adrianaarronte.com.es\/index.php\/obras\/objetos-objects\/implantes-trasplantes-y-migraciones\/","og_site_name":"ADRIANA ARRONTE","article_modified_time":"2025-08-28T14:25:45+00:00","og_image":[{"url":"https:\/\/adrianaarronte.com.es\/wp-content\/uploads\/2023\/12\/web2-implantes-transplantes.jpg"}],"twitter_card":"summary_large_image","twitter_misc":{"Tiempo de lectura":"2 minutos"},"schema":{"@context":"https:\/\/schema.org","@graph":[{"@type":"WebPage","@id":"https:\/\/adrianaarronte.com.es\/index.php\/obras\/objetos-objects\/implantes-trasplantes-y-migraciones\/","url":"https:\/\/adrianaarronte.com.es\/index.php\/obras\/objetos-objects\/implantes-trasplantes-y-migraciones\/","name":"Implantes trasplantes y migraciones - ADRIANA ARRONTE","isPartOf":{"@id":"https:\/\/adrianaarronte.com.es\/#website"},"datePublished":"2023-12-22T19:24:27+00:00","dateModified":"2025-08-28T14:25:45+00:00","description":"Comprendo el b\u00facaro como una pr\u00f3tesis de la flor, alegor\u00eda del destierro o la migraci\u00f3n que la planta sufre al ser re ubicada, la modificaci\u00f3n est\u00e9tica artificial; entre otros aspectos que pueden ser motivados fundamentalmente por el empleo hist\u00f3rico esencial del objeto b\u00facaro.","breadcrumb":{"@id":"https:\/\/adrianaarronte.com.es\/index.php\/obras\/objetos-objects\/implantes-trasplantes-y-migraciones\/#breadcrumb"},"inLanguage":"es","potentialAction":[{"@type":"ReadAction","target":["https:\/\/adrianaarronte.com.es\/index.php\/obras\/objetos-objects\/implantes-trasplantes-y-migraciones\/"]}]},{"@type":"BreadcrumbList","@id":"https:\/\/adrianaarronte.com.es\/index.php\/obras\/objetos-objects\/implantes-trasplantes-y-migraciones\/#breadcrumb","itemListElement":[{"@type":"ListItem","position":1,"name":"Home","item":"https:\/\/adrianaarronte.com.es\/"},{"@type":"ListItem","position":2,"name":"OBRAS","item":"https:\/\/adrianaarronte.com.es\/index.php\/obras\/"},{"@type":"ListItem","position":3,"name":"Objetos","item":"https:\/\/adrianaarronte.com.es\/index.php\/obras\/objetos-objects\/"},{"@type":"ListItem","position":4,"name":"Implantes trasplantes y migraciones"}]},{"@type":"WebSite","@id":"https:\/\/adrianaarronte.com.es\/#website","url":"https:\/\/adrianaarronte.com.es\/","name":"ADRIANA ARRONTE","description":"","potentialAction":[{"@type":"SearchAction","target":{"@type":"EntryPoint","urlTemplate":"https:\/\/adrianaarronte.com.es\/?s={search_term_string}"},"query-input":"required name=search_term_string"}],"inLanguage":"es"}]}},"_links":{"self":[{"href":"https:\/\/adrianaarronte.com.es\/index.php\/wp-json\/wp\/v2\/pages\/807","targetHints":{"allow":["GET"]}}],"collection":[{"href":"https:\/\/adrianaarronte.com.es\/index.php\/wp-json\/wp\/v2\/pages"}],"about":[{"href":"https:\/\/adrianaarronte.com.es\/index.php\/wp-json\/wp\/v2\/types\/page"}],"author":[{"embeddable":true,"href":"https:\/\/adrianaarronte.com.es\/index.php\/wp-json\/wp\/v2\/users\/1"}],"replies":[{"embeddable":true,"href":"https:\/\/adrianaarronte.com.es\/index.php\/wp-json\/wp\/v2\/comments?post=807"}],"version-history":[{"count":10,"href":"https:\/\/adrianaarronte.com.es\/index.php\/wp-json\/wp\/v2\/pages\/807\/revisions"}],"predecessor-version":[{"id":2740,"href":"https:\/\/adrianaarronte.com.es\/index.php\/wp-json\/wp\/v2\/pages\/807\/revisions\/2740"}],"up":[{"embeddable":true,"href":"https:\/\/adrianaarronte.com.es\/index.php\/wp-json\/wp\/v2\/pages\/125"}],"wp:attachment":[{"href":"https:\/\/adrianaarronte.com.es\/index.php\/wp-json\/wp\/v2\/media?parent=807"}],"curies":[{"name":"wp","href":"https:\/\/api.w.org\/{rel}","templated":true}]}}