{"id":937,"date":"2023-12-27T19:06:51","date_gmt":"2023-12-27T18:06:51","guid":{"rendered":"https:\/\/adrianaarronte.com.es\/?page_id=937"},"modified":"2025-07-14T19:16:04","modified_gmt":"2025-07-14T17:16:04","slug":"limbo-2","status":"publish","type":"page","link":"https:\/\/adrianaarronte.com.es\/index.php\/obras\/objetos-objects\/limbo-2\/","title":{"rendered":"Limbo"},"content":{"rendered":"\n<div class=\"wp-block-columns is-layout-flex wp-container-core-columns-is-layout-9d6595d7 wp-block-columns-is-layout-flex\">\n<div class=\"wp-block-column is-layout-flow wp-block-column-is-layout-flow\">\n<p class=\"has-small-font-size\"><strong>LIMBO<\/strong><br>2017<br>Hojas de laurel y metacrilato |Laurel leaves and methacrylate<br>50 x 50 x 3 cm <\/p>\n\n\n\n<p class=\"has-small-font-size\">Corona de laurel con insignias de ej\u00e9rcitos garbadas en sus hojas, en orden cronol\u00f3gico. Los laureles representaban la victoria, la gloria; es una tradici\u00f3n griega que en t\u00e9rminos simb\u00f3licos ha trascendido como emblema de poder, fuerza y \u00e9xito. Esta pieza cuestiona la acci\u00f3n devastadora de las guerras, as\u00ed como su papel en la historia de la humanidad. El termino Limbo proviene del lat\u00edn limbus que significa borde o l\u00edmite, haciendo referencia al &#8216;borde del Infierno&#8217; cristiano. Se denomina limbo a una parte de la anatom\u00eda foliar. En psicolog\u00eda es un \u00e1rea de la memoria, donde se env\u00edan los archivos borrados y en su expresi\u00f3n popular aplicada a la conducta &#8216;estar en el limbo&#8217; implica desconexi\u00f3n de la realidad. <\/p>\n\n\n\n<p class=\"has-nv-c-1-color has-text-color has-link-color has-small-font-size wp-elements-d757fd8b20b847425d1f06f3074ef162\">Laurel crown with army insignia engraved chronologically on the leaves. Laurels represented victory, glory; it is a Greek tradition that symbolically has become an emblem of power, force and success. This piece questions the devastating action of wars as well as their role in the history of humankind. The term Limbo comes from the Latin limbus, which means border or limit; it alludes the border of the Christian hell. The name limbo is given to a part of the anatomy of leaves. In psychology it is a section of the memory, where the erased files are sent. In its popular expression applied to human conduct, \u201cbeing in limbo\u201d involves a disconnection from reality. <br><br><\/p>\n<\/div>\n\n\n\n<div class=\"wp-block-column is-layout-flow wp-block-column-is-layout-flow\">\n<figure class=\"wp-block-gallery has-nested-images columns-default is-cropped wp-block-gallery-1 is-layout-flex wp-block-gallery-is-layout-flex\">\n<figure class=\"wp-block-image size-large\"><img loading=\"lazy\" decoding=\"async\" width=\"1024\" height=\"1024\" data-id=\"943\" src=\"https:\/\/adrianaarronte.com.es\/wp-content\/uploads\/2023\/12\/Limbo-objeto-1-1024x1024.jpg\" alt=\"\" class=\"wp-image-943\" srcset=\"https:\/\/adrianaarronte.com.es\/wp-content\/uploads\/2023\/12\/Limbo-objeto-1-1024x1024.jpg 1024w, https:\/\/adrianaarronte.com.es\/wp-content\/uploads\/2023\/12\/Limbo-objeto-1-300x300.jpg 300w, https:\/\/adrianaarronte.com.es\/wp-content\/uploads\/2023\/12\/Limbo-objeto-1-150x150.jpg 150w, https:\/\/adrianaarronte.com.es\/wp-content\/uploads\/2023\/12\/Limbo-objeto-1-768x768.jpg 768w, https:\/\/adrianaarronte.com.es\/wp-content\/uploads\/2023\/12\/Limbo-objeto-1.jpg 1080w\" sizes=\"auto, (max-width: 1024px) 100vw, 1024px\" \/><\/figure>\n<\/figure>\n<\/div>\n<\/div>\n\n\n\n<p class=\"has-ast-global-color-8-color has-text-color has-link-color has-small-font-size wp-elements-745b9e2995afc945665d546a0a10defa\"><\/p>\n","protected":false},"excerpt":{"rendered":"<p>LIMBO2017Hojas de laurel y metacrilato |Laurel leaves and methacrylate50 x 50 x 3 cm Corona de laurel con insignias de ej\u00e9rcitos garbadas en sus hojas, en orden cronol\u00f3gico. Los laureles representaban la victoria, la gloria; es una tradici\u00f3n griega que en t\u00e9rminos simb\u00f3licos ha trascendido como emblema de poder, fuerza y \u00e9xito. Esta pieza cuestiona&hellip;&nbsp;<a href=\"https:\/\/adrianaarronte.com.es\/index.php\/obras\/objetos-objects\/limbo-2\/\" rel=\"bookmark\"><span class=\"screen-reader-text\">Limbo<\/span><\/a><\/p>\n","protected":false},"author":1,"featured_media":0,"parent":125,"menu_order":11,"comment_status":"closed","ping_status":"closed","template":"","meta":{"neve_meta_sidebar":"","neve_meta_container":"","neve_meta_enable_content_width":"","neve_meta_content_width":0,"neve_meta_title_alignment":"","neve_meta_author_avatar":"","neve_post_elements_order":"","neve_meta_disable_header":"","neve_meta_disable_footer":"","neve_meta_disable_title":"on","footnotes":""},"class_list":["post-937","page","type-page","status-publish","hentry"],"yoast_head":"<!-- This site is optimized with the Yoast SEO plugin v21.6 - https:\/\/yoast.com\/wordpress\/plugins\/seo\/ -->\n<title>Limbo - ADRIANA ARRONTE<\/title>\n<meta name=\"description\" content=\"Corona de laurel con insignias de ej\u00e9rcitos garbadas en sus hojas, en orden cronol\u00f3gico. Los laureles representaban la victoria, la gloria; es una tradici\u00f3n griega que en t\u00e9rminos simb\u00f3licos ha trascendido como emblema de poder, fuerza y \u00e9xito. Esta pieza cuestiona la acci\u00f3n devastadora de las guerras, as\u00ed como su papel en la historia de la humanidad. El termino Limbo proviene del lat\u00edn limbus que significa borde o l\u00edmite, haciendo referencia al &#039;borde del Infierno&#039; cristiano. Se denomina limbo a una parte de la anatom\u00eda foliar. En psicolog\u00eda es un \u00e1rea de la memoria, donde se env\u00edan los archivos borrados y en su expresi\u00f3n popular aplicada a la conducta &#039;estar en el limbo&#039; implica desconexi\u00f3n de la realidad.\" \/>\n<meta name=\"robots\" content=\"index, follow, max-snippet:-1, max-image-preview:large, max-video-preview:-1\" \/>\n<link rel=\"canonical\" href=\"https:\/\/adrianaarronte.com.es\/index.php\/obras\/objetos-objects\/limbo-2\/\" \/>\n<meta property=\"og:locale\" content=\"es_ES\" \/>\n<meta property=\"og:type\" content=\"article\" \/>\n<meta property=\"og:title\" content=\"Limbo - ADRIANA ARRONTE\" \/>\n<meta property=\"og:description\" content=\"Corona de laurel con insignias de ej\u00e9rcitos garbadas en sus hojas, en orden cronol\u00f3gico. Los laureles representaban la victoria, la gloria; es una tradici\u00f3n griega que en t\u00e9rminos simb\u00f3licos ha trascendido como emblema de poder, fuerza y \u00e9xito. Esta pieza cuestiona la acci\u00f3n devastadora de las guerras, as\u00ed como su papel en la historia de la humanidad. El termino Limbo proviene del lat\u00edn limbus que significa borde o l\u00edmite, haciendo referencia al &#039;borde del Infierno&#039; cristiano. Se denomina limbo a una parte de la anatom\u00eda foliar. En psicolog\u00eda es un \u00e1rea de la memoria, donde se env\u00edan los archivos borrados y en su expresi\u00f3n popular aplicada a la conducta &#039;estar en el limbo&#039; implica desconexi\u00f3n de la realidad.\" \/>\n<meta property=\"og:url\" content=\"https:\/\/adrianaarronte.com.es\/index.php\/obras\/objetos-objects\/limbo-2\/\" \/>\n<meta property=\"og:site_name\" content=\"ADRIANA ARRONTE\" \/>\n<meta property=\"article:modified_time\" content=\"2025-07-14T17:16:04+00:00\" \/>\n<meta property=\"og:image\" content=\"https:\/\/adrianaarronte.com.es\/wp-content\/uploads\/2023\/12\/Limbo-objeto-1-1024x1024.jpg\" \/>\n<meta name=\"twitter:card\" content=\"summary_large_image\" \/>\n<meta name=\"twitter:label1\" content=\"Tiempo de lectura\" \/>\n\t<meta name=\"twitter:data1\" content=\"2 minutos\" \/>\n<script type=\"application\/ld+json\" class=\"yoast-schema-graph\">{\"@context\":\"https:\/\/schema.org\",\"@graph\":[{\"@type\":\"WebPage\",\"@id\":\"https:\/\/adrianaarronte.com.es\/index.php\/obras\/objetos-objects\/limbo-2\/\",\"url\":\"https:\/\/adrianaarronte.com.es\/index.php\/obras\/objetos-objects\/limbo-2\/\",\"name\":\"Limbo - ADRIANA ARRONTE\",\"isPartOf\":{\"@id\":\"https:\/\/adrianaarronte.com.es\/#website\"},\"datePublished\":\"2023-12-27T18:06:51+00:00\",\"dateModified\":\"2025-07-14T17:16:04+00:00\",\"description\":\"Corona de laurel con insignias de ej\u00e9rcitos garbadas en sus hojas, en orden cronol\u00f3gico. Los laureles representaban la victoria, la gloria; es una tradici\u00f3n griega que en t\u00e9rminos simb\u00f3licos ha trascendido como emblema de poder, fuerza y \u00e9xito. Esta pieza cuestiona la acci\u00f3n devastadora de las guerras, as\u00ed como su papel en la historia de la humanidad. El termino Limbo proviene del lat\u00edn limbus que significa borde o l\u00edmite, haciendo referencia al 'borde del Infierno' cristiano. Se denomina limbo a una parte de la anatom\u00eda foliar. En psicolog\u00eda es un \u00e1rea de la memoria, donde se env\u00edan los archivos borrados y en su expresi\u00f3n popular aplicada a la conducta 'estar en el limbo' implica desconexi\u00f3n de la realidad.\",\"breadcrumb\":{\"@id\":\"https:\/\/adrianaarronte.com.es\/index.php\/obras\/objetos-objects\/limbo-2\/#breadcrumb\"},\"inLanguage\":\"es\",\"potentialAction\":[{\"@type\":\"ReadAction\",\"target\":[\"https:\/\/adrianaarronte.com.es\/index.php\/obras\/objetos-objects\/limbo-2\/\"]}]},{\"@type\":\"BreadcrumbList\",\"@id\":\"https:\/\/adrianaarronte.com.es\/index.php\/obras\/objetos-objects\/limbo-2\/#breadcrumb\",\"itemListElement\":[{\"@type\":\"ListItem\",\"position\":1,\"name\":\"Home\",\"item\":\"https:\/\/adrianaarronte.com.es\/\"},{\"@type\":\"ListItem\",\"position\":2,\"name\":\"OBRAS\",\"item\":\"https:\/\/adrianaarronte.com.es\/index.php\/obras\/\"},{\"@type\":\"ListItem\",\"position\":3,\"name\":\"Objetos\",\"item\":\"https:\/\/adrianaarronte.com.es\/index.php\/obras\/objetos-objects\/\"},{\"@type\":\"ListItem\",\"position\":4,\"name\":\"Limbo\"}]},{\"@type\":\"WebSite\",\"@id\":\"https:\/\/adrianaarronte.com.es\/#website\",\"url\":\"https:\/\/adrianaarronte.com.es\/\",\"name\":\"ADRIANA ARRONTE\",\"description\":\"\",\"potentialAction\":[{\"@type\":\"SearchAction\",\"target\":{\"@type\":\"EntryPoint\",\"urlTemplate\":\"https:\/\/adrianaarronte.com.es\/?s={search_term_string}\"},\"query-input\":\"required name=search_term_string\"}],\"inLanguage\":\"es\"}]}<\/script>\n<!-- \/ Yoast SEO plugin. -->","yoast_head_json":{"title":"Limbo - ADRIANA ARRONTE","description":"Corona de laurel con insignias de ej\u00e9rcitos garbadas en sus hojas, en orden cronol\u00f3gico. Los laureles representaban la victoria, la gloria; es una tradici\u00f3n griega que en t\u00e9rminos simb\u00f3licos ha trascendido como emblema de poder, fuerza y \u00e9xito. Esta pieza cuestiona la acci\u00f3n devastadora de las guerras, as\u00ed como su papel en la historia de la humanidad. El termino Limbo proviene del lat\u00edn limbus que significa borde o l\u00edmite, haciendo referencia al 'borde del Infierno' cristiano. Se denomina limbo a una parte de la anatom\u00eda foliar. En psicolog\u00eda es un \u00e1rea de la memoria, donde se env\u00edan los archivos borrados y en su expresi\u00f3n popular aplicada a la conducta 'estar en el limbo' implica desconexi\u00f3n de la realidad.","robots":{"index":"index","follow":"follow","max-snippet":"max-snippet:-1","max-image-preview":"max-image-preview:large","max-video-preview":"max-video-preview:-1"},"canonical":"https:\/\/adrianaarronte.com.es\/index.php\/obras\/objetos-objects\/limbo-2\/","og_locale":"es_ES","og_type":"article","og_title":"Limbo - ADRIANA ARRONTE","og_description":"Corona de laurel con insignias de ej\u00e9rcitos garbadas en sus hojas, en orden cronol\u00f3gico. Los laureles representaban la victoria, la gloria; es una tradici\u00f3n griega que en t\u00e9rminos simb\u00f3licos ha trascendido como emblema de poder, fuerza y \u00e9xito. Esta pieza cuestiona la acci\u00f3n devastadora de las guerras, as\u00ed como su papel en la historia de la humanidad. El termino Limbo proviene del lat\u00edn limbus que significa borde o l\u00edmite, haciendo referencia al 'borde del Infierno' cristiano. Se denomina limbo a una parte de la anatom\u00eda foliar. En psicolog\u00eda es un \u00e1rea de la memoria, donde se env\u00edan los archivos borrados y en su expresi\u00f3n popular aplicada a la conducta 'estar en el limbo' implica desconexi\u00f3n de la realidad.","og_url":"https:\/\/adrianaarronte.com.es\/index.php\/obras\/objetos-objects\/limbo-2\/","og_site_name":"ADRIANA ARRONTE","article_modified_time":"2025-07-14T17:16:04+00:00","og_image":[{"url":"https:\/\/adrianaarronte.com.es\/wp-content\/uploads\/2023\/12\/Limbo-objeto-1-1024x1024.jpg"}],"twitter_card":"summary_large_image","twitter_misc":{"Tiempo de lectura":"2 minutos"},"schema":{"@context":"https:\/\/schema.org","@graph":[{"@type":"WebPage","@id":"https:\/\/adrianaarronte.com.es\/index.php\/obras\/objetos-objects\/limbo-2\/","url":"https:\/\/adrianaarronte.com.es\/index.php\/obras\/objetos-objects\/limbo-2\/","name":"Limbo - ADRIANA ARRONTE","isPartOf":{"@id":"https:\/\/adrianaarronte.com.es\/#website"},"datePublished":"2023-12-27T18:06:51+00:00","dateModified":"2025-07-14T17:16:04+00:00","description":"Corona de laurel con insignias de ej\u00e9rcitos garbadas en sus hojas, en orden cronol\u00f3gico. Los laureles representaban la victoria, la gloria; es una tradici\u00f3n griega que en t\u00e9rminos simb\u00f3licos ha trascendido como emblema de poder, fuerza y \u00e9xito. Esta pieza cuestiona la acci\u00f3n devastadora de las guerras, as\u00ed como su papel en la historia de la humanidad. El termino Limbo proviene del lat\u00edn limbus que significa borde o l\u00edmite, haciendo referencia al 'borde del Infierno' cristiano. Se denomina limbo a una parte de la anatom\u00eda foliar. En psicolog\u00eda es un \u00e1rea de la memoria, donde se env\u00edan los archivos borrados y en su expresi\u00f3n popular aplicada a la conducta 'estar en el limbo' implica desconexi\u00f3n de la realidad.","breadcrumb":{"@id":"https:\/\/adrianaarronte.com.es\/index.php\/obras\/objetos-objects\/limbo-2\/#breadcrumb"},"inLanguage":"es","potentialAction":[{"@type":"ReadAction","target":["https:\/\/adrianaarronte.com.es\/index.php\/obras\/objetos-objects\/limbo-2\/"]}]},{"@type":"BreadcrumbList","@id":"https:\/\/adrianaarronte.com.es\/index.php\/obras\/objetos-objects\/limbo-2\/#breadcrumb","itemListElement":[{"@type":"ListItem","position":1,"name":"Home","item":"https:\/\/adrianaarronte.com.es\/"},{"@type":"ListItem","position":2,"name":"OBRAS","item":"https:\/\/adrianaarronte.com.es\/index.php\/obras\/"},{"@type":"ListItem","position":3,"name":"Objetos","item":"https:\/\/adrianaarronte.com.es\/index.php\/obras\/objetos-objects\/"},{"@type":"ListItem","position":4,"name":"Limbo"}]},{"@type":"WebSite","@id":"https:\/\/adrianaarronte.com.es\/#website","url":"https:\/\/adrianaarronte.com.es\/","name":"ADRIANA ARRONTE","description":"","potentialAction":[{"@type":"SearchAction","target":{"@type":"EntryPoint","urlTemplate":"https:\/\/adrianaarronte.com.es\/?s={search_term_string}"},"query-input":"required name=search_term_string"}],"inLanguage":"es"}]}},"_links":{"self":[{"href":"https:\/\/adrianaarronte.com.es\/index.php\/wp-json\/wp\/v2\/pages\/937","targetHints":{"allow":["GET"]}}],"collection":[{"href":"https:\/\/adrianaarronte.com.es\/index.php\/wp-json\/wp\/v2\/pages"}],"about":[{"href":"https:\/\/adrianaarronte.com.es\/index.php\/wp-json\/wp\/v2\/types\/page"}],"author":[{"embeddable":true,"href":"https:\/\/adrianaarronte.com.es\/index.php\/wp-json\/wp\/v2\/users\/1"}],"replies":[{"embeddable":true,"href":"https:\/\/adrianaarronte.com.es\/index.php\/wp-json\/wp\/v2\/comments?post=937"}],"version-history":[{"count":6,"href":"https:\/\/adrianaarronte.com.es\/index.php\/wp-json\/wp\/v2\/pages\/937\/revisions"}],"predecessor-version":[{"id":2281,"href":"https:\/\/adrianaarronte.com.es\/index.php\/wp-json\/wp\/v2\/pages\/937\/revisions\/2281"}],"up":[{"embeddable":true,"href":"https:\/\/adrianaarronte.com.es\/index.php\/wp-json\/wp\/v2\/pages\/125"}],"wp:attachment":[{"href":"https:\/\/adrianaarronte.com.es\/index.php\/wp-json\/wp\/v2\/media?parent=937"}],"curies":[{"name":"wp","href":"https:\/\/api.w.org\/{rel}","templated":true}]}}